{"id":901,"date":"2023-09-01T08:46:56","date_gmt":"2023-09-01T08:46:56","guid":{"rendered":"https:\/\/hydraulic-cylinders.net\/?post_type=product&#038;p=901"},"modified":"2023-09-19T01:27:23","modified_gmt":"2023-09-19T01:27:23","slug":"ta-front-trunnion-type-heavy-rod-hydraulic-cylinder","status":"publish","type":"product","link":"https:\/\/www.hydraulic-cylinders.net\/es\/producto\/ta-front-trunnion-type-heavy-rod-hydraulic-cylinder\/","title":{"rendered":"Cilindro hidr\u00e1ulico de biela pesada tipo mu\u00f1\u00f3n delantero TA"},"content":{"rendered":"<h1 style=\"text-align: center;\"><strong>Cilindro hidr\u00e1ulico de biela pesada tipo mu\u00f1\u00f3n delantero TA<\/strong><\/h1>\n<p>El cilindro hidr\u00e1ulico TA de v\u00e1stago pesado con mu\u00f1\u00f3n delantero es un elemento hidr\u00e1ulico potente y fiable que ofrece un excelente rendimiento en diversas aplicaciones industriales. Gracias a su robusta construcci\u00f3n, ingenier\u00eda precisa y caracter\u00edsticas avanzadas, este cilindro hidr\u00e1ulico destaca en tareas exigentes que requieren fuerza y \u200b\u200bprecisi\u00f3n. Desde maquinaria pesada hasta equipos de manipulaci\u00f3n de materiales, los cilindros hidr\u00e1ulicos TA de v\u00e1stago pesado con mu\u00f1\u00f3n delantero est\u00e1n dise\u00f1ados para proporcionar potencia, control y durabilidad \u00f3ptimos en diversos entornos industriales.<\/p>\n<p>Caracter\u00edsticas principales del cilindro hidr\u00e1ulico de varilla pesada:<\/p>\n<p><strong>Construcci\u00f3n robusta:<\/strong>\u00a0 Los cilindros hidr\u00e1ulicos TA de v\u00e1stago pesado con mu\u00f1\u00f3n frontal presentan un dise\u00f1o integral con materiales de alta calidad, como acero o aleaciones, para soportar cargas pesadas, presiones extremas y condiciones de operaci\u00f3n rigurosas. Su robusta construcci\u00f3n garantiza una larga durabilidad y resistencia al desgaste, la corrosi\u00f3n y los da\u00f1os.<\/p>\n<p><strong>Alta potencia de salida:<\/strong>\u00a0 Este cilindro hidr\u00e1ulico de v\u00e1stago pesado est\u00e1 dise\u00f1ado para proporcionar una fuerza superior, lo que lo hace ideal para aplicaciones que requieren elevaci\u00f3n, empuje o tracci\u00f3n de cargas pesadas. Su gran di\u00e1metro de pist\u00f3n y su capacidad de alta presi\u00f3n le otorgan la resistencia necesaria para realizar tareas exigentes con facilidad.<\/p>\n<p><strong>Control preciso:<\/strong>\u00a0 El cilindro hidr\u00e1ulico de v\u00e1stago pesado tipo mu\u00f1\u00f3n frontal TA proporciona un control preciso del movimiento y posicionamiento de la carga. Su dise\u00f1o avanzado combina componentes mecanizados con precisi\u00f3n, sellos de alta calidad y superficies de v\u00e1stago lisas para garantizar un funcionamiento preciso y confiable.<\/p>\n<p><strong>Montaje del mu\u00f1\u00f3n delantero:<\/strong>\u00a0 El cilindro hidr\u00e1ulico de varilla pesada est\u00e1 dise\u00f1ado con un sistema de montaje de mu\u00f1\u00f3n frontal, que ofrece una opci\u00f3n de montaje segura y flexible. Este sistema permite una f\u00e1cil integraci\u00f3n en diversos sistemas hidr\u00e1ulicos y configuraciones de equipos.<\/p>\n<p><img loading=\"lazy\" decoding=\"async\" class=\"wp-image-907 size-full aligncenter\" src=\"https:\/\/hydraulic-cylinders.net\/wp-content\/uploads\/2023\/09\/ta-front-trunnion-type-heavy-rod-hydraulic-cylinder-1.webp\" alt=\"\" width=\"790\" height=\"240\" srcset=\"https:\/\/hydraulic-cylinders.net\/wp-content\/uploads\/2023\/09\/ta-front-trunnion-type-heavy-rod-hydraulic-cylinder-1.webp 790w, https:\/\/hydraulic-cylinders.net\/wp-content\/uploads\/2023\/09\/ta-front-trunnion-type-heavy-rod-hydraulic-cylinder-1-480x146.webp 480w\" sizes=\"(min-width: 0px) and (max-width: 480px) 480px, (min-width: 481px) 790px, 100vw\" \/><\/p>\n<h2><strong>Cilindro hidr\u00e1ulico de varilla pesada tipo mu\u00f1\u00f3n delantero TA Par\u00e1metros:<\/strong><\/h2>\n<p><img loading=\"lazy\" decoding=\"async\" class=\"alignnone wp-image-906 size-full\" src=\"https:\/\/hydraulic-cylinders.net\/wp-content\/uploads\/2023\/09\/ta-front-trunnion-type-heavy-rod-hydraulic-cylinder-2.webp\" alt=\"\" width=\"790\" height=\"532\" srcset=\"https:\/\/hydraulic-cylinders.net\/wp-content\/uploads\/2023\/09\/ta-front-trunnion-type-heavy-rod-hydraulic-cylinder-2.webp 790w, https:\/\/hydraulic-cylinders.net\/wp-content\/uploads\/2023\/09\/ta-front-trunnion-type-heavy-rod-hydraulic-cylinder-2-480x323.webp 480w\" sizes=\"(min-width: 0px) and (max-width: 480px) 480px, (min-width: 481px) 790px, 100vw\" \/><\/p>\n<h2><strong>Cilindro hidr\u00e1ulico de biela pesada tipo mu\u00f1\u00f3n delantero TA <\/strong><strong>M\u00e9todo de uso<\/strong><strong>:<\/strong><\/h2>\n<p><strong>Montaje<\/strong>Primero, instale con seguridad el cilindro hidr\u00e1ulico de v\u00e1stago pesado tipo mu\u00f1\u00f3n delantero TA en la posici\u00f3n designada utilizando los soportes o accesorios de montaje adecuados. Aseg\u00farese de que la alineaci\u00f3n y la estabilidad sean correctas durante la instalaci\u00f3n para evitar la desalineaci\u00f3n o la tensi\u00f3n del cilindro.<\/p>\n<p><strong>Integraci\u00f3n de sistemas hidr\u00e1ulicos<\/strong>Siga las instrucciones y directrices del fabricante para conectar las l\u00edneas hidr\u00e1ulicas a los puertos del cilindro. El cilindro se integra en el sistema hidr\u00e1ulico mediante un enganche a una bomba o grupo motopropulsor adecuado. Aseg\u00farese de que se cumplan las especificaciones y los requisitos de funcionamiento del cilindro.<\/p>\n<p><strong>Control y operaci\u00f3n<\/strong>La v\u00e1lvula de control del sistema hidr\u00e1ulico regula el flujo de aceite hidr\u00e1ulico que entra y sale del cilindro. Ajuste la configuraci\u00f3n de control seg\u00fan el movimiento lineal y la fuerza de salida deseados. Pruebe el movimiento del cilindro para verificar su funcionamiento y capacidad de respuesta.<\/p>\n<h2><strong>Cilindro hidr\u00e1ulico de biela pesada tipo mu\u00f1\u00f3n delantero TA <\/strong><strong>Mantenimiento<\/strong><strong>:<\/strong><\/h2>\n<p>El mantenimiento regular garantiza un rendimiento \u00f3ptimo y una larga vida \u00fatil de los cilindros hidr\u00e1ulicos de v\u00e1stago pesado tipo mu\u00f1\u00f3n delantero TA. A continuaci\u00f3n, se ofrecen algunas sugerencias de mantenimiento:<\/p>\n<p><strong>Inspecci\u00f3n regular<\/strong>Realice inspecciones de rutina para identificar cualquier signo de desgaste, da\u00f1o o fuga. Revise si hay anomal\u00edas en bloques de cilindros, bielas, sellos y otros componentes. Resuelva cualquier problema con prontitud para evitar m\u00e1s lesiones o ineficiencias operativas.<\/p>\n<p><strong>Lubricaci\u00f3n<\/strong>Aplique el lubricante recomendado a las piezas m\u00f3viles del cilindro, incluyendo las barras de acoplamiento y los sellos. La lubricaci\u00f3n regular minimiza la fricci\u00f3n, reduce el desgaste y garantiza un funcionamiento suave. Utilice el lubricante adecuado seg\u00fan las instrucciones de intervalo de lubricaci\u00f3n del fabricante.<\/p>\n<p><strong>Reemplazo del sello<\/strong>Si se detectan sellos deteriorados o con fugas, reempl\u00e1celos con piezas originales aprobadas por el fabricante. Los sellos da\u00f1ados o desgastados pueden afectar el rendimiento del cilindro y provocar fugas de aceite hidr\u00e1ulico.<\/p>\n<p><strong>Limpieza<\/strong>Limpie los cilindros eliminando la suciedad, los residuos y otros contaminantes. Antes de volver a ensamblarlos, utilice un limpiador no abrasivo y aseg\u00farese de que todas las piezas est\u00e9n completamente secas. La limpieza regular promueve un rendimiento \u00f3ptimo y previene el desgaste o da\u00f1os prematuros.<\/p>\n<h2><strong>\u00bfC\u00f3mo reemplazar los sellos en un cilindro hidr\u00e1ulico?<\/strong><\/h2>\n<p>Reemplazar los sellos de un cilindro hidr\u00e1ulico requiere atenci\u00f3n cuidadosa y un procedimiento adecuado para garantizar un reemplazo exitoso. Aqu\u00ed tiene una gu\u00eda paso a paso sobre c\u00f3mo reemplazar los sellos de un cilindro hidr\u00e1ulico:<\/p>\n<ol>\n<li><strong>Precauciones de seguridad:<\/strong> Antes de comenzar cualquier trabajo de mantenimiento, tome las precauciones de seguridad adecuadas. Aseg\u00farese de que el sistema hidr\u00e1ulico est\u00e9 despresurizado y que el equipo est\u00e9 correctamente sujeto y asegurado. Use guantes y gafas de seguridad para protegerse de posibles peligros.<\/li>\n<li><strong>Extracci\u00f3n del cilindro:<\/strong> Dependiendo del sistema hidr\u00e1ulico espec\u00edfico y del dise\u00f1o del cilindro, podr\u00eda ser necesario retirarlo de su ubicaci\u00f3n de montaje. Siga las instrucciones del fabricante o consulte el manual del equipo para conocer el procedimiento correcto para retirar el cilindro.<\/li>\n<li><strong>Desmontaje del cilindro:<\/strong> Una vez retirado el cilindro hidr\u00e1ulico, desm\u00f3ntelo con cuidado para acceder a los sellos. Normalmente, los cilindros hidr\u00e1ulicos constan de un cuerpo cil\u00edndrico, un pist\u00f3n, un v\u00e1stago y varios sellos. Siga estos pasos: a. Retire la culata: Desatornille o desatornille la culata del cuerpo cil\u00edndrico, dejando expuestos el pist\u00f3n y el v\u00e1stago. b. Retire el pist\u00f3n: Deslice suavemente el pist\u00f3n fuera del cuerpo cil\u00edndrico. Tenga cuidado de no da\u00f1ar el pist\u00f3n ni las paredes del cilindro. c. Retire los sellos viejos: Identifique los sellos que deben reemplazarse, como los sellos del pist\u00f3n, los sellos del v\u00e1stago o los sellos limpiadores. Utilice herramientas adecuadas, como ganz\u00faas o ganchos para retirar sellos, para retirar los sellos viejos de sus ranuras. Observe la orientaci\u00f3n de los sellos para una correcta instalaci\u00f3n de los nuevos.<\/li>\n<li><strong>Preparaci\u00f3n del sello:<\/strong> Inspeccione los sellos nuevos para detectar cualquier defecto o da\u00f1o antes de instalarlos. Aseg\u00farese de tener los sellos de repuesto correctos que coincidan con las especificaciones de los originales. Aplique una fina capa de aceite hidr\u00e1ulico o lubricante para sellos a los sellos nuevos para facilitar su correcta instalaci\u00f3n y reducir la fricci\u00f3n.<\/li>\n<li><strong>Instalaci\u00f3n del sello:<\/strong>a. Sellos del pist\u00f3n: Comience instalando los nuevos sellos del pist\u00f3n. Coloque con cuidado los sellos en sus ranuras, asegur\u00e1ndose de que queden a ras y sin torsiones. Use una herramienta de instalaci\u00f3n de sellos o un mazo de cara blanda para presionar los sellos en su lugar suavemente. Aseg\u00farese de que los sellos est\u00e9n bien asentados y alineados. b. Sellos de varilla y sellos limpiadores: Contin\u00fae con la instalaci\u00f3n de los sellos de varilla y sellos limpiadores. Nuevamente, coloque los sellos correctamente en sus ranuras, asegur\u00e1ndose de que no est\u00e9n torcidos. Aplique una ligera presi\u00f3n con una herramienta de instalaci\u00f3n de sellos o un mazo para asegurar los sellos.<\/li>\n<li><strong>Reensamblaje:<\/strong> Una vez instalados todos los sellos nuevos, vuelva a ensamblar el cilindro hidr\u00e1ulico. Siga estos pasos: a. Reinstale el pist\u00f3n: Deslice con cuidado el pist\u00f3n dentro del cilindro, asegur\u00e1ndose de que se mueva libremente sin obstrucciones. Alinee los mecanismos de retenci\u00f3n, como anillos el\u00e1sticos o circlips, seg\u00fan sea necesario. b. Vuelva a colocar la culata: Coloque la culata en el cilindro y f\u00edjela con tornillos o pernos. Aseg\u00farese de que est\u00e9 bien apretada seg\u00fan las especificaciones del fabricante.<\/li>\n<li><strong>Instalaci\u00f3n del cilindro:<\/strong> Si retir\u00f3 el cilindro hidr\u00e1ulico de su ubicaci\u00f3n de montaje, vuelva a instalarlo siguiendo el procedimiento correspondiente. Aseg\u00farese de que est\u00e9 correctamente alineado y conectado al sistema hidr\u00e1ulico, incluyendo las l\u00edneas y los accesorios.<\/li>\n<li><strong>Pruebas e inspecci\u00f3n:<\/strong> Pruebe su funcionamiento una vez reinstalado el cilindro hidr\u00e1ulico. Presurice gradualmente el sistema y verifique si hay fugas, ruidos anormales o funcionamiento incorrecto. Realice una inspecci\u00f3n exhaustiva para garantizar que los sellos funcionen correctamente.<\/li>\n<\/ol>\n<h2><strong>Capacidad de la f\u00e1brica:<\/strong><\/h2>\n<h3>(1) Montaje<\/h3>\n<p>Contamos con una plataforma de ensamblaje independiente de primera clase para investigaci\u00f3n y desarrollo. El taller de producci\u00f3n de cilindros hidr\u00e1ulicos cuenta con cuatro l\u00edneas de ensamblaje de cilindros de elevaci\u00f3n semiautom\u00e1ticos y una l\u00ednea de ensamblaje de cilindros de inclinaci\u00f3n autom\u00e1ticos, con una capacidad de producci\u00f3n anual dise\u00f1ada de 1 mill\u00f3n de piezas. El taller de cilindros especiales est\u00e1 equipado con un sistema de ensamblaje de limpieza semiautom\u00e1tico de diversas especificaciones, con una capacidad de producci\u00f3n anual dise\u00f1ada de 200,000 unidades, y est\u00e1 equipado con reconocidos equipos de mecanizado CNC, un centro de mecanizado, equipos especiales de procesamiento de cilindros de alta precisi\u00f3n, una m\u00e1quina de soldadura robotizada, una m\u00e1quina de limpieza autom\u00e1tica, una m\u00e1quina de ensamblaje de cilindros autom\u00e1ticos y una l\u00ednea de producci\u00f3n de pintura autom\u00e1tica. Contamos con m\u00e1s de 300 equipos cr\u00edticos. La asignaci\u00f3n \u00f3ptima y el uso eficiente de los recursos de equipo garantizan la precisi\u00f3n y la alta calidad de los productos.<\/p>\n<p><img loading=\"lazy\" decoding=\"async\" class=\"alignnone wp-image-626\" src=\"https:\/\/hydraulic-cylinders.net\/wp-content\/uploads\/2023\/08\/hydraulic-cylinder-product-1-300x158.webp\" alt=\"\" width=\"495\" height=\"260\" srcset=\"https:\/\/hydraulic-cylinders.net\/wp-content\/uploads\/2023\/08\/hydraulic-cylinder-product-1-300x158.webp 495w, https:\/\/hydraulic-cylinders.net\/wp-content\/uploads\/2023\/08\/hydraulic-cylinder-product-1-480x252.webp 480w\" sizes=\"(min-width: 0px) and (max-width: 480px) 480px, (min-width: 481px) 495px, 100vw\" \/> <img loading=\"lazy\" decoding=\"async\" class=\"alignnone wp-image-627\" src=\"https:\/\/hydraulic-cylinders.net\/wp-content\/uploads\/2023\/08\/hydraulic-cylinder-product-2-300x189.webp\" alt=\"\" width=\"413\" height=\"260\" \/><\/p>\n<h3>(2) Mecanizado<\/h3>\n<p>El taller de mecanizado est\u00e1 equipado con un centro de torneado de carril inclinado personalizado, un centro de mecanizado, una m\u00e1quina de bru\u00f1ido de alta velocidad, un robot de soldadura y otros equipos relacionados, que pueden procesar tubos cil\u00edndricos con un di\u00e1metro interior m\u00e1ximo de 400 mm y una longitud m\u00e1xima de 6 metros.<\/p>\n<p><img loading=\"lazy\" decoding=\"async\" class=\"alignnone wp-image-628 size-large\" src=\"https:\/\/hydraulic-cylinders.net\/wp-content\/uploads\/2023\/08\/hydraulic-cylinder-product-3-1024x391.webp\" alt=\"\" width=\"1024\" height=\"391\" srcset=\"https:\/\/hydraulic-cylinders.net\/wp-content\/uploads\/2023\/08\/hydraulic-cylinder-product-3-980x374.webp 980w, https:\/\/hydraulic-cylinders.net\/wp-content\/uploads\/2023\/08\/hydraulic-cylinder-product-3-480x183.webp 480w\" sizes=\"(min-width: 0px) and (max-width: 480px) 480px, (min-width: 481px) and (max-width: 980px) 980px, (min-width: 981px) 1024px, 100vw\" \/><\/p>\n<h3>(3) Soldadura<\/h3>\n<p><img loading=\"lazy\" decoding=\"async\" class=\"alignnone wp-image-629 size-large\" src=\"https:\/\/hydraulic-cylinders.net\/wp-content\/uploads\/2023\/08\/hydraulic-cylinder-product-4-1024x510.webp\" alt=\"\" width=\"1024\" height=\"510\" srcset=\"https:\/\/hydraulic-cylinders.net\/wp-content\/uploads\/2023\/08\/hydraulic-cylinder-product-4-980x488.webp 980w, https:\/\/hydraulic-cylinders.net\/wp-content\/uploads\/2023\/08\/hydraulic-cylinder-product-4-480x239.webp 480w\" sizes=\"(min-width: 0px) and (max-width: 480px) 480px, (min-width: 481px) and (max-width: 980px) 980px, (min-width: 981px) 1024px, 100vw\" \/><\/p>\n<h3>(4) Pintura y revestimiento<\/h3>\n<p>Con peque\u00f1as y medianas l\u00edneas de cilindros autom\u00e1ticos de recubrimiento de pintura a base de agua, para lograr la carga y descarga autom\u00e1tica de robots y pulverizaci\u00f3n autom\u00e1tica, la capacidad de dise\u00f1o de 4000 piezas por turno;<br \/>\nTambi\u00e9n disponemos de una l\u00ednea semiautom\u00e1tica de producci\u00f3n de pintura para grandes cilindros accionada por cadena, con una capacidad de dise\u00f1o de 60 cajas por turno.<\/p>\n<p><img loading=\"lazy\" decoding=\"async\" class=\"alignnone wp-image-630\" src=\"https:\/\/hydraulic-cylinders.net\/wp-content\/uploads\/2023\/08\/hydraulic-cylinder-product-5-300x213.webp\" alt=\"\" width=\"366\" height=\"260\" \/> <img loading=\"lazy\" decoding=\"async\" class=\"alignnone wp-image-631\" src=\"https:\/\/hydraulic-cylinders.net\/wp-content\/uploads\/2023\/08\/hydraulic-cylinder-product-6-300x225.webp\" alt=\"\" width=\"347\" height=\"260\" \/><\/p>\n<h3>(5) Pruebas<\/h3>\n<p>Disponemos de instalaciones de inspecci\u00f3n y bancos de pruebas de primera clase para garantizar que el rendimiento del cilindro cumple los requisitos.<\/p>\n<p><img loading=\"lazy\" decoding=\"async\" class=\"alignnone wp-image-632\" src=\"https:\/\/hydraulic-cylinders.net\/wp-content\/uploads\/2023\/08\/hydraulic-cylinder-product-8-300x200.webp\" alt=\"\" width=\"389\" height=\"260\" \/><\/p>\n<p>&nbsp;<\/p>\n<p>&nbsp;<\/p>\n<p>Somos uno de los mejores fabricantes de cilindros hidr\u00e1ulicos de v\u00e1stago pesado. Ofrecemos un amplio stock de cilindros hidr\u00e1ulicos de v\u00e1stago pesado. Tambi\u00e9n ofrecemos los siguientes accesorios. <a href=\"https:\/\/hzpt.com\/agricultural-pto-gearbox\/\" target=\"_blank\" rel=\"noopener\">cajas de cambios agr\u00edcolas<\/a>. Hemos exportado nuestros productos a clientes de todo el mundo y nos hemos ganado una buena reputaci\u00f3n gracias a la calidad superior de nuestros productos y a nuestro servicio posventa. Invitamos cordialmente a los clientes nacionales y extranjeros a ponerse en contacto con nosotros para negociar negocios, intercambiar informaci\u00f3n y...\u00a0<a href=\"https:\/\/www.hydraulic-cylinders.net\/es\/contact-us\/\">colabore con nosotros<\/a>!<\/p>\n<p>&nbsp;<\/p>","protected":false},"excerpt":{"rendered":"<p>TA Front Trunnion Type Heavy Rod Hydraulic Cylinder The TA front trunnion-type heavy rod hydraulic cylinder is a powerful and reliable hydraulic element that performs well in various industrial applications. With its robust construction, precise engineering, and advanced features, this hydraulic cylinder can stand out in demanding tasks that require force and precision. From heavy [&hellip;]<\/p>","protected":false},"featured_media":904,"comment_status":"open","ping_status":"closed","template":"","meta":{"_et_pb_use_builder":"","_et_pb_old_content":"","_et_gb_content_width":""},"product_brand":[],"product_cat":[1376,1385],"product_tag":[1380],"class_list":{"0":"post-901","1":"product","2":"type-product","3":"status-publish","4":"has-post-thumbnail","6":"product_cat-hydraulic-cylinder","7":"product_cat-heavy-rod-hydraulic-cylinder","8":"product_tag-hydraulic-cylinder","10":"first","11":"instock","12":"shipping-taxable","13":"product-type-simple"},"amp_enabled":true,"_links":{"self":[{"href":"https:\/\/www.hydraulic-cylinders.net\/es\/wp-json\/wp\/v2\/product\/901","targetHints":{"allow":["GET"]}}],"collection":[{"href":"https:\/\/www.hydraulic-cylinders.net\/es\/wp-json\/wp\/v2\/product"}],"about":[{"href":"https:\/\/www.hydraulic-cylinders.net\/es\/wp-json\/wp\/v2\/types\/product"}],"replies":[{"embeddable":true,"href":"https:\/\/www.hydraulic-cylinders.net\/es\/wp-json\/wp\/v2\/comments?post=901"}],"wp:featuredmedia":[{"embeddable":true,"href":"https:\/\/www.hydraulic-cylinders.net\/es\/wp-json\/wp\/v2\/media\/904"}],"wp:attachment":[{"href":"https:\/\/www.hydraulic-cylinders.net\/es\/wp-json\/wp\/v2\/media?parent=901"}],"wp:term":[{"taxonomy":"product_brand","embeddable":true,"href":"https:\/\/www.hydraulic-cylinders.net\/es\/wp-json\/wp\/v2\/product_brand?post=901"},{"taxonomy":"product_cat","embeddable":true,"href":"https:\/\/www.hydraulic-cylinders.net\/es\/wp-json\/wp\/v2\/product_cat?post=901"},{"taxonomy":"product_tag","embeddable":true,"href":"https:\/\/www.hydraulic-cylinders.net\/es\/wp-json\/wp\/v2\/product_tag?post=901"}],"curies":[{"name":"wp","href":"https:\/\/api.w.org\/{rel}","templated":true}]}}