{"id":1003,"date":"2023-09-06T08:58:05","date_gmt":"2023-09-06T08:58:05","guid":{"rendered":"https:\/\/hydraulic-cylinders.net\/?post_type=product&#038;p=1003"},"modified":"2023-09-19T01:36:55","modified_gmt":"2023-09-19T01:36:55","slug":"rear-earring-with-spherical-bearing-four-rod-hydraulic-cylinder","status":"publish","type":"product","link":"https:\/\/www.hydraulic-cylinders.net\/et\/toode\/rear-earring-with-spherical-bearing-four-rod-hydraulic-cylinder\/","title":{"rendered":"Tagumine k\u00f5rvar\u00f5ngas koos sf\u00e4\u00e4rilise laagri nelja varda h\u00fcdrosilindriga"},"content":{"rendered":"<h1 style=\"text-align: center;\"><strong>Tagumine k\u00f5rvar\u00f5ngas koos sf\u00e4\u00e4rilise laagri nelja varda h\u00fcdrosilindriga<\/strong><\/h1>\n<p><img loading=\"lazy\" decoding=\"async\" class=\"size-full wp-image-1007 aligncenter\" src=\"https:\/\/hydraulic-cylinders.net\/wp-content\/uploads\/2023\/09\/rear-earring-with-spherical-bearing-four-pull-rod-hydraulic-cylinder-1.webp\" alt=\"\" width=\"236\" height=\"236\" srcset=\"https:\/\/www.hydraulic-cylinders.net\/wp-content\/uploads\/2023\/09\/rear-earring-with-spherical-bearing-four-pull-rod-hydraulic-cylinder-1.webp 236w, https:\/\/www.hydraulic-cylinders.net\/wp-content\/uploads\/2023\/09\/rear-earring-with-spherical-bearing-four-pull-rod-hydraulic-cylinder-1-100x100.webp 100w, https:\/\/www.hydraulic-cylinders.net\/wp-content\/uploads\/2023\/09\/rear-earring-with-spherical-bearing-four-pull-rod-hydraulic-cylinder-1-150x150.webp 150w, https:\/\/www.hydraulic-cylinders.net\/wp-content\/uploads\/2023\/09\/rear-earring-with-spherical-bearing-four-pull-rod-hydraulic-cylinder-1-12x12.webp 12w\" sizes=\"(max-width: 236px) 100vw, 236px\" \/><\/p>\n<p>Sf\u00e4\u00e4rilise laagriga nelja vardaga h\u00fcdrosilinder on uuenduslik h\u00fcdrauliline element, mis on loodud pakkuma suurep\u00e4rast j\u00f5udlust ja mitmek\u00fclgsust erinevates t\u00f6\u00f6stuslikes rakendustes. Oma ainulaadse tagumise k\u00f5rvar\u00f5nga disaini, sf\u00e4\u00e4riliste laagrite ja nelja varda konfiguratsiooniga pakub see nelja vardaga h\u00fcdrosilinder paremat stabiilsust, t\u00e4pset juhtimist ja suurenenud kandev\u00f5imet.<\/p>\n<p>Nelja vardaga h\u00fcdraulilise silindri olulised omadused:<\/p>\n<p><strong>Tagumise k\u00f5rvar\u00f5nga disain:<\/strong><\/p>\n<ol>\n<li style=\"list-style-type: none;\">\n<ul>\n<li>Tagumiste naastudega disain pakub ohutut ja stabiilset paigalduslahendust, mis tagab usaldusv\u00e4\u00e4rse t\u00f6\u00f6 isegi suurte koormuste ja \u00e4\u00e4rmuslike tingimuste korral.<\/li>\n<li>See lihtsustab paigaldamist ja v\u00f5imaldab h\u00f5lpsat integreerimist erinevatesse h\u00fcdraulikas\u00fcsteemidesse v\u00f5i seadmetesse.<\/li>\n<\/ul>\n<\/li>\n<\/ol>\n<p><strong>Sf\u00e4\u00e4riline laager:<\/strong><\/p>\n<ol>\n<li style=\"list-style-type: none;\">\n<ul>\n<li>Sf\u00e4\u00e4riliste laagrite lisamine suurendab nelja vardaga h\u00fcdrosilindri paindlikkust ja kompenseerib joondamata joondust, v\u00e4hendades silindri komponentide pinget ja kulumist.<\/li>\n<li>Sf\u00e4\u00e4riline laager v\u00f5imaldab sujuvat ja t\u00e4pset liikumist isegi nurk- v\u00f5i nihkekoormuste korral.<\/li>\n<\/ul>\n<\/li>\n<\/ol>\n<p><strong>Nelja varda konfiguratsioon:<\/strong><\/p>\n<ol>\n<li style=\"list-style-type: none;\">\n<ul>\n<li>Nelja vardaga konfiguratsioon suurendab silindri kandev\u00f5imet ja stabiilsust, hoiab \u00e4ra l\u00e4bipainde ning tagab t\u00e4pse lineaarse liikumise juhtimise.<\/li>\n<li>See jaotab koormuse \u00fchtlaselt kogu varda pinnale, v\u00e4hendades enneaegse kulumise v\u00f5i rikke ohtu.<\/li>\n<\/ul>\n<\/li>\n<\/ol>\n<p><strong>Suur j\u00f5udlus ja efektiivsus:<\/strong><\/p>\n<ul>\n<li style=\"list-style-type: none;\">\n<ul>\n<li>See nelja vardaga h\u00fcdrosilinder pakub suurt j\u00f5udu ja t\u00e4pset juhtimist, v\u00f5imaldades t\u00f5husat ja efektiivset t\u00f6\u00f6tamist.<\/li>\n<li>See v\u00f5imaldab t\u00e4pset positsioneerimist, kiireid ts\u00fckliaegu ja optimeeritud tootlikkust erinevates t\u00f6\u00f6stusrakendustes.<\/li>\n<\/ul>\n<\/li>\n<\/ul>\n<h2><strong>Tagumine k\u00f5rvar\u00f5ngas sf\u00e4\u00e4rilise laagriga nelja vardaga h\u00fcdraulilise silindri parameetriga:<\/strong><\/h2>\n<p><img loading=\"lazy\" decoding=\"async\" class=\"alignnone wp-image-1005 size-full\" src=\"https:\/\/hydraulic-cylinders.net\/wp-content\/uploads\/2023\/09\/rear-earring-with-spherical-bearing-four-pull-rod-hydraulic-cylinder.webp\" alt=\"\" width=\"650\" height=\"196\" srcset=\"https:\/\/hydraulic-cylinders.net\/wp-content\/uploads\/2023\/09\/rear-earring-with-spherical-bearing-four-pull-rod-hydraulic-cylinder.webp 650w, https:\/\/hydraulic-cylinders.net\/wp-content\/uploads\/2023\/09\/rear-earring-with-spherical-bearing-four-pull-rod-hydraulic-cylinder-480x145.webp 480w\" sizes=\"(min-width: 0px) and (max-width: 480px) 480px, (min-width: 481px) 650px, 100vw\" \/><\/p>\n<p><img loading=\"lazy\" decoding=\"async\" class=\"alignnone wp-image-1031 size-full\" src=\"https:\/\/hydraulic-cylinders.net\/wp-content\/uploads\/2023\/09\/b-bb-sbd-four-rod-hydraulic-cylinder.webp\" alt=\"\" width=\"650\" height=\"237\" srcset=\"https:\/\/hydraulic-cylinders.net\/wp-content\/uploads\/2023\/09\/b-bb-sbd-four-rod-hydraulic-cylinder.webp 650w, https:\/\/hydraulic-cylinders.net\/wp-content\/uploads\/2023\/09\/b-bb-sbd-four-rod-hydraulic-cylinder-480x175.webp 480w\" sizes=\"(min-width: 0px) and (max-width: 480px) 480px, (min-width: 481px) 650px, 100vw\" \/><\/p>\n<h2><strong>Tagumine k\u00f5rvar\u00f5ngas koos sf\u00e4\u00e4rilise laagri nelja varda h\u00fcdrosilindriga <\/strong><strong>Kasutamise meetod<\/strong><strong>:<\/strong><\/h2>\n<p><strong>Paigaldamine ja paigaldamine:<\/strong><\/p>\n<ol>\n<li style=\"list-style-type: none;\">\n<ul>\n<li>Nelja vardaga h\u00fcdrosilindri sobiva paigalduskoha m\u00e4\u00e4ramiseks s\u00fcsteemis v\u00f5i seadmes arvestage selliste teguritega nagu koormusn\u00f5uded ja ruumipiirangud.<\/li>\n<li>Veenduge, et kinnituspind on puhas, tasane ja suudab silindri raskust kanda.<\/li>\n<li>Joonda tagumine k\u00f5rvar\u00f5ngas kinnituspinnaga ja kinnita see kindlalt soovitatud poltide v\u00f5i kinnitusdetailide abil.<\/li>\n<\/ul>\n<\/li>\n<\/ol>\n<p><strong>H\u00fcdraulilised \u00fchendused:<\/strong><\/p>\n<ol>\n<li style=\"list-style-type: none;\">\n<ul>\n<li>\u00dchendage h\u00fcdraulikavoolikud silindri portidega, tagades lekete v\u00e4ltimiseks korraliku tihendi.<\/li>\n<li>J\u00e4rgige h\u00fcdraulika\u00f5li t\u00fc\u00fcbi kohta tootja soovitusi ja t\u00e4itke s\u00fcsteem soovitatud tasemeni.<\/li>\n<\/ul>\n<\/li>\n<\/ol>\n<p><strong>Toiming:<\/strong><\/p>\n<ul>\n<li style=\"list-style-type: none;\">\n<ul>\n<li>Aktiveerige h\u00fcdraulikas\u00fcsteem ja juhtige silindri liikumist h\u00fcdraulilise juhtventiili v\u00f5i muu sobiva juhtimismehhanismi abil.<\/li>\n<li>Soovitud kiiruse ja v\u00e4ljundj\u00f5u saavutamiseks reguleerige vooluhulga ja r\u00f5hu seadeid.<\/li>\n<li>J\u00e4lgige regulaarselt nelja vardaga h\u00fcdrosilindri t\u00f6\u00f6d, et tuvastada ebanormaalse k\u00e4itumise m\u00e4rke, n\u00e4iteks lekkeid, \u00fclekuumenemist v\u00f5i ebatavalist m\u00fcra.<\/li>\n<\/ul>\n<\/li>\n<\/ul>\n<h2><strong>Tagumine k\u00f5rvar\u00f5ngas koos sf\u00e4\u00e4rilise laagri nelja varda h\u00fcdrosilindriga <\/strong><strong>Hooldus<\/strong><strong>:<\/strong><\/h2>\n<p><strong>Regulaarne kontroll:<\/strong><\/p>\n<ol>\n<li style=\"list-style-type: none;\">\n<ul>\n<li>Tehke rutiinseid visuaalseid kontrolle kulumise, lekete v\u00f5i kahjustuste m\u00e4rke avastamiseks.<\/li>\n<li>Kontrollige varraste pindu, tihendeid ja kinnitus\u00fchendusi k\u00f5rvalekallete suhtes ja lahendage k\u00f5ik probleemid viivitamatult.<\/li>\n<\/ul>\n<\/li>\n<\/ol>\n<p><strong>M\u00e4\u00e4rimine:<\/strong><\/p>\n<ol>\n<li style=\"list-style-type: none;\">\n<ul>\n<li>J\u00e4rgige tootja m\u00e4\u00e4rimisintervalli juhiseid ja kasutage sujuva t\u00f6\u00f6 tagamiseks soovitatud m\u00e4\u00e4rdeainet.<\/li>\n<li>M\u00e4\u00e4rige vardasid, tihendeid ja muid liikuvaid osi, et minimeerida h\u00f5\u00f5rdumist ja pikendada nelja vardaga h\u00fcdrosilindri eluiga.<\/li>\n<\/ul>\n<\/li>\n<\/ol>\n<p><strong>Tihendi vahetamine:<\/strong><\/p>\n<ul>\n<li style=\"list-style-type: none;\">\n<ul>\n<li>Aja jooksul v\u00f5ivad tihendid kuluda ja need tuleb v\u00e4lja vahetada. Lekke tuvastamisel eemaldage ettevaatlikult vana tihend ja paigaldage uus tihend vastavalt tootja spetsifikatsioonidele.<\/li>\n<\/ul>\n<\/li>\n<\/ul>\n<h2><strong>Kuidas eemaldada h\u00fcdraulilise silindri tihvte?<\/strong><\/h2>\n<p>H\u00fcdrosilindri tihvtide eemaldamine n\u00f5uab ettevaatlikku k\u00e4sitsemist, et tagada ohutus ja v\u00e4ltida silindri v\u00f5i \u00fcmbritsevate komponentide kahjustamist. Siin on \u00fcldine samm-sammult juhend h\u00fcdrosilindri tihvtide eemaldamiseks:<\/p>\n<ol>\n<li><strong>T\u00f6\u00f6ala ettevalmistamine:<\/strong>\n<ul>\n<li>Veenduge, et teil on puhas ja h\u00e4sti valgustatud t\u00f6\u00f6ala.<\/li>\n<li>Kandke sobivaid isikukaitsevahendeid, n\u00e4iteks kaitseprille ja kindaid.<\/li>\n<\/ul>\n<\/li>\n<li><strong>H\u00fcdraulilise r\u00f5hu vabastamine:<\/strong>\n<ul>\n<li>Kui silinder on osa aktiivsest h\u00fcdraulikas\u00fcsteemist, vabastage r\u00f5hk s\u00fcsteemi sisset\u00f5mbamise v\u00f5i deaktiveerimise teel. T\u00e4psemate juhiste saamiseks lugege seadme kasutusjuhendit.<\/li>\n<\/ul>\n<\/li>\n<li><strong>Silindri kinnitamine:<\/strong>\n<ul>\n<li>Kasutage silindri kinnitamiseks sobivat t\u00f5steseadet v\u00f5i tuge, veendudes, et see on stabiilne ega liigu tihvti eemaldamise ajal.<\/li>\n<\/ul>\n<\/li>\n<li><strong>Leidke tihvtid:<\/strong>\n<ul>\n<li>Tuvastage eemaldatavad tihvtid. H\u00fcdrauliliste silindrite m\u00f5lemas otsas on tavaliselt tihvtid, mis \u00fchendavad neid kinnitusklambrite v\u00f5i muude komponentidega.<\/li>\n<\/ul>\n<\/li>\n<li><strong>Eemaldage kinnitusklambrid:<\/strong>\n<ul>\n<li>M\u00f5ned tihvtid v\u00f5ivad olla kinnitatud kinnitusklambritega. Kasutage kinnitusklambrite eemaldamiseks tangid v\u00f5i sobivat t\u00f6\u00f6riista, olles ettevaatlik, et neid mitte kahjustada.<\/li>\n<\/ul>\n<\/li>\n<li><strong>L\u00f6\u00f6gi v\u00f5i triivi positsioneerimine:<\/strong>\n<ul>\n<li>Asetage tihvti otsa vastu stants v\u00f5i triiv. Veenduge, et stants v\u00f5i triiv oleks tihvti l\u00e4bim\u00f5\u00f5dule sobiva suurusega.<\/li>\n<\/ul>\n<\/li>\n<li><strong>L\u00f6\u00f6 l\u00f6\u00f6k v\u00f5i triivi:<\/strong>\n<ul>\n<li>L\u00f6\u00f6 haamriga ettevaatlikult stantsi v\u00f5i triivi, et tihvtile j\u00f5udu avaldada. Alusta kergete koputustega ja suurenda j\u00f5udu j\u00e4rk-j\u00e4rgult, kuni tihvt hakkab liikuma.<\/li>\n<\/ul>\n<\/li>\n<li><strong>Eemalda tihvt:<\/strong>\n<ul>\n<li>J\u00e4tka stantsi v\u00f5i triivi l\u00f6\u00f6mist, kuni tihvt on t\u00e4ielikult paigast nihkunud. Rakenda j\u00f5udu \u00fchtlaselt, et v\u00e4ltida tihvti painutamist v\u00f5i kahjustumist.<\/li>\n<\/ul>\n<\/li>\n<li><strong>Korrake protsessi:<\/strong>\n<ul>\n<li>Kui eemaldatavaid tihvte on mitu, korrake iga tihvti puhul samme 4 kuni 8, kuni k\u00f5ik on edukalt eemaldatud.<\/li>\n<\/ul>\n<\/li>\n<li><strong>Kontrollige tihvte:<\/strong><\/li>\n<\/ol>\n<ul>\n<li>Kui tihvtid on eemaldatud, kontrollige neid kulumise, kahjustuste v\u00f5i deformatsiooni tunnuste suhtes. Vajadusel puhastage v\u00f5i vahetage tihvtid enne uuesti paigaldamist.<\/li>\n<\/ul>\n<h2><strong>Tehase v\u00f5imekus ja suutlikkus:<\/strong><\/h2>\n<h3>(1) Kokkupanek<\/h3>\n<p>Meil on esmaklassiline s\u00f5ltumatu teadus- ja arendustegevuse montaa\u017eiplatvorm. H\u00fcdrosilindrite tootmist\u00f6\u00f6kojas on neli poolautomaatset t\u00f5stesilindrite koosteliini ja \u00fcks automaatne kallutussilindrite koosteliin, mille kavandatud aastane tootmisv\u00f5imsus on 1 miljon t\u00fckki. Spetsiaalsete silindrite t\u00f6\u00f6koda on varustatud erinevate spetsifikatsioonidega poolautomaatse puhastusmontaa\u017eis\u00fcsteemiga, mille kavandatud aastane tootmisv\u00f5imsus on 200 000 ja mis on varustatud kuulsate CNC-t\u00f6\u00f6tlemisseadmete, mehaanilise t\u00f6\u00f6tlemise keskuse, suure t\u00e4psusega silindrite t\u00f6\u00f6tlemise eriseadmete, robotkeevitusmasina, automaatse puhastusmasina, automaatse silindri kokkupanemise masina ja automaatse v\u00e4rvimise tootmisliiniga. Olemasolevad kriitilised seadmed rohkem kui 300 komplekti (komplekti). Seadmete ressursside optimaalne jaotamine ja t\u00f5hus kasutamine tagavad toodete t\u00e4psusn\u00f5uded ja vastavad toodete kvaliteedin\u00f5uetele.<\/p>\n<p><img loading=\"lazy\" decoding=\"async\" class=\"alignnone wp-image-626\" src=\"https:\/\/hydraulic-cylinders.net\/wp-content\/uploads\/2023\/08\/hydraulic-cylinder-product-1-300x158.webp\" alt=\"\" width=\"495\" height=\"260\" srcset=\"https:\/\/hydraulic-cylinders.net\/wp-content\/uploads\/2023\/08\/hydraulic-cylinder-product-1-300x158.webp 495w, https:\/\/hydraulic-cylinders.net\/wp-content\/uploads\/2023\/08\/hydraulic-cylinder-product-1-480x252.webp 480w\" sizes=\"(min-width: 0px) and (max-width: 480px) 480px, (min-width: 481px) 495px, 100vw\" \/> <img loading=\"lazy\" decoding=\"async\" class=\"alignnone wp-image-627\" src=\"https:\/\/hydraulic-cylinders.net\/wp-content\/uploads\/2023\/08\/hydraulic-cylinder-product-2-300x189.webp\" alt=\"\" width=\"413\" height=\"260\" \/><\/p>\n<h3>(2) T\u00f6\u00f6tlemine<\/h3>\n<p>T\u00f6\u00f6deldav t\u00f6\u00f6koda on varustatud kohandatud kallutatud r\u00f6\u00f6pse treipingi keskuse, mehaanilise keskuse, kiire lihvimismasina, keevitusroboti ja muude seotud seadmetega, mis suudavad t\u00f6\u00f6delda silindritorusid, mille maksimaalne sisel\u00e4bim\u00f5\u00f5t on 400 mm ja maksimaalne pikkus on 6 meetrit.<\/p>\n<p><img loading=\"lazy\" decoding=\"async\" class=\"alignnone wp-image-628 size-large\" src=\"https:\/\/hydraulic-cylinders.net\/wp-content\/uploads\/2023\/08\/hydraulic-cylinder-product-3-1024x391.webp\" alt=\"\" width=\"1024\" height=\"391\" srcset=\"https:\/\/hydraulic-cylinders.net\/wp-content\/uploads\/2023\/08\/hydraulic-cylinder-product-3-980x374.webp 980w, https:\/\/hydraulic-cylinders.net\/wp-content\/uploads\/2023\/08\/hydraulic-cylinder-product-3-480x183.webp 480w\" sizes=\"(min-width: 0px) and (max-width: 480px) 480px, (min-width: 481px) and (max-width: 980px) 980px, (min-width: 981px) 1024px, 100vw\" \/><\/p>\n<h3>(3) Keevitamine<\/h3>\n<p><img loading=\"lazy\" decoding=\"async\" class=\"alignnone wp-image-629 size-large\" src=\"https:\/\/hydraulic-cylinders.net\/wp-content\/uploads\/2023\/08\/hydraulic-cylinder-product-4-1024x510.webp\" alt=\"\" width=\"1024\" height=\"510\" srcset=\"https:\/\/hydraulic-cylinders.net\/wp-content\/uploads\/2023\/08\/hydraulic-cylinder-product-4-980x488.webp 980w, https:\/\/hydraulic-cylinders.net\/wp-content\/uploads\/2023\/08\/hydraulic-cylinder-product-4-480x239.webp 480w\" sizes=\"(min-width: 0px) and (max-width: 480px) 480px, (min-width: 481px) and (max-width: 980px) 980px, (min-width: 981px) 1024px, 100vw\" \/><\/p>\n<h3>(4) V\u00e4rvimine ja katmine<\/h3>\n<p>V\u00e4ikese ja keskmise suurusega silindri automaatse veep\u00f5hise v\u00e4rvipinnakattega liinide abil, et saavutada automaatne robotlaadimine ja mahalaadimine ning automaatne pihustamine, projekteerimisv\u00f5imsus 4000 t\u00fckki vahetuse kohta;<br \/>\nMeil on ka poolautomaatne suurte balloonide v\u00e4rvimise tootmisliin, mis t\u00f6\u00f6tab j\u00f5ukettaga ja mille projekteerimisv\u00f5imsus on 60 kasti \u00fche vahetuse kohta.<\/p>\n<p><img loading=\"lazy\" decoding=\"async\" class=\"alignnone wp-image-630\" src=\"https:\/\/hydraulic-cylinders.net\/wp-content\/uploads\/2023\/08\/hydraulic-cylinder-product-5-300x213.webp\" alt=\"\" width=\"366\" height=\"260\" \/> <img loading=\"lazy\" decoding=\"async\" class=\"alignnone wp-image-631\" src=\"https:\/\/hydraulic-cylinders.net\/wp-content\/uploads\/2023\/08\/hydraulic-cylinder-product-6-300x225.webp\" alt=\"\" width=\"347\" height=\"260\" \/><\/p>\n<h3>(5) Testimine<\/h3>\n<p>Meil on esmaklassilised kontrolliseadmed ja katsestendid, et tagada silindri j\u00f5udlus vastavus n\u00f5uetele.<\/p>\n<p><img loading=\"lazy\" decoding=\"async\" class=\"alignnone wp-image-632\" src=\"https:\/\/hydraulic-cylinders.net\/wp-content\/uploads\/2023\/08\/hydraulic-cylinder-product-8-300x200.webp\" alt=\"\" width=\"389\" height=\"260\" \/><\/p>\n<p>&nbsp;<\/p>\n<p>&nbsp;<\/p>\n<p>Me oleme \u00fcks parimaid kergeid nelja vardaga h\u00fcdrosilindrite tootjaid. Me saame pakkuda terviklikku kerget nelja vardaga h\u00fcdrosilindri varu. Pakume ka vastavaid <a href=\"https:\/\/hzpt.com\/agricultural-pto-gearbox\/\" target=\"_blank\" rel=\"noopener\">p\u00f5llumajanduslikud k\u00e4igukastid<\/a>. Oleme eksportinud oma tooteid klientidele \u00fcle kogu maailma ja teeninud hea maine t\u00e4nu meie suurep\u00e4rasele tootekvaliteedile ja m\u00fc\u00fcgij\u00e4rgsele teenindusele. Me tervitame soojalt kliente nii kodus kui ka v\u00e4lismaal, et v\u00f5tta meiega \u00fchendust, et pidada l\u00e4bir\u00e4\u00e4kimisi \u00e4ri, vahetada teavet ja\u00a0<a href=\"https:\/\/www.hydraulic-cylinders.net\/et\/contact-us\/\">teha meiega koost\u00f6\u00f6d<\/a>!<\/p>\n<h2><\/h2>\n<h2><\/h2>","protected":false},"excerpt":{"rendered":"<p>Rear Earring With Spherical Bearing Four Rod Hydraulic Cylinder The rear earring with a spherical bearing four rod hydraulic cylinder is an innovative hydraulic element designed to provide superior performance and versatility in various industrial applications. With its unique rear earring design, spherical bearings, and four rod configuration, this four rod hydraulic cylinder offers enhanced [&hellip;]<\/p>","protected":false},"featured_media":1006,"comment_status":"open","ping_status":"closed","template":"","meta":{"_et_pb_use_builder":"","_et_pb_old_content":"","_et_gb_content_width":""},"product_brand":[],"product_cat":[1376,1386],"product_tag":[1380],"class_list":{"0":"post-1003","1":"product","2":"type-product","3":"status-publish","4":"has-post-thumbnail","6":"product_cat-hydraulic-cylinder","7":"product_cat-four-rod-hydraulic-cylinder","8":"product_tag-hydraulic-cylinder","10":"first","11":"instock","12":"shipping-taxable","13":"product-type-simple"},"amp_enabled":true,"_links":{"self":[{"href":"https:\/\/www.hydraulic-cylinders.net\/et\/wp-json\/wp\/v2\/product\/1003","targetHints":{"allow":["GET"]}}],"collection":[{"href":"https:\/\/www.hydraulic-cylinders.net\/et\/wp-json\/wp\/v2\/product"}],"about":[{"href":"https:\/\/www.hydraulic-cylinders.net\/et\/wp-json\/wp\/v2\/types\/product"}],"replies":[{"embeddable":true,"href":"https:\/\/www.hydraulic-cylinders.net\/et\/wp-json\/wp\/v2\/comments?post=1003"}],"wp:featuredmedia":[{"embeddable":true,"href":"https:\/\/www.hydraulic-cylinders.net\/et\/wp-json\/wp\/v2\/media\/1006"}],"wp:attachment":[{"href":"https:\/\/www.hydraulic-cylinders.net\/et\/wp-json\/wp\/v2\/media?parent=1003"}],"wp:term":[{"taxonomy":"product_brand","embeddable":true,"href":"https:\/\/www.hydraulic-cylinders.net\/et\/wp-json\/wp\/v2\/product_brand?post=1003"},{"taxonomy":"product_cat","embeddable":true,"href":"https:\/\/www.hydraulic-cylinders.net\/et\/wp-json\/wp\/v2\/product_cat?post=1003"},{"taxonomy":"product_tag","embeddable":true,"href":"https:\/\/www.hydraulic-cylinders.net\/et\/wp-json\/wp\/v2\/product_tag?post=1003"}],"curies":[{"name":"wp","href":"https:\/\/api.w.org\/{rel}","templated":true}]}}