{"id":1012,"date":"2023-09-07T02:00:53","date_gmt":"2023-09-07T02:00:53","guid":{"rendered":"https:\/\/hydraulic-cylinders.net\/?post_type=product&#038;p=1012"},"modified":"2023-09-19T01:36:49","modified_gmt":"2023-09-19T01:36:49","slug":"rear-cover-trunnion-four-rod-hydraulic-cylinder","status":"publish","type":"product","link":"https:\/\/www.hydraulic-cylinders.net\/et\/toode\/rear-cover-trunnion-four-rod-hydraulic-cylinder\/","title":{"rendered":"Tagumine kate Nelja varda h\u00fcdrosilinder"},"content":{"rendered":"<h1 style=\"text-align: center;\"><strong>Tagumine kate Nelja varda h\u00fcdrosilinder<\/strong><\/h1>\n<p><img loading=\"lazy\" decoding=\"async\" class=\"size-full wp-image-1013 aligncenter\" src=\"https:\/\/hydraulic-cylinders.net\/wp-content\/uploads\/2023\/09\/rear-cover-trunnion-four-rod-hydraulic-cylinder-1-1.webp\" alt=\"\" width=\"231\" height=\"231\" srcset=\"https:\/\/www.hydraulic-cylinders.net\/wp-content\/uploads\/2023\/09\/rear-cover-trunnion-four-rod-hydraulic-cylinder-1-1.webp 231w, https:\/\/www.hydraulic-cylinders.net\/wp-content\/uploads\/2023\/09\/rear-cover-trunnion-four-rod-hydraulic-cylinder-1-1-100x100.webp 100w, https:\/\/www.hydraulic-cylinders.net\/wp-content\/uploads\/2023\/09\/rear-cover-trunnion-four-rod-hydraulic-cylinder-1-1-150x150.webp 150w, https:\/\/www.hydraulic-cylinders.net\/wp-content\/uploads\/2023\/09\/rear-cover-trunnion-four-rod-hydraulic-cylinder-1-1-12x12.webp 12w\" sizes=\"(max-width: 231px) 100vw, 231px\" \/><\/p>\n<p>Tagumise katte p\u00f6\u00f6rdteljega nelja vardaga h\u00fcdrosilinder on tipptasemel komponent, mis on loodud pakkuma erakordset v\u00f5imsust, t\u00e4pset juhtimist ja v\u00f5rratut j\u00f5udlust erinevates t\u00f6\u00f6stusrakendustes. Oma uuendusliku tagakatte p\u00f6\u00f6rdtelje disaini ja nelja varda konfiguratsiooniga pakub see nelja vardaga h\u00fcdrosilinder paremat stabiilsust, vastupidavust ja kandev\u00f5imet, muutes selle asendamatuks abivahendiks n\u00f5udlikes h\u00fcdros\u00fcsteemides.<\/p>\n<p>Nelja vardaga h\u00fcdraulilise silindri olulised omadused:<\/p>\n<p><strong>Tagumise katte trunnioni disain:<\/strong><\/p>\n<ol>\n<li style=\"list-style-type: none;\">\n<ul>\n<li>Tagumise katte trunnionkonstruktsioon pakub ohutut ja t\u00f5husat paigalduslahendust, mis tagab usaldusv\u00e4\u00e4rse t\u00f6\u00f6 isegi suurte koormuste ja \u00e4\u00e4rmuslike tingimuste korral.<\/li>\n<li>See lihtsustab paigaldamist ja seda saab h\u00f5lpsasti integreerida erinevatesse h\u00fcdraulikas\u00fcsteemidesse v\u00f5i seadmetesse.<\/li>\n<\/ul>\n<\/li>\n<\/ol>\n<p><strong>Nelja varda konfiguratsioon:<\/strong><\/p>\n<ol>\n<li style=\"list-style-type: none;\">\n<ul>\n<li>Nelja vardaga konfiguratsioon suurendab nelja vardaga h\u00fcdrosilindri kandev\u00f5imet ning tagab optimaalse stabiilsuse ja t\u00e4pse positsioneerimise.<\/li>\n<li>See v\u00f5imaldab nelja vardaga h\u00fcdrosilindril t\u00f5husalt vastu pidada k\u00fclgkoormustele, pakkudes erakordset vastupidavust v\u00e4\u00e4ndele ja k\u00fclgj\u00f5ududele.<\/li>\n<\/ul>\n<\/li>\n<\/ol>\n<p><strong>Suur v\u00e4ljundv\u00f5imsus:<\/strong><\/p>\n<ol>\n<li style=\"list-style-type: none;\">\n<ul>\n<li>Sellel nelja vardaga h\u00fcdrosilindril on muljetavaldav v\u00f5imsus, mis v\u00f5imaldab sellel raskete koormatega h\u00f5lpsalt toime tulla.<\/li>\n<li>See pakub suurep\u00e4rast v\u00f5imsust ja t\u00f5ukej\u00f5udu, mist\u00f5ttu sobib see rakendusteks, mis n\u00f5uavad palju j\u00f5udu ja t\u00f5stev\u00f5imet.<\/li>\n<\/ul>\n<\/li>\n<\/ol>\n<p><strong>T\u00e4pne kontroll:<\/strong><\/p>\n<ul>\n<li style=\"list-style-type: none;\">\n<ul>\n<li>Tagumise katte p\u00f6\u00f6rdtelje nelja vardaga h\u00fcdrosilinder tagab t\u00e4pse lineaarse liikumise juhtimise, et tagada t\u00e4pne positsioneerimine ja sujuv t\u00f6\u00f6.<\/li>\n<li>See tagab suurep\u00e4rase k\u00e4igukontrolli, v\u00f5imaldades operaatoritel saavutada konkreetsete \u00fclesannete jaoks vajaliku kiiruse ja t\u00e4psuse.<\/li>\n<\/ul>\n<\/li>\n<\/ul>\n<h2><strong>Tagumise katte trunnion nelja vardaga h\u00fcdraulilise silindri parameeter:<\/strong><\/h2>\n<p><img loading=\"lazy\" decoding=\"async\" class=\"alignnone wp-image-1010 size-full\" src=\"https:\/\/hydraulic-cylinders.net\/wp-content\/uploads\/2023\/09\/rear-cover-rectangular-flange-four-rod-hydraulic-cylinder-2.webp\" alt=\"\" width=\"655\" height=\"197\" srcset=\"https:\/\/hydraulic-cylinders.net\/wp-content\/uploads\/2023\/09\/rear-cover-rectangular-flange-four-rod-hydraulic-cylinder-2.webp 655w, https:\/\/hydraulic-cylinders.net\/wp-content\/uploads\/2023\/09\/rear-cover-rectangular-flange-four-rod-hydraulic-cylinder-2-480x144.webp 480w\" sizes=\"(min-width: 0px) and (max-width: 480px) 480px, (min-width: 481px) 655px, 100vw\" \/><\/p>\n<p><img loading=\"lazy\" decoding=\"async\" class=\"alignnone wp-image-1033 size-full\" src=\"https:\/\/hydraulic-cylinders.net\/wp-content\/uploads\/2023\/09\/d-db-dd-four-rod-hydraulic-cylinder.webp\" alt=\"\" width=\"655\" height=\"249\" srcset=\"https:\/\/hydraulic-cylinders.net\/wp-content\/uploads\/2023\/09\/d-db-dd-four-rod-hydraulic-cylinder.webp 655w, https:\/\/hydraulic-cylinders.net\/wp-content\/uploads\/2023\/09\/d-db-dd-four-rod-hydraulic-cylinder-480x182.webp 480w\" sizes=\"(min-width: 0px) and (max-width: 480px) 480px, (min-width: 481px) 655px, 100vw\" \/><\/p>\n<h2><strong>Tagumine kate Nelja varda h\u00fcdrosilinder <\/strong><strong>Kasutamise meetod<\/strong><strong>:<\/strong><\/h2>\n<p><strong>Paigaldamine ja paigaldamine:<\/strong><\/p>\n<ol>\n<li style=\"list-style-type: none;\">\n<ul>\n<li>H\u00fcdrosilindri sobiva paigalduskoha m\u00e4\u00e4ramiseks s\u00fcsteemis v\u00f5i seadmes arvestage koormusn\u00f5uete ja ruumipiirangutega.<\/li>\n<li>Veenduge, et kinnituspind on puhas, tasane ja suudab silindri raskust toetada.<\/li>\n<li>Asetage tagumise katte p\u00f6\u00f6rdtapid kinnituspinnaga \u00fchele tasapinnale ja kinnitage need soovitatud poltide v\u00f5i kinnitusdetailide abil.<\/li>\n<\/ul>\n<\/li>\n<\/ol>\n<p><strong>H\u00fcdraulilised \u00fchendused:<\/strong><\/p>\n<ol>\n<li style=\"list-style-type: none;\">\n<ul>\n<li>\u00dchendage nelja vardaga h\u00fcdrosilindri toitevoolik silindri pordiga, et tagada korralik tihendus ja v\u00e4ltida lekkeid.<\/li>\n<li>J\u00e4rgige h\u00fcdraulika\u00f5li t\u00fc\u00fcbi kohta tootja soovitusi ja t\u00e4itke s\u00fcsteem soovitatud tasemeni.<\/li>\n<\/ul>\n<\/li>\n<\/ol>\n<p><strong>Toiming:<\/strong><\/p>\n<ul>\n<li style=\"list-style-type: none;\">\n<ul>\n<li>Aktiveerige h\u00fcdraulikas\u00fcsteem ja juhtige silindri liikumist h\u00fcdraulilise juhtventiili v\u00f5i muu sobiva juhtimismehhanismi abil.<\/li>\n<li>Soovitud kiiruse ja v\u00e4ljundj\u00f5u saavutamiseks reguleerige vooluhulga ja r\u00f5hu seadeid.<\/li>\n<li>J\u00e4lgige silindri t\u00f6\u00f6d regulaarselt, et tuvastada ebanormaalse k\u00e4itumise m\u00e4rke, n\u00e4iteks lekkeid, \u00fclekuumenemist v\u00f5i ebatavalist m\u00fcra.<\/li>\n<\/ul>\n<\/li>\n<\/ul>\n<h2><strong>Tagumise katte trunnion-nelja vardaga h\u00fcdraulilise silindri hooldus<\/strong><strong>:<\/strong><\/h2>\n<ol>\n<li><strong>Regulaarne kontroll:<\/strong>\n<ul>\n<li>Tehke rutiinseid visuaalseid kontrolle kulumise, lekete v\u00f5i kahjustuste m\u00e4rke avastamiseks.<\/li>\n<li>Kontrollige varda pinda, tihendeid ja kinnitus\u00fchendusi k\u00f5rvalekallete suhtes ja lahendage k\u00f5ik probleemid viivitamatult.<\/li>\n<\/ul>\n<\/li>\n<li><strong>M\u00e4\u00e4rimine:<\/strong>\n<ul>\n<li>J\u00e4rgige tootja juhiseid m\u00e4\u00e4rimisintervallide kohta ja kasutage sujuva t\u00f6\u00f6 tagamiseks soovitatud m\u00e4\u00e4rdeainet.<\/li>\n<li>H\u00f5\u00f5rdumise minimeerimiseks ja silindri eluea pikendamiseks m\u00e4\u00e4rige varda, tihendeid ja muid liikuvaid osi.<\/li>\n<\/ul>\n<\/li>\n<li><strong>Tihendi vahetamine:<\/strong>\n<ul>\n<li>Aja jooksul v\u00f5ivad tihendid kuluda ja vajada v\u00e4ljavahetamist. Lekke tuvastamisel eemaldage ettevaatlikult vanad tihendid ja paigaldage uued vastavalt tootja spetsifikatsioonidele.<\/li>\n<\/ul>\n<\/li>\n<\/ol>\n<h2><strong>Kuidas h\u00fcdraulilist silindrit \u00fcmber ehitada?<\/strong><\/h2>\n<p>H\u00fcdrosilindri taastamine h\u00f5lmab silindri lahtiv\u00f5tmist, selle komponentide kontrollimist, kulunud v\u00f5i kahjustatud osade v\u00e4ljavahetamist ja uuesti kokkupanekut selle funktsionaalsuse taastamiseks. Siin on \u00fcldine samm-sammult juhend h\u00fcdrosilindri taastamiseks:<\/p>\n<ol>\n<li><strong>Koguge vajalikud t\u00f6\u00f6riistad ja seadmed:<\/strong>\n<ul>\n<li>Enne \u00fcmberehitusprotsessi alustamist koguge kokku vajalikud t\u00f6\u00f6riistad, n\u00e4iteks mutriv\u00f5tmed, tangid, kummist haamer, silindri lihvmasin, uued tihendid ja O-r\u00f5ngad, tihendite paigaldust\u00f6\u00f6riist ja h\u00fcdrosilindri remondikomplekt.<\/li>\n<\/ul>\n<\/li>\n<li><strong>Ohutusabin\u00f5ud:<\/strong>\n<ul>\n<li>Veenduge, et h\u00fcdros\u00fcsteem on r\u00f5huvaba ja silinder on lahti \u00fchendatud mis tahes toiteallikaga.<\/li>\n<li>Kasutage enda kaitsmiseks \u00fcmberehituse ajal sobivaid kaitsevahendeid (IKV), n\u00e4iteks kindaid ja kaitseprille.<\/li>\n<\/ul>\n<\/li>\n<li><strong>Silindri lahtiv\u00f5tmine:<\/strong>\n<ul>\n<li>Eemaldage h\u00fcdrosilinder seadmest v\u00f5i s\u00fcsteemist.<\/li>\n<li>V\u00f5tke silinder ettevaatlikult lahti, alustades otsakorkide v\u00f5i kinnitusr\u00f5ngaste eemaldamisest.<\/li>\n<li>Vabastage silindris olev r\u00f5hk, t\u00f5mmates varda t\u00e4ielikult tagasi.<\/li>\n<li>T\u00e4pse kokkupaneku tagamiseks pange t\u00e4hele eemaldatud komponentide j\u00e4rjekorda.<\/li>\n<\/ul>\n<\/li>\n<li><strong>Komponentide kontroll:<\/strong>\n<ul>\n<li>Kontrollige k\u00f5iki silindri komponente, sealhulgas varrast, kolbi, tihendeid ja laagreid, kulumise, kahjustuste v\u00f5i korrosiooni tunnuste suhtes.<\/li>\n<li>M\u00f5\u00f5tke kriitiliste komponentide, n\u00e4iteks varda ja ava l\u00e4bim\u00f5\u00f5du, m\u00f5\u00f5tmed, et tagada nende vastavus spetsifikatsioonidele.<\/li>\n<li>P\u00f6\u00f6rake t\u00e4helepanelikult t\u00e4helepanu tihendite ja O-r\u00f5ngaste seisukorrale, kuna need on h\u00fcdrosilindrite probleemide tuttavad allikad.<\/li>\n<\/ul>\n<\/li>\n<li><strong>Kulunud v\u00f5i kahjustatud osade asendamine:<\/strong>\n<ul>\n<li>Vahetage v\u00e4lja k\u00f5ik tihendid, O-r\u00f5ngad v\u00f5i muud kontrolli k\u00e4igus tuvastatud kahjustatud komponendid.<\/li>\n<li>Veenduge, et varuosad \u00fchilduvad silindri mudeliga ja vastavad n\u00f5utavatele spetsifikatsioonidele.<\/li>\n<li>Enne paigaldamist m\u00e4\u00e4rige uued tihendid v\u00f5i O-r\u00f5ngad h\u00fcdraulika\u00f5liga.<\/li>\n<\/ul>\n<\/li>\n<li><strong>Silindri kokkupanek:<\/strong>\n<ul>\n<li>Puhastage k\u00f5ik lahtiv\u00f5etud komponendid p\u00f5hjalikult, et eemaldada mustus ja praht.<\/li>\n<li>Kokkupaneku ajal kandke komponentidele m\u00e4\u00e4rimiseks \u00f5huke kiht h\u00fcdraulika\u00f5li.<\/li>\n<li>Kinnitusdetailide \u00f5ige kokkupaneku ja p\u00f6\u00f6rdemomendi spetsifikatsioonide tagamiseks j\u00e4rgige tootja juhiseid v\u00f5i remondik\u00e4siraamatut.<\/li>\n<\/ul>\n<\/li>\n<li><strong>Testimine ja paigaldamine:<\/strong>\n<ul>\n<li>Kui silinder on kokku pandud, kontrollige selle toimimist h\u00fcdraulilise r\u00f5hu abil.<\/li>\n<li>Testimise ajal kontrollige lekkeid, ebanormaalseid helisid v\u00f5i ebakorrap\u00e4raseid liigutusi.<\/li>\n<li>Kui silinder t\u00f6\u00f6tab probleemideta, saab selle seadmesse v\u00f5i s\u00fcsteemi uuesti paigaldada.<\/li>\n<\/ul>\n<\/li>\n<\/ol>\n<h2><strong>Tehase v\u00f5imekus ja suutlikkus:<\/strong><\/h2>\n<h3>(1) Kokkupanek<\/h3>\n<p>Meil on esmaklassiline s\u00f5ltumatu teadus- ja arendustegevuse montaa\u017eiplatvorm. H\u00fcdrosilindrite tootmist\u00f6\u00f6kojas on neli poolautomaatset t\u00f5stesilindrite koosteliini ja \u00fcks automaatne kallutussilindrite koosteliin, mille kavandatud aastane tootmisv\u00f5imsus on 1 miljon t\u00fckki. Spetsiaalsete silindrite t\u00f6\u00f6koda on varustatud erinevate spetsifikatsioonidega poolautomaatse puhastusmontaa\u017eis\u00fcsteemiga, mille kavandatud aastane tootmisv\u00f5imsus on 200 000 ja mis on varustatud kuulsate CNC-t\u00f6\u00f6tlemisseadmete, mehaanilise t\u00f6\u00f6tlemise keskuse, suure t\u00e4psusega silindrite t\u00f6\u00f6tlemise eriseadmete, robotkeevitusmasina, automaatse puhastusmasina, automaatse silindri kokkupanemise masina ja automaatse v\u00e4rvimise tootmisliiniga. Olemasolevad kriitilised seadmed rohkem kui 300 komplekti (komplekti). Seadmete ressursside optimaalne jaotamine ja t\u00f5hus kasutamine tagavad toodete t\u00e4psusn\u00f5uded ja vastavad toodete kvaliteedin\u00f5uetele.<\/p>\n<p><img loading=\"lazy\" decoding=\"async\" class=\"alignnone wp-image-626\" src=\"https:\/\/hydraulic-cylinders.net\/wp-content\/uploads\/2023\/08\/hydraulic-cylinder-product-1-300x158.webp\" alt=\"\" width=\"495\" height=\"260\" srcset=\"https:\/\/hydraulic-cylinders.net\/wp-content\/uploads\/2023\/08\/hydraulic-cylinder-product-1-300x158.webp 495w, https:\/\/hydraulic-cylinders.net\/wp-content\/uploads\/2023\/08\/hydraulic-cylinder-product-1-480x252.webp 480w\" sizes=\"(min-width: 0px) and (max-width: 480px) 480px, (min-width: 481px) 495px, 100vw\" \/> <img loading=\"lazy\" decoding=\"async\" class=\"alignnone wp-image-627\" src=\"https:\/\/hydraulic-cylinders.net\/wp-content\/uploads\/2023\/08\/hydraulic-cylinder-product-2-300x189.webp\" alt=\"\" width=\"413\" height=\"260\" \/><\/p>\n<h3>(2) T\u00f6\u00f6tlemine<\/h3>\n<p>T\u00f6\u00f6deldav t\u00f6\u00f6koda on varustatud kohandatud kallutatud r\u00f6\u00f6pse treipingi keskuse, mehaanilise keskuse, kiire lihvimismasina, keevitusroboti ja muude seotud seadmetega, mis suudavad t\u00f6\u00f6delda silindritorusid, mille maksimaalne sisel\u00e4bim\u00f5\u00f5t on 400 mm ja maksimaalne pikkus on 6 meetrit.<\/p>\n<p><img loading=\"lazy\" decoding=\"async\" class=\"alignnone wp-image-628 size-large\" src=\"https:\/\/hydraulic-cylinders.net\/wp-content\/uploads\/2023\/08\/hydraulic-cylinder-product-3-1024x391.webp\" alt=\"\" width=\"1024\" height=\"391\" srcset=\"https:\/\/hydraulic-cylinders.net\/wp-content\/uploads\/2023\/08\/hydraulic-cylinder-product-3-980x374.webp 980w, https:\/\/hydraulic-cylinders.net\/wp-content\/uploads\/2023\/08\/hydraulic-cylinder-product-3-480x183.webp 480w\" sizes=\"(min-width: 0px) and (max-width: 480px) 480px, (min-width: 481px) and (max-width: 980px) 980px, (min-width: 981px) 1024px, 100vw\" \/><\/p>\n<h3>(3) Keevitamine<\/h3>\n<p><img loading=\"lazy\" decoding=\"async\" class=\"alignnone wp-image-629 size-large\" src=\"https:\/\/hydraulic-cylinders.net\/wp-content\/uploads\/2023\/08\/hydraulic-cylinder-product-4-1024x510.webp\" alt=\"\" width=\"1024\" height=\"510\" srcset=\"https:\/\/hydraulic-cylinders.net\/wp-content\/uploads\/2023\/08\/hydraulic-cylinder-product-4-980x488.webp 980w, https:\/\/hydraulic-cylinders.net\/wp-content\/uploads\/2023\/08\/hydraulic-cylinder-product-4-480x239.webp 480w\" sizes=\"(min-width: 0px) and (max-width: 480px) 480px, (min-width: 481px) and (max-width: 980px) 980px, (min-width: 981px) 1024px, 100vw\" \/><\/p>\n<h3>(4) V\u00e4rvimine ja katmine<\/h3>\n<p>V\u00e4ikese ja keskmise suurusega silindri automaatse veep\u00f5hise v\u00e4rvipinnakattega liinide abil, et saavutada automaatne robotlaadimine ja mahalaadimine ning automaatne pihustamine, projekteerimisv\u00f5imsus 4000 t\u00fckki vahetuse kohta;<br \/>\nMeil on ka poolautomaatne suurte balloonide v\u00e4rvimise tootmisliin, mis t\u00f6\u00f6tab j\u00f5ukettaga ja mille projekteerimisv\u00f5imsus on 60 kasti \u00fche vahetuse kohta.<\/p>\n<p><img loading=\"lazy\" decoding=\"async\" class=\"alignnone wp-image-630\" src=\"https:\/\/hydraulic-cylinders.net\/wp-content\/uploads\/2023\/08\/hydraulic-cylinder-product-5-300x213.webp\" alt=\"\" width=\"366\" height=\"260\" \/> <img loading=\"lazy\" decoding=\"async\" class=\"alignnone wp-image-631\" src=\"https:\/\/hydraulic-cylinders.net\/wp-content\/uploads\/2023\/08\/hydraulic-cylinder-product-6-300x225.webp\" alt=\"\" width=\"347\" height=\"260\" \/><\/p>\n<h3>(5) Testimine<\/h3>\n<p>Meil on esmaklassilised kontrolliseadmed ja katsestendid, et tagada silindri j\u00f5udlus vastavus n\u00f5uetele.<\/p>\n<p><img loading=\"lazy\" decoding=\"async\" class=\"alignnone wp-image-632\" src=\"https:\/\/hydraulic-cylinders.net\/wp-content\/uploads\/2023\/08\/hydraulic-cylinder-product-8-300x200.webp\" alt=\"\" width=\"389\" height=\"260\" \/><\/p>\n<p>&nbsp;<\/p>\n<p>&nbsp;<\/p>\n<p>Me oleme \u00fcks parimaid kergeid nelja vardaga h\u00fcdrosilindrite tootjaid. Me saame pakkuda terviklikku kerget nelja vardaga h\u00fcdrosilindri varu. Pakume ka vastavaid <a href=\"https:\/\/hzpt.com\/agricultural-pto-gearbox\/\" target=\"_blank\" rel=\"noopener\">p\u00f5llumajanduslikud k\u00e4igukastid<\/a>. Oleme eksportinud oma tooteid klientidele \u00fcle kogu maailma ja teeninud hea maine t\u00e4nu meie suurep\u00e4rasele tootekvaliteedile ja m\u00fc\u00fcgij\u00e4rgsele teenindusele. Me tervitame soojalt kliente nii kodus kui ka v\u00e4lismaal, et v\u00f5tta meiega \u00fchendust, et pidada l\u00e4bir\u00e4\u00e4kimisi \u00e4ri, vahetada teavet ja\u00a0<a href=\"https:\/\/www.hydraulic-cylinders.net\/et\/contact-us\/\">teha meiega koost\u00f6\u00f6d<\/a>!<\/p>\n<h2><\/h2>\n<h2><\/h2>\n<h2><\/h2>","protected":false},"excerpt":{"rendered":"<p>Rear Cover Trunnion Four Rod Hydraulic Cylinder The rear cover trunnion four rod hydraulic cylinder is a cutting-edge component designed to provide exceptional power, precise control, and unmatched performance in various industrial applications. With its innovative rear cover trunnion design and four rod configuration, this four rod hydraulic cylinder offers enhanced stability, durability, and load-bearing [&hellip;]<\/p>","protected":false},"featured_media":1039,"comment_status":"open","ping_status":"closed","template":"","meta":{"_et_pb_use_builder":"","_et_pb_old_content":"","_et_gb_content_width":""},"product_brand":[],"product_cat":[1376,1386],"product_tag":[1380],"class_list":{"0":"post-1012","1":"product","2":"type-product","3":"status-publish","4":"has-post-thumbnail","6":"product_cat-hydraulic-cylinder","7":"product_cat-four-rod-hydraulic-cylinder","8":"product_tag-hydraulic-cylinder","10":"first","11":"instock","12":"shipping-taxable","13":"product-type-simple"},"amp_enabled":true,"_links":{"self":[{"href":"https:\/\/www.hydraulic-cylinders.net\/et\/wp-json\/wp\/v2\/product\/1012","targetHints":{"allow":["GET"]}}],"collection":[{"href":"https:\/\/www.hydraulic-cylinders.net\/et\/wp-json\/wp\/v2\/product"}],"about":[{"href":"https:\/\/www.hydraulic-cylinders.net\/et\/wp-json\/wp\/v2\/types\/product"}],"replies":[{"embeddable":true,"href":"https:\/\/www.hydraulic-cylinders.net\/et\/wp-json\/wp\/v2\/comments?post=1012"}],"wp:featuredmedia":[{"embeddable":true,"href":"https:\/\/www.hydraulic-cylinders.net\/et\/wp-json\/wp\/v2\/media\/1039"}],"wp:attachment":[{"href":"https:\/\/www.hydraulic-cylinders.net\/et\/wp-json\/wp\/v2\/media?parent=1012"}],"wp:term":[{"taxonomy":"product_brand","embeddable":true,"href":"https:\/\/www.hydraulic-cylinders.net\/et\/wp-json\/wp\/v2\/product_brand?post=1012"},{"taxonomy":"product_cat","embeddable":true,"href":"https:\/\/www.hydraulic-cylinders.net\/et\/wp-json\/wp\/v2\/product_cat?post=1012"},{"taxonomy":"product_tag","embeddable":true,"href":"https:\/\/www.hydraulic-cylinders.net\/et\/wp-json\/wp\/v2\/product_tag?post=1012"}],"curies":[{"name":"wp","href":"https:\/\/api.w.org\/{rel}","templated":true}]}}