{"id":1014,"date":"2023-09-07T02:36:18","date_gmt":"2023-09-07T02:36:18","guid":{"rendered":"https:\/\/hydraulic-cylinders.net\/?post_type=product&#038;p=1014"},"modified":"2023-09-19T01:36:38","modified_gmt":"2023-09-19T01:36:38","slug":"middle-fixed-trunnion-four-rod-hydraulic-cylinder","status":"publish","type":"product","link":"https:\/\/www.hydraulic-cylinders.net\/et\/toode\/middle-fixed-trunnion-four-rod-hydraulic-cylinder\/","title":{"rendered":"Keskmine fikseeritud telgjoatoru nelja vardaga h\u00fcdrosilinder"},"content":{"rendered":"<h1 style=\"text-align: center;\"><strong>Keskmine fikseeritud telgjoatoru nelja vardaga h\u00fcdrosilinder<\/strong><\/h1>\n<p><img loading=\"lazy\" decoding=\"async\" class=\"size-full wp-image-1015 aligncenter\" src=\"https:\/\/hydraulic-cylinders.net\/wp-content\/uploads\/2023\/09\/middle-fixed-trunnion-four-rod-hydraulic-cylinder-1.webp\" alt=\"\" width=\"227\" height=\"227\" srcset=\"https:\/\/www.hydraulic-cylinders.net\/wp-content\/uploads\/2023\/09\/middle-fixed-trunnion-four-rod-hydraulic-cylinder-1.webp 227w, https:\/\/www.hydraulic-cylinders.net\/wp-content\/uploads\/2023\/09\/middle-fixed-trunnion-four-rod-hydraulic-cylinder-1-100x100.webp 100w, https:\/\/www.hydraulic-cylinders.net\/wp-content\/uploads\/2023\/09\/middle-fixed-trunnion-four-rod-hydraulic-cylinder-1-150x150.webp 150w, https:\/\/www.hydraulic-cylinders.net\/wp-content\/uploads\/2023\/09\/middle-fixed-trunnion-four-rod-hydraulic-cylinder-1-12x12.webp 12w\" sizes=\"(max-width: 227px) 100vw, 227px\" \/><\/p>\n<p>Keskmise fikseeritud p\u00f6\u00f6rdp\u00f6\u00f6rdega nelja vardaga h\u00fcdrosilinder on tipptasemel h\u00fcdrauliline komponent, mis on loodud pakkuma erakordset v\u00f5imsust, stabiilsust ja t\u00e4psust laias valikus t\u00f6\u00f6stuslikes rakendustes. Oma uuendusliku keskmise fikseeritud p\u00f6\u00f6rdp\u00f6\u00f6rdega disaini ja nelja varda konfiguratsiooniga pakub see nelja vardaga h\u00fcdrosilinder suurep\u00e4rast kandev\u00f5imet, vastupidavust ja usaldusv\u00e4\u00e4rset j\u00f5udlust, muutes selle oluliseks varaks n\u00f5udlikes h\u00fcdros\u00fcsteemides.<\/p>\n<p>Nelja vardaga h\u00fcdraulilise silindri olulised omadused:<\/p>\n<p><strong>Keskmise fikseeritud trunni disain:<\/strong><\/p>\n<ol>\n<li style=\"list-style-type: none;\">\n<ul>\n<li>Vahepealne fikseeritud trunni disain pakub ohutut ja stabiilset paigalduslahendust, mis tagab usaldusv\u00e4\u00e4rse t\u00f6\u00f6 isegi suurte koormuste ja \u00e4\u00e4rmuslike tingimuste korral.<\/li>\n<li>See lihtsustab paigaldusprotsessi ja seda saab h\u00f5lpsasti integreerida erinevatesse h\u00fcdraulikas\u00fcsteemidesse v\u00f5i seadmetesse.<\/li>\n<\/ul>\n<\/li>\n<\/ol>\n<p><strong>Nelja varda konfiguratsioon:<\/strong><\/p>\n<ol>\n<li style=\"list-style-type: none;\">\n<ul>\n<li>Nelja vardaga konfiguratsioon suurendab silindri kandev\u00f5imet, pakkudes optimaalset stabiilsust ja t\u00e4pset positsioneerimist.<\/li>\n<li>See v\u00f5imaldab silindril t\u00f5husalt vastu pidada k\u00fclgkoormustele, pakkudes erakordset vastupidavust v\u00e4\u00e4ndele ja k\u00fclgj\u00f5ududele.<\/li>\n<\/ul>\n<\/li>\n<\/ol>\n<p><strong>Suur v\u00e4ljundv\u00f5imsus:<\/strong><\/p>\n<ol>\n<li style=\"list-style-type: none;\">\n<ul>\n<li>Sellel nelja vardaga h\u00fcdrosilindril on muljetavaldav v\u00f5imsus, mis v\u00f5imaldab sellel raskete koormatega h\u00f5lpsalt toime tulla.<\/li>\n<li>See pakub suurep\u00e4rast v\u00f5imsust ja t\u00f5ukej\u00f5udu, mist\u00f5ttu sobib see rakendusteks, mis n\u00f5uavad j\u00f5udu ja t\u00f5stev\u00f5imet.<\/li>\n<\/ul>\n<\/li>\n<\/ol>\n<p><strong>T\u00e4pne kontroll:<\/strong><\/p>\n<ul>\n<li style=\"list-style-type: none;\">\n<ul>\n<li>Nelja vardaga h\u00fcdrosilinder, mille keskel on fikseeritud trunni, saab t\u00e4pselt juhtida lineaarset liikumist, et tagada t\u00e4pne positsioneerimine ja sujuv t\u00f6\u00f6.<\/li>\n<li>See tagab suurep\u00e4rase k\u00e4igukontrolli, v\u00f5imaldades operaatoritel saavutada konkreetsete \u00fclesannete jaoks vajaliku kiiruse ja t\u00e4psuse.<\/li>\n<\/ul>\n<\/li>\n<\/ul>\n<h2><strong>Keskmise fikseeritud trunni nelja vardaga h\u00fcdraulilise silindri parameeter:<\/strong><\/h2>\n<p><img loading=\"lazy\" decoding=\"async\" class=\"alignnone wp-image-1016 size-full\" src=\"https:\/\/hydraulic-cylinders.net\/wp-content\/uploads\/2023\/09\/middle-fixed-trunnion-four-rod-hydraulic-cylinder.webp\" alt=\"\" width=\"655\" height=\"191\" srcset=\"https:\/\/hydraulic-cylinders.net\/wp-content\/uploads\/2023\/09\/middle-fixed-trunnion-four-rod-hydraulic-cylinder.webp 655w, https:\/\/hydraulic-cylinders.net\/wp-content\/uploads\/2023\/09\/middle-fixed-trunnion-four-rod-hydraulic-cylinder-480x140.webp 480w\" sizes=\"(min-width: 0px) and (max-width: 480px) 480px, (min-width: 481px) 655px, 100vw\" \/><\/p>\n<p><img loading=\"lazy\" decoding=\"async\" class=\"alignnone wp-image-1033 size-full\" src=\"https:\/\/hydraulic-cylinders.net\/wp-content\/uploads\/2023\/09\/d-db-dd-four-rod-hydraulic-cylinder.webp\" alt=\"\" width=\"655\" height=\"249\" srcset=\"https:\/\/hydraulic-cylinders.net\/wp-content\/uploads\/2023\/09\/d-db-dd-four-rod-hydraulic-cylinder.webp 655w, https:\/\/hydraulic-cylinders.net\/wp-content\/uploads\/2023\/09\/d-db-dd-four-rod-hydraulic-cylinder-480x182.webp 480w\" sizes=\"(min-width: 0px) and (max-width: 480px) 480px, (min-width: 481px) 655px, 100vw\" \/><\/p>\n<h2><strong>Keskmine fikseeritud telgjoatoru nelja vardaga h\u00fcdrosilinder <\/strong><strong>Kasutamise meetod<\/strong><strong>:<\/strong><\/h2>\n<p><strong>Paigaldamine ja paigaldamine:<\/strong><\/p>\n<ol>\n<li style=\"list-style-type: none;\">\n<ul>\n<li>Nelja vardaga h\u00fcdrosilindri sobiva paigalduskoha m\u00e4\u00e4ramiseks s\u00fcsteemis v\u00f5i seadmes arvestage koormusn\u00f5uete ja ruumipiirangutega.<\/li>\n<li>Veenduge, et kinnituspind on puhas, tasane ja suudab silindri raskust toetada.<\/li>\n<li>Kinnitage keskmised kinnitustapid kinnituspinnale soovitatud poltide v\u00f5i kinnitusdetailide abil.<\/li>\n<\/ul>\n<\/li>\n<\/ol>\n<p><strong>H\u00fcdraulilised \u00fchendused:<\/strong><\/p>\n<ol>\n<li style=\"list-style-type: none;\">\n<ul>\n<li>\u00dchendage h\u00fcdraulikavoolik silindri pordiga, tagades lekke v\u00e4ltimiseks korraliku tihendi.<\/li>\n<li>J\u00e4rgige h\u00fcdraulika\u00f5li t\u00fc\u00fcbi kohta tootja soovitusi ja t\u00e4itke s\u00fcsteem soovitatud tasemeni.<\/li>\n<\/ul>\n<\/li>\n<\/ol>\n<p><strong>Toiming:<\/strong><\/p>\n<ul>\n<li style=\"list-style-type: none;\">\n<ul>\n<li>Aktiveerige h\u00fcdraulikas\u00fcsteem ja juhtige silindri liikumist h\u00fcdraulilise juhtventiili v\u00f5i muu sobiva juhtimismehhanismi abil.<\/li>\n<li>Soovitud kiiruse ja v\u00e4ljundj\u00f5u saavutamiseks reguleerige vooluhulga ja r\u00f5hu seadeid.<\/li>\n<li>J\u00e4lgige silindri t\u00f6\u00f6d regulaarselt ebanormaalse k\u00e4itumise, n\u00e4iteks lekke, \u00fclekuumenemise v\u00f5i ebatavalise m\u00fcra suhtes.<\/li>\n<\/ul>\n<\/li>\n<\/ul>\n<h2><strong>Keskmine fikseeritud telgjoatoru nelja vardaga h\u00fcdrosilinder <\/strong><strong>Hooldus<\/strong><strong>:<\/strong><\/h2>\n<p><strong>Regulaarne kontroll:<\/strong><\/p>\n<ol>\n<li style=\"list-style-type: none;\">\n<ul>\n<li>Tehke rutiinseid visuaalseid kontrolle kulumise, lekete v\u00f5i kahjustuste m\u00e4rke avastamiseks.<\/li>\n<li>Kontrollige varraste pindu, tihendeid ja kinnitus\u00fchendusi k\u00f5rvalekallete suhtes ja lahendage k\u00f5ik probleemid viivitamatult.<\/li>\n<\/ul>\n<\/li>\n<\/ol>\n<p><strong>M\u00e4\u00e4rimine:<\/strong><\/p>\n<ol>\n<li style=\"list-style-type: none;\">\n<ul>\n<li>J\u00e4rgige tootja m\u00e4\u00e4rimisintervalli juhiseid ja kasutage sujuva t\u00f6\u00f6 tagamiseks soovitatud m\u00e4\u00e4rdeainet.<\/li>\n<li>M\u00e4\u00e4rige vardasid, tihendeid ja muid liikuvaid osi, et v\u00e4hendada h\u00f5\u00f5rdumist ja pikendada nelja baari h\u00fcdrosilindrite kasutusiga.<\/li>\n<\/ul>\n<\/li>\n<\/ol>\n<p><strong>Tihendi vahetamine:<\/strong><\/p>\n<ul>\n<li style=\"list-style-type: none;\">\n<ul>\n<li>Aja jooksul v\u00f5ivad tihendid kuluda ja need tuleb v\u00e4lja vahetada. Lekke tuvastamisel eemaldage ettevaatlikult vana tihend ja paigaldage uus tihend vastavalt tootja spetsifikatsioonidele.<\/li>\n<\/ul>\n<\/li>\n<\/ul>\n<h2><strong>Kui kiiresti saab h\u00fcdrauliline silinder liikuda?<\/strong><\/h2>\n<p>The speed at which a hydraulic cylinder can move depends on several factors, including the size and design of the cylinder, the hydraulic system&#8217;s pressure and flow rate, and the load being moved.<\/p>\n<p>\u00dcldiselt on h\u00fcdrosilindrid tuntud oma v\u00f5ime poolest pakkuda nii suurt j\u00f5udu kui ka t\u00e4pset juhtimist, kuid nende maksimaalne kiirus on tavaliselt madalam v\u00f5rreldes teist t\u00fc\u00fcpi ajamitega. H\u00fcdrosilindri kiiruse m\u00e4\u00e4rab h\u00fcdraulilise vedeliku silindrikambrisse tarnimise v\u00f5i sealt vabastamise kiirus.<\/p>\n<p>Siin on m\u00f5ned tegurid, mis v\u00f5ivad h\u00fcdraulilise silindri kiirust m\u00f5jutada:<\/p>\n<ol>\n<li><strong>S\u00fcsteemi disain ja komponendid:<\/strong> H\u00fcdraulikas\u00fcsteemi konstruktsioon, sealhulgas pump, ventiilid ja torustik, v\u00f5ib m\u00f5jutada silindri kiirust. S\u00fcsteem peaks olema \u00f5ige suurusega ja konfigureeritud, et tagada soovitud kiiruse saavutamiseks piisav voolukiirus ja r\u00f5hk.<\/li>\n<li><strong>Silindri l\u00e4bim\u00f5\u00f5t ja k\u00e4igu pikkus:<\/strong> Silindri l\u00e4bim\u00f5\u00f5t ja k\u00e4igu pikkus m\u00e4ngivad samuti rolli selle kiiruse m\u00e4\u00e4ramisel. \u00dcldiselt kipuvad suurema l\u00e4bim\u00f5\u00f5duga silindrid liikuma aeglasemalt kui v\u00e4iksemad, kuna silindrikambri t\u00e4itmiseks v\u00f5i t\u00fchjendamiseks on vaja suuremat h\u00fcdraulikavedelikku.<\/li>\n<li><strong>Voolukiirus ja r\u00f5hk:<\/strong> The flow rate and pressure of the hydraulic fluid supplied to the cylinder are critical factors in determining the cylinder&#8217;s speed. Increasing the flow rate or pressure can result in faster movement, while reducing them will slow down the cylinder.<\/li>\n<li><strong>Koormus ja h\u00f5\u00f5rdumine:<\/strong> Silindri kiirust v\u00f5ivad m\u00f5jutada teisaldatava saadetise kaal ja h\u00f5\u00f5rdumine. Raskemate koormate puhul v\u00f5ib vaja minna rohkem j\u00f5udu, mis v\u00f5ib v\u00e4hendada silindri \u00fcldist kiirust. Lisaks v\u00f5ib kiirust m\u00f5jutada ka s\u00fcsteemis suurenenud h\u00f5\u00f5rdumine, n\u00e4iteks tihendite v\u00f5i joondusvea t\u00f5ttu.<\/li>\n<\/ol>\n<h2><strong>Tehase v\u00f5imekus ja suutlikkus:<\/strong><\/h2>\n<h3>(1) Kokkupanek<\/h3>\n<p>Meil on esmaklassiline s\u00f5ltumatu teadus- ja arendustegevuse montaa\u017eiplatvorm. H\u00fcdrosilindrite tootmist\u00f6\u00f6kojas on neli poolautomaatset t\u00f5stesilindrite koosteliini ja \u00fcks automaatne kallutussilindrite koosteliin, mille kavandatud aastane tootmisv\u00f5imsus on 1 miljon t\u00fckki. Spetsiaalsete silindrite t\u00f6\u00f6koda on varustatud erinevate spetsifikatsioonidega poolautomaatse puhastusmontaa\u017eis\u00fcsteemiga, mille kavandatud aastane tootmisv\u00f5imsus on 200 000 ja mis on varustatud kuulsate CNC-t\u00f6\u00f6tlemisseadmete, mehaanilise t\u00f6\u00f6tlemise keskuse, suure t\u00e4psusega silindrite t\u00f6\u00f6tlemise eriseadmete, robotkeevitusmasina, automaatse puhastusmasina, automaatse silindri kokkupanemise masina ja automaatse v\u00e4rvimise tootmisliiniga. Olemasolevad kriitilised seadmed rohkem kui 300 komplekti (komplekti). Seadmete ressursside optimaalne jaotamine ja t\u00f5hus kasutamine tagavad toodete t\u00e4psusn\u00f5uded ja vastavad toodete kvaliteedin\u00f5uetele.<\/p>\n<p><img loading=\"lazy\" decoding=\"async\" class=\"alignnone wp-image-626\" src=\"https:\/\/hydraulic-cylinders.net\/wp-content\/uploads\/2023\/08\/hydraulic-cylinder-product-1-300x158.webp\" alt=\"\" width=\"495\" height=\"260\" srcset=\"https:\/\/hydraulic-cylinders.net\/wp-content\/uploads\/2023\/08\/hydraulic-cylinder-product-1-300x158.webp 495w, https:\/\/hydraulic-cylinders.net\/wp-content\/uploads\/2023\/08\/hydraulic-cylinder-product-1-480x252.webp 480w\" sizes=\"(min-width: 0px) and (max-width: 480px) 480px, (min-width: 481px) 495px, 100vw\" \/> <img loading=\"lazy\" decoding=\"async\" class=\"alignnone wp-image-627\" src=\"https:\/\/hydraulic-cylinders.net\/wp-content\/uploads\/2023\/08\/hydraulic-cylinder-product-2-300x189.webp\" alt=\"\" width=\"413\" height=\"260\" \/><\/p>\n<h3>(2) T\u00f6\u00f6tlemine<\/h3>\n<p>T\u00f6\u00f6deldav t\u00f6\u00f6koda on varustatud kohandatud kallutatud r\u00f6\u00f6pse treipingi keskuse, mehaanilise keskuse, kiire lihvimismasina, keevitusroboti ja muude seotud seadmetega, mis suudavad t\u00f6\u00f6delda silindritorusid, mille maksimaalne sisel\u00e4bim\u00f5\u00f5t on 400 mm ja maksimaalne pikkus on 6 meetrit.<\/p>\n<p><img loading=\"lazy\" decoding=\"async\" class=\"alignnone wp-image-628 size-large\" src=\"https:\/\/hydraulic-cylinders.net\/wp-content\/uploads\/2023\/08\/hydraulic-cylinder-product-3-1024x391.webp\" alt=\"\" width=\"1024\" height=\"391\" srcset=\"https:\/\/hydraulic-cylinders.net\/wp-content\/uploads\/2023\/08\/hydraulic-cylinder-product-3-980x374.webp 980w, https:\/\/hydraulic-cylinders.net\/wp-content\/uploads\/2023\/08\/hydraulic-cylinder-product-3-480x183.webp 480w\" sizes=\"(min-width: 0px) and (max-width: 480px) 480px, (min-width: 481px) and (max-width: 980px) 980px, (min-width: 981px) 1024px, 100vw\" \/><\/p>\n<h3>(3) Keevitamine<\/h3>\n<p><img loading=\"lazy\" decoding=\"async\" class=\"alignnone wp-image-629 size-large\" src=\"https:\/\/hydraulic-cylinders.net\/wp-content\/uploads\/2023\/08\/hydraulic-cylinder-product-4-1024x510.webp\" alt=\"\" width=\"1024\" height=\"510\" srcset=\"https:\/\/hydraulic-cylinders.net\/wp-content\/uploads\/2023\/08\/hydraulic-cylinder-product-4-980x488.webp 980w, https:\/\/hydraulic-cylinders.net\/wp-content\/uploads\/2023\/08\/hydraulic-cylinder-product-4-480x239.webp 480w\" sizes=\"(min-width: 0px) and (max-width: 480px) 480px, (min-width: 481px) and (max-width: 980px) 980px, (min-width: 981px) 1024px, 100vw\" \/><\/p>\n<h3>(4) V\u00e4rvimine ja katmine<\/h3>\n<p>V\u00e4ikese ja keskmise suurusega silindri automaatse veep\u00f5hise v\u00e4rvipinnakattega liinide abil, et saavutada automaatne robotlaadimine ja mahalaadimine ning automaatne pihustamine, projekteerimisv\u00f5imsus 4000 t\u00fckki vahetuse kohta;<br \/>\nMeil on ka poolautomaatne suurte balloonide v\u00e4rvimise tootmisliin, mis t\u00f6\u00f6tab j\u00f5ukettaga ja mille projekteerimisv\u00f5imsus on 60 kasti \u00fche vahetuse kohta.<\/p>\n<p><img loading=\"lazy\" decoding=\"async\" class=\"alignnone wp-image-630\" src=\"https:\/\/hydraulic-cylinders.net\/wp-content\/uploads\/2023\/08\/hydraulic-cylinder-product-5-300x213.webp\" alt=\"\" width=\"366\" height=\"260\" \/> <img loading=\"lazy\" decoding=\"async\" class=\"alignnone wp-image-631\" src=\"https:\/\/hydraulic-cylinders.net\/wp-content\/uploads\/2023\/08\/hydraulic-cylinder-product-6-300x225.webp\" alt=\"\" width=\"347\" height=\"260\" \/><\/p>\n<h3>(5) Testimine<\/h3>\n<p>Meil on esmaklassilised kontrolliseadmed ja katsestendid, et tagada silindri j\u00f5udlus vastavus n\u00f5uetele.<\/p>\n<p><img loading=\"lazy\" decoding=\"async\" class=\"alignnone wp-image-632\" src=\"https:\/\/hydraulic-cylinders.net\/wp-content\/uploads\/2023\/08\/hydraulic-cylinder-product-8-300x200.webp\" alt=\"\" width=\"389\" height=\"260\" \/><\/p>\n<p>&nbsp;<\/p>\n<p>&nbsp;<\/p>\n<p>Me oleme \u00fcks parimaid kergeid nelja vardaga h\u00fcdrosilindrite tootjaid. Me saame pakkuda terviklikku kerget nelja vardaga h\u00fcdrosilindri varu. Pakume ka vastavaid <a href=\"https:\/\/hzpt.com\/agricultural-pto-gearbox\/\" target=\"_blank\" rel=\"noopener\">p\u00f5llumajanduslikud k\u00e4igukastid<\/a>. Oleme eksportinud oma tooteid klientidele \u00fcle kogu maailma ja teeninud hea maine t\u00e4nu meie suurep\u00e4rasele tootekvaliteedile ja m\u00fc\u00fcgij\u00e4rgsele teenindusele. Me tervitame soojalt kliente nii kodus kui ka v\u00e4lismaal, et v\u00f5tta meiega \u00fchendust, et pidada l\u00e4bir\u00e4\u00e4kimisi \u00e4ri, vahetada teavet ja\u00a0<a href=\"https:\/\/www.hydraulic-cylinders.net\/et\/contact-us\/\">teha meiega koost\u00f6\u00f6d<\/a>!<\/p>\n<h2><\/h2>\n<h2><\/h2>","protected":false},"excerpt":{"rendered":"<p>Middle Fixed Trunnion Four Rod Hydraulic Cylinder The middle fixed trunnion four rod hydraulic cylinder is a state-of-the-art hydraulic component designed to deliver exceptional power, stability, and precision in a wide range of industrial applications. With its innovative middle fixed trunnion design and four rod configuration, this four rod hydraulic cylinder offers superior load-bearing capacity, [&hellip;]<\/p>","protected":false},"featured_media":1017,"comment_status":"open","ping_status":"closed","template":"","meta":{"_et_pb_use_builder":"","_et_pb_old_content":"","_et_gb_content_width":""},"product_brand":[],"product_cat":[1376,1386],"product_tag":[1380],"class_list":{"0":"post-1014","1":"product","2":"type-product","3":"status-publish","4":"has-post-thumbnail","6":"product_cat-hydraulic-cylinder","7":"product_cat-four-rod-hydraulic-cylinder","8":"product_tag-hydraulic-cylinder","10":"first","11":"instock","12":"shipping-taxable","13":"product-type-simple"},"amp_enabled":true,"_links":{"self":[{"href":"https:\/\/www.hydraulic-cylinders.net\/et\/wp-json\/wp\/v2\/product\/1014","targetHints":{"allow":["GET"]}}],"collection":[{"href":"https:\/\/www.hydraulic-cylinders.net\/et\/wp-json\/wp\/v2\/product"}],"about":[{"href":"https:\/\/www.hydraulic-cylinders.net\/et\/wp-json\/wp\/v2\/types\/product"}],"replies":[{"embeddable":true,"href":"https:\/\/www.hydraulic-cylinders.net\/et\/wp-json\/wp\/v2\/comments?post=1014"}],"wp:featuredmedia":[{"embeddable":true,"href":"https:\/\/www.hydraulic-cylinders.net\/et\/wp-json\/wp\/v2\/media\/1017"}],"wp:attachment":[{"href":"https:\/\/www.hydraulic-cylinders.net\/et\/wp-json\/wp\/v2\/media?parent=1014"}],"wp:term":[{"taxonomy":"product_brand","embeddable":true,"href":"https:\/\/www.hydraulic-cylinders.net\/et\/wp-json\/wp\/v2\/product_brand?post=1014"},{"taxonomy":"product_cat","embeddable":true,"href":"https:\/\/www.hydraulic-cylinders.net\/et\/wp-json\/wp\/v2\/product_cat?post=1014"},{"taxonomy":"product_tag","embeddable":true,"href":"https:\/\/www.hydraulic-cylinders.net\/et\/wp-json\/wp\/v2\/product_tag?post=1014"}],"curies":[{"name":"wp","href":"https:\/\/api.w.org\/{rel}","templated":true}]}}