{"id":1019,"date":"2023-09-07T03:16:54","date_gmt":"2023-09-07T03:16:54","guid":{"rendered":"https:\/\/hydraulic-cylinders.net\/?post_type=product&#038;p=1019"},"modified":"2023-09-19T01:36:32","modified_gmt":"2023-09-19T01:36:32","slug":"double-pistion-rod-hydraulic-cylinder","status":"publish","type":"product","link":"https:\/\/www.hydraulic-cylinders.net\/et\/toode\/double-pistion-rod-hydraulic-cylinder\/","title":{"rendered":"Topelt kolbvarras h\u00fcdrosilinder"},"content":{"rendered":"<h1 style=\"text-align: center;\"><strong>Topelt kolbvarras h\u00fcdrosilinder<\/strong><\/h1>\n<p><img loading=\"lazy\" decoding=\"async\" class=\"size-full wp-image-1022 aligncenter\" src=\"https:\/\/hydraulic-cylinders.net\/wp-content\/uploads\/2023\/09\/double-piston-rod-hydraulic-cylinder-1-1.webp\" alt=\"\" width=\"281\" height=\"281\" srcset=\"https:\/\/www.hydraulic-cylinders.net\/wp-content\/uploads\/2023\/09\/double-piston-rod-hydraulic-cylinder-1-1.webp 281w, https:\/\/www.hydraulic-cylinders.net\/wp-content\/uploads\/2023\/09\/double-piston-rod-hydraulic-cylinder-1-1-100x100.webp 100w, https:\/\/www.hydraulic-cylinders.net\/wp-content\/uploads\/2023\/09\/double-piston-rod-hydraulic-cylinder-1-1-150x150.webp 150w, https:\/\/www.hydraulic-cylinders.net\/wp-content\/uploads\/2023\/09\/double-piston-rod-hydraulic-cylinder-1-1-12x12.webp 12w\" sizes=\"(max-width: 281px) 100vw, 281px\" \/><\/p>\n<p>Topeltkolvivardaga h\u00fcdrosilinder on tipptasemel h\u00fcdrauliline element, mis on loodud pakkuma suurep\u00e4rast v\u00f5imsust, stabiilsust ja mitmek\u00fclgsust laias valikus t\u00f6\u00f6stuslikes rakendustes. Oma ainulaadse topeltkolvivarda konfiguratsiooniga pakub see h\u00fcdrosilinder suuremat kandev\u00f5imet, t\u00e4pset juhtimist ja usaldusv\u00e4\u00e4rset j\u00f5udlust, muutes selle asendamatuks abivahendiks n\u00f5udlikes h\u00fcdros\u00fcsteemides.<\/p>\n<p>Nelja vardaga h\u00fcdraulilise silindri olulised omadused:<\/p>\n<p><strong>Topeltkolvivarda konfiguratsioon:<\/strong><\/p>\n<ol>\n<li style=\"list-style-type: none;\">\n<ul>\n<li>Kahe kolvivarda konfiguratsioon muudab h\u00fcdrosilindri traditsioonilisest konstruktsioonist erinevaks, pakkudes suuremat stabiilsust, kandev\u00f5imet ja k\u00fclgkoormuskindlust.<\/li>\n<li>See tagab j\u00f5udude s\u00fcmmeetrilise jaotuse, tagades t\u00f6\u00f6tamise ajal tasakaalustatud ja t\u00e4pse liikumise.<\/li>\n<\/ul>\n<\/li>\n<\/ol>\n<p><strong>Suur v\u00e4ljundv\u00f5imsus:<\/strong><\/p>\n<ol>\n<li style=\"list-style-type: none;\">\n<ul>\n<li>Sellel h\u00fcdrosilindril on muljetavaldav v\u00f5imsus, mist\u00f5ttu sobib see rakenduste jaoks, mis n\u00f5uavad palju v\u00f5imsust ja t\u00f5stev\u00f5imet.<\/li>\n<li>See annab spetsiaalse t\u00f5ukej\u00f5u, mis v\u00f5imaldab tal raskete koormustega kergesti toime tulla.<\/li>\n<\/ul>\n<\/li>\n<\/ol>\n<p><strong>T\u00e4pne juhtimine ja positsioneerimine:<\/strong><\/p>\n<ol>\n<li style=\"list-style-type: none;\">\n<ul>\n<li>Kahe kolvivardaga h\u00fcdraulilised silindrid tagavad t\u00e4pse juhtimise lineaarse liikumise \u00fcle, tagades t\u00e4pse positsioneerimise ja sujuva t\u00f6\u00f6.<\/li>\n<li>See tagab suurep\u00e4rase k\u00e4igukontrolli, v\u00f5imaldades operaatoritel saavutada konkreetsete \u00fclesannete jaoks vajaliku kiiruse ja t\u00e4psuse.<\/li>\n<\/ul>\n<\/li>\n<\/ol>\n<p><strong>Mitmek\u00fclgne rakendus:<\/strong><\/p>\n<ul>\n<li style=\"list-style-type: none;\">\n<ul>\n<li>Selle vastupidav konstruktsioon ja mitmek\u00fclgne disain muudavad selle h\u00fcdrosilindri sobivaks erinevatesse t\u00f6\u00f6stusharudesse ja rakendustesse.<\/li>\n<li>Seda saab kasutada rasketehnikas, ehitustehnikas, materjalik\u00e4itluss\u00fcsteemides, p\u00f5llumajandusmasinates jne.<\/li>\n<\/ul>\n<\/li>\n<\/ul>\n<h2><strong>Topeltkolvivarda h\u00fcdraulilise silindri parameeter:<\/strong><\/h2>\n<p><img loading=\"lazy\" decoding=\"async\" class=\"alignnone wp-image-1023 size-full\" src=\"https:\/\/hydraulic-cylinders.net\/wp-content\/uploads\/2023\/09\/double-piston-rod-hydraulic-cylinder-2.webp\" alt=\"\" width=\"654\" height=\"388\" srcset=\"https:\/\/hydraulic-cylinders.net\/wp-content\/uploads\/2023\/09\/double-piston-rod-hydraulic-cylinder-2.webp 654w, https:\/\/hydraulic-cylinders.net\/wp-content\/uploads\/2023\/09\/double-piston-rod-hydraulic-cylinder-2-480x285.webp 480w\" sizes=\"(min-width: 0px) and (max-width: 480px) 480px, (min-width: 481px) 654px, 100vw\" \/><\/p>\n<h2><strong>Topelt kolbvarras h\u00fcdrosilinder <\/strong><strong>Kasutamise meetod<\/strong><strong>:<\/strong><\/h2>\n<p><strong>Paigaldamine ja paigaldamine:<\/strong><\/p>\n<ol>\n<li style=\"list-style-type: none;\">\n<ul>\n<li>H\u00fcdrosilindri sobiva paigalduskoha m\u00e4\u00e4ramiseks s\u00fcsteemis v\u00f5i seadmes arvestage koormusn\u00f5uete ja ruumipiirangutega.<\/li>\n<li>Veenduge, et kinnituspind on puhas, tasane ja suudab silindri raskust toetada.<\/li>\n<li>Kinnitage silindrid soovitatud poltide v\u00f5i kinnitusdetailide abil vastavalt tootja juhistele.<\/li>\n<\/ul>\n<\/li>\n<\/ol>\n<p><strong>H\u00fcdraulilised \u00fchendused:<\/strong><\/p>\n<ol>\n<li style=\"list-style-type: none;\">\n<ul>\n<li>\u00dchendage h\u00fcdraulikavoolik silindri pordiga, tagades lekke v\u00e4ltimiseks korraliku tihendi.<\/li>\n<li>J\u00e4rgige h\u00fcdraulika\u00f5li t\u00fc\u00fcbi kohta tootja soovitusi ja t\u00e4itke s\u00fcsteem soovitatud tasemeni.<\/li>\n<\/ul>\n<\/li>\n<\/ol>\n<p><strong>Toiming:<\/strong><\/p>\n<ul>\n<li style=\"list-style-type: none;\">\n<ul>\n<li>Aktiveerige h\u00fcdraulikas\u00fcsteem ja juhtige silindri liikumist h\u00fcdraulilise juhtventiili v\u00f5i muu sobiva juhtimismehhanismi abil.<\/li>\n<li>Soovitud kiiruse ja v\u00e4ljundj\u00f5u saavutamiseks reguleerige vooluhulga ja r\u00f5hu seadeid.<\/li>\n<li>J\u00e4lgige silindri t\u00f6\u00f6d regulaarselt ebanormaalse k\u00e4itumise, n\u00e4iteks lekke, \u00fclekuumenemise v\u00f5i ebatavalise m\u00fcra suhtes.<\/li>\n<\/ul>\n<\/li>\n<\/ul>\n<h2><strong>Topelt kolbvarras h\u00fcdrosilinder <\/strong><strong>Hooldus<\/strong><strong>:<\/strong><\/h2>\n<p><strong>Regulaarne kontroll:<\/strong><\/p>\n<ol>\n<li style=\"list-style-type: none;\">\n<ul>\n<li>Tehke rutiinseid visuaalseid kontrolle kulumise, lekete v\u00f5i kahjustuste m\u00e4rke avastamiseks.<\/li>\n<li>Kontrollige kolvivarda, tihendeid ja kinnitus\u00fchendusi k\u00f5rvalekallete suhtes ja lahendage k\u00f5ik probleemid viivitamatult.<\/li>\n<\/ul>\n<\/li>\n<\/ol>\n<p><strong>M\u00e4\u00e4rimine:<\/strong><\/p>\n<ol>\n<li style=\"list-style-type: none;\">\n<ul>\n<li>J\u00e4rgige tootja m\u00e4\u00e4rimisintervalli juhiseid ja kasutage sujuva t\u00f6\u00f6 tagamiseks soovitatud m\u00e4\u00e4rdeainet.<\/li>\n<li>M\u00e4\u00e4rige kolvivardaid, tihendeid ja muid liikuvaid osi, et minimeerida h\u00f5\u00f5rdumist ja pikendada silindri eluiga.<\/li>\n<\/ul>\n<\/li>\n<\/ol>\n<p><strong>Tihendi vahetamine:<\/strong><\/p>\n<ul>\n<li style=\"list-style-type: none;\">\n<ul>\n<li>Aja jooksul v\u00f5ivad tihendid kuluda ja need tuleb v\u00e4lja vahetada. Lekke tuvastamisel eemaldage ettevaatlikult vana tihend ja paigaldage uus tihend vastavalt tootja spetsifikatsioonidele.<\/li>\n<\/ul>\n<\/li>\n<\/ul>\n<h2><strong>TB t\u00fc\u00fcpi nelja vardaga h\u00fcdrosilinder <\/strong><strong>Hooldus<\/strong><strong>:<\/strong><\/h2>\n<ol>\n<li><strong>Regulaarne kontroll:<\/strong><\/li>\n<\/ol>\n<ul>\n<li>Kontrollige silindrit perioodiliselt lekete, kahjustuste v\u00f5i liigse kulumise suhtes.<\/li>\n<li>Kontrollige tihendite, varraste ja kinnitusdetailide seisukorda ning vahetage v\u00e4lja k\u00f5ik kulunud v\u00f5i kahjustatud osad.<\/li>\n<\/ul>\n<ol start=\"2\">\n<li><strong>M\u00e4\u00e4rimine:<\/strong><\/li>\n<\/ol>\n<ul>\n<li>J\u00e4rgige tootja soovitusi m\u00e4\u00e4rimisintervallide kohta ja kasutage silindri spetsifikatsioonidele vastavat kvaliteetset h\u00fcdraulika\u00f5li v\u00f5i m\u00e4\u00e4ret.<\/li>\n<li>H\u00f5\u00f5rdumise minimeerimiseks ja sujuva t\u00f6\u00f6 tagamiseks m\u00e4\u00e4rige varda, tihendeid ja muid liikuvaid osi.<\/li>\n<\/ul>\n<ol start=\"3\">\n<li><strong>Puhastamine:<\/strong><\/li>\n<\/ol>\n<ul>\n<li>Hoidke silindrit ja selle \u00fcmbrust puhtana ning vabana prahist, tolmust ja saasteainetest, mis v\u00f5ivad m\u00f5jutada selle j\u00f5udlust.<\/li>\n<li>Silindri v\u00e4lispindade p\u00fchkimiseks kasutage \u00f5rna puhastusvahendit ja pehmet lappi.<\/li>\n<\/ul>\n<h2><strong>Tehase v\u00f5imekus ja suutlikkus:<\/strong><\/h2>\n<h3>(1) Kokkupanek<\/h3>\n<p>Meil on esmaklassiline s\u00f5ltumatu teadus- ja arendustegevuse montaa\u017eiplatvorm. H\u00fcdrosilindrite tootmist\u00f6\u00f6kojas on neli poolautomaatset t\u00f5stesilindrite koosteliini ja \u00fcks automaatne kallutussilindrite koosteliin, mille kavandatud aastane tootmisv\u00f5imsus on 1 miljon t\u00fckki. Spetsiaalsete silindrite t\u00f6\u00f6koda on varustatud erinevate spetsifikatsioonidega poolautomaatse puhastusmontaa\u017eis\u00fcsteemiga, mille kavandatud aastane tootmisv\u00f5imsus on 200 000 ja mis on varustatud kuulsate CNC-t\u00f6\u00f6tlemisseadmete, mehaanilise t\u00f6\u00f6tlemise keskuse, suure t\u00e4psusega silindrite t\u00f6\u00f6tlemise eriseadmete, robotkeevitusmasina, automaatse puhastusmasina, automaatse silindri kokkupanemise masina ja automaatse v\u00e4rvimise tootmisliiniga. Olemasolevad kriitilised seadmed rohkem kui 300 komplekti (komplekti). Seadmete ressursside optimaalne jaotamine ja t\u00f5hus kasutamine tagavad toodete t\u00e4psusn\u00f5uded ja vastavad toodete kvaliteedin\u00f5uetele.<\/p>\n<p><img loading=\"lazy\" decoding=\"async\" class=\"alignnone wp-image-626\" src=\"https:\/\/hydraulic-cylinders.net\/wp-content\/uploads\/2023\/08\/hydraulic-cylinder-product-1-300x158.webp\" alt=\"\" width=\"495\" height=\"260\" srcset=\"https:\/\/hydraulic-cylinders.net\/wp-content\/uploads\/2023\/08\/hydraulic-cylinder-product-1-300x158.webp 495w, https:\/\/hydraulic-cylinders.net\/wp-content\/uploads\/2023\/08\/hydraulic-cylinder-product-1-480x252.webp 480w\" sizes=\"(min-width: 0px) and (max-width: 480px) 480px, (min-width: 481px) 495px, 100vw\" \/> <img loading=\"lazy\" decoding=\"async\" class=\"alignnone wp-image-627\" src=\"https:\/\/hydraulic-cylinders.net\/wp-content\/uploads\/2023\/08\/hydraulic-cylinder-product-2-300x189.webp\" alt=\"\" width=\"413\" height=\"260\" \/><\/p>\n<h3>(2) T\u00f6\u00f6tlemine<\/h3>\n<p>T\u00f6\u00f6deldav t\u00f6\u00f6koda on varustatud kohandatud kallutatud r\u00f6\u00f6pse treipingi keskuse, mehaanilise keskuse, kiire lihvimismasina, keevitusroboti ja muude seotud seadmetega, mis suudavad t\u00f6\u00f6delda silindritorusid, mille maksimaalne sisel\u00e4bim\u00f5\u00f5t on 400 mm ja maksimaalne pikkus on 6 meetrit.<\/p>\n<p><img loading=\"lazy\" decoding=\"async\" class=\"alignnone wp-image-628 size-large\" src=\"https:\/\/hydraulic-cylinders.net\/wp-content\/uploads\/2023\/08\/hydraulic-cylinder-product-3-1024x391.webp\" alt=\"\" width=\"1024\" height=\"391\" srcset=\"https:\/\/hydraulic-cylinders.net\/wp-content\/uploads\/2023\/08\/hydraulic-cylinder-product-3-980x374.webp 980w, https:\/\/hydraulic-cylinders.net\/wp-content\/uploads\/2023\/08\/hydraulic-cylinder-product-3-480x183.webp 480w\" sizes=\"(min-width: 0px) and (max-width: 480px) 480px, (min-width: 481px) and (max-width: 980px) 980px, (min-width: 981px) 1024px, 100vw\" \/><\/p>\n<h3>(3) Keevitamine<\/h3>\n<p><img loading=\"lazy\" decoding=\"async\" class=\"alignnone wp-image-629 size-large\" src=\"https:\/\/hydraulic-cylinders.net\/wp-content\/uploads\/2023\/08\/hydraulic-cylinder-product-4-1024x510.webp\" alt=\"\" width=\"1024\" height=\"510\" srcset=\"https:\/\/hydraulic-cylinders.net\/wp-content\/uploads\/2023\/08\/hydraulic-cylinder-product-4-980x488.webp 980w, https:\/\/hydraulic-cylinders.net\/wp-content\/uploads\/2023\/08\/hydraulic-cylinder-product-4-480x239.webp 480w\" sizes=\"(min-width: 0px) and (max-width: 480px) 480px, (min-width: 481px) and (max-width: 980px) 980px, (min-width: 981px) 1024px, 100vw\" \/><\/p>\n<h3>(4) V\u00e4rvimine ja katmine<\/h3>\n<p>V\u00e4ikese ja keskmise suurusega silindri automaatse veep\u00f5hise v\u00e4rvipinnakattega liinide abil, et saavutada automaatne robotlaadimine ja mahalaadimine ning automaatne pihustamine, projekteerimisv\u00f5imsus 4000 t\u00fckki vahetuse kohta;<br \/>\nMeil on ka poolautomaatne suurte balloonide v\u00e4rvimise tootmisliin, mis t\u00f6\u00f6tab j\u00f5ukettaga ja mille projekteerimisv\u00f5imsus on 60 kasti \u00fche vahetuse kohta.<\/p>\n<p><img loading=\"lazy\" decoding=\"async\" class=\"alignnone wp-image-630\" src=\"https:\/\/hydraulic-cylinders.net\/wp-content\/uploads\/2023\/08\/hydraulic-cylinder-product-5-300x213.webp\" alt=\"\" width=\"366\" height=\"260\" \/> <img loading=\"lazy\" decoding=\"async\" class=\"alignnone wp-image-631\" src=\"https:\/\/hydraulic-cylinders.net\/wp-content\/uploads\/2023\/08\/hydraulic-cylinder-product-6-300x225.webp\" alt=\"\" width=\"347\" height=\"260\" \/><\/p>\n<h3>(5) Testimine<\/h3>\n<p>Meil on esmaklassilised kontrolliseadmed ja katsestendid, et tagada silindri j\u00f5udlus vastavus n\u00f5uetele.<\/p>\n<p><img loading=\"lazy\" decoding=\"async\" class=\"alignnone wp-image-632\" src=\"https:\/\/hydraulic-cylinders.net\/wp-content\/uploads\/2023\/08\/hydraulic-cylinder-product-8-300x200.webp\" alt=\"\" width=\"389\" height=\"260\" \/><\/p>\n<p>&nbsp;<\/p>\n<p>&nbsp;<\/p>\n<p>Me oleme \u00fcks parimaid kergeid nelja vardaga h\u00fcdrosilindrite tootjaid. Me saame pakkuda terviklikku kerget nelja vardaga h\u00fcdrosilindri varu. Pakume ka vastavaid <a href=\"https:\/\/hzpt.com\/agricultural-pto-gearbox\/\" target=\"_blank\" rel=\"noopener\">p\u00f5llumajanduslikud k\u00e4igukastid<\/a>. Oleme eksportinud oma tooteid klientidele \u00fcle kogu maailma ja teeninud hea maine t\u00e4nu meie suurep\u00e4rasele tootekvaliteedile ja m\u00fc\u00fcgij\u00e4rgsele teenindusele. Me tervitame soojalt kliente nii kodus kui ka v\u00e4lismaal, et v\u00f5tta meiega \u00fchendust, et pidada l\u00e4bir\u00e4\u00e4kimisi \u00e4ri, vahetada teavet ja\u00a0<a href=\"https:\/\/www.hydraulic-cylinders.net\/et\/contact-us\/\">teha meiega koost\u00f6\u00f6d<\/a>!<\/p>\n<h2><\/h2>\n<h2><\/h2>","protected":false},"excerpt":{"rendered":"<p>Double Piston Rod Hydraulic Cylinder The double piston rod hydraulic cylinder is a cutting-edge hydraulic element designed to provide superior power, stability, and versatility for a wide range of industrial applications. With its unique dual piston rod configuration, this hydraulic cylinder offers enhanced load-carrying capacity, precise control, and reliable performance, making it an indispensable asset [&hellip;]<\/p>","protected":false},"featured_media":1024,"comment_status":"open","ping_status":"closed","template":"","meta":{"_et_pb_use_builder":"","_et_pb_old_content":"","_et_gb_content_width":""},"product_brand":[],"product_cat":[1376,1386],"product_tag":[1380],"class_list":{"0":"post-1019","1":"product","2":"type-product","3":"status-publish","4":"has-post-thumbnail","6":"product_cat-hydraulic-cylinder","7":"product_cat-four-rod-hydraulic-cylinder","8":"product_tag-hydraulic-cylinder","10":"first","11":"instock","12":"shipping-taxable","13":"product-type-simple"},"amp_enabled":true,"_links":{"self":[{"href":"https:\/\/www.hydraulic-cylinders.net\/et\/wp-json\/wp\/v2\/product\/1019","targetHints":{"allow":["GET"]}}],"collection":[{"href":"https:\/\/www.hydraulic-cylinders.net\/et\/wp-json\/wp\/v2\/product"}],"about":[{"href":"https:\/\/www.hydraulic-cylinders.net\/et\/wp-json\/wp\/v2\/types\/product"}],"replies":[{"embeddable":true,"href":"https:\/\/www.hydraulic-cylinders.net\/et\/wp-json\/wp\/v2\/comments?post=1019"}],"wp:featuredmedia":[{"embeddable":true,"href":"https:\/\/www.hydraulic-cylinders.net\/et\/wp-json\/wp\/v2\/media\/1024"}],"wp:attachment":[{"href":"https:\/\/www.hydraulic-cylinders.net\/et\/wp-json\/wp\/v2\/media?parent=1019"}],"wp:term":[{"taxonomy":"product_brand","embeddable":true,"href":"https:\/\/www.hydraulic-cylinders.net\/et\/wp-json\/wp\/v2\/product_brand?post=1019"},{"taxonomy":"product_cat","embeddable":true,"href":"https:\/\/www.hydraulic-cylinders.net\/et\/wp-json\/wp\/v2\/product_cat?post=1019"},{"taxonomy":"product_tag","embeddable":true,"href":"https:\/\/www.hydraulic-cylinders.net\/et\/wp-json\/wp\/v2\/product_tag?post=1019"}],"curies":[{"name":"wp","href":"https:\/\/api.w.org\/{rel}","templated":true}]}}