{"id":1105,"date":"2023-09-11T07:55:14","date_gmt":"2023-09-11T07:55:14","guid":{"rendered":"https:\/\/hydraulic-cylinders.net\/?post_type=product&#038;p=1105"},"modified":"2023-09-19T02:17:30","modified_gmt":"2023-09-19T02:17:30","slug":"piston-rod-end-with-external-thread-connection-engineering-hydraulic-cylinder","status":"publish","type":"product","link":"https:\/\/www.hydraulic-cylinders.net\/et\/toode\/piston-rod-end-with-external-thread-connection-engineering-hydraulic-cylinder\/","title":{"rendered":"Kolbvarda ots v\u00e4lise keermega \u00fchendus Engineering h\u00fcdrosilinder"},"content":{"rendered":"<h1 style=\"text-align: center;\"><strong>Kolbvarda ots v\u00e4lise keermega \u00fchendus Engineering h\u00fcdrosilinder<\/strong><\/h1>\n<p>Inseneri h\u00fcdraulilise silindri kolvivarda otsas asub v\u00e4liskeermega \u00fchendusega kolvivarda ots. Tavaliselt on sellel keermestatud osad, mis v\u00f5imaldavad erinevate komponentide, n\u00e4iteks kinnitusklambrite, pragude v\u00f5i muude kandekonstruktsioonide ohutut kinnitamist.<\/p>\n<p>HSG seeria insener-h\u00fcdrauliline silinder on kahetoimeline kolvivardaga h\u00fcdrauliline silinder. Paigaldusviis on k\u00f5rvar\u00f5nga t\u00fc\u00fcpi. Silindripea ja silindriploki vahelise \u00fchenduse j\u00e4rgi on olemas kolme t\u00fc\u00fcpi \u00fchendusi: v\u00e4liskeermega \u00fchendus, sisemine kriitiline kaart\u00fchendus ja \u00e4\u00e4rik\u00fchendus. Insener-h\u00fcdraulilist silindrit kasutatakse peamiselt ehituses, t\u00f5ste-, kaevandus- ja muudes h\u00fcdraulikas\u00fcsteemides.<\/p>\n<p><img loading=\"lazy\" decoding=\"async\" class=\"aligncenter wp-image-1106\" src=\"https:\/\/hydraulic-cylinders.net\/wp-content\/uploads\/2023\/09\/hsg-hydraulic-cylinder-3-1-300x300.webp\" alt=\"\" width=\"400\" height=\"400\" \/><\/p>\n<h2><strong>HSG Engineering h\u00fcdraulilise silindri parameeter<\/strong><strong>:<\/strong><\/h2>\n<p><img loading=\"lazy\" decoding=\"async\" class=\"alignnone wp-image-1107 size-full\" src=\"https:\/\/hydraulic-cylinders.net\/wp-content\/uploads\/2023\/09\/hsg-engineering-hydraulic-cylinder-parameter-1-scaled.webp\" alt=\"\" width=\"2560\" height=\"1848\" srcset=\"https:\/\/hydraulic-cylinders.net\/wp-content\/uploads\/2023\/09\/hsg-engineering-hydraulic-cylinder-parameter-1-scaled.webp 2560w, https:\/\/hydraulic-cylinders.net\/wp-content\/uploads\/2023\/09\/hsg-engineering-hydraulic-cylinder-parameter-1-1280x924.webp 1280w, https:\/\/hydraulic-cylinders.net\/wp-content\/uploads\/2023\/09\/hsg-engineering-hydraulic-cylinder-parameter-1-980x707.webp 980w, https:\/\/hydraulic-cylinders.net\/wp-content\/uploads\/2023\/09\/hsg-engineering-hydraulic-cylinder-parameter-1-480x347.webp 480w\" sizes=\"(min-width: 0px) and (max-width: 480px) 480px, (min-width: 481px) and (max-width: 980px) 980px, (min-width: 981px) and (max-width: 1280px) 1280px, (min-width: 1281px) 2560px, 100vw\" \/> <img loading=\"lazy\" decoding=\"async\" class=\"alignnone wp-image-1108 size-full\" src=\"https:\/\/hydraulic-cylinders.net\/wp-content\/uploads\/2023\/09\/hsg-engineering-hydraulic-cylinder-parameter-2-scaled.webp\" alt=\"\" width=\"2269\" height=\"2560\" srcset=\"https:\/\/hydraulic-cylinders.net\/wp-content\/uploads\/2023\/09\/hsg-engineering-hydraulic-cylinder-parameter-2-scaled.webp 2269w, https:\/\/hydraulic-cylinders.net\/wp-content\/uploads\/2023\/09\/hsg-engineering-hydraulic-cylinder-parameter-2-1280x1444.webp 1280w, https:\/\/hydraulic-cylinders.net\/wp-content\/uploads\/2023\/09\/hsg-engineering-hydraulic-cylinder-parameter-2-980x1106.webp 980w, https:\/\/hydraulic-cylinders.net\/wp-content\/uploads\/2023\/09\/hsg-engineering-hydraulic-cylinder-parameter-2-480x542.webp 480w\" sizes=\"(min-width: 0px) and (max-width: 480px) 480px, (min-width: 481px) and (max-width: 980px) 980px, (min-width: 981px) and (max-width: 1280px) 1280px, (min-width: 1281px) 2269px, 100vw\" \/> <img loading=\"lazy\" decoding=\"async\" class=\"alignnone wp-image-1109 size-full\" src=\"https:\/\/hydraulic-cylinders.net\/wp-content\/uploads\/2023\/09\/hsg-engineering-hydraulic-cylinder-parameter-3-scaled.webp\" alt=\"\" width=\"2112\" height=\"2560\" srcset=\"https:\/\/hydraulic-cylinders.net\/wp-content\/uploads\/2023\/09\/hsg-engineering-hydraulic-cylinder-parameter-3-scaled.webp 2112w, https:\/\/hydraulic-cylinders.net\/wp-content\/uploads\/2023\/09\/hsg-engineering-hydraulic-cylinder-parameter-3-1280x1552.webp 1280w, https:\/\/hydraulic-cylinders.net\/wp-content\/uploads\/2023\/09\/hsg-engineering-hydraulic-cylinder-parameter-3-980x1188.webp 980w, https:\/\/hydraulic-cylinders.net\/wp-content\/uploads\/2023\/09\/hsg-engineering-hydraulic-cylinder-parameter-3-480x582.webp 480w\" sizes=\"(min-width: 0px) and (max-width: 480px) 480px, (min-width: 481px) and (max-width: 980px) 980px, (min-width: 981px) and (max-width: 1280px) 1280px, (min-width: 1281px) 2112px, 100vw\" \/><\/p>\n<h2><strong>HSG Engineering h\u00fcdrauliline silinder <\/strong><strong>Eelised<\/strong><strong>:<\/strong><\/h2>\n<p>V\u00e4lise keerme\u00fchendusega kolvivarda ots pakub h\u00fcdrauliliste silindrite valmistamisel mitmeid eeliseid:<\/p>\n<ol>\n<li>Mitmek\u00fclgsus:\n<ul>\n<li>Keermes\u00fchendused pakuvad paindlikkust erinevate komponentide v\u00f5i kandekonstruktsioonide \u00fchendamiseks, v\u00f5imaldades kohandamist ja kohandamist erinevate rakenduste n\u00f5uetega.<\/li>\n<\/ul>\n<\/li>\n<li>Turvaline kinnitus:\n<ul>\n<li>V\u00e4liskeermed tagavad kindla ja usaldusv\u00e4\u00e4rse \u00fchenduse, minimeerides t\u00f6\u00f6 ajal lahti minemise v\u00f5i lahti tulemise ohtu.<\/li>\n<li>See suurendab h\u00fcdrauliliste silindrite komplektide ohutust ja stabiilsust, eriti n\u00f5udlikes v\u00f5i suure tugevusega rakendustes.<\/li>\n<\/ul>\n<\/li>\n<li>Hoolduse ja asendamise lihtsus:\n<ul>\n<li>V\u00e4lised keermestatud \u00fchendused lihtsustavad osade hooldust ja vahetamist, v\u00f5imaldades kiiret lahtiv\u00f5tmist ja kokkupanekut.<\/li>\n<li>See aitab kontrollida, parandada v\u00f5i asendada kahjustatud v\u00f5i kulunud osi, v\u00e4hendades seisakuid ja parandades s\u00fcsteemi \u00fcldist t\u00f5husust.<\/li>\n<\/ul>\n<\/li>\n<\/ol>\n<h2><strong>HSG Engineering h\u00fcdrauliline silinder<\/strong><strong> Rakendused:<\/strong><\/h2>\n<p>Kolvivarda otsa v\u00e4liskeerme\u00fchendus pakub mitmek\u00fclgsust ja mugavust erinevates insenerirakendustes, sealhulgas:<\/p>\n<ol>\n<li><strong>Kinnitusklambrid ja toed:<\/strong>\n<ul>\n<li>Keermestatud \u00fchendus v\u00f5imaldab h\u00fcdrosilindri k\u00fclge kinnitada kinnitusklambreid v\u00f5i tugesid.<\/li>\n<li>Need kronsteinid v\u00f5i toed pakuvad silindrikomplektile t\u00e4iendavat stabiilsust ja konstruktsioonilist tuge, tagades \u00f5ige joondamise ja koormuse jaotamise.<\/li>\n<\/ul>\n<\/li>\n<li><strong>Seostusmehhanismid:<\/strong>\n<ul>\n<li>V\u00e4lised keermed v\u00f5imaldavad \u00fchendusvarda mehhanisme, n\u00e4iteks sooni v\u00f5i kuulliigendit, varda otsaga \u00fchendada.<\/li>\n<li>Need \u00fchendused h\u00f5lbustavad j\u00f5u ja liikumise \u00fclekandmist h\u00fcdrauliliste silindrite ja muude mehaaniliste komponentide vahel, v\u00f5imaldades kontrollitud liikumist ja t\u00e4pset positsioneerimist.<\/li>\n<\/ul>\n<\/li>\n<li><strong>Kandekonstruktsioonid:<\/strong>\n<ul>\n<li>Keermestatud \u00fchendus kinnitab kandekonstruktsiooni v\u00f5i seadme otse kolvivarda otsa k\u00fclge.<\/li>\n<li>See v\u00f5imaldab h\u00fcdrosilindril rakendada j\u00f5udu ja toetada v\u00e4liste esemete v\u00f5i masinate raskust, muutes selle sobivaks raskete esemete t\u00f5stmiseks, l\u00fckkamiseks v\u00f5i t\u00f5mbamiseks.<\/li>\n<\/ul>\n<\/li>\n<\/ol>\n<h2><strong>Kuidas h\u00fcdraulilist silindrit uuesti pakkida?<\/strong><\/h2>\n<p>H\u00fcdrosilindri pakkimine h\u00f5lmab tihendite ja muude aja jooksul kulunud v\u00f5i kahjustatud komponentide v\u00e4ljavahetamist. Siin on \u00fcldine samm-sammult juhend h\u00fcdrosilindri pakkimiseks:<\/p>\n<ol>\n<li><strong>Ettevalmistus:<\/strong>\n<ul>\n<li>Veenduge, et h\u00fcdros\u00fcsteem on r\u00f5huvaba ja silinder on t\u00e4ielikult sisse t\u00f5mmatud.<\/li>\n<li>Koguge oma silindri mudeli jaoks vajalikud t\u00f6\u00f6riistad ja vahetustihendid v\u00f5i tihendite komplektid.<\/li>\n<li>T\u00e4psemate juhiste v\u00f5i ettevaatusabin\u00f5ude saamiseks vaadake tootja dokumentatsiooni v\u00f5i hooldusjuhendit.<\/li>\n<\/ul>\n<\/li>\n<li><strong>Eemaldage silinder:<\/strong>\n<ul>\n<li>\u00dchendage lahti k\u00f5ik silindriga \u00fchendatud h\u00fcdraulikavoolikud v\u00f5i liitmikud.<\/li>\n<li>Eemaldage k\u00f5ik kinnitusklambrid v\u00f5i komponendid, mis v\u00f5ivad olla silindri k\u00fclge kinnitatud.<\/li>\n<li>Eemaldage silinder ettevaatlikult seadmelt v\u00f5i masinalt, millele see on paigaldatud.<\/li>\n<\/ul>\n<\/li>\n<li><strong>Silindri lahtiv\u00f5tmine:<\/strong>\n<ul>\n<li>Hoidke silindrit kindlalt ja eemaldage kolvivarda otsakork v\u00f5i pea sobivate t\u00f6\u00f6riistade abil.<\/li>\n<li>Eemaldage silindri korpusest kolb, kolvivarras ja nendega seotud komponendid.<\/li>\n<li>Kontrollige komponente kulumise, kahjustuste v\u00f5i korrosiooni tunnuste suhtes.<\/li>\n<\/ul>\n<\/li>\n<li><strong>Vanade tihendite eemaldamine:<\/strong>\n<ul>\n<li>Leidke ja eemaldage silindris olevad vanad tihendid, sh kolvitihendid, vardatihendid ja k\u00f5ik muud tihendid.<\/li>\n<li>Puhastage hoolikalt silindri korpuse ja kolvivarda tihendi sooned ja sisepinnad.<\/li>\n<\/ul>\n<\/li>\n<li><strong>Uute tihendite paigaldamine:<\/strong>\n<ul>\n<li>M\u00e4\u00e4rige uusi tihendeid sobiva h\u00fcdraulikavedeliku v\u00f5i hermeetikuga vastavalt tootja soovitustele.<\/li>\n<li>Paigaldage uued tihendid nende soontesse, tagades \u00f5ige orientatsiooni ja joonduse.<\/li>\n<li>Paigaldamise ajal tihendi kahjustamise v\u00e4ltimiseks kasutage tihendite paigaldust\u00f6\u00f6riistu v\u00f5i sobivaid improviseeritud meetodeid.<\/li>\n<\/ul>\n<\/li>\n<li><strong>Silindri uuesti kokkupanek:<\/strong>\n<ul>\n<li>Paigaldage kolb, kolvivarras ja nendega seotud komponendid silindri korpusesse tagasi.<\/li>\n<li>Kandke silindri silindri ja kolvivarda sisepindadele \u00f5huke kiht h\u00fcdraulilist vedelikku v\u00f5i m\u00e4\u00e4rdeainet.<\/li>\n<li>Kinnitage kolvivarda otsakork v\u00f5i pea ettevaatlikult tagasi, tagades \u00f5ige joonduse ja pingutamise vastavalt tootja spetsifikatsioonidele.<\/li>\n<\/ul>\n<\/li>\n<li><strong>Silindri testimine ja uuesti paigaldamine:<\/strong>\n<ul>\n<li>\u00dchendage silindriga uuesti k\u00f5ik h\u00fcdraulikavoolikud v\u00f5i liitmikud.<\/li>\n<li>Paigaldage silinder ettevaatlikult seadmele v\u00f5i masinale tagasi, tagades \u00f5ige joonduse ja kinnituse.<\/li>\n<li>Survestage aeglaselt h\u00fcdraulikas\u00fcsteemi ja kontrollige lekete v\u00f5i ebanormaalse t\u00f6\u00f6 suhtes.<\/li>\n<li>N\u00f5uetekohase toimimise tagamiseks t\u00f5mmake silinder t\u00e4ielikult v\u00e4lja ja sisse.<\/li>\n<\/ul>\n<\/li>\n<li><strong>Hooldus ja testimine:<\/strong>\n<ul>\n<li>Kontrollige ja hooldage h\u00fcdraulilist silindrit regulaarselt, et tagada optimaalne j\u00f5udlus ja v\u00e4ltida tihendite enneaegset purunemist.<\/li>\n<li>J\u00e4lgige lekete, liigse kulumise v\u00f5i muude probleemide m\u00e4rke ja tegelege nendega viivitamatult.<\/li>\n<li>Tehke perioodilisi katseid ja kohandusi vastavalt tootja soovitustele v\u00f5i konkreetse rakenduse n\u00f5uete alusel.<\/li>\n<\/ul>\n<\/li>\n<\/ol>\n<h2><strong>Tehase v\u00f5imekus ja suutlikkus:<\/strong><\/h2>\n<h3>(1) Kokkupanek<\/h3>\n<p>Meil on esmaklassiline s\u00f5ltumatu teadus- ja arendustegevuse montaa\u017eiplatvorm. H\u00fcdrosilindrite tootmist\u00f6\u00f6kojas on neli poolautomaatset t\u00f5stesilindrite koosteliini ja \u00fcks automaatne kallutussilindrite koosteliin, mille kavandatud aastane tootmisv\u00f5imsus on 1 miljon t\u00fckki. Spetsiaalsete silindrite t\u00f6\u00f6koda on varustatud erinevate spetsifikatsioonidega poolautomaatse puhastusmontaa\u017eis\u00fcsteemiga, mille kavandatud aastane tootmisv\u00f5imsus on 200 000 ja mis on varustatud kuulsate CNC-t\u00f6\u00f6tlemisseadmete, mehaanilise t\u00f6\u00f6tlemise keskuse, suure t\u00e4psusega silindrite t\u00f6\u00f6tlemise eriseadmete, robotkeevitusmasina, automaatse puhastusmasina, automaatse silindri kokkupanemise masina ja automaatse v\u00e4rvimise tootmisliiniga. Olemasolevad kriitilised seadmed rohkem kui 300 komplekti (komplekti). Seadmete ressursside optimaalne jaotamine ja t\u00f5hus kasutamine tagavad toodete t\u00e4psusn\u00f5uded ja vastavad toodete kvaliteedin\u00f5uetele.<\/p>\n<p><img loading=\"lazy\" decoding=\"async\" class=\"alignnone wp-image-626\" src=\"https:\/\/hydraulic-cylinders.net\/wp-content\/uploads\/2023\/08\/hydraulic-cylinder-product-1-300x158.webp\" alt=\"\" width=\"495\" height=\"260\" srcset=\"https:\/\/hydraulic-cylinders.net\/wp-content\/uploads\/2023\/08\/hydraulic-cylinder-product-1-300x158.webp 495w, https:\/\/hydraulic-cylinders.net\/wp-content\/uploads\/2023\/08\/hydraulic-cylinder-product-1-480x252.webp 480w\" sizes=\"(min-width: 0px) and (max-width: 480px) 480px, (min-width: 481px) 495px, 100vw\" \/> <img loading=\"lazy\" decoding=\"async\" class=\"alignnone wp-image-627\" src=\"https:\/\/hydraulic-cylinders.net\/wp-content\/uploads\/2023\/08\/hydraulic-cylinder-product-2-300x189.webp\" alt=\"\" width=\"413\" height=\"260\" \/><\/p>\n<h3>(2) T\u00f6\u00f6tlemine<\/h3>\n<p>T\u00f6\u00f6deldav t\u00f6\u00f6koda on varustatud kohandatud kallutatud r\u00f6\u00f6pse treipingi keskuse, mehaanilise keskuse, kiire lihvimismasina, keevitusroboti ja muude seotud seadmetega, mis suudavad t\u00f6\u00f6delda silindritorusid, mille maksimaalne sisel\u00e4bim\u00f5\u00f5t on 400 mm ja maksimaalne pikkus on 6 meetrit.<\/p>\n<p><img loading=\"lazy\" decoding=\"async\" class=\"alignnone wp-image-628 size-large\" src=\"https:\/\/hydraulic-cylinders.net\/wp-content\/uploads\/2023\/08\/hydraulic-cylinder-product-3-1024x391.webp\" alt=\"\" width=\"1024\" height=\"391\" srcset=\"https:\/\/hydraulic-cylinders.net\/wp-content\/uploads\/2023\/08\/hydraulic-cylinder-product-3-980x374.webp 980w, https:\/\/hydraulic-cylinders.net\/wp-content\/uploads\/2023\/08\/hydraulic-cylinder-product-3-480x183.webp 480w\" sizes=\"(min-width: 0px) and (max-width: 480px) 480px, (min-width: 481px) and (max-width: 980px) 980px, (min-width: 981px) 1024px, 100vw\" \/><\/p>\n<h3>(3) Keevitamine<\/h3>\n<p><img loading=\"lazy\" decoding=\"async\" class=\"alignnone wp-image-629 size-large\" src=\"https:\/\/hydraulic-cylinders.net\/wp-content\/uploads\/2023\/08\/hydraulic-cylinder-product-4-1024x510.webp\" alt=\"\" width=\"1024\" height=\"510\" srcset=\"https:\/\/hydraulic-cylinders.net\/wp-content\/uploads\/2023\/08\/hydraulic-cylinder-product-4-980x488.webp 980w, https:\/\/hydraulic-cylinders.net\/wp-content\/uploads\/2023\/08\/hydraulic-cylinder-product-4-480x239.webp 480w\" sizes=\"(min-width: 0px) and (max-width: 480px) 480px, (min-width: 481px) and (max-width: 980px) 980px, (min-width: 981px) 1024px, 100vw\" \/><\/p>\n<h3>(4) V\u00e4rvimine ja katmine<\/h3>\n<p>V\u00e4ikese ja keskmise suurusega silindri automaatse veep\u00f5hise v\u00e4rvipinnakattega liinide abil, et saavutada automaatne robotlaadimine ja mahalaadimine ning automaatne pihustamine, projekteerimisv\u00f5imsus 4000 t\u00fckki vahetuse kohta;<br \/>\nMeil on ka poolautomaatne suurte balloonide v\u00e4rvimise tootmisliin, mis t\u00f6\u00f6tab j\u00f5ukettaga ja mille projekteerimisv\u00f5imsus on 60 kasti \u00fche vahetuse kohta.<\/p>\n<p><img loading=\"lazy\" decoding=\"async\" class=\"alignnone wp-image-630\" src=\"https:\/\/hydraulic-cylinders.net\/wp-content\/uploads\/2023\/08\/hydraulic-cylinder-product-5-300x213.webp\" alt=\"\" width=\"366\" height=\"260\" \/> <img loading=\"lazy\" decoding=\"async\" class=\"alignnone wp-image-631\" src=\"https:\/\/hydraulic-cylinders.net\/wp-content\/uploads\/2023\/08\/hydraulic-cylinder-product-6-300x225.webp\" alt=\"\" width=\"347\" height=\"260\" \/><\/p>\n<h3>(5) Testimine<\/h3>\n<p>Meil on esmaklassilised kontrolliseadmed ja katsestendid, et tagada silindri j\u00f5udlus vastavus n\u00f5uetele.<\/p>\n<p><img loading=\"lazy\" decoding=\"async\" class=\"alignnone wp-image-632\" src=\"https:\/\/hydraulic-cylinders.net\/wp-content\/uploads\/2023\/08\/hydraulic-cylinder-product-8-300x200.webp\" alt=\"\" width=\"389\" height=\"260\" \/><\/p>\n<p>&nbsp;<\/p>\n<p>&nbsp;<\/p>\n<p>Oleme \u00fcks parimaid h\u00fcdrauliliste silindrite tootjaid. Pakume laia valikut h\u00fcdraulilisi silindreid. Pakume ka vastavaid... <a href=\"https:\/\/hzpt.com\/agricultural-pto-gearbox\/\" target=\"_blank\" rel=\"noopener\">p\u00f5llumajanduslikud k\u00e4igukastid<\/a>. Oleme eksportinud oma tooteid klientidele \u00fcle kogu maailma ja teeninud hea maine t\u00e4nu meie suurep\u00e4rasele tootekvaliteedile ja m\u00fc\u00fcgij\u00e4rgsele teenindusele. Me tervitame soojalt kliente nii kodus kui ka v\u00e4lismaal, et v\u00f5tta meiega \u00fchendust, et pidada l\u00e4bir\u00e4\u00e4kimisi \u00e4ri, vahetada teavet ja\u00a0<a href=\"https:\/\/www.hydraulic-cylinders.net\/et\/contact-us\/\">teha meiega koost\u00f6\u00f6d<\/a>!<\/p>\n<h2><\/h2>\n<h2><\/h2>","protected":false},"excerpt":{"rendered":"<p>Piston Rod End With External Thread Connection Engineering Hydraulic Cylinder The piston rod end with an external thread connection is located at the end of the engineering hydraulic cylinder piston rod. It usually has threaded sections that allow for the safe fastening of various components, such as mounting brackets, cracks, or other load-bearing structures. HSG [&hellip;]<\/p>","protected":false},"featured_media":1110,"comment_status":"open","ping_status":"closed","template":"","meta":{"_et_pb_use_builder":"","_et_pb_old_content":"","_et_gb_content_width":""},"product_brand":[],"product_cat":[1376],"product_tag":[1380],"class_list":{"0":"post-1105","1":"product","2":"type-product","3":"status-publish","4":"has-post-thumbnail","6":"product_cat-hydraulic-cylinder","7":"product_tag-hydraulic-cylinder","9":"first","10":"instock","11":"shipping-taxable","12":"product-type-simple"},"amp_enabled":true,"_links":{"self":[{"href":"https:\/\/www.hydraulic-cylinders.net\/et\/wp-json\/wp\/v2\/product\/1105","targetHints":{"allow":["GET"]}}],"collection":[{"href":"https:\/\/www.hydraulic-cylinders.net\/et\/wp-json\/wp\/v2\/product"}],"about":[{"href":"https:\/\/www.hydraulic-cylinders.net\/et\/wp-json\/wp\/v2\/types\/product"}],"replies":[{"embeddable":true,"href":"https:\/\/www.hydraulic-cylinders.net\/et\/wp-json\/wp\/v2\/comments?post=1105"}],"wp:featuredmedia":[{"embeddable":true,"href":"https:\/\/www.hydraulic-cylinders.net\/et\/wp-json\/wp\/v2\/media\/1110"}],"wp:attachment":[{"href":"https:\/\/www.hydraulic-cylinders.net\/et\/wp-json\/wp\/v2\/media?parent=1105"}],"wp:term":[{"taxonomy":"product_brand","embeddable":true,"href":"https:\/\/www.hydraulic-cylinders.net\/et\/wp-json\/wp\/v2\/product_brand?post=1105"},{"taxonomy":"product_cat","embeddable":true,"href":"https:\/\/www.hydraulic-cylinders.net\/et\/wp-json\/wp\/v2\/product_cat?post=1105"},{"taxonomy":"product_tag","embeddable":true,"href":"https:\/\/www.hydraulic-cylinders.net\/et\/wp-json\/wp\/v2\/product_tag?post=1105"}],"curies":[{"name":"wp","href":"https:\/\/api.w.org\/{rel}","templated":true}]}}