{"id":1111,"date":"2023-09-11T08:12:31","date_gmt":"2023-09-11T08:12:31","guid":{"rendered":"https:\/\/hydraulic-cylinders.net\/?post_type=product&#038;p=1111"},"modified":"2023-09-19T02:17:35","modified_gmt":"2023-09-19T02:17:35","slug":"pistion-rod-end-is-external-threaded-rod-head-earring-connection-engineering-hydraulic-cylinder","status":"publish","type":"product","link":"https:\/\/www.hydraulic-cylinders.net\/et\/toode\/pistion-rod-end-is-external-threaded-rod-head-earring-connection-engineering-hydraulic-cylinder\/","title":{"rendered":"Pistion Rod End on v\u00e4liskeermega varda pea k\u00f5rvar\u00f5nga \u00fchendus Engineering h\u00fcdrosilinder"},"content":{"rendered":"<h1 style=\"text-align: center;\"><strong>Pistion Rod End on v\u00e4liskeermega varda pea k\u00f5rvar\u00f5nga \u00fchendus Engineering h\u00fcdrosilinder<\/strong><\/h1>\n<p>Kolvivarda otsal on v\u00e4liskeermega vardapea k\u00f5rvar\u00f5nga\u00fchendus, mis tavaliselt koosneb kolvivarda otsas olevast keermestatud vardapeast. Vardapeal on v\u00e4liskeermed ja seda saab \u00fchendada v\u00e4liste komponentide v\u00f5i kandekonstruktsioonidega.<\/p>\n<p>HSG seeria insener-h\u00fcdrauliline silinder on kahekordse toimega kolvivardaga h\u00fcdrauliline silinder. Paigaldusviis on k\u00f5rvar\u00f5nga t\u00fc\u00fcpi. Silindripea ja silindriploki vahelise \u00fchenduse j\u00e4rgi on olemas kolme t\u00fc\u00fcpi \u00fchendusi: v\u00e4liskeermega \u00fchendus, sisemine kriitiline kaart\u00fchendus ja \u00e4\u00e4rik\u00fchendus. Insener-h\u00fcdraulilist silindrit kasutatakse peamiselt ehituses, t\u00f5ste-, kaevandus- ja muudes h\u00fcdraulikas\u00fcsteemides.<\/p>\n<p><img loading=\"lazy\" decoding=\"async\" class=\"aligncenter wp-image-1112\" src=\"https:\/\/hydraulic-cylinders.net\/wp-content\/uploads\/2023\/09\/hsg-hydraulic-cylinder-4-1-300x300.webp\" alt=\"\" width=\"400\" height=\"400\" \/><\/p>\n<h2><strong>HSG Engineering h\u00fcdraulilise silindri parameeter<\/strong><strong>:<\/strong><\/h2>\n<p><img loading=\"lazy\" decoding=\"async\" class=\"alignnone wp-image-1113 size-full\" src=\"https:\/\/hydraulic-cylinders.net\/wp-content\/uploads\/2023\/09\/hsg-engineering-hydraulic-cylinder-parameter-1-1-scaled.webp\" alt=\"\" width=\"2560\" height=\"1848\" srcset=\"https:\/\/hydraulic-cylinders.net\/wp-content\/uploads\/2023\/09\/hsg-engineering-hydraulic-cylinder-parameter-1-1-scaled.webp 2560w, https:\/\/hydraulic-cylinders.net\/wp-content\/uploads\/2023\/09\/hsg-engineering-hydraulic-cylinder-parameter-1-1-1280x924.webp 1280w, https:\/\/hydraulic-cylinders.net\/wp-content\/uploads\/2023\/09\/hsg-engineering-hydraulic-cylinder-parameter-1-1-980x707.webp 980w, https:\/\/hydraulic-cylinders.net\/wp-content\/uploads\/2023\/09\/hsg-engineering-hydraulic-cylinder-parameter-1-1-480x347.webp 480w\" sizes=\"(min-width: 0px) and (max-width: 480px) 480px, (min-width: 481px) and (max-width: 980px) 980px, (min-width: 981px) and (max-width: 1280px) 1280px, (min-width: 1281px) 2560px, 100vw\" \/> <img loading=\"lazy\" decoding=\"async\" class=\"alignnone wp-image-1114 size-full\" src=\"https:\/\/hydraulic-cylinders.net\/wp-content\/uploads\/2023\/09\/hsg-engineering-hydraulic-cylinder-parameter-4-scaled.webp\" alt=\"\" width=\"1767\" height=\"2560\" srcset=\"https:\/\/hydraulic-cylinders.net\/wp-content\/uploads\/2023\/09\/hsg-engineering-hydraulic-cylinder-parameter-4-scaled.webp 1767w, https:\/\/hydraulic-cylinders.net\/wp-content\/uploads\/2023\/09\/hsg-engineering-hydraulic-cylinder-parameter-4-1280x1854.webp 1280w, https:\/\/hydraulic-cylinders.net\/wp-content\/uploads\/2023\/09\/hsg-engineering-hydraulic-cylinder-parameter-4-980x1420.webp 980w, https:\/\/hydraulic-cylinders.net\/wp-content\/uploads\/2023\/09\/hsg-engineering-hydraulic-cylinder-parameter-4-480x695.webp 480w\" sizes=\"(min-width: 0px) and (max-width: 480px) 480px, (min-width: 481px) and (max-width: 980px) 980px, (min-width: 981px) and (max-width: 1280px) 1280px, (min-width: 1281px) 1767px, 100vw\" \/> <img loading=\"lazy\" decoding=\"async\" class=\"alignnone wp-image-1115 size-full\" src=\"https:\/\/hydraulic-cylinders.net\/wp-content\/uploads\/2023\/09\/hsg-engineering-hydraulic-cylinder-parameter-5-scaled.webp\" alt=\"\" width=\"2002\" height=\"2560\" srcset=\"https:\/\/hydraulic-cylinders.net\/wp-content\/uploads\/2023\/09\/hsg-engineering-hydraulic-cylinder-parameter-5-scaled.webp 2002w, https:\/\/hydraulic-cylinders.net\/wp-content\/uploads\/2023\/09\/hsg-engineering-hydraulic-cylinder-parameter-5-1280x1637.webp 1280w, https:\/\/hydraulic-cylinders.net\/wp-content\/uploads\/2023\/09\/hsg-engineering-hydraulic-cylinder-parameter-5-980x1253.webp 980w, https:\/\/hydraulic-cylinders.net\/wp-content\/uploads\/2023\/09\/hsg-engineering-hydraulic-cylinder-parameter-5-480x614.webp 480w\" sizes=\"(min-width: 0px) and (max-width: 480px) 480px, (min-width: 481px) and (max-width: 980px) 980px, (min-width: 981px) and (max-width: 1280px) 1280px, (min-width: 1281px) 2002px, 100vw\" \/><\/p>\n<h2><strong>HSG Engineering h\u00fcdrauliline silinder <\/strong><strong>Eelised<\/strong><strong>:<\/strong><\/h2>\n<p>V\u00e4liskeermega vardapea\u00fchendusega kolvivarda ots pakub h\u00fcdrauliliste silindrite projekteerimisel mitmeid eeliseid:<\/p>\n<ol>\n<li><strong>Turvaline kinnitus:<\/strong>\n<ul>\n<li>Keermestatud vardapea\u00fchendus tagab ohutu ja usaldusv\u00e4\u00e4rse \u00fchenduse, mis minimeerib t\u00f6\u00f6 ajal lahtituleku v\u00f5i lahtituleku ohtu.<\/li>\n<li>See parandab h\u00fcdrauliliste silindrite komplektide ohutust ja stabiilsust, eriti suure koormuse v\u00f5i vibratsiooniga rakendustes.<\/li>\n<\/ul>\n<\/li>\n<li><strong>Paigaldamise ja asendamise lihtsus:<\/strong>\n<ul>\n<li>V\u00e4liskeermega \u00fchendused lihtsustavad komponentide v\u00f5i kandekonstruktsioonide paigaldamist ja vahetamist.<\/li>\n<li>See v\u00f5imaldab keermestatud kinnitusdetailide abil kiiret eemaldamist ja kokkupanekut, mis lihtsustab hooldust, remonti v\u00f5i asendust\u00f6id.<\/li>\n<\/ul>\n<\/li>\n<li><strong>Kohanduvus:<\/strong>\n<ul>\n<li>Keermestatud vardapea\u00fchendusi saab kohandada erinevatele rakendusn\u00f5uetele.<\/li>\n<li>See v\u00f5imaldab \u00fchendada erinevaid komponente v\u00f5i kandekonstruktsioone \u00fchilduvate keermestatud kinnitusdetailide abil, pakkudes mitmek\u00fclgsust ja kohandamisv\u00f5imalusi.<\/li>\n<\/ul>\n<\/li>\n<\/ol>\n<h2><strong>HSG Engineering h\u00fcdrauliline silinder<\/strong><strong> Rakendused:<\/strong><\/h2>\n<ol>\n<li><strong>Keermestatud kinnitus:<\/strong>\n<ul>\n<li>V\u00e4liskeermega vardapead saavad komponente v\u00f5i kandekonstruktsioone otse pingutada mutrite, poltide v\u00f5i muude keermestatud kinnitusdetailide abil.<\/li>\n<li>See keermestatud \u00fchendus v\u00f5imaldab ohutut ja usaldusv\u00e4\u00e4rset \u00fchendust, mis tagab h\u00fcdrosilindri komplekti stabiilsuse ja terviklikkuse.<\/li>\n<\/ul>\n<\/li>\n<li><strong>Kohandamine ja kohandamine:<\/strong>\n<ul>\n<li>Keermestatud vardapea\u00fchendus pakub paindlikkust erinevate komponentide v\u00f5i kandekonstruktsioonide kinnitamisel.<\/li>\n<li>See v\u00f5imaldab kohandamist ja reguleerimist, valides sobivad keermestatud kinnitusdetailid vastavalt konkreetsetele rakenduse n\u00f5uetele.<\/li>\n<\/ul>\n<\/li>\n<li><strong>Kandekonstruktsioonid:<\/strong>\n<ul>\n<li>Keermestatud vardapea\u00fchendusi saab otse \u00fchendada kandekonstruktsioonidega, n\u00e4iteks kronsteinide, plaatide v\u00f5i muude tugielementidega.<\/li>\n<li>See konfiguratsioon v\u00f5imaldab h\u00fcdrosilindril rakendada j\u00f5udu ja toetada v\u00e4liste esemete v\u00f5i masinate raskust, muutes selle sobivaks rakendusteks, mis vajavad kandev\u00f5imet.<\/li>\n<\/ul>\n<\/li>\n<\/ol>\n<h2><strong>Kuidas kahetoimelist h\u00fcdraulilist silindrit \u00f5hutada?<\/strong><\/h2>\n<p>Kahetoimelise h\u00fcdrosilindri \u00f5hutamine h\u00f5lmab s\u00fcsteemist \u00f5hu v\u00f5i l\u00f5ksus olevate gaaside eemaldamist, et tagada n\u00f5uetekohane toimimine ja v\u00e4ltida k\u00e4snjat v\u00f5i eba\u00fchtlast liikumist. Siin on samm-sammult juhend kahetoimelise h\u00fcdrosilindri \u00f5hutamiseks:<\/p>\n<ol>\n<li><strong>Ettevalmistus:<\/strong>\n<ul>\n<li>Veenduge, et h\u00fcdros\u00fcsteem on r\u00f5huvaba ja silinder on sisse t\u00f5mmatud.<\/li>\n<li>Tuvastage silindri \u00f5hutusventiilid v\u00f5i liitmikud. Need asuvad tavaliselt otsakorgi juures v\u00f5i silindri avade l\u00e4hedal.<\/li>\n<\/ul>\n<\/li>\n<li><strong>Silindri paigutamine:<\/strong>\n<ul>\n<li>V\u00f5imalusel asetage silinder vertikaalselt, varda ots \u00fclespoole. See aitab \u00f5humullidel \u00fcles t\u00f5usta, et \u00f5hutamine oleks lihtsam.<\/li>\n<\/ul>\n<\/li>\n<li><strong>Avage \u00f5hutusventiilid:<\/strong>\n<ul>\n<li>Leidke silindrilt \u00f5hutusventiilid v\u00f5i liitmikud.<\/li>\n<li>Kasutage \u00f5hutusventiilide v\u00f5i liitmike aeglaseks avamiseks sobivat mutriv\u00f5tit v\u00f5i t\u00f6\u00f6riista. Alustage silindri vardaotsale k\u00f5ige l\u00e4hemal asuvast.<\/li>\n<\/ul>\n<\/li>\n<li><strong>Rakendage survet:<\/strong>\n<ul>\n<li>Aktiveerige h\u00fcdros\u00fcsteem pumba v\u00f5i ajamit kasutades.<\/li>\n<li>Suurendage r\u00f5hku j\u00e4rk-j\u00e4rgult m\u00f5\u00f5duka tasemeni. See aitab silindrisse j\u00e4\u00e4nud \u00f5hu avatud \u00f5hutusventiilide kaudu v\u00e4lja l\u00fckata.<\/li>\n<\/ul>\n<\/li>\n<li><strong>\u00d5hu v\u00e4ljalaskmine:<\/strong>\n<ul>\n<li>H\u00fcdraulikas\u00fcsteemi r\u00f5hu all olles v\u00f5ite m\u00e4rgata \u00f5humulle, mis p\u00e4\u00e4sevad avatud \u00f5hutusventiilide kaudu v\u00e4lja.<\/li>\n<li>Laske \u00f5hul s\u00fcsteemist v\u00e4ljuda, kuni h\u00fcdraulikavedeliku vool on \u00fchtlane ja ilma \u00f5humullideta. See n\u00e4itab, et silindrist on \u00f5hk korralikult eemaldatud.<\/li>\n<\/ul>\n<\/li>\n<li><strong>Sulgege \u00f5hutusventiilid:<\/strong>\n<ul>\n<li>Kui kogu \u00f5hk on v\u00e4ljunud, sulgege silindri \u00f5hutusventiilid v\u00f5i liitmikud.<\/li>\n<li>Veenduge, et need oleksid kindlalt kinni, kuid \u00e4rge pingutage \u00fcle.<\/li>\n<\/ul>\n<\/li>\n<li><strong>Silindri sisse- ja v\u00e4ljat\u00f5mbamine:<\/strong>\n<ul>\n<li>Kasutage h\u00fcdraulikas\u00fcsteemi, et silindrit paar korda t\u00e4ielikult sisse ja v\u00e4lja t\u00f5mmata.<\/li>\n<li>See aitab veelgi puhastada j\u00e4relej\u00e4\u00e4nud \u00f5hutaskuid ja tagada silindri sujuva ja j\u00e4rjepideva liikumise.<\/li>\n<\/ul>\n<\/li>\n<li><strong>Lekete kontrollimine:<\/strong>\n<ul>\n<li>P\u00e4rast \u00f5hutamist ja silindri t\u00f6\u00f6tamist kontrollige kogu h\u00fcdros\u00fcsteemi lekete v\u00f5i ebanormaalse k\u00e4itumise suhtes.<\/li>\n<li>Lahendage k\u00f5ik lekked v\u00f5i probleemid viivitamatult, et v\u00e4ltida edasisi probleeme.<\/li>\n<\/ul>\n<\/li>\n<\/ol>\n<h2><strong>Tehase v\u00f5imekus ja suutlikkus:<\/strong><\/h2>\n<h3>(1) Kokkupanek<\/h3>\n<p>Meil on esmaklassiline s\u00f5ltumatu teadus- ja arendustegevuse montaa\u017eiplatvorm. H\u00fcdrosilindrite tootmist\u00f6\u00f6kojas on neli poolautomaatset t\u00f5stesilindrite koosteliini ja \u00fcks automaatne kallutussilindrite koosteliin, mille kavandatud aastane tootmisv\u00f5imsus on 1 miljon t\u00fckki. Spetsiaalsete silindrite t\u00f6\u00f6koda on varustatud erinevate spetsifikatsioonidega poolautomaatse puhastusmontaa\u017eis\u00fcsteemiga, mille kavandatud aastane tootmisv\u00f5imsus on 200 000 ja mis on varustatud kuulsate CNC-t\u00f6\u00f6tlemisseadmete, mehaanilise t\u00f6\u00f6tlemise keskuse, suure t\u00e4psusega silindrite t\u00f6\u00f6tlemise eriseadmete, robotkeevitusmasina, automaatse puhastusmasina, automaatse silindri kokkupanemise masina ja automaatse v\u00e4rvimise tootmisliiniga. Olemasolevad kriitilised seadmed rohkem kui 300 komplekti (komplekti). Seadmete ressursside optimaalne jaotamine ja t\u00f5hus kasutamine tagavad toodete t\u00e4psusn\u00f5uded ja vastavad toodete kvaliteedin\u00f5uetele.<\/p>\n<p><img loading=\"lazy\" decoding=\"async\" class=\"alignnone wp-image-626\" src=\"https:\/\/hydraulic-cylinders.net\/wp-content\/uploads\/2023\/08\/hydraulic-cylinder-product-1-300x158.webp\" alt=\"\" width=\"495\" height=\"260\" srcset=\"https:\/\/hydraulic-cylinders.net\/wp-content\/uploads\/2023\/08\/hydraulic-cylinder-product-1-300x158.webp 495w, https:\/\/hydraulic-cylinders.net\/wp-content\/uploads\/2023\/08\/hydraulic-cylinder-product-1-480x252.webp 480w\" sizes=\"(min-width: 0px) and (max-width: 480px) 480px, (min-width: 481px) 495px, 100vw\" \/> <img loading=\"lazy\" decoding=\"async\" class=\"alignnone wp-image-627\" src=\"https:\/\/hydraulic-cylinders.net\/wp-content\/uploads\/2023\/08\/hydraulic-cylinder-product-2-300x189.webp\" alt=\"\" width=\"413\" height=\"260\" \/><\/p>\n<h3>(2) T\u00f6\u00f6tlemine<\/h3>\n<p>T\u00f6\u00f6deldav t\u00f6\u00f6koda on varustatud kohandatud kallutatud r\u00f6\u00f6pse treipingi keskuse, mehaanilise keskuse, kiire lihvimismasina, keevitusroboti ja muude seotud seadmetega, mis suudavad t\u00f6\u00f6delda silindritorusid, mille maksimaalne sisel\u00e4bim\u00f5\u00f5t on 400 mm ja maksimaalne pikkus on 6 meetrit.<\/p>\n<p><img loading=\"lazy\" decoding=\"async\" class=\"alignnone wp-image-628 size-large\" src=\"https:\/\/hydraulic-cylinders.net\/wp-content\/uploads\/2023\/08\/hydraulic-cylinder-product-3-1024x391.webp\" alt=\"\" width=\"1024\" height=\"391\" srcset=\"https:\/\/hydraulic-cylinders.net\/wp-content\/uploads\/2023\/08\/hydraulic-cylinder-product-3-980x374.webp 980w, https:\/\/hydraulic-cylinders.net\/wp-content\/uploads\/2023\/08\/hydraulic-cylinder-product-3-480x183.webp 480w\" sizes=\"(min-width: 0px) and (max-width: 480px) 480px, (min-width: 481px) and (max-width: 980px) 980px, (min-width: 981px) 1024px, 100vw\" \/><\/p>\n<h3>(3) Keevitamine<\/h3>\n<p><img loading=\"lazy\" decoding=\"async\" class=\"alignnone wp-image-629 size-large\" src=\"https:\/\/hydraulic-cylinders.net\/wp-content\/uploads\/2023\/08\/hydraulic-cylinder-product-4-1024x510.webp\" alt=\"\" width=\"1024\" height=\"510\" srcset=\"https:\/\/hydraulic-cylinders.net\/wp-content\/uploads\/2023\/08\/hydraulic-cylinder-product-4-980x488.webp 980w, https:\/\/hydraulic-cylinders.net\/wp-content\/uploads\/2023\/08\/hydraulic-cylinder-product-4-480x239.webp 480w\" sizes=\"(min-width: 0px) and (max-width: 480px) 480px, (min-width: 481px) and (max-width: 980px) 980px, (min-width: 981px) 1024px, 100vw\" \/><\/p>\n<h3>(4) V\u00e4rvimine ja katmine<\/h3>\n<p>V\u00e4ikese ja keskmise suurusega silindri automaatse veep\u00f5hise v\u00e4rvipinnakattega liinide abil, et saavutada automaatne robotlaadimine ja mahalaadimine ning automaatne pihustamine, projekteerimisv\u00f5imsus 4000 t\u00fckki vahetuse kohta;<br \/>\nMeil on ka poolautomaatne suurte balloonide v\u00e4rvimise tootmisliin, mis t\u00f6\u00f6tab j\u00f5ukettaga ja mille projekteerimisv\u00f5imsus on 60 kasti \u00fche vahetuse kohta.<\/p>\n<p><img loading=\"lazy\" decoding=\"async\" class=\"alignnone wp-image-630\" src=\"https:\/\/hydraulic-cylinders.net\/wp-content\/uploads\/2023\/08\/hydraulic-cylinder-product-5-300x213.webp\" alt=\"\" width=\"366\" height=\"260\" \/> <img loading=\"lazy\" decoding=\"async\" class=\"alignnone wp-image-631\" src=\"https:\/\/hydraulic-cylinders.net\/wp-content\/uploads\/2023\/08\/hydraulic-cylinder-product-6-300x225.webp\" alt=\"\" width=\"347\" height=\"260\" \/><\/p>\n<h3>(5) Testimine<\/h3>\n<p>Meil on esmaklassilised kontrolliseadmed ja katsestendid, et tagada silindri j\u00f5udlus vastavus n\u00f5uetele.<\/p>\n<p><img loading=\"lazy\" decoding=\"async\" class=\"alignnone wp-image-632\" src=\"https:\/\/hydraulic-cylinders.net\/wp-content\/uploads\/2023\/08\/hydraulic-cylinder-product-8-300x200.webp\" alt=\"\" width=\"389\" height=\"260\" \/><\/p>\n<p>&nbsp;<\/p>\n<p>&nbsp;<\/p>\n<p>Oleme \u00fcks parimaid h\u00fcdrauliliste silindrite tootjaid. Pakume laia valikut h\u00fcdraulilisi silindreid. Pakume ka vastavaid... <a href=\"https:\/\/hzpt.com\/agricultural-pto-gearbox\/\" target=\"_blank\" rel=\"noopener\">p\u00f5llumajanduslikud k\u00e4igukastid<\/a>. Oleme eksportinud oma tooteid klientidele \u00fcle kogu maailma ja teeninud hea maine t\u00e4nu meie suurep\u00e4rasele tootekvaliteedile ja m\u00fc\u00fcgij\u00e4rgsele teenindusele. Me tervitame soojalt kliente nii kodus kui ka v\u00e4lismaal, et v\u00f5tta meiega \u00fchendust, et pidada l\u00e4bir\u00e4\u00e4kimisi \u00e4ri, vahetada teavet ja\u00a0<a href=\"https:\/\/www.hydraulic-cylinders.net\/et\/contact-us\/\">teha meiega koost\u00f6\u00f6d<\/a>!<\/p>\n<h2><\/h2>\n<h2><\/h2>\n<h2><\/h2>","protected":false},"excerpt":{"rendered":"<p>Pistion Rod End Is External Threaded Rod Head Earring Connection Engineering Hydraulic Cylinder The piston rod end has an externally threaded rod head earring connection, usually consisting of a threaded rod head at the end of the piston rod. The rod head has external threads and can be connected to external components or load-bearing structures. [&hellip;]<\/p>","protected":false},"featured_media":1116,"comment_status":"open","ping_status":"closed","template":"","meta":{"_et_pb_use_builder":"","_et_pb_old_content":"","_et_gb_content_width":""},"product_brand":[],"product_cat":[1376],"product_tag":[1380],"class_list":{"0":"post-1111","1":"product","2":"type-product","3":"status-publish","4":"has-post-thumbnail","6":"product_cat-hydraulic-cylinder","7":"product_tag-hydraulic-cylinder","9":"first","10":"instock","11":"shipping-taxable","12":"product-type-simple"},"amp_enabled":true,"_links":{"self":[{"href":"https:\/\/www.hydraulic-cylinders.net\/et\/wp-json\/wp\/v2\/product\/1111","targetHints":{"allow":["GET"]}}],"collection":[{"href":"https:\/\/www.hydraulic-cylinders.net\/et\/wp-json\/wp\/v2\/product"}],"about":[{"href":"https:\/\/www.hydraulic-cylinders.net\/et\/wp-json\/wp\/v2\/types\/product"}],"replies":[{"embeddable":true,"href":"https:\/\/www.hydraulic-cylinders.net\/et\/wp-json\/wp\/v2\/comments?post=1111"}],"wp:featuredmedia":[{"embeddable":true,"href":"https:\/\/www.hydraulic-cylinders.net\/et\/wp-json\/wp\/v2\/media\/1116"}],"wp:attachment":[{"href":"https:\/\/www.hydraulic-cylinders.net\/et\/wp-json\/wp\/v2\/media?parent=1111"}],"wp:term":[{"taxonomy":"product_brand","embeddable":true,"href":"https:\/\/www.hydraulic-cylinders.net\/et\/wp-json\/wp\/v2\/product_brand?post=1111"},{"taxonomy":"product_cat","embeddable":true,"href":"https:\/\/www.hydraulic-cylinders.net\/et\/wp-json\/wp\/v2\/product_cat?post=1111"},{"taxonomy":"product_tag","embeddable":true,"href":"https:\/\/www.hydraulic-cylinders.net\/et\/wp-json\/wp\/v2\/product_tag?post=1111"}],"curies":[{"name":"wp","href":"https:\/\/api.w.org\/{rel}","templated":true}]}}