{"id":1159,"date":"2023-09-12T03:31:25","date_gmt":"2023-09-12T03:31:25","guid":{"rendered":"https:\/\/hydraulic-cylinders.net\/?post_type=product&#038;p=1159"},"modified":"2025-04-11T05:07:19","modified_gmt":"2025-04-11T05:07:19","slug":"head-method-orchid-type-metallurgical-hydraulic-cylinder","status":"publish","type":"product","link":"https:\/\/www.hydraulic-cylinders.net\/et\/toode\/head-method-orchid-type-metallurgical-hydraulic-cylinder\/","title":{"rendered":"Pea meetod Orchid Type Metallurgiline h\u00fcdrosilinder"},"content":{"rendered":"<h1 style=\"text-align: center;\"><strong>Pea meetod Orchid Type Metallurgiline h\u00fcdrosilinder<\/strong><\/h1>\n<p>The head method orchid-type metallurgical hydraulic cylinder is a versatile, high-performance component explicitly designed for metallurgical applications. The product provides superior functionality, precise control, and reliable operation in demanding industrial environments. Its head method of orchid design ensures optimum performance, stability, and safety in the process.<\/p>\n<p>Y-HG1 seeria metallurgiaseadmete h\u00fcdrauliline silinder on kahetoimeline kolbsilindri; silindri l\u00e4bim\u00f5\u00f5t on \u00fcldiselt vahemikus 40\u2013320 mm ja t\u00f6\u00f6r\u00f5hk on &lt;=16MPA. H\u00fcdraulika\u00f5li s\u00fcsteem suudab transportida aktiivset keskkonda, n\u00e4iteks emulsiooni, ja paigaldada erinevaid mudeleid, n\u00e4iteks \u00e4\u00e4rikuid, k\u00f5rvar\u00f5ngaid, tihvte ja vabastusseadmeid (alus).<\/p>\n<p>K\u00f5rge t\u00e4psusega CNC-hoonestusmasin, automaatne keevitusmasin, vertikaalne, horisontaalne t\u00f6\u00f6tluskeskus, portaal-t\u00f6\u00f6tluskeskus, CNC-treiping ja muud t\u00f6\u00f6tlemisseadmed, toote kvaliteet on stabiilne ja garanteeritud.<\/p>\n<p><img loading=\"lazy\" decoding=\"async\" class=\"aligncenter wp-image-1163\" src=\"https:\/\/hydraulic-cylinders.net\/wp-content\/uploads\/2023\/09\/head-method-orchid-type-metallurgical-hydraulic-cylinder-2-300x300.webp\" alt=\"\" width=\"400\" height=\"400\" \/><\/p>\n<h2><strong>Head Method Orchid Type Metallurgical Hydraulic Cylinder Parameter:<\/strong><\/h2>\n<p><img loading=\"lazy\" decoding=\"async\" class=\"alignnone wp-image-1161 size-large\" src=\"https:\/\/hydraulic-cylinders.net\/wp-content\/uploads\/2023\/09\/head-method-orchid-type-hydraulic-cylinder-1-1024x678.jpg\" alt=\"\" width=\"1024\" height=\"678\" srcset=\"https:\/\/hydraulic-cylinders.net\/wp-content\/uploads\/2023\/09\/head-method-orchid-type-hydraulic-cylinder-1-980x649.jpg 980w, https:\/\/hydraulic-cylinders.net\/wp-content\/uploads\/2023\/09\/head-method-orchid-type-hydraulic-cylinder-1-480x318.jpg 480w\" sizes=\"(min-width: 0px) and (max-width: 480px) 480px, (min-width: 481px) and (max-width: 980px) 980px, (min-width: 981px) 1024px, 100vw\" \/><\/p>\n<h2><strong>Pea meetod Orchid Type Metallurgiline h\u00fcdrosilinder <\/strong><strong>Kasutamise meetod<\/strong><strong>:<\/strong><\/h2>\n<ol>\n<li><strong>Paigaldamine ja paigaldamine:<\/strong>\n<ul>\n<li>M\u00e4\u00e4rake h\u00fcdrosilindri sobiv paigaldusasend vastavalt konkreetsele metallurgiarakendusele ja seadmete n\u00f5uetele.<\/li>\n<li>Ensure the mounting surface is clean, flat, and can withstand the cylinder load.<\/li>\n<\/ul>\n<\/li>\n<li><strong>\u00dchendus h\u00fcdraulikas\u00fcsteemiga:<\/strong>\n<ul>\n<li>\u00dchendage metallurgiline h\u00fcdrosilinder h\u00fcdraulikas\u00fcsteemiga, kasutades selleks sobivat h\u00fcdraulikavoolikut v\u00f5i -toru.<\/li>\n<li>Ensure proper alignment and secure connection to prevent leakage.<\/li>\n<\/ul>\n<\/li>\n<li><strong>S\u00fcsteemi integreerimine ja kalibreerimine:<\/strong>\n<ul>\n<li>Vastavalt tootja juhistele integreerige metallurgilised h\u00fcdraulilised silindrid metallurgiaseadmetesse v\u00f5i -s\u00fcsteemidesse.<\/li>\n<li>Kalibreerige s\u00fcsteem soovitud j\u00f5udluse ja t\u00f6\u00f6parameetrite saavutamiseks.<\/li>\n<\/ul>\n<\/li>\n<li><strong>Silindri kasutamine:<\/strong>\n<ul>\n<li>K\u00e4ivitage h\u00fcdraulikas\u00fcsteem. H\u00fcdrosilindri liikumise alustamiseks rakendage survet.<\/li>\n<li>Control the cylinder&#8217;s extension, retraction, and positioning through the hydraulic control system.<\/li>\n<\/ul>\n<\/li>\n<\/ol>\n<h2><strong>Pea meetod Orchid Type Metallurgiline h\u00fcdrosilinder <\/strong><strong>Hooldus<\/strong><strong>:<\/strong><\/h2>\n<ol>\n<li><strong>Regulaarne kontroll:<\/strong>\n<ul>\n<li>Conduct routine inspections of the metallurgical hydraulic cylinder to check for leaks, signs of wear, or damage.<\/li>\n<li>Inspect the mounting brackets, fasteners, and connections to ensure they are secure and functioning correctly.<\/li>\n<\/ul>\n<\/li>\n<li><strong>M\u00e4\u00e4rimine:<\/strong>\n<ul>\n<li>Follow the manufacturer&#8217;s recommendations regarding lubrication intervals and the type of lubricant to use<\/li>\n<li>Apply lubricant to the necessary parts, such as the piston rod, seals, and bearings, to reduce friction and ensure smooth operation.<\/li>\n<\/ul>\n<\/li>\n<li><strong>Puhastamine:<\/strong>\n<ul>\n<li>Keep metallurgical hydraulic cylinders and their surrounding areas clean from dirt, debris, and contaminants that may affect their performance.<\/li>\n<li>Use appropriate cleaning methods and materials to avoid damaging the cylinder or its components.<\/li>\n<\/ul>\n<\/li>\n<\/ol>\n<h2><strong>Kuidas vahetada h\u00fcdraulilise silindri tihendeid?<\/strong><\/h2>\n<p>H\u00fcdrosilindri tihendite vahetamine n\u00f5uab hoolikat t\u00e4helepanu detailidele ja \u00f5igete protseduuride j\u00e4rgimist. Siin on samm-sammult juhend, mis aitab teil protsessi l\u00e4bi viia:<\/p>\n<ol>\n<li><strong>Koguge vajalikud t\u00f6\u00f6riistad ja materjalid:<\/strong>\n<ul>\n<li>H\u00fcdrosilindrile uued tihendid.<\/li>\n<li>Tihendi paigaldamise t\u00f6\u00f6riistakomplekt (kui on olemas).<\/li>\n<li>Puhastage kaltsud v\u00f5i r\u00e4tikud.<\/li>\n<li>N\u00f5uetekohased isikukaitsevahendid, n\u00e4iteks kindad ja kaitseprillid.<\/li>\n<\/ul>\n<\/li>\n<li><strong>T\u00f6\u00f6ala ettevalmistamine:<\/strong>\n<ul>\n<li>Veenduge, et teil oleks tihendi vahetamiseks puhas ja h\u00e4sti valgustatud t\u00f6\u00f6ruum.<\/li>\n<li>Puhastage h\u00fcdrosilindri v\u00e4lispind, et v\u00e4ltida mustuse ja prahi sattumist protsessi k\u00e4igus.<\/li>\n<\/ul>\n<\/li>\n<li><strong>H\u00fcdraulikas\u00fcsteemi r\u00f5hu alt vabastamine:<\/strong>\n<ul>\n<li>L\u00fclitage h\u00fcdrauliline j\u00f5uallikas v\u00e4lja ja vabastage s\u00fcsteem r\u00f5hu alt.<\/li>\n<li>\u00d5ige r\u00f5hu alandamise protseduuri kohta j\u00e4rgige tootja juhiseid v\u00f5i vaadake seadme kasutusjuhendit.<\/li>\n<\/ul>\n<\/li>\n<li><strong>Eemaldage silinder:<\/strong>\n<ul>\n<li>\u00dchendage lahti k\u00f5ik silindri k\u00fclge kinnitatud h\u00fcdraulikavoolikud v\u00f5i liitmikud.<\/li>\n<li>Keerake lahti kinnituspoldid v\u00f5i kronsteinid, mis kinnitavad silindri seadme k\u00fclge.<\/li>\n<li>Eemaldage silinder ettevaatlikult kinnituskohast.<\/li>\n<\/ul>\n<\/li>\n<li><strong>Silindri lahtiv\u00f5tmine:<\/strong>\n<ul>\n<li>If necessary, remove any external components or accessories attached to the cylinder, such as rod end caps or piston heads.<\/li>\n<li>Kontrollige ja puhastage silindrit hoolikalt, et eemaldada mustus ja saasteained.<\/li>\n<\/ul>\n<\/li>\n<li><strong>Eemaldage vanad tihendid:<\/strong>\n<ul>\n<li>Tuvastage silindri tihendite asukoht.<\/li>\n<li>Vanade tihendite ettevaatlikuks eemaldamiseks kasutage sobivat t\u00f6\u00f6riista, n\u00e4iteks tihendipuhurit v\u00f5i tihendi eemaldamise t\u00f6\u00f6riista.<\/li>\n<li>Uute tihendite \u00f5igeks paigaldamiseks p\u00f6\u00f6rake t\u00e4helepanu tihendite suunale ja paigutusele.<\/li>\n<\/ul>\n<\/li>\n<li><strong>Puhastage ja kontrollige:<\/strong>\n<ul>\n<li>Puhastage tihendi sooned ja \u00fcmbritsevad alad ebemevaba lapiga v\u00f5i kaltsuga.<\/li>\n<li>Kontrollige silindri ava ja muid komponente kahjustuste v\u00f5i kulumise tunnuste suhtes.<\/li>\n<li>Kui tuvastate kahjustusi, p\u00f6\u00f6rduge spetsialisti poole v\u00f5i vahetage kahjustatud osad v\u00e4lja.<\/li>\n<\/ul>\n<\/li>\n<li><strong>Uute tihendite paigaldamine:<\/strong>\n<ul>\n<li>Kandke uutele tihendite paigaldamise h\u00f5lbustamiseks \u00f5huke kiht h\u00fcdraulika\u00f5li v\u00f5i m\u00e4\u00e4rdeainet.<\/li>\n<li>Asetage uued tihendid ettevaatlikult soontesse, veendudes, et need on \u00f5igesti paigutatud ja joondatud.<\/li>\n<li>Kasutage tihendite \u00f5rnalt oma kohale surumiseks tihendite paigaldust\u00f6\u00f6riista v\u00f5i sobivat t\u00f6\u00f6riista, millel on tasane ja sile pind.<\/li>\n<li>Paigaldamise ajal olge ettevaatlik, et tihendeid ei kahjustataks ega moonutataks.<\/li>\n<\/ul>\n<\/li>\n<li><strong>Silindri kokkupanek ja uuesti paigaldamine:<\/strong>\n<ul>\n<li>Paigaldage k\u00f5ik lahtiv\u00f5etud komponendid v\u00f5i lisatarvikud silindrile tagasi.<\/li>\n<li>Paigaldage silinder tagasi oma kinnituskohta, veendudes \u00f5iges joonduses ja kindlas kinnituses.<\/li>\n<li>\u00dchendage h\u00fcdraulikavoolikud v\u00f5i liitmikud uuesti, veendudes, et need on korralikult pingutatud ja kinnitatud.<\/li>\n<\/ul>\n<\/li>\n<li><strong>Testi ja kontrolli:<\/strong><\/li>\n<\/ol>\n<ul>\n<li>Taastage h\u00fcdros\u00fcsteemi toide ja r\u00f5hkige see vastavalt tootja juhistele.<\/li>\n<li>Kontrollige silindri t\u00f6\u00f6d ja kontrollige lekete v\u00f5i ebanormaalse k\u00e4itumise m\u00e4rke.<\/li>\n<li>Kui avastatakse probleeme, tehke veaotsing v\u00f5i p\u00f6\u00f6rduge edasise abi saamiseks spetsialisti poole.<\/li>\n<\/ul>\n<h2><strong>Tehase v\u00f5imekus ja suutlikkus:<\/strong><\/h2>\n<h3>(1) Kokkupanek<\/h3>\n<p>Meil on esmaklassiline s\u00f5ltumatu teadus- ja arendustegevuse montaa\u017eiplatvorm. H\u00fcdrosilindrite tootmist\u00f6\u00f6kojas on neli poolautomaatset t\u00f5stesilindrite koosteliini ja \u00fcks automaatne kallutussilindrite koosteliin, mille kavandatud aastane tootmisv\u00f5imsus on 1 miljon t\u00fckki. Spetsiaalsete silindrite t\u00f6\u00f6koda on varustatud erinevate spetsifikatsioonidega poolautomaatse puhastusmontaa\u017eis\u00fcsteemiga, mille kavandatud aastane tootmisv\u00f5imsus on 200 000 ja mis on varustatud kuulsate CNC-t\u00f6\u00f6tlemisseadmete, mehaanilise t\u00f6\u00f6tlemise keskuse, suure t\u00e4psusega silindrite t\u00f6\u00f6tlemise eriseadmete, robotkeevitusmasina, automaatse puhastusmasina, automaatse silindri kokkupanemise masina ja automaatse v\u00e4rvimise tootmisliiniga. Olemasolevad kriitilised seadmed rohkem kui 300 komplekti (komplekti). Seadmete ressursside optimaalne jaotamine ja t\u00f5hus kasutamine tagavad toodete t\u00e4psusn\u00f5uded ja vastavad toodete kvaliteedin\u00f5uetele.<\/p>\n<p><img loading=\"lazy\" decoding=\"async\" class=\"alignnone wp-image-626\" src=\"https:\/\/hydraulic-cylinders.net\/wp-content\/uploads\/2023\/08\/hydraulic-cylinder-product-1-300x158.webp\" alt=\"\" width=\"495\" height=\"260\" srcset=\"https:\/\/hydraulic-cylinders.net\/wp-content\/uploads\/2023\/08\/hydraulic-cylinder-product-1-300x158.webp 495w, https:\/\/hydraulic-cylinders.net\/wp-content\/uploads\/2023\/08\/hydraulic-cylinder-product-1-480x252.webp 480w\" sizes=\"(min-width: 0px) and (max-width: 480px) 480px, (min-width: 481px) 495px, 100vw\" \/> <img loading=\"lazy\" decoding=\"async\" class=\"alignnone wp-image-627\" src=\"https:\/\/hydraulic-cylinders.net\/wp-content\/uploads\/2023\/08\/hydraulic-cylinder-product-2-300x189.webp\" alt=\"\" width=\"413\" height=\"260\" \/><\/p>\n<h3>(2) T\u00f6\u00f6tlemine<\/h3>\n<p>T\u00f6\u00f6deldav t\u00f6\u00f6koda on varustatud kohandatud kallutatud r\u00f6\u00f6pse treipingi keskuse, mehaanilise keskuse, kiire lihvimismasina, keevitusroboti ja muude seotud seadmetega, mis suudavad t\u00f6\u00f6delda silindritorusid, mille maksimaalne sisel\u00e4bim\u00f5\u00f5t on 400 mm ja maksimaalne pikkus on 6 meetrit.<\/p>\n<p><img loading=\"lazy\" decoding=\"async\" class=\"alignnone wp-image-628 size-large\" src=\"https:\/\/hydraulic-cylinders.net\/wp-content\/uploads\/2023\/08\/hydraulic-cylinder-product-3-1024x391.webp\" alt=\"\" width=\"1024\" height=\"391\" srcset=\"https:\/\/hydraulic-cylinders.net\/wp-content\/uploads\/2023\/08\/hydraulic-cylinder-product-3-980x374.webp 980w, https:\/\/hydraulic-cylinders.net\/wp-content\/uploads\/2023\/08\/hydraulic-cylinder-product-3-480x183.webp 480w\" sizes=\"(min-width: 0px) and (max-width: 480px) 480px, (min-width: 481px) and (max-width: 980px) 980px, (min-width: 981px) 1024px, 100vw\" \/><\/p>\n<h3>(3) Keevitamine<\/h3>\n<p><img loading=\"lazy\" decoding=\"async\" class=\"alignnone wp-image-629 size-large\" src=\"https:\/\/hydraulic-cylinders.net\/wp-content\/uploads\/2023\/08\/hydraulic-cylinder-product-4-1024x510.webp\" alt=\"\" width=\"1024\" height=\"510\" srcset=\"https:\/\/hydraulic-cylinders.net\/wp-content\/uploads\/2023\/08\/hydraulic-cylinder-product-4-980x488.webp 980w, https:\/\/hydraulic-cylinders.net\/wp-content\/uploads\/2023\/08\/hydraulic-cylinder-product-4-480x239.webp 480w\" sizes=\"(min-width: 0px) and (max-width: 480px) 480px, (min-width: 481px) and (max-width: 980px) 980px, (min-width: 981px) 1024px, 100vw\" \/><\/p>\n<h3>(4) V\u00e4rvimine ja katmine<\/h3>\n<p>V\u00e4ikese ja keskmise suurusega silindri automaatse veep\u00f5hise v\u00e4rvipinnakattega liinide abil, et saavutada automaatne robotlaadimine ja mahalaadimine ning automaatne pihustamine, projekteerimisv\u00f5imsus 4000 t\u00fckki vahetuse kohta;<br \/>\nMeil on ka poolautomaatne suurte balloonide v\u00e4rvimise tootmisliin, mis t\u00f6\u00f6tab j\u00f5ukettaga ja mille projekteerimisv\u00f5imsus on 60 kasti \u00fche vahetuse kohta.<\/p>\n<p><img loading=\"lazy\" decoding=\"async\" class=\"alignnone wp-image-630\" src=\"https:\/\/hydraulic-cylinders.net\/wp-content\/uploads\/2023\/08\/hydraulic-cylinder-product-5-300x213.webp\" alt=\"\" width=\"366\" height=\"260\" \/> <img loading=\"lazy\" decoding=\"async\" class=\"alignnone wp-image-631\" src=\"https:\/\/hydraulic-cylinders.net\/wp-content\/uploads\/2023\/08\/hydraulic-cylinder-product-6-300x225.webp\" alt=\"\" width=\"347\" height=\"260\" \/><\/p>\n<h3>(5) Testimine<\/h3>\n<p>Meil on esmaklassilised kontrolliseadmed ja katsestendid, et tagada silindri j\u00f5udlus vastavus n\u00f5uetele.<\/p>\n<p><img loading=\"lazy\" decoding=\"async\" class=\"alignnone wp-image-632\" src=\"https:\/\/hydraulic-cylinders.net\/wp-content\/uploads\/2023\/08\/hydraulic-cylinder-product-8-300x200.webp\" alt=\"\" width=\"389\" height=\"260\" \/><\/p>\n<p>&nbsp;<\/p>\n<p>&nbsp;<\/p>\n<p>Oleme \u00fcks parimaid metallurgiliste h\u00fcdrosilindrite tootjaid. Me saame pakkuda p\u00f5hjalikku metallurgilise h\u00fcdrosilindri varu. Pakume ka vastavaid <a href=\"https:\/\/hzpt.com\/agricultural-pto-gearbox\/\" target=\"_blank\" rel=\"noopener\">p\u00f5llumajanduslikud k\u00e4igukastid<\/a>. Oleme eksportinud oma tooteid klientidele \u00fcle maailma ja teeninud hea maine t\u00e4nu meie suurep\u00e4rasele tootekvaliteedile ja m\u00fc\u00fcgij\u00e4rgsele teenindusele. Me tervitame kliente kodus ja v\u00e4lismaal, et v\u00f5tta meiega \u00fchendust, et pidada l\u00e4bir\u00e4\u00e4kimisi \u00e4ri, vahetada teavet ja <a href=\"https:\/\/www.hydraulic-cylinders.net\/et\/contact-us\/\">teha meiega koost\u00f6\u00f6d<\/a>!<\/p>\n<h2><\/h2>","protected":false},"excerpt":{"rendered":"<p>Head Method Orchid Type Metallurgical Hydraulic Cylinder The head method orchid-type metallurgical hydraulic cylinder is a versatile, high-performance component explicitly designed for metallurgical applications. The product provides superior functionality, precise control, and reliable operation in demanding industrial environments. Its head method of orchid design ensures optimum performance, stability, and safety in the process. The hydraulic [&hellip;]<\/p>","protected":false},"featured_media":1162,"comment_status":"open","ping_status":"closed","template":"","meta":{"_et_pb_use_builder":"","_et_pb_old_content":"","_et_gb_content_width":""},"product_brand":[],"product_cat":[1376,1550,1524],"product_tag":[1380],"class_list":{"0":"post-1159","1":"product","2":"type-product","3":"status-publish","4":"has-post-thumbnail","6":"product_cat-hydraulic-cylinder","7":"product_cat-double-acting-hydraulic-cylinder","8":"product_cat-steel-mill-hydraulic-cylinders","9":"product_tag-hydraulic-cylinder","11":"first","12":"instock","13":"shipping-taxable","14":"product-type-simple"},"amp_enabled":true,"_links":{"self":[{"href":"https:\/\/www.hydraulic-cylinders.net\/et\/wp-json\/wp\/v2\/product\/1159","targetHints":{"allow":["GET"]}}],"collection":[{"href":"https:\/\/www.hydraulic-cylinders.net\/et\/wp-json\/wp\/v2\/product"}],"about":[{"href":"https:\/\/www.hydraulic-cylinders.net\/et\/wp-json\/wp\/v2\/types\/product"}],"replies":[{"embeddable":true,"href":"https:\/\/www.hydraulic-cylinders.net\/et\/wp-json\/wp\/v2\/comments?post=1159"}],"wp:featuredmedia":[{"embeddable":true,"href":"https:\/\/www.hydraulic-cylinders.net\/et\/wp-json\/wp\/v2\/media\/1162"}],"wp:attachment":[{"href":"https:\/\/www.hydraulic-cylinders.net\/et\/wp-json\/wp\/v2\/media?parent=1159"}],"wp:term":[{"taxonomy":"product_brand","embeddable":true,"href":"https:\/\/www.hydraulic-cylinders.net\/et\/wp-json\/wp\/v2\/product_brand?post=1159"},{"taxonomy":"product_cat","embeddable":true,"href":"https:\/\/www.hydraulic-cylinders.net\/et\/wp-json\/wp\/v2\/product_cat?post=1159"},{"taxonomy":"product_tag","embeddable":true,"href":"https:\/\/www.hydraulic-cylinders.net\/et\/wp-json\/wp\/v2\/product_tag?post=1159"}],"curies":[{"name":"wp","href":"https:\/\/api.w.org\/{rel}","templated":true}]}}