{"id":1181,"date":"2023-09-12T06:46:47","date_gmt":"2023-09-12T06:46:47","guid":{"rendered":"https:\/\/hydraulic-cylinders.net\/?post_type=product&#038;p=1181"},"modified":"2025-04-11T05:07:04","modified_gmt":"2025-04-11T05:07:04","slug":"middle-pin-type-metallurgical-hydraulic-cylinder","status":"publish","type":"product","link":"https:\/\/www.hydraulic-cylinders.net\/et\/toode\/middle-pin-type-metallurgical-hydraulic-cylinder\/","title":{"rendered":"Keskmine Pin Type Metallurgiline h\u00fcdrosilinder"},"content":{"rendered":"<h1 style=\"text-align: center;\"><strong>Keskmine Pin Type Metallurgiline h\u00fcdrosilinder<\/strong><\/h1>\n<p>Keskmise suurusega tihvtiga metallurgiline h\u00fcdrosilinder on tipptasemel h\u00fcdrauliline komponent, mis on loodud vastama metallurgiarakenduste rangetele n\u00f5uetele. T\u00e4nu suurep\u00e4rasele j\u00f5udlusele, vastupidavale konstruktsioonile ja uuenduslikule disainile pakub see h\u00fcdrosilinder t\u00e4pset juhtimist, vastupidavust ja t\u00f5husust n\u00f5udlikes t\u00f6\u00f6stuskeskkondades. Olenemata sellest, kas neid kasutatakse terasetehastes, valukodades v\u00f5i muudes metallurgilistes protsessides, pakuvad keskmise suurusega tihvtiga silindrid silmapaistvaid tulemusi.<\/p>\n<p>Y-HG1 seeria metallurgiliste seadmete h\u00fcdrosilinder topelt toimiva kolvesilindri jaoks, silindri l\u00e4bim\u00f5\u00f5t on \u00fcldiselt vahemikus 40 ~ 320mm, t\u00f6\u00f6r\u00f5hk &lt; = 16MPA, h\u00fcdrauliline \u00f5li mehaaniline s\u00fcsteem saab kasutada emulsiooni ja muude t\u00f6\u00f6vahendite kaotamiseks, \u00e4\u00e4riku, k\u00f5rvar\u00f5ngaste, tihvtide, trippide (baasi) ja erinevate t\u00fc\u00fcpide paigaldamine.<\/p>\n<p>K\u00f5rge t\u00e4psusega CNC-hoonestusmasin, automaatne keevitusmasin, vertikaalne, horisontaalne t\u00f6\u00f6tluskeskus, portaal-t\u00f6\u00f6tluskeskus, CNC-treiping ja muud t\u00f6\u00f6tlemisseadmed, toote kvaliteet on stabiilne ja garanteeritud.<\/p>\n<p><img loading=\"lazy\" decoding=\"async\" class=\"wp-image-1178 aligncenter\" src=\"https:\/\/hydraulic-cylinders.net\/wp-content\/uploads\/2023\/09\/middle-pin-type-metallurgical-hydraulic-cylinder-2-300x300.webp\" alt=\"\" width=\"400\" height=\"400\" \/><\/p>\n<h2><strong>Keskmise tihvtiga metallurgilise h\u00fcdraulilise silindri parameeter:<\/strong><\/h2>\n<p><img loading=\"lazy\" decoding=\"async\" class=\"alignnone wp-image-1179 size-large\" src=\"https:\/\/hydraulic-cylinders.net\/wp-content\/uploads\/2023\/09\/middle-pin-type-metallurgical-hydraulic-cylinder-1-1024x694.webp\" alt=\"\" width=\"1024\" height=\"694\" srcset=\"https:\/\/hydraulic-cylinders.net\/wp-content\/uploads\/2023\/09\/middle-pin-type-metallurgical-hydraulic-cylinder-1-980x664.webp 980w, https:\/\/hydraulic-cylinders.net\/wp-content\/uploads\/2023\/09\/middle-pin-type-metallurgical-hydraulic-cylinder-1-480x325.webp 480w\" sizes=\"(min-width: 0px) and (max-width: 480px) 480px, (min-width: 481px) and (max-width: 980px) 980px, (min-width: 981px) 1024px, 100vw\" \/><\/p>\n<h2><strong>Keskmine Pin Type Metallurgiline h\u00fcdrosilinder <\/strong><strong>Kasutamise meetod<\/strong><strong>:<\/strong><\/h2>\n<ol>\n<li><strong>Paigaldamine ja paigaldamine:<\/strong>\n<ul>\n<li>Vastavalt metallurgiliste seadmete erin\u00f5uetele m\u00e4\u00e4rake kindlaks h\u00fcdrosilindri sobiv paigaldusasend.<\/li>\n<li>Veenduge, et kinnituspind on puhas, tasane ja suudab vastu pidada silindri kaalule ja koormusele.<\/li>\n<\/ul>\n<\/li>\n<li><strong>\u00dchendus h\u00fcdraulikas\u00fcsteemiga:<\/strong>\n<ul>\n<li>\u00dchendage h\u00fcdrosilinder h\u00fcdraulikas\u00fcsteemiga sobiva h\u00fcdraulikavooliku v\u00f5i -toru abil.<\/li>\n<li>Tagage n\u00f5uetekohane joondamine ja turvalised \u00fchendused, et v\u00e4ltida lekkeid ja tagada optimaalne j\u00f5udlus.<\/li>\n<\/ul>\n<\/li>\n<li><strong>S\u00fcsteemi integreerimine ja kalibreerimine:<\/strong>\n<ul>\n<li>Integreerige h\u00fcdraulilised silindrid metallurgiaseadmetesse v\u00f5i -s\u00fcsteemidesse vastavalt tootja juhistele.<\/li>\n<li>Kalibreerige s\u00fcsteem, et saavutada soovitud t\u00f6\u00f6parameetrid ja tagada sujuv toimimine.<\/li>\n<\/ul>\n<\/li>\n<li><strong>Silindri kasutamine:<\/strong>\n<ul>\n<li>K\u00e4ivitage h\u00fcdraulikas\u00fcsteem. H\u00fcdrosilindri liikumise alustamiseks rakendage survet.<\/li>\n<li>H\u00fcdrauliline juhtimiss\u00fcsteem kontrollib silindri pikendamist, kokkut\u00f5mbamist ja positsioneerimist t\u00f5husate metallurgiliste t\u00f6\u00f6de teostamiseks.<\/li>\n<\/ul>\n<\/li>\n<\/ol>\n<h2><strong>Keskmine Pin Type Metallurgiline h\u00fcdrosilinder <\/strong><strong>Omadused<\/strong><strong>:<\/strong><\/h2>\n<ul>\n<li><strong>Keskmise tihvti disain:<\/strong> Ainulaadne kesktihvti disain tagab parema stabiilsuse, t\u00e4pse joonduse ja parema koormuse jaotuse t\u00f6\u00f6tamise ajal, tagades optimaalse j\u00f5udluse metallurgilistes protsessides.<\/li>\n<li><strong>Metallurgiline rakendusfookus:<\/strong> Silindrid on t\u00e4pselt konstrueeritud vastama metallurgia rakenduste rangetele n\u00f5uetele, pakkudes t\u00f6\u00f6kindlust ja vastupidavust \u00e4\u00e4rmuslikes tingimustes.<\/li>\n<li><strong>Suurep\u00e4rane j\u00f5udlus:<\/strong>\u00a0 Silindrid pakuvad suurep\u00e4rast j\u00f5udlust, v\u00f5imaldades t\u00e4pset positsioneerimist, sujuvat t\u00f6\u00f6d ja suurenenud tootlikkust metallurgilistes protsessides.<\/li>\n<li><strong>Vastupidav konstruktsioon:<\/strong>\u00a0 Kvaliteetsetest materjalidest valmistatud silindrid taluvad suuri koormusi ja karme t\u00f6\u00f6tingimusi, tagades pikaajalise vastupidavuse ja usaldusv\u00e4\u00e4rse j\u00f5udluse.<\/li>\n<li><strong>Turvaelemendid:<\/strong>\u00a0 Konstruktsioon \u00fchendab \u00fclekoormuskaitse ja avariiv\u00e4ljal\u00fclitusmehhanismi, seades esikohale operaatori ohutuse metallurgilises protsessis.<\/li>\n<\/ul>\n<h2><strong>Kuidas m\u00f5\u00f5ta h\u00fcdrosilindrit?<\/strong><\/h2>\n<p>H\u00fcdrosilindri m\u00f5\u00f5tmine on lihtne protsess, mis n\u00f5uab m\u00f5nda olulist t\u00f6\u00f6riista. Siin on samm-sammult juhend h\u00fcdrosilindri t\u00e4pseks m\u00f5\u00f5tmiseks:<\/p>\n<ol>\n<li><strong>Koguge vajalikud t\u00f6\u00f6riistad:<\/strong>\n<ul>\n<li>M\u00f5\u00f5dulint v\u00f5i nihik: t\u00e4psete m\u00f5\u00f5tmiste saamiseks kasutage usaldusv\u00e4\u00e4rset m\u00f5\u00f5tevahendit.<\/li>\n<li>Ohutusvarustus: Kandke sobivaid isikukaitsevahendeid, n\u00e4iteks kindaid ja kaitseprille, et kaitsta end v\u00f5imalike ohtude eest.<\/li>\n<\/ul>\n<\/li>\n<li><strong>M\u00e4\u00e4rake m\u00f5\u00f5tepunktid:<\/strong>\n<ul>\n<li>Tehke kindlaks h\u00fcdrosilindri peamised m\u00f5\u00f5tepunktid, mis annavad vajaliku teabe t\u00e4pseks m\u00f5\u00f5tmiseks.<\/li>\n<li>Peamised m\u00f5\u00f5tepunktid h\u00f5lmavad tavaliselt silindri k\u00e4igu pikkust, ava l\u00e4bim\u00f5\u00f5tu ja varda l\u00e4bim\u00f5\u00f5tu.<\/li>\n<\/ul>\n<\/li>\n<li><strong>M\u00f5\u00f5da l\u00f6\u00f6gi pikkust:<\/strong>\n<ul>\n<li>Sirutage h\u00fcdrosilinder t\u00e4ielikult maksimaalse pikkuseni.<\/li>\n<li>Asetage m\u00f5\u00f5dulint v\u00f5i nihik silindri \u00fchte otsa, joondades selle v\u00f5rdluspunktiga.<\/li>\n<li>M\u00f5\u00f5tke v\u00f5rdluspunktist silindri vastasotsani.<\/li>\n<li>Salvesta suurus l\u00f6\u00f6gipikkusena.<\/li>\n<\/ul>\n<\/li>\n<li><strong>M\u00f5\u00f5da ava l\u00e4bim\u00f5\u00f5t:<\/strong>\n<ul>\n<li>Leidke silindri ava, mis on silindri toru sisel\u00e4bim\u00f5\u00f5t.<\/li>\n<li>Asetage m\u00f5\u00f5dulint v\u00f5i nihik \u00fcle ava, veendudes, et see on silindri teljega risti.<\/li>\n<li>M\u00f5\u00f5da ava \u00fcks k\u00fclg siseseinast vastaspoolse siseseinani.<\/li>\n<li>Salvesta m\u00f5\u00f5tmine puuraugu l\u00e4bim\u00f5\u00f5duna.<\/li>\n<\/ul>\n<\/li>\n<li><strong>M\u00f5\u00f5da varda l\u00e4bim\u00f5\u00f5t:<\/strong>\n<ul>\n<li>Tuvastage varras, mis on h\u00fcdrosilindrist v\u00e4ljaulatuv kolvivarras.<\/li>\n<li>Asetage m\u00f5\u00f5dulint v\u00f5i nihik varda l\u00e4bim\u00f5\u00f5dule, risti selle teljega.<\/li>\n<li>M\u00f5\u00f5da varda \u00fchte k\u00fclge v\u00e4lispinnalt vastask\u00fclje v\u00e4lispinnale.<\/li>\n<li>Salvesta m\u00f5\u00f5tmine varda l\u00e4bim\u00f5\u00f5duna.<\/li>\n<\/ul>\n<\/li>\n<li><strong>Lisam\u00f5\u00f5dud:<\/strong>\n<ul>\n<li>S\u00f5ltuvalt konkreetsetest n\u00f5uetest v\u00f5i rakendustest peate v\u00f5ib-olla m\u00f5\u00f5tma t\u00e4iendavaid parameetreid, n\u00e4iteks silindri kogupikkust, kinnituspunktide vahelist kaugust v\u00f5i varda keerme suurust.<\/li>\n<\/ul>\n<\/li>\n<li><strong>Dokumenteerige ja kontrollige m\u00f5\u00f5tmisi:<\/strong>\n<ul>\n<li>T\u00e4psuse tagamiseks kontrollige k\u00f5iki salvestatud m\u00f5\u00f5tmisi kaks korda.<\/li>\n<li>Dokumenteerige m\u00f5\u00f5tmised selgelt ja korraldage need edaspidiseks kasutamiseks v\u00f5i tellimiseks.<\/li>\n<\/ul>\n<\/li>\n<\/ol>\n<h2><strong>Tehase v\u00f5imekus ja suutlikkus:<\/strong><\/h2>\n<h3>(1) Kokkupanek<\/h3>\n<p>Meil on esmaklassiline s\u00f5ltumatu teadus- ja arendustegevuse montaa\u017eiplatvorm. H\u00fcdrosilindrite tootmist\u00f6\u00f6kojas on neli poolautomaatset t\u00f5stesilindrite koosteliini ja \u00fcks automaatne kallutussilindrite koosteliin, mille kavandatud aastane tootmisv\u00f5imsus on 1 miljon t\u00fckki. Spetsiaalsete silindrite t\u00f6\u00f6koda on varustatud erinevate spetsifikatsioonidega poolautomaatse puhastusmontaa\u017eis\u00fcsteemiga, mille kavandatud aastane tootmisv\u00f5imsus on 200 000 ja mis on varustatud kuulsate CNC-t\u00f6\u00f6tlemisseadmete, mehaanilise t\u00f6\u00f6tlemise keskuse, suure t\u00e4psusega silindrite t\u00f6\u00f6tlemise eriseadmete, robotkeevitusmasina, automaatse puhastusmasina, automaatse silindri kokkupanemise masina ja automaatse v\u00e4rvimise tootmisliiniga. Olemasolevad kriitilised seadmed rohkem kui 300 komplekti (komplekti). Seadmete ressursside optimaalne jaotamine ja t\u00f5hus kasutamine tagavad toodete t\u00e4psusn\u00f5uded ja vastavad toodete kvaliteedin\u00f5uetele.<\/p>\n<p><img loading=\"lazy\" decoding=\"async\" class=\"alignnone wp-image-626\" src=\"https:\/\/hydraulic-cylinders.net\/wp-content\/uploads\/2023\/08\/hydraulic-cylinder-product-1-300x158.webp\" alt=\"\" width=\"495\" height=\"260\" srcset=\"https:\/\/hydraulic-cylinders.net\/wp-content\/uploads\/2023\/08\/hydraulic-cylinder-product-1-300x158.webp 495w, https:\/\/hydraulic-cylinders.net\/wp-content\/uploads\/2023\/08\/hydraulic-cylinder-product-1-480x252.webp 480w\" sizes=\"(min-width: 0px) and (max-width: 480px) 480px, (min-width: 481px) 495px, 100vw\" \/> <img loading=\"lazy\" decoding=\"async\" class=\"alignnone wp-image-627\" src=\"https:\/\/hydraulic-cylinders.net\/wp-content\/uploads\/2023\/08\/hydraulic-cylinder-product-2-300x189.webp\" alt=\"\" width=\"413\" height=\"260\" \/><\/p>\n<h3>(2) T\u00f6\u00f6tlemine<\/h3>\n<p>T\u00f6\u00f6deldav t\u00f6\u00f6koda on varustatud kohandatud kallutatud r\u00f6\u00f6pse treipingi keskuse, mehaanilise keskuse, kiire lihvimismasina, keevitusroboti ja muude seotud seadmetega, mis suudavad t\u00f6\u00f6delda silindritorusid, mille maksimaalne sisel\u00e4bim\u00f5\u00f5t on 400 mm ja maksimaalne pikkus on 6 meetrit.<\/p>\n<p><img loading=\"lazy\" decoding=\"async\" class=\"alignnone wp-image-628 size-large\" src=\"https:\/\/hydraulic-cylinders.net\/wp-content\/uploads\/2023\/08\/hydraulic-cylinder-product-3-1024x391.webp\" alt=\"\" width=\"1024\" height=\"391\" srcset=\"https:\/\/hydraulic-cylinders.net\/wp-content\/uploads\/2023\/08\/hydraulic-cylinder-product-3-980x374.webp 980w, https:\/\/hydraulic-cylinders.net\/wp-content\/uploads\/2023\/08\/hydraulic-cylinder-product-3-480x183.webp 480w\" sizes=\"(min-width: 0px) and (max-width: 480px) 480px, (min-width: 481px) and (max-width: 980px) 980px, (min-width: 981px) 1024px, 100vw\" \/><\/p>\n<h3>(3) Keevitamine<\/h3>\n<p><img loading=\"lazy\" decoding=\"async\" class=\"alignnone wp-image-629 size-large\" src=\"https:\/\/hydraulic-cylinders.net\/wp-content\/uploads\/2023\/08\/hydraulic-cylinder-product-4-1024x510.webp\" alt=\"\" width=\"1024\" height=\"510\" srcset=\"https:\/\/hydraulic-cylinders.net\/wp-content\/uploads\/2023\/08\/hydraulic-cylinder-product-4-980x488.webp 980w, https:\/\/hydraulic-cylinders.net\/wp-content\/uploads\/2023\/08\/hydraulic-cylinder-product-4-480x239.webp 480w\" sizes=\"(min-width: 0px) and (max-width: 480px) 480px, (min-width: 481px) and (max-width: 980px) 980px, (min-width: 981px) 1024px, 100vw\" \/><\/p>\n<h3>(4) V\u00e4rvimine ja katmine<\/h3>\n<p>V\u00e4ikese ja keskmise suurusega silindri automaatse veep\u00f5hise v\u00e4rvipinnakattega liinide abil, et saavutada automaatne robotlaadimine ja mahalaadimine ning automaatne pihustamine, projekteerimisv\u00f5imsus 4000 t\u00fckki vahetuse kohta;<br \/>\nMeil on ka poolautomaatne suurte balloonide v\u00e4rvimise tootmisliin, mis t\u00f6\u00f6tab j\u00f5ukettaga ja mille projekteerimisv\u00f5imsus on 60 kasti \u00fche vahetuse kohta.<\/p>\n<p><img loading=\"lazy\" decoding=\"async\" class=\"alignnone wp-image-630\" src=\"https:\/\/hydraulic-cylinders.net\/wp-content\/uploads\/2023\/08\/hydraulic-cylinder-product-5-300x213.webp\" alt=\"\" width=\"366\" height=\"260\" \/> <img loading=\"lazy\" decoding=\"async\" class=\"alignnone wp-image-631\" src=\"https:\/\/hydraulic-cylinders.net\/wp-content\/uploads\/2023\/08\/hydraulic-cylinder-product-6-300x225.webp\" alt=\"\" width=\"347\" height=\"260\" \/><\/p>\n<h3>(5) Testimine<\/h3>\n<p>Meil on esmaklassilised kontrolliseadmed ja katsestendid, et tagada silindri j\u00f5udlus vastavus n\u00f5uetele.<\/p>\n<p><img loading=\"lazy\" decoding=\"async\" class=\"alignnone wp-image-632\" src=\"https:\/\/hydraulic-cylinders.net\/wp-content\/uploads\/2023\/08\/hydraulic-cylinder-product-8-300x200.webp\" alt=\"\" width=\"389\" height=\"260\" \/><\/p>\n<p>&nbsp;<\/p>\n<p>&nbsp;<\/p>\n<p>Oleme \u00fcks parimaid metallurgiliste h\u00fcdrosilindrite tootjaid. Me saame pakkuda p\u00f5hjalikku metallurgilise h\u00fcdrosilindri varu. Pakume ka vastavaid <a href=\"https:\/\/hzpt.com\/agricultural-pto-gearbox\/\" target=\"_blank\" rel=\"noopener\">p\u00f5llumajanduslikud k\u00e4igukastid<\/a>. Oleme eksportinud oma tooteid klientidele \u00fcle maailma ja teeninud hea maine t\u00e4nu meie suurep\u00e4rasele tootekvaliteedile ja m\u00fc\u00fcgij\u00e4rgsele teenindusele. Me tervitame kliente kodus ja v\u00e4lismaal, et v\u00f5tta meiega \u00fchendust, et pidada l\u00e4bir\u00e4\u00e4kimisi \u00e4ri, vahetada teavet ja <a href=\"https:\/\/www.hydraulic-cylinders.net\/et\/contact-us\/\">teha meiega koost\u00f6\u00f6d<\/a>!<\/p>\n<h2><\/h2>\n<h2><\/h2>\n<h2><\/h2>","protected":false},"excerpt":{"rendered":"<p>Middle Pin Type Metallurgical Hydraulic Cylinder Medium pin type metallurgical hydraulic cylinder is a cutting-edge hydraulic component designed to meet the strict requirements of metallurgical applications. With superior performance, rugged construction, and innovative design, this hydraulic cylinder provides precise control, durability and efficiency in demanding industrial environments. Whether used in steel mills, foundries, or other [&hellip;]<\/p>","protected":false},"featured_media":1180,"comment_status":"open","ping_status":"closed","template":"","meta":{"_et_pb_use_builder":"","_et_pb_old_content":"","_et_gb_content_width":""},"product_brand":[],"product_cat":[1376,1550,1524],"product_tag":[1380],"class_list":{"0":"post-1181","1":"product","2":"type-product","3":"status-publish","4":"has-post-thumbnail","6":"product_cat-hydraulic-cylinder","7":"product_cat-double-acting-hydraulic-cylinder","8":"product_cat-steel-mill-hydraulic-cylinders","9":"product_tag-hydraulic-cylinder","11":"first","12":"instock","13":"shipping-taxable","14":"product-type-simple"},"amp_enabled":true,"_links":{"self":[{"href":"https:\/\/www.hydraulic-cylinders.net\/et\/wp-json\/wp\/v2\/product\/1181","targetHints":{"allow":["GET"]}}],"collection":[{"href":"https:\/\/www.hydraulic-cylinders.net\/et\/wp-json\/wp\/v2\/product"}],"about":[{"href":"https:\/\/www.hydraulic-cylinders.net\/et\/wp-json\/wp\/v2\/types\/product"}],"replies":[{"embeddable":true,"href":"https:\/\/www.hydraulic-cylinders.net\/et\/wp-json\/wp\/v2\/comments?post=1181"}],"wp:featuredmedia":[{"embeddable":true,"href":"https:\/\/www.hydraulic-cylinders.net\/et\/wp-json\/wp\/v2\/media\/1180"}],"wp:attachment":[{"href":"https:\/\/www.hydraulic-cylinders.net\/et\/wp-json\/wp\/v2\/media?parent=1181"}],"wp:term":[{"taxonomy":"product_brand","embeddable":true,"href":"https:\/\/www.hydraulic-cylinders.net\/et\/wp-json\/wp\/v2\/product_brand?post=1181"},{"taxonomy":"product_cat","embeddable":true,"href":"https:\/\/www.hydraulic-cylinders.net\/et\/wp-json\/wp\/v2\/product_cat?post=1181"},{"taxonomy":"product_tag","embeddable":true,"href":"https:\/\/www.hydraulic-cylinders.net\/et\/wp-json\/wp\/v2\/product_tag?post=1181"}],"curies":[{"name":"wp","href":"https:\/\/api.w.org\/{rel}","templated":true}]}}