{"id":1213,"date":"2023-09-13T07:59:01","date_gmt":"2023-09-13T07:59:01","guid":{"rendered":"https:\/\/hydraulic-cylinders.net\/?post_type=product&#038;p=1213"},"modified":"2025-04-11T05:06:52","modified_gmt":"2025-04-11T05:06:52","slug":"y-hg1-noraml-metallurgical-hydraulic-cylinder","status":"publish","type":"product","link":"https:\/\/www.hydraulic-cylinders.net\/et\/toode\/y-hg1-noraml-metallurgical-hydraulic-cylinder\/","title":{"rendered":"Y-HG1 Noraml metallurgiline h\u00fcdrosilinder"},"content":{"rendered":"<h1 style=\"text-align: center;\"><strong>Y-HG1 Noraml metallurgiline h\u00fcdrosilinder<\/strong><\/h1>\n<p>Y-HG1 metallurgiline h\u00fcdrosilinder on tipptasemel h\u00fcdrauliline komponent, mis on spetsiaalselt loodud vastama metallurgiarakenduste n\u00f5udlikele n\u00f5uetele. Oma t\u00e4iustatud omaduste, vastupidava konstruktsiooni ja erakordse j\u00f5udlusega pakub Y-HG1 metallurgiline h\u00fcdrosilinder t\u00e4pset juhtimist, vastupidavust ja t\u00f6\u00f6kindlust terasetehaste, valukodade ja muude metallurgiaprotsesside karmides tingimustes. Olenemata sellest, kas tegemist on raskete t\u00f5stmiste, pressimise v\u00f5i positsioneerimisega, seab Y-HG1 silinder h\u00fcdraulikatehnoloogias uued standardid, muutes selle ideaalseks valikuks metallurgiat\u00f6\u00f6stusele.<\/p>\n<p>Y-HG1 seeria metallurgiliste seadmete h\u00fcdrosilinder topelt toimiva kolvesilindri jaoks, silindri l\u00e4bim\u00f5\u00f5t on \u00fcldiselt vahemikus 40 ~ 320mm, t\u00f6\u00f6r\u00f5hk &lt; = 16MPA, h\u00fcdrauliline \u00f5li mehaaniline s\u00fcsteem saab kasutada emulsiooni ja muude t\u00f6\u00f6vahendite kaotamiseks, \u00e4\u00e4riku, k\u00f5rvar\u00f5ngaste, tihvtide, trippide (baasi) ja erinevate t\u00fc\u00fcpide paigaldamine.<\/p>\n<p>K\u00f5rge t\u00e4psusega CNC-hoonestusmasin, automaatne keevitusmasin, vertikaalne, horisontaalne t\u00f6\u00f6tluskeskus, portaal-t\u00f6\u00f6tluskeskus, CNC-treiping ja muud t\u00f6\u00f6tlemisseadmed, toote kvaliteet on stabiilne ja garanteeritud.<\/p>\n<p><img loading=\"lazy\" decoding=\"async\" class=\"aligncenter wp-image-1214\" src=\"https:\/\/hydraulic-cylinders.net\/wp-content\/uploads\/2023\/09\/y-hg-1-noraml-metallurgical-hydraulic-cylinder-3-300x300.webp\" alt=\"\" width=\"400\" height=\"400\" \/><\/p>\n<h2><strong>Y-HG1 Noraml metallurgilise h\u00fcdraulilise silindri parameeter:<img loading=\"lazy\" decoding=\"async\" class=\"alignnone wp-image-1215 size-large\" src=\"https:\/\/hydraulic-cylinders.net\/wp-content\/uploads\/2023\/09\/y-hg-1-noraml-metallurgical-hydraulic-cylinder-1-1024x307.webp\" alt=\"\" width=\"1024\" height=\"307\" srcset=\"https:\/\/hydraulic-cylinders.net\/wp-content\/uploads\/2023\/09\/y-hg-1-noraml-metallurgical-hydraulic-cylinder-1-980x293.webp 980w, https:\/\/hydraulic-cylinders.net\/wp-content\/uploads\/2023\/09\/y-hg-1-noraml-metallurgical-hydraulic-cylinder-1-480x144.webp 480w\" sizes=\"(min-width: 0px) and (max-width: 480px) 480px, (min-width: 481px) and (max-width: 980px) 980px, (min-width: 981px) 1024px, 100vw\" \/> <img loading=\"lazy\" decoding=\"async\" class=\"alignnone wp-image-1216 size-large\" src=\"https:\/\/hydraulic-cylinders.net\/wp-content\/uploads\/2023\/09\/y-hg-1-noraml-metallurgical-hydraulic-cylinder-2-1024x553.webp\" alt=\"\" width=\"1024\" height=\"553\" srcset=\"https:\/\/hydraulic-cylinders.net\/wp-content\/uploads\/2023\/09\/y-hg-1-noraml-metallurgical-hydraulic-cylinder-2-980x530.webp 980w, https:\/\/hydraulic-cylinders.net\/wp-content\/uploads\/2023\/09\/y-hg-1-noraml-metallurgical-hydraulic-cylinder-2-480x259.webp 480w\" sizes=\"(min-width: 0px) and (max-width: 480px) 480px, (min-width: 481px) and (max-width: 980px) 980px, (min-width: 981px) 1024px, 100vw\" \/><\/strong><\/h2>\n<h2><strong>Y-HG1 Noraml metallurgiline h\u00fcdrosilinder <\/strong><strong>Kasutamise meetod<\/strong><strong>:<\/strong><\/h2>\n<ol>\n<li><strong>Paigaldamine ja paigaldamine:<\/strong>\n<ul>\n<li>M\u00e4\u00e4rake Y-HG1 silindrite paigaldamiseks sobiv asukoht, l\u00e4htudes teie metallurgiaseadmete erin\u00f5uetest.<\/li>\n<li>Veenduge, et paigalduspind on puhas, tasane ja v\u00f5imeline kandma silindri kaalu ja koormust.<\/li>\n<\/ul>\n<\/li>\n<li><strong>\u00dchendus h\u00fcdraulikas\u00fcsteemiga:<\/strong>\n<ul>\n<li>\u00dchendage Y-HG1 metallurgiline h\u00fcdrosilinder \u00fchilduva h\u00fcdraulilise vooliku v\u00f5i toru abil h\u00fcdros\u00fcsteemiga.<\/li>\n<li>Tagage n\u00f5uetekohane joondamine ja turvalised \u00fchendused, et v\u00e4ltida lekkeid ja tagada optimaalne j\u00f5udlus.<\/li>\n<\/ul>\n<\/li>\n<li><strong>S\u00fcsteemi integreerimine ja kalibreerimine:<\/strong>\n<ul>\n<li>Integreerige Y-HG1 metallurgilised h\u00fcdraulilised silindrid metallurgiaseadmetesse v\u00f5i -s\u00fcsteemidesse vastavalt tootja juhistele.<\/li>\n<li>Kalibreerige s\u00fcsteem, et saavutada n\u00f5utavad t\u00f6\u00f6parameetrid ja tagada silindri liikumise t\u00e4pne juhtimine.<\/li>\n<\/ul>\n<\/li>\n<li><strong>Silindri kasutamine:<\/strong>\n<ul>\n<li>Aktiveeri h\u00fcdros\u00fcsteem r\u00f5hu rakendamiseks ja Y-HG1 silindri liikumise alustamiseks.<\/li>\n<li>H\u00fcdrauliline juhtimiss\u00fcsteem juhib t\u00e4pselt silindri pikendamist, kokkut\u00f5mbumist ja positsioneerimist t\u00f5husate metallurgiliste toimingute jaoks.<\/li>\n<\/ul>\n<\/li>\n<\/ol>\n<h2><strong>Y-HG1 Noraml metallurgiline h\u00fcdrosilinder <\/strong><strong>Omadused<\/strong><strong>:<\/strong><\/h2>\n<ul>\n<li><strong>Vastupidav konstruktsioon:<\/strong> Y-HG1 silinder on valmistatud kvaliteetsetest materjalidest, mis tagab vastupidavuse ja pikaealisuse n\u00f5udlikus metallurgilises keskkonnas.<\/li>\n<li><strong>T\u00e4pne kontroll:<\/strong>\u00a0 Metallurgiline h\u00fcdrosilinder tagab suurep\u00e4rase juhtimise ja positsioneerimist\u00e4psuse, v\u00f5imaldades operaatoritel saavutada t\u00e4pse liikumise optimaalsete metallurgiliste protsesside jaoks.<\/li>\n<li><strong>Suur kandev\u00f5ime:<\/strong>\u00a0 Y-HG1 metallurgilised h\u00fcdraulilised silindrid on konstrueeritud metallurgilistes rakendustes standardsete raskete koormuste k\u00e4sitsemiseks, pakkudes usaldusv\u00e4\u00e4rseid t\u00f5ste- ja pressimisv\u00f5imalusi.<\/li>\n<li><strong>Korrosioonikindlus:<\/strong>\u00a0 Ballooni korrosioonikindel kate kaitseb seda karmide kemikaalide ja metallurgilises keskkonnas sageli esinevate \u00e4\u00e4rmuslike temperatuuride eest.<\/li>\n<li><strong>Mitmek\u00fclgsed kinnitusv\u00f5imalused:<\/strong> Y-HG1 silindrid on saadaval erinevate kinnitusv\u00f5imalustega ja neid saab h\u00f5lpsasti integreerida mitmetesse metallurgiaseadmetesse ja -s\u00fcsteemidesse.<\/li>\n<\/ul>\n<h2><strong>Kas \u00fchesuunaline h\u00fcdrauliline silinder t\u00f6\u00f6tab?<\/strong><\/h2>\n<p>\u00dchesuunaline \u00fchetoimeline h\u00fcdrauliline silinder kasutab h\u00fcdraulilist s\u00fcsteemi lineaarse liikumise tekitamiseks \u00fches suunas. See koosneb silindri korpusest, kolvist, kolvivardast ja h\u00fcdraulikavedelikust. See t\u00f6\u00f6tab j\u00e4rgmiselt:<\/p>\n<ol>\n<li><strong>H\u00fcdraulika\u00f5li varustus:<\/strong>\n<ul>\n<li>H\u00fcdraulikas\u00fcsteem varustab silindrit r\u00f5hu all oleva vedelikuga, tavaliselt \u00f5liga, h\u00fcdraulilise pumba v\u00f5i j\u00f5uallika kaudu.<\/li>\n<\/ul>\n<\/li>\n<li><strong>Silindri pikendus:<\/strong>\n<ul>\n<li>Kui silindrisse juhitakse h\u00fcdraulikavedelikku, siseneb see silindri silindrisse sisselaskeava kaudu.<\/li>\n<li>Survestatud vedelik surub vastu kolbi, pannes selle liikuma soovitud suunas (tavaliselt pikendades kolvivarda).<\/li>\n<li>Vedeliku r\u00f5hu suurenedes \u00fcletab see kolvi takistuse v\u00f5i koormuse, mille tulemuseks on kolvivarda pikenemine.<\/li>\n<\/ul>\n<\/li>\n<li><strong>Tihendusmehhanism:<\/strong>\n<ul>\n<li>Silindri korpus on tihendatud, et v\u00e4ltida vedeliku lekkimist. Tavaliselt on kolvi ja kolvivarda \u00fcmber tihendid, n\u00e4iteks O-r\u00f5ngad v\u00f5i huultihendid.<\/li>\n<li>Need tihendid tagavad, et r\u00f5hu all olev vedelik toimib ainult kolvi \u00fchel k\u00fcljel, tekitades r\u00f5hu tasakaalustamatuse, mis liigutab kolbi soovitud suunas.<\/li>\n<\/ul>\n<\/li>\n<li><strong>Tagasil\u00f6\u00f6k:<\/strong>\n<ul>\n<li>P\u00e4rast pikendusk\u00e4iku vabastatakse v\u00f5i ventileeritakse h\u00fcdraulikavedelik silindrist.<\/li>\n<li>H\u00fcdraulikas\u00fcsteem v\u00f5ib kolvi ja kolvivarda algasendisse tagasit\u00f5mbamiseks kasutada raskusj\u00f5udu, vedru v\u00f5i v\u00e4list j\u00f5udu.<\/li>\n<li>Tagasik\u00e4igu ajal voolab h\u00fcdraulika\u00f5li silindrist v\u00e4lja l\u00e4bi v\u00e4ljalaskeava.<\/li>\n<\/ul>\n<\/li>\n<li><strong>Koormuse tugi:<\/strong>\n<ul>\n<li>H\u00fcdraulilise silindri kolvivarras on sageli \u00fchendatud koormuse v\u00f5i mehhanismiga, mis n\u00f5uab lineaarset liikumist v\u00f5i j\u00f5udu.<\/li>\n<li>Kolvi pikenedes v\u00f5i t\u00f5mbudes annab see vajaliku j\u00f5u koorma liigutamiseks v\u00f5i toetamiseks.<\/li>\n<\/ul>\n<\/li>\n<li><strong>Juhtimine ja ventiilid:<\/strong>\n<ul>\n<li>\u00dchesuunalise h\u00fcdrosilindri pikendamise ja tagasit\u00f5mbamise juhtimiseks sisaldab h\u00fcdros\u00fcsteem ventiile, n\u00e4iteks tagasil\u00f6\u00f6giklappe v\u00f5i suunaventiile.<\/li>\n<li>Need ventiilid reguleerivad h\u00fcdraulikavedeliku voolu, v\u00f5imaldades sellel silindrisse siseneda ja sealt v\u00e4ljuda soovitud suunas.<\/li>\n<\/ul>\n<\/li>\n<li><strong>Rakenduse erip\u00e4rad:<\/strong>\n<ul>\n<li>\u00dchesuunalisi h\u00fcdraulilisi silindreid kasutatakse tavaliselt rakendustes, kus j\u00f5udu v\u00f5i liikumist on vaja ainult \u00fches suunas, n\u00e4iteks t\u00f5stmisel, l\u00fckkamisel v\u00f5i kinnitamisel.<\/li>\n<li>Neid leidub sageli h\u00fcdraulilistes tungraudades, h\u00fcdraulilistes pressides, kallurautodes ja mitmesugustes muudes t\u00f6\u00f6stus- ja mobiilseadmetes.<\/li>\n<\/ul>\n<\/li>\n<\/ol>\n<h2><strong>Tehase v\u00f5imekus ja suutlikkus:<\/strong><\/h2>\n<h3>(1) Kokkupanek<\/h3>\n<p>Meil on esmaklassiline s\u00f5ltumatu teadus- ja arendustegevuse montaa\u017eiplatvorm. H\u00fcdrosilindrite tootmist\u00f6\u00f6kojas on neli poolautomaatset t\u00f5stesilindrite koosteliini ja \u00fcks automaatne kallutussilindrite koosteliin, mille kavandatud aastane tootmisv\u00f5imsus on 1 miljon t\u00fckki. Spetsiaalsete silindrite t\u00f6\u00f6koda on varustatud erinevate spetsifikatsioonidega poolautomaatse puhastusmontaa\u017eis\u00fcsteemiga, mille kavandatud aastane tootmisv\u00f5imsus on 200 000 ja mis on varustatud kuulsate CNC-t\u00f6\u00f6tlemisseadmete, mehaanilise t\u00f6\u00f6tlemise keskuse, suure t\u00e4psusega silindrite t\u00f6\u00f6tlemise eriseadmete, robotkeevitusmasina, automaatse puhastusmasina, automaatse silindri kokkupanemise masina ja automaatse v\u00e4rvimise tootmisliiniga. Olemasolevad kriitilised seadmed rohkem kui 300 komplekti (komplekti). Seadmete ressursside optimaalne jaotamine ja t\u00f5hus kasutamine tagavad toodete t\u00e4psusn\u00f5uded ja vastavad toodete kvaliteedin\u00f5uetele.<\/p>\n<p><img loading=\"lazy\" decoding=\"async\" class=\"alignnone wp-image-626\" src=\"https:\/\/hydraulic-cylinders.net\/wp-content\/uploads\/2023\/08\/hydraulic-cylinder-product-1-300x158.webp\" alt=\"\" width=\"495\" height=\"260\" srcset=\"https:\/\/hydraulic-cylinders.net\/wp-content\/uploads\/2023\/08\/hydraulic-cylinder-product-1-300x158.webp 495w, https:\/\/hydraulic-cylinders.net\/wp-content\/uploads\/2023\/08\/hydraulic-cylinder-product-1-480x252.webp 480w\" sizes=\"(min-width: 0px) and (max-width: 480px) 480px, (min-width: 481px) 495px, 100vw\" \/> <img loading=\"lazy\" decoding=\"async\" class=\"alignnone wp-image-627\" src=\"https:\/\/hydraulic-cylinders.net\/wp-content\/uploads\/2023\/08\/hydraulic-cylinder-product-2-300x189.webp\" alt=\"\" width=\"413\" height=\"260\" \/><\/p>\n<h3>(2) T\u00f6\u00f6tlemine<\/h3>\n<p>T\u00f6\u00f6deldav t\u00f6\u00f6koda on varustatud kohandatud kallutatud r\u00f6\u00f6pse treipingi keskuse, mehaanilise keskuse, kiire lihvimismasina, keevitusroboti ja muude seotud seadmetega, mis suudavad t\u00f6\u00f6delda silindritorusid, mille maksimaalne sisel\u00e4bim\u00f5\u00f5t on 400 mm ja maksimaalne pikkus on 6 meetrit.<\/p>\n<p><img loading=\"lazy\" decoding=\"async\" class=\"alignnone wp-image-628 size-large\" src=\"https:\/\/hydraulic-cylinders.net\/wp-content\/uploads\/2023\/08\/hydraulic-cylinder-product-3-1024x391.webp\" alt=\"\" width=\"1024\" height=\"391\" srcset=\"https:\/\/hydraulic-cylinders.net\/wp-content\/uploads\/2023\/08\/hydraulic-cylinder-product-3-980x374.webp 980w, https:\/\/hydraulic-cylinders.net\/wp-content\/uploads\/2023\/08\/hydraulic-cylinder-product-3-480x183.webp 480w\" sizes=\"(min-width: 0px) and (max-width: 480px) 480px, (min-width: 481px) and (max-width: 980px) 980px, (min-width: 981px) 1024px, 100vw\" \/><\/p>\n<h3>(3) Keevitamine<\/h3>\n<p><img loading=\"lazy\" decoding=\"async\" class=\"alignnone wp-image-629 size-large\" src=\"https:\/\/hydraulic-cylinders.net\/wp-content\/uploads\/2023\/08\/hydraulic-cylinder-product-4-1024x510.webp\" alt=\"\" width=\"1024\" height=\"510\" srcset=\"https:\/\/hydraulic-cylinders.net\/wp-content\/uploads\/2023\/08\/hydraulic-cylinder-product-4-980x488.webp 980w, https:\/\/hydraulic-cylinders.net\/wp-content\/uploads\/2023\/08\/hydraulic-cylinder-product-4-480x239.webp 480w\" sizes=\"(min-width: 0px) and (max-width: 480px) 480px, (min-width: 481px) and (max-width: 980px) 980px, (min-width: 981px) 1024px, 100vw\" \/><\/p>\n<h3>(4) V\u00e4rvimine ja katmine<\/h3>\n<p>V\u00e4ikese ja keskmise suurusega silindri automaatse veep\u00f5hise v\u00e4rvipinnakattega liinide abil, et saavutada automaatne robotlaadimine ja mahalaadimine ning automaatne pihustamine, projekteerimisv\u00f5imsus 4000 t\u00fckki vahetuse kohta;<br \/>\nMeil on ka poolautomaatne suurte balloonide v\u00e4rvimise tootmisliin, mis t\u00f6\u00f6tab j\u00f5ukettaga ja mille projekteerimisv\u00f5imsus on 60 kasti \u00fche vahetuse kohta.<\/p>\n<p><img loading=\"lazy\" decoding=\"async\" class=\"alignnone wp-image-630\" src=\"https:\/\/hydraulic-cylinders.net\/wp-content\/uploads\/2023\/08\/hydraulic-cylinder-product-5-300x213.webp\" alt=\"\" width=\"366\" height=\"260\" \/> <img loading=\"lazy\" decoding=\"async\" class=\"alignnone wp-image-631\" src=\"https:\/\/hydraulic-cylinders.net\/wp-content\/uploads\/2023\/08\/hydraulic-cylinder-product-6-300x225.webp\" alt=\"\" width=\"347\" height=\"260\" \/><\/p>\n<h3>(5) Testimine<\/h3>\n<p>Meil on esmaklassilised kontrolliseadmed ja katsestendid, et tagada silindri j\u00f5udlus vastavus n\u00f5uetele.<\/p>\n<p><img loading=\"lazy\" decoding=\"async\" class=\"alignnone wp-image-632\" src=\"https:\/\/hydraulic-cylinders.net\/wp-content\/uploads\/2023\/08\/hydraulic-cylinder-product-8-300x200.webp\" alt=\"\" width=\"389\" height=\"260\" \/><\/p>\n<p>&nbsp;<\/p>\n<p>&nbsp;<\/p>\n<p>Oleme \u00fcks parimaid metallurgiliste h\u00fcdrosilindrite tootjaid. Me saame pakkuda p\u00f5hjalikku metallurgilise h\u00fcdrosilindri varu. Pakume ka vastavaid <a href=\"https:\/\/hzpt.com\/agricultural-pto-gearbox\/\" target=\"_blank\" rel=\"noopener\">p\u00f5llumajanduslikud k\u00e4igukastid<\/a>. Oleme eksportinud oma tooteid klientidele \u00fcle maailma ja teeninud hea maine t\u00e4nu meie suurep\u00e4rasele tootekvaliteedile ja m\u00fc\u00fcgij\u00e4rgsele teenindusele. Me tervitame kliente kodus ja v\u00e4lismaal, et v\u00f5tta meiega \u00fchendust, et pidada l\u00e4bir\u00e4\u00e4kimisi \u00e4ri, vahetada teavet ja <a href=\"https:\/\/www.hydraulic-cylinders.net\/et\/contact-us\/\">teha meiega koost\u00f6\u00f6d<\/a>!<\/p>\n<h2><\/h2>\n<h2><\/h2>","protected":false},"excerpt":{"rendered":"<p>Y-HG1 Noraml Metallurgical Hydraulic Cylinder The Y-HG1 metallurgical hydraulic cylinder is a state-of-the-art hydraulic component specifically designed to meet the demanding requirements of metallurgical applications. With its advanced features, robust construction, and exceptional performance, the Y-HG1 metallurgical hydraulic cylinder offers precise control, durability, and reliability in the rigorous environments of steel mills, foundries, and other [&hellip;]<\/p>","protected":false},"featured_media":1217,"comment_status":"open","ping_status":"closed","template":"","meta":{"_et_pb_use_builder":"","_et_pb_old_content":"","_et_gb_content_width":""},"product_brand":[],"product_cat":[1376,1550,1524],"product_tag":[1380],"class_list":{"0":"post-1213","1":"product","2":"type-product","3":"status-publish","4":"has-post-thumbnail","6":"product_cat-hydraulic-cylinder","7":"product_cat-double-acting-hydraulic-cylinder","8":"product_cat-steel-mill-hydraulic-cylinders","9":"product_tag-hydraulic-cylinder","11":"first","12":"instock","13":"shipping-taxable","14":"product-type-simple"},"amp_enabled":true,"_links":{"self":[{"href":"https:\/\/www.hydraulic-cylinders.net\/et\/wp-json\/wp\/v2\/product\/1213","targetHints":{"allow":["GET"]}}],"collection":[{"href":"https:\/\/www.hydraulic-cylinders.net\/et\/wp-json\/wp\/v2\/product"}],"about":[{"href":"https:\/\/www.hydraulic-cylinders.net\/et\/wp-json\/wp\/v2\/types\/product"}],"replies":[{"embeddable":true,"href":"https:\/\/www.hydraulic-cylinders.net\/et\/wp-json\/wp\/v2\/comments?post=1213"}],"wp:featuredmedia":[{"embeddable":true,"href":"https:\/\/www.hydraulic-cylinders.net\/et\/wp-json\/wp\/v2\/media\/1217"}],"wp:attachment":[{"href":"https:\/\/www.hydraulic-cylinders.net\/et\/wp-json\/wp\/v2\/media?parent=1213"}],"wp:term":[{"taxonomy":"product_brand","embeddable":true,"href":"https:\/\/www.hydraulic-cylinders.net\/et\/wp-json\/wp\/v2\/product_brand?post=1213"},{"taxonomy":"product_cat","embeddable":true,"href":"https:\/\/www.hydraulic-cylinders.net\/et\/wp-json\/wp\/v2\/product_cat?post=1213"},{"taxonomy":"product_tag","embeddable":true,"href":"https:\/\/www.hydraulic-cylinders.net\/et\/wp-json\/wp\/v2\/product_tag?post=1213"}],"curies":[{"name":"wp","href":"https:\/\/api.w.org\/{rel}","templated":true}]}}