{"id":1238,"date":"2023-09-14T08:14:17","date_gmt":"2023-09-14T08:14:17","guid":{"rendered":"https:\/\/hydraulic-cylinders.net\/?post_type=product&#038;p=1238"},"modified":"2025-04-11T05:26:15","modified_gmt":"2025-04-11T05:26:15","slug":"hrob-type-standard-b-type-circular-hydraulic-cylinder","status":"publish","type":"product","link":"https:\/\/www.hydraulic-cylinders.net\/et\/toode\/hrob-type-standard-b-type-circular-hydraulic-cylinder\/","title":{"rendered":"HROB t\u00fc\u00fcp Standard B-t\u00fc\u00fcpi \u00fcmmargune h\u00fcdrosilinder"},"content":{"rendered":"<h1 style=\"text-align: center;\"><strong>HROB t\u00fc\u00fcp Standard B-t\u00fc\u00fcpi \u00fcmmargune h\u00fcdrosilinder<\/strong><\/h1>\n<p>The HROB standard Type B circular hydraulic cylinder is a versatile and reliable hydraulic element that provides efficient power and precise control in various industrial applications. Using advanced technology and high-quality standards, this hydraulic cylinder offers superior performance and durability. Whether in manufacturing, construction, or material handling, HROB standard b cylinders ensure smooth and efficient hydraulic operation.<\/p>\n<p>HRO seeria \u00fcmmargune silinder ohutu ja stabiilne, v\u00e4ljund, lihtne hooldus, ilus v\u00e4limus, k\u00f5rge kvaliteet, sobib igat liiki pressi jaoks.<\/p>\n<p><img loading=\"lazy\" decoding=\"async\" class=\"wp-image-1239 aligncenter\" src=\"https:\/\/hydraulic-cylinders.net\/wp-content\/uploads\/2023\/09\/hro-circular-hydraulic-cylinder-5-1-300x300.webp\" alt=\"\" width=\"400\" height=\"400\" \/><\/p>\n<h2><strong>HROA t\u00fc\u00fcpi \u00fcmmargune h\u00fcdrosilinder iseloomulikud andmed:<\/strong><\/h2>\n<p><img loading=\"lazy\" decoding=\"async\" class=\"alignnone wp-image-1234 size-full\" src=\"https:\/\/hydraulic-cylinders.net\/wp-content\/uploads\/2023\/09\/hro-circular-hydraulic-cylinder-1-1-1.webp\" alt=\"\" width=\"1428\" height=\"436\" srcset=\"https:\/\/hydraulic-cylinders.net\/wp-content\/uploads\/2023\/09\/hro-circular-hydraulic-cylinder-1-1-1.webp 1428w, https:\/\/hydraulic-cylinders.net\/wp-content\/uploads\/2023\/09\/hro-circular-hydraulic-cylinder-1-1-1-1280x391.webp 1280w, https:\/\/hydraulic-cylinders.net\/wp-content\/uploads\/2023\/09\/hro-circular-hydraulic-cylinder-1-1-1-980x299.webp 980w, https:\/\/hydraulic-cylinders.net\/wp-content\/uploads\/2023\/09\/hro-circular-hydraulic-cylinder-1-1-1-480x147.webp 480w\" sizes=\"(min-width: 0px) and (max-width: 480px) 480px, (min-width: 481px) and (max-width: 980px) 980px, (min-width: 981px) and (max-width: 1280px) 1280px, (min-width: 1281px) 1428px, 100vw\" \/><\/p>\n<h2><strong>HROA t\u00fc\u00fcpi ringikujulise h\u00fcdrosilindri struktuuriskeem:<\/strong><\/h2>\n<p><img loading=\"lazy\" decoding=\"async\" class=\"alignnone wp-image-1235 size-full\" src=\"https:\/\/hydraulic-cylinders.net\/wp-content\/uploads\/2023\/09\/hro-circular-hydraulic-cylinder-2-1.webp\" alt=\"\" width=\"1404\" height=\"889\" srcset=\"https:\/\/hydraulic-cylinders.net\/wp-content\/uploads\/2023\/09\/hro-circular-hydraulic-cylinder-2-1.webp 1404w, https:\/\/hydraulic-cylinders.net\/wp-content\/uploads\/2023\/09\/hro-circular-hydraulic-cylinder-2-1-1280x810.webp 1280w, https:\/\/hydraulic-cylinders.net\/wp-content\/uploads\/2023\/09\/hro-circular-hydraulic-cylinder-2-1-980x621.webp 980w, https:\/\/hydraulic-cylinders.net\/wp-content\/uploads\/2023\/09\/hro-circular-hydraulic-cylinder-2-1-480x304.webp 480w\" sizes=\"(min-width: 0px) and (max-width: 480px) 480px, (min-width: 481px) and (max-width: 980px) 980px, (min-width: 981px) and (max-width: 1280px) 1280px, (min-width: 1281px) 1404px, 100vw\" \/><\/p>\n<h2><strong>HROB Type Standard B Type Circular Hydraulic Cylinder Parameter:<img loading=\"lazy\" decoding=\"async\" class=\"alignnone wp-image-1240 size-full\" src=\"https:\/\/hydraulic-cylinders.net\/wp-content\/uploads\/2023\/09\/hro-circular-hydraulic-cylinder-5.webp\" alt=\"\" width=\"1439\" height=\"1119\" srcset=\"https:\/\/hydraulic-cylinders.net\/wp-content\/uploads\/2023\/09\/hro-circular-hydraulic-cylinder-5.webp 1439w, https:\/\/hydraulic-cylinders.net\/wp-content\/uploads\/2023\/09\/hro-circular-hydraulic-cylinder-5-1280x995.webp 1280w, https:\/\/hydraulic-cylinders.net\/wp-content\/uploads\/2023\/09\/hro-circular-hydraulic-cylinder-5-980x762.webp 980w, https:\/\/hydraulic-cylinders.net\/wp-content\/uploads\/2023\/09\/hro-circular-hydraulic-cylinder-5-480x373.webp 480w\" sizes=\"(min-width: 0px) and (max-width: 480px) 480px, (min-width: 481px) and (max-width: 980px) 980px, (min-width: 981px) and (max-width: 1280px) 1280px, (min-width: 1281px) 1439px, 100vw\" \/> <\/strong><strong>HROB t\u00fc\u00fcp Standard B-t\u00fc\u00fcpi \u00fcmmargune h\u00fcdrosilinder <\/strong><strong>V\u00e4lise hambat\u00fc\u00fcbi spetsifikatsioonileht:<\/strong><\/h2>\n<h2><strong><img loading=\"lazy\" decoding=\"async\" class=\"alignnone wp-image-1241 size-full\" src=\"https:\/\/hydraulic-cylinders.net\/wp-content\/uploads\/2023\/09\/hro-circular-hydraulic-cylinder-6.webp\" alt=\"\" width=\"1426\" height=\"514\" srcset=\"https:\/\/hydraulic-cylinders.net\/wp-content\/uploads\/2023\/09\/hro-circular-hydraulic-cylinder-6.webp 1426w, https:\/\/hydraulic-cylinders.net\/wp-content\/uploads\/2023\/09\/hro-circular-hydraulic-cylinder-6-1280x461.webp 1280w, https:\/\/hydraulic-cylinders.net\/wp-content\/uploads\/2023\/09\/hro-circular-hydraulic-cylinder-6-980x353.webp 980w, https:\/\/hydraulic-cylinders.net\/wp-content\/uploads\/2023\/09\/hro-circular-hydraulic-cylinder-6-480x173.webp 480w\" sizes=\"(min-width: 0px) and (max-width: 480px) 480px, (min-width: 481px) and (max-width: 980px) 980px, (min-width: 981px) and (max-width: 1280px) 1280px, (min-width: 1281px) 1426px, 100vw\" \/><\/strong><\/h2>\n<h2><strong>HROB t\u00fc\u00fcp Standard B-t\u00fc\u00fcpi \u00fcmmargune h\u00fcdrosilinder <\/strong><strong>Kasutamise meetod<\/strong><strong>:<\/strong><\/h2>\n<ol>\n<li><strong>Paigaldamine ja paigaldamine:<\/strong>\n<ul>\n<li>Determine the appropriate installation location for the HROB type standard B cylinder based on your equipment or mechanical requirements.<\/li>\n<li>Veenduge, et kinnituspind on puhas, tasane ja suudab vastu pidada silindri kaalule ja koormusele.<\/li>\n<\/ul>\n<\/li>\n<li><strong>\u00dchendus h\u00fcdraulikas\u00fcsteemiga:<\/strong>\n<ul>\n<li>\u00dchendage h\u00fcdrosilinder h\u00fcdraulikas\u00fcsteemiga sobiva h\u00fcdraulikavooliku v\u00f5i -toru abil.<\/li>\n<li>Lekete v\u00e4ltimiseks ja j\u00f5udluse optimeerimiseks veenduge \u00f5iges joonduses ja kindlates \u00fchendustes.<\/li>\n<\/ul>\n<\/li>\n<li><strong>Silindri kasutamine:<\/strong>\n<ul>\n<li>The starting hydraulic system applies pressure to initiate the movement of the HROB standard B cylinder.<\/li>\n<li>H\u00fcdraulilist juhtimiss\u00fcsteemi kasutatakse silindri pikendamise, tagasit\u00f5mbamise ja positsioneerimise t\u00e4pseks juhtimiseks, et saavutada efektiivne t\u00f6\u00f6.<\/li>\n<\/ul>\n<\/li>\n<\/ol>\n<h2><strong>HROB t\u00fc\u00fcp Standard B-t\u00fc\u00fcpi \u00fcmmargune h\u00fcdrosilinder <\/strong><strong>Omadused<\/strong><strong>:<\/strong><\/h2>\n<ul>\n<li><strong>Vastupidav konstruktsioon:<\/strong> HROB Type standard B cylinders are manufactured with high-quality materials to ensure durability and longevity in demanding industrial environments.<\/li>\n<li><strong>T\u00e4psus ja kontroll:<\/strong> This hydraulic cylinder provides precise motion and positioning control, allowing for accurate and efficient operation.<\/li>\n<li><strong>Mitmek\u00fclgsed rakendused:<\/strong> HROB standard Type B cylinders are suitable for manufacturing, construction, material handling and other industries.<\/li>\n<li><strong>T\u00f5hus j\u00f5u\u00fclekanne:<\/strong> The cylinders efficiently convert hydraulic energy into mechanical force, providing reliable and consistent power output.<\/li>\n<li><strong>Sujuv toimimine:<\/strong> The HROB standard Type B cylinder ensures smooth and reliable operation and minimizes vibration and noise during hydraulic movement.<\/li>\n<\/ul>\n<h2><strong>Kui raske on h\u00fcdrosilindri \u00fcmberehitamine?<\/strong><\/h2>\n<p>H\u00fcdrosilindri \u00fcmberehitamine v\u00f5ib olla keeruline \u00fclesanne, mis n\u00f5uab mehaanilisi teadmisi, kogemusi ja \u00f5igeid t\u00f6\u00f6riistu. Protsessi raskusaste v\u00f5ib erineda s\u00f5ltuvalt silindri konkreetsest konstruktsioonist ja seisukorrast. Siin on m\u00f5ned tegurid, mida tuleb arvesse v\u00f5tta:<\/p>\n<ol>\n<li><strong>Asjatundlikkus ja kogemused:<\/strong><br \/>\nH\u00fcdrosilindri taastamine n\u00f5uab head arusaamist selle komponentidest, funktsionaalsusest ja kokkupanekust. Protsess v\u00f5ib olla paremini hallatav, kui teil on kogemusi h\u00fcdraulikas\u00fcsteemidega t\u00f6\u00f6tamisel v\u00f5i olete varem h\u00fcdraulikasilindreid taastanud. Kui aga olete h\u00fcdraulikas\u00fcsteemide alal uus, on soovitatav otsida professionaalset abi v\u00f5i juhiseid.<\/li>\n<li><strong>Silindri disain:<\/strong><br \/>\nH\u00fcdrosilindri \u00fcmberehituse keerukus v\u00f5ib s\u00f5ltuda selle konstruktsioonist. M\u00f5ned silindrid on lihtsama konstruktsiooniga ja v\u00e4hemate sisemiste komponentidega, mist\u00f5ttu on neid suhteliselt lihtsam \u00fcmber ehitada. Kuid keerukamad tehnikad, n\u00e4iteks mitme astme v\u00f5i integreeritud funktsioonidega, v\u00f5ivad olla keerulisemad ja keerulisemad ning neid v\u00f5ib olla keeruline lahti v\u00f5tta, uuesti sulgeda ja \u00f5igesti kokku panna.<\/li>\n<li><strong>Silindri seisund:<\/strong><br \/>\nH\u00fcdrosilindri \u00fcldine seisund m\u00f5jutab samuti \u00fcmberehitusprotsessi. Kui silindril on t\u00f5siseid kahjustusi, ulatuslikku kulumist v\u00f5i korrosiooni, v\u00f5ib see n\u00f5uda t\u00e4iendavat remonti v\u00f5i osade vahetamist, mis v\u00f5ib muuta \u00fcmberehituse keerukamaks. Silindri seisundi eelnev hindamine aitab kindlaks m\u00e4\u00e4rata vajaliku t\u00f6\u00f6 taseme.<\/li>\n<li><strong>T\u00f6\u00f6riistad ja seadmed:<\/strong><br \/>\nH\u00fcdrosilindri taastamine n\u00f5uab sageli spetsiaalseid t\u00f6\u00f6riistu ja seadmeid. Nende hulka kuuluvad h\u00fcdraulilised pressid, tihendite paigaldust\u00f6\u00f6riistad, lukustusr\u00f5nga tangid ja momentv\u00f5tmed. Vajalike t\u00f6\u00f6riistade olemasolu ja nende \u00f5ige kasutamise tundmine on eduka taastamise jaoks \u00fclioluline.<\/li>\n<li><strong>Tihendi asendamine ja montaa\u017e:<\/strong><br \/>\nH\u00fcdrosilindri taastamise \u00fcks kriitilisi samme on tihendite vahetamine. Tihendite \u00f5ige valik ja paigaldamine on n\u00f5uetekohase toimimise ja lekete v\u00e4ltimise seisukohalt kriitilise t\u00e4htsusega. See n\u00f5uab t\u00e4psust ja t\u00e4helepanu detailidele. Lisaks on silindri komponentide \u00f5iges j\u00e4rjekorras ja joonduses kokkupanek optimaalse j\u00f5udluse saavutamiseks \u00fclioluline.<\/li>\n<li><strong>Testimine ja kontrollimine:<\/strong><br \/>\nP\u00e4rast h\u00fcdrosilindri \u00fcmberehitamist on oluline teha p\u00f5hjalikud testid, et tagada selle n\u00f5uetekohane toimimine. See v\u00f5ib h\u00f5lmata r\u00f5hukatsetusi, lekete kontrollimist ning silindri liikumisulatuse ja t\u00f6\u00f6v\u00f5ime kontrollimist. N\u00f5uetekohane testimine aitab tuvastada probleeme ja tagab silindri ohutuse ja t\u00f6\u00f6kindluse.<\/li>\n<\/ol>\n<h2><strong>Tehase v\u00f5imekus ja suutlikkus:<\/strong><\/h2>\n<h3>(1) Kokkupanek<\/h3>\n<p>Meil on esmaklassiline s\u00f5ltumatu teadus- ja arendustegevuse montaa\u017eiplatvorm. H\u00fcdrosilindrite tootmist\u00f6\u00f6kojas on neli poolautomaatset t\u00f5stesilindrite koosteliini ja \u00fcks automaatne kallutussilindrite koosteliin, mille kavandatud aastane tootmisv\u00f5imsus on 1 miljon t\u00fckki. Spetsiaalsete silindrite t\u00f6\u00f6koda on varustatud erinevate spetsifikatsioonidega poolautomaatse puhastusmontaa\u017eis\u00fcsteemiga, mille kavandatud aastane tootmisv\u00f5imsus on 200 000 ja mis on varustatud kuulsate CNC-t\u00f6\u00f6tlemisseadmete, mehaanilise t\u00f6\u00f6tlemise keskuse, suure t\u00e4psusega silindrite t\u00f6\u00f6tlemise eriseadmete, robotkeevitusmasina, automaatse puhastusmasina, automaatse silindri kokkupanemise masina ja automaatse v\u00e4rvimise tootmisliiniga. Olemasolevad kriitilised seadmed rohkem kui 300 komplekti (komplekti). Seadmete ressursside optimaalne jaotamine ja t\u00f5hus kasutamine tagavad toodete t\u00e4psusn\u00f5uded ja vastavad toodete kvaliteedin\u00f5uetele.<\/p>\n<p><img loading=\"lazy\" decoding=\"async\" class=\"alignnone wp-image-626\" src=\"https:\/\/hydraulic-cylinders.net\/wp-content\/uploads\/2023\/08\/hydraulic-cylinder-product-1-300x158.webp\" alt=\"\" width=\"495\" height=\"260\" srcset=\"https:\/\/hydraulic-cylinders.net\/wp-content\/uploads\/2023\/08\/hydraulic-cylinder-product-1-300x158.webp 495w, https:\/\/hydraulic-cylinders.net\/wp-content\/uploads\/2023\/08\/hydraulic-cylinder-product-1-480x252.webp 480w\" sizes=\"(min-width: 0px) and (max-width: 480px) 480px, (min-width: 481px) 495px, 100vw\" \/> <img loading=\"lazy\" decoding=\"async\" class=\"alignnone wp-image-627\" src=\"https:\/\/hydraulic-cylinders.net\/wp-content\/uploads\/2023\/08\/hydraulic-cylinder-product-2-300x189.webp\" alt=\"\" width=\"413\" height=\"260\" \/><\/p>\n<h3>(2) T\u00f6\u00f6tlemine<\/h3>\n<p>T\u00f6\u00f6deldav t\u00f6\u00f6koda on varustatud kohandatud kallutatud r\u00f6\u00f6pse treipingi keskuse, mehaanilise keskuse, kiire lihvimismasina, keevitusroboti ja muude seotud seadmetega, mis suudavad t\u00f6\u00f6delda silindritorusid, mille maksimaalne sisel\u00e4bim\u00f5\u00f5t on 400 mm ja maksimaalne pikkus on 6 meetrit.<\/p>\n<p><img loading=\"lazy\" decoding=\"async\" class=\"alignnone wp-image-628 size-large\" src=\"https:\/\/hydraulic-cylinders.net\/wp-content\/uploads\/2023\/08\/hydraulic-cylinder-product-3-1024x391.webp\" alt=\"\" width=\"1024\" height=\"391\" srcset=\"https:\/\/hydraulic-cylinders.net\/wp-content\/uploads\/2023\/08\/hydraulic-cylinder-product-3-980x374.webp 980w, https:\/\/hydraulic-cylinders.net\/wp-content\/uploads\/2023\/08\/hydraulic-cylinder-product-3-480x183.webp 480w\" sizes=\"(min-width: 0px) and (max-width: 480px) 480px, (min-width: 481px) and (max-width: 980px) 980px, (min-width: 981px) 1024px, 100vw\" \/><\/p>\n<h3>(3) Keevitamine<\/h3>\n<p><img loading=\"lazy\" decoding=\"async\" class=\"alignnone wp-image-629 size-large\" src=\"https:\/\/hydraulic-cylinders.net\/wp-content\/uploads\/2023\/08\/hydraulic-cylinder-product-4-1024x510.webp\" alt=\"\" width=\"1024\" height=\"510\" srcset=\"https:\/\/hydraulic-cylinders.net\/wp-content\/uploads\/2023\/08\/hydraulic-cylinder-product-4-980x488.webp 980w, https:\/\/hydraulic-cylinders.net\/wp-content\/uploads\/2023\/08\/hydraulic-cylinder-product-4-480x239.webp 480w\" sizes=\"(min-width: 0px) and (max-width: 480px) 480px, (min-width: 481px) and (max-width: 980px) 980px, (min-width: 981px) 1024px, 100vw\" \/><\/p>\n<h3>(4) V\u00e4rvimine ja katmine<\/h3>\n<p>V\u00e4ikese ja keskmise suurusega silindri automaatse veep\u00f5hise v\u00e4rvipinnakattega liinide abil, et saavutada automaatne robotlaadimine ja mahalaadimine ning automaatne pihustamine, projekteerimisv\u00f5imsus 4000 t\u00fckki vahetuse kohta;<br \/>\nMeil on ka poolautomaatne suurte balloonide v\u00e4rvimise tootmisliin, mis t\u00f6\u00f6tab j\u00f5ukettaga ja mille projekteerimisv\u00f5imsus on 60 kasti \u00fche vahetuse kohta.<\/p>\n<p><img loading=\"lazy\" decoding=\"async\" class=\"alignnone wp-image-630\" src=\"https:\/\/hydraulic-cylinders.net\/wp-content\/uploads\/2023\/08\/hydraulic-cylinder-product-5-300x213.webp\" alt=\"\" width=\"366\" height=\"260\" \/> <img loading=\"lazy\" decoding=\"async\" class=\"alignnone wp-image-631\" src=\"https:\/\/hydraulic-cylinders.net\/wp-content\/uploads\/2023\/08\/hydraulic-cylinder-product-6-300x225.webp\" alt=\"\" width=\"347\" height=\"260\" \/><\/p>\n<h3>(5) Testimine<\/h3>\n<p>Meil on esmaklassilised kontrolliseadmed ja katsestendid, et tagada silindri j\u00f5udlus vastavus n\u00f5uetele.<\/p>\n<p><img loading=\"lazy\" decoding=\"async\" class=\"alignnone wp-image-632\" src=\"https:\/\/hydraulic-cylinders.net\/wp-content\/uploads\/2023\/08\/hydraulic-cylinder-product-8-300x200.webp\" alt=\"\" width=\"389\" height=\"260\" \/><\/p>\n<p>&nbsp;<\/p>\n<p>&nbsp;<\/p>\n<p>Oleme \u00fcks parimaid metallurgiliste h\u00fcdrosilindrite tootjaid. Me saame pakkuda p\u00f5hjalikku metallurgilise h\u00fcdrosilindri varu. Pakume ka vastavaid <a href=\"https:\/\/hzpt.com\/agricultural-pto-gearbox\/\" target=\"_blank\" rel=\"noopener\">p\u00f5llumajanduslikud k\u00e4igukastid<\/a>. Oleme eksportinud oma tooteid klientidele \u00fcle maailma ja teeninud hea maine t\u00e4nu meie suurep\u00e4rasele tootekvaliteedile ja m\u00fc\u00fcgij\u00e4rgsele teenindusele. Me tervitame kliente kodus ja v\u00e4lismaal, et v\u00f5tta meiega \u00fchendust, et pidada l\u00e4bir\u00e4\u00e4kimisi \u00e4ri, vahetada teavet ja <a href=\"https:\/\/www.hydraulic-cylinders.net\/et\/contact-us\/\">teha meiega koost\u00f6\u00f6d<\/a>!<\/p>\n<h2><\/h2>","protected":false},"excerpt":{"rendered":"<p>HROB Type Standard B Type Circular Hydraulic Cylinder The HROB standard Type B circular hydraulic cylinder is a versatile and reliable hydraulic element that provides efficient power and precise control in various industrial applications. Using advanced technology and high-quality standards, this hydraulic cylinder offers superior performance and durability. Whether in manufacturing, construction, or material handling, [&hellip;]<\/p>","protected":false},"featured_media":1259,"comment_status":"open","ping_status":"closed","template":"","meta":{"_et_pb_use_builder":"","_et_pb_old_content":"","_et_gb_content_width":""},"product_brand":[],"product_cat":[1526,1550,1376],"product_tag":[1380],"class_list":{"0":"post-1238","1":"product","2":"type-product","3":"status-publish","4":"has-post-thumbnail","6":"product_cat-assembly-line-hydraulic-cylinders","7":"product_cat-double-acting-hydraulic-cylinder","8":"product_cat-hydraulic-cylinder","9":"product_tag-hydraulic-cylinder","11":"first","12":"instock","13":"shipping-taxable","14":"product-type-simple"},"amp_enabled":true,"_links":{"self":[{"href":"https:\/\/www.hydraulic-cylinders.net\/et\/wp-json\/wp\/v2\/product\/1238","targetHints":{"allow":["GET"]}}],"collection":[{"href":"https:\/\/www.hydraulic-cylinders.net\/et\/wp-json\/wp\/v2\/product"}],"about":[{"href":"https:\/\/www.hydraulic-cylinders.net\/et\/wp-json\/wp\/v2\/types\/product"}],"replies":[{"embeddable":true,"href":"https:\/\/www.hydraulic-cylinders.net\/et\/wp-json\/wp\/v2\/comments?post=1238"}],"wp:featuredmedia":[{"embeddable":true,"href":"https:\/\/www.hydraulic-cylinders.net\/et\/wp-json\/wp\/v2\/media\/1259"}],"wp:attachment":[{"href":"https:\/\/www.hydraulic-cylinders.net\/et\/wp-json\/wp\/v2\/media?parent=1238"}],"wp:term":[{"taxonomy":"product_brand","embeddable":true,"href":"https:\/\/www.hydraulic-cylinders.net\/et\/wp-json\/wp\/v2\/product_brand?post=1238"},{"taxonomy":"product_cat","embeddable":true,"href":"https:\/\/www.hydraulic-cylinders.net\/et\/wp-json\/wp\/v2\/product_cat?post=1238"},{"taxonomy":"product_tag","embeddable":true,"href":"https:\/\/www.hydraulic-cylinders.net\/et\/wp-json\/wp\/v2\/product_tag?post=1238"}],"curies":[{"name":"wp","href":"https:\/\/api.w.org\/{rel}","templated":true}]}}