{"id":1266,"date":"2023-09-15T07:54:55","date_gmt":"2023-09-15T07:54:55","guid":{"rendered":"https:\/\/hydraulic-cylinders.net\/?post_type=product&#038;p=1266"},"modified":"2025-04-11T05:25:56","modified_gmt":"2025-04-11T05:25:56","slug":"cx-series-homotaxial-compact-hydraulic-cylinder","status":"publish","type":"product","link":"https:\/\/www.hydraulic-cylinders.net\/et\/toode\/cx-series-homotaxial-compact-hydraulic-cylinder\/","title":{"rendered":"CX-seeria homotaksiaalne kompaktne h\u00fcdrauliline silinder"},"content":{"rendered":"<h1 style=\"text-align: center;\"><strong>CX-seeria homotaksiaalne kompaktne h\u00fcdrauliline silinder<\/strong><\/h1>\n<p>CX-seeria homotaksiaalne kompaktne h\u00fcdrosilinder on tipptasemel h\u00fcdrauliline komponent, mis on loodud t\u00f5husa ja usaldusv\u00e4\u00e4rse j\u00f5u\u00fclekande tagamiseks laias valikus t\u00f6\u00f6stuslikes rakendustes. Oma kompaktse disaini, suurep\u00e4rase j\u00f5udluse ja vastupidavusega pakub see h\u00fcdrosilinder t\u00e4pset juhtimist ja mitmek\u00fclgsust. Olenemata sellest, kas seda kasutatakse tootmises, materjalik\u00e4itluses v\u00f5i ehituses, on CX-seeria homotaksiaalne kompaktne h\u00fcdrosilinder loodud h\u00fcdrauliliste toimingute optimeerimiseks ja tootlikkuse suurendamiseks.<\/p>\n<p>CX-seeria kompaktsilindreid kasutatakse silindrite kinnitamiseks. Nende paigaldus on v\u00e4ike. Meie tehases on t\u00e4iustatud h\u00fcdraulilised seadmed, sealhulgas vertikaalne horisontaalne t\u00f6\u00f6tluskeskus ning keskmised ja suured h\u00fcdraulilised silindrid. \u00d5hukeste silindrite tootmistehnoloogia on suurep\u00e4rane.<\/p>\n<p><img loading=\"lazy\" decoding=\"async\" class=\"size-full wp-image-1267 aligncenter\" src=\"https:\/\/hydraulic-cylinders.net\/wp-content\/uploads\/2023\/09\/cx-compact-hydraulic-cylinder-6.webp\" alt=\"\" width=\"245\" height=\"245\" srcset=\"https:\/\/www.hydraulic-cylinders.net\/wp-content\/uploads\/2023\/09\/cx-compact-hydraulic-cylinder-6.webp 245w, https:\/\/www.hydraulic-cylinders.net\/wp-content\/uploads\/2023\/09\/cx-compact-hydraulic-cylinder-6-100x100.webp 100w, https:\/\/www.hydraulic-cylinders.net\/wp-content\/uploads\/2023\/09\/cx-compact-hydraulic-cylinder-6-150x150.webp 150w, https:\/\/www.hydraulic-cylinders.net\/wp-content\/uploads\/2023\/09\/cx-compact-hydraulic-cylinder-6-12x12.webp 12w\" sizes=\"(max-width: 245px) 100vw, 245px\" \/><\/p>\n<h2><strong>CX-seeria homotaksiaalne kompaktne h\u00fcdrauliline silinder. Mudeli kirjeldus:<img loading=\"lazy\" decoding=\"async\" class=\"alignnone wp-image-1269 size-full\" src=\"https:\/\/hydraulic-cylinders.net\/wp-content\/uploads\/2023\/09\/cx-compact-hydraulic-cylinder-2.webp\" alt=\"\" width=\"730\" height=\"119\" srcset=\"https:\/\/hydraulic-cylinders.net\/wp-content\/uploads\/2023\/09\/cx-compact-hydraulic-cylinder-2.webp 730w, https:\/\/hydraulic-cylinders.net\/wp-content\/uploads\/2023\/09\/cx-compact-hydraulic-cylinder-2-480x78.webp 480w\" sizes=\"(min-width: 0px) and (max-width: 480px) 480px, (min-width: 481px) 730px, 100vw\" \/>\u00a0<\/strong><\/h2>\n<h2><strong>CX-seeria homotaksiaalne kompaktne h\u00fcdrauliline silinder <\/strong><strong>Omadused<\/strong>:<\/h2>\n<h2><strong><img loading=\"lazy\" decoding=\"async\" class=\"alignnone wp-image-1270 size-full\" src=\"https:\/\/hydraulic-cylinders.net\/wp-content\/uploads\/2023\/09\/cx-compact-hydraulic-cylinder-3.webp\" alt=\"\" width=\"730\" height=\"87\" srcset=\"https:\/\/hydraulic-cylinders.net\/wp-content\/uploads\/2023\/09\/cx-compact-hydraulic-cylinder-3.webp 730w, https:\/\/hydraulic-cylinders.net\/wp-content\/uploads\/2023\/09\/cx-compact-hydraulic-cylinder-3-480x57.webp 480w\" sizes=\"(min-width: 0px) and (max-width: 480px) 480px, (min-width: 481px) 730px, 100vw\" \/>\u00a0<\/strong><\/h2>\n<h2><strong>CX-seeria homotaksiaalne kompaktne h\u00fcdrauliline silinder Parameeter:<\/strong><\/h2>\n<h2><strong><img loading=\"lazy\" decoding=\"async\" class=\"alignnone wp-image-1271 size-full\" src=\"https:\/\/hydraulic-cylinders.net\/wp-content\/uploads\/2023\/09\/cx-compact-hydraulic-cylinder-4.webp\" alt=\"\" width=\"730\" height=\"878\" srcset=\"https:\/\/hydraulic-cylinders.net\/wp-content\/uploads\/2023\/09\/cx-compact-hydraulic-cylinder-4.webp 730w, https:\/\/hydraulic-cylinders.net\/wp-content\/uploads\/2023\/09\/cx-compact-hydraulic-cylinder-4-480x577.webp 480w\" sizes=\"(min-width: 0px) and (max-width: 480px) 480px, (min-width: 481px) 730px, 100vw\" \/><\/strong><\/h2>\n<h2><strong>CX-seeria homotaksiaalne kompaktne h\u00fcdrauliline silinder <\/strong><strong>Peamised omadused ja eelised<\/strong><strong>:<\/strong><\/h2>\n<ol>\n<li><strong>Kompaktne disain:<\/strong>\n<ul>\n<li>CX-seeria koaksiaalsed kompaktsed h\u00fcdrosilindrid on loodud minimaalse ruumi v\u00f5tmiseks, mist\u00f5ttu sobivad need ideaalselt rakenduste jaoks, kus paigaldusala on piiratud.<\/li>\n<li>Selle kompaktne suurus v\u00f5imaldab sujuvat integreerimist mitmesuguste seadmete ja mehaaniliste seadistustega.<\/li>\n<\/ul>\n<\/li>\n<li><strong>T\u00e4pne kontroll:<\/strong>\n<ul>\n<li>See h\u00fcdrauliline silinder pakub suurep\u00e4rast liikumise ja positsioneerimise juhtimist, v\u00f5imaldades t\u00e4pset ja t\u00f5husat t\u00f6\u00f6d.<\/li>\n<li>T\u00e4pne juhtimismehhanism tagab sujuva ja kontrollitava liikumise ning parandab \u00fcldist tootmise efektiivsust.<\/li>\n<\/ul>\n<\/li>\n<li><strong>Suur j\u00f5udlus:<\/strong>\n<ul>\n<li>CX-seeria koaksiaalne kompaktne h\u00fcdrosilindri disain pakub suure j\u00f5udlusega j\u00f5u\u00fclekandev\u00f5imalust.<\/li>\n<li>See talub raskeid koormusi ja n\u00f5udlikke t\u00f6\u00f6stusrakendusi, tagades usaldusv\u00e4\u00e4rse ja j\u00e4rjepideva j\u00f5udluse.<\/li>\n<\/ul>\n<\/li>\n<li><strong>Mitmek\u00fclgsed rakendused:<\/strong>\n<ul>\n<li>CX-seeria koaksiaalsed kompaktsed h\u00fcdrosilindrid on loodud mitmeotstarbeliseks kasutamiseks tootmises, materjalik\u00e4itluses, ehituses ja muudes t\u00f6\u00f6stusharudes.<\/li>\n<li>Seda saab kasutada erinevates seadmetes, n\u00e4iteks pressides, kompaktorites, laadurites jne.<\/li>\n<\/ul>\n<\/li>\n<\/ol>\n<h2><strong>CX-seeria homotaksiaalne kompaktne h\u00fcdrauliline silinder <\/strong><strong>Kasutamise meetod<\/strong><strong>:<\/strong><\/h2>\n<ol>\n<li><strong>Paigaldamine ja paigaldamine:<\/strong>\n<ul>\n<li>M\u00e4\u00e4rake CX-seeria koaksiaalsete kompaktsete h\u00fcdrosilindrite sobiv paigalduskoht vastavalt oma seadme v\u00f5i masina erin\u00f5uetele.<\/li>\n<li>Veenduge, et kinnituspind on kindel ja tasane ning suudab ohutult kanda silindri raskust ja koormust.<\/li>\n<\/ul>\n<\/li>\n<li><strong>H\u00fcdraulikas\u00fcsteemi \u00fchendus:<\/strong>\n<ul>\n<li>\u00dchendage h\u00fcdrosilinder h\u00fcdraulikas\u00fcsteemiga sobiva h\u00fcdraulikavooliku v\u00f5i -toru abil.<\/li>\n<li>N\u00f5uetekohane joondus ja tihedad \u00fchendused hoiavad \u00e4ra lekked ja tagavad optimaalse j\u00f5udluse.<\/li>\n<\/ul>\n<\/li>\n<li><strong>Silindri kasutamine:<\/strong>\n<ul>\n<li>K\u00e4ivitage h\u00fcdros\u00fcsteem ja alustage CX-seeria koaksiaalse kompaktse h\u00fcdrosilindri liikumist.<\/li>\n<li>H\u00fcdraulilist juhtimiss\u00fcsteemi kasutatakse silindri pikendamise, tagasit\u00f5mbamise ja positsioneerimise t\u00e4pseks juhtimiseks, et saavutada efektiivne t\u00f6\u00f6.<\/li>\n<\/ul>\n<\/li>\n<\/ol>\n<h2><strong>Kuidas eemaldada esilaadurilt h\u00fcdrosilindrit?<\/strong><\/h2>\n<p>H\u00fcdrosilindri eemaldamine esilaadurilt n\u00f5uab korralikku ettevalmistust ja ettevaatlikkust. Siin on samm-sammult juhend, mis aitab teil protsessi l\u00e4bida:<\/p>\n<ol>\n<li><strong>Ohutuse tagamine:<\/strong>\n<ul>\n<li>Enne t\u00f6\u00f6 alustamist parkige esilaadur tasasele ja stabiilsele pinnale.<\/li>\n<li>Tahtmatu liikumise v\u00e4ltimiseks l\u00fclitage sisse seisupidur ja l\u00fclitage mootor v\u00e4lja.<\/li>\n<\/ul>\n<\/li>\n<li><strong>Tuvastage silinder:<\/strong>\n<ul>\n<li>Leidke eemaldatav h\u00fcdrosilinder. S\u00f5ltuvalt laaduri konstruktsioonist v\u00f5ib silindreid olla mitu.<\/li>\n<\/ul>\n<\/li>\n<li><strong>H\u00fcdraulilise r\u00f5hu alandamine:<\/strong>\n<ul>\n<li>J\u00e4rsu r\u00f5hu vabanemise v\u00e4ltimiseks vabastage s\u00fcsteemi h\u00fcdrauliline r\u00f5hk. See samm on ohutuse tagamiseks \u00fclioluline.<\/li>\n<li>K\u00e4ivitage laaduri mootor ja liigutage h\u00fcdraulika juhtseadmeid, et liigutada silindri kolbi t\u00e4ielikult \u00fches suunas.<\/li>\n<li>L\u00fclitage mootor v\u00e4lja ja vabastage j\u00e4\u00e4kr\u00f5hk, kasutades juhtnuppe uuesti.<\/li>\n<\/ul>\n<\/li>\n<li><strong>H\u00fcdrauliliste voolikute lahti\u00fchendamine:<\/strong>\n<ul>\n<li>Leidke silindriga \u00fchendatud h\u00fcdraulikavoolikud. Tavaliselt on olemas toitevoolik ja tagasivooluvoolik.<\/li>\n<li>Asetage silindri alla \u00e4ravooluvann, et p\u00fc\u00fcda kinni lahti\u00fchendamise ajal lekkiv h\u00fcdraulikavedelik.<\/li>\n<li>\u00dchendage h\u00fcdraulikavoolikud silindrist ettevaatlikult lahti, kasutades sobivaid mutriv\u00f5tmeid v\u00f5i liitmikke. Olge valmis v\u00f5imalikuks vedeliku lekkimiseks.<\/li>\n<\/ul>\n<\/li>\n<li><strong>Toeta silindrit:<\/strong>\n<ul>\n<li>Kuna h\u00fcdrosilindrid v\u00f5ivad olla rasked, on enne nende eemaldamist oluline neid toestada.<\/li>\n<li>Ballooni raskuse kindlale hoidmiseks kasutage tungrauda, \u200b\u200bklotse v\u00f5i muud stabiilset tugistruktuuri.<\/li>\n<\/ul>\n<\/li>\n<li><strong>Eemaldage kinnituspoldid:<\/strong>\n<ul>\n<li>Tuvastage kinnituspunktid, kus silinder on laaduri raami v\u00f5i muude komponentide k\u00fclge kinnitatud.<\/li>\n<li>Kasutades sobivaid t\u00f6\u00f6riistu, n\u00e4iteks mutriv\u00f5tmeid v\u00f5i pistikupesasid, eemaldage silindrit kinnitavad kinnituspoldid v\u00f5i -tihvtid.<\/li>\n<li>J\u00e4lgige polte ja k\u00f5iki nendega seotud riistvara uuesti paigaldamiseks.<\/li>\n<\/ul>\n<\/li>\n<li><strong>Eemaldage silinder ettevaatlikult:<\/strong>\n<ul>\n<li>Kui h\u00fcdraulikavoolikud on lahti \u00fchendatud ja kinnituspoldid eemaldatud, libistage v\u00f5i t\u00f5stke silinder aeglaselt ja ettevaatlikult kinnitusasendist v\u00e4lja.<\/li>\n<li>\u00d5nnetuste v\u00f5i vigastuste v\u00e4ltimiseks eemaldamise ajal arvestage ballooni kaalu ja suurusega.<\/li>\n<\/ul>\n<\/li>\n<li><strong>Kontrollige ja hoidke:<\/strong>\n<ul>\n<li>Kui silinder on eemaldatud, kontrollige seda kahjustuste, lekete v\u00f5i liigse kulumise suhtes. See hindamine aitab kindlaks teha, kas silinder vajab remonti v\u00f5i v\u00e4ljavahetamist.<\/li>\n<li>Puhastage silinder ja hoidke seda puhtas ja kuivas kohas, et v\u00e4ltida saastumist v\u00f5i edasist kahjustumist.<\/li>\n<\/ul>\n<\/li>\n<\/ol>\n<h2><strong>Hiina h\u00fcdrauliliste silindrite tootjad:<\/strong><\/h2>\n<p>HZPT on ettev\u00f5te, mis tegeleb kompaktsete h\u00fcdrauliliste silindrite teadus- ja arendustegevuse ning tootmisega. See hoiab Hiina h\u00fcdrauliliste silindrite turusegmendis juhtpositsiooni. 2020. aastal oli siseturu osa umbes 29%. Me toodame t\u00f6\u00f6stuss\u00f5idukite kompaktseid h\u00fcdraulilisi silindreid, \u00f5hus\u00f5idukite kompaktseid h\u00fcdraulilisi silindreid, p\u00f5llumajandusmasinate h\u00fcdraulilisi silindreid ja sanitaartehnika h\u00fcdraulilisi silindreid.<\/p>\n<p>Meil on esmaklassiline s\u00f5ltumatu teadus- ja arendusplatvorm montaa\u017eiks. Kompaktsel h\u00fcdrosilindrite tootmist\u00f6\u00f6kojal on neli poolautomaatset t\u00f5stesilindrite montaa\u017eiliini ja \u00fcks t\u00e4isautomaatne kallutussilindrite montaa\u017eiliin, mille projekteeritud aastane tootmisv\u00f5imsus on 1 miljon t\u00fckki; spetsiaalsilindrite t\u00f6\u00f6koda on varustatud erinevate spetsifikatsioonidega poolautomaatsete puhastus- ja montaa\u017eis\u00fcsteemidega, mille projekteeritud aastane tootmisv\u00f5imsus on 200 000 t\u00fckki. Seal on kuulsad CNC-t\u00f6\u00f6tlusseadmed, t\u00f6\u00f6tluskeskused, spetsiaalsed seadmed silindrite \u00fclit\u00e4pseks t\u00f6\u00f6tlemiseks, robotkeevitusmasinad, automaatsed puhastusmasinad, automaatsed silindrite montaa\u017eimasinad ja automaatsed v\u00e4rvimisliinid. Meil \u200b\u200bt\u00f6\u00f6tab \u00fcle 300 komplekti kriitilisi seadmeid. Seadmete ressursside optimeeritud jaotus ja t\u00f5hus kasutamine tagavad toodete t\u00e4psusn\u00f5uded ja vastavad toodete k\u00f5rgetele kvaliteedin\u00f5uetele.<\/p>\n<table>\n<tbody>\n<tr>\n<td><img loading=\"lazy\" decoding=\"async\" class=\"size-large wp-image-315926 aligncenter\" src=\"https:\/\/hzpt.com\/wp-content\/uploads\/2023\/08\/China-Hydraulic-Cylinder-Manufacturers-1-1024x768.webp\" sizes=\"(min-width: 0px) and (max-width: 480px) 480px, (min-width: 481px) and (max-width: 980px) 980px, (min-width: 981px) 1024px, 100vw\" srcset=\"https:\/\/hzpt.com\/wp-content\/uploads\/2023\/08\/China-Hydraulic-Cylinder-Manufacturers-1-1024x768.webp 1024w, https:\/\/hzpt.com\/wp-content\/uploads\/2023\/08\/China-Hydraulic-Cylinder-Manufacturers-1-980x735.webp 980w, https:\/\/hzpt.com\/wp-content\/uploads\/2023\/08\/China-Hydraulic-Cylinder-Manufacturers-1-480x360.webp 480w\" alt=\"Hiina h\u00fcdrauliliste silindrite tootjad\" width=\"1024\" height=\"768\" \/><\/td>\n<td><img loading=\"lazy\" decoding=\"async\" class=\"size-large wp-image-315927 aligncenter\" src=\"https:\/\/hzpt.com\/wp-content\/uploads\/2023\/08\/China-Hydraulic-Cylinder-Manufacturers-2-1024x768.webp\" sizes=\"(min-width: 0px) and (max-width: 480px) 480px, (min-width: 481px) and (max-width: 980px) 980px, (min-width: 981px) 1024px, 100vw\" srcset=\"https:\/\/hzpt.com\/wp-content\/uploads\/2023\/08\/China-Hydraulic-Cylinder-Manufacturers-2-1024x768.webp 1024w, https:\/\/hzpt.com\/wp-content\/uploads\/2023\/08\/China-Hydraulic-Cylinder-Manufacturers-2-980x735.webp 980w, https:\/\/hzpt.com\/wp-content\/uploads\/2023\/08\/China-Hydraulic-Cylinder-Manufacturers-2-480x360.webp 480w\" alt=\"Hiina h\u00fcdrauliliste silindrite tootjad\" width=\"1024\" height=\"768\" \/><\/td>\n<\/tr>\n<\/tbody>\n<\/table>\n<p>&nbsp;<\/p>\n<p>&nbsp;<\/p>","protected":false},"excerpt":{"rendered":"<p>CX Series Homotaxial Compact Hydraulic Cylinder The CX series homotaxial compact hydraulic cylinder is a cutting-edge hydraulic component designed to provide efficient and reliable power transmission in a wide range of industrial applications. With its compact design, superior performance, and durability, this hydraulic cylinder offers precise control and versatility. Whether used in manufacturing, material handling, [&hellip;]<\/p>","protected":false},"featured_media":1268,"comment_status":"open","ping_status":"closed","template":"","meta":{"_et_pb_use_builder":"","_et_pb_old_content":"","_et_gb_content_width":""},"product_brand":[],"product_cat":[1526,1550,1376],"product_tag":[1380],"class_list":{"0":"post-1266","1":"product","2":"type-product","3":"status-publish","4":"has-post-thumbnail","6":"product_cat-assembly-line-hydraulic-cylinders","7":"product_cat-double-acting-hydraulic-cylinder","8":"product_cat-hydraulic-cylinder","9":"product_tag-hydraulic-cylinder","11":"first","12":"instock","13":"shipping-taxable","14":"product-type-simple"},"amp_enabled":true,"_links":{"self":[{"href":"https:\/\/www.hydraulic-cylinders.net\/et\/wp-json\/wp\/v2\/product\/1266","targetHints":{"allow":["GET"]}}],"collection":[{"href":"https:\/\/www.hydraulic-cylinders.net\/et\/wp-json\/wp\/v2\/product"}],"about":[{"href":"https:\/\/www.hydraulic-cylinders.net\/et\/wp-json\/wp\/v2\/types\/product"}],"replies":[{"embeddable":true,"href":"https:\/\/www.hydraulic-cylinders.net\/et\/wp-json\/wp\/v2\/comments?post=1266"}],"wp:featuredmedia":[{"embeddable":true,"href":"https:\/\/www.hydraulic-cylinders.net\/et\/wp-json\/wp\/v2\/media\/1268"}],"wp:attachment":[{"href":"https:\/\/www.hydraulic-cylinders.net\/et\/wp-json\/wp\/v2\/media?parent=1266"}],"wp:term":[{"taxonomy":"product_brand","embeddable":true,"href":"https:\/\/www.hydraulic-cylinders.net\/et\/wp-json\/wp\/v2\/product_brand?post=1266"},{"taxonomy":"product_cat","embeddable":true,"href":"https:\/\/www.hydraulic-cylinders.net\/et\/wp-json\/wp\/v2\/product_cat?post=1266"},{"taxonomy":"product_tag","embeddable":true,"href":"https:\/\/www.hydraulic-cylinders.net\/et\/wp-json\/wp\/v2\/product_tag?post=1266"}],"curies":[{"name":"wp","href":"https:\/\/api.w.org\/{rel}","templated":true}]}}