{"id":1272,"date":"2023-09-15T08:13:33","date_gmt":"2023-09-15T08:13:33","guid":{"rendered":"https:\/\/hydraulic-cylinders.net\/?post_type=product&#038;p=1272"},"modified":"2025-04-11T05:25:53","modified_gmt":"2025-04-11T05:25:53","slug":"cx-series-biaxial-compact-hydraulic-cylinder","status":"publish","type":"product","link":"https:\/\/www.hydraulic-cylinders.net\/et\/toode\/cx-series-biaxial-compact-hydraulic-cylinder\/","title":{"rendered":"CX-seeria kaheteljeline kompaktne h\u00fcdrauliline silinder"},"content":{"rendered":"<h1 style=\"text-align: center;\"><strong>CX-seeria kaheteljeline kompaktne h\u00fcdrauliline silinder<\/strong><\/h1>\n<p>Cx-seeria kaheteljeline kompaktne h\u00fcdrosilinder on tipptasemel h\u00fcdrauliline element, mis on loodud t\u00f5husa ja usaldusv\u00e4\u00e4rse j\u00f5u\u00fclekande tagamiseks mitmesugustes t\u00f6\u00f6stuslikes rakendustes. Oma kompaktse disaini, suurep\u00e4rase j\u00f5udluse ja vastupidavusega pakub see h\u00fcdrosilinder t\u00e4pset juhtimist ja mitmek\u00fclgsust. Olenemata sellest, kas neid kasutatakse tootmises, materjalik\u00e4itluses v\u00f5i ehituses, on Cx-seeria kaheteljelised kompaktsed h\u00fcdrosilindrid loodud h\u00fcdraulilise t\u00f6\u00f6 optimeerimiseks ja tootlikkuse suurendamiseks.<\/p>\n<p>CX-seeria kompaktsilindreid kasutatakse silindrite kinnitamiseks. Nende paigaldus on v\u00e4ike. Meie tehases on t\u00e4iustatud h\u00fcdraulilised seadmed, sealhulgas vertikaalne ja horisontaalne t\u00f6\u00f6tluskeskus ning keskmised ja suured h\u00fcdraulilised silindrid. \u00d5hukeste silindrite tootmistehnoloogia on suurep\u00e4rane.<\/p>\n<p><img loading=\"lazy\" decoding=\"async\" class=\"wp-image-1275 aligncenter\" src=\"https:\/\/hydraulic-cylinders.net\/wp-content\/uploads\/2023\/09\/cx-compact-hydraulic-cylinder-1-300x300.webp\" alt=\"\" width=\"400\" height=\"400\" \/><\/p>\n<h2><strong>CX-seeria kaheteljeline kompaktne h\u00fcdrauliline silinder. Mudeli kirjeldus:<\/strong><\/h2>\n<p><img loading=\"lazy\" decoding=\"async\" class=\"alignnone size-full wp-image-323127\" src=\"https:\/\/hzpt.com\/wp-content\/uploads\/2023\/09\/cx-compact-hydraulic-cylinder-2.webp\" alt=\"\" width=\"730\" height=\"119\" \/><\/p>\n<h2><strong>CX-seeria kaheteljeline kompaktne h\u00fcdrauliline silinder <\/strong><strong>Omadused<\/strong>:<\/h2>\n<p><img loading=\"lazy\" decoding=\"async\" class=\"alignnone size-full wp-image-323128\" src=\"https:\/\/hzpt.com\/wp-content\/uploads\/2023\/09\/cx-compact-hydraulic-cylinder-3.webp\" alt=\"\" width=\"730\" height=\"87\" \/><\/p>\n<h2><strong>CX-seeria kahesuunaline kompaktne h\u00fcdrauliline silinder Parameeter:<\/strong><\/h2>\n<p><img loading=\"lazy\" decoding=\"async\" class=\"alignnone wp-image-1274 size-full\" src=\"https:\/\/hydraulic-cylinders.net\/wp-content\/uploads\/2023\/09\/cx-compact-hydraulic-cylinder-5.webp\" alt=\"\" width=\"730\" height=\"871\" srcset=\"https:\/\/hydraulic-cylinders.net\/wp-content\/uploads\/2023\/09\/cx-compact-hydraulic-cylinder-5.webp 730w, https:\/\/hydraulic-cylinders.net\/wp-content\/uploads\/2023\/09\/cx-compact-hydraulic-cylinder-5-480x573.webp 480w\" sizes=\"(min-width: 0px) and (max-width: 480px) 480px, (min-width: 481px) 730px, 100vw\" \/><\/p>\n<h2><strong>CX-seeria kaheteljeline kompaktne h\u00fcdrauliline silinder <\/strong><strong>Peamised omadused ja eelised<\/strong><strong>:<\/strong><\/h2>\n<ol>\n<li><strong>Kompaktne disain:<\/strong>\n<ul>\n<li>CX-seeria kaheteljelistel kompaktsetel h\u00fcdrosilindritel on ruumis\u00e4\u00e4stlik disain, mis muudab need sobivaks piiratud paigalduspindadega rakenduste jaoks.<\/li>\n<li>Selle kompaktne suurus v\u00f5imaldab h\u00f5lpsat integreerimist erinevate seadme s\u00e4tetega, optimeerides ruumi kasutamist.<\/li>\n<\/ul>\n<\/li>\n<li><strong>T\u00e4pne kontroll:<\/strong>\n<ul>\n<li>See h\u00fcdrauliline silinder pakub suurep\u00e4rast liikumise ja positsioneerimise juhtimist, v\u00f5imaldades t\u00e4pset ja t\u00f5husat t\u00f6\u00f6d.<\/li>\n<li>T\u00e4pne juhtimismehhanism tagab sujuva ja kontrollitava liikumise ning parandab \u00fcldist tootmise efektiivsust.<\/li>\n<\/ul>\n<\/li>\n<li><strong>Suur j\u00f5udlus:<\/strong>\n<ul>\n<li>CX-seeria kompaktsed kaheteljelised h\u00fcdrosilindrid on loodud pakkuma suure j\u00f5udlusega j\u00f5u\u00fclekandev\u00f5imalusi.<\/li>\n<li>See talub raskeid koormusi ja n\u00f5udlikke t\u00f6\u00f6stusrakendusi, tagades usaldusv\u00e4\u00e4rse ja j\u00e4rjepideva j\u00f5udluse.<\/li>\n<\/ul>\n<\/li>\n<li><strong>Mitmek\u00fclgsed rakendused:<\/strong>\n<ul>\n<li>CX-seeria kaheteljelised kompaktsed h\u00fcdrosilindrid on loodud mitmesuguste t\u00f6\u00f6stusharude jaoks, sealhulgas tootmise, materjalik\u00e4itluse ja ehituse jaoks.<\/li>\n<li>Seda saab kasutada erinevates seadmetes, n\u00e4iteks pressides, kompaktorites, laadurites jne.<\/li>\n<\/ul>\n<\/li>\n<\/ol>\n<h2><strong>CX-seeria kaheteljeline kompaktne h\u00fcdrauliline silinder <\/strong><strong>Kasutamise meetod<\/strong><strong>:<\/strong><\/h2>\n<ol>\n<li><strong>Paigaldamine ja paigaldamine:<\/strong>\n<ul>\n<li>M\u00e4\u00e4rake CX-seeria kaheteljelise kompaktse h\u00fcdrosilindri sobiv kinnituskoht vastavalt oma seadme v\u00f5i masina konkreetsetele n\u00f5uetele.<\/li>\n<li>Veenduge, et paigalduspind on tugev ja tasane ning suudab ballooni kaalu ja koormust ohutult kanda.<\/li>\n<\/ul>\n<\/li>\n<li><strong>H\u00fcdraulikas\u00fcsteemi \u00fchendus:<\/strong>\n<ul>\n<li>\u00dchendage h\u00fcdrosilinder h\u00fcdraulikas\u00fcsteemiga sobiva h\u00fcdraulikavooliku v\u00f5i -toru abil.<\/li>\n<li>N\u00f5uetekohane joondus ja tihedad \u00fchendused hoiavad \u00e4ra lekked ja tagavad optimaalse j\u00f5udluse.<\/li>\n<\/ul>\n<\/li>\n<li><strong>Silindri kasutamine:<\/strong>\n<ul>\n<li>K\u00e4ivitage h\u00fcdros\u00fcsteem ja alustage CX-seeria kompaktse kaheteljelise h\u00fcdrosilindri liikumist.<\/li>\n<\/ul>\n<\/li>\n<\/ol>\n<h2><strong>Kuidas vahetada tihendeid h\u00fcdrosilindris?<\/strong><\/h2>\n<p>H\u00fcdrosilindri eemaldamiseks toolilt toimige j\u00e4rgmiselt:<\/p>\n<ol>\n<li><strong>Valmistage t\u00f6\u00f6ruum ette:<\/strong>\n<ul>\n<li>Vabastage tooli \u00fcmbrus, et luua ohutu ja takistusteta t\u00f6\u00f6ruum.<\/li>\n<li>Asetage p\u00f5randale kaitsekate v\u00f5i -lapp, et v\u00e4ltida tooli v\u00f5i \u00fcmbritsevate pindade kahjustamist.<\/li>\n<\/ul>\n<\/li>\n<li><strong>Laske tool alla:<\/strong>\n<ul>\n<li>Kasutage tooli reguleerimishooba v\u00f5i juhtmehhanismi, et lasta see k\u00f5ige madalamasse asendisse.<\/li>\n<li>See samm tagab, et silinder on t\u00e4ielikult kokku surutud, mis h\u00f5lbustab selle eemaldamist.<\/li>\n<\/ul>\n<\/li>\n<li><strong>Leidke silinder:<\/strong>\n<ul>\n<li>Tuvastage toolil olev h\u00fcdrosilinder. See asub tavaliselt tooli aluse l\u00e4hedal ja on \u00fchendatud istme v\u00f5i tooli mehhanismiga.<\/li>\n<\/ul>\n<\/li>\n<li><strong>Eemaldage tooli iste:<\/strong>\n<ul>\n<li>Kui tooli iste on eemaldatav, otsige \u00fcles kinnituskruvid v\u00f5i poldid, mis kinnitavad selle silindri v\u00f5i tooli aluse k\u00fclge.<\/li>\n<li>Kasutage kruvide v\u00f5i poltide eemaldamiseks sobivat t\u00f6\u00f6riista, n\u00e4iteks kruvikeerajat v\u00f5i mutriv\u00f5tit.<\/li>\n<li>T\u00f5stke iste toolilt maha, paljastades h\u00fcdrosilindri.<\/li>\n<\/ul>\n<\/li>\n<li><strong>Toetage esimeest:<\/strong>\n<ul>\n<li>Kuna tool on ilma istmeta ebastabiilne, pakkuge tuge, et v\u00e4ltida selle \u00fcmberminekut.<\/li>\n<li>Kasutage tooli \u00fclej\u00e4\u00e4nud konstruktsiooni toetamiseks tugevat eset, n\u00e4iteks kasti v\u00f5i puuklotsi.<\/li>\n<\/ul>\n<\/li>\n<li><strong>\u00dchendage silinder lahti:<\/strong>\n<ul>\n<li>Uurige h\u00fcdrosilindri ja toolimehhanismi v\u00f5i aluse vahelisi \u00fchenduskohti.<\/li>\n<li>S\u00f5ltuvalt tooli konstruktsioonist v\u00f5ib leida kinnitusklambreid, klambreid v\u00f5i kruvisid, millega silinder kinnitatakse.<\/li>\n<li>Eemaldage sobivate t\u00f6\u00f6riistade abil k\u00f5ik silindrit paigal hoidvad kinnitusdetailid.<\/li>\n<li>Kui kinnitusdetailid on eemaldatud, t\u00f5mmake silindrit ettevaatlikult v\u00f5i liigutage seda, et see toolist lahti saada.<\/li>\n<\/ul>\n<\/li>\n<li><strong>Asendage v\u00f5i k\u00f5rvaldage balloon:<\/strong>\n<ul>\n<li>Kui vahetate h\u00fcdrosilindri, veenduge, et teil on olemas vana silindri spetsifikatsioonidega sobiv asendus.<\/li>\n<li>Vajaduse korral konsulteerige tooli tootjaga v\u00f5i spetsialistiga, et saada \u00f5ige asendussilinder.<\/li>\n<li>Kui te k\u00f5rvaldate ballooni, j\u00e4rgige kohalikke eeskirju ja juhiseid n\u00f5uetekohase k\u00f5rvaldamise kohta.<\/li>\n<\/ul>\n<\/li>\n<li><strong>Pange tool uuesti kokku:<\/strong>\n<ul>\n<li>Kinnitage tooli iste uuesti, joondades kruviaugud ja kinnitades need vastavate kruvide v\u00f5i poltidega, kui eemaldasite tooli istme.<\/li>\n<li>Veenduge, et iste on kindlalt kinnitatud ja stabiilne, enne kui kasutate tooli uuesti.<\/li>\n<\/ul>\n<\/li>\n<\/ol>\n<h2><strong>Tehase v\u00f5imekus ja suutlikkus:<\/strong><\/h2>\n<h3>(1) Kokkupanek<\/h3>\n<p>Meil on esmaklassiline s\u00f5ltumatu teadus- ja arendustegevuse montaa\u017eiplatvorm. H\u00fcdrosilindrite tootmist\u00f6\u00f6kojas on neli poolautomaatset t\u00f5stesilindrite koosteliini ja \u00fcks automaatne kallutussilindrite koosteliin, mille kavandatud aastane tootmisv\u00f5imsus on 1 miljon t\u00fckki. Spetsiaalsete silindrite t\u00f6\u00f6koda on varustatud erinevate spetsifikatsioonidega poolautomaatse puhastusmontaa\u017eis\u00fcsteemiga, mille kavandatud aastane tootmisv\u00f5imsus on 200 000 ja mis on varustatud kuulsate CNC-t\u00f6\u00f6tlemisseadmete, mehaanilise t\u00f6\u00f6tlemise keskuse, suure t\u00e4psusega silindrite t\u00f6\u00f6tlemise eriseadmete, robotkeevitusmasina, automaatse puhastusmasina, automaatse silindri kokkupanemise masina ja automaatse v\u00e4rvimise tootmisliiniga. Olemasolevad kriitilised seadmed rohkem kui 300 komplekti (komplekti). Seadmete ressursside optimaalne jaotamine ja t\u00f5hus kasutamine tagavad toodete t\u00e4psusn\u00f5uded ja vastavad toodete kvaliteedin\u00f5uetele.<\/p>\n<p><img loading=\"lazy\" decoding=\"async\" class=\"alignnone wp-image-626\" src=\"https:\/\/hydraulic-cylinders.net\/wp-content\/uploads\/2023\/08\/hydraulic-cylinder-product-1-300x158.webp\" alt=\"\" width=\"495\" height=\"260\" srcset=\"https:\/\/hydraulic-cylinders.net\/wp-content\/uploads\/2023\/08\/hydraulic-cylinder-product-1-300x158.webp 495w, https:\/\/hydraulic-cylinders.net\/wp-content\/uploads\/2023\/08\/hydraulic-cylinder-product-1-480x252.webp 480w\" sizes=\"(min-width: 0px) and (max-width: 480px) 480px, (min-width: 481px) 495px, 100vw\" \/> <img loading=\"lazy\" decoding=\"async\" class=\"alignnone wp-image-627\" src=\"https:\/\/hydraulic-cylinders.net\/wp-content\/uploads\/2023\/08\/hydraulic-cylinder-product-2-300x189.webp\" alt=\"\" width=\"413\" height=\"260\" \/><\/p>\n<h3>(2) T\u00f6\u00f6tlemine<\/h3>\n<p>T\u00f6\u00f6deldav t\u00f6\u00f6koda on varustatud kohandatud kallutatud r\u00f6\u00f6pse treipingi keskuse, mehaanilise keskuse, kiire lihvimismasina, keevitusroboti ja muude seotud seadmetega, mis suudavad t\u00f6\u00f6delda silindritorusid, mille maksimaalne sisel\u00e4bim\u00f5\u00f5t on 400 mm ja maksimaalne pikkus on 6 meetrit.<\/p>\n<p><img loading=\"lazy\" decoding=\"async\" class=\"alignnone wp-image-628 size-large\" src=\"https:\/\/hydraulic-cylinders.net\/wp-content\/uploads\/2023\/08\/hydraulic-cylinder-product-3-1024x391.webp\" alt=\"\" width=\"1024\" height=\"391\" srcset=\"https:\/\/hydraulic-cylinders.net\/wp-content\/uploads\/2023\/08\/hydraulic-cylinder-product-3-980x374.webp 980w, https:\/\/hydraulic-cylinders.net\/wp-content\/uploads\/2023\/08\/hydraulic-cylinder-product-3-480x183.webp 480w\" sizes=\"(min-width: 0px) and (max-width: 480px) 480px, (min-width: 481px) and (max-width: 980px) 980px, (min-width: 981px) 1024px, 100vw\" \/><\/p>\n<h3>(3) Keevitamine<\/h3>\n<p><img loading=\"lazy\" decoding=\"async\" class=\"alignnone wp-image-629 size-large\" src=\"https:\/\/hydraulic-cylinders.net\/wp-content\/uploads\/2023\/08\/hydraulic-cylinder-product-4-1024x510.webp\" alt=\"\" width=\"1024\" height=\"510\" srcset=\"https:\/\/hydraulic-cylinders.net\/wp-content\/uploads\/2023\/08\/hydraulic-cylinder-product-4-980x488.webp 980w, https:\/\/hydraulic-cylinders.net\/wp-content\/uploads\/2023\/08\/hydraulic-cylinder-product-4-480x239.webp 480w\" sizes=\"(min-width: 0px) and (max-width: 480px) 480px, (min-width: 481px) and (max-width: 980px) 980px, (min-width: 981px) 1024px, 100vw\" \/><\/p>\n<h3>(4) V\u00e4rvimine ja katmine<\/h3>\n<p>V\u00e4ikese ja keskmise suurusega silindri automaatse veep\u00f5hise v\u00e4rvipinnakattega liinide abil, et saavutada automaatne robotlaadimine ja mahalaadimine ning automaatne pihustamine, projekteerimisv\u00f5imsus 4000 t\u00fckki vahetuse kohta;<br \/>\nMeil on ka poolautomaatne suurte balloonide v\u00e4rvimise tootmisliin, mis t\u00f6\u00f6tab j\u00f5ukettaga ja mille projekteerimisv\u00f5imsus on 60 kasti \u00fche vahetuse kohta.<\/p>\n<p><img loading=\"lazy\" decoding=\"async\" class=\"alignnone wp-image-630\" src=\"https:\/\/hydraulic-cylinders.net\/wp-content\/uploads\/2023\/08\/hydraulic-cylinder-product-5-300x213.webp\" alt=\"\" width=\"366\" height=\"260\" \/> <img loading=\"lazy\" decoding=\"async\" class=\"alignnone wp-image-631\" src=\"https:\/\/hydraulic-cylinders.net\/wp-content\/uploads\/2023\/08\/hydraulic-cylinder-product-6-300x225.webp\" alt=\"\" width=\"347\" height=\"260\" \/><\/p>\n<h3>(5) Testimine<\/h3>\n<p>Meil on esmaklassilised kontrolliseadmed ja katsestendid, et tagada silindri j\u00f5udlus vastavus n\u00f5uetele.<\/p>\n<p><img loading=\"lazy\" decoding=\"async\" class=\"alignnone wp-image-632\" src=\"https:\/\/hydraulic-cylinders.net\/wp-content\/uploads\/2023\/08\/hydraulic-cylinder-product-8-300x200.webp\" alt=\"\" width=\"389\" height=\"260\" \/><\/p>\n<p>&nbsp;<\/p>\n<p>&nbsp;<\/p>\n<p>Oleme \u00fcks parimaid kompaktsete h\u00fcdrosilindrite tootjaid. Pakume laia valikut kompaktseid h\u00fcdrosilindreid. Pakume ka vastavaid... <a href=\"https:\/\/hzpt.com\/agricultural-pto-gearbox\/\" target=\"_blank\" rel=\"noopener\">p\u00f5llumajanduslikud k\u00e4igukastid<\/a>. Oleme eksportinud oma tooteid klientidele \u00fcle maailma ja teeninud hea maine t\u00e4nu meie suurep\u00e4rasele tootekvaliteedile ja m\u00fc\u00fcgij\u00e4rgsele teenindusele. Me tervitame kliente kodus ja v\u00e4lismaal, et v\u00f5tta meiega \u00fchendust, et pidada l\u00e4bir\u00e4\u00e4kimisi \u00e4ri, vahetada teavet ja <a href=\"https:\/\/www.hydraulic-cylinders.net\/et\/contact-us\/\">teha meiega koost\u00f6\u00f6d<\/a>!<\/p>\n<p>&nbsp;<\/p>","protected":false},"excerpt":{"rendered":"<p>CX Series Biaxial Compact Hydraulic Cylinder The cx Series two-axis compact hydraulic cylinder is a cutting-edge hydraulic element designed to provide efficient and reliable power transmission for a variety of industrial applications. With its compact design, superior performance and durability, this hydraulic cylinder offers precise control and versatility. Whether used in manufacturing, material handling or [&hellip;]<\/p>","protected":false},"featured_media":1276,"comment_status":"open","ping_status":"closed","template":"","meta":{"_et_pb_use_builder":"","_et_pb_old_content":"","_et_gb_content_width":""},"product_brand":[],"product_cat":[1526,1550,1376],"product_tag":[1380],"class_list":{"0":"post-1272","1":"product","2":"type-product","3":"status-publish","4":"has-post-thumbnail","6":"product_cat-assembly-line-hydraulic-cylinders","7":"product_cat-double-acting-hydraulic-cylinder","8":"product_cat-hydraulic-cylinder","9":"product_tag-hydraulic-cylinder","11":"first","12":"instock","13":"shipping-taxable","14":"product-type-simple"},"amp_enabled":true,"_links":{"self":[{"href":"https:\/\/www.hydraulic-cylinders.net\/et\/wp-json\/wp\/v2\/product\/1272","targetHints":{"allow":["GET"]}}],"collection":[{"href":"https:\/\/www.hydraulic-cylinders.net\/et\/wp-json\/wp\/v2\/product"}],"about":[{"href":"https:\/\/www.hydraulic-cylinders.net\/et\/wp-json\/wp\/v2\/types\/product"}],"replies":[{"embeddable":true,"href":"https:\/\/www.hydraulic-cylinders.net\/et\/wp-json\/wp\/v2\/comments?post=1272"}],"wp:featuredmedia":[{"embeddable":true,"href":"https:\/\/www.hydraulic-cylinders.net\/et\/wp-json\/wp\/v2\/media\/1276"}],"wp:attachment":[{"href":"https:\/\/www.hydraulic-cylinders.net\/et\/wp-json\/wp\/v2\/media?parent=1272"}],"wp:term":[{"taxonomy":"product_brand","embeddable":true,"href":"https:\/\/www.hydraulic-cylinders.net\/et\/wp-json\/wp\/v2\/product_brand?post=1272"},{"taxonomy":"product_cat","embeddable":true,"href":"https:\/\/www.hydraulic-cylinders.net\/et\/wp-json\/wp\/v2\/product_cat?post=1272"},{"taxonomy":"product_tag","embeddable":true,"href":"https:\/\/www.hydraulic-cylinders.net\/et\/wp-json\/wp\/v2\/product_tag?post=1272"}],"curies":[{"name":"wp","href":"https:\/\/api.w.org\/{rel}","templated":true}]}}