{"id":1286,"date":"2023-09-15T08:52:26","date_gmt":"2023-09-15T08:52:26","guid":{"rendered":"https:\/\/hydraulic-cylinders.net\/?post_type=product&#038;p=1286"},"modified":"2025-03-27T01:00:52","modified_gmt":"2025-03-27T01:00:52","slug":"earring-joint-two-stage-telescopic-hydraulic-cylinder","status":"publish","type":"product","link":"https:\/\/www.hydraulic-cylinders.net\/et\/toode\/earring-joint-two-stage-telescopic-hydraulic-cylinder\/","title":{"rendered":"Earring Joint Two Stage Telescopic Hydraulic Cylinder"},"content":{"rendered":"<h1 style=\"text-align: center;\"><strong>Earring Joint Two Stage Telescopic Hydraulic Cylinder<\/strong><\/h1>\n<p>The earring joint two-stage telescopic hydraulic cylinder is a cutting-edge hydraulic device designed to provide efficient power transmission in a variety of industrial applications. With its innovative design, superior performance and versatility, this hydraulic cylinder offers precise control and increased productivity. Whether used in construction, material handling, or agricultural machinery, earring Joint two-stage telescopic hydraulic cylinders are designed to optimize hydraulic operation and provide outstanding results.<\/p>\n<p>CX-seeria kompaktsilindreid kasutatakse silindrite kinnitamiseks. Nende paigaldus on v\u00e4ike. Meie tehases on t\u00e4iustatud h\u00fcdraulilised seadmed, sealhulgas vertikaalne ja horisontaalne t\u00f6\u00f6tluskeskus ning keskmised ja suured h\u00fcdraulilised silindrid. \u00d5hukeste silindrite tootmistehnoloogia on suurep\u00e4rane.<\/p>\n<p><img loading=\"lazy\" decoding=\"async\" class=\"aligncenter wp-image-1287\" src=\"https:\/\/hydraulic-cylinders.net\/wp-content\/uploads\/2023\/09\/two-stage-telescopic-hydraulic-cylinder-3-300x300.webp\" alt=\"\" width=\"400\" height=\"400\" \/><\/p>\n<h2><strong>Earring Joint Two Stage Telescopic Hydraulic Cylinder Parameter:<\/strong><\/h2>\n<p><img loading=\"lazy\" decoding=\"async\" class=\"alignnone wp-image-1289 size-full\" src=\"https:\/\/hydraulic-cylinders.net\/wp-content\/uploads\/2023\/09\/two-stage-telescopic-hydraulic-cylinder-3-2.webp\" alt=\"\" width=\"1430\" height=\"1123\" srcset=\"https:\/\/hydraulic-cylinders.net\/wp-content\/uploads\/2023\/09\/two-stage-telescopic-hydraulic-cylinder-3-2.webp 1430w, https:\/\/hydraulic-cylinders.net\/wp-content\/uploads\/2023\/09\/two-stage-telescopic-hydraulic-cylinder-3-2-1280x1005.webp 1280w, https:\/\/hydraulic-cylinders.net\/wp-content\/uploads\/2023\/09\/two-stage-telescopic-hydraulic-cylinder-3-2-980x770.webp 980w, https:\/\/hydraulic-cylinders.net\/wp-content\/uploads\/2023\/09\/two-stage-telescopic-hydraulic-cylinder-3-2-480x377.webp 480w\" sizes=\"(min-width: 0px) and (max-width: 480px) 480px, (min-width: 481px) and (max-width: 980px) 980px, (min-width: 981px) and (max-width: 1280px) 1280px, (min-width: 1281px) 1430px, 100vw\" \/><\/p>\n<h2><strong>Earring Joint Two Stage Telescopic Hydraulic Cylinder <\/strong><strong>Peamised omadused ja eelised<\/strong><strong>:<\/strong><\/h2>\n<ol>\n<li><strong>Kaheastmeline teleskoopiline disain:<\/strong>\n<ul>\n<li>The earring joint two-stage telescopic hydraulic cylinder has a two-stage telescopic design that increases stroke length while maintaining a compact retractable size.<\/li>\n<li>This design provides greater reach without compromising space constraints, making it ideal for applications where distance and compactness are critical.<\/li>\n<\/ul>\n<\/li>\n<li><strong>Earring Joint Construction:<\/strong>\n<ul>\n<li>The cylinder is equipped with an earring joint construction, which enables smooth and synchronized movement of the telescopic stages.<\/li>\n<li>The earring joint mechanism ensures stability, precise alignment, and excellent load-bearing capacity during operation.<\/li>\n<\/ul>\n<\/li>\n<li><strong>T\u00e4pne kontroll:<\/strong>\n<ul>\n<li>The earring joint two-stage telescopic hydraulic cylinder provides excellent expansion and contraction control, allowing precise positioning and efficient operation.<\/li>\n<li>The precision control mechanism ensures smooth and controlled movement, improving overall productivity and accuracy.<\/li>\n<\/ul>\n<\/li>\n<li><strong>K\u00f5rge kandev\u00f5ime:<\/strong>\n<ul>\n<li>Designed to handle heavy loads and demanding industrial applications, earring joint two-stage telescopic hydraulic cylinders provide outstanding load-carrying capacity.<\/li>\n<li>It can lift, push, or pull large amounts of weight, making it a reliable choice for tasks that require a lot of force.<\/li>\n<\/ul>\n<\/li>\n<\/ol>\n<h2><strong>Earring Joint Two Stage Telescopic Hydraulic Cylinder <\/strong><strong>Kasutamise meetod<\/strong><strong>:<\/strong><\/h2>\n<ol>\n<li><strong>Paigaldamine ja paigaldamine:<\/strong>\n<ul>\n<li>Determine the appropriate installation location of the earring joint secondary telescopic hydraulic cylinder according to your equipment or mechanical requirements.<\/li>\n<li>Veenduge, et paigalduspind on tugev ja tasane ning suudab ballooni kaalu ja koormust ohutult kanda.<\/li>\n<\/ul>\n<\/li>\n<li><strong>H\u00fcdraulikas\u00fcsteemi \u00fchendus:<\/strong>\n<ul>\n<li>\u00dchendage h\u00fcdrosilinder h\u00fcdraulikas\u00fcsteemiga sobiva h\u00fcdraulikavooliku v\u00f5i -toru abil.<\/li>\n<li>N\u00f5uetekohane joondus ja tihedad \u00fchendused hoiavad \u00e4ra lekked ja tagavad optimaalse j\u00f5udluse.<\/li>\n<\/ul>\n<\/li>\n<li><strong>Silindri kasutamine:<\/strong>\n<ul>\n<li>Activate the hydraulic system and initiate the movement of the secondary telescopic hydraulic cylinder of the earring connector.<\/li>\n<li>Use a hydraulic control system, such as a valve or lever, to precisely control the extension and contraction of the cylinder for efficient operation.<\/li>\n<\/ul>\n<\/li>\n<\/ol>\n<h2><strong>Kuidas t\u00f6\u00f6tab \u00fchesuunaline h\u00fcdrauliline silinder?<\/strong><\/h2>\n<p>\u00dchesuunaline \u00fchetoimeline h\u00fcdrauliline silinder t\u00f6\u00f6tab h\u00fcdraulilise s\u00fcsteemi abil, et tekitada lineaarset liikumist \u00fches suunas. See koosneb silindri korpusest, kolvist, kolvivardast ja h\u00fcdraulikavedelikust. See t\u00f6\u00f6tab j\u00e4rgmiselt:<\/p>\n<ol>\n<li><strong>H\u00fcdraulika\u00f5li varustus:<\/strong>\n<ul>\n<li>H\u00fcdraulikas\u00fcsteem varustab silindrit r\u00f5hu all oleva vedelikuga, tavaliselt \u00f5liga, h\u00fcdraulilise pumba v\u00f5i j\u00f5uallika kaudu.<\/li>\n<\/ul>\n<\/li>\n<li><strong>Silindri pikendus:<\/strong>\n<ul>\n<li>Kui silindrisse juhitakse h\u00fcdraulikavedelikku, siseneb see silindri silindrisse sisselaskeava kaudu.<\/li>\n<li>Survestatud vedelik surub vastu kolbi, pannes selle liikuma soovitud suunas (tavaliselt pikendades kolvivarda).<\/li>\n<li>Vedeliku r\u00f5hu suurenedes \u00fcletab see kolvi takistuse v\u00f5i koormuse, mille tulemuseks on kolvivarda pikenemine.<\/li>\n<\/ul>\n<\/li>\n<li><strong>Tihendusmehhanism:<\/strong>\n<ul>\n<li>Silindri korpus on tihendatud, et v\u00e4ltida vedeliku lekkimist. Tavaliselt on kolvi ja kolvivarda \u00fcmber tihendid, n\u00e4iteks O-r\u00f5ngad v\u00f5i huultihendid.<\/li>\n<li>Need tihendid tagavad, et r\u00f5hu all olev vedelik toimib ainult kolvi \u00fchel k\u00fcljel, tekitades r\u00f5hu tasakaalustamatuse, mis liigutab kolbi soovitud suunas.<\/li>\n<\/ul>\n<\/li>\n<li><strong>Tagasil\u00f6\u00f6k:<\/strong>\n<ul>\n<li>P\u00e4rast pikendusk\u00e4iku vabastatakse v\u00f5i ventileeritakse h\u00fcdraulikavedelik silindrist.<\/li>\n<li>H\u00fcdraulikas\u00fcsteem v\u00f5ib kolvi ja kolvivarda algasendisse tagasit\u00f5mbamiseks kasutada raskusj\u00f5udu, vedru v\u00f5i v\u00e4list j\u00f5udu.<\/li>\n<li>Tagasik\u00e4igu ajal voolab h\u00fcdraulika\u00f5li silindrist v\u00e4lja l\u00e4bi v\u00e4ljalaskeava.<\/li>\n<\/ul>\n<\/li>\n<li><strong>Koormuse tugi:<\/strong>\n<ul>\n<li>H\u00fcdraulilise silindri kolvivarras on sageli \u00fchendatud koormuse v\u00f5i mehhanismiga, mis n\u00f5uab lineaarset liikumist v\u00f5i j\u00f5udu.<\/li>\n<li>Kolvi pikenedes v\u00f5i t\u00f5mbudes annab see vajaliku j\u00f5u koorma liigutamiseks v\u00f5i toetamiseks.<\/li>\n<\/ul>\n<\/li>\n<li><strong>Juhtimine ja ventiilid:<\/strong>\n<ul>\n<li>\u00dchesuunalise h\u00fcdrosilindri pikendamise ja tagasit\u00f5mbamise juhtimiseks sisaldab h\u00fcdros\u00fcsteem ventiile, n\u00e4iteks tagasil\u00f6\u00f6giklappe v\u00f5i suunaventiile.<\/li>\n<li>Need ventiilid reguleerivad h\u00fcdraulikavedeliku voolu, v\u00f5imaldades sellel silindrisse siseneda ja sealt v\u00e4ljuda soovitud suunas.<\/li>\n<\/ul>\n<\/li>\n<li><strong>Rakenduse erip\u00e4rad:<\/strong>\n<ul>\n<li>\u00dchesuunalisi h\u00fcdraulilisi silindreid kasutatakse tavaliselt rakendustes, kus j\u00f5udu v\u00f5i liikumist on vaja ainult \u00fches suunas, n\u00e4iteks t\u00f5stmisel, l\u00fckkamisel v\u00f5i kinnitamisel.<\/li>\n<li>Neid leidub sageli h\u00fcdraulilistes tungraudades, h\u00fcdraulilistes pressides, kallurautodes ja mitmesugustes muudes t\u00f6\u00f6stus- ja mobiilseadmetes.<\/li>\n<\/ul>\n<\/li>\n<\/ol>\n<h2><strong>Tehase v\u00f5imekus ja suutlikkus:<\/strong><\/h2>\n<h3>(1) Kokkupanek<\/h3>\n<p>Meil on esmaklassiline s\u00f5ltumatu teadus- ja arendustegevuse montaa\u017eiplatvorm. H\u00fcdrosilindrite tootmist\u00f6\u00f6kojas on neli poolautomaatset t\u00f5stesilindrite koosteliini ja \u00fcks automaatne kallutussilindrite koosteliin, mille kavandatud aastane tootmisv\u00f5imsus on 1 miljon t\u00fckki. Spetsiaalsete silindrite t\u00f6\u00f6koda on varustatud erinevate spetsifikatsioonidega poolautomaatse puhastusmontaa\u017eis\u00fcsteemiga, mille kavandatud aastane tootmisv\u00f5imsus on 200 000 ja mis on varustatud kuulsate CNC-t\u00f6\u00f6tlemisseadmete, mehaanilise t\u00f6\u00f6tlemise keskuse, suure t\u00e4psusega silindrite t\u00f6\u00f6tlemise eriseadmete, robotkeevitusmasina, automaatse puhastusmasina, automaatse silindri kokkupanemise masina ja automaatse v\u00e4rvimise tootmisliiniga. Olemasolevad kriitilised seadmed rohkem kui 300 komplekti (komplekti). Seadmete ressursside optimaalne jaotamine ja t\u00f5hus kasutamine tagavad toodete t\u00e4psusn\u00f5uded ja vastavad toodete kvaliteedin\u00f5uetele.<\/p>\n<p><img loading=\"lazy\" decoding=\"async\" class=\"alignnone wp-image-626\" src=\"https:\/\/hydraulic-cylinders.net\/wp-content\/uploads\/2023\/08\/hydraulic-cylinder-product-1-300x158.webp\" alt=\"\" width=\"495\" height=\"260\" srcset=\"https:\/\/hydraulic-cylinders.net\/wp-content\/uploads\/2023\/08\/hydraulic-cylinder-product-1-300x158.webp 495w, https:\/\/hydraulic-cylinders.net\/wp-content\/uploads\/2023\/08\/hydraulic-cylinder-product-1-480x252.webp 480w\" sizes=\"(min-width: 0px) and (max-width: 480px) 480px, (min-width: 481px) 495px, 100vw\" \/> <img loading=\"lazy\" decoding=\"async\" class=\"alignnone wp-image-627\" src=\"https:\/\/hydraulic-cylinders.net\/wp-content\/uploads\/2023\/08\/hydraulic-cylinder-product-2-300x189.webp\" alt=\"\" width=\"413\" height=\"260\" \/><\/p>\n<h3>(2) T\u00f6\u00f6tlemine<\/h3>\n<p>T\u00f6\u00f6deldav t\u00f6\u00f6koda on varustatud kohandatud kallutatud r\u00f6\u00f6pse treipingi keskuse, mehaanilise keskuse, kiire lihvimismasina, keevitusroboti ja muude seotud seadmetega, mis suudavad t\u00f6\u00f6delda silindritorusid, mille maksimaalne sisel\u00e4bim\u00f5\u00f5t on 400 mm ja maksimaalne pikkus on 6 meetrit.<\/p>\n<p><img loading=\"lazy\" decoding=\"async\" class=\"alignnone wp-image-628 size-large\" src=\"https:\/\/hydraulic-cylinders.net\/wp-content\/uploads\/2023\/08\/hydraulic-cylinder-product-3-1024x391.webp\" alt=\"\" width=\"1024\" height=\"391\" srcset=\"https:\/\/hydraulic-cylinders.net\/wp-content\/uploads\/2023\/08\/hydraulic-cylinder-product-3-980x374.webp 980w, https:\/\/hydraulic-cylinders.net\/wp-content\/uploads\/2023\/08\/hydraulic-cylinder-product-3-480x183.webp 480w\" sizes=\"(min-width: 0px) and (max-width: 480px) 480px, (min-width: 481px) and (max-width: 980px) 980px, (min-width: 981px) 1024px, 100vw\" \/><\/p>\n<h3>(3) Keevitamine<\/h3>\n<p><img loading=\"lazy\" decoding=\"async\" class=\"alignnone wp-image-629 size-large\" src=\"https:\/\/hydraulic-cylinders.net\/wp-content\/uploads\/2023\/08\/hydraulic-cylinder-product-4-1024x510.webp\" alt=\"\" width=\"1024\" height=\"510\" srcset=\"https:\/\/hydraulic-cylinders.net\/wp-content\/uploads\/2023\/08\/hydraulic-cylinder-product-4-980x488.webp 980w, https:\/\/hydraulic-cylinders.net\/wp-content\/uploads\/2023\/08\/hydraulic-cylinder-product-4-480x239.webp 480w\" sizes=\"(min-width: 0px) and (max-width: 480px) 480px, (min-width: 481px) and (max-width: 980px) 980px, (min-width: 981px) 1024px, 100vw\" \/><\/p>\n<h3>(4) V\u00e4rvimine ja katmine<\/h3>\n<p>V\u00e4ikese ja keskmise suurusega silindri automaatse veep\u00f5hise v\u00e4rvipinnakattega liinide abil, et saavutada automaatne robotlaadimine ja mahalaadimine ning automaatne pihustamine, projekteerimisv\u00f5imsus 4000 t\u00fckki vahetuse kohta;<br \/>\nMeil on ka poolautomaatne suurte balloonide v\u00e4rvimise tootmisliin, mis t\u00f6\u00f6tab j\u00f5ukettaga ja mille projekteerimisv\u00f5imsus on 60 kasti \u00fche vahetuse kohta.<\/p>\n<p><img loading=\"lazy\" decoding=\"async\" class=\"alignnone wp-image-630\" src=\"https:\/\/hydraulic-cylinders.net\/wp-content\/uploads\/2023\/08\/hydraulic-cylinder-product-5-300x213.webp\" alt=\"\" width=\"366\" height=\"260\" \/> <img loading=\"lazy\" decoding=\"async\" class=\"alignnone wp-image-631\" src=\"https:\/\/hydraulic-cylinders.net\/wp-content\/uploads\/2023\/08\/hydraulic-cylinder-product-6-300x225.webp\" alt=\"\" width=\"347\" height=\"260\" \/><\/p>\n<h3>(5) Testimine<\/h3>\n<p>Meil on esmaklassilised kontrolliseadmed ja katsestendid, et tagada silindri j\u00f5udlus vastavus n\u00f5uetele.<\/p>\n<p><img loading=\"lazy\" decoding=\"async\" class=\"alignnone wp-image-632\" src=\"https:\/\/hydraulic-cylinders.net\/wp-content\/uploads\/2023\/08\/hydraulic-cylinder-product-8-300x200.webp\" alt=\"\" width=\"389\" height=\"260\" \/><\/p>\n<p>&nbsp;<\/p>\n<p>&nbsp;<\/p>\n<p>Oleme \u00fcks parimaid kompaktsete h\u00fcdrosilindrite tootjaid. Pakume laia valikut kompaktseid h\u00fcdrosilindreid. Pakume ka vastavaid... <a href=\"https:\/\/hzpt.com\/agricultural-pto-gearbox\/\" target=\"_blank\" rel=\"noopener\">p\u00f5llumajanduslikud k\u00e4igukastid<\/a>. Oleme eksportinud oma tooteid klientidele \u00fcle maailma ja teeninud hea maine t\u00e4nu meie suurep\u00e4rasele tootekvaliteedile ja m\u00fc\u00fcgij\u00e4rgsele teenindusele. Me tervitame kliente kodus ja v\u00e4lismaal, et v\u00f5tta meiega \u00fchendust, et pidada l\u00e4bir\u00e4\u00e4kimisi \u00e4ri, vahetada teavet ja <a href=\"https:\/\/www.hydraulic-cylinders.net\/et\/contact-us\/\">teha meiega koost\u00f6\u00f6d<\/a>!<\/p>\n<h2><\/h2>\n<h2><\/h2>","protected":false},"excerpt":{"rendered":"<p>Earring Joint Two Stage Telescopic Hydraulic Cylinder The earring joint two-stage telescopic hydraulic cylinder is a cutting-edge hydraulic device designed to provide efficient power transmission in a variety of industrial applications. With its innovative design, superior performance and versatility, this hydraulic cylinder offers precise control and increased productivity. Whether used in construction, material handling, or [&hellip;]<\/p>","protected":false},"featured_media":1288,"comment_status":"open","ping_status":"closed","template":"","meta":{"_et_pb_use_builder":"","_et_pb_old_content":"","_et_gb_content_width":""},"product_brand":[],"product_cat":[1376,1393],"product_tag":[1380],"class_list":{"0":"post-1286","1":"product","2":"type-product","3":"status-publish","4":"has-post-thumbnail","6":"product_cat-hydraulic-cylinder","7":"product_cat-telescopic-hydraulic-cylinder","8":"product_tag-hydraulic-cylinder","10":"first","11":"instock","12":"shipping-taxable","13":"product-type-simple"},"amp_enabled":true,"_links":{"self":[{"href":"https:\/\/www.hydraulic-cylinders.net\/et\/wp-json\/wp\/v2\/product\/1286","targetHints":{"allow":["GET"]}}],"collection":[{"href":"https:\/\/www.hydraulic-cylinders.net\/et\/wp-json\/wp\/v2\/product"}],"about":[{"href":"https:\/\/www.hydraulic-cylinders.net\/et\/wp-json\/wp\/v2\/types\/product"}],"replies":[{"embeddable":true,"href":"https:\/\/www.hydraulic-cylinders.net\/et\/wp-json\/wp\/v2\/comments?post=1286"}],"wp:featuredmedia":[{"embeddable":true,"href":"https:\/\/www.hydraulic-cylinders.net\/et\/wp-json\/wp\/v2\/media\/1288"}],"wp:attachment":[{"href":"https:\/\/www.hydraulic-cylinders.net\/et\/wp-json\/wp\/v2\/media?parent=1286"}],"wp:term":[{"taxonomy":"product_brand","embeddable":true,"href":"https:\/\/www.hydraulic-cylinders.net\/et\/wp-json\/wp\/v2\/product_brand?post=1286"},{"taxonomy":"product_cat","embeddable":true,"href":"https:\/\/www.hydraulic-cylinders.net\/et\/wp-json\/wp\/v2\/product_cat?post=1286"},{"taxonomy":"product_tag","embeddable":true,"href":"https:\/\/www.hydraulic-cylinders.net\/et\/wp-json\/wp\/v2\/product_tag?post=1286"}],"curies":[{"name":"wp","href":"https:\/\/api.w.org\/{rel}","templated":true}]}}