{"id":1420,"date":"2023-09-18T08:30:35","date_gmt":"2023-09-18T08:30:35","guid":{"rendered":"https:\/\/hydraulic-cylinders.net\/?post_type=product&#038;p=1420"},"modified":"2025-04-11T02:57:08","modified_gmt":"2025-04-11T02:57:08","slug":"32-mdc-series-compact-mold-cylinder","status":"publish","type":"product","link":"https:\/\/www.hydraulic-cylinders.net\/et\/toode\/32-mdc-series-compact-mold-cylinder\/","title":{"rendered":"32 MDC seeria kompaktne vormisilinder"},"content":{"rendered":"<h1 style=\"text-align: center;\"><strong>32 MDC seeria kompaktne vormisilinder<\/strong><\/h1>\n<p>32 MDC seeria kompaktne vormisilinder on t\u00f5hus ja mitmek\u00fclgne h\u00fcdrauliline silinder, mis on spetsiaalselt loodud stantsrakenduste jaoks. Oma kompaktse disaini, suurep\u00e4rase j\u00f5udluse ja vastupidava konstruktsiooniga tagab see silinder usaldusv\u00e4\u00e4rse ja t\u00e4pse t\u00f6\u00f6 erinevates t\u00f6\u00f6stuskeskkondades. Olenemata sellest, kas seda kasutatakse survevalumasinates, survevaluseadmetes v\u00f5i muudes stantsidega seotud rakendustes, pakub 32 MDC kompaktne vormisilinder erakordset funktsionaalsust ja tootlikkust.<\/p>\n<p>\u00b7 MDC on kompaktne h\u00fcdrauliline silinder (cx), millel on elektrikarp ja silindrivarras vormi neutronite asukoha t\u00e4pseks juhtimiseks.<br \/>\n\u00b7 H\u00fcdrauliline silinder, mis sobib plastvormide jaoks.<\/p>\n<p><img loading=\"lazy\" decoding=\"async\" class=\"wp-image-323230 aligncenter\" src=\"https:\/\/hzpt.com\/wp-content\/uploads\/2023\/09\/mdc-compact-hydraulic-cylinder-7.webp\" alt=\"\" width=\"400\" height=\"400\" \/><\/p>\n<h2><strong>Kompaktse vormisilindri mudeli kirjeldus:<\/strong><\/h2>\n<p><img loading=\"lazy\" decoding=\"async\" class=\"alignnone size-full wp-image-323234\" src=\"https:\/\/hzpt.com\/wp-content\/uploads\/2023\/09\/mdc-compact-hydraulic-cylinder-2.webp\" alt=\"\" width=\"966\" height=\"882\" \/><\/p>\n<h2><strong>Kompaktse vormisilindri iseloomulikud andmed:<\/strong><\/h2>\n<p><img loading=\"lazy\" decoding=\"async\" class=\"alignnone size-full wp-image-323236\" src=\"https:\/\/hzpt.com\/wp-content\/uploads\/2023\/09\/mdc-compact-hydraulic-cylinder-3-1.webp\" alt=\"\" width=\"899\" height=\"262\" \/><\/p>\n<h2><strong>Kompaktse vormisilindri struktuuri diagramm:<\/strong><\/h2>\n<p><img loading=\"lazy\" decoding=\"async\" class=\"alignnone size-full wp-image-323250\" src=\"https:\/\/hzpt.com\/wp-content\/uploads\/2023\/09\/mdc-compact-hydraulic-cylinder-4-1.webp\" alt=\"\" width=\"737\" height=\"808\" \/><\/p>\n<h2><strong>Kolvivarda \u00fchendussuuruste diagramm:<\/strong><\/h2>\n<p><img loading=\"lazy\" decoding=\"async\" class=\"alignnone size-large wp-image-323239\" src=\"https:\/\/hzpt.com\/wp-content\/uploads\/2023\/09\/mdc-compact-hydraulic-cylinder-5-787x1024.webp\" alt=\"\" width=\"787\" height=\"1024\" \/><\/p>\n<h2><strong>Elektrikarbi pandla asend, \u00f5lipordi asend ja jaotusv\u00e4ljalaskeava asend:<\/strong><\/h2>\n<p><img loading=\"lazy\" decoding=\"async\" class=\"alignnone size-large wp-image-323241\" src=\"https:\/\/hzpt.com\/wp-content\/uploads\/2023\/09\/mdc-compact-hydraulic-cylinder-6-616x1024.webp\" alt=\"\" width=\"616\" height=\"1024\" \/><\/p>\n<h2><strong>32 MDC seeria kompaktse vormisilindri parameeter:<\/strong><\/h2>\n<p><img loading=\"lazy\" decoding=\"async\" class=\"alignnone size-large wp-image-323240\" src=\"https:\/\/hzpt.com\/wp-content\/uploads\/2023\/09\/mdc-compact-hydraulic-cylinder-7-1-903x1024.webp\" alt=\"\" width=\"903\" height=\"1024\" \/><\/p>\n<h2><strong>32 MDC seeria kompaktse vormisilindri peamised omadused ja eelised:<\/strong><\/h2>\n<ol>\n<li><strong>Kompaktne disain:<\/strong>\n<ul>\n<li>32 MDC-seeria kompaktsed vormisilindrid on kompaktse disainiga, mida saab h\u00f5lpsasti integreerida kitsastesse ruumidesse ja piiratud kliirensiga vormirakendustesse.<\/li>\n<li>Selle ruumis\u00e4\u00e4stlik disain tagab optimaalse t\u00f6\u00f6ruumi kasutamise, s\u00e4ilitades samal ajal suure j\u00f5udluse.<\/li>\n<\/ul>\n<\/li>\n<li><strong>Suur t\u00e4psus ja t\u00e4psus:<\/strong>\n<ul>\n<li>Silinder on konstrueeritud t\u00e4pse ja korrektse liikumise tagamiseks, tagades vormi t\u00f6\u00f6tamisel j\u00e4rjepidevad ja korduvad tulemused.<\/li>\n<li>It provides excellent control over the mold&#8217;s opening, closing, and clamping actions, enabling high-quality production.<\/li>\n<\/ul>\n<\/li>\n<li><strong>Vastupidav konstruktsioon:<\/strong>\n<ul>\n<li>32 MDC-seeria kompaktset vormisilindrit on valmistatud kvaliteetsetest materjalidest ja komponentidest, et taluda n\u00f5udlikke t\u00f6\u00f6tingimusi.<\/li>\n<li>Sellel on suurep\u00e4rane vastupidavus, kulumiskindlus ja pikk kasutusiga, mis minimeerib seisakuid ja hoolduskulusid.<\/li>\n<\/ul>\n<\/li>\n<li><strong>Kiire reageerimisaeg:<\/strong>\n<ul>\n<li>T\u00e4nu t\u00f5husale h\u00fcdros\u00fcsteemile ja optimeeritud disainile pakub silinder kiiret reageerimisaega ja v\u00e4hendab vormimise ts\u00fckliaega.<\/li>\n<li>Kiire reageerimine v\u00f5ib parandada tootlikkust ja suurendada toodangut.<\/li>\n<\/ul>\n<\/li>\n<\/ol>\n<h2><strong>Kuidas h\u00fcdraulilist silindrit lahti v\u00f5tta?<\/strong><\/h2>\n<p>H\u00fcdraulilise silindri lahtiv\u00f5tmiseks toimige j\u00e4rgmiselt.<\/p>\n<ol>\n<li><strong>Ohutusabin\u00f5ud:<\/strong>\n<ul>\n<li>Enne k\u00e4ivitamist veenduge, et h\u00fcdros\u00fcsteem on r\u00f5huvaba ja toiteallikas lahti \u00fchendatud.<\/li>\n<li>Kasutage sobivaid isikukaitsevahendeid, n\u00e4iteks kindaid ja kaitseprille, et kaitsta end v\u00f5imalike ohtude eest.<\/li>\n<\/ul>\n<\/li>\n<li><strong>Positsioneerimine ja tugi:<\/strong>\n<ul>\n<li>Asetage h\u00fcdrosilinder stabiilsele t\u00f6\u00f6pinnale, veendudes, et see on piisavalt toestatud, et v\u00e4ltida juhuslikku liikumist v\u00f5i kahjustusi.<\/li>\n<\/ul>\n<\/li>\n<li><strong>V\u00e4liste komponentide eemaldamine:<\/strong>\n<ul>\n<li>\u00dchendage lahti k\u00f5ik silindri k\u00fclge kinnitatud v\u00e4lised komponendid, n\u00e4iteks voolikud, liitmikud v\u00f5i kinnitusklambrid.<\/li>\n<li>Nende komponentide ettevaatlikuks lahtikeeramiseks ja eemaldamiseks kasutage sobivaid t\u00f6\u00f6riistu, n\u00e4iteks mutriv\u00f5tmeid v\u00f5i tangid.<\/li>\n<\/ul>\n<\/li>\n<li><strong>H\u00fcdraulika\u00f5li t\u00fchjendamine:<\/strong>\n<ul>\n<li>Leidke silindrilt t\u00fchjenduskork v\u00f5i ventiil ja eemaldage see, et h\u00fcdraulikavedelik saaks sobivasse anumasse voolata.<\/li>\n<li>Asetage silinder nii, et see h\u00f5lbustaks t\u00e4ielikku t\u00fchjendamist.<\/li>\n<\/ul>\n<\/li>\n<li><strong>Otsakorkide lahtiv\u00f5tmine:<\/strong>\n<ul>\n<li>Tuvastage h\u00fcdrosilindri otsakorgid. Need asuvad tavaliselt silindri korpuse m\u00f5lemas otsas.<\/li>\n<li>Eemaldage poldid, kruvid v\u00f5i kinnitusdetailid ja kinnitage otsakorgid sobivate t\u00f6\u00f6riistade abil.<\/li>\n<li>Vajadusel koputage otsakorke \u00f5rnalt kummihaamriga, et purustada tihend v\u00f5i liim\u00fchendus.<\/li>\n<\/ul>\n<\/li>\n<li><strong>Eraldi silindri komponendid:<\/strong>\n<ul>\n<li>Kui otsakorgid on eemaldatud, libistage kolb ja kolvivarras ettevaatlikult silindri korpusest v\u00e4lja.<\/li>\n<li>Palun p\u00f6\u00f6rake t\u00e4helepanu k\u00f5ikidele olemasolevatele tihenditele, laagritele v\u00f5i puksidele ja eemaldage need vastavalt vajadusele.<\/li>\n<li>Lihtsama kokkupaneku jaoks p\u00f6\u00f6rake t\u00e4helepanu komponentide j\u00e4rjekorrale ja suunale.<\/li>\n<\/ul>\n<\/li>\n<li><strong>Kontrollige ja puhastage komponendid:<\/strong>\n<ul>\n<li>Kontrollige iga lahtiv\u00f5etud komponenti kulumise, kahjustuste v\u00f5i saastumise tunnuste suhtes.<\/li>\n<li>Puhastage k\u00f5ik komponendid sobiva lahusti v\u00f5i puhastusvahendiga, et eemaldada mustus, praht v\u00f5i vana m\u00e4\u00e4rdeaine.<\/li>\n<li>Pindade \u00f5rnaks puhastamiseks ilma neid kahjustamata kasutage pehmet lappi v\u00f5i harja.<\/li>\n<\/ul>\n<\/li>\n<li><strong>Komponentide vahetamine v\u00f5i parandamine:<\/strong>\n<ul>\n<li>Kui m\u00f5nel komponendil on m\u00e4rgatavat kulumist v\u00f5i kahjustusi, kaaluge nende asendamist uutega.<\/li>\n<li>Remondige v\u00f5i taastage komponente, n\u00e4iteks vahetage tihendid v\u00f5i taastage kolvivarda.<\/li>\n<\/ul>\n<\/li>\n<li><strong>Kokkupanek:<\/strong>\n<ul>\n<li>H\u00fcdrosilindri kokkupanekuks toimige lahtiv\u00f5tmisele vastupidises j\u00e4rjekorras, tagades komponentide \u00f5ige joonduse ja orientatsiooni.<\/li>\n<li>M\u00e4\u00e4rige kokkupanemisel sobivaid osi soovitatud h\u00fcdraulikavedeliku v\u00f5i m\u00e4\u00e4rdeainega.<\/li>\n<li>Pingutage k\u00f5ik kinnitusdetailid tootja spetsifikatsioonide j\u00e4rgi, vajadusel kasutage momentv\u00f5tit.<\/li>\n<\/ul>\n<\/li>\n<li><strong>Testimine ja kontroll:<\/strong><\/li>\n<\/ol>\n<ul>\n<li>P\u00e4rast kokkupanekut tehke p\u00f5hjalik kontroll, et k\u00f5ik komponendid oleksid \u00f5igesti joondatud ja kinnitatud.<\/li>\n<li>Kontrollige h\u00fcdraulilist silindrit kontrollitud viisil, et veenduda selle toimimises ja kontrollida lekete v\u00f5i ebanormaalse t\u00f6\u00f6 suhtes.<\/li>\n<\/ul>\n<h2><strong>Tehase v\u00f5imekus ja suutlikkus:<\/strong><\/h2>\n<h3>(1) Kokkupanek<\/h3>\n<p>Meil on esmaklassiline s\u00f5ltumatu teadus- ja arendustegevuse montaa\u017eiplatvorm. H\u00fcdrosilindrite tootmist\u00f6\u00f6kojas on neli poolautomaatset t\u00f5stesilindrite koosteliini ja \u00fcks automaatne kallutussilindrite koosteliin, mille kavandatud aastane tootmisv\u00f5imsus on 1 miljon t\u00fckki. Spetsiaalsete silindrite t\u00f6\u00f6koda on varustatud erinevate spetsifikatsioonidega poolautomaatse puhastusmontaa\u017eis\u00fcsteemiga, mille kavandatud aastane tootmisv\u00f5imsus on 200 000 ja mis on varustatud kuulsate CNC-t\u00f6\u00f6tlemisseadmete, mehaanilise t\u00f6\u00f6tlemise keskuse, suure t\u00e4psusega silindrite t\u00f6\u00f6tlemise eriseadmete, robotkeevitusmasina, automaatse puhastusmasina, automaatse silindri kokkupanemise masina ja automaatse v\u00e4rvimise tootmisliiniga. Olemasolevad kriitilised seadmed rohkem kui 300 komplekti (komplekti). Seadmete ressursside optimaalne jaotamine ja t\u00f5hus kasutamine tagavad toodete t\u00e4psusn\u00f5uded ja vastavad toodete kvaliteedin\u00f5uetele.<\/p>\n<p><img loading=\"lazy\" decoding=\"async\" class=\"alignnone wp-image-626\" src=\"https:\/\/hydraulic-cylinders.net\/wp-content\/uploads\/2023\/08\/hydraulic-cylinder-product-1-300x158.webp\" alt=\"\" width=\"495\" height=\"260\" srcset=\"https:\/\/hydraulic-cylinders.net\/wp-content\/uploads\/2023\/08\/hydraulic-cylinder-product-1-300x158.webp 495w, https:\/\/hydraulic-cylinders.net\/wp-content\/uploads\/2023\/08\/hydraulic-cylinder-product-1-480x252.webp 480w\" sizes=\"(min-width: 0px) and (max-width: 480px) 480px, (min-width: 481px) 495px, 100vw\" \/> <img loading=\"lazy\" decoding=\"async\" class=\"alignnone wp-image-627\" src=\"https:\/\/hydraulic-cylinders.net\/wp-content\/uploads\/2023\/08\/hydraulic-cylinder-product-2-300x189.webp\" alt=\"\" width=\"413\" height=\"260\" \/><\/p>\n<h3>(2) T\u00f6\u00f6tlemine<\/h3>\n<p>T\u00f6\u00f6deldav t\u00f6\u00f6koda on varustatud kohandatud kallutatud r\u00f6\u00f6pse treipingi keskuse, mehaanilise keskuse, kiire lihvimismasina, keevitusroboti ja muude seotud seadmetega, mis suudavad t\u00f6\u00f6delda silindritorusid, mille maksimaalne sisel\u00e4bim\u00f5\u00f5t on 400 mm ja maksimaalne pikkus on 6 meetrit.<\/p>\n<p><img loading=\"lazy\" decoding=\"async\" class=\"alignnone wp-image-628 size-large\" src=\"https:\/\/hydraulic-cylinders.net\/wp-content\/uploads\/2023\/08\/hydraulic-cylinder-product-3-1024x391.webp\" alt=\"\" width=\"1024\" height=\"391\" srcset=\"https:\/\/hydraulic-cylinders.net\/wp-content\/uploads\/2023\/08\/hydraulic-cylinder-product-3-980x374.webp 980w, https:\/\/hydraulic-cylinders.net\/wp-content\/uploads\/2023\/08\/hydraulic-cylinder-product-3-480x183.webp 480w\" sizes=\"(min-width: 0px) and (max-width: 480px) 480px, (min-width: 481px) and (max-width: 980px) 980px, (min-width: 981px) 1024px, 100vw\" \/><\/p>\n<h3>(3) Keevitamine<\/h3>\n<p><img loading=\"lazy\" decoding=\"async\" class=\"alignnone wp-image-629 size-large\" src=\"https:\/\/hydraulic-cylinders.net\/wp-content\/uploads\/2023\/08\/hydraulic-cylinder-product-4-1024x510.webp\" alt=\"\" width=\"1024\" height=\"510\" srcset=\"https:\/\/hydraulic-cylinders.net\/wp-content\/uploads\/2023\/08\/hydraulic-cylinder-product-4-980x488.webp 980w, https:\/\/hydraulic-cylinders.net\/wp-content\/uploads\/2023\/08\/hydraulic-cylinder-product-4-480x239.webp 480w\" sizes=\"(min-width: 0px) and (max-width: 480px) 480px, (min-width: 481px) and (max-width: 980px) 980px, (min-width: 981px) 1024px, 100vw\" \/><\/p>\n<h3>(4) V\u00e4rvimine ja katmine<\/h3>\n<p>V\u00e4ikese ja keskmise suurusega silindri automaatse veep\u00f5hise v\u00e4rvipinnakattega liinide abil, et saavutada automaatne robotlaadimine ja mahalaadimine ning automaatne pihustamine, projekteerimisv\u00f5imsus 4000 t\u00fckki vahetuse kohta;<br \/>\nMeil on ka poolautomaatne suurte balloonide v\u00e4rvimise tootmisliin, mis t\u00f6\u00f6tab j\u00f5ukettaga ja mille projekteerimisv\u00f5imsus on 60 kasti \u00fche vahetuse kohta.<\/p>\n<p><img loading=\"lazy\" decoding=\"async\" class=\"alignnone wp-image-630\" src=\"https:\/\/hydraulic-cylinders.net\/wp-content\/uploads\/2023\/08\/hydraulic-cylinder-product-5-300x213.webp\" alt=\"\" width=\"366\" height=\"260\" \/> <img loading=\"lazy\" decoding=\"async\" class=\"alignnone wp-image-631\" src=\"https:\/\/hydraulic-cylinders.net\/wp-content\/uploads\/2023\/08\/hydraulic-cylinder-product-6-300x225.webp\" alt=\"\" width=\"347\" height=\"260\" \/><\/p>\n<h3>(5) Testimine<\/h3>\n<p>Meil on esmaklassilised kontrolliseadmed ja katsestendid, et tagada silindri j\u00f5udlus vastavus n\u00f5uetele.<\/p>\n<p><img loading=\"lazy\" decoding=\"async\" class=\"alignnone wp-image-632\" src=\"https:\/\/hydraulic-cylinders.net\/wp-content\/uploads\/2023\/08\/hydraulic-cylinder-product-8-300x200.webp\" alt=\"\" width=\"389\" height=\"260\" \/><\/p>\n<p>&nbsp;<\/p>\n<p>&nbsp;<\/p>\n<p>Oleme \u00fcks parimaid kompaktsete h\u00fcdrosilindrite tootjaid. Pakume laia valikut kompaktseid h\u00fcdrosilindreid. Pakume ka vastavaid... <a href=\"https:\/\/hzpt.com\/agricultural-pto-gearbox\/\" target=\"_blank\" rel=\"noopener\">p\u00f5llumajanduslikud k\u00e4igukastid<\/a>. Oleme eksportinud oma tooteid klientidele \u00fcle maailma ja teeninud hea maine t\u00e4nu meie suurep\u00e4rasele tootekvaliteedile ja m\u00fc\u00fcgij\u00e4rgsele teenindusele. Me tervitame kliente kodus ja v\u00e4lismaal, et v\u00f5tta meiega \u00fchendust, et pidada l\u00e4bir\u00e4\u00e4kimisi \u00e4ri, vahetada teavet ja <a href=\"https:\/\/www.hydraulic-cylinders.net\/et\/contact-us\/\">teha meiega koost\u00f6\u00f6d<\/a>!<\/p>\n<h2><\/h2>","protected":false},"excerpt":{"rendered":"<p>32 MDC Series Compact Mold Cylinder The 32 MDC Series compact mold cylinder is an efficient and versatile hydraulic cylinder designed specifically for die applications. With its compact design, superior performance, and durable construction, this cylinder provides reliable and precise operation in various industrial environments. Whether used in injection molding machines, die-casting equipment, or other [&hellip;]<\/p>","protected":false},"featured_media":1421,"comment_status":"open","ping_status":"closed","template":"","meta":{"_et_pb_use_builder":"","_et_pb_old_content":"","_et_gb_content_width":""},"product_brand":[],"product_cat":[1523,1549,1376],"product_tag":[1380],"class_list":{"0":"post-1420","1":"product","2":"type-product","3":"status-publish","4":"has-post-thumbnail","6":"product_cat-injection-molding-hydraulic-cylinders","7":"product_cat-single-acting-hydraulic-cylinder","8":"product_cat-hydraulic-cylinder","9":"product_tag-hydraulic-cylinder","11":"first","12":"instock","13":"shipping-taxable","14":"product-type-simple"},"amp_enabled":true,"_links":{"self":[{"href":"https:\/\/www.hydraulic-cylinders.net\/et\/wp-json\/wp\/v2\/product\/1420","targetHints":{"allow":["GET"]}}],"collection":[{"href":"https:\/\/www.hydraulic-cylinders.net\/et\/wp-json\/wp\/v2\/product"}],"about":[{"href":"https:\/\/www.hydraulic-cylinders.net\/et\/wp-json\/wp\/v2\/types\/product"}],"replies":[{"embeddable":true,"href":"https:\/\/www.hydraulic-cylinders.net\/et\/wp-json\/wp\/v2\/comments?post=1420"}],"wp:featuredmedia":[{"embeddable":true,"href":"https:\/\/www.hydraulic-cylinders.net\/et\/wp-json\/wp\/v2\/media\/1421"}],"wp:attachment":[{"href":"https:\/\/www.hydraulic-cylinders.net\/et\/wp-json\/wp\/v2\/media?parent=1420"}],"wp:term":[{"taxonomy":"product_brand","embeddable":true,"href":"https:\/\/www.hydraulic-cylinders.net\/et\/wp-json\/wp\/v2\/product_brand?post=1420"},{"taxonomy":"product_cat","embeddable":true,"href":"https:\/\/www.hydraulic-cylinders.net\/et\/wp-json\/wp\/v2\/product_cat?post=1420"},{"taxonomy":"product_tag","embeddable":true,"href":"https:\/\/www.hydraulic-cylinders.net\/et\/wp-json\/wp\/v2\/product_tag?post=1420"}],"curies":[{"name":"wp","href":"https:\/\/api.w.org\/{rel}","templated":true}]}}