{"id":1426,"date":"2023-09-18T08:57:49","date_gmt":"2023-09-18T08:57:49","guid":{"rendered":"https:\/\/hydraulic-cylinders.net\/?post_type=product&#038;p=1426"},"modified":"2025-04-11T03:49:46","modified_gmt":"2025-04-11T03:49:46","slug":"50-100-double-acting-single-axis-mdc-series-compact-mold-cylinder","status":"publish","type":"product","link":"https:\/\/www.hydraulic-cylinders.net\/et\/toode\/50-100-double-acting-single-axis-mdc-series-compact-mold-cylinder\/","title":{"rendered":"50-100 kahetoimeline \u00fcheteljeline MDC-seeria kompaktne vormisilinder"},"content":{"rendered":"<h1 style=\"text-align: center;\"><strong>50-100 kahetoimeline \u00fcheteljeline MDC-seeria kompaktne vormisilinder<\/strong><\/h1>\n<p>Kahetoimeline \u00fchelteljeline MDC-seeria kompaktne vormisilinder on t\u00e4iustatud h\u00fcdrauliline silinder, mis on spetsiaalselt loodud stantsrakenduste jaoks. Oma uuenduslike omaduste, usaldusv\u00e4\u00e4rse j\u00f5udluse ja kompaktse disainiga pakub see silinder suurep\u00e4rast funktsionaalsust ja t\u00f5husust erinevates t\u00f6\u00f6stuskeskkondades. Olenemata sellest, kas neid kasutatakse survevalumasinates, survevaluseadmetes v\u00f5i muudes stantsidega seotud rakendustes, pakuvad kahetoimelised \u00fcheteljelised MDC-seeria kompaktsed vormisilindrid t\u00e4pset juhtimist ja optimaalset tootlikkust.<\/p>\n<p>\u00b7 MDC on kompaktne h\u00fcdrauliline silinder (cx), millel on elektrikarp ja silindrivarras vormi neutronite asukoha t\u00e4pseks juhtimiseks.<br \/>\n\u00b7 H\u00fcdrauliline silinder, mis sobib plastvormide jaoks.<\/p>\n<p><img loading=\"lazy\" decoding=\"async\" class=\"aligncenter wp-image-323260\" src=\"https:\/\/hzpt.com\/wp-content\/uploads\/2023\/09\/mdc-compact-hydraulic-cylinder-9.webp\" alt=\"kahetoimeline \u00fcheteljeline kompaktne vormisilinder\" width=\"400\" height=\"400\" \/><\/p>\n<h2><strong>Kompaktse vormisilindri mudeli kirjeldus:<\/strong><\/h2>\n<p><img loading=\"lazy\" decoding=\"async\" class=\"alignnone size-full wp-image-323234\" src=\"https:\/\/hzpt.com\/wp-content\/uploads\/2023\/09\/mdc-compact-hydraulic-cylinder-2.webp\" alt=\"\" width=\"966\" height=\"882\" \/><\/p>\n<h2><strong>Kompaktse vormisilindri iseloomulikud andmed:<\/strong><\/h2>\n<p><img loading=\"lazy\" decoding=\"async\" class=\"alignnone size-full wp-image-323236\" src=\"https:\/\/hzpt.com\/wp-content\/uploads\/2023\/09\/mdc-compact-hydraulic-cylinder-3-1.webp\" alt=\"\" width=\"899\" height=\"262\" \/><\/p>\n<h2><strong>Kompaktse vormisilindri struktuuri diagramm:<\/strong><\/h2>\n<p><img loading=\"lazy\" decoding=\"async\" class=\"alignnone size-full wp-image-323250\" src=\"https:\/\/hzpt.com\/wp-content\/uploads\/2023\/09\/mdc-compact-hydraulic-cylinder-4-1.webp\" alt=\"\" width=\"737\" height=\"808\" \/><\/p>\n<h2><strong>Kolvivarda \u00fchendussuuruste diagramm:<\/strong><\/h2>\n<p><img loading=\"lazy\" decoding=\"async\" class=\"alignnone size-large wp-image-323239\" src=\"https:\/\/hzpt.com\/wp-content\/uploads\/2023\/09\/mdc-compact-hydraulic-cylinder-5-787x1024.webp\" alt=\"\" width=\"787\" height=\"1024\" \/><\/p>\n<h2><strong>Elektrikarbi pandla asend, \u00f5lipordi asend ja jaotusv\u00e4ljalaskeava asend:<\/strong><\/h2>\n<p><img loading=\"lazy\" decoding=\"async\" class=\"alignnone size-large wp-image-323241\" src=\"https:\/\/hzpt.com\/wp-content\/uploads\/2023\/09\/mdc-compact-hydraulic-cylinder-6-616x1024.webp\" alt=\"\" width=\"616\" height=\"1024\" \/><\/p>\n<h2><strong>50-100 kahetoimelise \u00fcheteljelise MDC seeria kompaktse vormisilindri parameeter:<\/strong><\/h2>\n<p><img loading=\"lazy\" decoding=\"async\" class=\"alignnone size-large wp-image-323264\" src=\"https:\/\/hzpt.com\/wp-content\/uploads\/2023\/09\/mdc-compact-hydraulic-cylinder-9-1-1-857x1024.webp\" alt=\"\" width=\"857\" height=\"1024\" \/><\/p>\n<h2><strong>50-100 kahetoimeline \u00fcheteljeline MDC-seeria kompaktne vormisilinder <\/strong><strong>Peamised omadused ja eelised<\/strong><strong>:<\/strong><\/h2>\n<ol>\n<li><strong>Kahetoimeline disain:<\/strong>\n<ul>\n<li>Kahetoimelised \u00fchelteljelised MDC-seeria kompaktsilindrid t\u00f6\u00f6tavad m\u00f5lemas suunas, v\u00f5imaldades kahesuunalist liikumist.<\/li>\n<li>See disain v\u00f5imaldab vormi avamis- ja sulgemistoimingut t\u00f5husalt ja t\u00e4pselt juhtida ning parandada t\u00f6\u00f6 paindlikkust.<\/li>\n<\/ul>\n<\/li>\n<li><strong>\u00dche telje konfiguratsioon:<\/strong>\n<ul>\n<li>See silinder on konstrueeritud \u00fchesuunaliseks liikumiseks, pakkudes sirgjoonelist liikumist \u00fches suunas.<\/li>\n<li>\u00dcheteljeline konfiguratsioon lihtsustab paigaldamist ja kasutamist, muutes selle sobivaks mitmesugusteks stantsrakendusteks.<\/li>\n<\/ul>\n<\/li>\n<li><strong>Kompaktne ja ruumis\u00e4\u00e4stlik:<\/strong>\n<ul>\n<li>MDC-seeria kompaktsete vormisilindrite kompaktne disain optimeerib vormis\u00fcsteemi ruumikasutust piiratud kliirensiga.<\/li>\n<li>Selle ruumis\u00e4\u00e4stlikku konstruktsiooni saab h\u00f5lpsasti integreerida kitsastesse kohtadesse, tagades olemasoleva t\u00f6\u00f6ruumi t\u00f5husa kasutamise.<\/li>\n<\/ul>\n<\/li>\n<li><strong>Suur t\u00e4psus ja stabiilsus:<\/strong>\n<ul>\n<li>Silinder tagab t\u00e4pse ja stabiilse liikumise, tagades vormi liikumise t\u00e4pse juhtimise tootmise ajal.<\/li>\n<li>See annab j\u00e4rjepidevaid ja korduvaid tulemusi, mis aitavad l\u00f5ppkokkuv\u00f5ttes kaasa kvaliteetsele tootmisele ja j\u00e4\u00e4tmete v\u00e4hendamisele.<\/li>\n<\/ul>\n<\/li>\n<\/ol>\n<h2><strong>Kui raske on h\u00fcdrosilindri \u00fcmberehitamine?<\/strong><\/h2>\n<p>H\u00fcdrosilindri \u00fcmberehitamine v\u00f5ib olla keeruline \u00fclesanne, mis n\u00f5uab mehaanilisi teadmisi, kogemusi ja \u00f5igeid t\u00f6\u00f6riistu. Protsessi raskusaste v\u00f5ib erineda s\u00f5ltuvalt silindri konkreetsest konstruktsioonist ja seisukorrast. Siin on m\u00f5ned tegurid, mida tuleb arvesse v\u00f5tta:<\/p>\n<ol>\n<li><strong>Asjatundlikkus ja kogemused:<\/strong><br \/>\nH\u00fcdrosilindri taastamine n\u00f5uab head arusaamist selle komponentidest, funktsionaalsusest ja kokkupanekust. Protsess v\u00f5ib olla paremini hallatav, kui teil on kogemusi h\u00fcdraulikas\u00fcsteemidega t\u00f6\u00f6tamisel v\u00f5i olete varem h\u00fcdraulikasilindreid taastanud. Kui aga olete h\u00fcdraulikas\u00fcsteemide alal uus, on soovitatav otsida professionaalset abi v\u00f5i juhiseid.<\/li>\n<li><strong>Silindri disain:<\/strong><br \/>\nH\u00fcdrosilindri \u00fcmberehituse keerukus v\u00f5ib s\u00f5ltuda selle konstruktsioonist. M\u00f5ned silindrid on lihtsama konstruktsiooniga ja v\u00e4hemate sisemiste komponentidega, mist\u00f5ttu on neid suhteliselt lihtsam \u00fcmber ehitada. Kuid keerukamad tehnikad, n\u00e4iteks mitme astme v\u00f5i integreeritud funktsioonidega, v\u00f5ivad olla keerulisemad ja keerulisemad ning neid v\u00f5ib olla keeruline lahti v\u00f5tta, uuesti sulgeda ja \u00f5igesti kokku panna.<\/li>\n<li><strong>Silindri seisund:<\/strong><br \/>\nH\u00fcdrosilindri \u00fcldine seisund m\u00f5jutab samuti \u00fcmberehitusprotsessi. Kui silindril on t\u00f5siseid kahjustusi, ulatuslikku kulumist v\u00f5i korrosiooni, v\u00f5ib see n\u00f5uda t\u00e4iendavat remonti v\u00f5i osade vahetamist, mis v\u00f5ib muuta \u00fcmberehituse keerukamaks. Silindri seisundi eelnev hindamine aitab kindlaks m\u00e4\u00e4rata vajaliku t\u00f6\u00f6 taseme.<\/li>\n<li><strong>T\u00f6\u00f6riistad ja seadmed:<\/strong><br \/>\nH\u00fcdrosilindri taastamine n\u00f5uab sageli spetsiaalseid t\u00f6\u00f6riistu ja seadmeid. Nende hulka kuuluvad h\u00fcdraulilised pressid, tihendite paigaldust\u00f6\u00f6riistad, lukustusr\u00f5nga tangid ja momentv\u00f5tmed. Vajalike t\u00f6\u00f6riistade olemasolu ja nende \u00f5ige kasutamise tundmine on eduka taastamise jaoks \u00fclioluline.<\/li>\n<li><strong>Tihendi asendamine ja montaa\u017e:<\/strong><br \/>\nH\u00fcdrosilindri taastamise \u00fcks kriitilisi samme on tihendite vahetamine. Tihendite \u00f5ige valik ja paigaldamine on n\u00f5uetekohase toimimise ja lekete v\u00e4ltimise seisukohalt kriitilise t\u00e4htsusega. See n\u00f5uab t\u00e4psust ja t\u00e4helepanu detailidele. Lisaks on silindri komponentide \u00f5iges j\u00e4rjekorras ja joonduses kokkupanek optimaalse j\u00f5udluse saavutamiseks \u00fclioluline.<\/li>\n<li><strong>Testimine ja kontrollimine:<\/strong><br \/>\nP\u00e4rast h\u00fcdrosilindri \u00fcmberehitamist on oluline teha p\u00f5hjalikud testid, et tagada selle n\u00f5uetekohane toimimine. See v\u00f5ib h\u00f5lmata r\u00f5hukatsetusi, lekete kontrollimist ning silindri liikumisulatuse ja t\u00f6\u00f6v\u00f5ime kontrollimist. N\u00f5uetekohane testimine aitab tuvastada probleeme ja tagab silindri ohutuse ja t\u00f6\u00f6kindluse.<\/li>\n<\/ol>\n<h2><strong>Tehase v\u00f5imekus ja suutlikkus:<\/strong><\/h2>\n<h3>(1) Kokkupanek<\/h3>\n<p>Meil on esmaklassiline s\u00f5ltumatu teadus- ja arendustegevuse montaa\u017eiplatvorm. H\u00fcdrosilindrite tootmist\u00f6\u00f6kojas on neli poolautomaatset t\u00f5stesilindrite koosteliini ja \u00fcks automaatne kallutussilindrite koosteliin, mille kavandatud aastane tootmisv\u00f5imsus on 1 miljon t\u00fckki. Spetsiaalsete silindrite t\u00f6\u00f6koda on varustatud erinevate spetsifikatsioonidega poolautomaatse puhastusmontaa\u017eis\u00fcsteemiga, mille kavandatud aastane tootmisv\u00f5imsus on 200 000 ja mis on varustatud kuulsate CNC-t\u00f6\u00f6tlemisseadmete, mehaanilise t\u00f6\u00f6tlemise keskuse, suure t\u00e4psusega silindrite t\u00f6\u00f6tlemise eriseadmete, robotkeevitusmasina, automaatse puhastusmasina, automaatse silindri kokkupanemise masina ja automaatse v\u00e4rvimise tootmisliiniga. Olemasolevad kriitilised seadmed rohkem kui 300 komplekti (komplekti). Seadmete ressursside optimaalne jaotamine ja t\u00f5hus kasutamine tagavad toodete t\u00e4psusn\u00f5uded ja vastavad toodete kvaliteedin\u00f5uetele.<\/p>\n<p><img loading=\"lazy\" decoding=\"async\" class=\"alignnone wp-image-626\" src=\"https:\/\/hydraulic-cylinders.net\/wp-content\/uploads\/2023\/08\/hydraulic-cylinder-product-1-300x158.webp\" alt=\"\" width=\"495\" height=\"260\" srcset=\"https:\/\/hydraulic-cylinders.net\/wp-content\/uploads\/2023\/08\/hydraulic-cylinder-product-1-300x158.webp 495w, https:\/\/hydraulic-cylinders.net\/wp-content\/uploads\/2023\/08\/hydraulic-cylinder-product-1-480x252.webp 480w\" sizes=\"(min-width: 0px) and (max-width: 480px) 480px, (min-width: 481px) 495px, 100vw\" \/> <img loading=\"lazy\" decoding=\"async\" class=\"alignnone wp-image-627\" src=\"https:\/\/hydraulic-cylinders.net\/wp-content\/uploads\/2023\/08\/hydraulic-cylinder-product-2-300x189.webp\" alt=\"\" width=\"413\" height=\"260\" \/><\/p>\n<h3>(2) T\u00f6\u00f6tlemine<\/h3>\n<p>T\u00f6\u00f6deldav t\u00f6\u00f6koda on varustatud kohandatud kallutatud r\u00f6\u00f6pse treipingi keskuse, mehaanilise keskuse, kiire lihvimismasina, keevitusroboti ja muude seotud seadmetega, mis suudavad t\u00f6\u00f6delda silindritorusid, mille maksimaalne sisel\u00e4bim\u00f5\u00f5t on 400 mm ja maksimaalne pikkus on 6 meetrit.<\/p>\n<p><img loading=\"lazy\" decoding=\"async\" class=\"alignnone wp-image-628 size-large\" src=\"https:\/\/hydraulic-cylinders.net\/wp-content\/uploads\/2023\/08\/hydraulic-cylinder-product-3-1024x391.webp\" alt=\"\" width=\"1024\" height=\"391\" srcset=\"https:\/\/hydraulic-cylinders.net\/wp-content\/uploads\/2023\/08\/hydraulic-cylinder-product-3-980x374.webp 980w, https:\/\/hydraulic-cylinders.net\/wp-content\/uploads\/2023\/08\/hydraulic-cylinder-product-3-480x183.webp 480w\" sizes=\"(min-width: 0px) and (max-width: 480px) 480px, (min-width: 481px) and (max-width: 980px) 980px, (min-width: 981px) 1024px, 100vw\" \/><\/p>\n<h3>(3) Keevitamine<\/h3>\n<p><img loading=\"lazy\" decoding=\"async\" class=\"alignnone wp-image-629 size-large\" src=\"https:\/\/hydraulic-cylinders.net\/wp-content\/uploads\/2023\/08\/hydraulic-cylinder-product-4-1024x510.webp\" alt=\"\" width=\"1024\" height=\"510\" srcset=\"https:\/\/hydraulic-cylinders.net\/wp-content\/uploads\/2023\/08\/hydraulic-cylinder-product-4-980x488.webp 980w, https:\/\/hydraulic-cylinders.net\/wp-content\/uploads\/2023\/08\/hydraulic-cylinder-product-4-480x239.webp 480w\" sizes=\"(min-width: 0px) and (max-width: 480px) 480px, (min-width: 481px) and (max-width: 980px) 980px, (min-width: 981px) 1024px, 100vw\" \/><\/p>\n<h3>(4) V\u00e4rvimine ja katmine<\/h3>\n<p>V\u00e4ikese ja keskmise suurusega silindri automaatse veep\u00f5hise v\u00e4rvipinnakattega liinide abil, et saavutada automaatne robotlaadimine ja mahalaadimine ning automaatne pihustamine, projekteerimisv\u00f5imsus 4000 t\u00fckki vahetuse kohta;<br \/>\nMeil on ka poolautomaatne suurte balloonide v\u00e4rvimise tootmisliin, mis t\u00f6\u00f6tab j\u00f5ukettaga ja mille projekteerimisv\u00f5imsus on 60 kasti \u00fche vahetuse kohta.<\/p>\n<p><img loading=\"lazy\" decoding=\"async\" class=\"alignnone wp-image-630\" src=\"https:\/\/hydraulic-cylinders.net\/wp-content\/uploads\/2023\/08\/hydraulic-cylinder-product-5-300x213.webp\" alt=\"\" width=\"366\" height=\"260\" \/> <img loading=\"lazy\" decoding=\"async\" class=\"alignnone wp-image-631\" src=\"https:\/\/hydraulic-cylinders.net\/wp-content\/uploads\/2023\/08\/hydraulic-cylinder-product-6-300x225.webp\" alt=\"\" width=\"347\" height=\"260\" \/><\/p>\n<h3>(5) Testimine<\/h3>\n<p>Meil on esmaklassilised kontrolliseadmed ja katsestendid, et tagada silindri j\u00f5udlus vastavus n\u00f5uetele.<\/p>\n<p><img loading=\"lazy\" decoding=\"async\" class=\"alignnone wp-image-632\" src=\"https:\/\/hydraulic-cylinders.net\/wp-content\/uploads\/2023\/08\/hydraulic-cylinder-product-8-300x200.webp\" alt=\"\" width=\"389\" height=\"260\" \/><\/p>\n<p>&nbsp;<\/p>\n<p>&nbsp;<\/p>\n<p>Oleme \u00fcks parimaid kompaktsete h\u00fcdrosilindrite tootjaid. Pakume laia valikut kompaktseid h\u00fcdrosilindreid. Pakume ka vastavaid... <a href=\"https:\/\/hzpt.com\/agricultural-pto-gearbox\/\" target=\"_blank\" rel=\"noopener\">p\u00f5llumajanduslikud k\u00e4igukastid<\/a>. Oleme eksportinud oma tooteid klientidele \u00fcle maailma ja teeninud hea maine t\u00e4nu meie suurep\u00e4rasele tootekvaliteedile ja m\u00fc\u00fcgij\u00e4rgsele teenindusele. Me tervitame kliente kodus ja v\u00e4lismaal, et v\u00f5tta meiega \u00fchendust, et pidada l\u00e4bir\u00e4\u00e4kimisi \u00e4ri, vahetada teavet ja <a href=\"https:\/\/www.hydraulic-cylinders.net\/et\/contact-us\/\">teha meiega koost\u00f6\u00f6d<\/a>!<\/p>\n<h2><\/h2>\n<h1 style=\"text-align: center;\"><\/h1>","protected":false},"excerpt":{"rendered":"<p>50-100 Double Acting Single Axis MDC Series Compact Mold Cylinder The double acting single axis MDC Series compact mold cylinder is an advanced hydraulic cylinder designed specifically for die applications. With its innovative features, reliable performance and compact design, this cylinder offers superior functionality and efficiency in a variety of industrial environments. Whether used in [&hellip;]<\/p>","protected":false},"featured_media":1427,"comment_status":"open","ping_status":"closed","template":"","meta":{"_et_pb_use_builder":"","_et_pb_old_content":"","_et_gb_content_width":""},"product_brand":[],"product_cat":[1550,1523,1376],"product_tag":[1380],"class_list":{"0":"post-1426","1":"product","2":"type-product","3":"status-publish","4":"has-post-thumbnail","6":"product_cat-double-acting-hydraulic-cylinder","7":"product_cat-injection-molding-hydraulic-cylinders","8":"product_cat-hydraulic-cylinder","9":"product_tag-hydraulic-cylinder","11":"first","12":"instock","13":"shipping-taxable","14":"product-type-simple"},"amp_enabled":true,"_links":{"self":[{"href":"https:\/\/www.hydraulic-cylinders.net\/et\/wp-json\/wp\/v2\/product\/1426","targetHints":{"allow":["GET"]}}],"collection":[{"href":"https:\/\/www.hydraulic-cylinders.net\/et\/wp-json\/wp\/v2\/product"}],"about":[{"href":"https:\/\/www.hydraulic-cylinders.net\/et\/wp-json\/wp\/v2\/types\/product"}],"replies":[{"embeddable":true,"href":"https:\/\/www.hydraulic-cylinders.net\/et\/wp-json\/wp\/v2\/comments?post=1426"}],"wp:featuredmedia":[{"embeddable":true,"href":"https:\/\/www.hydraulic-cylinders.net\/et\/wp-json\/wp\/v2\/media\/1427"}],"wp:attachment":[{"href":"https:\/\/www.hydraulic-cylinders.net\/et\/wp-json\/wp\/v2\/media?parent=1426"}],"wp:term":[{"taxonomy":"product_brand","embeddable":true,"href":"https:\/\/www.hydraulic-cylinders.net\/et\/wp-json\/wp\/v2\/product_brand?post=1426"},{"taxonomy":"product_cat","embeddable":true,"href":"https:\/\/www.hydraulic-cylinders.net\/et\/wp-json\/wp\/v2\/product_cat?post=1426"},{"taxonomy":"product_tag","embeddable":true,"href":"https:\/\/www.hydraulic-cylinders.net\/et\/wp-json\/wp\/v2\/product_tag?post=1426"}],"curies":[{"name":"wp","href":"https:\/\/api.w.org\/{rel}","templated":true}]}}