{"id":14479,"date":"2024-12-12T08:47:33","date_gmt":"2024-12-12T08:47:33","guid":{"rendered":"https:\/\/www.hydraulic-cylinders.net\/product\/replacement-of-aax10028-cylinder\/"},"modified":"2024-12-12T08:47:39","modified_gmt":"2024-12-12T08:47:39","slug":"replacement-of-aax10028-cylinder","status":"publish","type":"product","link":"https:\/\/www.hydraulic-cylinders.net\/et\/toode\/replacement-of-aax10028-cylinder\/","title":{"rendered":"AAX10028 silindri vahetamine"},"content":{"rendered":"<h1>AAX10028 silindri vahetamine<\/h1>\n<p>AAX10028 silindri asendus on h\u00fcdrauliline silinder, mis on m\u00f5eldud kasutamiseks erinevat t\u00fc\u00fcpi masinates, n\u00e4iteks 1107, 1109, 1111, 1113, 1211, 2109, 2111, 2113, 2115, 2117, 2122, 2126, 2130 ja 2134. See on oluline komponent, mis aitab kaasa masinate sujuvale toimimisele ja vastutab sujuva h\u00fcdraulilise j\u00f5u tagamise eest.<\/p>\n<h2>Spetsifikatsioonid ja mudelid<\/h2>\n<p>AAX10028 asendussilindri kaal on 107 naela, k\u00f5rgus 13,5 tolli, laius 14 tolli ja pikkus 27 tolli. See \u00fchildub erinevate mudelitega ja on suurep\u00e4rane asendus kahjustatud v\u00f5i kulunud silindritele masinas.<\/p>\n<h2>Omadused<\/h2>\n<h3>T\u00e4iustatud seadmete j\u00f5udlus<\/h3>\n<p>Kahjustatud v\u00f5i kulunud h\u00fcdrosilindrite v\u00e4ljavahetamine v\u00f5ib taastada seadmete normaalse t\u00f6\u00f6v\u00f5ime, tagades nende toimivuse erinevates rakendustes.<\/p>\n<h3>T\u00e4iustatud ohutus<\/h3>\n<p>H\u00fcdrauliliste silindrite regulaarne vahetamine aitab v\u00e4hendada silindrite riketest tingitud ohutusriske, tagades operaatorite ja seadmete ohutuse.<\/p>\n<h3>\u00dclekoormuskaitse<\/h3>\n<p>Uute silindrite konstruktsioonides on tavaliselt arvesse v\u00f5etud paremaid \u00fclekoormuskaitse mehhanisme, mis suurendavad ohutust.<\/p>\n<h3>Kiire paigaldus<\/h3>\n<p>Kaasaegsed h\u00fcdrosilindrite konstruktsioonid arvestavad tavaliselt lihtsa paigaldamise ja vahetamisega, v\u00e4hendades seisakuid.<\/p>\n<h3>Standardiseeritud komponendid<\/h3>\n<p>Paljud h\u00fcdrosilindrid on standardiseeritud tooted, mis muudab varuosade turult hankimise lihtsaks.<\/p>\n<p>Meie ettev\u00f5te on spetsialiseerunud AAX10028 silindrite asendusmaterjali tootmisele ja suudab neid h\u00fcdraulilisi silindreid ideaalselt asendada. Silindreid kasutatakse laialdaselt erinevates rakendustes, n\u00e4iteks:<\/p>\n<h2>Rakendused<\/h2>\n<h3>Ekskavaatorid<\/h3>\n<p>The hydraulic cylinder of the excavator&#8217;s arm or bucket may be damaged due to long-term use or overload and needs to be replaced to restore normal operation.<\/p>\n<h3>Kraanad<\/h3>\n<p>The crane&#8217;s boom hydraulic cylinder is prone to wear during frequent lifting and lowering processes and needs to be regularly replaced to ensure safety.<\/p>\n<h3>Traktorid<\/h3>\n<p>Traktori esilaaduri h\u00fcdrosilinder v\u00f5ib pideva t\u00f5stmise ja kallutamise ajal lekkida v\u00f5i halvasti t\u00f6\u00f6tada, mist\u00f5ttu tuleb see v\u00e4lja vahetada.<\/p>\n<h3>Kombainid<\/h3>\n<p>Koristusprotsessi ajal on h\u00fcdros\u00fcsteem k\u00f5rge r\u00f5hu all ja silinder v\u00f5ib v\u00e4simuse t\u00f5ttu kahjustuda, mis n\u00f5uab t\u00f6\u00f6 efektiivsuse s\u00e4ilitamiseks \u00f5igeaegset v\u00e4ljavahetamist.<\/p>\n<h3>Automatiseeritud tootmisliinid<\/h3>\n<p>H\u00fcdraulilisi silindreid kasutatakse robotk\u00e4te ja muude automatiseeritud seadmete juhtimiseks. Silindri rike v\u00f5ib m\u00f5jutada tootmise efektiivsust ja n\u00f5uab viivitamatut v\u00e4ljavahetamist.<\/p>\n<h3>Survevalumasinad<\/h3>\n<p>K\u00f5rge r\u00f5hu ja k\u00f5rge temperatuuri tingimustes v\u00f5ivad h\u00fcdrosilindrite j\u00f5udlus halveneda ning regulaarne asendamine tagab toote kvaliteedi.<\/p>\n<h3>Kaevandusseadmed<\/h3>\n<p>H\u00fcdraulilisi silindreid kasutatakse kaevandusseadmetes raskete esemete t\u00f5stmiseks ja teisaldamiseks. Karmi t\u00f6\u00f6keskkonna t\u00f5ttu on seadmete rikete v\u00e4ltimiseks vajalik regulaarne kontroll ja vahetamine.<\/p>\n<h3>Buldooserid<\/h3>\n<p>The wear of the hydraulic cylinder on the bulldozer&#8217;s bulldozer arm can cause a decrease in push capability and require timely replacement to maintain operating efficiency.<\/p>\n<h2>Hooldus<\/h2>\n<p>H\u00fcdrauliliste silindrite pikaealisuse ja t\u00f6\u00f6kindluse tagamiseks on oluline regulaarne hooldus. Levinumad hooldust\u00f6\u00f6d h\u00f5lmavad j\u00e4rgmist:<\/p>\n<h3>Regulaarne kontroll<\/h3>\n<p>H\u00fcdrosilindreid tuleks regulaarselt kontrollida, et tuvastada lekkeid, kahjustusi v\u00f5i kulumist.<\/p>\n<h3>M\u00e4\u00e4rimine<\/h3>\n<p>H\u00fcdraulilised silindrid vajavad h\u00f5\u00f5rdumise v\u00e4hendamiseks ja enneaegse kulumise v\u00e4ltimiseks korralikku m\u00e4\u00e4rimist.<\/p>\n<h3>Tihendi vahetamine<\/h3>\n<p>Kulunud tihendid v\u00f5ivad p\u00f5hjustada h\u00fcdraulikavedeliku lekkeid, mis omakorda kahjustavad silindrit. Tihendid tuleks regulaarselt vahetada.<\/p>\n<h2>Ohutuskaalutlused ja keskkonnategurid<\/h2>\n<p>H\u00fcdrauliliste silindrite kasutamisel on \u00f5nnetuste ja vigastuste v\u00e4ltimiseks olulised ohutusmeetmed. H\u00fcdrauliliste silindrite n\u00f5uetekohane paigaldamine, hooldus ja kasutamine aitab minimeerida \u00f5nnetuste ohtu t\u00f6\u00f6kohal.<\/p>\n<h2>Veaotsing ja levinud probleemid<\/h2>\n<p>H\u00fcdrauliliste silindrite levinumad probleemid ja t\u00f5rkeotsingud on j\u00e4rgmised:<\/p>\n<h3>Leke<\/h3>\n<p>H\u00fcdrosilindrid v\u00f5ivad lekkida kulunud v\u00f5i kahjustatud tihendite t\u00f5ttu. Probleemi lahendamiseks vahetage tihendid v\u00e4lja.<\/p>\n<h3>Kehv j\u00f5udlus<\/h3>\n<p>Kulunud h\u00fcdrosilindrid v\u00f5ivad p\u00f5hjustada kehva j\u00f5udlust. N\u00f5uetekohase toimimise tagamiseks on vaja neid regulaarselt vahetada.<\/p>\n<h3>\u00dclekuumenemine<\/h3>\n<p>\u00dclekuumenemine v\u00f5ib p\u00f5hjustada h\u00fcdrosilindrite talitlush\u00e4ireid. Kontrollige vedeliku taset ja veenduge, et jahutuss\u00fcsteem t\u00f6\u00f6tab korralikult.<\/p>\n<h2>Projekteerimiskaalutlused ja valikukriteeriumid<\/h2>\n<p>H\u00fcdrauliliste silindrite valimisel ja projekteerimisel on oluline arvestada kandev\u00f5ime, tihendatuse, vastupidavuse, ohutuse ja hooldatavusega. \u00d5ige valik ja projekteerimine tagavad h\u00fcdrosilindrite pikaealisuse ja t\u00f6\u00f6kindluse.<\/p>\n<h2>Tihendus ja m\u00e4\u00e4rimine<\/h2>\n<p>H\u00fcdraulilised silindrid vajavad kulumise minimeerimiseks korralikku tihendamist, m\u00e4\u00e4rimist ja hooldust. Kvaliteetsete tihendite ja materjalide kasutamine, n\u00f5uetekohane pinnat\u00f6\u00f6tlus ning regulaarne m\u00e4\u00e4rimine v\u00f5ivad suurendada h\u00fcdrosilindrite vastupidavust ja t\u00f6\u00f6kindlust.<\/p>\n<h2>Paigaldusjuhised<\/h2>\n<p>H\u00fcdrauliliste silindrite optimaalse j\u00f5udluse tagamiseks on kriitilise t\u00e4htsusega \u00f5ige paigaldamine. Silindri \u00f5ige joondamine, sobivate paigaldusklambrite kasutamine ja soovitatud kontrolli-, remondi- ja asendusprotseduuride j\u00e4rgimine on n\u00f5uetekohaseks paigaldamiseks h\u00e4davajalikud.<\/p>\n<h2>Meie ettev\u00f5ttest<\/h2>\n<p>Oleme juhtiv h\u00fcdrauliliste silindrite tootja ja hulgim\u00fc\u00fcja nii sise- kui ka rahvusvahelisel turul. Meie ettev\u00f5te pakub laia tootevalikut, sealhulgas AAX10028 silindri vahetust. Oleme spetsialiseerunud kohandatud teenuste pakkumisele ja meie tooted vastavad rahvusvahelistele sertifitseerimisstandarditele. Meie ettev\u00f5te on varustatud t\u00e4iustatud tootmisseadmetega ja pakume oma klientidele suurep\u00e4rast m\u00fc\u00fcgij\u00e4rgset teenindust.<\/p>\n<p><img decoding=\"async\" src=\"https:\/\/www.hydraulic-cylinders.net\/wp-content\/uploads\/2024\/12\/hydraulic-cylinder-factory.webp\" alt=\"H\u00fcdrauliliste silindrite tehas\"><\/p>\n<p>Autor: lyl<\/p>","protected":false},"excerpt":{"rendered":"<p>Replacement Of AAX10028 Cylinder The Replacement Of AAX10028 Cylinder is a hydraulic cylinder that is designed for use in various types of machinery such as 1107, 1109, 1111, 1113, 1211, 2109, 2111, 2113, 2115, 2117, 2122, 2126, 2130, and 2134. It is a vital component that helps in the smooth functioning of the machinery and [&hellip;]<\/p>","protected":false},"featured_media":10751,"comment_status":"open","ping_status":"closed","template":"","meta":{"_et_pb_use_builder":"","_et_pb_old_content":"","_et_gb_content_width":""},"product_brand":[],"product_cat":[1489],"product_tag":[1380,1490,1491],"class_list":{"0":"post-14479","1":"product","2":"type-product","3":"status-publish","4":"has-post-thumbnail","6":"product_cat-replacement-of-john-deere-hydraulic-cylinder","7":"product_tag-hydraulic-cylinder","8":"product_tag-replacement-of-hydraulic-cylinder","9":"product_tag-replacemet-of-john-deere-hydraulic-cylinder","11":"first","12":"instock","13":"shipping-taxable","14":"product-type-simple"},"amp_enabled":true,"_links":{"self":[{"href":"https:\/\/www.hydraulic-cylinders.net\/et\/wp-json\/wp\/v2\/product\/14479","targetHints":{"allow":["GET"]}}],"collection":[{"href":"https:\/\/www.hydraulic-cylinders.net\/et\/wp-json\/wp\/v2\/product"}],"about":[{"href":"https:\/\/www.hydraulic-cylinders.net\/et\/wp-json\/wp\/v2\/types\/product"}],"replies":[{"embeddable":true,"href":"https:\/\/www.hydraulic-cylinders.net\/et\/wp-json\/wp\/v2\/comments?post=14479"}],"wp:featuredmedia":[{"embeddable":true,"href":"https:\/\/www.hydraulic-cylinders.net\/et\/wp-json\/wp\/v2\/media\/10751"}],"wp:attachment":[{"href":"https:\/\/www.hydraulic-cylinders.net\/et\/wp-json\/wp\/v2\/media?parent=14479"}],"wp:term":[{"taxonomy":"product_brand","embeddable":true,"href":"https:\/\/www.hydraulic-cylinders.net\/et\/wp-json\/wp\/v2\/product_brand?post=14479"},{"taxonomy":"product_cat","embeddable":true,"href":"https:\/\/www.hydraulic-cylinders.net\/et\/wp-json\/wp\/v2\/product_cat?post=14479"},{"taxonomy":"product_tag","embeddable":true,"href":"https:\/\/www.hydraulic-cylinders.net\/et\/wp-json\/wp\/v2\/product_tag?post=14479"}],"curies":[{"name":"wp","href":"https:\/\/api.w.org\/{rel}","templated":true}]}}