{"id":14503,"date":"2024-12-12T08:49:19","date_gmt":"2024-12-12T08:49:19","guid":{"rendered":"https:\/\/www.hydraulic-cylinders.net\/product\/replacement-of-lva13160-hydraulic-cylinder\/"},"modified":"2024-12-12T08:49:21","modified_gmt":"2024-12-12T08:49:21","slug":"replacement-of-lva13160-hydraulic-cylinder","status":"publish","type":"product","link":"https:\/\/www.hydraulic-cylinders.net\/et\/toode\/replacement-of-lva13160-hydraulic-cylinder\/","title":{"rendered":"LVA13160 h\u00fcdrosilindri vahetamine"},"content":{"rendered":"<h2>Sissejuhatus<\/h2>\n<p>LVA13160 h\u00fcdrosilindri vahetus on rasketehnika oluline komponent. See on loodud pakkuma vajalikku j\u00f5udu rasketehnika liigutamiseks ja on iga h\u00fcdros\u00fcsteemi oluline osa.<\/p>\n<h2>Spetsifikatsioonid ja \u00fchilduvus<\/h2>\n<p>LVA13160 h\u00fcdrosilindri asendusosa kaalub 13,01 naela (5,1 kg) ning on 2,8 tolli (7,2 cm) k\u00f5rge, 4 tolli (10,4 cm) lai ja 18,2 tolli (47,2 cm) pikk. See toode \u00fchildub j\u00e4rgmiste mudelitega: 46, 47, 48, 260, 270A, 270B, 370B, 375, 375A, 385A, 447, 448 ja 485A.<\/p>\n<h2>Omadused<\/h2>\n<ul>\n<li>Parem seadmete j\u00f5udlus<\/li>\n<li>T\u00e4iustatud ohutus<\/li>\n<li>\u00dclekoormuskaitse<\/li>\n<li>Kiire paigaldus<\/li>\n<li>Standardiseeritud komponendid<\/li>\n<\/ul>\n<h3>T\u00e4iustatud seadmete j\u00f5udlus<\/h3>\n<p>LVA13160 h\u00fcdrosilindri vahetust saab kasutada kahjustatud v\u00f5i kulunud silindrite asendamiseks, taastades seadme n\u00f5uetekohase t\u00f6\u00f6 ja j\u00f5udluse erinevates rakendustes.<\/p>\n<h3>T\u00e4iustatud ohutus<\/h3>\n<p>H\u00fcdrauliliste silindrite regulaarne vahetamine aitab v\u00e4hendada silindrite riketest tingitud ohutusriske, tagades operaatorite ja seadmete ohutuse.<\/p>\n<h3>\u00dclekoormuskaitse<\/h3>\n<p>Uute silindrite konstruktsioonides on sageli paremad \u00fclekoormuskaitse mehhanismid, mis suurendavad ohutust.<\/p>\n<h3>Kiire paigaldus<\/h3>\n<p>Kaasaegsed h\u00fcdrosilindrid on konstrueeritud lihtsaks paigaldamiseks ja vahetamiseks, v\u00e4hendades seisakuid.<\/p>\n<h3>Standardiseeritud komponendid<\/h3>\n<p>Paljud h\u00fcdrosilindrid on standardiseeritud tooted, mis lihtsustab varuosade hankimist turult.<\/p>\n<h2>Rakendused<\/h2>\n<p>LVA13160 h\u00fcdrosilindri vahetust saab kasutada erinevates rasketehnika rakendustes.<\/p>\n<ul>\n<li>Ekskavaatorid: Ekskavaatorite hoobades v\u00f5i kopades kasutatavad h\u00fcdrosilindrid v\u00f5ivad vajada v\u00e4ljavahetamist pikaajalise kasutamise v\u00f5i \u00fclekoormuse tagaj\u00e4rjel tekkinud kulumise v\u00f5i kahjustuste t\u00f5ttu.<\/li>\n<li>Kraanad: Kraana t\u00f5stehoobade h\u00fcdraulilised silindrid kuluvad sageli ja ohutuse tagamiseks v\u00f5ib neid vaja minna regulaarselt vahetada.<\/li>\n<li>Traktorid: Traktorite esilaadurite h\u00fcdrosilindrid v\u00f5ivad pideva t\u00f5stmise ja kallutamise ajal lekkida v\u00f5i j\u00f5udlust halvendada ning need tuleb v\u00e4lja vahetada.<\/li>\n<li>Kombainid: Kombainide h\u00fcdraulikas\u00fcsteemid on t\u00f6\u00f6tamise ajal k\u00f5rge r\u00f5hu all ja silindrid v\u00f5ivad v\u00e4simuse t\u00f5ttu kahjustuda, mis n\u00f5uab t\u00f6\u00f6 efektiivsuse s\u00e4ilitamiseks \u00f5igeaegset v\u00e4ljavahetamist.<\/li>\n<li>Automatiseeritud tootmisliinid: H\u00fcdraulilisi silindreid kasutatakse robotk\u00e4te ja muude automatiseerimisseadmete juhtimiseks. Silindri rike v\u00f5ib m\u00f5jutada tootmise efektiivsust ja see tuleb viivitamatult v\u00e4lja vahetada.<\/li>\n<li>Survevalumasinad: k\u00f5rgsurve ja k\u00f5rge temperatuuriga keskkondades v\u00f5ib h\u00fcdrauliliste silindrite j\u00f5udlus halveneda ning regulaarne asendamine aitab tagada toote kvaliteedi.<\/li>\n<li>Kaevandusseadmed: H\u00fcdraulilisi silindreid kasutatakse kaevandusseadmetes raskete esemete t\u00f5stmiseks ja teisaldamiseks. Karmide t\u00f6\u00f6tingimuste t\u00f5ttu on seadmete rikete v\u00e4ltimiseks vajalik regulaarne kontroll ja vahetamine.<\/li>\n<li>Buldooserid: Buldooseri t\u00f5ukehoobade h\u00fcdrauliliste silindrite kulumine v\u00f5ib v\u00e4hendada t\u00f5ukev\u00f5imet ja silindrid tuleb t\u00f6\u00f6 efektiivsuse s\u00e4ilitamiseks \u00f5igeaegselt v\u00e4lja vahetada.<\/li>\n<\/ul>\n<h2>Hooldus<\/h2>\n<p>LVA13160 h\u00fcdrosilindri regulaarne hooldus v\u00f5ib pikendada selle eluiga ja tagada n\u00f5uetekohase t\u00f6\u00f6.<\/p>\n<h3>Kontrollimised<\/h3>\n<p>Regulaarsed kontrollid aitavad probleeme varakult tuvastada ja nendega tegeleda enne, kui need suuremaks muutuvad.<\/p>\n<h3>M\u00e4\u00e4rimine<\/h3>\n<p>Sujuva t\u00f6\u00f6 tagamiseks ja kulumise eest kaitsmiseks on oluline korralik m\u00e4\u00e4rimine. H\u00fcdraulilised silindrid vajavad kahjustuste v\u00e4ltimiseks regulaarset m\u00e4\u00e4rimist.<\/p>\n<h3>Tihendi vahetamine<\/h3>\n<p>Kulunud tihendid v\u00f5ivad p\u00f5hjustada lekkeid, v\u00e4hendades silindri efektiivsust. Nende regulaarne vahetamine aitab seda probleemi v\u00e4ltida.<\/p>\n<h3>Kalibreerimiskontroll<\/h3>\n<p>Regulaarsed kalibreerimiskontrollid aitavad tagada silindri t\u00f6\u00f6tamise etten\u00e4htud vahemikus, tagades seel\u00e4bi n\u00f5uetekohase t\u00f6\u00f6 ja pikaealisuse.<\/p>\n<h2>Ohutus- ja keskkonnakaalutlused<\/h2>\n<p>LVA13160 h\u00fcdrosilindri vahetamisel tuleb olla ettevaatlik, et v\u00e4ltida vigastusi. H\u00fcdrosilindritega t\u00f6\u00f6tamisel tuleb kanda sobivat kaitsevarustust. Silindrid tuleb keskkonnakahjustuste v\u00e4ltimiseks \u00f5igesti utiliseerida.<\/p>\n<h2>Rikete diagnoosimine ja t\u00f5rkeotsing<\/h2>\n<p>LVA13160 h\u00fcdrosilindri vahetamise levinud probleemide hulka kuuluvad lekked, kolvivarda painutamine ja tihendi kahjustused. Kui teil tekib m\u00f5ni neist probleemidest, peaksite j\u00e4rgima neid samme:<\/p>\n<ul>\n<li>L\u00f5petage ballooni kasutamine kohe.<\/li>\n<li>Tuvastage probleemi p\u00f5hjus.<\/li>\n<li>V\u00f5tke probleemi lahendamiseks asjakohaseid meetmeid.<\/li>\n<\/ul>\n<h2>Tootedisain ja valikukriteeriumid<\/h2>\n<p>LVA13160 h\u00fcdrosilindri asendamine kavandati j\u00e4rgmisi tegureid silmas pidades:<\/p>\n<ul>\n<li>Kandev\u00f5ime<\/li>\n<li>Tihendusv\u00f5ime<\/li>\n<li>Vastupidavus<\/li>\n<li>Ohutus<\/li>\n<li>Hooldatavus<\/li>\n<\/ul>\n<h3>Kandev\u00f5ime<\/h3>\n<p>Silinder peab suutma vastu pidada j\u00f5ududele, millega see t\u00f6\u00f6tamise ajal kokku puutub.<\/p>\n<h3>Tihendusv\u00f5ime<\/h3>\n<p>Tihendid peavad taluma kulumist ja lekkeid.<\/p>\n<h3>Vastupidavus<\/h3>\n<p>Silinder peab vastu pidama regulaarsele kasutamisele ja v\u00e4ltima v\u00e4simusest v\u00f5i kulumisest tingitud kahjustusi.<\/p>\n<h3>Ohutus<\/h3>\n<p>Silinder peab olema konstrueeritud ohutust silmas pidades, n\u00e4iteks \u00fclekoormuskaitsemehhanismidega.<\/p>\n<h3>Hooldatavus<\/h3>\n<p>Hooldus ja remont peaksid olema lihtsad ja kulut\u00f5husad, standardiseeritud komponentidega ning h\u00f5lpsa juurdep\u00e4\u00e4suga kontrollimiseks ja vahetamiseks.<\/p>\n<h2>Tihendid ja m\u00e4\u00e4rimine<\/h2>\n<p>LVA13160 h\u00fcdrosilindri asendamisel kasutatakse mitmesuguseid tihendeid, sealhulgas kolvitihendeid ja vardatihendeid. Need tihendid on valmistatud pol\u00fcuretaanist v\u00f5i nitriilkummist ning on loodud taluma kulumist. T\u00f5husa ja sujuva t\u00f6\u00f6 s\u00e4ilitamiseks on vajalik korralik m\u00e4\u00e4rimine h\u00fcdraulika\u00f5liga.<\/p>\n<h2>Paigaldamine ja hooldus<\/h2>\n<p>\u00d5ige paigaldamine on LVA13160 h\u00fcdrosilindri n\u00f5uetekohaseks toimimiseks \u00fclioluline. \u00d5ige joondamine ja sobivate paigaldusklambrite kasutamine tagavad silindri kindla kinnituse. Silindri sujuva ja t\u00f5husa t\u00f6\u00f6 tagamiseks on vajalik regulaarne hooldus, sealhulgas kontrollid, m\u00e4\u00e4rimine, tihendite vahetamine ja kalibreerimise kontrollid.<\/p>\n<h2>Ettev\u00f5tte tutvustus<\/h2>\n<p>Oleme juhtiv h\u00fcdrauliliste silindrite tootja ja hulgim\u00fc\u00fcja, pakkudes laia tootevalikut ja rahvusvahelisi sertifikaate. Meie kohandatud teenused, t\u00e4iustatud tootmisseadmed ja m\u00fc\u00fcgij\u00e4rgne teenindus teevad meist h\u00fcdrauliliste silindrite osas parima valiku.<\/p>\n<h2>Kokkuv\u00f5te<\/h2>\n<p>LVA13160 h\u00fcdrosilindri vahetamine on rasketehnika oluline osa, mis annab seadmete liigutamiseks vajaliku j\u00f5u. N\u00f5uetekohane hooldus ja korrashoid v\u00f5ivad pikendada silindri eluiga ning tagada ohutu ja t\u00f5husa t\u00f6\u00f6.<\/p>\n<p><img decoding=\"async\" src=\"https:\/\/www.hydraulic-cylinders.net\/wp-content\/uploads\/2024\/12\/Replacement-Of-John-Deere-Hydraulic-Cylinder-8.webp\" alt=\"H\u00fcdraulilise silindri pilt\"><\/p>\n<p>Autor: lyl<\/p>","protected":false},"excerpt":{"rendered":"<p>Introduction The Replacement of LVA13160 Hydraulic Cylinder is an essential component used in heavy machinery. It is designed to provide the necessary force to move heavy equipment and is a vital part of any hydraulic system. Specifications and Compatibility The Replacement of LVA13160 Hydraulic Cylinder weighs 13.01 lbs and has a height of 2.8 inches, [&hellip;]<\/p>","protected":false},"featured_media":12312,"comment_status":"open","ping_status":"closed","template":"","meta":{"_et_pb_use_builder":"","_et_pb_old_content":"","_et_gb_content_width":""},"product_brand":[],"product_cat":[1489],"product_tag":[1380,1490,1491],"class_list":{"0":"post-14503","1":"product","2":"type-product","3":"status-publish","4":"has-post-thumbnail","6":"product_cat-replacement-of-john-deere-hydraulic-cylinder","7":"product_tag-hydraulic-cylinder","8":"product_tag-replacement-of-hydraulic-cylinder","9":"product_tag-replacemet-of-john-deere-hydraulic-cylinder","11":"first","12":"instock","13":"shipping-taxable","14":"product-type-simple"},"amp_enabled":true,"_links":{"self":[{"href":"https:\/\/www.hydraulic-cylinders.net\/et\/wp-json\/wp\/v2\/product\/14503","targetHints":{"allow":["GET"]}}],"collection":[{"href":"https:\/\/www.hydraulic-cylinders.net\/et\/wp-json\/wp\/v2\/product"}],"about":[{"href":"https:\/\/www.hydraulic-cylinders.net\/et\/wp-json\/wp\/v2\/types\/product"}],"replies":[{"embeddable":true,"href":"https:\/\/www.hydraulic-cylinders.net\/et\/wp-json\/wp\/v2\/comments?post=14503"}],"wp:featuredmedia":[{"embeddable":true,"href":"https:\/\/www.hydraulic-cylinders.net\/et\/wp-json\/wp\/v2\/media\/12312"}],"wp:attachment":[{"href":"https:\/\/www.hydraulic-cylinders.net\/et\/wp-json\/wp\/v2\/media?parent=14503"}],"wp:term":[{"taxonomy":"product_brand","embeddable":true,"href":"https:\/\/www.hydraulic-cylinders.net\/et\/wp-json\/wp\/v2\/product_brand?post=14503"},{"taxonomy":"product_cat","embeddable":true,"href":"https:\/\/www.hydraulic-cylinders.net\/et\/wp-json\/wp\/v2\/product_cat?post=14503"},{"taxonomy":"product_tag","embeddable":true,"href":"https:\/\/www.hydraulic-cylinders.net\/et\/wp-json\/wp\/v2\/product_tag?post=14503"}],"curies":[{"name":"wp","href":"https:\/\/api.w.org\/{rel}","templated":true}]}}