{"id":1479,"date":"2023-09-26T06:16:33","date_gmt":"2023-09-26T06:16:33","guid":{"rendered":"https:\/\/hydraulic-cylinders.net\/?post_type=product&#038;p=1479"},"modified":"2025-04-11T03:41:35","modified_gmt":"2025-04-11T03:41:35","slug":"small-excavator-bucket-cylinder","status":"publish","type":"product","link":"https:\/\/www.hydraulic-cylinders.net\/et\/toode\/small-excavator-bucket-cylinder\/","title":{"rendered":"V\u00e4ike ekskavaatori kopa silinder"},"content":{"rendered":"<h1 style=\"text-align: center;\"><strong>V\u00e4ike ekskavaatori kopa silinder<\/strong><\/h1>\n<p><img loading=\"lazy\" decoding=\"async\" class=\"aligncenter wp-image-1480\" src=\"https:\/\/hydraulic-cylinders.net\/wp-content\/uploads\/2023\/09\/bucket-cylinder-1-300x300.webp\" alt=\"\" width=\"400\" height=\"400\" \/><\/p>\n<p>V\u00e4ikese ekskavaatori kopa silinder on suure j\u00f5udlusega h\u00fcdrauliline komponent, mis on loodud v\u00e4ikeste ekskavaatorite kaevamis- ja t\u00f5stev\u00f5ime optimeerimiseks. Oma kompaktse suuruse ja vastupidava konstruktsiooniga pakub see silinder erakordset tugevust, t\u00e4psust ja vastupidavust.<\/p>\n<p>V\u00e4ikese ekskavaatori kopa silinder on vastupidav ja usaldusv\u00e4\u00e4rne h\u00fcdraulikakomponent, mis suurendab v\u00e4ikeekskavaatorite efektiivsust ja mitmek\u00fclgsust. Oma kompaktse disaini, suure t\u00f5stev\u00f5ime ja t\u00e4pse juhtimisega v\u00f5imaldab see silinder operaatoritel kiiresti ja t\u00e4pselt lahendada mitmesuguseid kaevet\u00f6id. Soovitatavate kasutusmeetodite ja hooldustavade j\u00e4rgimisega saavad operaatorid tagada v\u00e4ikese ekskavaatori kopa silindri optimaalse j\u00f5udluse ja pikaealisuse, mille tulemuseks on suurem tootlikkus ja ehitus- ja kaevet\u00f6\u00f6de edukas l\u00f5puleviimine. Investeerige sellesse erakordsesse h\u00fcdraulikasilindrisse, et suurendada oma v\u00e4ikeekskavaatori v\u00f5imekust ja saavutada kaevamis- ja t\u00f5stet\u00f6\u00f6del suurep\u00e4raseid tulemusi.<\/p>\n<p>V\u00e4ikese ekskavaatori kopa silindri peamised omadused:<\/p>\n<ol>\n<li>Kompaktne disain ja kerge konstruktsioon<\/li>\n<\/ol>\n<ul>\n<li>V\u00e4ikese ekskavaatori kopa silinder on spetsiaalselt loodud v\u00e4ikeste ekskavaatorite jaoks, tagades ideaalse sobivuse ja optimaalse j\u00f5udluse.<\/li>\n<li>Selle kompaktne disain ja kerge konstruktsioon v\u00e4hendavad ekskavaatori kogukaalu, suurendades man\u00f6\u00f6verdusv\u00f5imet ja k\u00fctusekulu.<\/li>\n<\/ul>\n<ol start=\"2\">\n<li>Suur t\u00f5stev\u00f5ime ja kaevamisj\u00f5ud<\/li>\n<\/ol>\n<ul>\n<li>Vaatamata v\u00e4ikesele suurusele pakub silinder muljetavaldavat t\u00f5stev\u00f5imet ja kaevamisj\u00f5udu, v\u00f5imaldades t\u00f5husat kaevamist ja materjalide k\u00e4itlemist.<\/li>\n<li>See v\u00f5imaldab ekskavaatoril kiiresti ja t\u00e4pselt lahendada mitmesuguseid \u00fclesandeid, alates kraavide kaevamisest kuni prahi koristamiseni.<\/li>\n<\/ul>\n<ol start=\"3\">\n<li>Sujuv t\u00f6\u00f6 ja t\u00e4pne juhtimine<\/li>\n<\/ol>\n<ul>\n<li>Silindri t\u00e4iustatud h\u00fcdros\u00fcsteem tagab sujuva ja t\u00e4pse t\u00f6\u00f6, v\u00f5imaldades kopa t\u00e4pset positsioneerimist t\u00f5husaks kaevamiseks ja laadimiseks.<\/li>\n<li>See pakub suurep\u00e4rast kontrolli ekskavaatori liikumise \u00fcle, v\u00f5imaldades operaatoritel t\u00f6\u00f6tada kitsastes kohtades ja saavutada optimaalseid tulemusi.<\/li>\n<\/ul>\n<ol start=\"4\">\n<li>Tugev konstruktsioon ja vastupidavus<\/li>\n<\/ol>\n<ul>\n<li>V\u00e4ikese ekskavaatori kopa silinder on valmistatud kvaliteetsetest materjalidest ja rangete tootmisstandardite j\u00e4rgi ning on erakordselt tugev ja vastupidav.<\/li>\n<li>See talub n\u00f5udlikke t\u00f6\u00f6tingimusi, sh rasket kaevamist ja sagedast t\u00f6\u00f6tamist, tagades usaldusv\u00e4\u00e4rse j\u00f5udluse pika eluea jooksul.<\/li>\n<\/ul>\n<h2><strong>V\u00e4ikese ekskavaatori kopa silindri parameeter:<\/strong><\/h2>\n<table border=\"1\" cellspacing=\"0\" cellpadding=\"0\">\n<tbody>\n<tr>\n<td>Toote nimi<\/td>\n<td>V\u00e4ike ekskavaatori kopa silinder<\/td>\n<\/tr>\n<tr>\n<td>Omadused:<\/td>\n<td>Kontrolli \u00e4mbri tegevust<\/td>\n<\/tr>\n<tr>\n<td>Ava l\u00e4bim\u00f5\u00f5t:<\/td>\n<td>50 mm\uff5e105 mm<\/td>\n<\/tr>\n<tr>\n<td>Varda l\u00e4bim\u00f5\u00f5t:<\/td>\n<td>25 mm\uff5e70 mm<br \/>\nL\u00f6\u00f6k \u22641000 mm<\/td>\n<\/tr>\n<tr>\n<td>T\u00f5ukej\u00f5ud:<\/td>\n<td>Maksimaalselt 255 kN<\/td>\n<\/tr>\n<tr>\n<td>Ava l\u00e4bim\u00f5\u00f5t:<\/td>\n<td>105 mm\/r\u00f5hk 29,4 MPa<\/td>\n<\/tr>\n<\/tbody>\n<\/table>\n<h2><strong>V\u00e4ikese ekskavaatori kopa silindri identifitseerimisskeem:<\/strong><\/h2>\n<p><img loading=\"lazy\" decoding=\"async\" class=\"alignnone wp-image-1481 size-full\" src=\"https:\/\/hydraulic-cylinders.net\/wp-content\/uploads\/2023\/09\/bucket-cylinder-construction.webp\" alt=\"\" width=\"1481\" height=\"988\" srcset=\"https:\/\/hydraulic-cylinders.net\/wp-content\/uploads\/2023\/09\/bucket-cylinder-construction.webp 1481w, https:\/\/hydraulic-cylinders.net\/wp-content\/uploads\/2023\/09\/bucket-cylinder-construction-1280x854.webp 1280w, https:\/\/hydraulic-cylinders.net\/wp-content\/uploads\/2023\/09\/bucket-cylinder-construction-980x654.webp 980w, https:\/\/hydraulic-cylinders.net\/wp-content\/uploads\/2023\/09\/bucket-cylinder-construction-480x320.webp 480w\" sizes=\"(min-width: 0px) and (max-width: 480px) 480px, (min-width: 481px) and (max-width: 980px) 980px, (min-width: 981px) and (max-width: 1280px) 1280px, (min-width: 1281px) 1481px, 100vw\" \/><\/p>\n<h2><strong>V\u00e4ikese ekskavaatori kopa silindri hooldus:<\/strong><\/h2>\n<ol>\n<li><strong>Regulaarsed kontrollid<\/strong><\/li>\n<\/ol>\n<ul>\n<li>Enne iga t\u00f6\u00f6 tegemist tehke v\u00e4ikese ekskavaatori kopa silindri visuaalne kontroll, et tuvastada lekete, kahjustuste v\u00f5i kulumise m\u00e4rke.<\/li>\n<li>Kontrollige h\u00fcdrauliliste \u00fchenduste, tihendite ja kinnituspunktide tihedust ja terviklikkust.<\/li>\n<li>Kontrollige silindri varrast ja korpust korrosiooni v\u00f5i kriimustuste suhtes.<\/li>\n<\/ul>\n<ol start=\"2\">\n<li><strong>M\u00e4\u00e4rimine ja puhastamine<\/strong><\/li>\n<\/ol>\n<ul>\n<li>J\u00e4rgige tootja soovitusi m\u00e4\u00e4rimisintervallide ja -protseduuride kohta.<\/li>\n<li>H\u00f5\u00f5rdumise minimeerimiseks ja sujuva t\u00f6\u00f6 tagamiseks kandke silindrivardale ja tihenditele sobivaid m\u00e4\u00e4rdeaineid.<\/li>\n<li>Puhastage silindrit ja \u00fcmbritsevaid komponente regulaarselt mustusest, prahist ja saasteainetest, mis m\u00f5jutavad j\u00f5udlust.<\/li>\n<\/ul>\n<ol start=\"3\">\n<li><strong>Vedeliku j\u00e4lgimine<\/strong><\/li>\n<\/ol>\n<ul>\n<li>Kontrollige regulaarselt ekskavaatori h\u00fcdros\u00fcsteemi h\u00fcdraulikavedeliku taset.<\/li>\n<li>S\u00e4ilitage \u00f5ige vedeliku tase ja kvaliteet vastavalt tootja spetsifikatsioonidele.<\/li>\n<li>J\u00e4lgige h\u00fcdraulikas\u00fcsteemi vedeliku saastumise v\u00f5i halvenemise tunnuste suhtes ja tegelege nendega viivitamatult.<\/li>\n<\/ul>\n<ol start=\"4\">\n<li><strong>Professionaalne teenindus<\/strong><\/li>\n<\/ol>\n<ul>\n<li>Planeerige regulaarset hooldust ja remonti kvalifitseeritud tehnikutega.<\/li>\n<li>V\u00e4ikese ekskavaatori kopa silindri remondi-, vahetus- v\u00f5i t\u00f5rkeotsingu vajadusteks p\u00f6\u00f6rduge professionaalse abi poole.<\/li>\n<li>Silindri j\u00f5udluse ja pikaealisuse maksimeerimiseks j\u00e4rgige soovitatud hooldusgraafikut.<\/li>\n<\/ul>\n<h2><strong>Mis suurusega silinder ekskavaatori p\u00f6idla jaoks?<\/strong><\/h2>\n<p>Ekskavaatori p\u00f6idla silindri suurus v\u00f5ib varieeruda s\u00f5ltuvalt ekskavaatori konkreetsetest n\u00f5uetest ja p\u00f6idlakinnituse kavandatud kasutusest. Silindri sobiv suurus m\u00e4\u00e4ratakse tavaliselt selliste tegurite p\u00f5hjal nagu ekskavaatori t\u00f6\u00f6kaal, p\u00f6idla soovitud t\u00f5stev\u00f5ime ja \u00fchilduvus ekskavaatori h\u00fcdros\u00fcsteemiga.<\/p>\n<p>Ekskavaatori p\u00f6idla jaoks sobiva silindri suuruse m\u00e4\u00e4ramiseks on soovitatav konsulteerida p\u00f6idlakinnituse tootja v\u00f5i tarnijaga. Nad saavad anda juhiseid ekskavaatori spetsifikatsioonide ja p\u00f6idla kavandatud rakenduse p\u00f5hjal.<\/p>\n<p>Tasub m\u00e4rkida, et ekskavaatori p\u00f6idlad on saadaval erinevates suurustes ja konfiguratsioonides, et need sobiksid erinevate ekskavaatorimudelite ja suurustega. P\u00f6idla kinnitus koosneb tavaliselt kesksest konstruktsioonist v\u00f5i raamist, mis kinnitub ekskavaatori poomile, ja h\u00fcdraulilisest silindrist, mis tagab haarde- v\u00f5i kinnitusfunktsiooni. Silindri suurus tuleks valida nii, et see oleks p\u00f6idla kinnitusega \u00fchilduv ja pakuks kavandatud \u00fclesannete jaoks vajalikku haardej\u00f5udu.<\/p>\n<p>Ekskavaatori p\u00f6idla silindri suuruse valimisel on oluline leida tasakaal piisava t\u00f5stev\u00f5ime ja ekskavaatori h\u00fcdros\u00fcsteemi piisava toetamise vahel p\u00f6idla t\u00f6\u00f6s. Silindri \u00fclem\u00f5\u00f5tmine v\u00f5ib ekskavaatori h\u00fcdros\u00fcsteemi \u00fcle koormata, alam\u00f5\u00f5tmine aga aga piirata t\u00f5stev\u00f5imet ja v\u00e4hendada j\u00f5udlust.<\/p>\n<p>Kokkuv\u00f5ttes tuleks ekskavaatori p\u00f6idla silindri suurus m\u00e4\u00e4rata selliste tegurite p\u00f5hjal nagu ekskavaatori t\u00f6\u00f6kaal, soovitud t\u00f5stev\u00f5ime ning p\u00f6idlakinnituse ja h\u00fcdros\u00fcsteemi \u00fchilduvus. \u00d5ige suuruse ja optimaalse j\u00f5udluse tagamiseks on soovitatav konsulteerida p\u00f6idlakinnituse tootja v\u00f5i tarnijaga.<\/p>\n<h2><strong>Tehase v\u00f5imekus ja suutlikkus:<\/strong><\/h2>\n<h3>(1) Kokkupanek<\/h3>\n<p>Meil on esmaklassiline s\u00f5ltumatu teadus- ja arendustegevuse montaa\u017eiplatvorm. H\u00fcdrosilindrite tootmist\u00f6\u00f6kojas on neli poolautomaatset t\u00f5stesilindrite koosteliini ja \u00fcks automaatne kallutussilindrite koosteliin, mille kavandatud aastane tootmisv\u00f5imsus on 1 miljon t\u00fckki. Spetsiaalsete silindrite t\u00f6\u00f6koda on varustatud erinevate spetsifikatsioonidega poolautomaatse puhastusmontaa\u017eis\u00fcsteemiga, mille kavandatud aastane tootmisv\u00f5imsus on 200 000 ja mis on varustatud kuulsate CNC-t\u00f6\u00f6tlemisseadmete, mehaanilise t\u00f6\u00f6tlemise keskuse, suure t\u00e4psusega silindrite t\u00f6\u00f6tlemise eriseadmete, robotkeevitusmasina, automaatse puhastusmasina, automaatse silindri kokkupanemise masina ja automaatse v\u00e4rvimise tootmisliiniga. Olemasolevad kriitilised seadmed rohkem kui 300 komplekti (komplekti). Seadmete ressursside optimaalne jaotamine ja t\u00f5hus kasutamine tagavad toodete t\u00e4psusn\u00f5uded ja vastavad toodete kvaliteedin\u00f5uetele.<\/p>\n<p><img loading=\"lazy\" decoding=\"async\" class=\"alignnone wp-image-626\" src=\"https:\/\/hydraulic-cylinders.net\/wp-content\/uploads\/2023\/08\/hydraulic-cylinder-product-1-300x158.webp\" alt=\"\" width=\"495\" height=\"260\" srcset=\"https:\/\/hydraulic-cylinders.net\/wp-content\/uploads\/2023\/08\/hydraulic-cylinder-product-1-300x158.webp 495w, https:\/\/hydraulic-cylinders.net\/wp-content\/uploads\/2023\/08\/hydraulic-cylinder-product-1-480x252.webp 480w\" sizes=\"(min-width: 0px) and (max-width: 480px) 480px, (min-width: 481px) 495px, 100vw\" \/> <img loading=\"lazy\" decoding=\"async\" class=\"alignnone wp-image-627\" src=\"https:\/\/hydraulic-cylinders.net\/wp-content\/uploads\/2023\/08\/hydraulic-cylinder-product-2-300x189.webp\" alt=\"\" width=\"413\" height=\"260\" \/><\/p>\n<h3>(2) T\u00f6\u00f6tlemine<\/h3>\n<p>T\u00f6\u00f6deldav t\u00f6\u00f6koda on varustatud kohandatud kallutatud r\u00f6\u00f6pse treipingi keskuse, mehaanilise keskuse, kiire lihvimismasina, keevitusroboti ja muude seotud seadmetega, mis suudavad t\u00f6\u00f6delda silindritorusid, mille maksimaalne sisel\u00e4bim\u00f5\u00f5t on 400 mm ja maksimaalne pikkus on 6 meetrit.<\/p>\n<p><img loading=\"lazy\" decoding=\"async\" class=\"alignnone wp-image-628 size-large\" src=\"https:\/\/hydraulic-cylinders.net\/wp-content\/uploads\/2023\/08\/hydraulic-cylinder-product-3-1024x391.webp\" alt=\"\" width=\"1024\" height=\"391\" srcset=\"https:\/\/hydraulic-cylinders.net\/wp-content\/uploads\/2023\/08\/hydraulic-cylinder-product-3-980x374.webp 980w, https:\/\/hydraulic-cylinders.net\/wp-content\/uploads\/2023\/08\/hydraulic-cylinder-product-3-480x183.webp 480w\" sizes=\"(min-width: 0px) and (max-width: 480px) 480px, (min-width: 481px) and (max-width: 980px) 980px, (min-width: 981px) 1024px, 100vw\" \/><\/p>\n<h3>(3) Keevitamine<\/h3>\n<p><img loading=\"lazy\" decoding=\"async\" class=\"alignnone wp-image-629 size-large\" src=\"https:\/\/hydraulic-cylinders.net\/wp-content\/uploads\/2023\/08\/hydraulic-cylinder-product-4-1024x510.webp\" alt=\"\" width=\"1024\" height=\"510\" srcset=\"https:\/\/hydraulic-cylinders.net\/wp-content\/uploads\/2023\/08\/hydraulic-cylinder-product-4-980x488.webp 980w, https:\/\/hydraulic-cylinders.net\/wp-content\/uploads\/2023\/08\/hydraulic-cylinder-product-4-480x239.webp 480w\" sizes=\"(min-width: 0px) and (max-width: 480px) 480px, (min-width: 481px) and (max-width: 980px) 980px, (min-width: 981px) 1024px, 100vw\" \/><\/p>\n<h3>(4) V\u00e4rvimine ja katmine<\/h3>\n<p>V\u00e4ikese ja keskmise suurusega silindri automaatse veep\u00f5hise v\u00e4rvipinnakattega liinide abil, et saavutada automaatne robotlaadimine ja mahalaadimine ning automaatne pihustamine, projekteerimisv\u00f5imsus 4000 t\u00fckki vahetuse kohta;<br \/>\nMeil on ka poolautomaatne suurte balloonide v\u00e4rvimise tootmisliin, mis t\u00f6\u00f6tab j\u00f5ukettaga ja mille projekteerimisv\u00f5imsus on 60 kasti \u00fche vahetuse kohta.<\/p>\n<p><img loading=\"lazy\" decoding=\"async\" class=\"alignnone wp-image-630\" src=\"https:\/\/hydraulic-cylinders.net\/wp-content\/uploads\/2023\/08\/hydraulic-cylinder-product-5-300x213.webp\" alt=\"\" width=\"366\" height=\"260\" \/> <img loading=\"lazy\" decoding=\"async\" class=\"alignnone wp-image-631\" src=\"https:\/\/hydraulic-cylinders.net\/wp-content\/uploads\/2023\/08\/hydraulic-cylinder-product-6-300x225.webp\" alt=\"\" width=\"347\" height=\"260\" \/><\/p>\n<h3>(5) Testimine<\/h3>\n<p>Meil on esmaklassilised kontrolliseadmed ja katsestendid, et tagada silindri j\u00f5udlus vastavus n\u00f5uetele.<\/p>\n<p><img loading=\"lazy\" decoding=\"async\" class=\"alignnone wp-image-632\" src=\"https:\/\/hydraulic-cylinders.net\/wp-content\/uploads\/2023\/08\/hydraulic-cylinder-product-8-300x200.webp\" alt=\"\" width=\"389\" height=\"260\" \/><\/p>\n<p>&nbsp;<\/p>\n<p>&nbsp;<\/p>\n<p>Oleme \u00fcks parimaid h\u00fcdrosilindrite tootjaid. Pakume laia valikut h\u00fcdrosilindreid. Pakume ka vastavaid... <a href=\"https:\/\/hzpt.com\/agricultural-pto-gearbox\/\" target=\"_blank\" rel=\"noopener\">p\u00f5llumajanduslikud k\u00e4igukastid<\/a>. Oleme eksportinud oma tooteid klientidele \u00fcle maailma ja teeninud hea maine t\u00e4nu meie suurep\u00e4rasele tootekvaliteedile ja m\u00fc\u00fcgij\u00e4rgsele teenindusele. Me tervitame kliente kodus ja v\u00e4lismaal, et v\u00f5tta meiega \u00fchendust, et pidada l\u00e4bir\u00e4\u00e4kimisi \u00e4ri, vahetada teavet ja <a href=\"https:\/\/www.hydraulic-cylinders.net\/et\/contact-us\/\">teha meiega koost\u00f6\u00f6d<\/a>!<\/p>","protected":false},"excerpt":{"rendered":"<p>Small Excavator Bucket Cylinder The small excavator bucket cylinder is a high-performance hydraulic component designed to optimize small excavators&#8217; digging and lifting capabilities. With its compact size and robust construction, this cylinder offers exceptional strength, precision, and durability. The small excavator bucket cylinder is a robust and reliable hydraulic component that enhances the efficiency and [&hellip;]<\/p>","protected":false},"featured_media":1482,"comment_status":"open","ping_status":"closed","template":"","meta":{"_et_pb_use_builder":"","_et_pb_old_content":"","_et_gb_content_width":""},"product_brand":[],"product_cat":[1550,1503,1376],"product_tag":[1380],"class_list":{"0":"post-1479","1":"product","2":"type-product","3":"status-publish","4":"has-post-thumbnail","6":"product_cat-double-acting-hydraulic-cylinder","7":"product_cat-excavator-hydraulic-cylinders","8":"product_cat-hydraulic-cylinder","9":"product_tag-hydraulic-cylinder","11":"first","12":"instock","13":"shipping-taxable","14":"product-type-simple"},"amp_enabled":true,"_links":{"self":[{"href":"https:\/\/www.hydraulic-cylinders.net\/et\/wp-json\/wp\/v2\/product\/1479","targetHints":{"allow":["GET"]}}],"collection":[{"href":"https:\/\/www.hydraulic-cylinders.net\/et\/wp-json\/wp\/v2\/product"}],"about":[{"href":"https:\/\/www.hydraulic-cylinders.net\/et\/wp-json\/wp\/v2\/types\/product"}],"replies":[{"embeddable":true,"href":"https:\/\/www.hydraulic-cylinders.net\/et\/wp-json\/wp\/v2\/comments?post=1479"}],"wp:featuredmedia":[{"embeddable":true,"href":"https:\/\/www.hydraulic-cylinders.net\/et\/wp-json\/wp\/v2\/media\/1482"}],"wp:attachment":[{"href":"https:\/\/www.hydraulic-cylinders.net\/et\/wp-json\/wp\/v2\/media?parent=1479"}],"wp:term":[{"taxonomy":"product_brand","embeddable":true,"href":"https:\/\/www.hydraulic-cylinders.net\/et\/wp-json\/wp\/v2\/product_brand?post=1479"},{"taxonomy":"product_cat","embeddable":true,"href":"https:\/\/www.hydraulic-cylinders.net\/et\/wp-json\/wp\/v2\/product_cat?post=1479"},{"taxonomy":"product_tag","embeddable":true,"href":"https:\/\/www.hydraulic-cylinders.net\/et\/wp-json\/wp\/v2\/product_tag?post=1479"}],"curies":[{"name":"wp","href":"https:\/\/api.w.org\/{rel}","templated":true}]}}