{"id":1483,"date":"2023-09-26T06:49:38","date_gmt":"2023-09-26T06:49:38","guid":{"rendered":"https:\/\/hydraulic-cylinders.net\/?post_type=product&#038;p=1483"},"modified":"2025-04-11T03:41:32","modified_gmt":"2025-04-11T03:41:32","slug":"small-excavator-boom-cylinder","status":"publish","type":"product","link":"https:\/\/www.hydraulic-cylinders.net\/et\/toode\/small-excavator-boom-cylinder\/","title":{"rendered":"V\u00e4ike ekskavaatori poomi silinder"},"content":{"rendered":"<h1 style=\"text-align: center;\"><strong>V\u00e4ike ekskavaatori poomi silinder<\/strong><\/h1>\n<p><img loading=\"lazy\" decoding=\"async\" class=\"aligncenter wp-image-1484\" src=\"https:\/\/hydraulic-cylinders.net\/wp-content\/uploads\/2023\/09\/boom-cylinder-1-300x300.webp\" alt=\"\" width=\"400\" height=\"400\" \/><\/p>\n<p>V\u00e4ikese ekskavaatori poomi silinder on v\u00f5imas h\u00fcdrauliline komponent, mis optimeerib v\u00e4ikeste ekskavaatorite t\u00f5ste- ja ulatusv\u00f5imet. See silinder on spetsiaalselt loodud pakkuma erakordset tugevust, vastupidavust ja t\u00e4psust kompaktsetes ehitusmasinates.<\/p>\n<p>V\u00e4ikese ekskavaatori noole silinder on oluline h\u00fcdrauliline komponent, mis suurendab v\u00e4ikeekskavaatorite efektiivsust ja j\u00f5udlust. Oma kompaktse disaini, suure t\u00f5stev\u00f5ime ja t\u00e4pse juhtimisega annab see silinder operaatoritele v\u00f5imaluse mitmesuguseid kaevet\u00f6id h\u00f5lpsalt ja t\u00e4pselt lahendada. Soovitatavate kasutusmeetodite ja hooldustavade j\u00e4rgimisega saavad operaatorid tagada v\u00e4ikese ekskavaatori noole silindri optimaalse j\u00f5udluse ja pikaealisuse, mille tulemuseks on suurem tootlikkus ja ehitus- ja kaevet\u00f6\u00f6de edukas l\u00f5puleviimine. Investeerige sellesse erakordsesse h\u00fcdraulilisse silindrisse, et suurendada oma v\u00e4ikeekskavaatori v\u00f5imekust ja saavutada t\u00f5ste- ja ulatust\u00f6\u00f6del suurep\u00e4raseid tulemusi.<\/p>\n<p>V\u00e4ikese ekskavaatori poomi silindri peamised omadused:<\/p>\n<ol>\n<li>Kompaktne disain ja vastupidav konstruktsioon<\/li>\n<\/ol>\n<ul>\n<li>V\u00e4ikese ekskavaatori poomi silinder on spetsiaalselt loodud v\u00e4ikeste ekskavaatorite jaoks, tagades ideaalse sobivuse ja optimaalse j\u00f5udluse.<\/li>\n<li>Selle kompaktne disain ja vastupidav konstruktsioon v\u00f5imaldavad tal vastu pidada karmidele t\u00f6\u00f6tingimustele, pakkudes pikaajalist vastupidavust.<\/li>\n<\/ul>\n<ol start=\"2\">\n<li>Suur t\u00f5stev\u00f5ime ja ulatus<\/li>\n<\/ol>\n<ul>\n<li>Vaatamata v\u00e4ikesele suurusele pakub silinder muljetavaldavat t\u00f5stev\u00f5imet ja ulatust, v\u00f5imaldades t\u00f5husat materjalik\u00e4itlust ja kaevamist\u00f6id.<\/li>\n<li>See annab vajaliku v\u00f5imsuse ja ulatuse kitsastes kohtades man\u00f6\u00f6verdamiseks ja raskesti ligip\u00e4\u00e4setavatele aladele p\u00e4\u00e4semiseks.<\/li>\n<\/ul>\n<ol start=\"3\">\n<li>T\u00e4pne juhtimine ja sujuv t\u00f6\u00f6<\/li>\n<\/ol>\n<ul>\n<li>Silindri t\u00e4iustatud h\u00fcdros\u00fcsteem tagab t\u00e4pse juhtimise ja sujuva t\u00f6\u00f6, v\u00f5imaldades operaatoritel \u00fclesandeid t\u00e4pselt ja t\u00f5husalt t\u00e4ita.<\/li>\n<li>See pakub suurep\u00e4rast reageerimisv\u00f5imet ja man\u00f6\u00f6verdusv\u00f5imet, h\u00f5lbustades t\u00e4pset positsioneerimist ja suurendades tootlikkust t\u00f6\u00f6kohal.<\/li>\n<\/ul>\n<ol start=\"4\">\n<li>Usaldusv\u00e4\u00e4rne j\u00f5udlus ja ohutus<\/li>\n<\/ol>\n<ul>\n<li>Kvaliteetsetest materjalidest ja rangete tootmisstandardite j\u00e4rgi valmistatud v\u00e4ikese ekskavaatori poomi silinder pakub usaldusv\u00e4\u00e4rset j\u00f5udlust n\u00f5udlikes keskkondades.<\/li>\n<li>See sisaldab ohutusfunktsioone, mis hoiavad \u00e4ra j\u00e4rske kukkumisi v\u00f5i ootamatuid liikumisi, tagades operaatori ja seadmete ohutuse t\u00f6\u00f6tamise ajal.<\/li>\n<\/ul>\n<h2><strong>V\u00e4ikese ekskavaatori poomi silindri parameeter:<\/strong><\/h2>\n<table border=\"1\" cellspacing=\"0\" cellpadding=\"0\">\n<tbody>\n<tr>\n<td>Toote nimi<\/td>\n<td>V\u00e4ike ekskavaatori poomi silinder<\/td>\n<\/tr>\n<tr>\n<td>Omadused:<\/td>\n<td>Kontrolli suure k\u00e4e t\u00f5steliigutust<\/td>\n<\/tr>\n<tr>\n<td>Ava l\u00e4bim\u00f5\u00f5t:<\/td>\n<td>50 mm\uff5e125 mm<\/td>\n<\/tr>\n<tr>\n<td>Varda l\u00e4bim\u00f5\u00f5t:<\/td>\n<td>25 mm\uff5e75 mm<br \/>\nL\u00f6\u00f6k \u22641000 mm<\/td>\n<\/tr>\n<tr>\n<td>T\u00f5ukej\u00f5ud:<\/td>\n<td>Maksimaalne v\u00f5imsus 361 kN<\/td>\n<\/tr>\n<tr>\n<td>Ava l\u00e4bim\u00f5\u00f5t:<\/td>\n<td>125 mm \/ r\u00f5hk 29,4 MPa<\/td>\n<\/tr>\n<\/tbody>\n<\/table>\n<h2><strong>V\u00e4ikese ekskavaatori poomi silindri identifitseerimisskeem:<\/strong><\/h2>\n<p><img loading=\"lazy\" decoding=\"async\" class=\"alignnone wp-image-1486 size-full\" src=\"https:\/\/hydraulic-cylinders.net\/wp-content\/uploads\/2023\/09\/boom-cylinder-construction.webp\" alt=\"\" width=\"1481\" height=\"988\" srcset=\"https:\/\/hydraulic-cylinders.net\/wp-content\/uploads\/2023\/09\/boom-cylinder-construction.webp 1481w, https:\/\/hydraulic-cylinders.net\/wp-content\/uploads\/2023\/09\/boom-cylinder-construction-1280x854.webp 1280w, https:\/\/hydraulic-cylinders.net\/wp-content\/uploads\/2023\/09\/boom-cylinder-construction-980x654.webp 980w, https:\/\/hydraulic-cylinders.net\/wp-content\/uploads\/2023\/09\/boom-cylinder-construction-480x320.webp 480w\" sizes=\"(min-width: 0px) and (max-width: 480px) 480px, (min-width: 481px) and (max-width: 980px) 980px, (min-width: 981px) and (max-width: 1280px) 1280px, (min-width: 1281px) 1481px, 100vw\" \/><\/p>\n<h2><strong>V\u00e4ikese ekskavaatori poomi silindri kasutusmeetod:<\/strong><\/h2>\n<ol>\n<li>Paigaldamine ja integreerimine<\/li>\n<\/ol>\n<ul>\n<li>V\u00e4ikese ekskavaatori poomi silindri \u00f5igeks paigaldamiseks lugege tootja juhiseid.<\/li>\n<li>Tagage \u00fchilduvus ja kindel kinnitus ekskavaatori noolekomplekti k\u00fclge.<\/li>\n<li>J\u00e4rgige soovitatud p\u00f6\u00f6rdemomendi spetsifikatsioone ja kasutage sobivaid kinnitusvahendeid.<\/li>\n<\/ul>\n<ol start=\"2\">\n<li>Operatiivsed kaalutlused<\/li>\n<\/ol>\n<ul>\n<li>Tutvuge ekskavaatori juhtseadmete ja t\u00f6\u00f6p\u00f5him\u00f5tte, sh poomi silindriga.<\/li>\n<li>Enne tegeliku t\u00f6\u00f6 alustamist harjutage ekskavaatori ja noole silindri juhtimist kontrollitud keskkonnas.<\/li>\n<li>J\u00e4rgige ohutusjuhiseid, t\u00f6\u00f6tage ekskavaatori koormuse piires ja \u00fcletage koormuspiiranguid, et v\u00e4ltida \u00f5nnetusi ja seadmete kahjustusi.<\/li>\n<\/ul>\n<ol start=\"3\">\n<li>T\u00f5husad t\u00f5stmis- ja sirutamistehnikad<\/li>\n<\/ol>\n<ul>\n<li>Kasutage v\u00e4ikese ekskavaatori poomi silindri t\u00e4pset juhtimist t\u00f5stmis- ja sirutamistehnikate optimeerimiseks.<\/li>\n<li>Poomi t\u00f5stmisel v\u00f5i pikendamisel hoidke stabiilset asendit, v\u00e4ltides \u00e4kilisi v\u00f5i t\u00f5mblevaid liigutusi, mis v\u00f5ivad silindrit pingutada.<\/li>\n<li>Tagage koorma \u00f5ige positsioneerimine ja s\u00e4ilitage tasakaal materjali ohutuks ja t\u00f5husaks k\u00e4sitsemiseks.<\/li>\n<\/ul>\n<h2><strong>Kuidas eemaldada ekskavaatorist h\u00fcdrosilindrit?<\/strong><\/h2>\n<p>H\u00fcdrosilindri eemaldamine ekskavaatorilt n\u00f5uab hoolikat t\u00e4helepanu ja \u00f5igete protseduuride j\u00e4rgimist, et tagada ohutus ja v\u00e4ltida seadmete kahjustamist. Siin on \u00fcldised sammud, mis aitavad teil protsessi l\u00e4bida:<\/p>\n<ol>\n<li><strong>Ettevalmistus:<\/strong><\/li>\n<\/ol>\n<ul>\n<li>Veenduge, et ekskavaator on v\u00e4lja l\u00fclitatud ja pargitud tasasele pinnale.<\/li>\n<li>L\u00fclitage turvalukk sisse ja kinnitage poom ja \u00f5lg stabiilsesse asendisse.<\/li>\n<li>Kandke sobivaid isikukaitsevahendeid, n\u00e4iteks kindaid ja kaitseprille.<\/li>\n<\/ul>\n<ol start=\"2\">\n<li><strong>Tuvastage silinder:<\/strong><\/li>\n<\/ol>\n<ul>\n<li>Leidke h\u00fcdrosilinder, mida soovite eemaldada. See v\u00f5ib olla kinnitatud poomi, k\u00e4e v\u00f5i muude ekskavaatori komponentide k\u00fclge.<\/li>\n<\/ul>\n<ol start=\"3\">\n<li><strong>H\u00fcdraulilise r\u00f5hu alandamine:<\/strong><\/li>\n<\/ol>\n<ul>\n<li>Enne h\u00fcdraulikavoolikute v\u00f5i liitmike lahti\u00fchendamist on oluline s\u00fcsteemist r\u00f5hk vabastada, et v\u00e4ltida j\u00e4rske liigutusi v\u00f5i vedeliku pritsimist.<\/li>\n<li>Alustage ekskavaatori mudeli r\u00f5huvabastusklapi v\u00f5i r\u00f5huvabastusprotseduuri leidmisest.<\/li>\n<li>H\u00fcdraulikas\u00fcsteemi n\u00f5uetekohaseks r\u00f5hu alandamiseks j\u00e4rgige tootja juhiseid.<\/li>\n<\/ul>\n<ol start=\"4\">\n<li><strong>H\u00fcdrauliliste voolikute lahti\u00fchendamine:<\/strong><\/li>\n<\/ol>\n<ul>\n<li>Tuvastage silindriga \u00fchendatud h\u00fcdraulikavoolikud. Need voolikud transpordivad h\u00fcdraulilist vedelikku silindrisse ja sealt v\u00e4lja.<\/li>\n<li>H\u00fcdraulikavoolikute silindrist lahti\u00fchendamiseks ja lahti\u00fchendamiseks kasutage sobivaid mutriv\u00f5tmeid v\u00f5i liitmikke.<\/li>\n<li>Asetage lahti\u00fchendatud voolikute alla anum v\u00f5i imav materjal j\u00e4relej\u00e4\u00e4nud h\u00fcdraulikavedeliku kogumiseks.<\/li>\n<\/ul>\n<ol start=\"5\">\n<li><strong>Eemaldage kinnitusdetailid:<\/strong><\/li>\n<\/ol>\n<ul>\n<li>Leidke silindri kinnituspunktid. Need v\u00f5ivad olla poldid v\u00f5i tihvtid, mis kinnitavad silindrit ekskavaatori konstruktsiooni k\u00fclge.<\/li>\n<li>Kasutage kinnitusdetailide eemaldamiseks sobivaid t\u00f6\u00f6riistu, olenevalt konkreetsest konstruktsioonist.<\/li>\n<li>Eemaldamise ajal veenduge, et silinder oleks korralikult toestatud, et see ei kukuks ega kahjustuks.<\/li>\n<\/ul>\n<ol start=\"6\">\n<li><strong>Silindri eemaldamine:<\/strong><\/li>\n<\/ol>\n<ul>\n<li>Libistage v\u00f5i liigutage silindrit ettevaatlikult paigaldusasendist v\u00e4lja. Kui see on tihedalt paigaldatud, peate seda v\u00f5ib-olla \u00f5rnalt kummivasaraga koputama v\u00f5i abi saamiseks kasutama h\u00fcdraulilist silindri t\u00f5mmitsat.<\/li>\n<li>Veenduge, et silindri eemaldamist ei takistaks \u00fckski teine \u200b\u200bkomponent ega konstruktsioon.<\/li>\n<\/ul>\n<ol start=\"7\">\n<li><strong>Kontroll ja hooldus:<\/strong><\/li>\n<\/ol>\n<ul>\n<li>Kui silinder on eemaldatud, kontrollige seda kahjustuste, lekete v\u00f5i kulumise tunnuste suhtes.<\/li>\n<li>Puhastage silinder ja kontrollige varrast, tihendeid ja muid komponente korrosiooni, kriimustuste v\u00f5i liigse kulumise tunnuste suhtes.<\/li>\n<li>Enne silindri tagasipaigaldamist tehke k\u00f5ik vajalikud hooldus- v\u00f5i remondit\u00f6\u00f6d.<\/li>\n<\/ul>\n<ol start=\"8\">\n<li><strong>Taaspaigaldus v\u00f5i asendamine:<\/strong><\/li>\n<\/ol>\n<ul>\n<li>H\u00fcdrosilindri tagasipaigaldamiseks toimige eemaldamisprotsessile vastupidises j\u00e4rjekorras, tagades \u00f5ige joonduse ja p\u00f6\u00f6rdemomendi spetsifikatsioonid.<\/li>\n<li>Kui ballooni vahetatakse, paigaldage uus ballon ettevaatlikult vastavalt tootja juhistele ja suunistele.<\/li>\n<\/ul>\n<h2><strong>Tehase v\u00f5imekus ja suutlikkus:<\/strong><\/h2>\n<h3>(1) Kokkupanek<\/h3>\n<p>Meil on esmaklassiline s\u00f5ltumatu teadus- ja arendustegevuse montaa\u017eiplatvorm. H\u00fcdrosilindrite tootmist\u00f6\u00f6kojas on neli poolautomaatset t\u00f5stesilindrite koosteliini ja \u00fcks automaatne kallutussilindrite koosteliin, mille kavandatud aastane tootmisv\u00f5imsus on 1 miljon t\u00fckki. Spetsiaalsete silindrite t\u00f6\u00f6koda on varustatud erinevate spetsifikatsioonidega poolautomaatse puhastusmontaa\u017eis\u00fcsteemiga, mille kavandatud aastane tootmisv\u00f5imsus on 200 000 ja mis on varustatud kuulsate CNC-t\u00f6\u00f6tlemisseadmete, mehaanilise t\u00f6\u00f6tlemise keskuse, suure t\u00e4psusega silindrite t\u00f6\u00f6tlemise eriseadmete, robotkeevitusmasina, automaatse puhastusmasina, automaatse silindri kokkupanemise masina ja automaatse v\u00e4rvimise tootmisliiniga. Olemasolevad kriitilised seadmed rohkem kui 300 komplekti (komplekti). Seadmete ressursside optimaalne jaotamine ja t\u00f5hus kasutamine tagavad toodete t\u00e4psusn\u00f5uded ja vastavad toodete kvaliteedin\u00f5uetele.<\/p>\n<p><img loading=\"lazy\" decoding=\"async\" class=\"alignnone wp-image-626\" src=\"https:\/\/hydraulic-cylinders.net\/wp-content\/uploads\/2023\/08\/hydraulic-cylinder-product-1-300x158.webp\" alt=\"\" width=\"495\" height=\"260\" srcset=\"https:\/\/hydraulic-cylinders.net\/wp-content\/uploads\/2023\/08\/hydraulic-cylinder-product-1-300x158.webp 495w, https:\/\/hydraulic-cylinders.net\/wp-content\/uploads\/2023\/08\/hydraulic-cylinder-product-1-480x252.webp 480w\" sizes=\"(min-width: 0px) and (max-width: 480px) 480px, (min-width: 481px) 495px, 100vw\" \/> <img loading=\"lazy\" decoding=\"async\" class=\"alignnone wp-image-627\" src=\"https:\/\/hydraulic-cylinders.net\/wp-content\/uploads\/2023\/08\/hydraulic-cylinder-product-2-300x189.webp\" alt=\"\" width=\"413\" height=\"260\" \/><\/p>\n<h3>(2) T\u00f6\u00f6tlemine<\/h3>\n<p>T\u00f6\u00f6deldav t\u00f6\u00f6koda on varustatud kohandatud kallutatud r\u00f6\u00f6pse treipingi keskuse, mehaanilise keskuse, kiire lihvimismasina, keevitusroboti ja muude seotud seadmetega, mis suudavad t\u00f6\u00f6delda silindritorusid, mille maksimaalne sisel\u00e4bim\u00f5\u00f5t on 400 mm ja maksimaalne pikkus on 6 meetrit.<\/p>\n<p><img loading=\"lazy\" decoding=\"async\" class=\"alignnone wp-image-628 size-large\" src=\"https:\/\/hydraulic-cylinders.net\/wp-content\/uploads\/2023\/08\/hydraulic-cylinder-product-3-1024x391.webp\" alt=\"\" width=\"1024\" height=\"391\" srcset=\"https:\/\/hydraulic-cylinders.net\/wp-content\/uploads\/2023\/08\/hydraulic-cylinder-product-3-980x374.webp 980w, https:\/\/hydraulic-cylinders.net\/wp-content\/uploads\/2023\/08\/hydraulic-cylinder-product-3-480x183.webp 480w\" sizes=\"(min-width: 0px) and (max-width: 480px) 480px, (min-width: 481px) and (max-width: 980px) 980px, (min-width: 981px) 1024px, 100vw\" \/><\/p>\n<h3>(3) Keevitamine<\/h3>\n<p><img loading=\"lazy\" decoding=\"async\" class=\"alignnone wp-image-629 size-large\" src=\"https:\/\/hydraulic-cylinders.net\/wp-content\/uploads\/2023\/08\/hydraulic-cylinder-product-4-1024x510.webp\" alt=\"\" width=\"1024\" height=\"510\" srcset=\"https:\/\/hydraulic-cylinders.net\/wp-content\/uploads\/2023\/08\/hydraulic-cylinder-product-4-980x488.webp 980w, https:\/\/hydraulic-cylinders.net\/wp-content\/uploads\/2023\/08\/hydraulic-cylinder-product-4-480x239.webp 480w\" sizes=\"(min-width: 0px) and (max-width: 480px) 480px, (min-width: 481px) and (max-width: 980px) 980px, (min-width: 981px) 1024px, 100vw\" \/><\/p>\n<h3>(4) V\u00e4rvimine ja katmine<\/h3>\n<p>V\u00e4ikese ja keskmise suurusega silindri automaatse veep\u00f5hise v\u00e4rvipinnakattega liinide abil, et saavutada automaatne robotlaadimine ja mahalaadimine ning automaatne pihustamine, projekteerimisv\u00f5imsus 4000 t\u00fckki vahetuse kohta;<br \/>\nMeil on ka poolautomaatne suurte balloonide v\u00e4rvimise tootmisliin, mis t\u00f6\u00f6tab j\u00f5ukettaga ja mille projekteerimisv\u00f5imsus on 60 kasti \u00fche vahetuse kohta.<\/p>\n<p><img loading=\"lazy\" decoding=\"async\" class=\"alignnone wp-image-630\" src=\"https:\/\/hydraulic-cylinders.net\/wp-content\/uploads\/2023\/08\/hydraulic-cylinder-product-5-300x213.webp\" alt=\"\" width=\"366\" height=\"260\" \/> <img loading=\"lazy\" decoding=\"async\" class=\"alignnone wp-image-631\" src=\"https:\/\/hydraulic-cylinders.net\/wp-content\/uploads\/2023\/08\/hydraulic-cylinder-product-6-300x225.webp\" alt=\"\" width=\"347\" height=\"260\" \/><\/p>\n<h3>(5) Testimine<\/h3>\n<p>Meil on esmaklassilised kontrolliseadmed ja katsestendid, et tagada silindri j\u00f5udlus vastavus n\u00f5uetele.<\/p>\n<p><img loading=\"lazy\" decoding=\"async\" class=\"alignnone wp-image-632\" src=\"https:\/\/hydraulic-cylinders.net\/wp-content\/uploads\/2023\/08\/hydraulic-cylinder-product-8-300x200.webp\" alt=\"\" width=\"389\" height=\"260\" \/><\/p>\n<p>&nbsp;<\/p>\n<p>&nbsp;<\/p>\n<p>Oleme \u00fcks parimaid h\u00fcdrosilindrite tootjaid. Pakume laia valikut h\u00fcdrosilindreid. Pakume ka vastavaid... <a href=\"https:\/\/hzpt.com\/agricultural-pto-gearbox\/\" target=\"_blank\" rel=\"noopener\">p\u00f5llumajanduslikud k\u00e4igukastid<\/a>. Oleme eksportinud oma tooteid klientidele \u00fcle maailma ja teeninud hea maine t\u00e4nu meie suurep\u00e4rasele tootekvaliteedile ja m\u00fc\u00fcgij\u00e4rgsele teenindusele. Me tervitame kliente kodus ja v\u00e4lismaal, et v\u00f5tta meiega \u00fchendust, et pidada l\u00e4bir\u00e4\u00e4kimisi \u00e4ri, vahetada teavet ja <a href=\"https:\/\/www.hydraulic-cylinders.net\/et\/contact-us\/\">teha meiega koost\u00f6\u00f6d<\/a>!<\/p>","protected":false},"excerpt":{"rendered":"<p>Small Excavator Boom Cylinder The Small Excavator Boom Cylinder is a powerful hydraulic component that optimizes small excavators&#8217; lifting and reaching capabilities. This cylinder is specifically engineered to deliver exceptional strength, durability, and precision in compact construction machinery. The Small Excavator Boom Cylinder is a vital hydraulic component that enhances the efficiency and performance of [&hellip;]<\/p>","protected":false},"featured_media":1485,"comment_status":"open","ping_status":"closed","template":"","meta":{"_et_pb_use_builder":"","_et_pb_old_content":"","_et_gb_content_width":""},"product_brand":[],"product_cat":[1550,1503,1376],"product_tag":[1380],"class_list":{"0":"post-1483","1":"product","2":"type-product","3":"status-publish","4":"has-post-thumbnail","6":"product_cat-double-acting-hydraulic-cylinder","7":"product_cat-excavator-hydraulic-cylinders","8":"product_cat-hydraulic-cylinder","9":"product_tag-hydraulic-cylinder","11":"first","12":"instock","13":"shipping-taxable","14":"product-type-simple"},"amp_enabled":true,"_links":{"self":[{"href":"https:\/\/www.hydraulic-cylinders.net\/et\/wp-json\/wp\/v2\/product\/1483","targetHints":{"allow":["GET"]}}],"collection":[{"href":"https:\/\/www.hydraulic-cylinders.net\/et\/wp-json\/wp\/v2\/product"}],"about":[{"href":"https:\/\/www.hydraulic-cylinders.net\/et\/wp-json\/wp\/v2\/types\/product"}],"replies":[{"embeddable":true,"href":"https:\/\/www.hydraulic-cylinders.net\/et\/wp-json\/wp\/v2\/comments?post=1483"}],"wp:featuredmedia":[{"embeddable":true,"href":"https:\/\/www.hydraulic-cylinders.net\/et\/wp-json\/wp\/v2\/media\/1485"}],"wp:attachment":[{"href":"https:\/\/www.hydraulic-cylinders.net\/et\/wp-json\/wp\/v2\/media?parent=1483"}],"wp:term":[{"taxonomy":"product_brand","embeddable":true,"href":"https:\/\/www.hydraulic-cylinders.net\/et\/wp-json\/wp\/v2\/product_brand?post=1483"},{"taxonomy":"product_cat","embeddable":true,"href":"https:\/\/www.hydraulic-cylinders.net\/et\/wp-json\/wp\/v2\/product_cat?post=1483"},{"taxonomy":"product_tag","embeddable":true,"href":"https:\/\/www.hydraulic-cylinders.net\/et\/wp-json\/wp\/v2\/product_tag?post=1483"}],"curies":[{"name":"wp","href":"https:\/\/api.w.org\/{rel}","templated":true}]}}