{"id":15120,"date":"2025-01-19T14:07:52","date_gmt":"2025-01-19T14:07:52","guid":{"rendered":"https:\/\/www.hydraulic-cylinders.net\/product\/bucket-cylinder-for-komatsu-small-excavator-pc75uu\/"},"modified":"2025-01-19T14:07:53","modified_gmt":"2025-01-19T14:07:53","slug":"bucket-cylinder-for-komatsu-small-excavator-pc75uu","status":"publish","type":"product","link":"https:\/\/www.hydraulic-cylinders.net\/et\/toode\/bucket-cylinder-for-komatsu-small-excavator-pc75uu\/","title":{"rendered":"Komatsu v\u00e4ikese ekskavaatori PC75UU kopa silinder"},"content":{"rendered":"<h1>Komatsu v\u00e4ikese ekskavaatori PC75UU kopa silinder<\/h1>\n<h2>Sissejuhatus<\/h2>\n<p>Kopa silinder on spetsiaalselt konstrueeritud h\u00fcdrauliline silinder, mida kasutatakse raskete masinate, n\u00e4iteks ekskavaatorite, laadur-ekskavaatorite ja esilaadurite koppade liikumise juhtimiseks. Selle peamine \u00fclesanne on v\u00f5imaldada kopa t\u00f5stmist, langetamist ja kallutamist, muutes mitmesuguste materjalik\u00e4itlust\u00f6\u00f6de tegemise lihtsamaks. H\u00fcdraulilises s\u00fcsteemis saavutab kopa silinder kopa t\u00e4pse juhtimise h\u00fcdraulika\u00f5li r\u00f5hu muutmise abil, v\u00f5imaldades operaatoritel t\u00f5husalt k\u00e4sitseda raskeid koormaid, kohaneda keerukate t\u00f6\u00f6keskkondade ja mitmekesiste t\u00f6\u00f6n\u00f5uetega.<\/p>\n<p><img decoding=\"async\" src=\"https:\/\/www.hydraulic-cylinders.net\/wp-content\/uploads\/2025\/01\/songte-company-2.webp\"><\/p>\n<h2>Omadused<\/h2>\n<ul>\n<li>Suur tugevus ja vastupidavus: tavaliselt valmistatud \u00fclitugevast terasest v\u00f5i alumiiniumist, talub k\u00f5rget r\u00f5hku ja suuri koormusi ning on konstrueeritud kulumis- ja korrosioonikindlust silmas pidades, pikendades selle eluiga.<\/li>\n<li>T\u00f5hus h\u00fcdrauliline t\u00f6\u00f6: kasutab sujuva pikenduse ja tagasit\u00f5mbamise saavutamiseks h\u00fcdraulika\u00f5li r\u00f5hku, reageerib kiiresti juhtimisk\u00e4sklustele, pakub v\u00f5imsat t\u00f5uke- ja t\u00f5mbej\u00f5udu, sobib raskete koormate ja keerukate t\u00f6\u00f6\u00fclesannete k\u00e4sitsemiseks.<\/li>\n<li>Erinevaid t\u00fc\u00fcpe: \u00fchetoimelisi (h\u00fcdrauliliselt ainult \u00fches suunas) v\u00f5i kahetoimelisi (h\u00fcdrauliliselt kahes suunas) silindreid saab valida vastavalt vajadusele, et rahuldada erinevaid t\u00f6\u00f6vajadusi. M\u00f5ned mudelid on teleskoopilised, v\u00f5imaldades suuremat pikendamist ilma v\u00e4lism\u00f5\u00f5tmeid suurendamata, sobides piiratud ruumiga rakenduste jaoks.<\/li>\n<li>Kohandatav: meie toode saab neid h\u00fcdrosilindreid ideaalselt asendada.<\/li>\n<\/ul>\n<p><img decoding=\"async\" src=\"https:\/\/www.hydraulic-cylinders.net\/wp-content\/uploads\/2025\/01\/songte-cylinder-head-with-all-kinds-excavator-models.webp\"><\/p>\n<h2>Rakendused<\/h2>\n<p>Kopasilindrid on ehitustehnika, p\u00f5llumajandusmasinate, ekskavaatorite ja esilaadurite puhul h\u00e4davajalikud. Need aitavad ekskavaatoritel kaevata, laadida ja liigutada mulda v\u00f5i prahti, abistavad ekskavaatoritel kaevamisel ja t\u00f5stmisel, esilaaduritel t\u00f5stmisel ja t\u00fchjendamisel ning on olulised mulla, heina ja muude materjalide k\u00e4itlemise \u00fclesannete t\u00e4itmiseks p\u00f5llumajandusmasinates.<\/p>\n<h3>Ehitustehnika:<\/h3>\n<ul>\n<li>Ekskavaatorid: kopasilindrid v\u00f5imaldavad kopal pinnasesse tungida, et saavutada kaevamisfunktsioon.<\/li>\n<li>Ekskavaator-ekskavaatorid: kopa silinder aitab mitte ainult kaevamisel, vaid ka t\u00f5stmisel.<\/li>\n<li>Esilaadurid: kopasilindrid aitavad kaupu t\u00f5husalt t\u00f5sta ja t\u00fchjendada.<\/li>\n<\/ul>\n<h3>P\u00f5llumajandusmasinad:<\/h3>\n<ul>\n<li>Esilaadurid: mulla, heina ja muude materjalide k\u00e4itlemiseks.<\/li>\n<\/ul>\n<h3>Ekskavaatorid:<\/h3>\n<ul>\n<li>Kopasilindrid v\u00f5imaldavad kopal pinnasesse tungida, et saavutada kaevamisfunktsioon.<\/li>\n<\/ul>\n<h2>Projekteerimiskaalutlused ja valiku standard<\/h2>\n<p>Bucket cylinder&#8217;s design consideration includes the load-carrying capacity, sealing performance, durability, safety, and maintenance. The following are key aspects of design consideration and selection standards:<\/p>\n<ul>\n<li>Kandev\u00f5ime: kopasilindris kasutatakse tavaliselt \u00fclitugevaid materjale, et taluda k\u00f5rget r\u00f5hku ja raskeid koormusi.<\/li>\n<li>Tihendusv\u00f5ime: silindris kasutatakse mitmesuguseid tihendeid, n\u00e4iteks kolvitihendeid, vardatihendeid jne, mis on valmistatud kulumiskindlatest materjalidest, n\u00e4iteks pol\u00fcuretaanist ja nitriilkummist, et parandada tihendusv\u00f5imet, pikendada kasutusiga ja v\u00e4hendada \u00f5lilekkeid.<\/li>\n<li>Vastupidavus: silindri korpus ja keermepind on t\u00e4pselt t\u00f6\u00f6deldud, et parandada kulumiskindlust ja pikendada kasutusiga.<\/li>\n<li>Ohutus: ballooni konstruktsioonil tuleks arvestada ohutusfunktsioonidega, n\u00e4iteks \u00fcler\u00f5huventiilidega, et v\u00e4hendada \u00f5nnetuste ohtu.<\/li>\n<li>Hooldus: regulaarne hooldus, n\u00e4iteks \u00f5livahetus, tihendite vahetamine ja kalibreerimise kontrollimine, v\u00f5ib pikendada silindri eluiga ja s\u00e4ilitada selle j\u00f5udlust.<\/li>\n<\/ul>\n<p><img decoding=\"async\" src=\"https:\/\/www.hydraulic-cylinders.net\/wp-content\/uploads\/2025\/01\/songte-oil-pipes-and-spare-parts.webp\"><\/p>\n<h2>Tihendus ja m\u00e4\u00e4rimine<\/h2>\n<p>The bucket cylinder uses various seals such as piston seals, rod seals, etc. made from wear-resistant materials such as polyurethane and nitrile rubber to enhance the sealing performance, extend service life, and reduce oil leaks. Regular lubrication with hydraulic oil is required to maintain the cylinder&#8217;s performance and extend its service life.<\/p>\n<h2>Hooldus ja remont<\/h2>\n<p>Kopasilindri sujuva t\u00f6\u00f6 tagamiseks ja v\u00f5imalike probleemide v\u00e4ltimiseks on regulaarne hooldus ja remont h\u00e4davajalik. J\u00e4rgnevalt on toodud levinumad hooldust\u00f6\u00f6d:<\/p>\n<ul>\n<li>Regulaarne kontroll: kontrollige kulumisj\u00e4lgi, \u00f5lilekkeid v\u00f5i muid kahjustusi.<\/li>\n<li>M\u00e4\u00e4rimine: m\u00e4\u00e4rige liikuvaid osi ja kontrollige regulaarselt h\u00fcdraulika\u00f5li taset.<\/li>\n<li>Tihendite vahetamine: vahetage kulunud v\u00f5i kahjustatud tihendid v\u00e4lja, et v\u00e4ltida \u00f5lilekkeid.<\/li>\n<li>Calibration check: check the cylinder&#8217;s pressure and stroke to ensure it meets the required specifications.<\/li>\n<\/ul>\n<p><img decoding=\"async\" src=\"https:\/\/www.hydraulic-cylinders.net\/wp-content\/uploads\/2025\/01\/songte-chushion-collar.webp\"><\/p>\n<h2>Ohutuskaalutlused ja keskkonnategurid<\/h2>\n<p>Kopasilindri kasutamisel on oluline j\u00e4rgida ohutusn\u00f5udeid, n\u00e4iteks kanda kaitsevarustust ning tagada n\u00f5uetekohane paigaldamine ja kasutamine. Lisaks on oluline arvestada keskkonnateguritega, nagu \u00f5lilekked v\u00f5i mahavalgunud \u00f5li ja kasutatud h\u00fcdraulika\u00f5li n\u00f5uetekohane k\u00f5rvaldamine.<\/p>\n<h2>Veaotsing ja levinud probleemid<\/h2>\n<p>Kopasilindri levinud probleemide hulka kuuluvad \u00f5lilekked, tihendite kahjustused ning suutmatus neid v\u00e4lja v\u00f5i sisse t\u00f5mmata. Veaotsingu sammude hulka v\u00f5ivad kuuluda \u00f5litaseme kontrollimine, tihendite kontrollimine ning kahjustuste v\u00f5i lahtiste \u00fchenduste kontrollimine. Regulaarsed hooldust\u00f6\u00f6d aitavad potentsiaalsete probleemide tekkimist \u00e4ra hoida.<\/p>\n<h2>Meie ettev\u00f5ttest<\/h2>\n<p>Oleme asendush\u00fcdrauliliste silindrite tootja, pakkudes t\u00e4ielikku tootevalikut. Oleme saanud \u00fcheks juhtivaks h\u00fcdrosilindrite tootjaks ja hulgim\u00fc\u00fcjaks kogu maailmas. J\u00e4rgime suurep\u00e4rase kvaliteedi p\u00f5him\u00f5tet ja tugineme industrialiseeritud tootmisjuhtimise strateegiatele, mis p\u00f5hinevad t\u00e4iustatud tootmist\u00f6\u00f6kodadel, tehnilistel annetel, digitaalsetel tipptasemel tootmisseadmetel ja professionaalsetel kontrolls\u00fcsteemidel, t\u00e4iustades pidevalt t\u00f6\u00f6koja tootmisplatvormi, t\u00e4iustades tootekvaliteedi tootmisliini ja omades tugevat loovust, et rahuldada klientide mitmekesiseid vajadusi. Pakume muuhulgas professionaalset rahvusvahelist sertifitseerimist, eritellimusteenuseid, tootmisseadmeid ja m\u00fc\u00fcgij\u00e4rgset teenindust.<\/p>\n<p><img decoding=\"async\" src=\"https:\/\/hzpt.com\/wp-content\/uploads\/2024\/11\/songte-company-1.webp\"><\/p>\n<p>Autor: lyl<\/p>","protected":false},"excerpt":{"rendered":"<p>Bucket Cylinder For Komatsu Small Excavator PC75UU Introduction A bucket cylinder is a specially designed hydraulic cylinder used to control the movement of buckets in heavy machinery such as excavators, backhoe excavators, and front-end loaders. Its primary function is to allow the bucket to lift, lower, and tilt, making it easier to handle various material [&hellip;]<\/p>","protected":false},"featured_media":14785,"comment_status":"open","ping_status":"closed","template":"","meta":{"_et_pb_use_builder":"","_et_pb_old_content":"","_et_gb_content_width":""},"product_brand":[],"product_cat":[1494],"product_tag":[1495,1496],"class_list":{"0":"post-15120","1":"product","2":"type-product","3":"status-publish","4":"has-post-thumbnail","6":"product_cat-bucket-cylinders","7":"product_tag-bucket-cylinders","8":"product_tag-hydraulic-cylinders","10":"first","11":"instock","12":"shipping-taxable","13":"product-type-simple"},"amp_enabled":true,"_links":{"self":[{"href":"https:\/\/www.hydraulic-cylinders.net\/et\/wp-json\/wp\/v2\/product\/15120","targetHints":{"allow":["GET"]}}],"collection":[{"href":"https:\/\/www.hydraulic-cylinders.net\/et\/wp-json\/wp\/v2\/product"}],"about":[{"href":"https:\/\/www.hydraulic-cylinders.net\/et\/wp-json\/wp\/v2\/types\/product"}],"replies":[{"embeddable":true,"href":"https:\/\/www.hydraulic-cylinders.net\/et\/wp-json\/wp\/v2\/comments?post=15120"}],"wp:featuredmedia":[{"embeddable":true,"href":"https:\/\/www.hydraulic-cylinders.net\/et\/wp-json\/wp\/v2\/media\/14785"}],"wp:attachment":[{"href":"https:\/\/www.hydraulic-cylinders.net\/et\/wp-json\/wp\/v2\/media?parent=15120"}],"wp:term":[{"taxonomy":"product_brand","embeddable":true,"href":"https:\/\/www.hydraulic-cylinders.net\/et\/wp-json\/wp\/v2\/product_brand?post=15120"},{"taxonomy":"product_cat","embeddable":true,"href":"https:\/\/www.hydraulic-cylinders.net\/et\/wp-json\/wp\/v2\/product_cat?post=15120"},{"taxonomy":"product_tag","embeddable":true,"href":"https:\/\/www.hydraulic-cylinders.net\/et\/wp-json\/wp\/v2\/product_tag?post=15120"}],"curies":[{"name":"wp","href":"https:\/\/api.w.org\/{rel}","templated":true}]}}