{"id":15124,"date":"2025-01-19T14:08:08","date_gmt":"2025-01-19T14:08:08","guid":{"rendered":"https:\/\/www.hydraulic-cylinders.net\/product\/bucket-cylinder-for-komatsu-small-excavator-pc60-2-3-5-6-7-8\/"},"modified":"2025-01-19T14:08:10","modified_gmt":"2025-01-19T14:08:10","slug":"bucket-cylinder-for-komatsu-small-excavator-pc60-2-3-5-6-7-8","status":"publish","type":"product","link":"https:\/\/www.hydraulic-cylinders.net\/et\/toode\/bucket-cylinder-for-komatsu-small-excavator-pc60-2-3-5-6-7-8\/","title":{"rendered":"Komatsu v\u00e4ikeekskavaatori PC60-2-3-5-6-7-8 kopa silinder"},"content":{"rendered":"<p><!DOCTYPE html><br \/>\n<html><br \/>\n<head><br \/>\n<title>Komatsu v\u00e4ikeekskavaatori PC60-2-3-5-6-7-8 kopa silinder<\/title><br \/>\n<\/head><br \/>\n<body><\/p>\n<h1>Komatsu v\u00e4ikeekskavaatori PC60-2-3-5-6-7-8 kopa silinder<\/h1>\n<h2>Sissejuhatus<\/h2>\n<p>Komatsu v\u00e4ikeekskavaatori PC60-2-3-5-6-7-8 kopa silinder on spetsiaalselt loodud h\u00fcdrauliline silinder, mida kasutatakse kopa liikumise juhtimiseks rasketes masinates, n\u00e4iteks ekskavaatorites, laadur-ekskavaatorites ja rataslaadurites. Selle peamine \u00fclesanne on v\u00f5imaldada kopa t\u00f5stmist, langetamist ja kallutamist, muutes selle lihtsamaks mitmesuguste materjalik\u00e4itlust\u00f6\u00f6de jaoks. H\u00fcdraulikas\u00fcsteemis saavutab kopa silinder kopa t\u00e4pse juhtimise, kasutades \u00e4ra h\u00fcdraulika\u00f5li r\u00f5humuutusi, v\u00f5imaldades operaatoril t\u00f5husalt k\u00e4sitseda raskeid koormaid ning kohaneda keerukate t\u00f6\u00f6keskkondade ja mitmekesiste t\u00f6\u00f6vajadustega.<\/p>\n<p><img decoding=\"async\" src=\"https:\/\/www.hydraulic-cylinders.net\/wp-content\/uploads\/2025\/01\/songte-company-2.webp\" alt=\"\u00c4mbri silindri pilt\"><\/p>\n<h2>Omadused<\/h2>\n<ul>\n<li>Suur tugevus ja vastupidavus: Tavaliselt valmistatud \u00fclitugevast terasest v\u00f5i alumiiniumist, talub see k\u00f5rget r\u00f5hku ja suuri koormusi, v\u00f5imaldades sellel kohaneda karmide t\u00f6\u00f6keskkondadega. Projekteerimisel on arvesse v\u00f5etud kulumiskindlust ja korrosioonikindlust, pikendades selle eluiga.<\/li>\n<li>T\u00f5hus h\u00fcdrauliline t\u00f6\u00f6: See kasutab h\u00fcdraulika\u00f5li r\u00f5hku sujuva pikenduse ja tagasit\u00f5mbamise saavutamiseks, pakkudes kiiret reageerimist juhtimisk\u00e4sklustele ja v\u00f5imsaid t\u00f5uke- ja t\u00f5mbej\u00f5ude, mis sobivad raskete koormate ja keerukate \u00fclesannete k\u00e4sitsemiseks.<\/li>\n<li>Erinevad t\u00fc\u00fcbid: Saadaval on \u00fchetoimelised (h\u00fcdraulilist r\u00f5hku kasutatakse ainult \u00fches suunas) v\u00f5i kahetoimelised (h\u00fcdraulilist r\u00f5hku kasutatakse m\u00f5lemas suunas) silindrid, et rahuldada erinevaid t\u00f6\u00f6vajadusi. M\u00f5ned mudelid on teleskoopilised, mis v\u00f5imaldab suuremat pikendamist ilma v\u00e4lism\u00f5\u00f5tmeid suurendamata, mist\u00f5ttu need sobivad piiratud ruumiga rakenduste jaoks.<\/li>\n<\/ul>\n<p><img decoding=\"async\" src=\"https:\/\/www.hydraulic-cylinders.net\/wp-content\/uploads\/2025\/01\/songte-cylinder-head-with-all-kinds-excavator-models.webp\" alt=\"Toote pilt\"><\/p>\n<h2>Rakendused<\/h2>\n<p>Komatsu v\u00e4ikeekskavaatori PC60-2-3-5-6-7-8 kopasilindrit kasutatakse laialdaselt erinevates t\u00f6\u00f6stusharudes, sealhulgas:<\/p>\n<ul>\n<li>Ehitusseadmed: neid leidub ekskavaatorites ning need on olulised kaevamisel, laadimisel ja pinnase v\u00f5i prahi teisaldamisel. Ekskavaatorlaadurites aitab kopa silinder nii kaevamisel kui ka t\u00f5stmisel.<\/li>\n<li>P\u00f5llumajandusmasinad: Kasutatakse esilaadurites mulla, heina ja muude materjalide k\u00fchveldamiseks, t\u00f5stmiseks ja transportimiseks.<\/li>\n<li>Ekskavaatorid: Kopa silinder v\u00f5imaldab kaevamist, lastes kopal pinnasesse tungida.<\/li>\n<li>Rataslaadurid: Esilaadurites aitavad need kaupu t\u00f5husalt t\u00f5sta ja maha laadida.<\/li>\n<\/ul>\n<h2>Projekteerimiskaalutlused ja valikukriteeriumid<\/h2>\n<p>Komatsu v\u00e4ikeekskavaatori PC60-2-3-5-6-7-8 kopasilindri projekteerimiskaalutluste ja valikukriteeriumide puhul on olulised j\u00e4rgmised tegurid:<\/p>\n<ul>\n<li>Kandev\u00f5ime: Silinder peab suutma etten\u00e4htud koormusele vastu pidada ilma purunemata.<\/li>\n<li>Tihendus: T\u00f5husa tihenduse tagamiseks kasutatakse mitmesuguseid tihenduskomponente, n\u00e4iteks kolvitihendeid ja varrastihendeid, mis on valmistatud kulumiskindlatest materjalidest, n\u00e4iteks pol\u00fcuretaanist ja nitriilkummist. Silindri korpus ja keermestatud otsapinnad on peenelt t\u00f6\u00f6deldud, et suurendada kulumiskindlust.<\/li>\n<\/ul>\n<p><img decoding=\"async\" src=\"https:\/\/www.hydraulic-cylinders.net\/wp-content\/uploads\/2025\/01\/songte-oil-pipes-and-spare-parts.webp\" alt=\"Toote osade pilt\"><\/p>\n<h2>Tihendus ja m\u00e4\u00e4rimine<\/h2>\n<p>Komatsu v\u00e4ikeekskavaatori PC60-2-3-5-6-7-8 kopasilindris kasutatakse mitmesuguseid tihendeid, n\u00e4iteks kolvitihendeid ja vardatihendeid, mis on valmistatud kulumiskindlatest materjalidest nagu pol\u00fcuretaan ja nitriilkummi. Silindri korpus ja keermestatud otsapinnad l\u00e4bivad kulumiskindluse parandamiseks peene t\u00f6\u00f6tluse. Optimaalse j\u00f5udluse tagamiseks on vaja regulaarset m\u00e4\u00e4rimist sobiva h\u00fcdraulika\u00f5liga.<\/p>\n<h2>Kontroll ja ennetav hooldus<\/h2>\n<p>Komatsu v\u00e4ikeekskavaatori PC60-2-3-5-6-7-8 kopasilindri pikaealisuse tagamiseks on regulaarsed kontrollid ja ennetavad hooldusmeetmed h\u00e4davajalikud. Teha tuleks j\u00e4rgmisi toiminguid:<\/p>\n<ul>\n<li>Regulaarsed kontrollid<\/li>\n<li>\u00d5ige m\u00e4\u00e4rimine<\/li>\n<li>Tihendi vahetamine<\/li>\n<li>Kalibreerimiskontrollid<\/li>\n<\/ul>\n<p><img decoding=\"async\" src=\"https:\/\/www.hydraulic-cylinders.net\/wp-content\/uploads\/2025\/01\/songte-chushion-collar.webp\" alt=\"Hoolduspilt\"><\/p>\n<h2>Ohutuskaalutlused ja keskkonnategurid<\/h2>\n<p>Komatsu v\u00e4ikeekskavaatori PC60-2-3-5-6-7-8 kopasilindri kasutamisel on oluline seada esikohale ohutusmeetmed vastavalt h\u00fcdraulikaseadmete kasutamisele.<\/p>\n<h2>Veaotsing ja levinud probleemid<\/h2>\n<p>Komatsu v\u00e4ikeekskavaatori PC60-2-3-5-6-7-8 kopasilindriga seotud levinud probleemid on j\u00e4rgmised:<\/p>\n<ul>\n<li>Leke<\/li>\n<li>Ebapiisav v\u00f5imsus<\/li>\n<li>Ebaregulaarne liikumine<\/li>\n<\/ul>\n<h2>Hooldusn\u00f5uanded ja lahendused<\/h2>\n<p>Probleemide t\u00f5husaks diagnoosimiseks ja lahendamiseks ning v\u00f5imalike probleemide minimeerimiseks kaaluge j\u00e4rgmisi hooldusnippe:<\/p>\n<ul>\n<li>\u00d5ige paigaldamine, m\u00e4\u00e4rimine ja reguleerimine<\/li>\n<li>Silindri \u00f5ige joondamine paigaldamise ajal<\/li>\n<li>Kasutage silindri kinnitamiseks sobivaid kinnitusklambreid<\/li>\n<li>Soovitatavad kontrolli-, remondi- ja asendusprotseduurid<\/li>\n<\/ul>\n<p><img decoding=\"async\" src=\"https:\/\/www.hydraulic-cylinders.net\/wp-content\/uploads\/2025\/01\/songte-bushings-with-all-kinds-of-excavator-models.webp\" alt=\"Pildi t\u00f5rkeotsing\"><\/p>\n<h2>Meie ettev\u00f5ttest<\/h2>\n<p>Oleme asendush\u00fcdrauliliste silindrite tootja ning \u00fcks juhtivaid tootjaid ja hulgim\u00fc\u00fcjaid nii sise- kui ka rahvusvahelisel turul. Meie tootevalik on lai ja me j\u00e4rgime tipptaseme p\u00f5him\u00f5tteid, kasutades oma t\u00e4iustatud tootmist\u00f6\u00f6kojas t\u00f6\u00f6stusliku tootmise juhtimise strateegiat. Keskendudes tehnoloogilisele talendile, digitaalsetele tipptasemel tootmisseadmetele ja professionaalsetele testimiss\u00fcsteemidele, t\u00e4iustame pidevalt oma tootmisplatvormi, optimeerime tootmisprotsessi toote kvaliteedi tagamiseks ning omame m\u00e4rkimisv\u00e4\u00e4rseid loomingulisi v\u00f5imeid, et rahuldada klientide mitmekesiseid vajadusi suure t\u00f5hususega, t\u00e4psuse ja kvaliteediga.<\/p>\n<p><img decoding=\"async\" src=\"https:\/\/www.hydraulic-cylinders.net\/wp-content\/uploads\/2025\/01\/songte-company-3.webp\" alt=\"Ettev\u00f5tte kuvand\"><\/p>\n<h3>Professionaalsus<\/h3>\n<p>Oleme uhked oma professionaalsuse \u00fcle ja p\u00fc\u00fcdleme rahvusvaheliste sertifikaatide poole, et tagada meie toodete k\u00f5rgeimad standardid.<\/p>\n<h3>Kohandamise teenused<\/h3>\n<p>Pakume kohandamisteenuseid, et vastata konkreetsetele n\u00f5uetele ja pakkuda erilahendusi.<\/p>\n<h3>Tootmisseadmed<\/h3>\n<p>Meie h\u00fcdrauliliste silindrite kvaliteedi ja t\u00f6\u00f6kindluse tagamiseks kasutame t\u00e4iustatud tootmisseadmeid.<\/p>\n<h3>M\u00fc\u00fcgij\u00e4rgne teenindus<\/h3>\n<p>Pakume oma toodete eluea pikendamiseks igak\u00fclgset m\u00fc\u00fcgij\u00e4rgset teenindust, sealhulgas varuosade vahetust ja taastamist.<\/p>\n<p>Autor: lyl<\/p>\n<p><\/body><br \/>\n<\/html><\/p>","protected":false},"excerpt":{"rendered":"<p>Bucket Cylinder For Komatsu Small Excavator PC60-2-3-5-6-7-8 Bucket Cylinder For Komatsu Small Excavator PC60-2-3-5-6-7-8 Introduction The Bucket Cylinder for Komatsu Small Excavator PC60-2-3-5-6-7-8 is a specially designed hydraulic cylinder used to control the movement of the bucket in heavy machinery such as excavators, backhoe loaders, and wheel loaders. Its main function is to enable the [&hellip;]<\/p>","protected":false},"featured_media":14778,"comment_status":"open","ping_status":"closed","template":"","meta":{"_et_pb_use_builder":"","_et_pb_old_content":"","_et_gb_content_width":""},"product_brand":[],"product_cat":[1494],"product_tag":[1495,1496],"class_list":{"0":"post-15124","1":"product","2":"type-product","3":"status-publish","4":"has-post-thumbnail","6":"product_cat-bucket-cylinders","7":"product_tag-bucket-cylinders","8":"product_tag-hydraulic-cylinders","10":"first","11":"instock","12":"shipping-taxable","13":"product-type-simple"},"amp_enabled":true,"_links":{"self":[{"href":"https:\/\/www.hydraulic-cylinders.net\/et\/wp-json\/wp\/v2\/product\/15124","targetHints":{"allow":["GET"]}}],"collection":[{"href":"https:\/\/www.hydraulic-cylinders.net\/et\/wp-json\/wp\/v2\/product"}],"about":[{"href":"https:\/\/www.hydraulic-cylinders.net\/et\/wp-json\/wp\/v2\/types\/product"}],"replies":[{"embeddable":true,"href":"https:\/\/www.hydraulic-cylinders.net\/et\/wp-json\/wp\/v2\/comments?post=15124"}],"wp:featuredmedia":[{"embeddable":true,"href":"https:\/\/www.hydraulic-cylinders.net\/et\/wp-json\/wp\/v2\/media\/14778"}],"wp:attachment":[{"href":"https:\/\/www.hydraulic-cylinders.net\/et\/wp-json\/wp\/v2\/media?parent=15124"}],"wp:term":[{"taxonomy":"product_brand","embeddable":true,"href":"https:\/\/www.hydraulic-cylinders.net\/et\/wp-json\/wp\/v2\/product_brand?post=15124"},{"taxonomy":"product_cat","embeddable":true,"href":"https:\/\/www.hydraulic-cylinders.net\/et\/wp-json\/wp\/v2\/product_cat?post=15124"},{"taxonomy":"product_tag","embeddable":true,"href":"https:\/\/www.hydraulic-cylinders.net\/et\/wp-json\/wp\/v2\/product_tag?post=15124"}],"curies":[{"name":"wp","href":"https:\/\/api.w.org\/{rel}","templated":true}]}}