{"id":15126,"date":"2025-01-19T14:08:16","date_gmt":"2025-01-19T14:08:16","guid":{"rendered":"https:\/\/www.hydraulic-cylinders.net\/product\/bucket-cylinder-for-komatsu-small-excavator-pc128-130-7\/"},"modified":"2025-01-19T14:08:18","modified_gmt":"2025-01-19T14:08:18","slug":"bucket-cylinder-for-komatsu-small-excavator-pc128-130-7","status":"publish","type":"product","link":"https:\/\/www.hydraulic-cylinders.net\/et\/toode\/bucket-cylinder-for-komatsu-small-excavator-pc128-130-7\/","title":{"rendered":"Kopa silinder Komatsu v\u00e4ikeekskavaatorile PC128\/130-7"},"content":{"rendered":"<h2>Kopa silinder Komatsu v\u00e4ikeekskavaatorile PC128\/130-7<\/h2>\n<h3>Sissejuhatus<\/h3>\n<p>Komatsu v\u00e4ikeekskavaatori PC128\/130-7 kopa silinder on spetsiaalselt loodud h\u00fcdrauliline silinder, mida kasutatakse peamiselt raskete masinate, n\u00e4iteks ekskavaatorite, esilaadurite ja esilaadurite koppade liikumise juhtimiseks. Selle peamine \u00fclesanne on v\u00f5imaldada kopa t\u00f5stmist, langetamist ja kallutamist, h\u00f5lbustades seel\u00e4bi mitmesuguseid materjali k\u00e4itlemise \u00fclesandeid. H\u00fcdraulikas\u00fcsteemis saavutab kopa silinder kopa t\u00e4pse juhtimise h\u00fcdraulika\u00f5li r\u00f5hu muutuste abil, v\u00f5imaldades operaatoritel raskeid koormaid t\u00f5husalt k\u00e4sitseda ning kohaneda keerukate t\u00f6\u00f6keskkondade ja mitmekesiste t\u00f6\u00f6n\u00f5uetega.<\/p>\n<p><img decoding=\"async\" src=\"https:\/\/www.hydraulic-cylinders.net\/wp-content\/uploads\/2025\/01\/songte-company-2.webp\" alt=\"Komatsu v\u00e4ikese ekskavaatori PC128\/130-7 kopa silinder pilt\"><\/p>\n<h3>Omadused<\/h3>\n<ul>\n<li>Suur tugevus ja vastupidavus: tavaliselt valmistatud \u00fclitugevast terasest v\u00f5i alumiiniumist, talub k\u00f5rget r\u00f5hku ja suuri koormusi, sobib karmidesse t\u00f6\u00f6keskkondadesse, on konstrueeritud kulumiskindlust ja korrosioonikindlust silmas pidades, pikendades kasutusiga.<\/li>\n<li>T\u00f5hus h\u00fcdrauliline t\u00f6\u00f6: kasutab h\u00fcdraulika\u00f5li r\u00f5hku sujuva pikendus- ja tagasit\u00f5mbamisliigutuse saavutamiseks, reageerib kiiresti juhtimisk\u00e4sklustele, pakub v\u00f5imsaid t\u00f5uke- ja t\u00f5mbej\u00f5ude, sobib raskete koormate ja keerukate t\u00f6\u00f6\u00fclesannete k\u00e4sitsemiseks.<\/li>\n<li>Erinevad t\u00fc\u00fcbid: silindrit\u00fc\u00fcpe saab valida vastavalt vajadustele, n\u00e4iteks \u00fchetoimelised (h\u00fcdrauliline ainult \u00fches suunas) v\u00f5i kahetoimelised (h\u00fcdrauliline m\u00f5lemas suunas) silindrid, et rahuldada erinevaid t\u00f6\u00f6vajadusi; m\u00f5ned mudelid on teleskoopilised, v\u00f5imaldades suuremat pikendamist ilma v\u00e4lism\u00f5\u00f5tmeid suurendamata, mis sobib piiratud ruumiga rakenduste jaoks.<\/li>\n<li>Lihtne toota: meie tooted sobivad ideaalselt nende h\u00fcdrosilindrite asendamiseks.<\/li>\n<\/ul>\n<p><img decoding=\"async\" src=\"https:\/\/www.hydraulic-cylinders.net\/wp-content\/uploads\/2025\/01\/songte-cylinder-head-with-all-kinds-excavator-models.webp\" alt=\"Komatsu v\u00e4ikese ekskavaatori PC128\/130-7 kopa silinder tootmispildi jaoks\"><\/p>\n<h3>Rakendused<\/h3>\n<p>Komatsu v\u00e4ikeekskavaatori PC128\/130-7 kopasilindrit kasutatakse laialdaselt erinevates rasketehnika rakendustes, n\u00e4iteks:<\/p>\n<ul>\n<li>Ehitusseadmed: ekskavaatorites on need h\u00e4davajalikud kaevamiseks, laadimiseks ja pinnase v\u00f5i prahi teisaldamiseks. Ekskavaatorites aitavad kopasilindrid nii kaevamisel kui ka t\u00f5stmisel. <\/li>\n<li>P\u00f5llumajandustehnika: kasutatakse esilaadurites mulla, heina ja muude materjalide k\u00fchveldamiseks, t\u00f5stmiseks ja transportimiseks.<\/li>\n<li>Ekskavaatorid: kopasilindrid v\u00f5imaldavad kaevamist, lastes kopal pinnasesse tungida.<\/li>\n<li>Laadurid: esilaadurites aitavad need kaupu t\u00f5husalt t\u00f5sta ja kallutada.<\/li>\n<\/ul>\n<h3>Projekteerimiskaalutlused ja valikukriteeriumid<\/h3>\n<p>Komatsu v\u00e4ikeekskavaatori PC128\/130-7 kopa silindri projekteerimiskaalutlused ja valikukriteeriumid h\u00f5lmavad j\u00e4rgmist:<\/p>\n<ul>\n<li>Kandev\u00f5ime: v\u00f5ime taluda k\u00f5rget r\u00f5hku ja suuri koormusi.<\/li>\n<li>Tihendus: v\u00f5ime v\u00e4ltida h\u00fcdraulika\u00f5li lekkeid ja s\u00e4ilitada n\u00f5uetekohane m\u00e4\u00e4rimine.<\/li>\n<li>Vastupidavus: v\u00f5ime taluda kulumist ja korrosiooni, eriti karmides t\u00f6\u00f6keskkondades.<\/li>\n<li>Ohutus: v\u00f5ime v\u00e4ltida \u00f5nnetusi ja vigastusi t\u00f6\u00f6 ajal.<\/li>\n<li>Hooldatavus: v\u00f5ime olla kergesti hooldatav ja parandatav.<\/li>\n<\/ul>\n<p><img decoding=\"async\" src=\"https:\/\/www.hydraulic-cylinders.net\/wp-content\/uploads\/2025\/01\/songte-oil-pipes-and-spare-parts.webp\" alt=\"Komatsu v\u00e4ikese ekskavaatori PC128\/130-7 kopa silinder varuosa pilt\"><\/p>\n<h3>Tihendus ja m\u00e4\u00e4rimine<\/h3>\n<p>Komatsu v\u00e4ikeekskavaatori PC128\/130-7 kopa silindri tihendamise ja m\u00e4\u00e4rimise kaalutlused h\u00f5lmavad j\u00e4rgmist:<\/p>\n<ul>\n<li>Erinevate tihendite, n\u00e4iteks kolvitihendite ja varrastihendite kasutamine, mis on valmistatud kulumiskindlatest materjalidest, n\u00e4iteks pol\u00fcuretaanist ja nitriilkummist.<\/li>\n<li>Silindri korpus ja keerme otsapind on kulumiskindluse parandamiseks peenelt t\u00f6\u00f6deldud.<\/li>\n<li>H\u00fcdraulika\u00f5li regulaarne lisamine n\u00f5uetekohase m\u00e4\u00e4rimise tagamiseks.<\/li>\n<\/ul>\n<h3>Hooldus ja remont<\/h3>\n<p>Komatsu v\u00e4ikeekskavaatori PC128\/130-7 kopasilindri hooldus- ja remondit\u00f6\u00f6d h\u00f5lmavad j\u00e4rgmist:<\/p>\n<ul>\n<li>Silindri regulaarne kontroll, asjakohane m\u00e4\u00e4rimine, tihendite vahetamine ja kalibreerimise kontrollid.<\/li>\n<li>\u00d5ige paigaldamise, m\u00e4\u00e4rimise ja reguleerimise olulisus.<\/li>\n<li>Juhiste andmine silindri \u00f5igeks joondamiseks paigaldamise ajal.<\/li>\n<li>Soovitused balloonide kinnitamiseks sobivate kinnitusklambrite kasutamiseks.<\/li>\n<li>Soovitatavad kontrolli-, remondi- ja asendusprotseduurid.<\/li>\n<li>Pakume varuosi ja remonditeenuseid Komatsu v\u00e4ikeekskavaatori PC128\/130-7 kopasilindri kasutusea pikendamiseks.<\/li>\n<\/ul>\n<p><img decoding=\"async\" src=\"https:\/\/www.hydraulic-cylinders.net\/wp-content\/uploads\/2025\/01\/songte-chushion-collar.webp\" alt=\"Komatsu v\u00e4ikese ekskavaatori PC128\/130-7 kopa silinder krae pildil\"><\/p>\n<h3>Ohutuskaalutlused ja keskkonnategurid<\/h3>\n<p>Komatsu v\u00e4ikeekskavaatori PC128\/130-7 kopasilindri kasutamisel on olulised ohutusmeetmed. Soovitatav on j\u00e4rgida k\u00f5iki ohutusprotseduure ja -juhiseid, et minimeerida riske ning kaitsta operaatoreid ja seadmeid. Arvesse tuleks v\u00f5tta ka keskkonnategureid, nagu temperatuur, niiskus ja reostus.<\/p>\n<h3>Veaotsing ja levinud probleemid<\/h3>\n<p>Komatsu v\u00e4ikeekskavaatori PC128\/130-7 kopasilindri v\u00f5imalike probleemide hulka kuuluvad \u00f5lilekked, tihendite kahjustused ja ebapiisav m\u00e4\u00e4rimine. Kiire t\u00f5rkeotsing ja probleemide lahendamine on edasiste kahjustuste ja seadmete seisakute v\u00e4ltimiseks h\u00e4davajalik.<\/p>\n<h3>Ettev\u00f5tte tutvustus<\/h3>\n<p>Meie ettev\u00f5te on h\u00fcdrauliliste silindrite tootja, mis suudavad asendada originaalseid h\u00fcdraulilisi silindreid. Pakume laia tootevalikut ja oleme saanud \u00fcheks juhtivaks h\u00fcdrauliliste silindrite tootjaks ja hulgim\u00fc\u00fcjaks nii sise- kui ka rahvusvahelisel turul. J\u00e4rgime silmapaistva kvaliteedi p\u00f5him\u00f5tet ja tugineme peenelt valmistatud t\u00f6\u00f6kodades industrialiseeritud tootmisjuhtimise strateegiatele. Meie ettev\u00f5te t\u00e4iustab pidevalt t\u00f6\u00f6koja tootmisplatvormi, parandab toodete tootmiskvaliteeti ja omab tugevat loomingulist v\u00f5imekust. Meie tooted pakuvad mitmem\u00f5\u00f5tmelisi lahendusi, et rahuldada klientide vajadusi suure t\u00f5hususega, suure t\u00e4psuse ja k\u00f5rge kvaliteediga.<\/p>\n<p><img decoding=\"async\" src=\"https:\/\/hzpt.com\/wp-content\/uploads\/2024\/11\/songte-company-1.webp\" alt=\"Ettev\u00f5tte kuvand\"><\/p>\n<h3>Ettev\u00f5tte profiil<\/h3>\n<ul>\n<li>Professionaalsus: Meil \u200b\u200bon h\u00fcdrosilindrite valdkonnas aastatepikkuse kogemusega spetsialistide meeskond, kes pakub teile esmaklassilist teenindust ja tehnilist tuge.<\/li>\n<li>Rahvusvaheline sertifitseerimine: Meie tooted on sertifitseeritud vastavalt rahvusvahelistele standarditele, et tagada kvaliteet ja ohutus.<\/li>\n<li>Kohandamise teenused: Pakume kohandatud teenuseid, et rahuldada klientide individuaalseid vajadusi.<\/li>\n<li>Tootmisseadmed: Meie ettev\u00f5te kasutab toote kvaliteedi ja efektiivsuse tagamiseks t\u00e4iustatud tootmisseadmeid.<\/li>\n<li>M\u00fc\u00fcgij\u00e4rgne teenindus: Pakume igak\u00fclgset m\u00fc\u00fcgij\u00e4rgset teenindust, sealhulgas hooldust, remonti ja varuosade vahetust.<\/li>\n<\/ul>\n<p><img decoding=\"async\" src=\"https:\/\/www.hydraulic-cylinders.net\/wp-content\/uploads\/2025\/01\/songte-company-3.webp\" alt=\"Ettev\u00f5tte profiilipilt\"><\/p>\n<p>Autor: lyl<\/p>","protected":false},"excerpt":{"rendered":"<p>Bucket Cylinder For Komatsu Small Excavator PC128\/130-7 Introduction The Bucket Cylinder For Komatsu Small Excavator PC128\/130-7 is a specially designed hydraulic cylinder primarily used for controlling the movement of buckets in heavy machinery such as excavators, backhoes, and front-end loaders. Its main function is to enable the bucket to lift, lower, and tilt, thereby facilitating [&hellip;]<\/p>","protected":false},"featured_media":14773,"comment_status":"open","ping_status":"closed","template":"","meta":{"_et_pb_use_builder":"","_et_pb_old_content":"","_et_gb_content_width":""},"product_brand":[],"product_cat":[1494],"product_tag":[1495,1496],"class_list":{"0":"post-15126","1":"product","2":"type-product","3":"status-publish","4":"has-post-thumbnail","6":"product_cat-bucket-cylinders","7":"product_tag-bucket-cylinders","8":"product_tag-hydraulic-cylinders","10":"first","11":"instock","12":"shipping-taxable","13":"product-type-simple"},"amp_enabled":true,"_links":{"self":[{"href":"https:\/\/www.hydraulic-cylinders.net\/et\/wp-json\/wp\/v2\/product\/15126","targetHints":{"allow":["GET"]}}],"collection":[{"href":"https:\/\/www.hydraulic-cylinders.net\/et\/wp-json\/wp\/v2\/product"}],"about":[{"href":"https:\/\/www.hydraulic-cylinders.net\/et\/wp-json\/wp\/v2\/types\/product"}],"replies":[{"embeddable":true,"href":"https:\/\/www.hydraulic-cylinders.net\/et\/wp-json\/wp\/v2\/comments?post=15126"}],"wp:featuredmedia":[{"embeddable":true,"href":"https:\/\/www.hydraulic-cylinders.net\/et\/wp-json\/wp\/v2\/media\/14773"}],"wp:attachment":[{"href":"https:\/\/www.hydraulic-cylinders.net\/et\/wp-json\/wp\/v2\/media?parent=15126"}],"wp:term":[{"taxonomy":"product_brand","embeddable":true,"href":"https:\/\/www.hydraulic-cylinders.net\/et\/wp-json\/wp\/v2\/product_brand?post=15126"},{"taxonomy":"product_cat","embeddable":true,"href":"https:\/\/www.hydraulic-cylinders.net\/et\/wp-json\/wp\/v2\/product_cat?post=15126"},{"taxonomy":"product_tag","embeddable":true,"href":"https:\/\/www.hydraulic-cylinders.net\/et\/wp-json\/wp\/v2\/product_tag?post=15126"}],"curies":[{"name":"wp","href":"https:\/\/api.w.org\/{rel}","templated":true}]}}