{"id":15129,"date":"2025-01-19T14:08:27","date_gmt":"2025-01-19T14:08:27","guid":{"rendered":"https:\/\/www.hydraulic-cylinders.net\/product\/bucket-cylinder-for-komatsu-small-excavator-pc20-8\/"},"modified":"2025-01-19T14:08:29","modified_gmt":"2025-01-19T14:08:29","slug":"bucket-cylinder-for-komatsu-small-excavator-pc20-8","status":"publish","type":"product","link":"https:\/\/www.hydraulic-cylinders.net\/et\/toode\/bucket-cylinder-for-komatsu-small-excavator-pc20-8\/","title":{"rendered":"Komatsu v\u00e4ikese ekskavaatori PC20-8 kopa silinder"},"content":{"rendered":"<h2>Komatsu v\u00e4ikese ekskavaatori PC20-8 kopa silinder<\/h2>\n<h3>Sissejuhatus<\/h3>\n<p>Komatsu v\u00e4ikeekskavaatori PC20-8 kopa silinder on spetsiaalne h\u00fcdrauliline silinder, mida kasutatakse rasketehnika, n\u00e4iteks ekskavaatorite, laadur-ekskavaatori ja esilaaduri labidate liikumise juhtimiseks. Selle peamine \u00fclesanne on labidate t\u00f5stmine, langetamine ja kallutamine, et h\u00f5lbustada mitmesuguseid materjalik\u00e4itlust\u00f6id. H\u00fcdraulikas\u00fcsteemis juhib kopa silinder labida t\u00e4pset liikumist h\u00fcdraulika\u00f5li r\u00f5humuutuste kaudu, v\u00f5imaldades operaatoritel t\u00f5husalt k\u00e4sitseda raskeid koormaid ning kohaneda keerukate t\u00f6\u00f6keskkondade ja mitmekesiste t\u00f6\u00f6vajadustega.<\/p>\n<p><img decoding=\"async\" src=\"https:\/\/www.hydraulic-cylinders.net\/wp-content\/uploads\/2025\/01\/songte-company-2.webp\" alt=\"\u00c4mbri silindri pilt\"\/><\/p>\n<h3>Omadused<\/h3>\n<ul>\n<li>Suur tugevus ja vastupidavus: tavaliselt valmistatud \u00fclitugevast terasest v\u00f5i alumiiniumist, talub k\u00f5rget r\u00f5hku ja suuri koormusi, sobib karmidesse t\u00f6\u00f6keskkondadesse, on konstrueeritud kulumiskindlust ja korrosioonikindlust silmas pidades, pikendades kasutusiga.<\/li>\n<li>T\u00f5hus h\u00fcdrauliline t\u00f6\u00f6: h\u00fcdraulika\u00f5li r\u00f5hu abil saavutatakse sujuv ja t\u00e4pne teleskoopliikumine, mis reageerib kiiresti juhtimisk\u00e4sklustele, pakub v\u00f5imsat t\u00f5uke- ja t\u00f5mbej\u00f5udu ning sobib raskete koormate ja keerukate t\u00f6\u00f6\u00fclesannete k\u00e4sitsemiseks.<\/li>\n<li>Erinevaid t\u00fc\u00fcpe: \u00fchetoimelisi (h\u00fcdraulilist t\u00f6\u00f6d ainult \u00fches suunas) v\u00f5i kahetoimelisi (h\u00fcdraulilist t\u00f6\u00f6d m\u00f5lemas suunas) silindreid saab valida vastavalt vajadustele, et rahuldada erinevaid t\u00f6\u00f6tingimusi. M\u00f5ned mudelid on teleskoopilised, v\u00f5imaldades suuremat pikendamist ilma v\u00e4lism\u00f5\u00f5tmeid suurendamata, sobides ruumipiirangutega rakenduste jaoks.<\/li>\n<li>Kohandatav: me saame seda toodet toota ja meie toode saab neid h\u00fcdraulilisi silindreid ideaalselt asendada.<\/li>\n<\/ul>\n<p><img decoding=\"async\" src=\"https:\/\/www.hydraulic-cylinders.net\/wp-content\/uploads\/2025\/01\/songte-cylinder-head-with-all-kinds-excavator-models.webp\" alt=\"\u00c4mbri silindri asendamise pilt\"\/><\/p>\n<h3>Rakendused<\/h3>\n<p>Komatsu v\u00e4ikeekskavaatori PC20-8 kopasilindrit kasutatakse laialdaselt erinevates rasketehnikas, sealhulgas:<\/p>\n<ul>\n<li>Ehitusseadmed: ekskavaatorites on need h\u00e4davajalikud kaevamiseks, laadimiseks ja pinnase v\u00f5i prahi teisaldamiseks. Ekskavaatorites aitab kopa silinder nii kaevamisel kui ka t\u00f5stmisel. <\/li>\n<li>P\u00f5llumajandustehnika: kasutatakse esilaadurites mulla, heina ja muude materjalide k\u00fchveldamiseks, t\u00f5stmiseks ja transportimiseks. <\/li>\n<li>Ekskavaatorid: kopa silinder v\u00f5imaldab kaevamist, lastes kopal pinnasesse tungida. <\/li>\n<li>Laadurid: esilaadurites aitavad need kaupu t\u00f5husalt t\u00f5sta ja maha laadida. <\/li>\n<\/ul>\n<h3>Projekteerimiskaalutlused ja valikukriteeriumid<\/h3>\n<p>Kopasilindrite projekteerimisel tuleb arvestada kandev\u00f5ime, tihendusega, vastupidavuse, ohutuse ja hooldatavusega. P\u00f5hipunktid on j\u00e4rgmised:<\/p>\n<ul>\n<li>Kandev\u00f5ime: balloon peaks olema konstrueeritud taluma maksimaalset koormust, millele see allutatakse.<\/li>\n<li>Tihendus: h\u00fcdraulika\u00f5li lekke v\u00e4ltimiseks tuleks kasutada mitmesuguseid tihenduskomponente, n\u00e4iteks kolvitihendeid ja varrastihendeid. Eelistatakse kulumiskindlatest materjalidest, n\u00e4iteks pol\u00fcuretaanist ja nitriilkummist, valmistatud tihendeid.<\/li>\n<li>Vastupidavus: silindri korpust ja keermestatud otsapinda tuleks kulumiskindluse parandamiseks peenelt t\u00f6\u00f6delda. <\/li>\n<li>Ohutus: balloon tuleks konstrueerida ohutust silmas pidades, et v\u00e4ltida \u00f5nnetusi. <\/li>\n<li>Hooldatavus: komponentidele on lihtne juurde p\u00e4\u00e4seda ja neid vahetada ning need sobivad remondiks ja hoolduseks lahtiv\u00f5tmiseks ja kokkupanekuks.<\/li>\n<\/ul>\n<p><img decoding=\"async\" src=\"https:\/\/www.hydraulic-cylinders.net\/wp-content\/uploads\/2025\/01\/songte-oil-pipes-and-spare-parts.webp\" alt=\"Kopasilindri varuosade pilt\"\/><\/p>\n<h3>Toote tihendamine ja m\u00e4\u00e4rimine<\/h3>\n<p>H\u00fcdraulika\u00f5li lekke v\u00e4ltimiseks tuleks kasutada mitmesuguseid tihenduskomponente, n\u00e4iteks kolvitihendeid ja varrastihendeid. Eelistatakse kulumiskindlatest materjalidest, n\u00e4iteks pol\u00fcuretaanist ja nitriilkummist, valmistatud tihendeid. Lisaks vajab silinder sujuva t\u00f6\u00f6 tagamiseks perioodilist m\u00e4\u00e4rimist sobiva koguse h\u00fcdraulika\u00f5liga.<\/p>\n<h3>Hooldus ja remont<\/h3>\n<p>Regulaarne kontroll, asjakohane m\u00e4\u00e4rimine ning tihendite vahetamine ja kalibreerimine on tavalised hooldust\u00f6\u00f6d. Paigaldamise ajal on oluline anda \u00f5igeid joondamisjuhiseid ja soovitada silindri kinnitamiseks sobivate kinnitusklambrite kasutamist. Samuti soovitame silindri kasutusea pikendamiseks kasutada n\u00f5uetekohaseid kontrolli-, remondi- ja vahetusprotseduure.<\/p>\n<p><img decoding=\"async\" src=\"https:\/\/www.hydraulic-cylinders.net\/wp-content\/uploads\/2025\/01\/songte-chushion-collar.webp\" alt=\"\u00c4mbri silindri padjakrae pilt\"\/><\/p>\n<h3>Ohutuskaalutlused ja keskkonnategurid<\/h3>\n<p>Kopasilindri kasutamisel on ohutusmeetmed \u00e4\u00e4rmiselt olulised. Lisaks tuleks arvestada keskkonnateguritega, et tagada tegevuse j\u00e4tkusuutlikkus ja minimaalne negatiivne m\u00f5ju keskkonnale.<\/p>\n<h3>Veaotsing ja levinud probleemid<\/h3>\n<p>Kopasilindrite levinud probleemide hulka kuuluvad leke, ebapiisav h\u00fcdrauliline r\u00f5hk ja kahjustatud tihendid. Lugejatel tuleks pakkuda t\u00f5rkeotsingu n\u00e4pun\u00e4iteid ja lahendusi, et aidata probleeme t\u00f5husalt diagnoosida ja lahendada, ning potentsiaalsete probleemide minimeerimiseks tuleks v\u00f5tta ennetavaid meetmeid.<\/p>\n<p><img decoding=\"async\" src=\"https:\/\/www.hydraulic-cylinders.net\/wp-content\/uploads\/2025\/01\/songte-bushings-with-all-kinds-of-excavator-models.webp\" alt=\"Kopa silindri pukside pilt\"\/><\/p>\n<h2>Meist<\/h2>\n<p>Oleme juhtiv h\u00fcdrauliliste silindrite tootja ja turustaja nii sise- kui ka rahvusvahelisel turul. Pakume laia tootevalikut ja oleme p\u00fchendunud kvaliteetsete toodete tootmisele, et rahuldada oma klientide mitmekesiseid vajadusi. Meie ettev\u00f5te j\u00e4rgib suurep\u00e4raseid kvaliteedistandardeid ja tugineb oma keerukates tootmist\u00f6\u00f6kodades t\u00f6\u00f6stusliku tootmise juhtimise strateegiatele. Meil \u200b\u200bon tehniliste talentide meeskond, tipptasemel digitaalsed tootmisseadmed ja professionaalsed kontrolls\u00fcsteemid, et pidevalt t\u00e4iustada oma tootmisplatvormi ja t\u00e4iustada oma tootekvaliteediga tootmisliine, pakkudes suurt efektiivsust, t\u00e4psust ja kvaliteetseid tooteid, et rahuldada meie klientide mitmekesiseid vajadusi.<\/p>\n<h3>Professionaalsus<\/h3>\n<p>Meie ettev\u00f5ttes t\u00f6\u00f6tab kogenud spetsialistide meeskond, kes on p\u00fchendunud kvaliteetsete toodete ja teenuste pakkumisele, et rahuldada meie klientide vajadusi.<\/p>\n<h3>Rahvusvaheline sertifitseerimine<\/h3>\n<p>Oleme omandanud mitmesuguseid rahvusvahelisi sertifikaate, n\u00e4iteks ISO 9001, CE ja SGS, et tagada meie toodete kvaliteet.<\/p>\n<h3>Kohandamise teenused<\/h3>\n<p>Pakume kohandatud teenuseid, et rahuldada oma klientide erivajadusi.<\/p>\n<h3>Tootmisseadmed<\/h3>\n<p>Meie toodete kvaliteedi tagamiseks on meil t\u00e4iustatud tootmisseadmed, n\u00e4iteks arvjuhtimisega t\u00f6\u00f6pingid, h\u00fcdrauliliste silindrite tootmisliinid ja automaatsed keevitusmasinad.<\/p>\n<h3>M\u00fc\u00fcgij\u00e4rgne teenindus<\/h3>\n<p>Pakume m\u00fc\u00fcgij\u00e4rgseid teenuseid, nagu varuosad ja remonditeenused, et tagada meie toodete pikaealisus.<\/p>\n<p><img decoding=\"async\" src=\"https:\/\/hzpt.com\/wp-content\/uploads\/2024\/11\/songte-company-1.webp\" alt=\"\u00c4mbrisilindri ettev\u00f5tte pilt\"\/><\/p>\n<p>Autor: lyl<\/p>","protected":false},"excerpt":{"rendered":"<p>Bucket Cylinder For Komatsu Small Excavator PC20-8 Introduction A bucket cylinder for Komatsu small excavator PC20-8 is a specialized hydraulic cylinder used to control the movement of shovels in heavy machinery such as excavators, backhoe excavators, and front-end loaders. Its main function is to lift, lower, and tilt shovels to facilitate various material handling tasks. [&hellip;]<\/p>","protected":false},"featured_media":14765,"comment_status":"open","ping_status":"closed","template":"","meta":{"_et_pb_use_builder":"","_et_pb_old_content":"","_et_gb_content_width":""},"product_brand":[],"product_cat":[1494],"product_tag":[1495,1496],"class_list":{"0":"post-15129","1":"product","2":"type-product","3":"status-publish","4":"has-post-thumbnail","6":"product_cat-bucket-cylinders","7":"product_tag-bucket-cylinders","8":"product_tag-hydraulic-cylinders","10":"first","11":"instock","12":"shipping-taxable","13":"product-type-simple"},"amp_enabled":true,"_links":{"self":[{"href":"https:\/\/www.hydraulic-cylinders.net\/et\/wp-json\/wp\/v2\/product\/15129","targetHints":{"allow":["GET"]}}],"collection":[{"href":"https:\/\/www.hydraulic-cylinders.net\/et\/wp-json\/wp\/v2\/product"}],"about":[{"href":"https:\/\/www.hydraulic-cylinders.net\/et\/wp-json\/wp\/v2\/types\/product"}],"replies":[{"embeddable":true,"href":"https:\/\/www.hydraulic-cylinders.net\/et\/wp-json\/wp\/v2\/comments?post=15129"}],"wp:featuredmedia":[{"embeddable":true,"href":"https:\/\/www.hydraulic-cylinders.net\/et\/wp-json\/wp\/v2\/media\/14765"}],"wp:attachment":[{"href":"https:\/\/www.hydraulic-cylinders.net\/et\/wp-json\/wp\/v2\/media?parent=15129"}],"wp:term":[{"taxonomy":"product_brand","embeddable":true,"href":"https:\/\/www.hydraulic-cylinders.net\/et\/wp-json\/wp\/v2\/product_brand?post=15129"},{"taxonomy":"product_cat","embeddable":true,"href":"https:\/\/www.hydraulic-cylinders.net\/et\/wp-json\/wp\/v2\/product_cat?post=15129"},{"taxonomy":"product_tag","embeddable":true,"href":"https:\/\/www.hydraulic-cylinders.net\/et\/wp-json\/wp\/v2\/product_tag?post=15129"}],"curies":[{"name":"wp","href":"https:\/\/api.w.org\/{rel}","templated":true}]}}