{"id":15131,"date":"2025-01-19T14:08:35","date_gmt":"2025-01-19T14:08:35","guid":{"rendered":"https:\/\/www.hydraulic-cylinders.net\/product\/bucket-cylinder-for-komatsu-small-excavator-pc130-8mo-hb205-1mo-hb2152c-1mo\/"},"modified":"2025-01-19T14:08:43","modified_gmt":"2025-01-19T14:08:43","slug":"bucket-cylinder-for-komatsu-small-excavator-pc130-8mo-hb205-1mo-hb2152c-1mo","status":"publish","type":"product","link":"https:\/\/www.hydraulic-cylinders.net\/et\/toode\/bucket-cylinder-for-komatsu-small-excavator-pc130-8mo-hb205-1mo-hb2152c-1mo\/","title":{"rendered":"Komatsu v\u00e4ikeekskavaatori kopa silinder PC130-8MO.HB205-1MO.HB2152C-1MO"},"content":{"rendered":"<h1>Komatsu v\u00e4ikeekskavaatori kopa silinder PC130-8MO.HB205-1MO.HB2152C-1MO<\/h1>\n<h2>Sissejuhatus<\/h2>\n<p>Kopa silinder on spetsiaalselt loodud h\u00fcdrauliline silinder, mida kasutatakse peamiselt koppade liikumise juhtimiseks rasketes masinates, n\u00e4iteks ekskavaatorites, laadur-ekskavaatorites ja esilaadurites. Selle peamine \u00fclesanne on v\u00f5imaldada kopa t\u00f5stmist, langetamist ja kallutamist, muutes mitmesuguste materjalik\u00e4itlust\u00f6\u00f6de tegemise lihtsamaks. H\u00fcdraulilises s\u00fcsteemis saavutab kopa silinder kopa t\u00e4pse juhtimise h\u00fcdraulika\u00f5li r\u00f5hu muutmise abil, v\u00f5imaldades operaatoritel t\u00f5husalt k\u00e4sitseda raskeid esemeid, kohaneda keerukate t\u00f6\u00f6keskkondade ja mitmekesiste t\u00f6\u00f6n\u00f5uetega.<\/p>\n<p><img decoding=\"async\" src=\"https:\/\/www.hydraulic-cylinders.net\/wp-content\/uploads\/2025\/01\/songte-company-2.webp\" alt=\"\u00c4mbri silindri pilt\"><\/p>\n<h2>Omadused<\/h2>\n<ul>\n<li>Suur tugevus ja vastupidavus: Tavaliselt valmistatud \u00fclitugevast terasest v\u00f5i alumiiniumist, talub see k\u00f5rget r\u00f5hku ja suuri koormusi ning on konstrueeritud kulumiskindlust ja korrosioonikindlust silmas pidades, pikendades selle kasutusiga.<\/li>\n<li>T\u00f5hus h\u00fcdrauliline t\u00f6\u00f6: H\u00fcdraulika\u00f5li r\u00f5hu abil saavutatakse sujuv pikenemine ja kokkut\u00f5mbumine, mis v\u00f5imaldab juhtimisk\u00e4sklustele kiiresti reageerida, pakkudes v\u00f5imsat t\u00f5uke- ja t\u00f5mbej\u00f5udu, mis sobib raskete esemete ja keerukate t\u00f6\u00f6\u00fclesannete k\u00e4sitsemiseks.<\/li>\n<li>Erinevad t\u00fc\u00fcbid: Vajadusel saab valida \u00fchetoimelisi (h\u00fcdraulika t\u00f6\u00f6tab ainult \u00fches suunas) v\u00f5i kahetoimelisi (h\u00fcdraulika t\u00f6\u00f6tab m\u00f5lemas suunas) silindreid, et rahuldada erinevaid t\u00f6\u00f6tingimusi. M\u00f5ned mudelid on teleskoopilised, mis v\u00f5imaldab suuremat pikendamist ilma v\u00e4lism\u00f5\u00f5tmeid suurendamata, mist\u00f5ttu sobivad need piiratud ruumiga rakenduste jaoks.<\/li>\n<li>T\u00e4iuslik asendus: Meie toode suudab need h\u00fcdraulilised silindrid ideaalselt asendada laia valiku \u00fchilduvate mudelitega.<\/li>\n<\/ul>\n<p><img decoding=\"async\" src=\"https:\/\/www.hydraulic-cylinders.net\/wp-content\/uploads\/2025\/01\/songte-cylinder-head-with-all-kinds-excavator-models.webp\" alt=\"\u00c4mbri silindri asendamise pilt\"><\/p>\n<h2>Taotlus<\/h2>\n<p>Kopa silindreid kasutatakse laialdaselt ehitus-, p\u00f5llumajandus- ja kaevandusmasinates. Allpool on toodud m\u00f5ned nende olulisemad rakendused:<\/p>\n<h3>Ehitustehnika<\/h3>\n<p>Kopasilindrid on ekskavaatorites olulised pinnase v\u00f5i prahi kaevamiseks, laadimiseks ja teisaldamiseks. Ekskavaator-laadurites aitavad kopasilindrid nii kaevamisel kui ka t\u00f5stmisel. <\/p>\n<h3>P\u00f5llumajandustehnika<\/h3>\n<p>Neid kasutatakse esilaadurite jaoks, mulla, heina ja muude materjalide k\u00fchveldamiseks, t\u00f5stmiseks ja transportimiseks.<\/p>\n<h3>Ekskavaatorid<\/h3>\n<p>Kopasilindrid v\u00f5imaldavad kaevamist, lastes kopal pinnasesse tungida.<\/p>\n<h3>Laadurid<\/h3>\n<p>Esilaadurites aitavad need lasti t\u00f5husalt t\u00f5sta ja maha laadida.<\/p>\n<p><img decoding=\"async\" src=\"https:\/\/www.hydraulic-cylinders.net\/wp-content\/uploads\/2025\/01\/songte-bushings-with-all-kinds-of-excavator-models.webp\" alt=\"Kopasilindri rakenduse pilt\"><\/p>\n<h2>Projekteerimiskaalutlused ja valikukriteeriumid<\/h2>\n<p>Kopasilindrid on rasketehnika olulised komponendid, seega tuleks optimaalse j\u00f5udluse saavutamiseks arvesse v\u00f5tta nende projekteerimis- ja valikukriteeriume. M\u00f5ned olulised kaalutlused on j\u00e4rgmised:<\/p>\n<h3>Kandev\u00f5ime<\/h3>\n<p>Silinder peaks vastu pidama ehitus- ja kaevamismasinatele iseloomulikele rasketele koormustele. <\/p>\n<h3>Tihendus ja vastupidavus<\/h3>\n<p>Vastupidavuse tagamiseks tuleks valida kulumiskindlatest materjalidest, n\u00e4iteks pol\u00fcuretaanist ja nitriilkummist, valmistatud tihendid, n\u00e4iteks kolvi- ja varrastihendid. Samuti tuleks silindri korpus ja keermestatud otsapinnad kulumiskindluse parandamiseks peenelt t\u00f6\u00f6delda. <\/p>\n<h3>Ohutus ja hooldus<\/h3>\n<p>Kopasilindri komponendid tuleks kokku panna ja hooldada, et tagada ohutu t\u00f6\u00f6 ja v\u00e4ltida \u00f5nnetusi. Optimaalse j\u00f5udluse tagamiseks tuleks teha regulaarset hooldust, n\u00e4iteks m\u00e4\u00e4rimist, tihendite vahetamist ja kalibreerimiskontrolle.<\/p>\n<p><img decoding=\"async\" src=\"https:\/\/www.hydraulic-cylinders.net\/wp-content\/uploads\/2025\/01\/songte-oil-pipes-and-spare-parts.webp\" alt=\"\u00c4mbri silindri kujunduspilt\"><\/p>\n<h2>Tihendus ja m\u00e4\u00e4rimine<\/h2>\n<p>Kopasilindrid vajavad mitmesuguseid tihendusdetaile, n\u00e4iteks kolvitihendeid ja vardatihendeid, mis on valmistatud kulumiskindlatest materjalidest, n\u00e4iteks pol\u00fcuretaanist ja nitriilkummist. Silindri korpus ja keermestatud otsapinnad on samuti peenelt t\u00f6\u00f6deldud, et parandada kulumiskindlust. M\u00e4\u00e4rimise tagamiseks on oluline regulaarselt lisada sobivat h\u00fcdraulika\u00f5li.<\/p>\n<h2>Hooldus ja remont<\/h2>\n<p>Kopasilindrite n\u00f5uetekohane hooldus on nende optimaalse j\u00f5udluse ja pikaealisuse tagamiseks \u00fclioluline. Optimaalse j\u00f5udluse tagamiseks tuleks teha regulaarseid kontrolle, m\u00e4\u00e4rimist, tihendite vahetamist ja kalibreerimist. <\/p>\n<h2>Paigaldusjuhised<\/h2>\n<p>Kopasilindrite n\u00f5uetekohaseks t\u00f6\u00f6ks on oluline \u00f5ige paigaldamine. Arvesse tuleks v\u00f5tta j\u00e4rgmisi n\u00e4pun\u00e4iteid:<\/p>\n<ul>\n<li>Veenduge, et silinder oleks seadmega \u00f5igesti joondatud<\/li>\n<li>Kasutage silindri kinnitamiseks sobivaid kinnitusklambreid<\/li>\n<li>J\u00e4rgige soovitatud kontrolli-, remondi- ja asendusprotseduure<\/li>\n<li>Silindri pikaealisuse parandamiseks kasutage \u00f5igeid osi ja remonditeenuseid.<\/li>\n<\/ul>\n<p><img decoding=\"async\" src=\"https:\/\/www.hydraulic-cylinders.net\/wp-content\/uploads\/2025\/01\/songte-chushion-collar.webp\" alt=\"\u00c4mbrisilindri paigalduspilt\"><\/p>\n<h2>Ohutuskaalutlused ja keskkonnategurid<\/h2>\n<p>Kopasilindrid tuleks paigaldada ja hooldada vastavalt tootja juhistele, et tagada ohutus. Keskkonnategurid, nagu ilm, temperatuur ja niiskus, v\u00f5ivad silindri j\u00f5udlust m\u00f5jutada, seega tuleks optimaalse j\u00f5udluse tagamiseks teha regulaarseid hoolduskontrolle.<\/p>\n<h2>Veaotsing ja levinud probleemid<\/h2>\n<p>M\u00f5ned levinud probleemid, millega kopasilindrid v\u00f5ivad kokku puutuda, on leke, halb j\u00f5udlus ning kulumine. Nende probleemide t\u00f5rkeotsinguks on oluline probleem \u00f5igesti diagnoosida ja kasutada sobivaid remondi- ja asendusmeetodeid. Ennetavad meetmed, nagu regulaarne hooldus ja kulunud osade vahetamine, aitavad potentsiaalseid probleeme minimeerida.<\/p>\n<p><img decoding=\"async\" src=\"https:\/\/hzpt.com\/wp-content\/uploads\/2024\/11\/songte-company-1.webp\" alt=\"\u00c4mbrisilindri t\u00f5rkeotsingu pilt\"><\/p>\n<h2>Meie ettev\u00f5ttest<\/h2>\n<p>Oleme asendush\u00fcdrauliliste silindrite tootja ning juhtiv h\u00fcdrauliliste silindrite tootja ja hulgim\u00fc\u00fcja nii sise- kui ka rahvusvahelisel turul. J\u00e4rgime t\u00f6\u00f6stusliku tootmise juhtimise strateegiat, mis p\u00f5hineb suurep\u00e4rasel kvaliteedil, tuginedes tehniliste oskuste, digitaalsete tipptasemel tootmisseadmete ja professionaalsete testimiss\u00fcsteemide rakendamisele. J\u00e4tkame t\u00f6\u00f6koja tootmisplatvormi t\u00e4iustamist, tootekvaliteedi parandamist tootmisliinil ning omame tugevat loomingulist v\u00f5imekust, et rahuldada klientide mitmekesiseid vajadusi, j\u00e4rgides k\u00f5rge efektiivsuse, suure t\u00e4psuse ja k\u00f5rge kvaliteedi p\u00f5him\u00f5tteid.<\/p>\n<p><img decoding=\"async\" src=\"https:\/\/www.hydraulic-cylinders.net\/wp-content\/uploads\/2025\/01\/songte-company-3.webp\" alt=\"Meie ettev\u00f5tte kuvand\"><\/p>\n<h3>Professionaalsus<\/h3>\n<p>Meil on professionaalide meeskond, kes on p\u00fchendunud kvaliteetse teenuse ja toe pakkumisele.<\/p>\n<h3>Rahvusvaheline sertifitseerimine<\/h3>\n<p>Meie tooted on saanud rahvusvahelise sertifikaadi, mis tagab nende vastavuse k\u00f5rgeimatele kvaliteedistandarditele.<\/p>\n<h3>Kohandamine<\/h3>\n<p>Oleme v\u00f5imelised kohandama vastavalt klientide individuaalsetele vajadustele.<\/p>\n<h3>Tootmisseadmed<\/h3>\n<p>Kasutame oma toodete tootmiseks tipptasemel seadmeid, et tagada optimaalne j\u00f5udlus ja pikaealisus.<\/p>\n<h3>M\u00fc\u00fcgij\u00e4rgne teenindus<\/h3>\n<p>Pakume m\u00fc\u00fcgij\u00e4rgset teenindust, et tagada meie klientide rahulolu meie toodete ja teenustega.<\/p>\n<p>Autor: lyl<\/p>","protected":false},"excerpt":{"rendered":"<p>Bucket Cylinder For Komatsu Small Excavator PC130-8MO.HB205-1MO.HB2152C-1MO Introduction A bucket cylinder is a specially designed hydraulic cylinder, mainly used to control the movement of buckets in heavy machinery such as excavators, backhoe loaders, and front-end loaders. Its main function is to enable the bucket to lift, lower, and tilt, making it easier to handle various [&hellip;]<\/p>","protected":false},"featured_media":14761,"comment_status":"open","ping_status":"closed","template":"","meta":{"_et_pb_use_builder":"","_et_pb_old_content":"","_et_gb_content_width":""},"product_brand":[],"product_cat":[1494],"product_tag":[1495,1496],"class_list":{"0":"post-15131","1":"product","2":"type-product","3":"status-publish","4":"has-post-thumbnail","6":"product_cat-bucket-cylinders","7":"product_tag-bucket-cylinders","8":"product_tag-hydraulic-cylinders","10":"first","11":"instock","12":"shipping-taxable","13":"product-type-simple"},"amp_enabled":true,"_links":{"self":[{"href":"https:\/\/www.hydraulic-cylinders.net\/et\/wp-json\/wp\/v2\/product\/15131","targetHints":{"allow":["GET"]}}],"collection":[{"href":"https:\/\/www.hydraulic-cylinders.net\/et\/wp-json\/wp\/v2\/product"}],"about":[{"href":"https:\/\/www.hydraulic-cylinders.net\/et\/wp-json\/wp\/v2\/types\/product"}],"replies":[{"embeddable":true,"href":"https:\/\/www.hydraulic-cylinders.net\/et\/wp-json\/wp\/v2\/comments?post=15131"}],"wp:featuredmedia":[{"embeddable":true,"href":"https:\/\/www.hydraulic-cylinders.net\/et\/wp-json\/wp\/v2\/media\/14761"}],"wp:attachment":[{"href":"https:\/\/www.hydraulic-cylinders.net\/et\/wp-json\/wp\/v2\/media?parent=15131"}],"wp:term":[{"taxonomy":"product_brand","embeddable":true,"href":"https:\/\/www.hydraulic-cylinders.net\/et\/wp-json\/wp\/v2\/product_brand?post=15131"},{"taxonomy":"product_cat","embeddable":true,"href":"https:\/\/www.hydraulic-cylinders.net\/et\/wp-json\/wp\/v2\/product_cat?post=15131"},{"taxonomy":"product_tag","embeddable":true,"href":"https:\/\/www.hydraulic-cylinders.net\/et\/wp-json\/wp\/v2\/product_tag?post=15131"}],"curies":[{"name":"wp","href":"https:\/\/api.w.org\/{rel}","templated":true}]}}