{"id":15132,"date":"2025-01-19T14:08:45","date_gmt":"2025-01-19T14:08:45","guid":{"rendered":"https:\/\/www.hydraulic-cylinders.net\/product\/bucket-cylinder-for-komatsu-middle-excavator-pc150-5\/"},"modified":"2025-01-19T14:08:47","modified_gmt":"2025-01-19T14:08:47","slug":"bucket-cylinder-for-komatsu-middle-excavator-pc150-5","status":"publish","type":"product","link":"https:\/\/www.hydraulic-cylinders.net\/et\/toode\/bucket-cylinder-for-komatsu-middle-excavator-pc150-5\/","title":{"rendered":"Komatsu keskmise ekskavaatori PC150-5 kopa silinder"},"content":{"rendered":"<h1>Komatsu keskmise ekskavaatori PC150-5 kopa silinder<\/h1>\n<h2>Sissejuhatus<\/h2>\n<p>Komatsu keskmise ekskavaatori PC150-5 kopa silinder on h\u00fcdrauliline silinder, mis on spetsiaalselt loodud kopa liikumise juhtimiseks rasketes masinates, n\u00e4iteks ekskavaatorites, ekskavaatorites ja esilaadurites. Selle peamine \u00fclesanne on v\u00f5imaldada kopa t\u00f5stmist, langetamist ja kallutamist, muutes mitmesuguste materjalik\u00e4itlust\u00f6\u00f6de tegemise lihtsamaks. H\u00fcdraulikas\u00fcsteemis saavutab kopa silinder kopa liikumise t\u00e4pse juhtimise h\u00fcdraulika\u00f5li r\u00f5hu muutuste abil, v\u00f5imaldades operaatoril t\u00f5husalt k\u00e4sitseda raskeid esemeid ning kohaneda keerukate t\u00f6\u00f6keskkondade ja mitmekesiste t\u00f6\u00f6n\u00f5uetega.<\/p>\n<p><img decoding=\"async\" src=\"https:\/\/www.hydraulic-cylinders.net\/wp-content\/uploads\/2025\/01\/songte-company-2.webp\"><\/p>\n<h2>Omadused<\/h2>\n<ul>\n<li>Suur tugevus ja vastupidavus: tavaliselt valmistatud \u00fclitugevast terasest v\u00f5i alumiiniumist, talub k\u00f5rget r\u00f5hku ja suuri koormusi, on kohandatud karmidele t\u00f6\u00f6keskkondadele ning on konstrueeritud kulumis- ja korrosioonikindlust silmas pidades, et pikendada kasutusiga.<\/li>\n<li>T\u00f5hus h\u00fcdrauliline t\u00f6\u00f6: h\u00fcdraulika\u00f5li r\u00f5hu abil saavutatakse sujuv pikendus- ja kokkut\u00f5mbumisliikumine, reageerib kiiresti juhtimisk\u00e4sklustele, pakub v\u00f5imast t\u00f5uke- ja t\u00f5mbej\u00f5udu, sobib raskete esemete k\u00e4sitsemiseks ja keerukate t\u00f6\u00f6de tegemiseks.<\/li>\n<li>Erinevad t\u00fc\u00fcbid: \u00fchetoimelisi (h\u00fcdraulilist juhtimist kasutatakse ainult \u00fches suunas) v\u00f5i kahetoimelisi (h\u00fcdraulilist juhtimist kasutatakse m\u00f5lemas suunas) silindreid saab valida vastavalt vajadustele, et rahuldada erinevaid t\u00f6\u00f6vajadusi, ja m\u00f5ned mudelid on teleskoopilised, mis v\u00f5imaldavad suuremat pikendamist ilma v\u00e4lism\u00f5\u00f5tmeid suurendamata, sobides piiratud ruumiga rakenduste jaoks.<\/li>\n<li>Vahetatav: meie tooted saavad neid h\u00fcdrosilindreid ideaalselt asendada.<\/li>\n<li>Kohandatav: saame \u00e4mbrisilindri valmistada vastavalt kliendi n\u00f5uetele.<\/li>\n<\/ul>\n<p><img decoding=\"async\" src=\"https:\/\/www.hydraulic-cylinders.net\/wp-content\/uploads\/2025\/01\/songte-cylinder-head-with-all-kinds-excavator-models.webp\"><\/p>\n<h2>Rakendused<\/h2>\n<p>Kopasilindril on lai valik rakendusi erinevates t\u00f6\u00f6stusharudes, sealhulgas:<\/p>\n<ul>\n<li>Ehitustehnika: ekskavaatorid, kopalaadurid ja esilaadurid kasutavad kopasilindrit kaevamiseks, laadimiseks ja pinnase v\u00f5i prahi teisaldamiseks.<\/li>\n<li>P\u00f5llumajandustehnika: kasutatakse esilaadurites mulla, heina ja muude materjalide k\u00fchveldamiseks, t\u00f5stmiseks ja transportimiseks.<\/li>\n<li>Ekskavaatorid: kopasilindrid v\u00f5imaldavad kaevamist, lastes kopal pinnasesse tungida.<\/li>\n<li>Laadurid: esilaadurites aitavad need lasti t\u00f5husalt t\u00f5sta ja kallutada.<\/li>\n<\/ul>\n<h2>Projekteerimiskaalutlused ja valikukriteeriumid<\/h2>\n<p>Kopasilindri projekteerimisel tuleb arvestada kandev\u00f5ime, tihendusega, vastupidavuse, ohutuse ja hooldatavusega. Peamised projekteerimiskaalutlused on j\u00e4rgmised:<\/p>\n<ul>\n<li>Kandev\u00f5ime: silinder peab vastu pidama suurtele koormustele ilma deformatsiooni v\u00f5i purunemiseta.<\/li>\n<li>Tihendus: \u00f5lilekete v\u00e4ltimiseks ja s\u00fcsteemi r\u00f5hu s\u00e4ilitamiseks kasutatakse mitmesuguseid tihenduskomponente, n\u00e4iteks kolvitihendeid ja varrastihendeid.<\/li>\n<li>Vastupidavus: silinder peab vastu pidama karmidele t\u00f6\u00f6tingimustele ning olema kulumis- ja korrosioonikindel.<\/li>\n<li>Ohutus: ohutu t\u00f6\u00f6 tagamiseks on vajalikud sellised meetmed nagu ohutusventiilide ja \u00fclekoormuskaitseseadmete kasutamine.<\/li>\n<li>Hooldatavus: ballooni peab olema lihtne lahti v\u00f5tta, puhastada, kontrollida ja uuesti kokku panna, et h\u00f5lbustada hooldust ja remonti.<\/li>\n<\/ul>\n<p><img decoding=\"async\" src=\"https:\/\/www.hydraulic-cylinders.net\/wp-content\/uploads\/2025\/01\/songte-oil-pipes-and-spare-parts.webp\"><\/p>\n<h2>Tihendamine ja m\u00e4\u00e4rimine<\/h2>\n<p>Kopasilindris kasutatakse \u00f5lilekke v\u00e4ltimiseks erinevat t\u00fc\u00fcpi tihendeid, n\u00e4iteks kolvitihendeid ja vardatihendeid, mis on valmistatud kulumiskindlatest materjalidest, n\u00e4iteks pol\u00fcuretaanist ja nitriilkummist. Silindri korpus ja keermestatud otsapind on peenelt t\u00f6\u00f6deldud, et parandada kulumiskindlust. M\u00e4\u00e4rimiseks on vaja regulaarselt lisada sobivat kogust h\u00fcdraulika\u00f5li.<\/p>\n<h2>Hooldus ja remont<\/h2>\n<p>Kopasilindri pikaajalise t\u00f6\u00f6kindluse tagamiseks on vaja regulaarset kontrolli ja ennetavat hooldust. Levinud hooldust\u00f6\u00f6d h\u00f5lmavad j\u00e4rgmist:<\/p>\n<ul>\n<li>Regulaarne kontroll: kontrollige silindri seisukorda, n\u00e4iteks pragusid, kulumist, deformatsiooni ja lekkeid.<\/li>\n<li>N\u00f5uetekohane m\u00e4\u00e4rimine: kasutage sobivat m\u00e4\u00e4rdeainet ja m\u00e4\u00e4ret ning lisage neid regulaarselt.<\/li>\n<li>Tihendite vahetamine: vahetage tihendid viivitamatult v\u00e4lja, kui neil on kulumis- v\u00f5i kahjustusm\u00e4rke.<\/li>\n<li>Kalibreerimiskontroll: kontrollige silindri r\u00f5hku ja vajadusel reguleerige seda.<\/li>\n<\/ul>\n<p><img decoding=\"async\" src=\"https:\/\/www.hydraulic-cylinders.net\/wp-content\/uploads\/2025\/01\/songte-chushion-collar.webp\"><\/p>\n<h2>Ohutus- ja keskkonnakaalutlused<\/h2>\n<p>Kopasilindri kasutamisel on \u00f5nnetuste v\u00e4ltimiseks oluline j\u00e4rgida ohutusmeetmeid, n\u00e4iteks kasutada kaitsevarustust ja paigaldada silinder \u00f5igesti. Keskkonnakaalutluste hulka kuulub silindris kasutatava h\u00fcdraulika\u00f5li n\u00f5uetekohane utiliseerimine, et v\u00e4ltida keskkonna saastamist.<\/p>\n<h2>Rikete diagnoosimine ja ennetamine<\/h2>\n<p>Kopasilindri levinud rikete hulka kuuluvad \u00f5lilekked, kolvi ja varda kahjustused ning ebanormaalne m\u00fcra. Nende rikete v\u00e4ltimiseks on vajalik regulaarne kontroll ja hooldus ning mis tahes rikete kiire parandamine on \u00fclioluline.<\/p>\n<p><img decoding=\"async\" src=\"https:\/\/www.hydraulic-cylinders.net\/wp-content\/uploads\/2025\/01\/songte-bushings-with-all-kinds-of-excavator-models.webp\"><\/p>\n<h2>Meie ettev\u00f5ttest<\/h2>\n<p>Oleme h\u00fcdrosilindrite tootja, mis suudavad asendada teisi h\u00fcdrosilindreid. Meie ettev\u00f5te pakub laia tootevalikut ja on saanud \u00fcheks juhtivaks h\u00fcdrosilindrite tootjaks ja hulgim\u00fc\u00fcjaks nii sise- kui ka rahvusvahelisel turul. J\u00e4rgime suurep\u00e4rase kvaliteedi p\u00f5him\u00f5tet ja tugineme peentootmist\u00f6\u00f6kodades industrialiseeritud tootmisjuhtimise strateegiatele. T\u00e4iustame pidevalt tootmisplatvormi, parandame tootekvaliteedi tootmisliini ning omame tugevaid tootmisv\u00f5imalusi, et rahuldada oma klientide mitmekesiseid vajadusi suure t\u00f5hususega, suure t\u00e4psusega ja k\u00f5rge kvaliteediga.<\/p>\n<ul>\n<li>Professionaalsus: Meil \u200b\u200bon kogenud inseneride ja tehnikute meeskond, kes pakub oma klientidele professionaalseid teenuseid ja tuge.<\/li>\n<li>Rahvusvahelised sertifikaadid: Meie tooted on l\u00e4binud ISO9001, CE ja SGS sertifikaadid ning neid tunnustavad kliendid kogu maailmas.<\/li>\n<li>Kohandamise teenus: Saame oma tooteid kohandada vastavalt klientide erivajadustele.<\/li>\n<li>Tootmisseadmed: Kasutame t\u00e4iustatud tootmisseadmeid, n\u00e4iteks CNC-masinaid ja roboteid, et tagada k\u00f5rge kvaliteet ja efektiivsus.<\/li>\n<li>M\u00fc\u00fcgij\u00e4rgne teenindus: Pakume klientide rahulolu tagamiseks igak\u00fclgset m\u00fc\u00fcgij\u00e4rgset teenindust, mis h\u00f5lmab hooldust, remonti ja varuosade vahetust.<\/li>\n<\/ul>\n<p>Autor: lyl<\/p>","protected":false},"excerpt":{"rendered":"<p>Bucket Cylinder For Komatsu Middle Excavator PC150-5 Introduction The bucket cylinder for Komatsu Middle Excavator PC150-5 is a hydraulic cylinder specially designed to control the movement of the bucket in heavy machinery such as excavators, backhoes, and front loaders. Its main function is to enable the bucket to lift, lower, and tilt, making it easier [&hellip;]<\/p>","protected":false},"featured_media":14789,"comment_status":"open","ping_status":"closed","template":"","meta":{"_et_pb_use_builder":"","_et_pb_old_content":"","_et_gb_content_width":""},"product_brand":[],"product_cat":[1494],"product_tag":[1495,1496],"class_list":{"0":"post-15132","1":"product","2":"type-product","3":"status-publish","4":"has-post-thumbnail","6":"product_cat-bucket-cylinders","7":"product_tag-bucket-cylinders","8":"product_tag-hydraulic-cylinders","10":"first","11":"instock","12":"shipping-taxable","13":"product-type-simple"},"amp_enabled":true,"_links":{"self":[{"href":"https:\/\/www.hydraulic-cylinders.net\/et\/wp-json\/wp\/v2\/product\/15132","targetHints":{"allow":["GET"]}}],"collection":[{"href":"https:\/\/www.hydraulic-cylinders.net\/et\/wp-json\/wp\/v2\/product"}],"about":[{"href":"https:\/\/www.hydraulic-cylinders.net\/et\/wp-json\/wp\/v2\/types\/product"}],"replies":[{"embeddable":true,"href":"https:\/\/www.hydraulic-cylinders.net\/et\/wp-json\/wp\/v2\/comments?post=15132"}],"wp:featuredmedia":[{"embeddable":true,"href":"https:\/\/www.hydraulic-cylinders.net\/et\/wp-json\/wp\/v2\/media\/14789"}],"wp:attachment":[{"href":"https:\/\/www.hydraulic-cylinders.net\/et\/wp-json\/wp\/v2\/media?parent=15132"}],"wp:term":[{"taxonomy":"product_brand","embeddable":true,"href":"https:\/\/www.hydraulic-cylinders.net\/et\/wp-json\/wp\/v2\/product_brand?post=15132"},{"taxonomy":"product_cat","embeddable":true,"href":"https:\/\/www.hydraulic-cylinders.net\/et\/wp-json\/wp\/v2\/product_cat?post=15132"},{"taxonomy":"product_tag","embeddable":true,"href":"https:\/\/www.hydraulic-cylinders.net\/et\/wp-json\/wp\/v2\/product_tag?post=15132"}],"curies":[{"name":"wp","href":"https:\/\/api.w.org\/{rel}","templated":true}]}}