{"id":15134,"date":"2025-01-19T14:08:54","date_gmt":"2025-01-19T14:08:54","guid":{"rendered":"https:\/\/www.hydraulic-cylinders.net\/product\/bucket-cylinder-for-komatsu-middle-excavator-pc228\/"},"modified":"2025-01-19T14:08:56","modified_gmt":"2025-01-19T14:08:56","slug":"bucket-cylinder-for-komatsu-middle-excavator-pc228","status":"publish","type":"product","link":"https:\/\/www.hydraulic-cylinders.net\/et\/toode\/bucket-cylinder-for-komatsu-middle-excavator-pc228\/","title":{"rendered":"Komatsu keskmise ekskavaatori PC228 kopa silinder"},"content":{"rendered":"<h1>Komatsu keskmise ekskavaatori PC228 kopa silinder<\/h1>\n<h2>Sissejuhatus<\/h2>\n<p>Komatsu keskmise ekskavaatori PC228 kopa silinder on spetsiaalne h\u00fcdrauliline silinder, mis on loodud kopa liikumise juhtimiseks rasketes masinates, n\u00e4iteks ekskavaatorites, esilaadurites ja esilaadurites. Selle peamine \u00fclesanne on v\u00f5imaldada kopa t\u00f5stmist, langetamist ja kallutamist, muutes mitmesuguste materjalik\u00e4itlust\u00f6\u00f6de tegemise lihtsamaks. H\u00fcdraulikas\u00fcsteemis juhib kopa silinder kopa t\u00e4pset liikumist, muutes h\u00fcdraulika\u00f5li r\u00f5hku, v\u00f5imaldades operaatoril t\u00f5husalt k\u00e4sitseda raskeid koormaid ning kohaneda keerukate t\u00f6\u00f6keskkondade ja mitmekesiste t\u00f6\u00f6n\u00f5uetega.<\/p>\n<p><img decoding=\"async\" src=\"https:\/\/www.hydraulic-cylinders.net\/wp-content\/uploads\/2025\/01\/songte-company-2.webp\" alt=\"Komatsu keskmise ekskavaatori PC228 kopa silinder\" \/><\/p>\n<h2>Omadused<\/h2>\n<ul>\n<li><strong>Suur tugevus ja vastupidavus:<\/strong> Tavaliselt \u00fclitugevast terasest v\u00f5i alumiiniumist valmistatud toode talub k\u00f5rget r\u00f5hku ja suuri koormusi, kohandudes karmide t\u00f6\u00f6keskkondadega. Selle disain arvestab kulumiskindluse ja korrosioonikindlusega, pikendades selle kasutusiga.<\/li>\n<li><strong>T\u00f5hus h\u00fcdrauliline t\u00f6\u00f6:<\/strong> Kasutades h\u00fcdraulika\u00f5li r\u00f5hku sujuva teleskoopliikumise saavutamiseks, reageerib see kiiresti t\u00f6\u00f6k\u00e4skudele ning pakub v\u00f5imsat t\u00f5uke- ja t\u00f5mbej\u00f5udu, mis sobib raskete koormate ja keerukate t\u00f6\u00f6\u00fclesannete k\u00e4sitsemiseks.<\/li>\n<li><strong>Erinevad t\u00fc\u00fcbid:<\/strong> Vastavalt oma vajadustele saate valida \u00fchetoimeliste (h\u00fcdrauliline ainult \u00fches suunas) v\u00f5i kahetoimeliste (h\u00fcdrauliline m\u00f5lemas suunas) silindrite vahel. M\u00f5ned mudelid on teleskoopilised, v\u00f5imaldades suuremat pikendamist ilma v\u00e4lism\u00f5\u00f5tmeid suurendamata, sobides piiratud ruumides kasutamiseks.<\/li>\n<li><strong>Kohandatav:<\/strong> Meie ettev\u00f5te suudab seda toodet toota ja sobib ideaalselt teiste h\u00fcdrosilindrite jaoks.<\/li>\n<\/ul>\n<p><img decoding=\"async\" src=\"https:\/\/www.hydraulic-cylinders.net\/wp-content\/uploads\/2025\/01\/songte-cylinder-head-with-all-kinds-excavator-models.webp\" alt=\"Komatsu keskmise ekskavaatori PC228 kopa silinder\" \/><\/p>\n<h2>Rakendused<\/h2>\n<p>Komatsu keskmise ekskavaatori PC228 kopa silinder sobib erinevatele rasketele masinatele, sealhulgas:<\/p>\n<ul>\n<li><strong>Ehitustehnika:<\/strong> Ekskavaatorites leiduvad silindrid on olulised kaevamiseks, laadimiseks ja pinnase v\u00f5i prahi teisaldamiseks. Ekskavaator-laadurites abistab kopa silinder nii kaevamisel kui ka t\u00f5stmisel.<\/li>\n<li><strong>P\u00f5llumajandusmasinad:<\/strong> Esilaaduritel kasutatavate seadmete abil saab neid kaevata, t\u00f5sta ja transportida mulda, heina ja muid materjale. Ekskavaatorites v\u00f5imaldavad kopasilindrid kaevamist, lastes kopal pinnasesse tungida.<\/li>\n<li><strong>Laaduri varustus:<\/strong> Esilaadurites aitavad need lasti t\u00f5husalt t\u00f5sta ja kallutada.<\/li>\n<\/ul>\n<h2>Projekteerimiskaalutlused ja valikukriteeriumid<\/h2>\n<ul>\n<li><strong>Kandev\u00f5ime:<\/strong> See peaks vastu pidama maksimaalsetele koormustele, millega see t\u00f6\u00f6 ajal kokku puutuda v\u00f5ib.<\/li>\n<li><strong>Tihendus:<\/strong> Erinevate tihenduselementide, n\u00e4iteks kolvitihendite, vardatihendite jms kasutamine. Tihenduselemendid peaksid olema valmistatud kulumiskindlatest materjalidest, n\u00e4iteks pol\u00fcuretaanist v\u00f5i nitriilkummist, ning silindri korpus ja keermestatud otsapinnad tuleks kulumiskindluse parandamiseks peenelt t\u00f6\u00f6delda.<\/li>\n<li><strong>Vastupidavus:<\/strong> Balloon peaks olema konstrueeritud nii, et see taluks keskkonnategureid, millega see kokku puutub, n\u00e4iteks korrosiooni ja h\u00f5\u00f5rdumist.<\/li>\n<li><strong>Ohutus:<\/strong> \u00d5nnetuste ja vigastuste v\u00e4ltimiseks tuleks disaini sisse ehitada ohutuselemendid.<\/li>\n<li><strong>Hooldatavus:<\/strong> Toodet peaks olema lihtne hooldada ja parandada, et v\u00e4hendada seisakuid ja tagada pikk kasutusiga.<\/li>\n<\/ul>\n<p><img decoding=\"async\" src=\"https:\/\/www.hydraulic-cylinders.net\/wp-content\/uploads\/2025\/01\/songte-oil-pipes-and-spare-parts.webp\" alt=\"Komatsu keskmise ekskavaatori PC228 kopa silinder\" \/><\/p>\n<h2>Tihendus ja m\u00e4\u00e4rimine<\/h2>\n<p>Komatsu keskmise ekskavaatori PC228 kopasilindris kasutatakse mitmesuguseid tihenduselemente, et tagada h\u00fcdraulikas\u00fcsteemi t\u00f5hus t\u00f6\u00f6. Silindri korpus ja keermestatud otsapinnad on t\u00e4pselt t\u00f6\u00f6deldud, et parandada kulumiskindlust. Vajalik on regulaarne m\u00e4\u00e4rimine sobiva h\u00fcdraulika\u00f5liga.<\/p>\n<p><img decoding=\"async\" src=\"https:\/\/www.hydraulic-cylinders.net\/wp-content\/uploads\/2025\/01\/songte-chushion-collar.webp\" alt=\"Komatsu keskmise ekskavaatori PC228 kopa silinder\" \/><\/p>\n<h2>Hooldus ja remont<\/h2>\n<p>J\u00e4rgnevad on tavalised hooldust\u00f6\u00f6d:<\/p>\n<ul>\n<li>Regulaarne kontroll<\/li>\n<li>\u00d5ige m\u00e4\u00e4rimine<\/li>\n<li>Tihendi vahetamine<\/li>\n<li>Kalibreerimiskontroll<\/li>\n<\/ul>\n<p>Pika kasutusea tagamiseks on oluline \u00f5ige paigaldamine, m\u00e4\u00e4rimine ja reguleerimine. Paigaldamise ajal on soovitatav silinder \u00f5igesti joondada ja kinnitamiseks kasutada sobivaid kinnitusklambreid. Komatsu keskmise ekskavaatori PC228 kopasilindri optimaalse j\u00f5udluse s\u00e4ilitamiseks ja kasutusea pikendamiseks on soovitatav regulaarne kontroll, remont ja vahetus.<\/p>\n<p><img decoding=\"async\" src=\"https:\/\/www.hydraulic-cylinders.net\/wp-content\/uploads\/2025\/01\/songte-bushings-with-all-kinds-of-excavator-models.webp\" alt=\"Komatsu keskmise ekskavaatori PC228 kopa silinder\" \/><\/p>\n<h2>Ohutuskaalutlused ja keskkonnategurid<\/h2>\n<p>Komatsu keskmise kaarega ekskavaatori PC228 kopasilindri kasutamisel on \u00f5nnetuste ja vigastuste v\u00e4ltimiseks ohutusmeetmed \u00fcliolulised. H\u00fcdrauliliste silindrite projekteerimisel ja valimisel tuleks arvesse v\u00f5tta keskkonnategureid, nagu temperatuur ja niiskus.<\/p>\n<h2>Vea diagnoosimine ja levinud probleemid<\/h2>\n<p>Levinud rikete hulka kuuluvad \u00f5lileke, ebanormaalne m\u00fcra ning aeglane v\u00f5i ebastabiilne liikumine. Neid v\u00f5ivad p\u00f5hjustada mitmesugused tegurid, n\u00e4iteks kulumine, tihendite rike v\u00f5i vale paigaldus.<\/p>\n<h2>Ettev\u00f5tte tutvustus<\/h2>\n<p>Oleme kvaliteetsete asendush\u00fcdrauliliste silindrite tootja ning juhtiv h\u00fcdrauliliste silindrite tootja ja hulgim\u00fc\u00fcja nii sise- kui ka v\u00e4listurul. J\u00e4rgime suurep\u00e4rase kvaliteedi strateegiat, toetume peentootmist\u00f6\u00f6kodade t\u00f6\u00f6stusliku tootmise juhtimisele ning t\u00e4iustame pidevalt t\u00f6\u00f6koja toodete tootmisplatvormi tehniliste oskuste, digitaalsete tipptasemel tootmisseadmete ja professionaalsete testimiss\u00fcsteemide osas. T\u00f5husate, t\u00e4psete ja k\u00f5rgekvaliteediliste p\u00f5him\u00f5tetega vastame klientide mitmekesistele vajadustele.<\/p>\n<p><img decoding=\"async\" src=\"https:\/\/hzpt.com\/wp-content\/uploads\/2024\/11\/songte-company-1.webp\" alt=\"Komatsu keskmise ekskavaatori PC228 kopa silinder\" \/><\/p>\n<h3>Professionaalsus:<\/h3>\n<p>Meil on professionaalide meeskond, kes j\u00e4rgib oma t\u00f6\u00f6s k\u00f5rgeimaid standardeid, tagades oma klientidele kvaliteetsed tooted ja teenused.<\/p>\n<h3>Rahvusvaheline sertifitseerimine:<\/h3>\n<p>Meie ettev\u00f5ttel on mitmed rahvusvahelised sertifikaadid, n\u00e4iteks ISO9001 ja CE, mis tagavad meie toodete vastavuse \u00fclemaailmsetele kvaliteedistandarditele.<\/p>\n<h3>Kohandamise teenused:<\/h3>\n<p>Pakume kohandamisteenuseid, et rahuldada klientide mis tahes erivajadusi ja n\u00f5udeid.<\/p>\n<h3>Tootmisseadmed:<\/h3>\n<p>Meie tootmisseadmete hulka kuuluvad t\u00e4iustatud CNC-t\u00f6\u00f6tluskeskused, testimisseadmed ja muud k\u00f5rgtehnoloogilised seadmed, mis v\u00f5imaldavad meil toota kvaliteetseid tooteid.<\/p>\n<h3>M\u00fc\u00fcgij\u00e4rgne teenindus:<\/h3>\n<p>Pakume suurep\u00e4rast m\u00fc\u00fcgij\u00e4rgset teenindust, et tagada meie klientide rahulolu meie toodete ja teenustega, sealhulgas regulaarne hooldus, kontroll, remont ja varuosade vahetamine.<\/p>\n<p>Autor: lyl<\/p>","protected":false},"excerpt":{"rendered":"<p>Bucket Cylinder For Komatsu Middle Excavator PC228 Introduction The Bucket Cylinder for Komatsu Middle Excavator PC228 is a specialized hydraulic cylinder designed to control the movement of the bucket in heavy machinery such as excavators, backhoes, and front-end loaders. Its primary function is to allow the bucket to lift, lower, and tilt, making it easier [&hellip;]<\/p>","protected":false},"featured_media":14787,"comment_status":"open","ping_status":"closed","template":"","meta":{"_et_pb_use_builder":"","_et_pb_old_content":"","_et_gb_content_width":""},"product_brand":[],"product_cat":[1494],"product_tag":[1495,1496],"class_list":{"0":"post-15134","1":"product","2":"type-product","3":"status-publish","4":"has-post-thumbnail","6":"product_cat-bucket-cylinders","7":"product_tag-bucket-cylinders","8":"product_tag-hydraulic-cylinders","10":"first","11":"instock","12":"shipping-taxable","13":"product-type-simple"},"amp_enabled":true,"_links":{"self":[{"href":"https:\/\/www.hydraulic-cylinders.net\/et\/wp-json\/wp\/v2\/product\/15134","targetHints":{"allow":["GET"]}}],"collection":[{"href":"https:\/\/www.hydraulic-cylinders.net\/et\/wp-json\/wp\/v2\/product"}],"about":[{"href":"https:\/\/www.hydraulic-cylinders.net\/et\/wp-json\/wp\/v2\/types\/product"}],"replies":[{"embeddable":true,"href":"https:\/\/www.hydraulic-cylinders.net\/et\/wp-json\/wp\/v2\/comments?post=15134"}],"wp:featuredmedia":[{"embeddable":true,"href":"https:\/\/www.hydraulic-cylinders.net\/et\/wp-json\/wp\/v2\/media\/14787"}],"wp:attachment":[{"href":"https:\/\/www.hydraulic-cylinders.net\/et\/wp-json\/wp\/v2\/media?parent=15134"}],"wp:term":[{"taxonomy":"product_brand","embeddable":true,"href":"https:\/\/www.hydraulic-cylinders.net\/et\/wp-json\/wp\/v2\/product_brand?post=15134"},{"taxonomy":"product_cat","embeddable":true,"href":"https:\/\/www.hydraulic-cylinders.net\/et\/wp-json\/wp\/v2\/product_cat?post=15134"},{"taxonomy":"product_tag","embeddable":true,"href":"https:\/\/www.hydraulic-cylinders.net\/et\/wp-json\/wp\/v2\/product_tag?post=15134"}],"curies":[{"name":"wp","href":"https:\/\/api.w.org\/{rel}","templated":true}]}}