{"id":1514,"date":"2023-09-27T09:17:18","date_gmt":"2023-09-27T09:17:18","guid":{"rendered":"https:\/\/hydraulic-cylinders.net\/?post_type=product&#038;p=1514"},"modified":"2025-04-11T01:49:35","modified_gmt":"2025-04-11T01:49:35","slug":"aerial-work-platform-electric-cylinder","status":"publish","type":"product","link":"https:\/\/www.hydraulic-cylinders.net\/et\/toode\/aerial-work-platform-electric-cylinder\/","title":{"rendered":"T\u00f5steplatvormi elektriline silinder"},"content":{"rendered":"<h1 style=\"text-align: center;\"><strong>T\u00f5steplatvormi elektriline silinder<\/strong><\/h1>\n<p><img loading=\"lazy\" decoding=\"async\" class=\"wp-image-1515 aligncenter\" src=\"https:\/\/hydraulic-cylinders.net\/wp-content\/uploads\/2023\/09\/electric-cylinder-1-300x300.webp\" alt=\"\" width=\"400\" height=\"400\" \/><\/p>\n<p>T\u00f5stukt\u00f5stuki elektriline silinder on tipptasemel h\u00fcdrauliline komponent, mis on loodud efektiivsuse ja ohutuse suurendamiseks k\u00f5rgendatud t\u00f6\u00f6keskkondades. See uuenduslik silinder on t\u00f5stet\u00f5stukite puhul kriitilise t\u00e4htsusega, pakkudes t\u00f6\u00f6tajatele, t\u00f6\u00f6riistadele ja seadmetele t\u00e4pset ja kontrollitud vertikaalset liikumist.<\/p>\n<p>\u00dcha rangemate keskkonnakaitseseaduste ja -m\u00e4\u00e4ruste t\u00f5ttu suureneb j\u00e4rk-j\u00e4rgult inimeste keskkonnateadlikkus ning ehitusmasinatele esitatavad n\u00f5uded kasvavad. Madala m\u00fcrataseme ja muude eelistega t\u00e4idavad lekkevabad, k\u00f5rge efektiivsusega ja v\u00e4hese saastega elektrisilindrid selle vajaduse. Igasugused ehitusmasinad v\u00f5i manipulaatorid, millel on mehaanilised kandurid elektrisilindritena, on paljudes ettev\u00f5tetes j\u00e4rk-j\u00e4rgult populaarseks muutunud.<\/p>\n<p>Elektrilise ajamina on elektrisilindril madal hind, kompaktne konstruktsioon, lihtne paigaldus, k\u00f5rge juhtimist\u00e4psus ja paindlik t\u00f6\u00f6. Mehaanilise liikumiskandjana juhib elektriline silinder kuulkruvi liikumist servomootori p\u00f6\u00f6rlemise kaudu, nii et nurknihe muundatakse lineaarseks nihkeks, et saavutada t\u00e4pne kiiruse, positsiooni ja t\u00f5ukej\u00f5u reguleerimine.<\/p>\n<p>Elektrisilindril on eelised nagu k\u00f5rge efektiivsus, suur kandev\u00f5ime, kiire kiirus, t\u00e4pne ja kontrollitav liikumine jne. Seda kasutatakse laialdaselt lennunduskatsetes, mitme vabadusastmega simulatsioonis, mitme vabadusastmega d\u00fcnaamilises meelelahutuses, mitme vabadusastmega t\u00e4ppist\u00f6\u00f6tluses, robotites, autot\u00f6\u00f6stuses ja muudes seadmete, teras\u00fchenduste valamise, naftakeemia, materjalik\u00e4itluse, survevaluvormide, hallituse juhtimise, ventiilide juhtimise, t\u00e4ppismasinate, farmaatsiamasinate, toiduainete t\u00f6\u00f6tlemise ja muudes valdkondades.<\/p>\n<p>T\u00f5steplatvormi elektrilise silindri peamised omadused:<\/p>\n<ol>\n<li>Sujuv ja t\u00e4pne vertikaalne liikumine:<\/li>\n<\/ol>\n<ul>\n<li>T\u00f5steplatvormi elektriline silinder pakub sujuvat ja t\u00e4pset vertikaalset liikumist, tagades t\u00e4pse positsioneerimise soovitud k\u00f5rgustel.<\/li>\n<li>See v\u00f5imaldab operaatoritel platvormi k\u00f5rgust h\u00f5lpsalt reguleerida, h\u00f5lbustades t\u00f5husat t\u00f6\u00f6d ja suurendades tootlikkust.<\/li>\n<\/ul>\n<ol start=\"2\">\n<li>Elektrilise j\u00f5uallika j\u00f5udlus:<\/li>\n<\/ol>\n<ul>\n<li>See silinder t\u00f6\u00f6tab elektrienergiaga, mis v\u00e4listab vajaduse k\u00e4sitsi pumpamise v\u00f5i v\u00e4liste toiteallikate j\u00e4rele.<\/li>\n<li>See pakub vaikset ja t\u00f5husat t\u00f6\u00f6d, mist\u00f5ttu sobib see siseruumidesse, kus tuleb m\u00fcra ja heitkoguseid minimeerida.<\/li>\n<\/ul>\n<ol start=\"3\">\n<li>Suur kandev\u00f5ime:<\/li>\n<\/ol>\n<ul>\n<li>T\u00f5steplatvormi elektriline silinder on suure kandev\u00f5imega, mis v\u00f5imaldab sellel h\u00f5lpsalt toetada t\u00f6\u00f6tajaid, t\u00f6\u00f6riistu ja raskeid seadmeid.<\/li>\n<li>See on konstrueeritud vastu pidama n\u00f5udlikele t\u00f6\u00f6keskkondadele ja kandma suuri koormusi, ilma et see ohustaks ohutust v\u00f5i j\u00f5udlust.<\/li>\n<\/ul>\n<ol start=\"4\">\n<li>Turvaelemendid:<\/li>\n<\/ol>\n<ul>\n<li>See silinder sisaldab t\u00e4iustatud ohutusfunktsioone, nagu piirl\u00fclitid, avariipeatusnupud ja \u00fclekoormuskaitse.<\/li>\n<li>Need ohutusmehhanismid tagavad operaatori ohutuse, hoides \u00e4ra platvormi liigse liikumise, \u00fclekoormuse v\u00f5i tahtmatu t\u00f6\u00f6tamise.<\/li>\n<\/ul>\n<h2><strong>\u00d5hust t\u00f6\u00f6platvormi elektrilise silindri parameeter:<\/strong><\/h2>\n<table border=\"1\" cellspacing=\"0\" cellpadding=\"0\">\n<tbody>\n<tr>\n<td>Toote nimi<\/td>\n<td>T\u00f5steplatvormi elektriline silinder<\/td>\n<\/tr>\n<tr>\n<td>Omadused:<\/td>\n<td>Realiseeri teleskoopfunktsioon<\/td>\n<\/tr>\n<tr>\n<td>T\u00f5ukej\u00f5ud:<\/td>\n<td>1\u20131000 kN<\/td>\n<\/tr>\n<tr>\n<td>Pinge:<\/td>\n<td>24 V, 48 V, 220 V, 380 V\u2026<\/td>\n<\/tr>\n<tr>\n<td>Elektrilise silindri omadused:<\/td>\n<td>Suur efektiivsus, kiire kiirus,<br \/>\nRaske koormus, k\u00f5rge t\u00e4psus<\/td>\n<\/tr>\n<tr>\n<td>Elektrisilindri rakendused:<\/td>\n<td>K\u00e4\u00e4rt\u00f5stuk, mastit\u00f5stuk,<br \/>\nTulet\u00f5rjeauto, automaatne tootmisliin jne.<\/td>\n<\/tr>\n<\/tbody>\n<\/table>\n<h2><strong>T\u00f5steplatvormi identifitseerimisskeem:<\/strong><\/h2>\n<p><img loading=\"lazy\" decoding=\"async\" class=\"alignnone wp-image-1517 size-full\" src=\"https:\/\/hydraulic-cylinders.net\/wp-content\/uploads\/2023\/09\/aerial-work-platform-cylinder-construct.webp\" alt=\"\" width=\"600\" height=\"400\" srcset=\"https:\/\/hydraulic-cylinders.net\/wp-content\/uploads\/2023\/09\/aerial-work-platform-cylinder-construct.webp 600w, https:\/\/hydraulic-cylinders.net\/wp-content\/uploads\/2023\/09\/aerial-work-platform-cylinder-construct-480x320.webp 480w\" sizes=\"(min-width: 0px) and (max-width: 480px) 480px, (min-width: 481px) 600px, 100vw\" \/><img loading=\"lazy\" decoding=\"async\" class=\"alignnone wp-image-1518\" src=\"https:\/\/hydraulic-cylinders.net\/wp-content\/uploads\/2023\/09\/electric-cylinder-3.webp\" alt=\"\" width=\"600\" height=\"277\" srcset=\"https:\/\/hydraulic-cylinders.net\/wp-content\/uploads\/2023\/09\/electric-cylinder-3.webp 600w, https:\/\/hydraulic-cylinders.net\/wp-content\/uploads\/2023\/09\/electric-cylinder-3-480x222.webp 480w\" sizes=\"(min-width: 0px) and (max-width: 480px) 480px, (min-width: 481px) 600px, 100vw\" \/><\/p>\n<h2><strong>\u00d5hust t\u00f6\u00f6platvormi elektrilise silindri kasutusmeetod:<\/strong><\/h2>\n<ol>\n<li><strong>Platvormi paigaldamine:<\/strong><\/li>\n<\/ol>\n<ul>\n<li>T\u00f5steplatvormi elektrilise silindri n\u00f5uetekohaseks paigaldamiseks j\u00e4rgige tootja juhiseid.<\/li>\n<li>Veenduge, et silinder on kindlalt t\u00f5steplatvormi raami k\u00fclge kinnitatud, tagades stabiilse ja usaldusv\u00e4\u00e4rse \u00fchenduse.<\/li>\n<\/ul>\n<ol start=\"2\">\n<li><strong>Elektri\u00fchendus:<\/strong><\/li>\n<\/ol>\n<ul>\n<li>\u00dchendage silinder elektriv\u00f5rguga vastavalt kaasasolevatele juhistele.<\/li>\n<li>Elektriohtude v\u00e4ltimiseks veenduge, et k\u00f5ik elektri\u00fchendused oleksid kindlalt kinnitatud ja korralikult isoleeritud.<\/li>\n<\/ul>\n<ol start=\"3\">\n<li><strong>Platvormi k\u00f5rguse reguleerimine:<\/strong><\/li>\n<\/ol>\n<ul>\n<li>Platvormi k\u00f5rguse reguleerimiseks kasutage kaasasolevat juhtpaneeli v\u00f5i liidest.<\/li>\n<li>Sujuva ja kontrollitud vertikaalse liikumise tagamiseks j\u00e4rgige soovitatud t\u00f6\u00f6protseduure ja ohutusjuhiseid.<\/li>\n<\/ul>\n<ol start=\"4\">\n<li><strong>Ohutuskaalutlused:<\/strong><\/li>\n<\/ol>\n<ul>\n<li>Enne t\u00f5stukiga t\u00f6\u00f6tamist tutvuge ohutusfunktsioonide ja h\u00e4daolukorra protseduuridega.<\/li>\n<li>Veenduge, et k\u00f5ik operaatorid saaksid platvormi ja t\u00f5steplatvormi elektrilise silindri ohutuks kasutamiseks n\u00f5uetekohase v\u00e4lja\u00f5ppe.<\/li>\n<\/ul>\n<h2><strong>Elektrilise silindri kasutamine:<\/strong><\/h2>\n<p><img loading=\"lazy\" decoding=\"async\" id=\"thepasted-1\" class=\"alignnone wp-image-1519 size-full\" src=\"https:\/\/hydraulic-cylinders.net\/wp-content\/uploads\/2023\/09\/electric-cylinder-4.webp\" alt=\"\" width=\"968\" height=\"831\" srcset=\"https:\/\/hydraulic-cylinders.net\/wp-content\/uploads\/2023\/09\/electric-cylinder-4.webp 968w, https:\/\/hydraulic-cylinders.net\/wp-content\/uploads\/2023\/09\/electric-cylinder-4-480x412.webp 480w\" sizes=\"(min-width: 0px) and (max-width: 480px) 480px, (min-width: 481px) 968px, 100vw\" \/><\/p>\n<h2><strong>Kuidas h\u00fcdrauliline s\u00fcsteem t\u00f6\u00f6tab?<\/strong><\/h2>\n<p>H\u00fcdraulikas\u00fcsteem on mehaaniline j\u00f5u\u00fclekandes\u00fcsteem, mis kasutab vedeliku j\u00f5udu energia genereerimiseks ja edastamiseks. See t\u00f6\u00f6tab Pascali seaduse alusel, mis s\u00e4testab, et kui suletud vedelikule rakendatakse r\u00f5hku, kandub see r\u00f5hk \u00fchtlaselt edasi k\u00f5igis suundades.<\/p>\n<p>Siin on lihtsustatud selgitus h\u00fcdraulikas\u00fcsteemi toimimise kohta:<\/p>\n<ol>\n<li><strong>H\u00fcdraulilise s\u00fcsteemi komponendid:<\/strong>\n<ul>\n<li>H\u00fcdrauliline vedelik: Tavaliselt \u00f5lip\u00f5hine, see on j\u00f5u\u00fclekande keskkond.<\/li>\n<li>H\u00fcdrauliline pump: See tekitab vedeliku voolu ja r\u00f5hu s\u00fcsteemis.<\/li>\n<li>H\u00fcdrauliline silinder: Teisendab vedeliku r\u00f5hu lineaarseks liikumiseks v\u00f5i j\u00f5uks.<\/li>\n<li>Juhtventiilid: reguleerivad h\u00fcdraulikavedeliku voolu ja suunda.<\/li>\n<li>H\u00fcdrauliline mootor: Muundab vedeliku r\u00f5hu p\u00f6\u00f6rlemisliikumiseks.<\/li>\n<\/ul>\n<\/li>\n<li><strong>Pumbatav vedelik:<\/strong>\n<ul>\n<li>H\u00fcdraulikapump imeb reservuaarist h\u00fcdraulilist vedelikku ja toimetab selle r\u00f5hu all \u00fclej\u00e4\u00e4nud s\u00fcsteemi.<\/li>\n<li>Pumba t\u00f6\u00f6tamise ajal tekitab see vaakumi, mis t\u00f5mbab vedelikku oma sisselaskeavasse.<\/li>\n<\/ul>\n<\/li>\n<li><strong>Vedeliku jaotus:<\/strong>\n<ul>\n<li>Survestatud vedelik voolab l\u00e4bi h\u00fcdraulikavoolikute v\u00f5i -torude, et j\u00f5uda s\u00fcsteemi erinevate komponentideni.<\/li>\n<li>Need liinid on konstrueeritud taluma k\u00f5rgsurvetingimusi ja edastama vedelikku ilma lekketa.<\/li>\n<\/ul>\n<\/li>\n<li><strong>Juhtventiilid:<\/strong>\n<ul>\n<li>Juhtventiilid m\u00e4\u00e4ravad h\u00fcdraulikavedeliku voolu suuna, kiiruse ja r\u00f5hu.<\/li>\n<li>Neid juhitakse k\u00e4sitsi v\u00f5i elektrooniliselt ning need vastutavad teatud h\u00fcdrauliliste komponentide aktiveerimise v\u00f5i deaktiveerimise eest.<\/li>\n<\/ul>\n<\/li>\n<li><strong>H\u00fcdrauliline silinder:<\/strong>\n<ul>\n<li>H\u00fcdrauliline silinder koosneb silindrilisest torust, kolvist ja vardast.<\/li>\n<li>Kui r\u00f5hu all olev vedelik siseneb silindri \u00fchele k\u00fcljele, surub see kolbi, mis liigutab varda.<\/li>\n<li>See lineaarne liikumine v\u00f5ib t\u00f5sta, l\u00fckata v\u00f5i liigutada v\u00e4liseid koormusi.<\/li>\n<\/ul>\n<\/li>\n<li><strong>H\u00fcdrauliline mootor:<\/strong>\n<ul>\n<li>H\u00fcdrauliline mootor muudab vedeliku r\u00f5hu p\u00f6\u00f6rlemisliikumiseks.<\/li>\n<li>See koosneb rootorist ja staatorist ning r\u00f5hu all olev vedelik paneb rootori p\u00f6\u00f6rlema.<\/li>\n<li>P\u00f6\u00f6rlevat v\u00e4ljundit saab kasutada masinate juhtimiseks v\u00f5i t\u00f6\u00f6 tegemiseks.<\/li>\n<\/ul>\n<\/li>\n<li><strong>Tagastamine ja filtreerimine:<\/strong>\n<ul>\n<li>P\u00e4rast etten\u00e4htud funktsiooni t\u00e4itmist naaseb h\u00fcdraulikavedelik reservuaari taaskasutamiseks.<\/li>\n<li>Filtreerimiss\u00fcsteemid tagavad vedeliku puhtuse ja saasteainetevaba olemuse, hoides \u00e4ra h\u00fcdraulikakomponentide kahjustumise.<\/li>\n<\/ul>\n<\/li>\n<li><strong>Kontroll ja ohutus:<\/strong>\n<ul>\n<li>H\u00fcdraulikas\u00fcsteemid sisaldavad mitmesuguseid juhtimismehhanisme, n\u00e4iteks r\u00f5hualandusventiile, et v\u00e4ltida liigset r\u00f5hu t\u00f5usu ja tagada s\u00fcsteemi ohutus.<\/li>\n<li>Andurid ja tagasisideseadmed v\u00f5ivad j\u00e4lgida ja reguleerida s\u00fcsteemi parameetreid, nagu r\u00f5hk, temperatuur ja vooluhulk.<\/li>\n<\/ul>\n<\/li>\n<\/ol>\n<h2><strong>Tehase v\u00f5imekus ja suutlikkus:<\/strong><\/h2>\n<h3>(1) Kokkupanek<\/h3>\n<p>Meil on esmaklassiline s\u00f5ltumatu teadus- ja arendustegevuse montaa\u017eiplatvorm. H\u00fcdrosilindrite tootmist\u00f6\u00f6kojas on neli poolautomaatset t\u00f5stesilindrite koosteliini ja \u00fcks automaatne kallutussilindrite koosteliin, mille kavandatud aastane tootmisv\u00f5imsus on 1 miljon t\u00fckki. Spetsiaalsete silindrite t\u00f6\u00f6koda on varustatud erinevate spetsifikatsioonidega poolautomaatse puhastusmontaa\u017eis\u00fcsteemiga, mille kavandatud aastane tootmisv\u00f5imsus on 200 000 ja mis on varustatud kuulsate CNC-t\u00f6\u00f6tlemisseadmete, mehaanilise t\u00f6\u00f6tlemise keskuse, suure t\u00e4psusega silindrite t\u00f6\u00f6tlemise eriseadmete, robotkeevitusmasina, automaatse puhastusmasina, automaatse silindri kokkupanemise masina ja automaatse v\u00e4rvimise tootmisliiniga. Olemasolevad kriitilised seadmed rohkem kui 300 komplekti (komplekti). Seadmete ressursside optimaalne jaotamine ja t\u00f5hus kasutamine tagavad toodete t\u00e4psusn\u00f5uded ja vastavad toodete kvaliteedin\u00f5uetele.<\/p>\n<p><img loading=\"lazy\" decoding=\"async\" class=\"alignnone wp-image-626\" src=\"https:\/\/hydraulic-cylinders.net\/wp-content\/uploads\/2023\/08\/hydraulic-cylinder-product-1-300x158.webp\" alt=\"\" width=\"495\" height=\"260\" srcset=\"https:\/\/hydraulic-cylinders.net\/wp-content\/uploads\/2023\/08\/hydraulic-cylinder-product-1-300x158.webp 495w, https:\/\/hydraulic-cylinders.net\/wp-content\/uploads\/2023\/08\/hydraulic-cylinder-product-1-480x252.webp 480w\" sizes=\"(min-width: 0px) and (max-width: 480px) 480px, (min-width: 481px) 495px, 100vw\" \/> <img loading=\"lazy\" decoding=\"async\" class=\"alignnone wp-image-627\" src=\"https:\/\/hydraulic-cylinders.net\/wp-content\/uploads\/2023\/08\/hydraulic-cylinder-product-2-300x189.webp\" alt=\"\" width=\"413\" height=\"260\" \/><\/p>\n<h3>(2) T\u00f6\u00f6tlemine<\/h3>\n<p>T\u00f6\u00f6deldav t\u00f6\u00f6koda on varustatud kohandatud kallutatud r\u00f6\u00f6pse treipingi keskuse, mehaanilise keskuse, kiire lihvimismasina, keevitusroboti ja muude seotud seadmetega, mis suudavad t\u00f6\u00f6delda silindritorusid, mille maksimaalne sisel\u00e4bim\u00f5\u00f5t on 400 mm ja maksimaalne pikkus on 6 meetrit.<\/p>\n<p><img loading=\"lazy\" decoding=\"async\" class=\"alignnone wp-image-628 size-large\" src=\"https:\/\/hydraulic-cylinders.net\/wp-content\/uploads\/2023\/08\/hydraulic-cylinder-product-3-1024x391.webp\" alt=\"\" width=\"1024\" height=\"391\" srcset=\"https:\/\/hydraulic-cylinders.net\/wp-content\/uploads\/2023\/08\/hydraulic-cylinder-product-3-980x374.webp 980w, https:\/\/hydraulic-cylinders.net\/wp-content\/uploads\/2023\/08\/hydraulic-cylinder-product-3-480x183.webp 480w\" sizes=\"(min-width: 0px) and (max-width: 480px) 480px, (min-width: 481px) and (max-width: 980px) 980px, (min-width: 981px) 1024px, 100vw\" \/><\/p>\n<h3>(3) Keevitamine<\/h3>\n<p><img loading=\"lazy\" decoding=\"async\" class=\"alignnone wp-image-629 size-large\" src=\"https:\/\/hydraulic-cylinders.net\/wp-content\/uploads\/2023\/08\/hydraulic-cylinder-product-4-1024x510.webp\" alt=\"\" width=\"1024\" height=\"510\" srcset=\"https:\/\/hydraulic-cylinders.net\/wp-content\/uploads\/2023\/08\/hydraulic-cylinder-product-4-980x488.webp 980w, https:\/\/hydraulic-cylinders.net\/wp-content\/uploads\/2023\/08\/hydraulic-cylinder-product-4-480x239.webp 480w\" sizes=\"(min-width: 0px) and (max-width: 480px) 480px, (min-width: 481px) and (max-width: 980px) 980px, (min-width: 981px) 1024px, 100vw\" \/><\/p>\n<h3>(4) V\u00e4rvimine ja katmine<\/h3>\n<p>V\u00e4ikese ja keskmise suurusega silindri automaatse veep\u00f5hise v\u00e4rvipinnakattega liinide abil, et saavutada automaatne robotlaadimine ja mahalaadimine ning automaatne pihustamine, projekteerimisv\u00f5imsus 4000 t\u00fckki vahetuse kohta;<br \/>\nMeil on ka poolautomaatne suurte balloonide v\u00e4rvimise tootmisliin, mis t\u00f6\u00f6tab j\u00f5ukettaga ja mille projekteerimisv\u00f5imsus on 60 kasti \u00fche vahetuse kohta.<\/p>\n<p><img loading=\"lazy\" decoding=\"async\" class=\"alignnone wp-image-630\" src=\"https:\/\/hydraulic-cylinders.net\/wp-content\/uploads\/2023\/08\/hydraulic-cylinder-product-5-300x213.webp\" alt=\"\" width=\"366\" height=\"260\" \/> <img loading=\"lazy\" decoding=\"async\" class=\"alignnone wp-image-631\" src=\"https:\/\/hydraulic-cylinders.net\/wp-content\/uploads\/2023\/08\/hydraulic-cylinder-product-6-300x225.webp\" alt=\"\" width=\"347\" height=\"260\" \/><\/p>\n<h3>(5) Testimine<\/h3>\n<p>Meil on esmaklassilised kontrolliseadmed ja katsestendid, et tagada silindri j\u00f5udlus vastavus n\u00f5uetele.<\/p>\n<p><img loading=\"lazy\" decoding=\"async\" class=\"alignnone wp-image-632\" src=\"https:\/\/hydraulic-cylinders.net\/wp-content\/uploads\/2023\/08\/hydraulic-cylinder-product-8-300x200.webp\" alt=\"\" width=\"389\" height=\"260\" \/><\/p>\n<p>&nbsp;<\/p>\n<p>&nbsp;<\/p>\n<p>Oleme \u00fcks parimaid h\u00fcdrosilindrite tootjaid. Pakume laia valikut h\u00fcdrosilindreid. Pakume ka vastavaid... <a href=\"https:\/\/hzpt.com\/agricultural-pto-gearbox\/\" target=\"_blank\" rel=\"noopener\">p\u00f5llumajanduslikud k\u00e4igukastid<\/a>. Oleme eksportinud oma tooteid klientidele \u00fcle maailma ja teeninud hea maine t\u00e4nu meie suurep\u00e4rasele tootekvaliteedile ja m\u00fc\u00fcgij\u00e4rgsele teenindusele. Me tervitame kliente kodus ja v\u00e4lismaal, et v\u00f5tta meiega \u00fchendust, et pidada l\u00e4bir\u00e4\u00e4kimisi \u00e4ri, vahetada teavet ja <a href=\"https:\/\/www.hydraulic-cylinders.net\/et\/contact-us\/\">teha meiega koost\u00f6\u00f6d<\/a>!<\/p>","protected":false},"excerpt":{"rendered":"<p>Aerial Work Platform Electric Cylinder The aerial work platform electric cylinder is a cutting-edge hydraulic component designed to enhance efficiency and safety in elevated work environments. This innovative cylinder is critical in aerial work platforms, providing precise and controlled vertical movement for workers, tools, and equipment. With the increasingly strict environmental protection laws and regulations, [&hellip;]<\/p>","protected":false},"featured_media":1516,"comment_status":"open","ping_status":"closed","template":"","meta":{"_et_pb_use_builder":"","_et_pb_old_content":"","_et_gb_content_width":""},"product_brand":[],"product_cat":[1500,1549,1376],"product_tag":[1380],"class_list":{"0":"post-1514","1":"product","2":"type-product","3":"status-publish","4":"has-post-thumbnail","6":"product_cat-aerial-work-vehicle-hydraulic-cylinder","7":"product_cat-single-acting-hydraulic-cylinder","8":"product_cat-hydraulic-cylinder","9":"product_tag-hydraulic-cylinder","11":"first","12":"instock","13":"shipping-taxable","14":"product-type-simple"},"amp_enabled":true,"_links":{"self":[{"href":"https:\/\/www.hydraulic-cylinders.net\/et\/wp-json\/wp\/v2\/product\/1514","targetHints":{"allow":["GET"]}}],"collection":[{"href":"https:\/\/www.hydraulic-cylinders.net\/et\/wp-json\/wp\/v2\/product"}],"about":[{"href":"https:\/\/www.hydraulic-cylinders.net\/et\/wp-json\/wp\/v2\/types\/product"}],"replies":[{"embeddable":true,"href":"https:\/\/www.hydraulic-cylinders.net\/et\/wp-json\/wp\/v2\/comments?post=1514"}],"wp:featuredmedia":[{"embeddable":true,"href":"https:\/\/www.hydraulic-cylinders.net\/et\/wp-json\/wp\/v2\/media\/1516"}],"wp:attachment":[{"href":"https:\/\/www.hydraulic-cylinders.net\/et\/wp-json\/wp\/v2\/media?parent=1514"}],"wp:term":[{"taxonomy":"product_brand","embeddable":true,"href":"https:\/\/www.hydraulic-cylinders.net\/et\/wp-json\/wp\/v2\/product_brand?post=1514"},{"taxonomy":"product_cat","embeddable":true,"href":"https:\/\/www.hydraulic-cylinders.net\/et\/wp-json\/wp\/v2\/product_cat?post=1514"},{"taxonomy":"product_tag","embeddable":true,"href":"https:\/\/www.hydraulic-cylinders.net\/et\/wp-json\/wp\/v2\/product_tag?post=1514"}],"curies":[{"name":"wp","href":"https:\/\/api.w.org\/{rel}","templated":true}]}}