{"id":15142,"date":"2025-01-19T14:09:28","date_gmt":"2025-01-19T14:09:28","guid":{"rendered":"https:\/\/www.hydraulic-cylinders.net\/product\/bucket-cylinder-for-komatsu-large-excavator-pc270-c\/"},"modified":"2025-01-19T14:09:30","modified_gmt":"2025-01-19T14:09:30","slug":"bucket-cylinder-for-komatsu-large-excavator-pc270-c","status":"publish","type":"product","link":"https:\/\/www.hydraulic-cylinders.net\/et\/toode\/bucket-cylinder-for-komatsu-large-excavator-pc270-c\/","title":{"rendered":"Komatsu suure ekskavaatori PC270-C kopa silinder"},"content":{"rendered":"<h1>Komatsu suure ekskavaatori PC270-C kopa silinder<\/h1>\n<h2>Sissejuhatus<\/h2>\n<p>Komatsu suure ekskavaatori PC270-C kopa silinder on spetsiaalselt loodud h\u00fcdrauliline silinder, mida kasutatakse kopa liikumise juhtimiseks rasketes masinates, n\u00e4iteks ekskavaatorites, laadur-ekskavaatorites ja esilaadurites. Selle peamine \u00fclesanne on v\u00f5imaldada kopa t\u00f5stmist, langetamist ja kallutamist, muutes mitmesuguste materjalik\u00e4itlust\u00f6\u00f6de tegemise lihtsamaks. H\u00fcdraulikas\u00fcsteemis saavutab kopa silinder kopa t\u00e4pse juhtimise h\u00fcdraulika\u00f5li r\u00f5humuutuse abil, v\u00f5imaldades operaatoritel t\u00f5husalt k\u00e4sitseda raskeid koormaid ning kohaneda keerukate t\u00f6\u00f6keskkondade ja mitmekesiste t\u00f6\u00f6n\u00f5uetega.<\/p>\n<p><img decoding=\"async\" src=\"https:\/\/www.hydraulic-cylinders.net\/wp-content\/uploads\/2025\/01\/songte-company-2.webp\" alt=\"\u00c4mbri silindri pilt\"><\/p>\n<h2>Omadused<\/h2>\n<ul>\n<li>Suur tugevus ja vastupidavus: Tavaliselt \u00fclitugevast terasest v\u00f5i alumiiniumist valmistatud kopasilindrid taluvad k\u00f5rget r\u00f5hku ja suuri koormusi, kohandudes karmide t\u00f6\u00f6keskkondadega. Nende disain arvestab kulumiskindluse ja korrosioonikindlusega, pikendades nende eluiga.<\/li>\n<li>T\u00f5hus h\u00fcdrauliline t\u00f6\u00f6: H\u00fcdraulika\u00f5li r\u00f5hu abil saavutab kopa silinder sujuva pikendus- ja tagasit\u00f5mbamisliigutuse, reageerides kiiresti juhtimisk\u00e4sklustele, pakkudes v\u00f5imsaid t\u00f5uke- ja t\u00f5mbej\u00f5ude, mis sobivad raskete koormate ja keerukate \u00fclesannete k\u00e4sitsemiseks.<\/li>\n<li>Erinevad t\u00fc\u00fcbid: Vastavalt vajadusele saab valida \u00fchetoimelisi (h\u00fcdrauliline r\u00f5hk rakendatakse ainult \u00fches suunas) v\u00f5i kahetoimelisi (h\u00fcdrauliline r\u00f5hk rakendatakse m\u00f5lemas suunas) silindreid, m\u00f5ned mudelid on teleskoopilised, v\u00f5imaldades suuremat pikendamist ilma v\u00e4lism\u00f5\u00f5tmeid suurendamata, sobides piiratud ruumiga rakenduste jaoks.<\/li>\n<li>T\u00e4iuslik asendus: Meie tooted suudavad neid h\u00fcdrosilindreid ideaalselt asendada.<\/li>\n<\/ul>\n<p><img decoding=\"async\" src=\"https:\/\/www.hydraulic-cylinders.net\/wp-content\/uploads\/2025\/01\/songte-cylinder-head-with-all-kinds-excavator-models.webp\" alt=\"Toote pilt\"><\/p>\n<h2>Rakendused<\/h2>\n<h3>Ehitustehnika<\/h3>\n<p>Ekskavaatorites on need eluliselt t\u00e4htsad kaevamisel, laadimisel ja pinnase v\u00f5i prahi teisaldamisel. Ekskavaator-laadurites abistab kopa silinder nii kaevamisel kui ka t\u00f5stmisel.<\/p>\n<h3>P\u00f5llumajandustehnika<\/h3>\n<p>Kasutatakse esilaadurites mulla, heina ja muude materjalide kopeerimiseks, t\u00f5stmiseks ja transportimiseks.<\/p>\n<h3>Ekskavaatorid<\/h3>\n<p>Kopa silinder v\u00f5imaldab kaevamist, lastes kopal pinnasesse tungida.<\/p>\n<h3>Laadurid<\/h3>\n<p>Frontaallaadurites aitavad need kaupu t\u00f5husalt t\u00f5sta ja maha laadida.<\/p>\n<h2>Projekteerimiskaalutlused ja valikukriteeriumid<\/h2>\n<ul>\n<li>Kandev\u00f5ime: Arutage v\u00f5imet taluda suuri koormusi.<\/li>\n<li>Tihendus: Kirjeldage erinevate tihendite, n\u00e4iteks kolvitihendite ja varrastihendite kasutamist ning kulumiskindlate materjalide, n\u00e4iteks pol\u00fcuretaani ja nitriilkummi, valikut.<\/li>\n<li>Vastupidavus: Arutage silindrite korpuste ja keermestatud otste peent\u00f6\u00f6tlust kulumiskindluse parandamiseks.<\/li>\n<li>Ohutus: Kopasilindri projekteerimisel, paigaldamisel ja kasutamisel tuleb arvestada ohutusn\u00f5uetega.<\/li>\n<li>Hooldatavus: Arutage regulaarsete kontrollide, m\u00e4\u00e4rimise ja tihendite vahetamise ning kalibreerimiskontrollide olulisust.<\/li>\n<\/ul>\n<p><img decoding=\"async\" src=\"https:\/\/www.hydraulic-cylinders.net\/wp-content\/uploads\/2025\/01\/songte-oil-pipes-and-spare-parts.webp\" alt=\"Toote pilt\"><\/p>\n<h2>Tihendus ja m\u00e4\u00e4rimine<\/h2>\n<p>Kopasilindris kasutatakse mitmesuguseid tihenduskomponente, n\u00e4iteks kolvitihendeid ja vardatihendeid, mis on valmistatud kulumiskindlatest materjalidest, n\u00e4iteks pol\u00fcuretaanist ja nitriilkummist. Silindri korpus ja keermestatud otsad on kulumiskindluse suurendamiseks peenelt t\u00f6\u00f6deldud. Sujuva t\u00f6\u00f6 tagamiseks on vajalik regulaarne m\u00e4\u00e4rimine sobiva h\u00fcdraulika\u00f5liga.<\/p>\n<h2>Regulaarne kontroll ja ennetav hooldus<\/h2>\n<ul>\n<li>Kontrollige regulaarselt kopa silindrit kulumise, kahjustuste v\u00f5i lekete suhtes.<\/li>\n<li>Tagage k\u00f5igi liikuvate osade n\u00f5uetekohane m\u00e4\u00e4rimine.<\/li>\n<li>Optimaalse j\u00f5udluse s\u00e4ilitamiseks vahetage tihendid vastavalt vajadusele.<\/li>\n<\/ul>\n<p><img decoding=\"async\" src=\"https:\/\/www.hydraulic-cylinders.net\/wp-content\/uploads\/2025\/01\/songte-chushion-collar.webp\" alt=\"Toote pilt\"><\/p>\n<h2>Ohutuskaalutlused ja keskkonnategurid<\/h2>\n<p>Kopasilindri kasutamisel on oluline j\u00e4rgida ohutusmeetmeid, et v\u00e4ltida \u00f5nnetusi ning tagada personali ja seadmete kaitse. Ballooni pikaealisuse tagamiseks tuleks arvesse v\u00f5tta ka keskkonnategureid, nagu \u00e4\u00e4rmuslikud temperatuurid ja s\u00f6\u00f6vitavad ained.<\/p>\n<h2>Rikete diagnoosimine ja levinud probleemid<\/h2>\n<p>Kopasilindri levinud probleemide hulka v\u00f5ivad kuuluda leke, ebapiisav v\u00f5imsus v\u00f5i ebanormaalne t\u00f6\u00f6. Lugejatel tuleks esitada t\u00f5rkeotsingu n\u00e4pun\u00e4iteid ja lahendusi, mis aitavad probleeme t\u00f5husalt diagnoosida ja lahendada. V\u00f5imalike probleemide minimeerimiseks tuleks soovitada ennetavaid meetmeid.<\/p>\n<p><img decoding=\"async\" src=\"https:\/\/www.hydraulic-cylinders.net\/wp-content\/uploads\/2025\/01\/songte-bushings-with-all-kinds-of-excavator-models.webp\" alt=\"Toote pilt\"><\/p>\n<h2>Hooldus\u00fclesanded<\/h2>\n<ul>\n<li>Kontrollige regulaarselt kopa silindrit kulumise ja kahjustuste suhtes.<\/li>\n<li>Sujuva t\u00f6\u00f6 tagamiseks tagage korralik m\u00e4\u00e4rimine.<\/li>\n<li>Vajadusel vahetage tihendid v\u00e4lja ja tehke kalibreerimiskontroll.<\/li>\n<\/ul>\n<p>N\u00f5uetekohane paigaldamine, m\u00e4\u00e4rimine ja reguleerimine on \u00fcliolulised. Andke juhiseid silindri \u00f5igeks joondamiseks paigaldamise ajal ja soovitage sobivate kinnitusklambrite kasutamist turvaliseks paigaldamiseks. Soovitage kontrolli-, remondi- ja asendusprotseduure, samuti taastamisteenuseid, et pikendada kopasilindri eluiga.<\/p>\n<h2>Meie ettev\u00f5ttest<\/h2>\n<p>Oleme asendush\u00fcdrauliliste silindrite tootja, pakkudes laia tootevalikut. Oleme saanud \u00fcheks juhtivaks h\u00fcdrosilindrite tootjaks ja hulgim\u00fc\u00fcjaks nii sise- kui ka rahvusvahelisel turul. J\u00e4rgime suurep\u00e4rase kvaliteedi p\u00f5him\u00f5tteid ja tugineme peenelt l\u00e4bim\u00f5eldud t\u00f6\u00f6kodades industrialiseeritud tootmisjuhtimise strateegiatele. Keskendudes tehnoloogilisele talendile, tipptasemel digitaalsetele tootmisseadmetele ja professionaalsetele testimiss\u00fcsteemidele, t\u00e4iustame pidevalt oma tootmisplatvormi, optimeerime tootekvaliteedi tootmismarsruute ning omame tugevaid uuenduslikke v\u00f5imeid. Meie eesm\u00e4rk on rahuldada klientide mitmekesiseid vajadusi suure efektiivsuse, t\u00e4psuse ja kvaliteediga.<\/p>\n<p><img decoding=\"async\" src=\"https:\/\/www.hydraulic-cylinders.net\/wp-content\/uploads\/2025\/01\/songte-company-3.webp\" alt=\"Ettev\u00f5tte kuvand\"><\/p>\n<p>Meie ettev\u00f5tte profiili laiendamiseks arutatakse meie asjatundlikkust, rahvusvahelisi sertifikaate, eritellimusteenuseid, tootmisseadmeid ja m\u00fc\u00fcgij\u00e4rgset teenindust.<\/p>\n<p>Autor: lyl<\/p>\n<p><img decoding=\"async\" src=\"https:\/\/hzpt.com\/wp-content\/uploads\/2024\/11\/songte-company-1.webp\" alt=\"Toote pilt\"><\/p>","protected":false},"excerpt":{"rendered":"<p>Bucket Cylinder For Komatsu Large Excavator PC270-C Introduction The bucket cylinder for Komatsu large excavator PC270-C is a specially designed hydraulic cylinder used to control the movement of the bucket in heavy machinery such as excavators, backhoe loaders, and front loaders. Its main function is to enable the lifting, lowering, and tilting of the bucket, [&hellip;]<\/p>","protected":false},"featured_media":14771,"comment_status":"open","ping_status":"closed","template":"","meta":{"_et_pb_use_builder":"","_et_pb_old_content":"","_et_gb_content_width":""},"product_brand":[],"product_cat":[1494],"product_tag":[1495,1496],"class_list":{"0":"post-15142","1":"product","2":"type-product","3":"status-publish","4":"has-post-thumbnail","6":"product_cat-bucket-cylinders","7":"product_tag-bucket-cylinders","8":"product_tag-hydraulic-cylinders","10":"first","11":"instock","12":"shipping-taxable","13":"product-type-simple"},"amp_enabled":true,"_links":{"self":[{"href":"https:\/\/www.hydraulic-cylinders.net\/et\/wp-json\/wp\/v2\/product\/15142","targetHints":{"allow":["GET"]}}],"collection":[{"href":"https:\/\/www.hydraulic-cylinders.net\/et\/wp-json\/wp\/v2\/product"}],"about":[{"href":"https:\/\/www.hydraulic-cylinders.net\/et\/wp-json\/wp\/v2\/types\/product"}],"replies":[{"embeddable":true,"href":"https:\/\/www.hydraulic-cylinders.net\/et\/wp-json\/wp\/v2\/comments?post=15142"}],"wp:featuredmedia":[{"embeddable":true,"href":"https:\/\/www.hydraulic-cylinders.net\/et\/wp-json\/wp\/v2\/media\/14771"}],"wp:attachment":[{"href":"https:\/\/www.hydraulic-cylinders.net\/et\/wp-json\/wp\/v2\/media?parent=15142"}],"wp:term":[{"taxonomy":"product_brand","embeddable":true,"href":"https:\/\/www.hydraulic-cylinders.net\/et\/wp-json\/wp\/v2\/product_brand?post=15142"},{"taxonomy":"product_cat","embeddable":true,"href":"https:\/\/www.hydraulic-cylinders.net\/et\/wp-json\/wp\/v2\/product_cat?post=15142"},{"taxonomy":"product_tag","embeddable":true,"href":"https:\/\/www.hydraulic-cylinders.net\/et\/wp-json\/wp\/v2\/product_tag?post=15142"}],"curies":[{"name":"wp","href":"https:\/\/api.w.org\/{rel}","templated":true}]}}