{"id":15147,"date":"2025-01-19T14:09:54","date_gmt":"2025-01-19T14:09:54","guid":{"rendered":"https:\/\/www.hydraulic-cylinders.net\/product\/bucket-cylinder-for-komatsu-large-excavator-pc360-8mo\/"},"modified":"2025-01-19T14:09:56","modified_gmt":"2025-01-19T14:09:56","slug":"bucket-cylinder-for-komatsu-large-excavator-pc360-8mo","status":"publish","type":"product","link":"https:\/\/www.hydraulic-cylinders.net\/et\/toode\/bucket-cylinder-for-komatsu-large-excavator-pc360-8mo\/","title":{"rendered":"Komatsu suure ekskavaatori PC360-8MO kopa silinder"},"content":{"rendered":"<h1>Komatsu suure ekskavaatori PC360-8MO kopa silinder<\/h1>\n<h2>Sissejuhatus<\/h2>\n<h3>Kopa silindri m\u00e4\u00e4ratlemine<\/h3>\n<p>Kopa silinder on spetsiaalselt konstrueeritud h\u00fcdrauliline silinder, mida kasutatakse kopa liikumise juhtimiseks rasketes masinates, n\u00e4iteks ekskavaatorites, laadur-ekskavaatorites ja esilaadurites. Selle peamine \u00fclesanne on v\u00f5imaldada kopa t\u00f5stmist, langetamist ja kallutamist, muutes mitmesuguste materjalik\u00e4itlust\u00f6\u00f6de tegemise lihtsamaks. H\u00fcdraulilises s\u00fcsteemis saavutab kopa silinder kopa t\u00e4pse juhtimise h\u00fcdraulika\u00f5li r\u00f5hu muutuste abil, v\u00f5imaldades operaatoritel raskeid koormaid t\u00f5husalt k\u00e4sitseda, kohaneda keerukate t\u00f6\u00f6keskkondade ja mitmekesiste t\u00f6\u00f6n\u00f5uetega.<\/p>\n<p><img decoding=\"async\" src=\"https:\/\/www.hydraulic-cylinders.net\/wp-content\/uploads\/2025\/01\/songte-company-2.webp\" alt=\"\u00c4mbri silindri pilt\"><\/p>\n<h3>Kopasilindri omadused<\/h3>\n<ul>\n<li>Suur tugevus ja vastupidavus: Tavaliselt valmistatud \u00fclitugevast terasest v\u00f5i alumiiniumist, see talub k\u00f5rget r\u00f5hku ja suuri koormusi, kohaneb karmide t\u00f6\u00f6keskkondadega ning arvestab konstruktsioonis kulumiskindluse ja korrosioonikindlusega, et pikendada kasutusiga.<\/li>\n<li>T\u00f5hus h\u00fcdrauliline t\u00f6\u00f6: Sujuv pikendamine ja kokkut\u00f5mbumine saavutatakse h\u00fcdraulika\u00f5li r\u00f5hu abil, pakkudes v\u00f5imsat t\u00f5uke- ja t\u00f5mbej\u00f5udu ning sobides raskete koormate ja keerukate t\u00f6\u00f6\u00fclesannete k\u00e4sitlemiseks.<\/li>\n<li>Erinevad t\u00fc\u00fcbid: vastavalt vajadusele saab valida \u00fchetoimelisi (h\u00fcdraulikat ainult \u00fches suunas) v\u00f5i kahetoimelisi (h\u00fcdraulikat m\u00f5lemas suunas) silindreid, mis vastavad erinevatele t\u00f6\u00f6tingimustele. M\u00f5ned mudelid on teleskoopilised, v\u00f5imaldades suuremat pikendamist ilma v\u00e4lism\u00f5\u00f5tmeid suurendamata, sobides piiratud ruumiga rakenduste jaoks.<\/li>\n<li>Asendatav erinevate mudelite vastu: Meie tooted saavad neid h\u00fcdrosilindreid ideaalselt asendada.<\/li>\n<\/ul>\n<p><img decoding=\"async\" src=\"https:\/\/www.hydraulic-cylinders.net\/wp-content\/uploads\/2025\/01\/songte-cylinder-head-with-all-kinds-excavator-models.webp\" alt=\"\u00c4mbri silindri asendamise pilt\"><\/p>\n<h3>Kopasilindri pealekandmine<\/h3>\n<p>Kopasilindrid on laialdaselt kasutusel erinevat t\u00fc\u00fcpi masinates, n\u00e4iteks:<\/p>\n<ul>\n<li>Ehitustehnika: Ekskavaatorites on need kriitilise t\u00e4htsusega kaevamisel, laadimisel ja pinnase v\u00f5i prahi teisaldamisel. Ekskavaator-laadurites aitavad need nii kaevamisel kui ka t\u00f5stmisel.<\/li>\n<li>P\u00f5llumajandusmasinad: Kasutatakse esilaadurite jaoks, pinnase, heina ja muude materjalide \u00fclesv\u00f5tmiseks, t\u00f5stmiseks ja transportimiseks.<\/li>\n<li>Ekskavaatorid: Kopa silinder v\u00f5imaldab kaevamist, lastes kopal pinnasesse tungida.<\/li>\n<li>Laadurid: Esilaadurites aitavad need lasti t\u00f5husalt t\u00f5sta ja kallutada.<\/li>\n<\/ul>\n<h3>Kopasilindri projekteerimiskaalutlused<\/h3>\n<p>Silindriploki projekteerimisel on olulised j\u00e4rgmised tegurid:<\/p>\n<h4>Kandev\u00f5ime<\/h4>\n<p>Silindri konstruktsioonil tuleb arvestada koormusega, mida silinder suudab taluda ilma deformatsiooni v\u00f5i purunemiseta.<\/p>\n<h4>Tihendus<\/h4>\n<p>H\u00fcdraulika\u00f5li lekke v\u00e4ltimiseks ja silindri t\u00f5husa t\u00f6\u00f6 tagamiseks on oluline piisav tihendus.<\/p>\n<h4>Vastupidavus<\/h4>\n<p>Silindri materjal peab vastu pidama karmile t\u00f6\u00f6keskkonnale ning olema kulumiskindel ja korrosioonikindel.<\/p>\n<h4>Ohutus<\/h4>\n<p>Kopasilindrid tuleb konstrueerida ohutust silmas pidades, v\u00f5ttes arvesse k\u00f5iki v\u00f5imalikke ohte ja tagades, et silinder t\u00f6\u00f6tamise ajal ei puruneks.<\/p>\n<h4>Hooldatavus<\/h4>\n<p>Silinder peaks olema konstrueeritud nii, et seda oleks lihtne parandada ja hooldada, et tagada optimaalne j\u00f5udlus ja pikaealisus.<\/p>\n<p><img decoding=\"async\" src=\"https:\/\/www.hydraulic-cylinders.net\/wp-content\/uploads\/2025\/01\/songte-oil-pipes-and-spare-parts.webp\" alt=\"\u00c4mbri silindri kujunduspilt\"><\/p>\n<h3>Kopa silindri tihendamine ja m\u00e4\u00e4rimine<\/h3>\n<p>Kopasilindri jaoks on vaja mitmesuguseid tihenduskomponente, n\u00e4iteks kolvitihendeid ja vardatihendeid, mis on valmistatud kulumiskindlatest materjalidest, n\u00e4iteks pol\u00fcuretaanist ja nitriilkummist, et tagada efektiivne tihendus. Silindri korpus ja keermestatud otsapind l\u00e4bivad peent\u00f6\u00f6tluse, et parandada kulumiskindlust. Optimaalse j\u00f5udluse ja pikaealisuse tagamiseks on vajalik regulaarne m\u00e4\u00e4rimine h\u00fcdraulika\u00f5liga.<\/p>\n<h3>Kopasilindri ennetav hooldus ja t\u00f5rkeotsing<\/h3>\n<ul>\n<li>Regulaarsed kontrollid: Kontrollige ballooni regulaarselt, et avastada ja parandada v\u00f5imalikke probleeme enne, kui need t\u00f5siseks muutuvad.<\/li>\n<li>\u00d5ige m\u00e4\u00e4rimine: Silindri t\u00f5husaks t\u00f6\u00f6ks ja kulumise v\u00e4hendamiseks on oluline piisav m\u00e4\u00e4rimine.<\/li>\n<li>Tihendi vahetamine: Kulunud tihendid v\u00f5ivad p\u00f5hjustada lekkeid ja v\u00e4hendada silindri efektiivsust; nende vahetamine aitab s\u00e4ilitada optimaalset j\u00f5udlust.<\/li>\n<\/ul>\n<p>Kopasilindri \u00f5ige paigaldamine ja t\u00e4pne joondamine on oluline. Silindri kinnitamiseks on soovitatav kasutada sobivaid paigaldusklambreid. Kopasilindri eluea pikendamiseks on oluline regulaarne kontroll, remont ja vahetus.<\/p>\n<p><img decoding=\"async\" src=\"https:\/\/www.hydraulic-cylinders.net\/wp-content\/uploads\/2025\/01\/songte-chushion-collar.webp\" alt=\"Kopa silindri hoolduspilt\"><\/p>\n<h3>Ohutuskaalutlused ja keskkonnategurid<\/h3>\n<p>Kopasilindrite kasutamisel on oluline arvestada ohutusmeetmetega, et tagada silindri t\u00f5hus t\u00f6\u00f6 ja v\u00e4ltida kadumist v\u00f5i kahjustusi. Kasutatud h\u00fcdrosilindrite n\u00f5uetekohane utiliseerimine tuleks l\u00e4bi viia, et v\u00e4ltida keskkonnareostust ja tagada ohutus.<\/p>\n<h3>Kopasilindri diagnostika ja t\u00f5rkeotsing<\/h3>\n<p>Kopasilindrite k\u00f5ige levinum probleem on tihendite kahjustused, mis v\u00f5ivad p\u00f5hjustada lekkeid ja v\u00e4hendada silindri efektiivsust. Regulaarne kontroll, n\u00f5uetekohane hooldusgraafik ja kahjustatud osade kiire v\u00e4ljavahetamine aitavad seda probleemi v\u00e4ltida.<\/p>\n<p><img decoding=\"async\" src=\"https:\/\/www.hydraulic-cylinders.net\/wp-content\/uploads\/2025\/01\/songte-bushings-with-all-kinds-of-excavator-models.webp\" alt=\"\u00c4mbrisilindri t\u00f5rkeotsingu pilt\"><\/p>\n<h2>Meist<\/h2>\n<p>Oleme asendush\u00fcdrauliliste silindrite tootja, pakkudes t\u00e4ielikku tootevalikut, ning oleme saanud \u00fcheks juhtivaks h\u00fcdrauliliste silindrite tootjaks ja hulgim\u00fc\u00fcjaks nii sise- kui ka rahvusvahelisel turul. J\u00e4rgime suurep\u00e4rasele kvaliteedile tuginevat t\u00f6\u00f6stusliku tootmise juhtimise strateegiat ning toetume tehniliste oskuste, tipptasemel digitaalsete tootmisseadmete ja professionaalsete testimiss\u00fcsteemide rakendamisele, et pidevalt t\u00e4iustada t\u00f6\u00f6koja tootmisliini, parandada tootekvaliteeti ning omada tugevat loomingulist v\u00f5imekust rahuldada klientide mitmekesiseid vajadusi, j\u00e4rgides k\u00f5rge efektiivsuse, suure t\u00e4psuse ja k\u00f5rge kvaliteedi p\u00f5him\u00f5tteid.<\/p>\n<p><img decoding=\"async\" src=\"https:\/\/hzpt.com\/wp-content\/uploads\/2024\/11\/songte-company-1.webp\" alt=\"Meist Pilt\"><\/p>\n<h3>Meie erialad<\/h3>\n<ul>\n<li>Professionaalsus: Meil \u200b\u200bon meeskond eksperte, kes tunnevad h\u00fcdraulilisi silindrid ja suudavad pakkuda erinevatele klientidele kohandatud lahendusi.<\/li>\n<li>Rahvusvahelised sertifikaadid: Meie tooted on rahvusvaheliselt sertifitseeritud, mis tagab meie toodete vastavuse t\u00f6\u00f6stusstandarditele ja eeskirjadele.<\/li>\n<li>Kohandusteenused: Pakume klientide vajaduste j\u00e4rgi kohandatud h\u00fcdrosilindreid, tagades, et silinder vastab nende erin\u00f5uetele.<\/li>\n<li>Tootmisseadmed: Meil \u200b\u200bon t\u00e4iustatud tootmisseadmed ja -tehnoloogia, et tagada toodete kvaliteet ja t\u00f5husus.<\/li>\n<li>M\u00fc\u00fcgij\u00e4rgne teenindus: Pakume t\u00e4ielikku m\u00fc\u00fcgij\u00e4rgset teenindust, mis h\u00f5lmab varuosi ja remonditeenuseid, et tagada meie toodete pikaealisus.<\/li>\n<\/ul>\n<p><img decoding=\"async\" src=\"https:\/\/www.hydraulic-cylinders.net\/wp-content\/uploads\/2025\/01\/songte-company-3.webp\" alt=\"Meie ettev\u00f5tte kuvand\"><\/p>\n<p><em>Autor: lyl<\/em><\/p>","protected":false},"excerpt":{"rendered":"<p>Bucket Cylinder for Komatsu Large Excavator PC360-8MO Introduction Defining Bucket Cylinder A bucket cylinder is a specially designed hydraulic cylinder used to control the movement of the bucket in heavy machinery such as excavators, backhoe excavators, and front-end loaders. Its main function is to enable the bucket to lift, lower, and tilt, making it easier [&hellip;]<\/p>","protected":false},"featured_media":14789,"comment_status":"open","ping_status":"closed","template":"","meta":{"_et_pb_use_builder":"","_et_pb_old_content":"","_et_gb_content_width":""},"product_brand":[],"product_cat":[1494],"product_tag":[1495,1496],"class_list":{"0":"post-15147","1":"product","2":"type-product","3":"status-publish","4":"has-post-thumbnail","6":"product_cat-bucket-cylinders","7":"product_tag-bucket-cylinders","8":"product_tag-hydraulic-cylinders","10":"first","11":"instock","12":"shipping-taxable","13":"product-type-simple"},"amp_enabled":true,"_links":{"self":[{"href":"https:\/\/www.hydraulic-cylinders.net\/et\/wp-json\/wp\/v2\/product\/15147","targetHints":{"allow":["GET"]}}],"collection":[{"href":"https:\/\/www.hydraulic-cylinders.net\/et\/wp-json\/wp\/v2\/product"}],"about":[{"href":"https:\/\/www.hydraulic-cylinders.net\/et\/wp-json\/wp\/v2\/types\/product"}],"replies":[{"embeddable":true,"href":"https:\/\/www.hydraulic-cylinders.net\/et\/wp-json\/wp\/v2\/comments?post=15147"}],"wp:featuredmedia":[{"embeddable":true,"href":"https:\/\/www.hydraulic-cylinders.net\/et\/wp-json\/wp\/v2\/media\/14789"}],"wp:attachment":[{"href":"https:\/\/www.hydraulic-cylinders.net\/et\/wp-json\/wp\/v2\/media?parent=15147"}],"wp:term":[{"taxonomy":"product_brand","embeddable":true,"href":"https:\/\/www.hydraulic-cylinders.net\/et\/wp-json\/wp\/v2\/product_brand?post=15147"},{"taxonomy":"product_cat","embeddable":true,"href":"https:\/\/www.hydraulic-cylinders.net\/et\/wp-json\/wp\/v2\/product_cat?post=15147"},{"taxonomy":"product_tag","embeddable":true,"href":"https:\/\/www.hydraulic-cylinders.net\/et\/wp-json\/wp\/v2\/product_tag?post=15147"}],"curies":[{"name":"wp","href":"https:\/\/api.w.org\/{rel}","templated":true}]}}