{"id":15153,"date":"2025-01-19T14:10:20","date_gmt":"2025-01-19T14:10:20","guid":{"rendered":"https:\/\/www.hydraulic-cylinders.net\/product\/bucket-cylinder-for-komatsu-large-excavator-pc1250-7\/"},"modified":"2025-01-19T14:10:22","modified_gmt":"2025-01-19T14:10:22","slug":"bucket-cylinder-for-komatsu-large-excavator-pc1250-7","status":"publish","type":"product","link":"https:\/\/www.hydraulic-cylinders.net\/et\/toode\/bucket-cylinder-for-komatsu-large-excavator-pc1250-7\/","title":{"rendered":"Komatsu suure ekskavaatori PC1250-7 kopa silinder"},"content":{"rendered":"<h2>Komatsu suure ekskavaatori PC1250-7 kopa silinder<\/h2>\n<p>Komatsu suure ekskavaatori PC1250-7 kopa silinder on spetsiaalne h\u00fcdrauliline silinder, mis on loodud kopa liikumise juhtimiseks rasketes masinates, n\u00e4iteks ekskavaatorites, laadur-ekskavaatorites ja esilaadurites. Selle peamine \u00fclesanne on v\u00f5imaldada kopa t\u00f5stmist, langetamist ja kallutamist, muutes mitmesuguste materjalik\u00e4itlust\u00f6\u00f6de tegemise lihtsamaks. H\u00fcdraulikas\u00fcsteemis saavutab kopa silinder kopa t\u00e4pse juhtimise, kasutades h\u00fcdraulika\u00f5li r\u00f5humuutusi, v\u00f5imaldades operaatoritel t\u00f5husalt k\u00e4sitseda raskeid koormaid ning kohaneda keerukate t\u00f6\u00f6keskkondade ja mitmekesiste t\u00f6\u00f6n\u00f5uetega.<\/p>\n<p><img decoding=\"async\" src=\"https:\/\/www.hydraulic-cylinders.net\/wp-content\/uploads\/2025\/01\/songte-company-2.webp\" alt=\"\u00c4mbri silindri pilt\"><\/p>\n<h3>Komatsu suure ekskavaatori PC1250-7 kopasilindri omadused:<\/h3>\n<ol>\n<li>Suur tugevus ja vastupidavus: Valmistatud \u00fclitugevast terasest v\u00f5i alumiiniumist, talub see k\u00f5rget r\u00f5hku ja suuri koormusi, kohandudes karmide t\u00f6\u00f6keskkondadega. Projekteerimisel on arvestatud kulumiskindluse ja korrosioonikindlusega, et pikendada selle eluiga.<\/li>\n<li>T\u00f5hus h\u00fcdrauliline t\u00f6\u00f6: H\u00fcdraulika\u00f5li r\u00f5hku kasutades saavutab see sujuvad pikendus- ja tagasit\u00f5mbamisliigutused, pakkudes v\u00f5imsaid t\u00f5uke- ja t\u00f5mbej\u00f5ude, mis sobivad raskete koormate ja keerukate t\u00f6\u00f6de k\u00e4sitsemiseks.<\/li>\n<li>Erinevad t\u00fc\u00fcbid: Saadaval \u00fchetoimeliste (h\u00fcdrauliliselt ainult \u00fches suunas) v\u00f5i kahetoimeliste (h\u00fcdrauliliselt m\u00f5lemas suunas) silindritega, et rahuldada erinevaid t\u00f6\u00f6vajadusi. M\u00f5ned mudelid on teleskoopilised, v\u00f5imaldades suuremat pikendust ilma v\u00e4lism\u00f5\u00f5tmeid suurendamata, mis sobib ideaalselt piiratud ruumiga rakenduste jaoks.<\/li>\n<li>T\u00e4iuslik asendus: Meie toode suudab need h\u00fcdraulilised silindrid ideaalselt asendada, tagades \u00fchilduvuse ja j\u00f5udluse.<\/li>\n<\/ol>\n<p><img decoding=\"async\" src=\"https:\/\/www.hydraulic-cylinders.net\/wp-content\/uploads\/2025\/01\/songte-cylinder-head-with-all-kinds-excavator-models.webp\" alt=\"Asendussilindri pilt\"><\/p>\n<h3>Komatsu suure ekskavaatori PC1250-7 kopasilindri rakendused:<\/h3>\n<p>1. Ehitustehnika:<\/p>\n<ul>\n<li>Ekskavaatorid: Olulised kaevamiseks, laadimiseks ja pinnase v\u00f5i prahi teisaldamiseks.<\/li>\n<li>Ekskavaatorlaadurid: Abistavad nii kaevamisel kui ka t\u00f5stmisel.<\/li>\n<\/ul>\n<p>2. P\u00f5llumajandusmasinad:<\/p>\n<ul>\n<li>Eeslaadurid: Kasutatakse mulla, heina ja muude materjalide k\u00fchveldamiseks, t\u00f5stmiseks ja transportimiseks.<\/li>\n<\/ul>\n<p>3. Ekskavaatorid:<\/p>\n<ul>\n<li>Kopa silinder v\u00f5imaldab kopal pinnasesse tungida, v\u00f5imaldades kaevamistoiminguid.<\/li>\n<\/ul>\n<p>4. Eestlaadurid:<\/p>\n<ul>\n<li>Frontaallaadurites aitavad need kaupu t\u00f5husalt t\u00f5sta ja maha visata.<\/li>\n<\/ul>\n<p><img decoding=\"async\" src=\"https:\/\/www.hydraulic-cylinders.net\/wp-content\/uploads\/2025\/01\/songte-oil-pipes-and-spare-parts.webp\" alt=\"H\u00fcdrauliline silinder kasutusel\"><\/p>\n<h3>Projekteerimiskaalutlused ja valikukriteeriumid:<\/h3>\n<ol>\n<li>Kandev\u00f5ime: Silinder on konstrueeritud taluma etten\u00e4htud koormust.<\/li>\n<li>Tihendus: Kasutatakse mitmesuguseid tihendeid, n\u00e4iteks kolvitihendeid ja varrastihendeid, mis on valmistatud kulumiskindlatest materjalidest, n\u00e4iteks pol\u00fcuretaanist ja nitriilkummist. Silindri korpus ja keermestatud otsapind on peenelt t\u00f6\u00f6deldud, et suurendada kulumiskindlust.<\/li>\n<li>Vastupidavus: konstruktsioon tagab pikaajalise j\u00f5udluse n\u00f5udlikes keskkondades.<\/li>\n<li>Ohutus: Silindri konstruktsioon sisaldab ohutusfunktsioone, et v\u00e4ltida \u00f5nnetusi t\u00f6\u00f6tamise ajal.<\/li>\n<li>Hooldatavus: Lihtne hooldus ja remont koos soovitatud kontrolli- ja asendusprotseduuridega.<\/li>\n<\/ol>\n<p><img decoding=\"async\" src=\"https:\/\/www.hydraulic-cylinders.net\/wp-content\/uploads\/2025\/01\/songte-chushion-collar.webp\" alt=\"Padjakrae pilt\"><\/p>\n<h3>Silindri tihendamine ja m\u00e4\u00e4rimine:<\/h3>\n<p>Silindris kasutatakse mitmesuguseid tihendeid, n\u00e4iteks kolvitihendeid ja vardatihendeid, mis on valitud kulumiskindluse tagamiseks selliste materjalide hulgast nagu pol\u00fcuretaan ja nitriilkummi. Silindri korpus ja keermestatud otsapind l\u00e4bivad kulumiskindluse parandamiseks peent\u00f6\u00f6tluse. Vajalik on regulaarne m\u00e4\u00e4rimine sobiva koguse h\u00fcdraulika\u00f5liga.<\/p>\n<h3>Regulaarsed kontrolli- ja ennetushooldusmeetmed:<\/h3>\n<ol>\n<li>Kontrollige silindrit regulaarselt kahjustuste v\u00f5i lekete suhtes.<\/li>\n<li>Tagage korralik m\u00e4\u00e4rimine ja vajadusel vahetage tihendid v\u00e4lja.<\/li>\n<li>Optimaalse j\u00f5udluse s\u00e4ilitamiseks tehke kalibreerimiskontrolle.<\/li>\n<\/ol>\n<h3>\u00d5ige paigaldusjuhend:<\/h3>\n<p>1. Paigaldamise ajal joondage silinder \u00f5igesti.<\/p>\n<p>2. Kasutage silindri kinnitamiseks sobivaid kinnitusklambreid.<\/p>\n<h3>Levinumad hooldust\u00f6\u00f6d:<\/h3>\n<p>1. Regulaarne kontroll: Kontrollige silindrit regulaarselt kulumis- v\u00f5i kahjustuste suhtes.<\/p>\n<p>2. \u00d5ige m\u00e4\u00e4rimine: Sujuva t\u00f6\u00f6 tagamiseks veenduge piisavas m\u00e4\u00e4rimises.<\/p>\n<p>3. Tihendi vahetamine: Vahetage tihendid v\u00e4lja, kui neil on kulumise v\u00f5i lekke m\u00e4rke.<\/p>\n<p>Kopasilindri \u00f5ige paigaldamine, m\u00e4\u00e4rimine ja reguleerimine on oluline. Juhiste andmine silindri joondamiseks paigaldamise ajal, sobivate paigaldusklambrite kasutamise soovitamine silindri kinnitamiseks ning n\u00f5uetekohased kontrolli-, remondi- ja vahetusprotseduurid silindri eluea pikendamiseks.<\/p>\n<p><img decoding=\"async\" src=\"https:\/\/www.hydraulic-cylinders.net\/wp-content\/uploads\/2025\/01\/songte-bushings-with-all-kinds-of-excavator-models.webp\" alt=\"Pukside pilt\"><\/p>\n<h3>Ohutuskaalutlused ja keskkonnategurid:<\/h3>\n<p>Kopasilindri kasutamisel on oluline j\u00e4rgida ohutusmeetmeid, et v\u00e4ltida \u00f5nnetusi ja minimeerida keskkonnam\u00f5ju.<\/p>\n<h3>Vea diagnoosimine ja levinumad probleemid:<\/h3>\n<p>1. Rikete diagnoosimine: Pakkuge t\u00f5rkeotsingu n\u00e4pun\u00e4iteid ja lahendusi levinud probleemidele.<\/p>\n<p>2. Ennetavad meetmed: Soovitage ennetavaid meetmeid v\u00f5imalike probleemide minimeerimiseks.<\/p>\n<p><img decoding=\"async\" src=\"https:\/\/www.hydraulic-cylinders.net\/wp-content\/uploads\/2025\/01\/songte-company-1.webp\" alt=\"Songte ettev\u00f5tte pilt\"><\/p>\n<p>Pea meeles, et artikkel tuleks loogiliselt \u00fcles ehitada, navigeerimise h\u00f5lbustamiseks kasutada alapealkirju, arusaadavuse parandamiseks lisada asjakohaseid pilte v\u00f5i diagramme ning veenduda, et sisu oleks selge, kokkuv\u00f5tlik ja sobiv erineva tehnilise teadmisega lugejatele.<\/p>\n<h2>Meie ettev\u00f5ttest<\/h2>\n<p>Oleme asendush\u00fcdrauliliste silindrite tootja ning \u00fcks juhtivaid h\u00fcdrauliliste silindrite tootjaid ja hulgim\u00fc\u00fcjaid nii sise- kui ka rahvusvahelistel turgudel. J\u00e4rgime suurep\u00e4rase kvaliteedi p\u00f5him\u00f5tteid, tuginedes t\u00e4iustatud tootmist\u00f6\u00f6koja t\u00f6\u00f6stusliku tootmise juhtimise strateegiale. Meie ettev\u00f5te t\u00e4iustab pidevalt tootmisplatvormi, t\u00e4iustab tootekvaliteedi tootmisprotsessi ja omab tugevaid loomingulisi v\u00f5imeid. Meie eesm\u00e4rk on rahuldada klientide mitmekesiseid vajadusi suure efektiivsuse, suure t\u00e4psuse ja k\u00f5rgete kvaliteedip\u00f5him\u00f5tete abil.<\/p>\n<p><img decoding=\"async\" src=\"https:\/\/www.hydraulic-cylinders.net\/wp-content\/uploads\/2025\/01\/songte-company-3.webp\" alt=\"Songte ettev\u00f5tte pilt\"><\/p>\n<p>Alates professionaalsusest, rahvusvahelistest sertifikaatidest, kohandatud teenustest, tootmisseadmetest kuni m\u00fc\u00fcgij\u00e4rgse teeninduseni \u2013 pakume oma ettev\u00f5tte p\u00f5hjalikku tutvustamist.<\/p>\n<p>Autor: lyl<\/p>","protected":false},"excerpt":{"rendered":"<p>Bucket Cylinder For Komatsu Large Excavator PC1250-7 Bucket Cylinder for Komatsu Large Excavator PC1250-7 is a specialized hydraulic cylinder designed to control the movement of the bucket in heavy machinery such as excavators, backhoe loaders, and front loaders. Its main function is to enable the lifting, lowering, and tilting of the bucket, making it easier [&hellip;]<\/p>","protected":false},"featured_media":14780,"comment_status":"open","ping_status":"closed","template":"","meta":{"_et_pb_use_builder":"","_et_pb_old_content":"","_et_gb_content_width":""},"product_brand":[],"product_cat":[1494],"product_tag":[1495,1496],"class_list":{"0":"post-15153","1":"product","2":"type-product","3":"status-publish","4":"has-post-thumbnail","6":"product_cat-bucket-cylinders","7":"product_tag-bucket-cylinders","8":"product_tag-hydraulic-cylinders","10":"first","11":"instock","12":"shipping-taxable","13":"product-type-simple"},"amp_enabled":true,"_links":{"self":[{"href":"https:\/\/www.hydraulic-cylinders.net\/et\/wp-json\/wp\/v2\/product\/15153","targetHints":{"allow":["GET"]}}],"collection":[{"href":"https:\/\/www.hydraulic-cylinders.net\/et\/wp-json\/wp\/v2\/product"}],"about":[{"href":"https:\/\/www.hydraulic-cylinders.net\/et\/wp-json\/wp\/v2\/types\/product"}],"replies":[{"embeddable":true,"href":"https:\/\/www.hydraulic-cylinders.net\/et\/wp-json\/wp\/v2\/comments?post=15153"}],"wp:featuredmedia":[{"embeddable":true,"href":"https:\/\/www.hydraulic-cylinders.net\/et\/wp-json\/wp\/v2\/media\/14780"}],"wp:attachment":[{"href":"https:\/\/www.hydraulic-cylinders.net\/et\/wp-json\/wp\/v2\/media?parent=15153"}],"wp:term":[{"taxonomy":"product_brand","embeddable":true,"href":"https:\/\/www.hydraulic-cylinders.net\/et\/wp-json\/wp\/v2\/product_brand?post=15153"},{"taxonomy":"product_cat","embeddable":true,"href":"https:\/\/www.hydraulic-cylinders.net\/et\/wp-json\/wp\/v2\/product_cat?post=15153"},{"taxonomy":"product_tag","embeddable":true,"href":"https:\/\/www.hydraulic-cylinders.net\/et\/wp-json\/wp\/v2\/product_tag?post=15153"}],"curies":[{"name":"wp","href":"https:\/\/api.w.org\/{rel}","templated":true}]}}