{"id":15156,"date":"2025-01-19T14:10:31","date_gmt":"2025-01-19T14:10:31","guid":{"rendered":"https:\/\/www.hydraulic-cylinders.net\/product\/bucket-cylinder-for-komatsu-wheel-excavator-pw270-7\/"},"modified":"2025-01-19T14:10:33","modified_gmt":"2025-01-19T14:10:33","slug":"bucket-cylinder-for-komatsu-wheel-excavator-pw270-7","status":"publish","type":"product","link":"https:\/\/www.hydraulic-cylinders.net\/et\/toode\/bucket-cylinder-for-komatsu-wheel-excavator-pw270-7\/","title":{"rendered":"Komatsu ratasekskavaatori PW270-7 kopa silinder"},"content":{"rendered":"<h2>Komatsu ratasekskavaatori PW270-7 kopa silinder<\/h2>\n<h3>Sissejuhatus<\/h3>\n<p>Kopa silinder on spetsiaalselt loodud h\u00fcdrauliline silinder, mida kasutatakse peamiselt koppade liikumise juhtimiseks rasketes masinates, n\u00e4iteks ekskavaatorites, laadur-ekskavaatorites ja esilaadurites. Selle peamine \u00fclesanne on v\u00f5imaldada kopa t\u00f5stmist, langetamist ja kallutamist, muutes mitmesuguste materjalik\u00e4itlust\u00f6\u00f6de tegemise lihtsaks. H\u00fcdraulilises s\u00fcsteemis saavutab kopa silinder kopa t\u00e4pse juhtimise h\u00fcdraulika\u00f5li r\u00f5humuutuste kaudu, v\u00f5imaldades operaatoritel t\u00f5husalt k\u00e4sitseda raskeid koormaid, kohaneda keerukate t\u00f6\u00f6keskkondade ja mitmekesiste t\u00f6\u00f6n\u00f5uetega.<\/p>\n<p><img decoding=\"async\" src=\"https:\/\/www.hydraulic-cylinders.net\/wp-content\/uploads\/2025\/01\/songte-company-2.webp\"\/><\/p>\n<h3>Toote omadused<\/h3>\n<ul>\n<li>Suur tugevus ja vastupidavus: Tavaliselt valmistatud \u00fclitugevast terasest v\u00f5i alumiiniumist, talub see k\u00f5rget r\u00f5hku ja suuri koormusi, kohandudes karmide t\u00f6\u00f6keskkondadega. Projekteerimisel on arvestatud ka kulumiskindluse ja korrosioonikindlusega, et pikendada kasutusiga.<\/li>\n<li>T\u00f5hus h\u00fcdrauliline t\u00f6\u00f6: Kasutab h\u00fcdraulika\u00f5li r\u00f5hku sujuva teleskoopliikumise saavutamiseks, reageerib kiiresti juhtimisk\u00e4sklustele, pakub tugevat t\u00f5uke- ja t\u00f5mbej\u00f5udu, sobib raskete koormate ja keerukate t\u00f6\u00f6\u00fclesannete k\u00e4sitsemiseks.<\/li>\n<li>Erinevad t\u00fc\u00fcbid: vastavalt vajadusele saab valida \u00fchetoimelisi (h\u00fcdrauliliselt ainult \u00fches suunas) v\u00f5i kahetoimelisi (h\u00fcdrauliliselt m\u00f5lemas suunas) silindreid. M\u00f5ned mudelid on teleskoopilised, v\u00f5imaldades suuremat pikendamist ilma v\u00e4lism\u00f5\u00f5tmeid suurendamata, sobides piiratud ruumides kasutamiseks.<\/li>\n<li>Otsene asendamine: Meie toode saab need h\u00fcdrosilindrid ideaalselt asendada.<\/li>\n<\/ul>\n<p><img decoding=\"async\" src=\"https:\/\/www.hydraulic-cylinders.net\/wp-content\/uploads\/2025\/01\/songte-cylinder-head-with-all-kinds-excavator-models.webp\"\/><\/p>\n<h3>Rakendused<\/h3>\n<p>Kopasilindrit kasutatakse laialdaselt erinevates rasketehnika masinates, sealhulgas:<\/p>\n<ul>\n<li>Ehitustehnika: Ekskavaatorites on need h\u00e4davajalikud kaevamiseks, laadimiseks ja pinnase v\u00f5i prahi teisaldamiseks. Ekskavaator-laadurites aitab kopa silinder nii kaevamisel kui ka t\u00f5stmisel. <\/li>\n<li>P\u00f5llumajandustehnika: Kasutatakse esilaadurites pinnase, heina ja muude materjalide kaevamiseks, t\u00f5stmiseks ja transportimiseks.<\/li>\n<li>Ekskavaatorid: Kopa silinder saavutab kaevamistoimingu, v\u00f5imaldades kopal pinnasesse tungida.<\/li>\n<li>Esilaadurid: Esilaadurites aitavad need kaupu t\u00f5husalt t\u00f5sta ja t\u00fchjendada.<\/li>\n<\/ul>\n<p>Iga m\u00e4rks\u00f5na rakendust kirjeldatakse allpool \u00fcksikasjalikumalt:<\/p>\n<h4>Ehitustehnika<\/h4>\n<p>Ekskavaatoreid kasutatakse laialdaselt ehitust\u00f6\u00f6stuses ning need on h\u00e4davajalikud pinnase v\u00f5i prahi kaevamiseks, laadimiseks ja teisaldamiseks. Ekskavaatorites kasutatakse kopa silindrit kopa liikumise juhtimiseks, v\u00f5imaldades sellel pinnasesse tungida ja kaevata. Ekskavaator-laadurites aitab kopa silinder nii kaevamisel kui ka t\u00f5stmisel, muutes erinevate materjalide k\u00e4sitsemise lihtsaks.<\/p>\n<p><img decoding=\"async\" src=\"https:\/\/hzpt.com\/wp-content\/uploads\/2024\/11\/songte-company-1.webp\"\/><\/p>\n<h4>P\u00f5llumajandustehnika<\/h4>\n<p>P\u00f5llumajandusmasinaid kasutatakse mitmesugustes rakendustes, n\u00e4iteks saagi koristamisel, istutamisel ja t\u00f6\u00f6tlemisel. Kopasilindrit saab kasutada esilaadurites, mis v\u00f5imaldab kaevata, t\u00f5sta ja transportida mulda, heina ja muid materjale.<\/p>\n<h4>Ekskavaatorid<\/h4>\n<p>Ekskavaatoreid kasutatakse erinevates rakendustes, n\u00e4iteks ehituses, kaevanduses ja metsanduses. Kopa silinder aitab pinnast kaevata ja prahti teisaldada, muutes raskete koormate k\u00e4sitsemise ja kohandamise erinevate t\u00f6\u00f6keskkondadega lihtsaks.<\/p>\n<h4>Eesmised laadurid<\/h4>\n<p>Esilaadureid kasutatakse laialdaselt erinevates t\u00f6\u00f6stusharudes, n\u00e4iteks ehituses, kaevanduses ja p\u00f5llumajanduses. Kopa silinder aitab kaupu t\u00f5husalt t\u00f5sta ja t\u00fchjendada, muutes erinevate materjalide k\u00e4sitsemise lihtsaks.<\/p>\n<h3>Projekteerimiskaalutlused ja valikukriteeriumid<\/h3>\n<p>Kopasilindri projekteerimisel on arvestatud mitmete kaalutlustega, nagu kandev\u00f5ime, tihendus, vastupidavus, ohutus ja hooldatavus. Iga punkti k\u00e4sitletakse allpool:<\/p>\n<ul>\n<li>Kandev\u00f5ime: Kopa silinder on konstrueeritud taluma k\u00f5rget r\u00f5hku ja suuri koormusi, tagades, et see saab hakkama erinevate materjalidega.<\/li>\n<li>Tihendus: Silindri lekkekindluse ja p\u00fcsiva r\u00f5hu s\u00e4ilitamiseks kasutatakse mitmesuguseid tihendeid, n\u00e4iteks kolvitihendeid, vardatihendeid jne.<\/li>\n<li>Vastupidavus: Kopa silinder on ehitatud kestma, valmistatud \u00fclitugevatest materjalidest ja loodud kulumiskindlaks.<\/li>\n<li>Ohutus: Kopa silinder on loodud ohutuks t\u00f6\u00f6ks, v\u00e4hendades \u00fclekoormusest v\u00f5i v\u00e4\u00e4rkasutusest tingitud \u00f5nnetuste ohtu.<\/li>\n<li>Hooldatavus: Kopa silinder on konstrueeritud h\u00f5lpsaks hooldamiseks ning selle vahetatavad tihendid ja muud komponendid v\u00f5imaldavad regulaarset hooldust ja remonti.<\/li>\n<\/ul>\n<p><img decoding=\"async\" src=\"https:\/\/www.hydraulic-cylinders.net\/wp-content\/uploads\/2025\/01\/songte-oil-pipes-and-spare-parts.webp\"\/><\/p>\n<h3>Tihendus ja m\u00e4\u00e4rimine<\/h3>\n<p>Koppsilindril on erinevad tihendid, n\u00e4iteks kolvitihendid, vardatihendid jne, et tagada silindri lekkekindlus ja konstantse r\u00f5hu s\u00e4ilitamine. Tihendite jaoks kasutatakse tavaliselt pol\u00fcuretaan- v\u00f5i nitriilkummi, mis tagab suurep\u00e4rase kulumiskindluse. Silindri korpus ja keermestatud otsapind on peenelt t\u00f6\u00f6deldud, et parandada kulumiskindlust. Silindri optimaalse j\u00f5udluse s\u00e4ilitamiseks on vajalik regulaarne m\u00e4\u00e4rimine ning regulaarselt tuleks lisada sobiv kogus h\u00fcdraulika\u00f5li.<\/p>\n<h3>Hooldus ja ennetavad meetmed<\/h3>\n<p>Kopasilindri pikaealisuse ja optimaalse j\u00f5udluse tagamiseks on oluline regulaarne hooldus ja ennetavad meetmed. Kolm levinud hooldus\u00fclesannet on regulaarne kontroll, asjakohane m\u00e4\u00e4rimine ning tihendite vahetamine ja kalibreerimise kontrollimine. Paigaldusprotsessi ajal on oluline \u00f5ige paigaldamine, m\u00e4\u00e4rimine ja reguleerimine. Silindri paigaldamise ajal tuleks anda \u00f5iged joondamisjuhised ja silindri kinnitamiseks tuleks kasutada sobivaid paigaldusklambreid. M\u00e4rks\u00f5na kasutusea optimeerimiseks pakutakse soovituslikke kontrolli-, remondi- ja asendusprotseduure, varuosi ja taastamisteenuseid.<\/p>\n<p><img decoding=\"async\" src=\"https:\/\/www.hydraulic-cylinders.net\/wp-content\/uploads\/2025\/01\/songte-chushion-collar.webp\"\/><\/p>\n<h3>Ohutuskaalutlused ja keskkonnategurid<\/h3>\n<p>Kopasilindri kasutamisel on \u00f5nnetuste ohu v\u00e4hendamiseks olulised ohutusmeetmed. \u00d5ige kasutamine, paigaldamine ja hooldus on kopasilindri j\u00f5udluse ja eluea optimeerimiseks kriitilise t\u00e4htsusega. Kasutamise ajal tuleks arvestada ka keskkonnateguritega, nagu temperatuur, niiskus, tolm ja kokkupuude kemikaalidega.<\/p>\n<h3>Veaotsing ja levinud probleemid<\/h3>\n<p>Kopasilindri levinud probleemide hulka v\u00f5ivad kuuluda \u00f5lileke, tihendi kahjustused ja ebapiisav r\u00f5hk. Probleemide t\u00f5husaks diagnoosimiseks ja lahendamiseks pakutakse t\u00f5rkeotsingu n\u00e4pun\u00e4iteid ja lahendusi ning v\u00f5imalike probleemide minimeerimiseks soovitatakse ennetavaid meetmeid. <\/p>\n<p><img decoding=\"async\" src=\"https:\/\/www.hydraulic-cylinders.net\/wp-content\/uploads\/2025\/01\/songte-bushings-with-all-kinds-of-excavator-models.webp\"\/><\/p>\n<h2>Meie ettev\u00f5ttest<\/h2>\n<p>Oleme asendush\u00fcdrauliliste silindrite tootja, pakkudes t\u00e4ielikku tootevalikut. Olles \u00fcks juhtivaid h\u00fcdrosilindrite tootjaid ja hulgim\u00fc\u00fcjaid nii sise- kui ka rahvusvahelisel turul, j\u00e4rgime suurep\u00e4rase kvaliteedi p\u00f5him\u00f5tet ja tugineme peenelt valmistatud t\u00f6\u00f6kodades t\u00f6\u00f6stusliku tootmise juhtimise strateegiatele. Meie ettev\u00f5te t\u00e4iustab pidevalt t\u00f6\u00f6koja tootmisplatvormi, t\u00e4iustab tootekvaliteediga tootmisliini ja omab tugevaid tootmisv\u00f5imalusi. K\u00f5rge efektiivsuse, suure t\u00e4psuse ja k\u00f5rge kvaliteedi p\u00f5him\u00f5tetega pakume erinevatele klientidele rahuldavaid tooteid ja teenuseid.<\/p>\n<p>Pakume professionaalseid h\u00fcdrosilindrite tooteid ja teenuseid, rahvusvahelist sertifitseerimist, kohandatud teenuseid, t\u00e4iustatud tootmisseadmeid ja suurep\u00e4rast m\u00fc\u00fcgij\u00e4rgset teenindust. <\/p>\n<p><img decoding=\"async\" src=\"https:\/\/www.hydraulic-cylinders.net\/wp-content\/uploads\/2025\/01\/songte-company-3.webp\"\/><\/p>\n<p>Autor: lyl<\/p>","protected":false},"excerpt":{"rendered":"<p>Bucket Cylinder for Komatsu Wheel Excavator PW270-7 Introduction A bucket cylinder is a specially designed hydraulic cylinder primarily used to control the movement of buckets in heavy machinery such as excavators, backhoe loaders, and front-end loaders. Its main function is to allow the bucket to lift, lower, and tilt, making it easy to handle various [&hellip;]<\/p>","protected":false},"featured_media":14773,"comment_status":"open","ping_status":"closed","template":"","meta":{"_et_pb_use_builder":"","_et_pb_old_content":"","_et_gb_content_width":""},"product_brand":[],"product_cat":[1494],"product_tag":[1495,1496],"class_list":{"0":"post-15156","1":"product","2":"type-product","3":"status-publish","4":"has-post-thumbnail","6":"product_cat-bucket-cylinders","7":"product_tag-bucket-cylinders","8":"product_tag-hydraulic-cylinders","10":"first","11":"instock","12":"shipping-taxable","13":"product-type-simple"},"amp_enabled":true,"_links":{"self":[{"href":"https:\/\/www.hydraulic-cylinders.net\/et\/wp-json\/wp\/v2\/product\/15156","targetHints":{"allow":["GET"]}}],"collection":[{"href":"https:\/\/www.hydraulic-cylinders.net\/et\/wp-json\/wp\/v2\/product"}],"about":[{"href":"https:\/\/www.hydraulic-cylinders.net\/et\/wp-json\/wp\/v2\/types\/product"}],"replies":[{"embeddable":true,"href":"https:\/\/www.hydraulic-cylinders.net\/et\/wp-json\/wp\/v2\/comments?post=15156"}],"wp:featuredmedia":[{"embeddable":true,"href":"https:\/\/www.hydraulic-cylinders.net\/et\/wp-json\/wp\/v2\/media\/14773"}],"wp:attachment":[{"href":"https:\/\/www.hydraulic-cylinders.net\/et\/wp-json\/wp\/v2\/media?parent=15156"}],"wp:term":[{"taxonomy":"product_brand","embeddable":true,"href":"https:\/\/www.hydraulic-cylinders.net\/et\/wp-json\/wp\/v2\/product_brand?post=15156"},{"taxonomy":"product_cat","embeddable":true,"href":"https:\/\/www.hydraulic-cylinders.net\/et\/wp-json\/wp\/v2\/product_cat?post=15156"},{"taxonomy":"product_tag","embeddable":true,"href":"https:\/\/www.hydraulic-cylinders.net\/et\/wp-json\/wp\/v2\/product_tag?post=15156"}],"curies":[{"name":"wp","href":"https:\/\/api.w.org\/{rel}","templated":true}]}}