{"id":15159,"date":"2025-01-19T14:10:49","date_gmt":"2025-01-19T14:10:49","guid":{"rendered":"https:\/\/www.hydraulic-cylinders.net\/product\/bucket-cylinder-for-komatsu-wheel-excavator-pw130es-6\/"},"modified":"2025-01-19T14:10:51","modified_gmt":"2025-01-19T14:10:51","slug":"bucket-cylinder-for-komatsu-wheel-excavator-pw130es-6","status":"publish","type":"product","link":"https:\/\/www.hydraulic-cylinders.net\/et\/toode\/bucket-cylinder-for-komatsu-wheel-excavator-pw130es-6\/","title":{"rendered":"Komatsu ratasekskavaatori PW130ES-6 kopa silinder"},"content":{"rendered":"<p><!DOCTYPE html><br \/>\n<html><\/p>\n<p><head><br \/>\n    <title>Komatsu ratasekskavaatori PW130ES-6 kopa silinder<\/title><br \/>\n<\/head><\/p>\n<p><body><\/p>\n<h1>Komatsu ratasekskavaatori PW130ES-6 kopa silinder<\/h1>\n<h2>Kopasilindri m\u00e4\u00e4ratlus<\/h2>\n<p>Kopa silinder on spetsiaalselt konstrueeritud h\u00fcdrauliline silinder, mida kasutatakse kopa liikumise juhtimiseks rasketes masinates, n\u00e4iteks ekskavaatorites, laadur-ekskavaatorites ja rataslaadurites. Selle peamine \u00fclesanne on v\u00f5imaldada kopal sooritada t\u00f5stmis-, langetamis- ja kallutustoiminguid, muutes mitmesuguste materjalik\u00e4itlust\u00f6\u00f6de tegemise lihtsamaks. H\u00fcdraulilises s\u00fcsteemis saavutab kopa silinder kopa t\u00e4pse juhtimise, kasutades \u00e4ra h\u00fcdraulika\u00f5li r\u00f5humuutusi, v\u00f5imaldades operaatoritel t\u00f5husalt k\u00e4sitseda raskeid koormaid ning kohaneda keerukate t\u00f6\u00f6keskkondade ja mitmekesiste t\u00f6\u00f6n\u00f5uetega.<\/p>\n<p>    <img decoding=\"async\" src=\"https:\/\/www.hydraulic-cylinders.net\/wp-content\/uploads\/2025\/01\/songte-company-2.webp\"><\/p>\n<h2>Kopasilindri omadused<\/h2>\n<ul>\n<li>Suur tugevus ja vastupidavus: Tavaliselt valmistatud \u00fclitugevast terasest v\u00f5i alumiiniumist, talub k\u00f5rget r\u00f5hku ja suuri koormusi, kohandub karmide t\u00f6\u00f6keskkondadega ning on konstrueeritud kulumiskindlust ja korrosioonikindlust silmas pidades, et pikendada selle eluiga.<\/li>\n<li>T\u00f5hus h\u00fcdrauliline t\u00f6\u00f6: Kasutab h\u00fcdraulika\u00f5li r\u00f5hku sujuvate pikendus- ja tagasit\u00f5mbamisliigutuste saavutamiseks, reageerib kiiresti juhtimisk\u00e4sklustele, pakub v\u00f5imsaid t\u00f5uke- ja t\u00f5mbej\u00f5ude, sobib raskete koormate ja keerukate t\u00f6\u00f6\u00fclesannete k\u00e4sitsemiseks.<\/li>\n<li>Erinevad t\u00fc\u00fcbid: Saab valida \u00fchetoimeliste (h\u00fcdrauliline ainult \u00fches suunas) v\u00f5i kahetoimeliste (h\u00fcdrauliline m\u00f5lemas suunas) silindrite vahel vastavalt konkreetsetele t\u00f6\u00f6vajadustele. M\u00f5ned mudelid on teleskoopilised, v\u00f5imaldades suuremat pikendamist ilma v\u00e4lism\u00f5\u00f5tmeid suurendamata, sobides ruumipiiranguga rakenduste jaoks.<\/li>\n<\/ul>\n<p>    <img decoding=\"async\" src=\"https:\/\/www.hydraulic-cylinders.net\/wp-content\/uploads\/2025\/01\/songte-cylinder-head-with-all-kinds-excavator-models.webp\"><\/p>\n<h2>Kopasilindri rakendused<\/h2>\n<p>Kopasilindrid leiavad rakendusi erinevates seadmetes:<\/p>\n<ul>\n<li>Ehitustehnika: Neid leidub ekskavaatorites ning need on olulised kaevamiseks, laadimiseks ja pinnase v\u00f5i prahi teisaldamiseks. Ekskavaatorlaadurites aitavad kopasilindrid nii kaevamisel kui ka t\u00f5stmisel.<\/li>\n<li>P\u00f5llumajandusmasinad: Kasutatakse esilaadurites mulla, heina ja muude materjalide k\u00fchveldamiseks, t\u00f5stmiseks ja transportimiseks.<\/li>\n<li>Ekskavaatorid: Kopasilindrid v\u00f5imaldavad kaevamist, lastes kopal pinnasesse tungida.<\/li>\n<li>Rataslaadurid: Rataslaadurites aitavad need kauba t\u00f5husaks t\u00fchjendamiseks t\u00f5stmisel ja kallutamisel.<\/li>\n<\/ul>\n<h2>Projekteerimiskaalutlused ja valikukriteeriumid<\/h2>\n<p>Silindrite projekteerimisel ja valimisel tuleb arvestada mitmete teguritega:<\/p>\n<ul>\n<li>Kandev\u00f5ime: Silinder peaks suutma taluda eeldatavat koormust ilma purunemata.<\/li>\n<li>Tihendus: N\u00f5uetekohase tihenduse tagamiseks ja lekete v\u00e4ltimiseks tuleks kasutada mitmesuguseid tihenduselemente, n\u00e4iteks kolvitihendeid ja varrastihendeid, mis on valmistatud kulumiskindlatest materjalidest, n\u00e4iteks pol\u00fcuretaanist v\u00f5i nitriilkummist.<\/li>\n<li>Vastupidavus: Silindri korpus ja keermestatud otsad tuleks kulumiskindluse parandamiseks peenelt t\u00f6\u00f6delda.<\/li>\n<li>Ohutus: \u00dclekoormuse v\u00e4ltimiseks ja ohutu t\u00f6\u00f6 tagamiseks tuleks paigaldada ohutusfunktsioonid, n\u00e4iteks \u00fcler\u00f5huventiilid.<\/li>\n<li>Hooldatavus: Arvesse tuleks v\u00f5tta h\u00f5lpsat juurdep\u00e4\u00e4su hoolduseks ja remondiks, mis v\u00f5imaldab t\u00f5husat hooldust ja minimeerib seisakuid.<\/li>\n<\/ul>\n<p>    <img decoding=\"async\" src=\"https:\/\/www.hydraulic-cylinders.net\/wp-content\/uploads\/2025\/01\/songte-oil-pipes-and-spare-parts.webp\"><\/p>\n<h2>Tihendus ja m\u00e4\u00e4rimine<\/h2>\n<p>Kopasilindrites kasutatakse mitmesuguseid tihendeid, n\u00e4iteks kolvitihendeid ja vardatihendeid, mis on valmistatud kulumiskindlatest materjalidest, n\u00e4iteks pol\u00fcuretaanist v\u00f5i nitriilkummist. Silindri korpus ja keermestatud otsad on kulumiskindluse parandamiseks peenelt t\u00f6\u00f6deldud. Sujuva t\u00f6\u00f6 tagamiseks ja silindri eluea pikendamiseks on vajalik regulaarne m\u00e4\u00e4rimine sobiva koguse h\u00fcdraulika\u00f5liga.<\/p>\n<h2>Hooldus ja ennetavad meetmed<\/h2>\n<p>Kopasilindrite optimaalse j\u00f5udluse ja pikaealisuse tagamiseks on oluline regulaarne kontroll ja ennetav hooldus. M\u00f5ned kaalutavad meetmed on j\u00e4rgmised:<\/p>\n<ul>\n<li>Silindri regulaarne kontroll kahjustuste v\u00f5i kulumise tunnuste suhtes.<\/li>\n<li>N\u00f5uetekohane m\u00e4\u00e4rimine sujuva t\u00f6\u00f6 tagamiseks ja h\u00f5\u00f5rdumisega seotud probleemide v\u00e4ltimiseks.<\/li>\n<li>Tihendite perioodiline vahetamine n\u00f5uetekohase tihenduse s\u00e4ilitamiseks ja lekete v\u00e4ltimiseks.<\/li>\n<li>Kalibreerimiskontrollid silindri t\u00e4pse t\u00f6\u00f6 tagamiseks.<\/li>\n<\/ul>\n<p>    <img decoding=\"async\" src=\"https:\/\/www.hydraulic-cylinders.net\/wp-content\/uploads\/2025\/01\/songte-chushion-collar.webp\"><\/p>\n<h2>Ohutuskaalutlused ja keskkonnategurid<\/h2>\n<p>Kopasilindrite kasutamisel on oluline seada esikohale ohutusmeetmed, et v\u00e4ltida \u00f5nnetusi ja tagada operaatorite ning \u00fcmbritseva personali heaolu. Arvesse tuleks v\u00f5tta ohutuid t\u00f6\u00f6protseduure, n\u00f5uetekohast v\u00e4lja\u00f5pet ja reguleerivate asutuste kehtestatud ohutusjuhiste j\u00e4rgimist.<\/p>\n<h2>Rikete diagnoosimine ja levinud probleemid<\/h2>\n<p>S\u00fcsteemi rikke korral on oluline probleem viivitamatult diagnoosida ja lahendada. M\u00f5ned levinud probleemid, mis v\u00f5ivad tekkida, on j\u00e4rgmised:<\/p>\n<ul>\n<li>Leke: Kontrollige kahjustatud tihendeid v\u00f5i lahtisi \u00fchendusi ning vahetage v\u00f5i pingutage neid vastavalt.<\/li>\n<li>Aeglane v\u00f5i eba\u00fchtlane liikumine: kontrollige h\u00fcdraulikas\u00fcsteemi ummistuste v\u00f5i ebapiisava vedelikutaseme suhtes ning lahendage probleem ummistuste k\u00f5rvaldamise v\u00f5i vedeliku lisamisega.<\/li>\n<li>Liigne m\u00fcra v\u00f5i vibratsioon: uurige v\u00f5imalikke p\u00f5hjuseid, nagu joondusviga, kulunud komponendid v\u00f5i ebapiisav m\u00e4\u00e4rimine, ja v\u00f5tke asjakohased parandusmeetmed.<\/li>\n<\/ul>\n<p>    <img decoding=\"async\" src=\"https:\/\/www.hydraulic-cylinders.net\/wp-content\/uploads\/2025\/01\/songte-bushings-with-all-kinds-of-excavator-models.webp\"><\/p>\n<h2>Hooldus\u00fclesanded<\/h2>\n<p>Kopasilindrite tavalised hooldust\u00f6\u00f6d h\u00f5lmavad j\u00e4rgmist:<\/p>\n<ul>\n<li>Regulaarne kontroll v\u00f5imalike probleemide v\u00f5i kulumise tuvastamiseks.<\/li>\n<li>Sobiv m\u00e4\u00e4rimine sujuva t\u00f6\u00f6 tagamiseks ja h\u00f5\u00f5rdumise minimeerimiseks.<\/li>\n<li>Tihendi vahetamine n\u00f5uetekohase tihenduse s\u00e4ilitamiseks ja lekete v\u00e4ltimiseks.<\/li>\n<li>Kalibreerimiskontrollid t\u00e4pse t\u00f6\u00f6 tagamiseks.<\/li>\n<\/ul>\n<h2>N\u00f5uetekohase paigaldamise olulisus<\/h2>\n<p>Kopasilindrite \u00f5ige paigaldamine on nende optimaalse j\u00f5udluse ja pikaealisuse tagamiseks h\u00e4davajalik. Paigaldamise ajal on oluline silindrit \u00f5igesti joondada. Silindri kinnitamiseks on soovitatav kasutada sobivaid paigaldusklambreid. Artiklis antakse soovituslikke protseduure kontrollimiseks, parandamiseks ja vahetamiseks ning n\u00e4pun\u00e4iteid kopasilindri eluea pikendamiseks.<\/p>\n<p>    <img decoding=\"async\" src=\"https:\/\/www.hydraulic-cylinders.net\/wp-content\/uploads\/2025\/01\/songte-company-1.webp\"><\/p>\n<h2>Ettev\u00f5tte tutvustus<\/h2>\n<p>Oleme asendush\u00fcdrauliliste silindrite tootja ning \u00fcks juhtivaid tootjaid ja hulgim\u00fc\u00fcjaid nii sise- kui ka rahvusvahelisel turul. Meie tootevalik on lai ning me j\u00e4rgime suurep\u00e4rase kvaliteedi ja t\u00f5husa tootmisjuhtimise p\u00f5him\u00f5tteid. Kasutades t\u00e4iustatud tootmisseadmeid, professionaalseid testimiss\u00fcsteeme ja tehnoloogilist talenti, t\u00e4iustame pidevalt oma tootmisplatvormi ja tootekvaliteeti, et rahuldada klientide mitmekesiseid vajadusi.<\/p>\n<h3>Meie ettev\u00f5tte esilet\u00f5stmised:<\/h3>\n<ul>\n<li>Professionaalsus: Meie prioriteediks on h\u00fcdrauliliste silindrite asjatundlikkus, tagades tippkvaliteediga tooted ja teenused.<\/li>\n<li>Rahvusvahelised sertifikaadid: Meie tooted vastavad rahvusvahelistele standarditele ja l\u00e4bivad range kvaliteedikontrolli protsessi.<\/li>\n<li>Kohandamise teenused: Pakume kohandatud lahendusi, et rahuldada klientide konkreetseid vajadusi.<\/li>\n<li>Tipptasemel tootmisseadmed: Kasutame t\u00e4iustatud tootmisseadmeid efektiivsuse ja t\u00e4psuse tagamiseks.<\/li>","protected":false},"excerpt":{"rendered":"<p>Bucket Cylinder For Komatsu Wheel Excavator PW130ES-6 Bucket Cylinder For Komatsu Wheel Excavator PW130ES-6 Definition of Bucket Cylinder A bucket cylinder is a specially designed hydraulic cylinder used to control the movement of the bucket in heavy machinery such as excavators, backhoe excavators, and wheel loaders. Its main function is to enable the bucket to [&hellip;]<\/p>","protected":false},"featured_media":14765,"comment_status":"open","ping_status":"closed","template":"","meta":{"_et_pb_use_builder":"","_et_pb_old_content":"","_et_gb_content_width":""},"product_brand":[],"product_cat":[1494],"product_tag":[1495,1496],"class_list":{"0":"post-15159","1":"product","2":"type-product","3":"status-publish","4":"has-post-thumbnail","6":"product_cat-bucket-cylinders","7":"product_tag-bucket-cylinders","8":"product_tag-hydraulic-cylinders","10":"first","11":"instock","12":"shipping-taxable","13":"product-type-simple"},"amp_enabled":true,"_links":{"self":[{"href":"https:\/\/www.hydraulic-cylinders.net\/et\/wp-json\/wp\/v2\/product\/15159","targetHints":{"allow":["GET"]}}],"collection":[{"href":"https:\/\/www.hydraulic-cylinders.net\/et\/wp-json\/wp\/v2\/product"}],"about":[{"href":"https:\/\/www.hydraulic-cylinders.net\/et\/wp-json\/wp\/v2\/types\/product"}],"replies":[{"embeddable":true,"href":"https:\/\/www.hydraulic-cylinders.net\/et\/wp-json\/wp\/v2\/comments?post=15159"}],"wp:featuredmedia":[{"embeddable":true,"href":"https:\/\/www.hydraulic-cylinders.net\/et\/wp-json\/wp\/v2\/media\/14765"}],"wp:attachment":[{"href":"https:\/\/www.hydraulic-cylinders.net\/et\/wp-json\/wp\/v2\/media?parent=15159"}],"wp:term":[{"taxonomy":"product_brand","embeddable":true,"href":"https:\/\/www.hydraulic-cylinders.net\/et\/wp-json\/wp\/v2\/product_brand?post=15159"},{"taxonomy":"product_cat","embeddable":true,"href":"https:\/\/www.hydraulic-cylinders.net\/et\/wp-json\/wp\/v2\/product_cat?post=15159"},{"taxonomy":"product_tag","embeddable":true,"href":"https:\/\/www.hydraulic-cylinders.net\/et\/wp-json\/wp\/v2\/product_tag?post=15159"}],"curies":[{"name":"wp","href":"https:\/\/api.w.org\/{rel}","templated":true}]}}