{"id":15162,"date":"2025-01-19T14:11:01","date_gmt":"2025-01-19T14:11:01","guid":{"rendered":"https:\/\/www.hydraulic-cylinders.net\/product\/bucket-cylinder-for-hitachi-wheel-excavator-zx140w-3\/"},"modified":"2025-01-19T14:11:03","modified_gmt":"2025-01-19T14:11:03","slug":"bucket-cylinder-for-hitachi-wheel-excavator-zx140w-3","status":"publish","type":"product","link":"https:\/\/www.hydraulic-cylinders.net\/et\/toode\/bucket-cylinder-for-hitachi-wheel-excavator-zx140w-3\/","title":{"rendered":"Hitachi ratasekskavaatori ZX140W-3 kopa silinder"},"content":{"rendered":"<h1>Hitachi ratasekskavaatori ZX140W-3 kopa silinder<\/h1>\n<h2>Sissejuhatus<\/h2>\n<p>Hitachi ratasekskavaatori ZX140W-3 kopa silinder on spetsiaalselt loodud h\u00fcdrauliline silinder, mida kasutatakse peamiselt kopa liikumise juhtimiseks rasketes masinates, n\u00e4iteks ekskavaatorites, esilaadurites ja esilaadurites. Selle peamine \u00fclesanne on v\u00f5imaldada kopa t\u00f5stmist, langetamist ja kallutamist, muutes mitmesuguste materjalik\u00e4itlust\u00f6\u00f6de tegemise lihtsamaks. H\u00fcdraulikas\u00fcsteemis saavutab kopa silinder kopa liikumise t\u00e4pse juhtimise h\u00fcdraulika\u00f5li r\u00f5hu muutuste abil, v\u00f5imaldades operaatoritel t\u00f5husalt k\u00e4sitseda raskeid koormaid ning kohaneda keerukate t\u00f6\u00f6keskkondade ja mitmekesiste t\u00f6\u00f6n\u00f5uetega.<\/p>\n<p><img decoding=\"async\" src=\"https:\/\/www.hydraulic-cylinders.net\/wp-content\/uploads\/2025\/01\/songte-company-2.webp\"><\/p>\n<h2>Omadused<\/h2>\n<ul>\n<li>Suur tugevus ja vastupidavus: Tavaliselt valmistatud \u00fclitugevast terasest v\u00f5i alumiiniumist, mis talub k\u00f5rget r\u00f5hku ja suuri koormusi ning on konstrueeritud kulumiskindlaks ja korrosioonikindlaks, et pikendada selle kasutusiga.<\/li>\n<li>T\u00f5hus h\u00fcdrauliline t\u00f6\u00f6: Kasutab h\u00fcdraulika\u00f5li r\u00f5hku sujuva pikendus- ja tagasit\u00f5mbamisliikumise saavutamiseks, reageerib kiiresti juhtimisk\u00e4sklustele, pakub tugevat t\u00f5uke- ja t\u00f5mbej\u00f5udu, sobib raskete koormate ja keerukate t\u00f6\u00f6\u00fclesannete k\u00e4sitsemiseks.<\/li>\n<li>Erinevad t\u00fc\u00fcbid: Saab valida \u00fchetoimeliste (h\u00fcdrauliline ainult \u00fches suunas) v\u00f5i kahetoimeliste (h\u00fcdrauliline m\u00f5lemas suunas) silindrite vahel vastavalt vajadusele, et rahuldada erinevaid t\u00f6\u00f6vajadusi. M\u00f5ned mudelid on teleskoopilised, v\u00f5imaldades suuremat pikendust ilma v\u00e4lism\u00f5\u00f5tmeid suurendamata, sobides piiratud ruumiga rakenduste jaoks.<\/li>\n<li>Kohandatav: meie toode saab need h\u00fcdraulilised silindrid ideaalselt asendada.<\/li>\n<\/ul>\n<p><img decoding=\"async\" src=\"https:\/\/www.hydraulic-cylinders.net\/wp-content\/uploads\/2025\/01\/songte-cylinder-head-with-all-kinds-excavator-models.webp\"><\/p>\n<h2>Rakendused<\/h2>\n<p>Kopasilindrit kasutatakse laialdaselt erinevates t\u00f6\u00f6stusharudes, sealhulgas:<\/p>\n<ul>\n<li>Ehitusseadmed: Ekskavaatorites on need olulised kaevamiseks, laadimiseks ja pinnase v\u00f5i prahi teisaldamiseks. Ekskavaatoritel aitab kopa silinder kaasa nii kaevamisele kui ka t\u00f5stmisele. <\/li>\n<li>P\u00f5llumajandusmasinad: Kasutatakse esilaaduritel mulla, heina ja muude materjalide k\u00fchveldamiseks, t\u00f5stmiseks ja transportimiseks. <\/li>\n<li>Ekskavaatorid: Kopa silinder v\u00f5imaldab kopal tungida pinnasesse, et saavutada kaevamisliikumine. <\/li>\n<li>Laadurid: Esilaadurites aitavad need kaupu t\u00f5husalt t\u00f5sta ja kallutada.<\/li>\n<\/ul>\n<h2>Projekteerimiskaalutlused ja valikukriteeriumid<\/h2>\n<p>Projekteerimise seisukohast peavad \u00e4mbrisilindril olema j\u00e4rgmised omadused:<\/p>\n<ul>\n<li>Kandev\u00f5ime: See peaks suutma taluda rakenduse maksimaalset koormust.<\/li>\n<li>Tihendid: Kasutatakse mitmesuguseid tihendeid, n\u00e4iteks kolvitihendeid, vardatihendeid ja muid. Tihendid on valmistatud kulumiskindlatest materjalidest, nagu pol\u00fcuretaan ja nitriilkummi, et tagada pikk kasutusiga ja v\u00e4ltida lekkeid.<\/li>\n<li>Vastupidavus: Silindri korpus ja keermestatud otsapind on t\u00e4pselt t\u00f6\u00f6deldud, et suurendada kulumiskindlust.<\/li>\n<li>Ohutus: Seadme h\u00fcdros\u00fcsteemil peavad olema ohutusfunktsioonid, et v\u00e4ltida h\u00fcdrosilindri rikkeid.<\/li>\n<li>Hooldatavus: Silindri konstruktsioon peaks v\u00f5imaldama h\u00f5lpsat hooldust ja remonti ilma kogu s\u00fcsteemi lahti v\u00f5tmata.<\/li>\n<\/ul>\n<p><img decoding=\"async\" src=\"https:\/\/www.hydraulic-cylinders.net\/wp-content\/uploads\/2025\/01\/songte-oil-pipes-and-spare-parts.webp\"><\/p>\n<h2>Tihendus ja m\u00e4\u00e4rimine<\/h2>\n<p>Koppsilindris kasutatakse mitmesuguseid tihenduskomponente, n\u00e4iteks kolvitihendeid, vardatihendeid ja muid, mis on valmistatud kulumiskindlatest materjalidest, n\u00e4iteks pol\u00fcuretaanist ja nitriilkummist, et v\u00e4hendada lekkeid ja tagada pikk kasutusiga. Silindri korpus ja keermestatud otsapind on t\u00e4pselt t\u00f6\u00f6deldud, et suurendada kulumiskindlust. Silindri n\u00f5uetekohaseks t\u00f6\u00f6ks on vajalik regulaarne m\u00e4\u00e4rimine h\u00fcdraulika\u00f5liga.<\/p>\n<h2>Kontroll ja ennetav hooldus<\/h2>\n<p>Kopasilindri kasutusea pikendamiseks on vaja regulaarset kontrolli ja ennetavat hooldust. Hooldust\u00f6\u00f6d peaksid h\u00f5lmama j\u00e4rgmist:<\/p>\n<ul>\n<li>Ballooni tihendite ja liitmike regulaarne kontroll lekete puudumise tagamiseks.<\/li>\n<li>Silindri n\u00f5uetekohane m\u00e4\u00e4rimine vastavalt tootja soovitustele.<\/li>\n<li>Vajadusel tihendite perioodiline vahetamine.<\/li>\n<li>Kalibreerimiskontrollid n\u00f5uetekohase t\u00f6\u00f6 tagamiseks.<\/li>\n<\/ul>\n<p><img decoding=\"async\" src=\"https:\/\/www.hydraulic-cylinders.net\/wp-content\/uploads\/2025\/01\/songte-chushion-collar.webp\"><\/p>\n<h2>Ohutus- ja keskkonnakaalutlused<\/h2>\n<p>Kopasilindri kasutamisel on oluline v\u00f5tta ohutusmeetmeid, n\u00e4iteks tagada k\u00f5igi ohutusfunktsioonide olemasolu ja tagada operaatorite v\u00e4lja\u00f5pe selle n\u00f5uetekohaseks kasutamiseks. H\u00fcdraulika\u00f5li k\u00e4itlemisel tuleks j\u00e4rgida ka asjakohaseid keskkonnaeeskirju.<\/p>\n<h2>Veaotsing ja levinud probleemid<\/h2>\n<p>Kopasilindriga esineda v\u00f5ivate levinud probleemide hulka kuuluvad \u00f5lilekked, h\u00fcdraulikavedeliku saastumine ja silindri tihendite kahjustused. Veaotsing peaks algama probleemi allika tuvastamisest ja seej\u00e4rel v\u00f5imalike lahenduste uurimisest. Regulaarne ennetav hooldus v\u00f5ib probleemide t\u00f5en\u00e4osust oluliselt v\u00e4hendada.<\/p>\n<p><img decoding=\"async\" src=\"https:\/\/www.hydraulic-cylinders.net\/wp-content\/uploads\/2025\/01\/songte-bushings-with-all-kinds-of-excavator-models.webp\"><\/p>\n<h2>Ettev\u00f5ttest<\/h2>\n<p>Oleme asendush\u00fcdrauliliste silindrite tootja, pakkudes t\u00e4ielikku tootevalikut ning olles \u00fcks juhtivaid h\u00fcdrosilindrite tootjaid ja hulgim\u00fc\u00fcjaid nii sise- kui ka rahvusvahelisel turul. J\u00e4rgime suurep\u00e4rase kvaliteedi p\u00f5him\u00f5tet, tuginedes keerukate tootmist\u00f6\u00f6kodade t\u00f6\u00f6stusliku tootmise juhtimise strateegiale ning t\u00e4iustades pidevalt t\u00f6\u00f6koja tootmisplatvormi, parandades tootekvaliteedi tootmisliini ja omades tugevat loomingulist v\u00f5imekust klientide erinevate vajaduste rahuldamiseks. <\/p>\n<p>Meie ettev\u00f5ttel on spetsialiseerunud personal, rahvusvahelised sertifikaadid, kohandatud teenused, t\u00e4iustatud tootmisseadmed ja laitmatu m\u00fc\u00fcgij\u00e4rgne teenindus.<\/p>\n<p><img decoding=\"async\" src=\"https:\/\/hzpt.com\/wp-content\/uploads\/2024\/11\/songte-company-1.webp\"><\/p>\n<p>Autor: lyl.<\/p>","protected":false},"excerpt":{"rendered":"<p>Bucket Cylinder For Hitachi Wheel Excavator ZX140W-3 Introduction The Bucket Cylinder for Hitachi Wheel Excavator ZX140W-3 is a specially designed hydraulic cylinder primarily used to control the movement of the bucket in heavy machinery such as excavators, backhoes, and front loaders. Its main function is to allow the bucket to lift, lower, and tilt, making [&hellip;]<\/p>","protected":false},"featured_media":14789,"comment_status":"open","ping_status":"closed","template":"","meta":{"_et_pb_use_builder":"","_et_pb_old_content":"","_et_gb_content_width":""},"product_brand":[],"product_cat":[1494],"product_tag":[1495,1496],"class_list":{"0":"post-15162","1":"product","2":"type-product","3":"status-publish","4":"has-post-thumbnail","6":"product_cat-bucket-cylinders","7":"product_tag-bucket-cylinders","8":"product_tag-hydraulic-cylinders","10":"first","11":"instock","12":"shipping-taxable","13":"product-type-simple"},"amp_enabled":true,"_links":{"self":[{"href":"https:\/\/www.hydraulic-cylinders.net\/et\/wp-json\/wp\/v2\/product\/15162","targetHints":{"allow":["GET"]}}],"collection":[{"href":"https:\/\/www.hydraulic-cylinders.net\/et\/wp-json\/wp\/v2\/product"}],"about":[{"href":"https:\/\/www.hydraulic-cylinders.net\/et\/wp-json\/wp\/v2\/types\/product"}],"replies":[{"embeddable":true,"href":"https:\/\/www.hydraulic-cylinders.net\/et\/wp-json\/wp\/v2\/comments?post=15162"}],"wp:featuredmedia":[{"embeddable":true,"href":"https:\/\/www.hydraulic-cylinders.net\/et\/wp-json\/wp\/v2\/media\/14789"}],"wp:attachment":[{"href":"https:\/\/www.hydraulic-cylinders.net\/et\/wp-json\/wp\/v2\/media?parent=15162"}],"wp:term":[{"taxonomy":"product_brand","embeddable":true,"href":"https:\/\/www.hydraulic-cylinders.net\/et\/wp-json\/wp\/v2\/product_brand?post=15162"},{"taxonomy":"product_cat","embeddable":true,"href":"https:\/\/www.hydraulic-cylinders.net\/et\/wp-json\/wp\/v2\/product_cat?post=15162"},{"taxonomy":"product_tag","embeddable":true,"href":"https:\/\/www.hydraulic-cylinders.net\/et\/wp-json\/wp\/v2\/product_tag?post=15162"}],"curies":[{"name":"wp","href":"https:\/\/api.w.org\/{rel}","templated":true}]}}