{"id":15166,"date":"2025-01-19T14:11:19","date_gmt":"2025-01-19T14:11:19","guid":{"rendered":"https:\/\/www.hydraulic-cylinders.net\/product\/bucket-cylinder-for-sumitomo-small-excavator-sh60\/"},"modified":"2025-01-19T14:11:21","modified_gmt":"2025-01-19T14:11:21","slug":"bucket-cylinder-for-sumitomo-small-excavator-sh60","status":"publish","type":"product","link":"https:\/\/www.hydraulic-cylinders.net\/et\/toode\/bucket-cylinder-for-sumitomo-small-excavator-sh60\/","title":{"rendered":"Kopa silinder Sumitomo v\u00e4ikese ekskavaatori SH60 jaoks"},"content":{"rendered":"<h1>Kopa silinder Sumitomo v\u00e4ikese ekskavaatori SH60 jaoks<\/h1>\n<h2>Sissejuhatus<\/h2>\n<p>Sumitomo v\u00e4ikeekskavaatori SH60 kopa silinder on spetsiaalselt loodud h\u00fcdrauliline silinder, mida kasutatakse kopa liikumise juhtimiseks rasketes masinates, n\u00e4iteks ekskavaatorites, laadur-ekskavaatorites ja esilaadurites. Selle peamine \u00fclesanne on v\u00f5imaldada kopa t\u00f5stmist, langetamist ja kallutamist, muutes selle mugavaks mitmesuguste materjalik\u00e4itlust\u00f6\u00f6de jaoks. H\u00fcdraulikas\u00fcsteemis juhib kopa silinder t\u00e4pselt kopa liikumist h\u00fcdraulika\u00f5li r\u00f5hu muutuste kaudu, v\u00f5imaldades operaatoritel t\u00f5husalt k\u00e4sitseda raskeid koormaid ning kohaneda keerukate t\u00f6\u00f6keskkondade ja mitmekesiste t\u00f6\u00f6n\u00f5uetega.<\/p>\n<p><img decoding=\"async\" src=\"https:\/\/www.hydraulic-cylinders.net\/wp-content\/uploads\/2025\/01\/songte-company-2.webp\" alt=\"\u00c4mbri silindri pilt\"><\/p>\n<h2>Omadused<\/h2>\n<ol>\n<li>Suur tugevus ja vastupidavus:<\/li>\n<p>Tavaliselt valmistatud \u00fclitugevast terasest v\u00f5i alumiiniumist, see talub k\u00f5rget r\u00f5hku ja suuri koormusi, kohandudes karmide t\u00f6\u00f6keskkondadega. Projekteerimisel on arvestatud kulumiskindluse ja korrosioonikindlusega, et pikendada kasutusiga.<\/p>\n<li>T\u00f5hus h\u00fcdrauliline t\u00f6\u00f6:<\/li>\n<p>H\u00fcdraulilise \u00f5lir\u00f5hu abil saavutab see sujuva teleskoopliikumise, reageerib kiiresti juhtimisk\u00e4sklustele, pakub v\u00f5imsaid t\u00f5uke- ja t\u00f5mbej\u00f5ude ning sobib raskete koormate ja keerukate t\u00f6\u00f6\u00fclesannete k\u00e4sitsemiseks.<\/p>\n<li>Erinevad t\u00fc\u00fcbid:<\/li>\n<p>Valige vastavalt konkreetsetele t\u00f6\u00f6vajadustele \u00fchetoimeliste (h\u00fcdrauliline ainult \u00fches suunas) v\u00f5i kahetoimeliste (h\u00fcdrauliline m\u00f5lemas suunas) silindrite vahel. M\u00f5ned mudelid on teleskoopilised, mis v\u00f5imaldab suuremat pikendamist ilma v\u00e4lism\u00f5\u00f5tmeid suurendamata, mist\u00f5ttu sobivad need ideaalselt piiratud ruumiga rakenduste jaoks.<\/p>\n<li>T\u00e4iuslik asendus:<\/li>\n<p>Meie tooted suudavad neid h\u00fcdrosilindreid ideaalselt asendada.<\/p>\n<\/ol>\n<p><img decoding=\"async\" src=\"https:\/\/www.hydraulic-cylinders.net\/wp-content\/uploads\/2025\/01\/songte-cylinder-head-with-all-kinds-excavator-models.webp\" alt=\"H\u00fcdraulilise silindri pilt\"><\/p>\n<h2>Rakendused<\/h2>\n<ul>\n<li>Ehitustehnika:<\/li>\n<p>Ekskavaatorites on need olulised kaevamiseks, laadimiseks ja pinnase v\u00f5i prahi teisaldamiseks. Ekskavaator-laadurites aitab kopa silinder nii kaevamisel kui ka t\u00f5stmisel.<\/p>\n<li>P\u00f5llumajandusmasinad:<\/li>\n<p>Kasutatakse esilaadurites mulla, heina ja muude materjalide kopeerimiseks, t\u00f5stmiseks ja transportimiseks.<\/p>\n<li>Ekskavaatorid:<\/li>\n<p>Kopa silinder v\u00f5imaldab kaevamist, lastes kopal pinnasesse tungida.<\/p>\n<li>Laadurid:<\/li>\n<p>Frontaallaadurites aitavad need kaupu t\u00f5husalt t\u00f5sta ja maha laadida.<\/p>\n<\/ul>\n<h2>Projekteerimiskaalutlused ja valikukriteeriumid<\/h2>\n<p>Projekteerimisel v\u00f5etakse arvesse selliseid v\u00f5tmetegureid nagu kandev\u00f5ime, tihendus, vastupidavus, ohutus ja hooldatavus.<\/p>\n<p><img decoding=\"async\" src=\"https:\/\/www.hydraulic-cylinders.net\/wp-content\/uploads\/2025\/01\/songte-oil-pipes-and-spare-parts.webp\" alt=\"H\u00fcdraulilise silindri komponentide pilt\"><\/p>\n<h2>Tihendus ja m\u00e4\u00e4rimine<\/h2>\n<p>Kopasilindris kasutatakse mitmesuguseid tihenduselemente, n\u00e4iteks kolvitihendeid ja vardatihendeid, mis on valmistatud kulumiskindlatest materjalidest, n\u00e4iteks pol\u00fcuretaanist ja nitriilkummist. Silindri korpus ja keermestatud otsad l\u00e4bivad kulumiskindluse suurendamiseks hoolika pinnat\u00f6\u00f6tluse. Vajalik on regulaarne m\u00e4\u00e4rimine sobiva koguse h\u00fcdraulika\u00f5liga.<\/p>\n<h2>Regulaarne kontroll ja ennetav hooldus<\/h2>\n<ul>\n<li>Kontrollige regulaarselt k\u00f5iki komponente, et tagada nende n\u00f5uetekohane toimimine.<\/li>\n<li>Sujuva t\u00f6\u00f6 tagamiseks tehke vajalik m\u00e4\u00e4rimine.<\/li>\n<li>Lekete v\u00e4ltimiseks vahetage kulunud tihendid viivitamatult v\u00e4lja.<\/li>\n<li>Toimivuse optimeerimiseks kalibreerige ja kontrollige regulaarselt joondust.<\/li>\n<\/ul>\n<p><img decoding=\"async\" src=\"https:\/\/www.hydraulic-cylinders.net\/wp-content\/uploads\/2025\/01\/songte-chushion-collar.webp\" alt=\"H\u00fcdraulilise silindri osade pilt\"><\/p>\n<h2>Ohutuskaalutlused ja keskkonnategurid<\/h2>\n<p>H\u00fcdrauliliste silindrite kasutamisel on ohutusmeetmete arvestamine \u00fclioluline \u00f5nnetuste v\u00e4ltimiseks ja turvalise t\u00f6\u00f6keskkonna tagamiseks.<\/p>\n<h2>Vea diagnoosimine ja levinud probleemid<\/h2>\n<p>Vigade tuvastamine ja levinud probleemide lahendamine on t\u00f5husa t\u00f5rkeotsingu jaoks h\u00e4davajalik. \u00d5iged lahendused ja ennetavad meetmed aitavad potentsiaalseid probleeme minimeerida.<\/p>\n<p><img decoding=\"async\" src=\"https:\/\/www.hydraulic-cylinders.net\/wp-content\/uploads\/2025\/01\/songte-bushings-with-all-kinds-of-excavator-models.webp\" alt=\"H\u00fcdrauliliste silindrite pukside pilt\"><\/p>\n<h2>Hooldus\u00fclesanded<\/h2>\n<p>Levinud hooldust\u00f6\u00f6de hulka kuuluvad regulaarsed \u00fclevaatused, n\u00f5uetekohane m\u00e4\u00e4rimine, tihendite vahetamine ja kalibreerimiskontrollid. R\u00f5hk on \u00f5igel paigaldamisel, m\u00e4\u00e4rimisel ja reguleerimisel. Antakse juhised silindri \u00f5igeks joondamiseks paigaldamise ajal ja soovitatav on kasutada sobivaid paigaldusklambreid. Esitatakse soovituslikud kontrolli-, remondi- ja vahetusprotseduurid ning n\u00e4pun\u00e4ited h\u00fcdrosilindri eluea pikendamiseks.<\/p>\n<h2>Meie ettev\u00f5ttest<\/h2>\n<p>Oleme tootja, mis on spetsialiseerunud asendush\u00fcdrauliliste silindrite tootmisele. Laia tootevalikuga oleme saanud \u00fcheks juhtivaks h\u00fcdrosilindrite tootjaks ja hulgim\u00fc\u00fcjaks nii sise- kui ka rahvusvahelistel turgudel. Meie t\u00e4iustatud tootmist\u00f6\u00f6kojas j\u00e4rgime suurep\u00e4rase kvaliteedi p\u00f5him\u00f5tteid ja tugineme industrialiseeritud tootmisjuhtimise strateegiatele. Meie ettev\u00f5te t\u00e4iustab pidevalt tootmisplatvormi, parandab tootekvaliteeti tootmisliinidel ja omab tugevaid loomingulisi v\u00f5imeid. P\u00fc\u00fcame rahuldada klientide mitmekesiseid vajadusi suure efektiivsuse, t\u00e4psuse ja kvaliteediga.<\/p>\n<p><img decoding=\"async\" src=\"https:\/\/www.hydraulic-cylinders.net\/wp-content\/uploads\/2025\/01\/songte-company-3.webp\" alt=\"Ettev\u00f5tte kuvand\"><\/p>\n<h3>Professionaalsus:<\/h3>\n<p>Meie tegevuses on professionaalsus esmat\u00e4htis, tagades, et meie tooted vastavad k\u00f5rgeimatele standarditele.<\/p>\n<h3>Rahvusvahelised sertifikaadid:<\/h3>\n<p>Oleme omandanud mitmeid rahvusvahelisi sertifikaate, mis n\u00e4itavad meie p\u00fchendumust kvaliteedile ja usaldusv\u00e4\u00e4rsusele.<\/p>\n<h3>Kohandamise teenused:<\/h3>\n<p>Pakume kohandamisteenuseid, mis vastavad klientide konkreetsetele vajadustele.<\/p>\n<h3>Tootmisseadmed:<\/h3>\n<p>Kasutame t\u00e4iustatud tootmisseadmeid, et tagada meie tootmisprotsesside kvaliteet ja t\u00f5husus.<\/p>\n<h3>M\u00fc\u00fcgij\u00e4rgne teenindus:<\/h3>\n<p>Pakume igak\u00fclgset m\u00fc\u00fcgij\u00e4rgset teenindust, tagades klientide rahulolu kogu nende tootekogemuse v\u00e4ltel.<\/p>\n<p>Autor: lyl<\/p>","protected":false},"excerpt":{"rendered":"<p>Bucket Cylinder For Sumitomo Small Excavator SH60 Introduction The Bucket Cylinder for Sumitomo Small Excavator SH60 is a specially designed hydraulic cylinder used to control the movement of the bucket in heavy machinery such as excavators, backhoe loaders, and front loaders. Its main function is to enable the lifting, lowering, and tilting of the bucket, [&hellip;]<\/p>","protected":false},"featured_media":14784,"comment_status":"open","ping_status":"closed","template":"","meta":{"_et_pb_use_builder":"","_et_pb_old_content":"","_et_gb_content_width":""},"product_brand":[],"product_cat":[1494],"product_tag":[1495,1496],"class_list":{"0":"post-15166","1":"product","2":"type-product","3":"status-publish","4":"has-post-thumbnail","6":"product_cat-bucket-cylinders","7":"product_tag-bucket-cylinders","8":"product_tag-hydraulic-cylinders","10":"first","11":"instock","12":"shipping-taxable","13":"product-type-simple"},"amp_enabled":true,"_links":{"self":[{"href":"https:\/\/www.hydraulic-cylinders.net\/et\/wp-json\/wp\/v2\/product\/15166","targetHints":{"allow":["GET"]}}],"collection":[{"href":"https:\/\/www.hydraulic-cylinders.net\/et\/wp-json\/wp\/v2\/product"}],"about":[{"href":"https:\/\/www.hydraulic-cylinders.net\/et\/wp-json\/wp\/v2\/types\/product"}],"replies":[{"embeddable":true,"href":"https:\/\/www.hydraulic-cylinders.net\/et\/wp-json\/wp\/v2\/comments?post=15166"}],"wp:featuredmedia":[{"embeddable":true,"href":"https:\/\/www.hydraulic-cylinders.net\/et\/wp-json\/wp\/v2\/media\/14784"}],"wp:attachment":[{"href":"https:\/\/www.hydraulic-cylinders.net\/et\/wp-json\/wp\/v2\/media?parent=15166"}],"wp:term":[{"taxonomy":"product_brand","embeddable":true,"href":"https:\/\/www.hydraulic-cylinders.net\/et\/wp-json\/wp\/v2\/product_brand?post=15166"},{"taxonomy":"product_cat","embeddable":true,"href":"https:\/\/www.hydraulic-cylinders.net\/et\/wp-json\/wp\/v2\/product_cat?post=15166"},{"taxonomy":"product_tag","embeddable":true,"href":"https:\/\/www.hydraulic-cylinders.net\/et\/wp-json\/wp\/v2\/product_tag?post=15166"}],"curies":[{"name":"wp","href":"https:\/\/api.w.org\/{rel}","templated":true}]}}