{"id":15167,"date":"2025-01-19T14:11:23","date_gmt":"2025-01-19T14:11:23","guid":{"rendered":"https:\/\/www.hydraulic-cylinders.net\/product\/bucket-cylinder-for-sumitomo-small-excavator-sh75-75x-3b\/"},"modified":"2025-01-19T14:11:25","modified_gmt":"2025-01-19T14:11:25","slug":"bucket-cylinder-for-sumitomo-small-excavator-sh75-75x-3b","status":"publish","type":"product","link":"https:\/\/www.hydraulic-cylinders.net\/et\/toode\/bucket-cylinder-for-sumitomo-small-excavator-sh75-75x-3b\/","title":{"rendered":"Kopa silinder Sumitomo v\u00e4ikeekskavaatorile SH75\/75X-3B"},"content":{"rendered":"<p><!DOCTYPE html><br \/>\n<html><br \/>\n<head><br \/>\n<title>Kopa silinder Sumitomo v\u00e4ikeekskavaatorile SH75\/75X-3B<\/title><br \/>\n<\/head><br \/>\n<body><\/p>\n<h1>Kopa silinder Sumitomo v\u00e4ikeekskavaatorile SH75\/75X-3B<\/h1>\n<h2>Sissejuhatus<\/h2>\n<p>Kopa silinder on spetsiaalselt konstrueeritud h\u00fcdrauliline silinder, mida kasutatakse kopa liikumise juhtimiseks rasketes masinates, n\u00e4iteks ekskavaatorites, laadur-ekskavaatorites ja esilaadurites. Selle peamine \u00fclesanne on v\u00f5imaldada kopa t\u00f5stmist, langetamist ja kallutamist, h\u00f5lbustades mitmesuguseid materjali k\u00e4itlemise \u00fclesandeid. H\u00fcdraulilises s\u00fcsteemis saavutab kopa silinder kopa t\u00e4pse juhtimise h\u00fcdraulika\u00f5li r\u00f5hu muutuste abil, v\u00f5imaldades operaatoritel t\u00f5husalt k\u00e4sitseda raskeid koormaid ning kohaneda keerukate t\u00f6\u00f6keskkondade ja mitmekesiste t\u00f6\u00f6vajadustega.<\/p>\n<p><img decoding=\"async\" src=\"https:\/\/www.hydraulic-cylinders.net\/wp-content\/uploads\/2025\/01\/songte-company-2.webp\" alt=\"\u00c4mbri silindri pilt\"><\/p>\n<h2>Omadused<\/h2>\n<ul>\n<li>Suur tugevus ja vastupidavus: Tavaliselt \u00fclitugevast terasest v\u00f5i alumiiniumist valmistatud kopasilindrid taluvad k\u00f5rget r\u00f5hku ja suuri koormusi, kohandudes karmide t\u00f6\u00f6keskkondadega. Nende disain arvestab kulumiskindluse ja korrosioonikindlusega, pikendades nende kasutusiga.<\/li>\n<li>T\u00f5hus h\u00fcdrauliline t\u00f6\u00f6: H\u00fcdraulilise \u00f5li r\u00f5hu abil v\u00f5imaldab kopa silinder sujuvat pikendamist ja tagasit\u00f5mbamist, pakkudes v\u00f5imsaid t\u00f5uke- ja t\u00f5mbej\u00f5ude, mis sobivad raskete koormate ja keerukate t\u00f6\u00f6\u00fclesannete k\u00e4sitsemiseks.<\/li>\n<li>Erinevad t\u00fc\u00fcbid: silindrit saab vastavalt vajadusele valida \u00fchetoimelisena (h\u00fcdrauliline ainult \u00fches suunas) v\u00f5i kahetoimelisena (h\u00fcdrauliline m\u00f5lemas suunas), kusjuures teatud mudelid on teleskoopilised, mis v\u00f5imaldab suuremat pikendamist ilma v\u00e4lism\u00f5\u00f5tmeid suurendamata, sobides piiratud ruumiga rakenduste jaoks.<\/li>\n<li>H\u00fcdrauliliste silindrite ideaalne asendus: meie toode suudab olemasolevad h\u00fcdrosilindrid ideaalselt asendada, pakkudes paremat j\u00f5udlust ja \u00fchilduvust.<\/li>\n<\/ul>\n<p><img decoding=\"async\" src=\"https:\/\/www.hydraulic-cylinders.net\/wp-content\/uploads\/2025\/01\/songte-cylinder-head-with-all-kinds-excavator-models.webp\" alt=\"Toote pilt\"><\/p>\n<h2>Rakendused<\/h2>\n<ul>\n<li>Ehitusseadmed: neid leidub ekskavaatorites ning need on olulised kaevamiseks, laadimiseks ja pinnase v\u00f5i prahi teisaldamiseks. Ekskavaatorlaadurites aitab kopa silinder nii kaevamisel kui ka t\u00f5stmisel.<\/li>\n<li>P\u00f5llumajandusmasinad: Neid kasutatakse esilaadurites, need aitavad mulda, heina ja muid materjale k\u00fchveldada, t\u00f5sta ja transportida.<\/li>\n<li>Ekskavaatorid: Kopa silinder v\u00f5imaldab kaevamistoiminguid, lastes kopal pinnasesse tungida.<\/li>\n<li>Laadurid: Esilaadurites aitavad need kaasa kaupade t\u00f5husale t\u00f5stmisele ja t\u00fchjendamisele.<\/li>\n<\/ul>\n<h2>Projekteerimiskaalutlused ja valikukriteeriumid<\/h2>\n<ul>\n<li>Kandev\u00f5ime: Silindri konstruktsioonil on arvestatud v\u00f5imega taluda suuri koormusi ja s\u00e4ilitada konstruktsiooni terviklikkus.<\/li>\n<li>Tihendus: Kasutatakse mitmesuguseid tihenduskomponente, n\u00e4iteks kolvitihendeid ja varrastihendeid, mis on valmistatud kulumiskindlatest materjalidest, n\u00e4iteks pol\u00fcuretaanist ja nitriilkummist. Silindri korpus ja keermestatud otsapinnad l\u00e4bivad peent\u00f6\u00f6tluse kulumiskindluse suurendamiseks.<\/li>\n<li>Durability: The design ensures the cylinder&#8217;s ability to withstand continuous use, environmental factors, and potential impacts.<\/li>\n<li>Ohutus: \u00d5nnetuste v\u00e4ltimiseks ja operaatori ohutuse tagamiseks on seadmesse sisse ehitatud ohutusfunktsioonid, n\u00e4iteks r\u00f5hualandusventiilid ja kaitsekatted.<\/li>\n<li>Hooldus: Silindri konstruktsioon v\u00f5imaldab h\u00f5lpsat hooldust ja remonti koos sobivate juurdep\u00e4\u00e4supunktide ja juhistega.<\/li>\n<\/ul>\n<p><img decoding=\"async\" src=\"https:\/\/www.hydraulic-cylinders.net\/wp-content\/uploads\/2025\/01\/songte-oil-pipes-and-spare-parts.webp\" alt=\"Toote komponendid\"><\/p>\n<h2>Tihendus ja m\u00e4\u00e4rimine<\/h2>\n<p>Kopasilindris kasutatakse mitmesuguseid tihenduskomponente, n\u00e4iteks kolvitihendeid ja vardatihendeid, mis on valmistatud kulumiskindlatest materjalidest, nagu pol\u00fcuretaan ja nitriilkummi. Silindri korpus ja keermestatud otsapinnad l\u00e4bivad kulumiskindluse suurendamiseks peene t\u00f6\u00f6tluse. Optimaalse j\u00f5udluse tagamiseks on vaja regulaarset m\u00e4\u00e4rimist. M\u00e4\u00e4rimiseks tuleks perioodiliselt lisada piisavalt h\u00fcdraulika\u00f5li.<\/p>\n<h2>Hooldus ja ennetavad meetmed<\/h2>\n<ul>\n<li>Regulaarsed kontrollid: Kontrollige silindrit perioodiliselt kulumise, kahjustuste v\u00f5i lekete suhtes.<\/li>\n<li>\u00d5ige m\u00e4\u00e4rimine: Sujuva t\u00f6\u00f6 tagamiseks j\u00e4rgige soovitatud m\u00e4\u00e4rimisgraafikut.<\/li>\n<li>Tihendi vahetamine: Kui m\u00f5ni tihend on kulunud v\u00f5i kahjustatud, vahetage see viivitamatult v\u00e4lja, et v\u00e4ltida lekkeid ja s\u00e4ilitada tihenduse t\u00f5husus.<\/li>\n<li>Kalibreerimiskontrollid: T\u00e4pse ja korrektse t\u00f6\u00f6 tagamiseks kontrollige ja kalibreerige silindrit regulaarselt.<\/li>\n<\/ul>\n<p><img decoding=\"async\" src=\"https:\/\/www.hydraulic-cylinders.net\/wp-content\/uploads\/2025\/01\/songte-chushion-collar.webp\" alt=\"Installipilt\"><\/p>\n<h2>Tooteohutuse kaalutlused ja keskkonnategurid<\/h2>\n<p>When using the bucket cylinder, it is important to follow safety measures to prevent accidents and ensure operator well-being. The cylinder&#8217;s design takes into account safety standards and regulations to minimize risks. Additionally, environmental factors such as fluid leaks and proper waste disposal should be considered.<\/p>\n<h2>Veaotsing ja levinud probleemid<\/h2>\n<p>Kopa silindriga seotud levinud probleemide hulka kuuluvad lekked, ebapiisav v\u00f5imsus ja ebanormaalsed liikumised. Nende probleemide t\u00f5rkeotsinguks on soovitatav kontrollida lekkeid, tagada \u00f5ige h\u00fcdraulikavedeliku tase ja kontrollida s\u00fcsteemi talitlush\u00e4ireid. N\u00f5uetekohased ennetusmeetmed, nagu regulaarne hooldus ja \u00f5igeaegne remont, aitavad potentsiaalseid probleeme minimeerida.<\/p>\n<p><img decoding=\"async\" src=\"https:\/\/www.hydraulic-cylinders.net\/wp-content\/uploads\/2025\/01\/songte-bushings-with-all-kinds-of-excavator-models.webp\" alt=\"Pildi t\u00f5rkeotsing\"><\/p>\n<h2>Meie ettev\u00f5ttest<\/h2>\n<p>Oleme asendush\u00fcdrauliliste silindrite tootja, pakkudes laia tootevalikut. Oleme saanud \u00fcheks juhtivaks h\u00fcdrosilindrite tootjaks ja hulgim\u00fc\u00fcjaks nii sise- kui ka rahvusvahelistel turgudel. T\u00e4nu p\u00fchendumusele tipptasemele ja industrialiseeritud tootmisjuhtimise strateegiatele, mida rakendame oma keerukas tootmist\u00f6\u00f6kojas, t\u00e4iustame pidevalt oma tootmisplatvormi, t\u00e4iustame oma tootekvaliteedi tootmisliini ja omame tugevaid uuenduslikke v\u00f5imeid. P\u00fc\u00fcame rahuldada klientide mitmekesiseid vajadusi suure efektiivsuse, t\u00e4psuse ja kvaliteedip\u00f5him\u00f5tetega.<\/p>\n<p><img decoding=\"async\" src=\"https:\/\/www.hydraulic-cylinders.net\/wp-content\/uploads\/2025\/01\/songte-company-3.webp\" alt=\"Ettev\u00f5tte kuvand\"><\/p>\n<h3>Miks valida meid?<\/h3>\n<ul>\n<li>Ekspertiis: Meil \u200b\u200bon professionaalide meeskond, kellel on ulatuslikud teadmised ja kogemused h\u00fcdrauliliste silindrite tootmises.<\/li>\n<li>Rahvusvahelised sertifikaadid: Meie tooted vastavad rahvusvahelistele kvaliteedi- ja ohutusstandarditele, tagades t\u00f6\u00f6kindluse ja j\u00f5udluse.<\/li>\n<li>Kohandusteenused: Pakume kohandatud lahendusi, et rahuldada klientide konkreetseid vajadusi.<\/li>\n<li>T\u00e4iustatud tootmisseadmed: Kasutame t\u00e4pse ja t\u00f5husa tootmise tagamiseks tipptasemel digitaalseid tootmisseadmeid.<\/li>\n<li>M\u00fc\u00fcgij\u00e4rgne teenindus: Meie ettev\u00f5te pakub igak\u00fclgset m\u00fc\u00fcgij\u00e4rgset tuge, sealhulgas varuosade vahetust ja taastamisteenuseid, et pikendada meie toodete eluiga.<\/li>\n<\/ul>\n<p>Autor: lyl<\/p>\n<p><\/body><br \/>\n<\/html><\/p>","protected":false},"excerpt":{"rendered":"<p>Bucket Cylinder For Sumitomo Small Excavator SH75\/75X-3B Bucket Cylinder For Sumitomo Small Excavator SH75\/75X-3B Introduction A bucket cylinder is a specially designed hydraulic cylinder used to control the movement of the bucket in heavy machinery such as excavators, backhoe loaders, and front-end loaders. Its main function is to enable the bucket to lift, lower, and [&hellip;]<\/p>","protected":false},"featured_media":14782,"comment_status":"open","ping_status":"closed","template":"","meta":{"_et_pb_use_builder":"","_et_pb_old_content":"","_et_gb_content_width":""},"product_brand":[],"product_cat":[1494],"product_tag":[1495,1496],"class_list":{"0":"post-15167","1":"product","2":"type-product","3":"status-publish","4":"has-post-thumbnail","6":"product_cat-bucket-cylinders","7":"product_tag-bucket-cylinders","8":"product_tag-hydraulic-cylinders","10":"first","11":"instock","12":"shipping-taxable","13":"product-type-simple"},"amp_enabled":true,"_links":{"self":[{"href":"https:\/\/www.hydraulic-cylinders.net\/et\/wp-json\/wp\/v2\/product\/15167","targetHints":{"allow":["GET"]}}],"collection":[{"href":"https:\/\/www.hydraulic-cylinders.net\/et\/wp-json\/wp\/v2\/product"}],"about":[{"href":"https:\/\/www.hydraulic-cylinders.net\/et\/wp-json\/wp\/v2\/types\/product"}],"replies":[{"embeddable":true,"href":"https:\/\/www.hydraulic-cylinders.net\/et\/wp-json\/wp\/v2\/comments?post=15167"}],"wp:featuredmedia":[{"embeddable":true,"href":"https:\/\/www.hydraulic-cylinders.net\/et\/wp-json\/wp\/v2\/media\/14782"}],"wp:attachment":[{"href":"https:\/\/www.hydraulic-cylinders.net\/et\/wp-json\/wp\/v2\/media?parent=15167"}],"wp:term":[{"taxonomy":"product_brand","embeddable":true,"href":"https:\/\/www.hydraulic-cylinders.net\/et\/wp-json\/wp\/v2\/product_brand?post=15167"},{"taxonomy":"product_cat","embeddable":true,"href":"https:\/\/www.hydraulic-cylinders.net\/et\/wp-json\/wp\/v2\/product_cat?post=15167"},{"taxonomy":"product_tag","embeddable":true,"href":"https:\/\/www.hydraulic-cylinders.net\/et\/wp-json\/wp\/v2\/product_tag?post=15167"}],"curies":[{"name":"wp","href":"https:\/\/api.w.org\/{rel}","templated":true}]}}