{"id":15168,"date":"2025-01-19T14:11:26","date_gmt":"2025-01-19T14:11:26","guid":{"rendered":"https:\/\/www.hydraulic-cylinders.net\/product\/bucket-cylinder-for-sumitomo-small-excavator-sh100a1a2a3\/"},"modified":"2025-01-19T14:11:28","modified_gmt":"2025-01-19T14:11:28","slug":"bucket-cylinder-for-sumitomo-small-excavator-sh100a1a2a3","status":"publish","type":"product","link":"https:\/\/www.hydraulic-cylinders.net\/et\/toode\/bucket-cylinder-for-sumitomo-small-excavator-sh100a1a2a3\/","title":{"rendered":"Kopa silinder Sumitomo v\u00e4ikese ekskavaatori SH100A1A2A3 jaoks"},"content":{"rendered":"<h1>Kopa silinder Sumitomo v\u00e4ikese ekskavaatori SH100A1A2A3 jaoks<\/h1>\n<h2>Sissejuhatus<\/h2>\n<p>Sumitomo v\u00e4ikeekskavaatori SH100A1A2A3 kopa silinder on spetsiaalne h\u00fcdrauliline silinder, mis on loodud kopa liikumise juhtimiseks rasketes masinates, n\u00e4iteks ekskavaatorites, laadur-ekskavaatorites ja esilaadurites. Selle peamine \u00fclesanne on v\u00f5imaldada kopa t\u00f5stmist, langetamist ja kallutamist, muutes mitmesuguste materjalik\u00e4itlust\u00f6\u00f6de tegemise lihtsamaks. Kopa silinder saavutab kopa liikumise t\u00e4pse juhtimise h\u00fcdraulika\u00f5li r\u00f5hu muutuste kaudu h\u00fcdraulikas\u00fcsteemis, v\u00f5imaldades operaatoritel t\u00f5husalt k\u00e4sitseda raskeid esemeid ning kohaneda keerukate t\u00f6\u00f6keskkondade ja mitmekesiste t\u00f6\u00f6n\u00f5uetega.<\/p>\n<p><img decoding=\"async\" src=\"https:\/\/www.hydraulic-cylinders.net\/wp-content\/uploads\/2025\/01\/songte-company-2.webp\"><\/p>\n<h2>Omadused<\/h2>\n<ul>\n<li>Suur tugevus ja vastupidavus: Tavaliselt valmistatud \u00fclitugevast terasest v\u00f5i alumiiniumist, see talub k\u00f5rget r\u00f5hku ja suuri koormusi, kohaneb karmide t\u00f6\u00f6keskkondadega ning on konstrueeritud kulumiskindlust ja korrosioonikindlust silmas pidades, et pikendada selle eluiga.<\/li>\n<li>T\u00f5hus h\u00fcdrauliline t\u00f6\u00f6: H\u00fcdraulilise \u00f5lir\u00f5hu abil saavutatakse sujuv pikendamine ja kokkut\u00f5mbumine. See reageerib juhtimisk\u00e4sklustele kiiresti, pakub v\u00f5imsaid t\u00f5uke- ja t\u00f5mbej\u00f5ude ning sobib raskete esemete ja keerukate t\u00f6\u00f6de k\u00e4sitsemiseks.<\/li>\n<li>Erinevad t\u00fc\u00fcbid: Vajadusel saab erinevate t\u00f6\u00f6vajaduste rahuldamiseks valida \u00fchetoimelisi (h\u00fcdrauliliselt ainult \u00fches suunas) v\u00f5i kahetoimelisi (h\u00fcdrauliliselt m\u00f5lemas suunas) silindreid. M\u00f5ned mudelid on teleskoopilised, mis v\u00f5imaldab suuremat pikendamist ilma v\u00e4lism\u00f5\u00f5tmeid suurendamata, mist\u00f5ttu need sobivad piiratud ruumiga rakenduste jaoks.<\/li>\n<li>Lihtne paigaldada: Meie ettev\u00f5te saab seda toodet toota ja meie toode saab neid h\u00fcdrosilindreid ideaalselt asendada.<\/li>\n<\/ul>\n<p><img decoding=\"async\" src=\"https:\/\/www.hydraulic-cylinders.net\/wp-content\/uploads\/2025\/01\/songte-cylinder-head-with-all-kinds-excavator-models.webp\"><\/p>\n<h2>Rakendused<\/h2>\n<p>Kopasilindril on lai valik rakendusi, n\u00e4iteks:<\/p>\n<ul>\n<li>Ehitusmasinad: Ekskavaatorites on need kriitilise t\u00e4htsusega pinnase v\u00f5i prahi kaevamisel, laadimisel ja teisaldamisel. Ekskavaatorlaadurites aitab kopa silinder nii kaevamisel kui ka t\u00f5stmisel. <\/li>\n<li>P\u00f5llumajandusmasinad: Kasutatakse esilaadurites mulla, heina ja muude materjalide k\u00fchveldamiseks, t\u00f5stmiseks ja transportimiseks. <\/li>\n<li>Ekskavaatorid: Kopa silinder saavutab kaevamistoimingu, v\u00f5imaldades kopal pinnasesse tungida.<\/li>\n<li>Laadurid: Esilaadurites aitavad need kaupu t\u00f5husalt t\u00f5sta ja kallutada.<\/li>\n<\/ul>\n<p>Siin on m\u00f5ned n\u00e4ited, kuidas kopasilindrit erinevates rakendustes kasutatakse:<\/p>\n<h3>Ehitustehnika<\/h3>\n<p>Ekskavaatorites on need kriitilise t\u00e4htsusega pinnase v\u00f5i prahi kaevamisel, laadimisel ja teisaldamisel. Ekskavaator-laadurites aitab kopa silinder nii kaevamisel kui ka t\u00f5stmisel.<\/p>\n<h3>P\u00f5llumajandustehnika<\/h3>\n<p>Kasutatakse esilaadurites mulla, heina ja muude materjalide kopeerimiseks, t\u00f5stmiseks ja transportimiseks.<\/p>\n<h3>Ekskavaatorid<\/h3>\n<p>Kopa silinder saavutab kaevamistoimingu, v\u00f5imaldades kopal pinnasesse tungida.<\/p>\n<h3>Laadurid<\/h3>\n<p>Esilaadurites aitavad need kaupu t\u00f5husalt t\u00f5sta ja kallutada.<\/p>\n<h2>Projekteerimiskaalutlused ja valikukriteeriumid<\/h2>\n<h3>Kandev\u00f5ime<\/h3>\n<p>Kopa silinder on konstrueeritud taluma suuri koormusi ja k\u00f5rget r\u00f5hku. Kasutatavad materjalid, n\u00e4iteks \u00fclitugev teras v\u00f5i alumiinium, on valitud vastupidavuse ning kulumis- ja korrosioonikindluse t\u00f5ttu. <\/p>\n<h3>Tihendus ja vastupidavus<\/h3>\n<p>H\u00fcdraulika\u00f5li silindrist v\u00e4lja lekke v\u00e4ltimiseks kasutatakse mitmesuguseid tihenduskomponente, n\u00e4iteks kolvitihendeid ja vardatihendeid. Need on valmistatud kulumiskindlatest materjalidest, nagu pol\u00fcuretaan ja nitriilkummi. Silindri korpuse sisepind ja keermestatud ots on kulumiskindluse suurendamiseks t\u00e4pselt t\u00f6\u00f6deldud. Vastupidavuse s\u00e4ilitamiseks on vaja regulaarselt lisada sobivat kogust h\u00fcdraulika\u00f5li m\u00e4\u00e4rimiseks.<\/p>\n<p><img decoding=\"async\" src=\"https:\/\/www.hydraulic-cylinders.net\/wp-content\/uploads\/2025\/01\/songte-oil-pipes-and-spare-parts.webp\"><\/p>\n<h2>Hooldus ja remont<\/h2>\n<p>Kopasilindri pikaajalise t\u00f6\u00f6 tagamiseks on vaja regulaarset hooldust ja ennetavaid meetmeid. Siin on m\u00f5ned olulised \u00fclesanded:<\/p>\n<h3>Paigaldamine<\/h3>\n<p>Silindri paigaldamisel on oluline see \u00f5igesti joondada ja paigaldada sobivad kinnitusklambrid selle kinnitamiseks.<\/p>\n<h3>Hooldus<\/h3>\n<p>Regulaarsete hooldust\u00f6\u00f6de hulka kuuluvad n\u00f5uetekohane m\u00e4\u00e4rimine, tihendite kulumise ja lekete kontrollimine ning silindri kontrollimine kahjustuste v\u00f5i talitlush\u00e4irete suhtes.<\/p>\n<h3>Remont<\/h3>\n<p>Kahjustuse v\u00f5i rikke korral v\u00f5ib olla vajalik silindri teatud komponentide v\u00e4ljavahetamine v\u00f5i kogu silindri taastamine. Meie ettev\u00f5te pakub varuosi ja taastamisteenuseid, et aidata pikendada silindri eluiga ja v\u00e4hendada seisakuid.<\/p>\n<p><img decoding=\"async\" src=\"https:\/\/www.hydraulic-cylinders.net\/wp-content\/uploads\/2025\/01\/songte-chushion-collar.webp\"><\/p>\n<h2>Ohutuskaalutlused ja keskkonnategurid<\/h2>\n<p>Kopasilindri kasutamisel on ohutusmeetmed kriitilise t\u00e4htsusega. Ballooni ohutuks ja t\u00f5husaks kasutamiseks on vaja korralikku v\u00e4lja\u00f5pet. Keskkonnategurid, nagu temperatuur ja niiskus, v\u00f5ivad samuti m\u00f5jutada ballooni j\u00f5udlust ja pikaealisust.<\/p>\n<h2>Levinumad probleemid ja t\u00f5rkeotsing<\/h2>\n<p>Kopasilindril v\u00f5ib kasutamisel esineda mitmesuguseid probleeme, n\u00e4iteks leke, m\u00fcra v\u00f5i aeglane t\u00f6\u00f6. Seisakuaja minimeerimiseks on oluline need probleemid t\u00e4pselt ja t\u00f5husalt diagnoosida. Regulaarne hooldus ja n\u00f5uetekohane paigaldamine on samuti olulised ennetavad meetmed.<\/p>\n<p><img decoding=\"async\" src=\"https:\/\/www.hydraulic-cylinders.net\/wp-content\/uploads\/2025\/01\/songte-bushings-with-all-kinds-of-excavator-models.webp\"><\/p>\n<h2>Meie ettev\u00f5ttest<\/h2>\n<p>Meie ettev\u00f5te on juhtiv h\u00fcdrauliliste silindrite tootja ja hulgim\u00fc\u00fcja nii sise- kui ka rahvusvahelisel turul. Oleme p\u00fchendunud suurep\u00e4rase kvaliteediga toodete pakkumisele ja toetume oma t\u00f6\u00f6stusliku tootmise juhtimisstrateegiatele, nagu t\u00e4iustatud tehnoloogia ja professionaalsete testimiss\u00fcsteemide kasutamine, et pidevalt oma tootmisplatvorme ja tootekvaliteeti t\u00e4iustada. Meie tugev innovatsiooni- ja loovusv\u00f5ime v\u00f5imaldab meil rahuldada klientide mitmekesiseid vajadusi suure t\u00f5hususega, t\u00e4psuse ja kvaliteediga.<\/p>\n<h3>Professionaalsus<\/h3>\n<p>Meil on meeskond kogenud spetsialiste, kes on p\u00fchendunud parimate lahenduste pakkumisele meie klientide vajadustele.<\/p>\n<h3>Rahvusvaheline sertifitseerimine<\/h3>\n<p>Meie ettev\u00f5te on l\u00e4binud mitmeid rahvusvahelisi sertifikaate, n\u00e4iteks ISO9001, CE ja SGS, mis tagab meie toodete kvaliteedi vastavuse rahvusvahelistele standarditele.<\/p>\n<h3>Kohandamine<\/h3>\n<p>Pakume oma klientide mitmekesiste vajaduste rahuldamiseks kohandatud teenuseid, sealhulgas kohandatud disaini, tootmist ja pakendamist, aga ka kohandatud m\u00fc\u00fcgij\u00e4rgset teenindust.<\/p>\n<h3>Tootmisseadmed<\/h3>\n<p>Meie ettev\u00f5te kasutab tootmises k\u00f5rge efektiivsuse ja t\u00e4psuse tagamiseks t\u00e4iustatud tootmisseadmeid, nagu CNC-masinad ja automatiseeritud montaa\u017eiliinid.<\/p>\n<h3>M\u00fc\u00fcgij\u00e4rgne teenindus<\/h3>\n<p>Pakume professionaalset m\u00fc\u00fcgij\u00e4rgset teenindust, et aidata klientidel lahendada meie toodete kasutamisega seotud probleeme, ning pakume ka tehnilist tuge ja koolitusteenuseid, et aidata klientidel oma oskusi ja teadmisi t\u00e4iendada.<\/p>\n<p><img decoding=\"async\" src=\"https:\/\/www.hydraulic-cylinders.net\/wp-content\/uploads\/2025\/01\/songte-company-3.webp\"><\/p>\n<p>Autor: lyl.<\/p>","protected":false},"excerpt":{"rendered":"<p>Bucket Cylinder For Sumitomo Small Excavator SH100A1A2A3 Introduction The bucket cylinder for Sumitomo small excavator SH100A1A2A3 is a specialized hydraulic cylinder designed to control the movement of the bucket in heavy machinery such as excavators, backhoe loaders, and front-end loaders. Its main function is to enable the bucket to lift, lower, and tilt, making it [&hellip;]<\/p>","protected":false},"featured_media":14780,"comment_status":"open","ping_status":"closed","template":"","meta":{"_et_pb_use_builder":"","_et_pb_old_content":"","_et_gb_content_width":""},"product_brand":[],"product_cat":[1494],"product_tag":[1495,1496],"class_list":{"0":"post-15168","1":"product","2":"type-product","3":"status-publish","4":"has-post-thumbnail","6":"product_cat-bucket-cylinders","7":"product_tag-bucket-cylinders","8":"product_tag-hydraulic-cylinders","10":"first","11":"instock","12":"shipping-taxable","13":"product-type-simple"},"amp_enabled":true,"_links":{"self":[{"href":"https:\/\/www.hydraulic-cylinders.net\/et\/wp-json\/wp\/v2\/product\/15168","targetHints":{"allow":["GET"]}}],"collection":[{"href":"https:\/\/www.hydraulic-cylinders.net\/et\/wp-json\/wp\/v2\/product"}],"about":[{"href":"https:\/\/www.hydraulic-cylinders.net\/et\/wp-json\/wp\/v2\/types\/product"}],"replies":[{"embeddable":true,"href":"https:\/\/www.hydraulic-cylinders.net\/et\/wp-json\/wp\/v2\/comments?post=15168"}],"wp:featuredmedia":[{"embeddable":true,"href":"https:\/\/www.hydraulic-cylinders.net\/et\/wp-json\/wp\/v2\/media\/14780"}],"wp:attachment":[{"href":"https:\/\/www.hydraulic-cylinders.net\/et\/wp-json\/wp\/v2\/media?parent=15168"}],"wp:term":[{"taxonomy":"product_brand","embeddable":true,"href":"https:\/\/www.hydraulic-cylinders.net\/et\/wp-json\/wp\/v2\/product_brand?post=15168"},{"taxonomy":"product_cat","embeddable":true,"href":"https:\/\/www.hydraulic-cylinders.net\/et\/wp-json\/wp\/v2\/product_cat?post=15168"},{"taxonomy":"product_tag","embeddable":true,"href":"https:\/\/www.hydraulic-cylinders.net\/et\/wp-json\/wp\/v2\/product_tag?post=15168"}],"curies":[{"name":"wp","href":"https:\/\/api.w.org\/{rel}","templated":true}]}}