{"id":15172,"date":"2025-01-19T14:11:42","date_gmt":"2025-01-19T14:11:42","guid":{"rendered":"https:\/\/www.hydraulic-cylinders.net\/product\/bucket-cylinder-for-sumitomo-small-excavator-sh120a1a2a3\/"},"modified":"2025-01-19T14:11:50","modified_gmt":"2025-01-19T14:11:50","slug":"bucket-cylinder-for-sumitomo-small-excavator-sh120a1a2a3","status":"publish","type":"product","link":"https:\/\/www.hydraulic-cylinders.net\/et\/toode\/bucket-cylinder-for-sumitomo-small-excavator-sh120a1a2a3\/","title":{"rendered":"Kopa silinder Sumitomo v\u00e4ikese ekskavaatori SH120A1A2A3 jaoks"},"content":{"rendered":"<p><!DOCTYPE html><br \/>\n<html><br \/>\n<head><br \/>\n<title>Kopa silinder Sumitomo v\u00e4ikese ekskavaatori SH120A1A2A3 jaoks<\/title><br \/>\n<\/head><br \/>\n<body><\/p>\n<h1>Kopa silinder Sumitomo v\u00e4ikese ekskavaatori SH120A1A2A3 jaoks<\/h1>\n<h2>Sissejuhatus<\/h2>\n<p>Sumitomo v\u00e4ikeekskavaatori SH120A1A2A3 kopa silinder on spetsiaalne h\u00fcdrauliline silinder, mis on loodud kopa liikumise juhtimiseks rasketes masinates, n\u00e4iteks ekskavaatorites, laadur-ekskavaatorites ja esilaadurites. Selle peamine \u00fclesanne on v\u00f5imaldada kopa t\u00f5stmist, langetamist ja kallutamist, h\u00f5lbustades mitmesuguseid materjali k\u00e4itlemise \u00fclesandeid. H\u00fcdraulilistes s\u00fcsteemides saavutab kopa silinder kopa t\u00e4pse juhtimise, kasutades \u00e4ra h\u00fcdraulika\u00f5li r\u00f5humuutusi, v\u00f5imaldades operaatoritel t\u00f5husalt k\u00e4sitseda raskeid koormaid ning kohaneda keerukate t\u00f6\u00f6keskkondade ja mitmekesiste t\u00f6\u00f6n\u00f5uetega.<\/p>\n<p><img decoding=\"async\" src=\"https:\/\/www.hydraulic-cylinders.net\/wp-content\/uploads\/2025\/01\/songte-company-2.webp\" alt=\"\u00c4mbri silindri pilt\"><\/p>\n<h2>Omadused<\/h2>\n<ul>\n<li><strong>Suur tugevus ja vastupidavus:<\/strong> Tavaliselt \u00fclitugevast terasest v\u00f5i alumiiniumist valmistatud kopa silinder talub k\u00f5rget r\u00f5hku ja suuri koormusi, kohandudes karmide t\u00f6\u00f6tingimustega. Selle disain v\u00f5tab arvesse kulumiskindlust ja korrosioonikindlust, pikendades selle eluiga.<\/li>\n<li><strong>T\u00f5hus h\u00fcdrauliline t\u00f6\u00f6:<\/strong> H\u00fcdraulika\u00f5li r\u00f5hu abil saavutab kopa silinder sujuva pikendus- ja tagasit\u00f5mbamisliigutuse, reageerides juhtimisk\u00e4sklustele kiiresti ning tekitades v\u00f5imsaid t\u00f5uke- ja t\u00f5mbej\u00f5ude, muutes selle sobivaks raskete koormate ja keerukate t\u00f6\u00f6\u00fclesannete k\u00e4sitsemiseks.<\/li>\n<li><strong>Mitmek\u00fclgsed t\u00fc\u00fcbid:<\/strong> Kopasilindrit saab vastavalt konkreetsetele t\u00f6\u00f6vajadustele valida \u00fchetoimelise (h\u00fcdrauliline r\u00f5hk rakendatakse ainult \u00fches suunas) v\u00f5i kahetoimelise (h\u00fcdrauliline r\u00f5hk rakendatakse m\u00f5lemas suunas) silindrina. M\u00f5ned mudelid on teleskoopilised, mis v\u00f5imaldab suuremat pikendamist ilma v\u00e4lism\u00f5\u00f5tmeid suurendamata, mist\u00f5ttu need sobivad ideaalselt piiratud ruumiga rakenduste jaoks.<\/li>\n<li><strong>Toote asendamine:<\/strong> Meie tooted suudavad neid h\u00fcdrosilindreid ideaalselt asendada.<\/li>\n<\/ul>\n<p><img decoding=\"async\" src=\"https:\/\/www.hydraulic-cylinders.net\/wp-content\/uploads\/2025\/01\/songte-cylinder-head-with-all-kinds-excavator-models.webp\" alt=\"Toote asenduspilt\"><\/p>\n<h2>Rakendused<\/h2>\n<p>Sumitomo v\u00e4ikese ekskavaatori SH120A1A2A3 kopa silinder leiab rakendust erinevates seadmetes:<\/p>\n<ul>\n<li>Ehitustehnika: Ekskavaatorites on need \u00fcliolulised pinnase v\u00f5i prahi kaevamiseks, laadimiseks ja teisaldamiseks. Ekskavaator-laadurites aitab kopa silinder nii kaevamisel kui ka t\u00f5stmisel.<\/li>\n<li>P\u00f5llumajandusmasinad: Kasutatakse esilaadurites mulla, heina ja muude materjalide k\u00fchveldamiseks, t\u00f5stmiseks ja transportimiseks.<\/li>\n<li>Ekskavaatorid: Kopa silinder v\u00f5imaldab kaevamist, lastes kopal pinnasesse tungida.<\/li>\n<li>Laadurid: Esilaadurites aitavad need kaupu t\u00f5husalt t\u00f5sta ja maha laadida.<\/li>\n<\/ul>\n<h2>Projekteerimiskaalutlused ja valikukriteeriumid<\/h2>\n<ul>\n<li><strong>Kandev\u00f5ime:<\/strong> Kopa silinder on konstrueeritud raskete koormuste ja k\u00f5rge r\u00f5hu talumiseks.<\/li>\n<li><strong>Tihendus:<\/strong> Kasutatakse mitmesuguseid tihenduskomponente, n\u00e4iteks kolvitihendeid ja varrastihendeid, mille materjalid on pol\u00fcuretaan ja nitriilkummi, mis on tuntud oma kulumiskindluse poolest.<\/li>\n<li><strong>Vastupidavus:<\/strong> Silindri korpus ja keermestatud otsad l\u00e4bivad kulumiskindluse suurendamiseks peene t\u00f6\u00f6tlemise.<\/li>\n<li><strong>Ohutus:<\/strong> Ohutu t\u00f6\u00f6 tagamiseks v\u00f5etakse projekteerimisprotsessi k\u00e4igus arvesse ohutusmeetmeid.<\/li>\n<li><strong>Hooldatavus:<\/strong> Kopa silinder vajab optimaalse j\u00f5udluse tagamiseks regulaarset kontrolli ja ennetavat hooldust.<\/li>\n<\/ul>\n<p><img decoding=\"async\" src=\"https:\/\/www.hydraulic-cylinders.net\/wp-content\/uploads\/2025\/01\/songte-oil-pipes-and-spare-parts.webp\" alt=\"Kujunduskaalutluste pilt\"><\/p>\n<h2>Tihendus ja m\u00e4\u00e4rimine<\/h2>\n<p>Kopasilindris kasutatakse mitmesuguseid tihenduskomponente, n\u00e4iteks kolvitihendeid ja vardatihendeid, mis on valmistatud kulumiskindlatest materjalidest, n\u00e4iteks pol\u00fcuretaanist ja nitriilkummist. Silindri korpus ja keermestatud otsad l\u00e4bivad kulumiskindluse suurendamiseks peene t\u00f6\u00f6tluse. Sujuva t\u00f6\u00f6 tagamiseks on vajalik regulaarne m\u00e4\u00e4rimine sobiva koguse h\u00fcdraulika\u00f5liga.<\/p>\n<h2>Regulaarne kontroll ja ennetav hooldus<\/h2>\n<ul>\n<li>Kontrollige regulaarselt kopa silindrit kahjustuste v\u00f5i kulumise tunnuste suhtes.<\/li>\n<li>H\u00f5\u00f5rdumise v\u00e4ltimiseks ja kulumise v\u00e4hendamiseks tagage korralik m\u00e4\u00e4rimine.<\/li>\n<li>Optimaalse j\u00f5udluse s\u00e4ilitamiseks vahetage kulunud v\u00f5i kahjustatud tihendid v\u00e4lja.<\/li>\n<li>T\u00e4pse t\u00f6\u00f6 tagamiseks tehke kalibreerimiskontroll.<\/li>\n<\/ul>\n<p><img decoding=\"async\" src=\"https:\/\/www.hydraulic-cylinders.net\/wp-content\/uploads\/2025\/01\/songte-chushion-collar.webp\" alt=\"Regulaarse kontrolli pilt\"><\/p>\n<h2>Ohutuskaalutlused ja keskkonnategurid<\/h2>\n<p>Kopasilindri kasutamisel on oluline j\u00e4rgida ohutusmeetmeid, et v\u00e4ltida \u00f5nnetusi ja tagada ohutu t\u00f6\u00f6keskkond. N\u00f5uetekohane v\u00e4lja\u00f5pe ja ohutusjuhiste j\u00e4rgimine on \u00fcliolulised.<\/p>\n<h2>Rikete diagnoosimine ja t\u00f5rkeotsing<\/h2>\n<p>Rikke korral on oluline probleem diagnoosida ja rakendada sobivaid t\u00f5rkeotsingu meetodeid. Probleemide kiire lahendamine tagab kopasilindri optimaalse j\u00f5udluse. Samuti tuleks rakendada ennetavaid meetmeid v\u00f5imalike probleemide minimeerimiseks.<\/p>\n<p><img decoding=\"async\" src=\"https:\/\/www.hydraulic-cylinders.net\/wp-content\/uploads\/2025\/01\/songte-bushings-with-all-kinds-of-excavator-models.webp\" alt=\"Rikke diagnoosi pilt\"><\/p>\n<h2>Ettev\u00f5tte tutvustus<\/h2>\n<p>Oleme asendush\u00fcdrauliliste silindrite tootja. Meie ettev\u00f5te pakub laia tootevalikut ja on saanud \u00fcheks juhtivaks h\u00fcdrosilindrite tootjaks ja hulgim\u00fc\u00fcjaks nii sise- kui ka rahvusvahelisel turul. Meie peenelt varustatud tootmist\u00f6\u00f6kodades j\u00e4rgime tipptaseme p\u00f5him\u00f5tteid ja tugineme industrialiseeritud tootmise juhtimise strateegiatele. T\u00e4iustame pidevalt oma tootmisplatvormi, parandame tootekvaliteedi tootmismarsruute ja omame tugevaid loomingulisi v\u00f5imeid. Suure efektiivsuse, t\u00e4psuse ja kvaliteediga p\u00fc\u00fcame rahuldada klientide mitmekesiseid vajadusi.<\/p>\n<p><img decoding=\"async\" src=\"https:\/\/hzpt.com\/wp-content\/uploads\/2024\/11\/songte-company-1.webp\" alt=\"Ettev\u00f5tte kuvand\"><\/p>\n<h3>Professionaalsus:<\/h3>\n<p>Meie ettev\u00f5te tegutseb professionaalselt, tagades k\u00f5rgeimad kvaliteedi- ja teenindusstandardid.<\/p>\n<h3>Rahvusvaheline sertifitseerimine:<\/h3>\n<p>Oleme omandanud rahvusvahelised sertifikaadid, mis n\u00e4itavad meie p\u00fchendumust kvaliteedile ja vastavusele n\u00f5uetele.<\/p>\n<h3>Kohandamise teenused:<\/h3>\n<p>Pakume kliendi erivajaduste rahuldamiseks kohandamisteenuseid.<\/p>\n<h3>Tootmisseadmed:<\/h3>\n<p>Kasutame t\u00e4iustatud tootmisseadmeid, et tagada efektiivne ja t\u00e4pne tootmine.<\/p>\n<h3>M\u00fc\u00fcgij\u00e4rgne teenindus:<\/h3>\n<p>Pakume klientide rahulolu ja toe tagamiseks igak\u00fclgset m\u00fc\u00fcgij\u00e4rgset teenindust.<\/p>\n<p><img decoding=\"async\" src=\"https:\/\/www.hydraulic-cylinders.net\/wp-content\/uploads\/2025\/01\/songte-company-3.webp\" alt=\"Ettev\u00f5tte tutvustuspilt\"><\/p>\n<p>Autor: lyl<\/p>\n<p><\/body><br \/>\n<\/html><\/p>","protected":false},"excerpt":{"rendered":"<p>Bucket Cylinder For Sumitomo Small Excavator SH120A1A2A3 Bucket Cylinder For Sumitomo Small Excavator SH120A1A2A3 Introduction The bucket cylinder for Sumitomo small excavator SH120A1A2A3 is a specialized hydraulic cylinder designed to control the movement of the bucket in heavy machinery such as excavators, backhoe loaders, and front-end loaders. Its main function is to enable the lifting, [&hellip;]<\/p>","protected":false},"featured_media":14771,"comment_status":"open","ping_status":"closed","template":"","meta":{"_et_pb_use_builder":"","_et_pb_old_content":"","_et_gb_content_width":""},"product_brand":[],"product_cat":[1494],"product_tag":[1495,1496],"class_list":{"0":"post-15172","1":"product","2":"type-product","3":"status-publish","4":"has-post-thumbnail","6":"product_cat-bucket-cylinders","7":"product_tag-bucket-cylinders","8":"product_tag-hydraulic-cylinders","10":"first","11":"instock","12":"shipping-taxable","13":"product-type-simple"},"amp_enabled":true,"_links":{"self":[{"href":"https:\/\/www.hydraulic-cylinders.net\/et\/wp-json\/wp\/v2\/product\/15172","targetHints":{"allow":["GET"]}}],"collection":[{"href":"https:\/\/www.hydraulic-cylinders.net\/et\/wp-json\/wp\/v2\/product"}],"about":[{"href":"https:\/\/www.hydraulic-cylinders.net\/et\/wp-json\/wp\/v2\/types\/product"}],"replies":[{"embeddable":true,"href":"https:\/\/www.hydraulic-cylinders.net\/et\/wp-json\/wp\/v2\/comments?post=15172"}],"wp:featuredmedia":[{"embeddable":true,"href":"https:\/\/www.hydraulic-cylinders.net\/et\/wp-json\/wp\/v2\/media\/14771"}],"wp:attachment":[{"href":"https:\/\/www.hydraulic-cylinders.net\/et\/wp-json\/wp\/v2\/media?parent=15172"}],"wp:term":[{"taxonomy":"product_brand","embeddable":true,"href":"https:\/\/www.hydraulic-cylinders.net\/et\/wp-json\/wp\/v2\/product_brand?post=15172"},{"taxonomy":"product_cat","embeddable":true,"href":"https:\/\/www.hydraulic-cylinders.net\/et\/wp-json\/wp\/v2\/product_cat?post=15172"},{"taxonomy":"product_tag","embeddable":true,"href":"https:\/\/www.hydraulic-cylinders.net\/et\/wp-json\/wp\/v2\/product_tag?post=15172"}],"curies":[{"name":"wp","href":"https:\/\/api.w.org\/{rel}","templated":true}]}}