{"id":15174,"date":"2025-01-19T14:11:57","date_gmt":"2025-01-19T14:11:57","guid":{"rendered":"https:\/\/www.hydraulic-cylinders.net\/product\/bucket-cylinder-for-sumitomo-middle-excavator-sh200a1a2a3\/"},"modified":"2025-01-19T14:11:58","modified_gmt":"2025-01-19T14:11:58","slug":"bucket-cylinder-for-sumitomo-middle-excavator-sh200a1a2a3","status":"publish","type":"product","link":"https:\/\/www.hydraulic-cylinders.net\/et\/toode\/bucket-cylinder-for-sumitomo-middle-excavator-sh200a1a2a3\/","title":{"rendered":"Kopa silinder Sumitomo keskmise ekskavaatori SH200A1A2A3 jaoks"},"content":{"rendered":"<h1>Kopa silinder Sumitomo keskmise ekskavaatori SH200A1A2A3 jaoks<\/h1>\n<h2>Sissejuhatus<\/h2>\n<p>Sumitomo keskmise ekskavaatori SH200A1A2A3 kopa silinder on spetsiaalne h\u00fcdrauliline silinder, mida kasutatakse raskete masinate, n\u00e4iteks ekskavaatorite, laadur-ekskavaatorite ja esilaadurite, labida liikumise juhtimiseks. Selle peamine eesm\u00e4rk on h\u00f5lbustada erinevaid materjali k\u00e4itlemise \u00fclesandeid, v\u00f5imaldades labidal t\u00e4pselt t\u00f5sta, langetada ja kallutada. H\u00fcdraulilistes s\u00fcsteemides v\u00f5imaldab kopa silinder labida t\u00e4pset juhtimist h\u00fcdraulika\u00f5li r\u00f5hu muutuste abil, v\u00f5imaldades operaatoritel t\u00f5husalt k\u00e4sitseda raskeid koormaid ning kohaneda keerukate t\u00f6\u00f6keskkondade ja mitmekesiste t\u00f6\u00f6n\u00f5uetega.<\/p>\n<p><img decoding=\"async\" src=\"https:\/\/www.hydraulic-cylinders.net\/wp-content\/uploads\/2025\/01\/songte-company-2.webp\" alt=\"\u00c4mbri silindri pilt\"><\/p>\n<h2>Omadused<\/h2>\n<ul>\n<li>\n<h3>Suur tugevus ja vastupidavus<\/h3>\n<p>Kopa silinder on tavaliselt valmistatud \u00fclitugevast terasest v\u00f5i alumiiniumist, mis talub k\u00f5rget r\u00f5hku ja suuri koormusi ning on konstrueeritud kulumiskindlust ja korrosioonikindlust silmas pidades, et pikendada selle kasutusiga.<\/p>\n<\/li>\n<li>\n<h3>T\u00f5hus h\u00fcdrauliline t\u00f6\u00f6<\/h3>\n<p>Kopa silinder kasutab h\u00fcdraulilise \u00f5li r\u00f5hku sujuva teleskoopliikumise saavutamiseks, reageerib kiiresti juhtimisk\u00e4sklustele, pakub v\u00f5imsaid t\u00f5uke- ja t\u00f5mbej\u00f5ude ning sobib raskete koormate ja keerukate t\u00f6\u00f6\u00fclesannete k\u00e4sitsemiseks.<\/p>\n<\/li>\n<li>\n<h3>Mitu t\u00fc\u00fcpi<\/h3>\n<p>Kopa silinder v\u00f5ib olenevalt vajadustest olla \u00fchetoimeline h\u00fcdrauliline silinder (kasutab h\u00fcdraulikat ainult \u00fches suunas) v\u00f5i kahetoimeline h\u00fcdrauliline silinder (kasutab h\u00fcdraulikat kahes suunas) ning m\u00f5ned mudelid on teleskoopilised, v\u00f5imaldades suuremat pikendamist ilma v\u00e4lism\u00f5\u00f5tmeid suurendamata, sobides ruumipiiranguga rakenduste jaoks.<\/p>\n<\/li>\n<li>\n<h3>Vahetatav<\/h3>\n<p>Meie ettev\u00f5te saab seda toodet toota ja meie toode saab neid h\u00fcdrosilindreid ideaalselt asendada.<\/p>\n<\/li>\n<li>\n<h3>Rakendused<\/h3>\n<p>Kopasilindrit saab kasutada erinevate seadmete jaoks, n\u00e4iteks:<\/p>\n<ul>\n<li>Ehitustehnika: Ekskavaatorites on need h\u00e4davajalikud kaevamiseks, laadimiseks ja pinnase v\u00f5i prahi teisaldamiseks. Ekskavaatorites aitab labidastrumpel kaevamisel ja t\u00f5stmisel. <\/li>\n<li>P\u00f5llumajandusmasinad: Kasutatakse esilaadurite jaoks, pinnase, heina ja muude materjalide korjamiseks, t\u00f5stmiseks ja transportimiseks. <\/li>\n<li>Ekskavaatorid: Labidastrumm v\u00f5imaldab kaevamist, lastes labidal pinnasesse tungida. <\/li>\n<li>Laadurid: Esilaadurites aitavad need kaupu t\u00f5husalt t\u00f5sta ja kallutada. <\/li>\n<\/ul>\n<\/li>\n<\/ul>\n<h2>Projekteerimiskaalutlused ja valikukriteeriumid<\/h2>\n<p>Projekteerimise seisukohast tuleb \u00e4mbrisilindri puhul arvestada j\u00e4rgmisega:<\/p>\n<ul>\n<li>\n<h3>Kandev\u00f5ime<\/h3>\n<p>Kopa silindril peab olema piisav kandev\u00f5ime, et taluda n\u00f5utavat koormust, tagades, et see t\u00f6\u00f6tamise ajal ei deformeeru, ei pragune ega purune. <\/p>\n<\/li>\n<li>\n<h3>Tihendus ja vastupidavus<\/h3>\n<p>Kopasilindril peab olema suurep\u00e4rane tihendusv\u00f5ime, mis hoiab \u00e4ra h\u00fcdraulika\u00f5li lekke ja vee\/muda sissetungimise. Silinder peab olema valmistatud \u00fclitugevatest ja kulumiskindlatest materjalidest ning silindri korpus ja keermestatud otsapind peavad olema peenelt t\u00f6\u00f6deldud, et parandada kulumiskindlust.<\/p>\n<\/li>\n<li>\n<h3>Ohutus ja hooldus<\/h3>\n<p>Kopasilindri projekteerimisel tuleb silmas pidada ohutust ja hooldust, tagades, et silinder ei p\u00f5hjusta t\u00f6\u00f6tamise ajal \u00f5nnetusi ning et seda on vajadusel lihtne lahti v\u00f5tta, kontrollida ja parandada. <\/p>\n<\/li>\n<\/ul>\n<p><img decoding=\"async\" src=\"https:\/\/www.hydraulic-cylinders.net\/wp-content\/uploads\/2025\/01\/songte-oil-pipes-and-spare-parts.webp\" alt=\"Osade pilt\"><\/p>\n<h2>Tihendus ja m\u00e4\u00e4rimine<\/h2>\n<p>Kopasilindris kasutatakse erinevat t\u00fc\u00fcpi tihendeid, n\u00e4iteks kolvitihendeid, vardatihendeid jne. Tihendusmaterjalid on tavaliselt valmistatud kulumiskindlatest materjalidest, nagu pol\u00fcuretaan ja nitriilkummi. Silindri korpus ja keermestatud otsapind on peenelt t\u00f6\u00f6deldud, et parandada kulumiskindlust ja pikendada silindri kasutusiga. Kopasilindri m\u00e4\u00e4rimise sujuva t\u00f6\u00f6 tagamiseks on vaja regulaarselt lisada sobivat kogust h\u00fcdraulika\u00f5li.<\/p>\n<h2>Hooldus ja remont<\/h2>\n<p>N\u00f5uetekohane hooldus ja remont on \u00fcliolulised, et tagada kopasilindri t\u00f5hus ja ohutu t\u00f6\u00f6. Regulaarsed \u00fclevaatused, asjakohane m\u00e4\u00e4rimine ning tihendite vahetamine ja kalibreerimine on tavalised hooldust\u00f6\u00f6d, mida tuleks teha. Silindri \u00f5ige joondamine paigaldamise ajal on oluline ning silindri kinnitamiseks on soovitatav kasutada sobivaid paigaldusklambreid. Silindri kasutusea maksimeerimiseks soovitame kasutada meie \u00fclevaatus-, remondi- ja vahetusprogramme.<\/p>\n<p><img decoding=\"async\" src=\"https:\/\/www.hydraulic-cylinders.net\/wp-content\/uploads\/2025\/01\/songte-chushion-collar.webp\" alt=\"Padjakrae pilt\"><\/p>\n<h2>Ohutuskaalutlused ja keskkonnategurid<\/h2>\n<p>Kopasilindri kasutamisel on oluline j\u00e4rgida ohutusmeetmeid, n\u00e4iteks kanda kaitsevarustust ja teha regulaarset hooldust. Arvesse tuleks v\u00f5tta ka keskkonnategureid, nagu temperatuur, niiskus ja tolm, ning silindri kahjustamise v\u00e4ltimiseks tuleb v\u00f5tta asjakohaseid kaitsemeetmeid.<\/p>\n<h2>Diagnostilised ja levinud probleemid<\/h2>\n<p>M\u00f5ned kopasilindrite levinud probleemid on \u00f5lileke, aeglane reageering, ebapiisav v\u00f5imsus ja ebanormaalne m\u00fcra. Meie ettev\u00f5te saab pakkuda nende probleemide lahendamiseks n\u00e4pun\u00e4iteid ja lahendusi, n\u00e4iteks tihendite vahetamine, \u00f5li puhastamine ning konstruktsiooniprobleemide diagnoosimine ja parandamine.<\/p>\n<p><img decoding=\"async\" src=\"https:\/\/www.hydraulic-cylinders.net\/wp-content\/uploads\/2025\/01\/songte-bushings-with-all-kinds-of-excavator-models.webp\" alt=\"Pukside pilt\"><\/p>\n<h2>Meie ettev\u00f5ttest<\/h2>\n<p>Meie ettev\u00f5te on asendush\u00fcdrauliliste silindrite tootja. T\u00e4nu laiale tootevalikule oleme saanud \u00fcheks juhtivaks h\u00fcdrosilindrite tootjaks ja hulgim\u00fc\u00fcjaks nii sise- kui ka rahvusvahelistel turgudel. J\u00e4rgime suurep\u00e4rase kvaliteedi poliitikat, toetume t\u00e4iustatud tootmist\u00f6\u00f6koja industrialiseeritud tootmisjuhtimisele, t\u00e4iustame pidevalt t\u00f6\u00f6koja tootmisplatvormi, t\u00e4iustame toote kvaliteetset tootmisprotsessi ning omame tugevat loomingulist v\u00f5imekust. Pakume t\u00f5husaid, t\u00e4pseid ja kvaliteetseid tooteid, et rahuldada oma klientide mitmekesiseid vajadusi.<\/p>\n<p>Meie ettev\u00f5te on spetsialiseerunud professionaalsete, rahvusvaheliselt sertifitseeritud ja kohandatud teenuste ning tootmisseadmete pakkumisele. Meie m\u00fc\u00fcgij\u00e4rgne teenindus h\u00f5lmab regulaarset hooldust, m\u00e4\u00e4rimist, tihendite vahetust ja kalibreerimiskontrolle. Ballooni kasutusea maksimeerimiseks soovitame kasutada meie \u00fclevaatus-, remondi- ja vahetusprogramme.<\/p>\n<p><img decoding=\"async\" src=\"https:\/\/hzpt.com\/wp-content\/uploads\/2024\/11\/songte-company-1.webp\" alt=\"Ettev\u00f5tte kuvand\"><\/p>\n<p>Autor: lyl<\/p>","protected":false},"excerpt":{"rendered":"<p>Bucket Cylinder For Sumitomo Middle Excavator SH200A1A2A3 Introduction The bucket cylinder for Sumitomo middle excavator SH200A1A2A3 is a specialized hydraulic cylinder used to control the movement of shovels in heavy machinery such as excavators, backhoe excavators, and front loaders. Its main purpose is to facilitate various material handling tasks by enabling the shovel to lift, [&hellip;]<\/p>","protected":false},"featured_media":14765,"comment_status":"open","ping_status":"closed","template":"","meta":{"_et_pb_use_builder":"","_et_pb_old_content":"","_et_gb_content_width":""},"product_brand":[],"product_cat":[1494],"product_tag":[1495,1496],"class_list":{"0":"post-15174","1":"product","2":"type-product","3":"status-publish","4":"has-post-thumbnail","6":"product_cat-bucket-cylinders","7":"product_tag-bucket-cylinders","8":"product_tag-hydraulic-cylinders","10":"first","11":"instock","12":"shipping-taxable","13":"product-type-simple"},"amp_enabled":true,"_links":{"self":[{"href":"https:\/\/www.hydraulic-cylinders.net\/et\/wp-json\/wp\/v2\/product\/15174","targetHints":{"allow":["GET"]}}],"collection":[{"href":"https:\/\/www.hydraulic-cylinders.net\/et\/wp-json\/wp\/v2\/product"}],"about":[{"href":"https:\/\/www.hydraulic-cylinders.net\/et\/wp-json\/wp\/v2\/types\/product"}],"replies":[{"embeddable":true,"href":"https:\/\/www.hydraulic-cylinders.net\/et\/wp-json\/wp\/v2\/comments?post=15174"}],"wp:featuredmedia":[{"embeddable":true,"href":"https:\/\/www.hydraulic-cylinders.net\/et\/wp-json\/wp\/v2\/media\/14765"}],"wp:attachment":[{"href":"https:\/\/www.hydraulic-cylinders.net\/et\/wp-json\/wp\/v2\/media?parent=15174"}],"wp:term":[{"taxonomy":"product_brand","embeddable":true,"href":"https:\/\/www.hydraulic-cylinders.net\/et\/wp-json\/wp\/v2\/product_brand?post=15174"},{"taxonomy":"product_cat","embeddable":true,"href":"https:\/\/www.hydraulic-cylinders.net\/et\/wp-json\/wp\/v2\/product_cat?post=15174"},{"taxonomy":"product_tag","embeddable":true,"href":"https:\/\/www.hydraulic-cylinders.net\/et\/wp-json\/wp\/v2\/product_tag?post=15174"}],"curies":[{"name":"wp","href":"https:\/\/api.w.org\/{rel}","templated":true}]}}