{"id":15175,"date":"2025-01-19T14:12:01","date_gmt":"2025-01-19T14:12:01","guid":{"rendered":"https:\/\/www.hydraulic-cylinders.net\/product\/bucket-cylinder-for-sumitomo-middle-excavator-sh210-5\/"},"modified":"2025-01-19T14:12:03","modified_gmt":"2025-01-19T14:12:03","slug":"bucket-cylinder-for-sumitomo-middle-excavator-sh210-5","status":"publish","type":"product","link":"https:\/\/www.hydraulic-cylinders.net\/et\/toode\/bucket-cylinder-for-sumitomo-middle-excavator-sh210-5\/","title":{"rendered":"Kopa silinder Sumitomo keskmise ekskavaatori SH210-5 jaoks"},"content":{"rendered":"<h1>Kopa silinder Sumitomo keskmise ekskavaatori SH210-5 jaoks<\/h1>\n<h2>Sissejuhatus<\/h2>\n<p>Sumitomo keskmise ekskavaatori SH210-5 kopa silinder on spetsiaalselt loodud h\u00fcdrauliline silinder, mida kasutatakse kopa liikumise juhtimiseks rasketes masinates, n\u00e4iteks ekskavaatorites, laadur-ekskavaatorites ja esilaadurites. Selle peamine \u00fclesanne on v\u00f5imaldada kopa t\u00f5stmist, langetamist ja kallutamist, mist\u00f5ttu sobib see mitmesugusteks materjalik\u00e4itlust\u00f6\u00f6deks. H\u00fcdraulikas\u00fcsteemis kasutab kopa silinder h\u00fcdraulika\u00f5li r\u00f5humuutust, et saavutada kopa t\u00e4pne juhtimine, mis v\u00f5imaldab operaatoritel t\u00f5husalt k\u00e4sitseda raskeid koormaid ning kohaneda keerukate t\u00f6\u00f6keskkondade ja mitmekesiste t\u00f6\u00f6n\u00f5uetega.<\/p>\n<p><img decoding=\"async\" src=\"https:\/\/www.hydraulic-cylinders.net\/wp-content\/uploads\/2025\/01\/songte-company-2.webp\" alt=\"Kopa silinder Sumitomo keskmise ekskavaatori SH210-5 jaoks\"><\/p>\n<h2>Omadused<\/h2>\n<ul>\n<li>\n<h3>Suur tugevus ja vastupidavus<\/h3>\n<p>Kopa silinder on tavaliselt valmistatud \u00fclitugevast terasest v\u00f5i alumiiniumist, mis talub k\u00f5rget r\u00f5hku ja suuri koormusi ning kohandub karmide t\u00f6\u00f6keskkondadega. Selle konstruktsioon arvestab kulumiskindluse ja korrosioonikindlusega, pikendades selle kasutusiga.<\/p>\n<\/li>\n<li>\n<h3>T\u00f5hus h\u00fcdrauliline t\u00f6\u00f6<\/h3>\n<p>H\u00fcdraulika\u00f5li r\u00f5hu abil saavutatakse sujuv pikenemine ja kokkut\u00f5mbumine, mille tulemusel reageerib kopa silinder kiiresti t\u00f6\u00f6k\u00e4sklustele, pakkudes tugevat t\u00f5uke- ja t\u00f5mbej\u00f5udu, mis sobib raskete koormate ja keerukate t\u00f6\u00f6de k\u00e4sitsemiseks.<\/p>\n<\/li>\n<li>\n<h3>Erinevad t\u00fc\u00fcbid<\/h3>\n<p>Kopasilindrit saab vastavalt vajadustele valida \u00fchetoimelisena (h\u00fcdraulika abil ainult \u00fches suunas) v\u00f5i kahetoimelisena (h\u00fcdraulika abil m\u00f5lemas suunas), et see vastaks erinevatele t\u00f6\u00f6tingimustele. M\u00f5ned mudelid on teleskoopilised, v\u00f5imaldades suuremat pikendust ilma v\u00e4lism\u00f5\u00f5tmeid suurendamata, sobides piiratud ruumides kasutamiseks.<\/p>\n<\/li>\n<li>\n<h3>Vahetatav<\/h3>\n<p>Meie tooted suudavad neid h\u00fcdrosilindreid ideaalselt asendada ja me saame seda toodet toota.<\/p>\n<\/li>\n<\/ul>\n<p><img decoding=\"async\" src=\"https:\/\/www.hydraulic-cylinders.net\/wp-content\/uploads\/2025\/01\/songte-cylinder-head-with-all-kinds-excavator-models.webp\" alt=\"Kopa silinder Sumitomo keskmise ekskavaatori SH210-5 jaoks\"><\/p>\n<h2>Taotlus<\/h2>\n<p>Kopasilindrit kasutatakse laialdaselt erinevates rasketehnika masinates, m\u00f5ned t\u00fc\u00fcpilised rakendused h\u00f5lmavad j\u00e4rgmist:<\/p>\n<ul>\n<li>\n<h3>Ehitustehnika<\/h3>\n<p>Need on kriitilise t\u00e4htsusega pinnase v\u00f5i prahi kaevamisel, laadimisel ja teisaldamisel ekskavaatorites ja laadur-ekskavaatorites. Ekskavaatoris aitab kopa silinder kaevamisel ja t\u00f5stmisel.<\/p>\n<\/li>\n<li>\n<h3>P\u00f5llumajandustehnika<\/h3>\n<p>Kasutatakse esilaaduritel pinnase, heina ja muude materjalide kaevamiseks, t\u00f5stmiseks ja transportimiseks. Ekskavaatorites v\u00f5imaldab kopa silinder kaevamist, lastes kopal pinnasesse tungida.<\/p>\n<\/li>\n<li>\n<h3>Laadur<\/h3>\n<p>Esilaadurites aitavad need t\u00f5husalt koormaid t\u00f5sta ja kallutada.<\/p>\n<\/li>\n<\/ul>\n<h2>Projekteerimis- ja valikustandardid<\/h2>\n<ul>\n<li>\n<h3>Kandev\u00f5ime<\/h3>\n<p>Kopasilindri kandev\u00f5ime on oluline projekteerimiskriteerium. See peab toetama raskete koormate raskust ja taluma t\u00f6\u00f6 ajal nii sise- kui ka v\u00e4lisj\u00f5ude.<\/p>\n<\/li>\n<li>\n<h3>Tihendus<\/h3>\n<p>Silindri tihendus on oluline \u00f5lilekke ja h\u00fcdraulikas\u00fcsteemi saastumise v\u00e4ltimiseks. Selleks kasutatakse mitmesuguseid tihendusr\u00f5ngaid, n\u00e4iteks kolvitihendeid, vardatihendeid ja kulumiskindlatest materjalidest, n\u00e4iteks pol\u00fcuretaanist ja nitriilkummist, valmistatud tihendeid. Silindri korpus ja keermeotsa pind l\u00e4bivad peene t\u00f6\u00f6tluse, et parandada kulumiskindlust. Silinder vajab m\u00e4\u00e4rimiseks regulaarset t\u00e4itmist sobiva koguse h\u00fcdraulika\u00f5liga.<\/p>\n<\/li>\n<li>\n<h3>Vastupidavus ja ohutus<\/h3>\n<p>Kopa silinder peab olema vastupidav, et taluda karme t\u00f6\u00f6tingimusi ja suuri koormusi. Samuti tuleb arvestada ohutusn\u00f5uetega, et tagada selle vastavus t\u00f6\u00f6 ajal ohutusstandarditele. <\/p>\n<\/li>\n<li>\n<h3>Hooldus<\/h3>\n<p>Silinder vajab optimaalse j\u00f5udluse tagamiseks perioodilist kontrolli, regulaarset m\u00e4\u00e4rimist ja tihendite vahetamist. Samuti on vaja t\u00e4pset paigaldusjoondust, kasutades silindri kinnitamiseks sobivaid paigaldusklambreid.<\/p>\n<\/li>\n<\/ul>\n<p><img decoding=\"async\" src=\"https:\/\/www.hydraulic-cylinders.net\/wp-content\/uploads\/2025\/01\/songte-oil-pipes-and-spare-parts.webp\" alt=\"Kopa silinder Sumitomo keskmise ekskavaatori SH210-5 jaoks\"><\/p>\n<h2>Hooldusjuhend<\/h2>\n<p>Kopasilindrite tavalised hooldust\u00f6\u00f6d on j\u00e4rgmised:<\/p>\n<ul>\n<li>\n<h3>Regulaarne kontroll<\/h3>\n<p>Kontrollige silindrit regulaarselt, et tuvastada kulumisj\u00e4lgi v\u00f5i lekkeid.<\/p>\n<\/li>\n<li>\n<h3>M\u00e4\u00e4rimine<\/h3>\n<p>Sujuva t\u00f6\u00f6 tagamiseks m\u00e4\u00e4rige silindrit regulaarselt.<\/p>\n<\/li>\n<li>\n<h3>Tihendi vahetamine ja kalibreerimise kontroll<\/h3>\n<p>Vahetage kulunud tihendid v\u00e4lja ja kontrollige regulaarselt kalibreerimist.<\/p>\n<\/li>\n<\/ul>\n<p>Optimaalse j\u00f5udluse tagamiseks on oluline silindrit paigaldamise ajal \u00f5igesti paigaldada, m\u00e4\u00e4rida ja reguleerida. Paigaldamise ajal tuleks tagada \u00f5ige joondamise juhis ja silindri kinnitamiseks tuleks kasutada sobivaid paigaldusklambreid. Kopasilindri kasutusea pikendamiseks soovitame soovitatavaid kontrolli-, remondi- ja asendusprotseduure.<\/p>\n<p><img decoding=\"async\" src=\"https:\/\/www.hydraulic-cylinders.net\/wp-content\/uploads\/2025\/01\/songte-chushion-collar.webp\" alt=\"Kopa silinder Sumitomo keskmise ekskavaatori SH210-5 jaoks\"><\/p>\n<h2>Ohutus- ja keskkonnakaalutlused<\/h2>\n<p>Kopasilindri kasutamisel tuleb vigastuste v\u00e4ltimiseks v\u00f5tta n\u00f5uetekohaseid ohutusmeetmeid. Silindrit tohivad kasutada ainult v\u00e4lja\u00f5ppinud t\u00f6\u00f6tajad, kellel on sobiv ohutusvarustus ja kes j\u00e4rgivad ohutuseeskirju. Keskkonnakaalutluste hulka kuuluvad kasutatud h\u00fcdraulika\u00f5li n\u00f5uetekohane k\u00f5rvaldamine ja keskkonnaalaste eeskirjade j\u00e4rgimine tootmise ja k\u00e4itamise ajal.<\/p>\n<p><img decoding=\"async\" src=\"https:\/\/hzpt.com\/wp-content\/uploads\/2024\/11\/songte-company-1.webp\" alt=\"Kopa silinder Sumitomo keskmise ekskavaatori SH210-5 jaoks\"><\/p>\n<h2>Vea diagnoosimine ja levinud probleemid<\/h2>\n<p>Kopasilindril v\u00f5ib esineda m\u00f5ningaid levinud probleeme, sealhulgas \u00f5lilekkeid, kehva j\u00f5udlust ja ebanormaalset m\u00fcra. Ebapiisav m\u00e4\u00e4rimine ja tihendite kulumine on nende probleemide levinud p\u00f5hjused. Probleemide diagnoosimiseks ja lahendamiseks soovitame konsulteerida professionaalse inseneriga, et tagada \u00f5ige diagnoos ja t\u00f5husad lahendused. V\u00f5imalike probleemide v\u00e4ltimiseks soovitame v\u00f5tta ennetavaid meetmeid, n\u00e4iteks perioodilist kontrolli, n\u00f5uetekohast m\u00e4\u00e4rimist ja kulunud tihendite v\u00e4ljavahetamist.<\/p>\n<p><img decoding=\"async\" src=\"https:\/\/www.hydraulic-cylinders.net\/wp-content\/uploads\/2025\/01\/songte-bushings-with-all-kinds-of-excavator-models.webp\" alt=\"Kopa silinder Sumitomo keskmise ekskavaatori SH210-5 jaoks\"><\/p>\n<h2>Meie ettev\u00f5ttest<\/h2>\n<p>Oleme asendush\u00fcdrauliliste silindrite tootja, pakkudes t\u00e4ielikku tootevalikut, ning oleme saanud \u00fcheks juhtivaks h\u00fcdrosilindrite tootjaks ja hulgim\u00fc\u00fcjaks nii sise- kui ka rahvusvahelisel turul. Peame kinni suurep\u00e4rasest kvaliteedist, tugineme industrialiseeritud tootmisjuhtimise strateegiatele, mida toetavad keerukad tootmist\u00f6\u00f6kojad, t\u00e4iustame pidevalt t\u00f6\u00f6koja tootmisplatvormi, parandame toodete tootmiskvaliteeti ja oleme tugeva loovusega. Meie eesm\u00e4rk on rahuldada klientide mitmekesiseid vajadusi suure efektiivsuse, suure t\u00e4psuse ja k\u00f5rgete kvaliteedip\u00f5him\u00f5tetega.<\/p>\n<p>Meie ettev\u00f5te on spetsialiseerunud professionaalsete teenuste, kohandatud teenuste ja rahvusvaheliste sertifikaatide pakkumisele. Toodete kvaliteedi parandamiseks ja igak\u00fclgse m\u00fc\u00fcgij\u00e4rgse teeninduse pakkumiseks kasutame t\u00e4iustatud tootmisseadmeid ja professionaalseid testimiss\u00fcsteeme. J\u00e4tkame oma tootmisv\u00f5imsuse ja tootekvaliteedi parandamist ning oleme oma suurep\u00e4raste toodete ja teenustega v\u00f5itnud klientide usalduse ja kiituse.<\/p>\n<p><img decoding=\"async\" src=\"https:\/\/www.hydraulic-cylinders.net\/wp-content\/uploads\/2025\/01\/songte-company-3.webp\" alt=\"Kopa silinder Sumitomo keskmise ekskavaatori SH210-5 jaoks\"><\/p>\n<p>Autor: lyl.<\/p>","protected":false},"excerpt":{"rendered":"<p>Bucket Cylinder For Sumitomo Middle Excavator SH210-5 Introduction The bucket cylinder for Sumitomo middle excavator SH210-5 is a specially designed hydraulic cylinder used to control the movement of the bucket in heavy machinery such as excavators, backhoe excavators, and front-end loaders. Its main function is to enable the bucket to lift, lower, and tilt, making [&hellip;]<\/p>","protected":false},"featured_media":14762,"comment_status":"open","ping_status":"closed","template":"","meta":{"_et_pb_use_builder":"","_et_pb_old_content":"","_et_gb_content_width":""},"product_brand":[],"product_cat":[1494],"product_tag":[1495,1496],"class_list":{"0":"post-15175","1":"product","2":"type-product","3":"status-publish","4":"has-post-thumbnail","6":"product_cat-bucket-cylinders","7":"product_tag-bucket-cylinders","8":"product_tag-hydraulic-cylinders","10":"first","11":"instock","12":"shipping-taxable","13":"product-type-simple"},"amp_enabled":true,"_links":{"self":[{"href":"https:\/\/www.hydraulic-cylinders.net\/et\/wp-json\/wp\/v2\/product\/15175","targetHints":{"allow":["GET"]}}],"collection":[{"href":"https:\/\/www.hydraulic-cylinders.net\/et\/wp-json\/wp\/v2\/product"}],"about":[{"href":"https:\/\/www.hydraulic-cylinders.net\/et\/wp-json\/wp\/v2\/types\/product"}],"replies":[{"embeddable":true,"href":"https:\/\/www.hydraulic-cylinders.net\/et\/wp-json\/wp\/v2\/comments?post=15175"}],"wp:featuredmedia":[{"embeddable":true,"href":"https:\/\/www.hydraulic-cylinders.net\/et\/wp-json\/wp\/v2\/media\/14762"}],"wp:attachment":[{"href":"https:\/\/www.hydraulic-cylinders.net\/et\/wp-json\/wp\/v2\/media?parent=15175"}],"wp:term":[{"taxonomy":"product_brand","embeddable":true,"href":"https:\/\/www.hydraulic-cylinders.net\/et\/wp-json\/wp\/v2\/product_brand?post=15175"},{"taxonomy":"product_cat","embeddable":true,"href":"https:\/\/www.hydraulic-cylinders.net\/et\/wp-json\/wp\/v2\/product_cat?post=15175"},{"taxonomy":"product_tag","embeddable":true,"href":"https:\/\/www.hydraulic-cylinders.net\/et\/wp-json\/wp\/v2\/product_tag?post=15175"}],"curies":[{"name":"wp","href":"https:\/\/api.w.org\/{rel}","templated":true}]}}