{"id":15177,"date":"2025-01-19T14:12:08","date_gmt":"2025-01-19T14:12:08","guid":{"rendered":"https:\/\/www.hydraulic-cylinders.net\/product\/bucket-cylinder-for-sumitomo-middle-excavator-sh240-5lr\/"},"modified":"2025-01-19T14:12:10","modified_gmt":"2025-01-19T14:12:10","slug":"bucket-cylinder-for-sumitomo-middle-excavator-sh240-5lr","status":"publish","type":"product","link":"https:\/\/www.hydraulic-cylinders.net\/et\/toode\/bucket-cylinder-for-sumitomo-middle-excavator-sh240-5lr\/","title":{"rendered":"Kopa silinder Sumitomo keskmise ekskavaatori SH240-5LR jaoks"},"content":{"rendered":"<h1>Kopa silinder Sumitomo keskmise ekskavaatori SH240-5LR jaoks<\/h1>\n<h2>Sissejuhatus<\/h2>\n<p>Kopa silinder on spetsiaalselt konstrueeritud h\u00fcdrauliline silinder, mida kasutatakse kopa liikumise juhtimiseks rasketes masinates, n\u00e4iteks ekskavaatorites, laadur-ekskavaatorites ja esilaadurites. Selle peamine \u00fclesanne on v\u00f5imaldada kopa t\u00f5stmist, langetamist ja kallutamist, h\u00f5lbustades seel\u00e4bi mitmesuguseid materjali k\u00e4itlemise \u00fclesandeid. H\u00fcdraulilises s\u00fcsteemis saavutab kopa silinder kopa t\u00e4pse juhtimise h\u00fcdraulika\u00f5li r\u00f5hu muutmise abil, v\u00f5imaldades operaatoritel t\u00f5husalt k\u00e4sitseda raskeid koormaid ning kohaneda keerukate t\u00f6\u00f6keskkondade ja mitmekesiste t\u00f6\u00f6n\u00f5uetega.<\/p>\n<p><img decoding=\"async\" src=\"https:\/\/www.hydraulic-cylinders.net\/wp-content\/uploads\/2025\/01\/songte-company-2.webp\" alt=\"\u00c4mbri silindri pilt\"><\/p>\n<h2>Omadused<\/h2>\n<ul>\n<li>\n<h3>Suur tugevus ja vastupidavus<\/h3>\n<p>Kopasilindrid on tavaliselt valmistatud \u00fclitugevast terasest v\u00f5i alumiiniumist, mis talub k\u00f5rget r\u00f5hku ja suuri koormusi, kohandudes karmide t\u00f6\u00f6keskkondadega. Projekteerimisel on arvestatud kulumiskindluse ja korrosioonikindlusega, pikendades kasutusiga.<\/p>\n<\/li>\n<li>\n<h3>T\u00f5hus h\u00fcdrauliline t\u00f6\u00f6<\/h3>\n<p>Kopasilindrid kasutavad h\u00fcdraulika\u00f5li r\u00f5hku sujuvate pikendus- ja kokkut\u00f5mbumisliigutuste saavutamiseks, reageerivad kiiresti juhtimisk\u00e4sklustele, pakuvad v\u00f5imsaid t\u00f5uke- ja t\u00f5mbej\u00f5ude ning sobivad raskete koormate ja keerukate t\u00f6\u00f6\u00fclesannete k\u00e4sitsemiseks.<\/p>\n<\/li>\n<li>\n<h3>Erinevad t\u00fc\u00fcbid<\/h3>\n<p>Kopasilindrid v\u00f5ivad olenevalt n\u00f5uetest olla \u00fchetoimelised (h\u00fcdrauliliselt \u00fches suunas) v\u00f5i kahetoimelised (h\u00fcdrauliliselt m\u00f5lemas suunas). M\u00f5ned mudelid on teleskoopilised, mis v\u00f5imaldab suuremat pikendamist ilma v\u00e4lism\u00f5\u00f5tmeid suurendamata, sobides rakenduste jaoks, kus ruum on piiratud.<\/p>\n<\/li>\n<li>\n<h3>T\u00e4iuslik asendus<\/h3>\n<p>Meie tooted suudavad neid h\u00fcdraulilisi silindreid ideaalselt asendada. Me suudame seda toodet toota.<\/p>\n<\/li>\n<\/ul>\n<p><img decoding=\"async\" src=\"https:\/\/www.hydraulic-cylinders.net\/wp-content\/uploads\/2025\/01\/songte-cylinder-head-with-all-kinds-excavator-models.webp\" alt=\"\u00c4mbri silindri asendamise pilt\"><\/p>\n<h2>Rakendused<\/h2>\n<p>Kopp-silindreid saab kasutada erinevates t\u00f6\u00f6stusharudes, sealhulgas:<\/p>\n<ul>\n<li>\n<h3>Ehitustehnika<\/h3>\n<p>Ekskavaatorites on kopasilindrid olulised kaevamiseks, laadimiseks ja pinnase v\u00f5i prahi teisaldamiseks. Ekskavaator-laadurites aitavad kopasilindrid nii kaevamisel kui ka t\u00f5stmisel. <\/p>\n<\/li>\n<li>\n<h3>P\u00f5llumajandustehnika<\/h3>\n<p>Kopa silindreid kasutatakse esilaadurite jaoks pinnase, heina ja muude materjalide \u00fclesv\u00f5tmiseks, t\u00f5stmiseks ja transportimiseks. <\/p>\n<\/li>\n<li>\n<h3>Ekskavaatorid<\/h3>\n<p>Kopa silinder v\u00f5imaldab kopadel pinnasesse tungida ja kaevamisliigutusi saavutada. <\/p>\n<\/li>\n<li>\n<h3>Laadur<\/h3>\n<p>Esilaadurite kopasilindrid aitavad kaupu t\u00f5husalt t\u00f5sta ja t\u00fchjendada. <\/p>\n<\/li>\n<\/ul>\n<h2>Projekteerimiskaalutlused ja valikustandardid<\/h2>\n<p>Kopasilindrite projekteerimisel ja valimisel peavad insenerid arvestama j\u00e4rgmisega:<\/p>\n<ul>\n<li>\n<h3>Kandev\u00f5ime<\/h3>\n<p>Silindril peab olema piisav kandev\u00f5ime, et taluda koorma raskust.<\/p>\n<\/li>\n<li>\n<h3>Tihendusv\u00f5ime<\/h3>\n<p>Erinevad tihenduskomponendid, n\u00e4iteks kolvitihendid ja varrastihendid, peavad olema valmistatud kulumiskindlatest materjalidest, n\u00e4iteks pol\u00fcuretaanist ja nitriilkummist, et tagada hea tihendusv\u00f5ime ja v\u00e4ltida \u00f5lilekkeid.<\/p>\n<\/li>\n<li>\n<h3>Vastupidavus<\/h3>\n<p>Ballooni konstruktsioon peab olema selline, et see taluks kulumist, korrosiooni ja muid kahjustusi pikema aja jooksul.<\/p>\n<\/li>\n<li>\n<h3>Ohutus<\/h3>\n<p>Ballooni k\u00e4sitsemine peab olema ohutu ning sellel peavad olema paigas sobivad ohutusmeetmed ja hoiatuss\u00fcsteemid. <\/p>\n<\/li>\n<li>\n<h3>Hooldatavus<\/h3>\n<p>Ballooni peab olema lihtne hooldada ning varuosad, remont ja taastamisteenused peavad olema kergesti k\u00e4ttesaadavad.<\/p>\n<\/li>\n<\/ul>\n<p><img decoding=\"async\" src=\"https:\/\/www.hydraulic-cylinders.net\/wp-content\/uploads\/2025\/01\/songte-oil-pipes-and-spare-parts.webp\" alt=\"Kopasilindri varuosade pilt\"><\/p>\n<h2>Tihendus ja m\u00e4\u00e4rimine<\/h2>\n<p>Kopasilindrid vajavad mitmesuguseid tihendeid, n\u00e4iteks kolvitihendeid ja vardatihendeid, mis on valmistatud kulumiskindlatest materjalidest, n\u00e4iteks pol\u00fcuretaanist ja nitriilkummist, et tagada hea tihendusv\u00f5ime ja v\u00e4ltida \u00f5lilekkeid. Silindri korpus, varras ja keermeotsad on t\u00e4pselt t\u00f6\u00f6deldud, et parandada kulumiskindlust. M\u00e4\u00e4rimiseks on vaja regulaarselt lisada sobivat kogust h\u00fcdraulika\u00f5li.<\/p>\n<h2>Hooldus ja remont<\/h2>\n<p>Kopasilindrite optimaalse j\u00f5udluse ja pikaealisuse tagamiseks on oluline regulaarne kontroll ja ennetav hooldus. M\u00f5ned levinumad hooldust\u00f6\u00f6d h\u00f5lmavad n\u00f5uetekohast m\u00e4\u00e4rimist, tihendite regulaarset vahetamist ja kalibreerimise kontrolli. \u00d5ige paigaldamine, m\u00e4\u00e4rimine ja reguleerimine on kopasilindrite pikaealisuse ja vastupidavuse tagamiseks \u00fcliolulised. J\u00e4rgmised n\u00e4pun\u00e4ited aitavad probleeme t\u00f5husalt diagnoosida ja lahendada:<\/p>\n<ul>\n<li>\n<h3>Regulaarne kontroll<\/h3>\n<p>Regulaarne kontroll aitab avastada v\u00f5imalikke probleeme enne, kui need s\u00fcvenevad.<\/p>\n<\/li>\n<li>\n<h3>\u00d5ige m\u00e4\u00e4rimine<\/h3>\n<p>N\u00f5uetekohane m\u00e4\u00e4rimine aitab v\u00e4ltida kulumist ja pikendada silindri eluiga.<\/p>\n<\/li>\n<li>\n<h3>Tihendi vahetamine<\/h3>\n<p>Optimaalse tihendustulemuse tagamiseks on vaja tihendeid sageli vahetada. <\/p>\n<\/li>\n<li>\n<h3>\u00d5ige paigaldamine ja reguleerimine<\/h3>\n<p>Silindri \u00f5ige paigaldamine ja reguleerimine on selle pikaealisuse ja vastupidavuse jaoks \u00fclioluline. <\/p>\n<\/li>\n<\/ul>\n<p><img decoding=\"async\" src=\"https:\/\/www.hydraulic-cylinders.net\/wp-content\/uploads\/2025\/01\/songte-chushion-collar.webp\" alt=\"\u00c4mbrisilindri paigalduspilt\"><\/p>\n<h2>Ohutuskaalutlused ja keskkonnategurid<\/h2>\n<p>Kopasilindrite kasutamisel tuleb j\u00e4rgida ohutusmeetmeid, et v\u00e4ltida vigastusi ja seadmete kahjustamist. Samuti tuleb arvestada keskkonnateguritega, nagu temperatuur, niiskus ja tolm, ning nendega optimaalse j\u00f5udluse ja pikaealisuse s\u00e4ilitamiseks tegeleda. <\/p>\n<h2>Rikete diagnoosimine ja t\u00f5rkeotsing<\/h2>\n<p>M\u00f5ned levinud kopasilindrite probleemid on \u00f5lileke, ebapiisav r\u00f5hk ja halb tihendusv\u00f5ime. \u00d5ige diagnoosimine ja t\u00f5rkeotsing aitavad probleeme t\u00f5husalt ja tulemuslikult lahendada. Regulaarne hooldus ja kontroll aitavad selliseid probleeme v\u00e4ltida.<\/p>\n<p><img decoding=\"async\" src=\"https:\/\/www.hydraulic-cylinders.net\/wp-content\/uploads\/2025\/01\/songte-bushings-with-all-kinds-of-excavator-models.webp\" alt=\"Kopa silindri probleemide pilt\"><\/p>\n<h2>Meie ettev\u00f5ttest<\/h2>\n<p>Oleme h\u00fcdrauliliste silindrite tootja, mis suudavad asendada originaalsilindreid. Meie ettev\u00f5ttel on t\u00e4ielik tootevalik ning oleme \u00fcks juhtivaid h\u00fcdrauliliste silindrite tootjaid ja hulgim\u00fc\u00fcjaid nii sise- kui ka rahvusvahelisel turul. Peame kinni tippkvaliteedist, tugineme peentootmist\u00f6\u00f6kodade t\u00f6\u00f6stusliku tootmise juhtimise strateegiatele ning t\u00e4iustame pidevalt tootmisplatvormi ja t\u00f6\u00f6koja tootmiskvaliteeti, kasutades tehnilisi oskusi, digitaalseid tipptasemel tootmisseadmeid ja professionaalseid testimiss\u00fcsteeme. Meil \u200b\u200bon tugev loominguline v\u00f5imekus, vastame klientide mitmekesistele n\u00f5udmistele t\u00f5hususe, t\u00e4psuse ja k\u00f5rgete kvaliteedip\u00f5him\u00f5tetega. <\/p>\n<p><img decoding=\"async\" src=\"https:\/\/hzpt.com\/wp-content\/uploads\/2024\/11\/songte-company-1.webp\" alt=\"Ettev\u00f5tte kuvand\"><\/p>\n<h3>Eriala<\/h3>\n<p>Oleme spetsialiseerunud h\u00fcdrauliliste silindrite tootmisele, mis suudavad asendada originaalsilindreid.<\/p>\n<h3>Rahvusvaheline sertifitseerimine<\/h3>\n<p>Meie tooted on l\u00e4binud ISO9001, CE ja muud rahvusvahelised sertifikaadid, mis tagab nende kvaliteedi ja t\u00f6\u00f6kindluse. <\/p>\n<h3>Kohandamise teenus<\/h3>\n<p>Meie ettev\u00f5te pakub kohandatud teenuseid, et rahuldada klientide erivajadusi.<\/p>\n<h3>Tootmisseadmed<\/h3>\n<p>Meie t\u00f6\u00f6koda on varustatud t\u00e4iustatud arvutiga juhitavate treipinkide, CNC-t\u00f6\u00f6tluskeskuste ja muude \u00fclit\u00e4psete seadmetega, et tagada meie toodete kvaliteet ja t\u00e4psus. <\/p>\n<h3>M\u00fc\u00fcgij\u00e4rgne teenindus<\/h3>\n<p>Pakume klientidele suurep\u00e4rast m\u00fc\u00fcgij\u00e4rgset teenindust, sealhulgas toodete hooldust, remonti ja asendusteenuseid.<\/p>\n<h4>Autor: lyl<\/h4>","protected":false},"excerpt":{"rendered":"<p>Bucket Cylinder For Sumitomo Middle Excavator SH240-5LR Introduction A bucket cylinder is a specially designed hydraulic cylinder used to control the movement of the bucket in heavy machinery such as excavators, backhoe loaders, and front-end loaders. Its main function is to enable lifting, lowering and tilting of the bucket, thus facilitating various material handling tasks. [&hellip;]<\/p>","protected":false},"featured_media":14789,"comment_status":"open","ping_status":"closed","template":"","meta":{"_et_pb_use_builder":"","_et_pb_old_content":"","_et_gb_content_width":""},"product_brand":[],"product_cat":[1494],"product_tag":[1495,1496],"class_list":{"0":"post-15177","1":"product","2":"type-product","3":"status-publish","4":"has-post-thumbnail","6":"product_cat-bucket-cylinders","7":"product_tag-bucket-cylinders","8":"product_tag-hydraulic-cylinders","10":"first","11":"instock","12":"shipping-taxable","13":"product-type-simple"},"amp_enabled":true,"_links":{"self":[{"href":"https:\/\/www.hydraulic-cylinders.net\/et\/wp-json\/wp\/v2\/product\/15177","targetHints":{"allow":["GET"]}}],"collection":[{"href":"https:\/\/www.hydraulic-cylinders.net\/et\/wp-json\/wp\/v2\/product"}],"about":[{"href":"https:\/\/www.hydraulic-cylinders.net\/et\/wp-json\/wp\/v2\/types\/product"}],"replies":[{"embeddable":true,"href":"https:\/\/www.hydraulic-cylinders.net\/et\/wp-json\/wp\/v2\/comments?post=15177"}],"wp:featuredmedia":[{"embeddable":true,"href":"https:\/\/www.hydraulic-cylinders.net\/et\/wp-json\/wp\/v2\/media\/14789"}],"wp:attachment":[{"href":"https:\/\/www.hydraulic-cylinders.net\/et\/wp-json\/wp\/v2\/media?parent=15177"}],"wp:term":[{"taxonomy":"product_brand","embeddable":true,"href":"https:\/\/www.hydraulic-cylinders.net\/et\/wp-json\/wp\/v2\/product_brand?post=15177"},{"taxonomy":"product_cat","embeddable":true,"href":"https:\/\/www.hydraulic-cylinders.net\/et\/wp-json\/wp\/v2\/product_cat?post=15177"},{"taxonomy":"product_tag","embeddable":true,"href":"https:\/\/www.hydraulic-cylinders.net\/et\/wp-json\/wp\/v2\/product_tag?post=15177"}],"curies":[{"name":"wp","href":"https:\/\/api.w.org\/{rel}","templated":true}]}}