{"id":15178,"date":"2025-01-19T14:12:13","date_gmt":"2025-01-19T14:12:13","guid":{"rendered":"https:\/\/www.hydraulic-cylinders.net\/product\/bucket-cylinder-for-sumitomo-middle-excavator-ls430fj2\/"},"modified":"2025-01-19T14:12:15","modified_gmt":"2025-01-19T14:12:15","slug":"bucket-cylinder-for-sumitomo-middle-excavator-ls430fj2","status":"publish","type":"product","link":"https:\/\/www.hydraulic-cylinders.net\/et\/toode\/bucket-cylinder-for-sumitomo-middle-excavator-ls430fj2\/","title":{"rendered":"Sumitomo keskmise ekskavaatori LS430FJ2 kopa silinder"},"content":{"rendered":"<p><!DOCTYPE html><br \/>\n<html><br \/>\n<head><br \/>\n<title>Sumitomo keskmise ekskavaatori LS430FJ2 kopa silinder<\/title><br \/>\n<\/head><br \/>\n<body><\/p>\n<h1>Sumitomo keskmise ekskavaatori LS430FJ2 kopa silinder<\/h1>\n<h2>Sissejuhatus<\/h2>\n<p>Kopa silinder on spetsiaalselt konstrueeritud h\u00fcdrauliline silinder, mida kasutatakse kopa liikumise juhtimiseks rasketes masinates, n\u00e4iteks ekskavaatorites, laadur-ekskavaatorites ja esilaadurites. Selle peamine \u00fclesanne on v\u00f5imaldada kopa t\u00f5stmist, langetamist ja kallutamist, muutes selle lihtsamaks mitmesuguste materjalik\u00e4itlust\u00f6\u00f6de jaoks. H\u00fcdraulilises s\u00fcsteemis saavutab kopa silinder kopa t\u00e4pse juhtimise, kasutades \u00e4ra h\u00fcdraulika\u00f5li r\u00f5humuutusi, v\u00f5imaldades operaatoritel t\u00f5husalt k\u00e4sitseda raskeid koormaid ning kohaneda keerukate t\u00f6\u00f6keskkondade ja mitmekesiste t\u00f6\u00f6n\u00f5uetega.<\/p>\n<p><img decoding=\"async\" src=\"https:\/\/www.hydraulic-cylinders.net\/wp-content\/uploads\/2025\/01\/songte-company-2.webp\"><\/p>\n<h2>Omadused<\/h2>\n<ul>\n<li>Suur tugevus ja vastupidavus: Tavaliselt valmistatud \u00fclitugevast terasest v\u00f5i alumiiniumist, talub see k\u00f5rget r\u00f5hku ja suuri koormusi, kohandudes karmide t\u00f6\u00f6keskkondadega. Projekteerimisel on arvesse v\u00f5etud kulumiskindlust ja korrosioonikindlust, pikendades selle eluiga.<\/li>\n<li>T\u00f5hus h\u00fcdrauliline t\u00f6\u00f6: H\u00fcdraulika\u00f5li r\u00f5hku kasutades saavutab see sujuvad pikendus- ja tagasit\u00f5mbamisliigutused, v\u00f5imaldades kiiret reageerimist juhtimisk\u00e4sklustele ning tugevat t\u00f5uke- ja t\u00f5mbej\u00f5udu, mis sobib raskete koormate ja keerukate \u00fclesannete k\u00e4sitsemiseks.<\/li>\n<li>Erinevad t\u00fc\u00fcbid: Kopasilindrit saab valida vastavalt vajadustele \u00fchetoimelisena (h\u00fcdrauliline ainult \u00fches suunas) v\u00f5i kahetoimelisena (h\u00fcdrauliline m\u00f5lemas suunas), mis vastab erinevatele t\u00f6\u00f6tingimustele. M\u00f5ned mudelid on teleskoopilised, v\u00f5imaldades suuremat pikendamist ilma v\u00e4lism\u00f5\u00f5tmeid suurendamata, mis sobib ideaalselt piiratud ruumiga rakenduste jaoks.<\/li>\n<li>T\u00e4iuslik asendus: Meie tooted suudavad neid h\u00fcdrosilindreid ideaalselt asendada. <\/li>\n<\/ul>\n<p><img decoding=\"async\" src=\"https:\/\/www.hydraulic-cylinders.net\/wp-content\/uploads\/2025\/01\/songte-cylinder-head-with-all-kinds-excavator-models.webp\"><\/p>\n<h2>Rakendused<\/h2>\n<p>Kopasilindrit kasutatakse laialdaselt erinevates seadmetes, sealhulgas:<\/p>\n<ul>\n<li>Ehitustehnika: Neid leidub ekskavaatorites ning need on olulised kaevamiseks, laadimiseks ja pinnase v\u00f5i prahi teisaldamiseks. Ekskavaatorlaadurites abistab kopa silinder nii kaevamisel kui ka t\u00f5stmisel.<\/li>\n<li>P\u00f5llumajandusmasinad: Kasutatakse esilaadurites mulla, heina ja muude materjalide k\u00fchveldamiseks, t\u00f5stmiseks ja transportimiseks.<\/li>\n<li>Ekskavaatorid: Kopa silinder v\u00f5imaldab kaevamist, lastes kopal pinnasesse tungida.<\/li>\n<li>Laadurid: Esilaadurites aitavad need kaupu t\u00f5husalt t\u00f5sta ja maha visata.<\/li>\n<\/ul>\n<p>Iga rakendust selgitatakse allpool l\u00e4hemalt:<\/p>\n<p>Ehitusmasinad: Ekskavaatorites m\u00e4ngivad need olulist rolli kaevamisel, laadimisel ja pinnase v\u00f5i prahi teisaldamisel. Ekskavaator-laadurites abistab kopa silinder nii kaevamisel kui ka t\u00f5stmisel.<\/p>\n<p>P\u00f5llumajandusmasinad: Kopasilindrit kasutatakse esilaadurites mulla, heina ja muude materjalide k\u00fchveldamiseks, t\u00f5stmiseks ja transportimiseks.<\/p>\n<p>Ekskavaatorid: Kopa silinder v\u00f5imaldab kaevamistoiminguid, v\u00f5imaldades kopal pinnasesse tungida.<\/p>\n<p>Laadurid: Esilaadurites aitavad need kaupu t\u00f5husalt t\u00f5sta ja maha visata.<\/p>\n<h2>Projekteerimiskaalutlused ja valikukriteeriumid<\/h2>\n<p>Silindriploki konstruktsiooni ja valikukriteeriumide osas tuleks arvesse v\u00f5tta mitmeid tegureid:<\/p>\n<ul>\n<li>Kandev\u00f5ime: Kopa silinder peaks suutma taluda maksimaalset koormust, millega see t\u00f6\u00f6tamise ajal kokku puutub.<\/li>\n<li>Tihendus: Lekete v\u00e4ltimiseks ja silindri n\u00f5uetekohase toimimise tagamiseks kasutatakse mitmesuguseid tihenduskomponente, n\u00e4iteks kolvitihendeid ja vardatihendeid.<\/li>\n<li>Vastupidavus: Kopa silinder peaks olema konstrueeritud nii, et see taluks eeldatavaid t\u00f6\u00f6tingimusi ja oleks pika kasutuseaga.<\/li>\n<li>Ohutus: \u00dcler\u00f5hu v\u00e4ltimiseks tuleks paigaldada ohutusfunktsioonid, n\u00e4iteks \u00fcler\u00f5huventiilid.<\/li>\n<li>Hooldatavus: Seisakuaja minimeerimiseks on oluline lihtne juurdep\u00e4\u00e4s hoolduseks ja remondiks.<\/li>\n<\/ul>\n<p><img decoding=\"async\" src=\"https:\/\/www.hydraulic-cylinders.net\/wp-content\/uploads\/2025\/01\/songte-oil-pipes-and-spare-parts.webp\"><\/p>\n<h2>Tihendus ja m\u00e4\u00e4rimine<\/h2>\n<p>Kopasilindris kasutatakse mitmesuguseid tihenduskomponente, n\u00e4iteks kolvitihendeid ja vardatihendeid, mis on valmistatud kulumiskindlatest materjalidest, n\u00e4iteks pol\u00fcuretaanist ja nitriilkummist. Silindri korpus ja keermestatud otsapinnad on kulumiskindluse parandamiseks peenelt t\u00f6\u00f6deldud. Sujuva t\u00f6\u00f6 tagamiseks on vajalik regulaarne m\u00e4\u00e4rimine sobiva koguse h\u00fcdraulika\u00f5liga.<\/p>\n<h2>Regulaarne kontroll ja ennetav hooldus<\/h2>\n<p>Kopasilindri optimaalse j\u00f5udluse s\u00e4ilitamiseks on soovitatav regulaarne kontroll ja ennetav hooldus. Tuleks v\u00f5tta j\u00e4rgmised meetmed:<\/p>\n<ul>\n<li>Ballooni regulaarne kontroll kulumise, kahjustuste v\u00f5i lekete suhtes.<\/li>\n<li>K\u00f5ikide liikuvate osade n\u00f5uetekohane m\u00e4\u00e4rimine tagab sujuva t\u00f6\u00f6.<\/li>\n<li>Kulunud v\u00f5i kahjustatud tihendite \u00f5igeaegne v\u00e4ljavahetamine lekete v\u00e4ltimiseks ja n\u00f5uetekohase tihenduse tagamiseks.<\/li>\n<li>Kalibreerimiskontrollid t\u00e4pse t\u00f6\u00f6 tagamiseks.<\/li>\n<\/ul>\n<h2>\u00d5ige toote paigaldusjuhend<\/h2>\n<p>Kopasilindri optimaalse j\u00f5udluse ja pikaealisuse tagamiseks on \u00f5ige paigaldamine \u00fclioluline. J\u00e4rgida tuleks j\u00e4rgmisi samme:<\/p>\n<ul>\n<li>Paigaldamise ajal veenduge silindri \u00f5iges asendis.<\/li>\n<li>Kasutage silindri kinnitamiseks sobivaid kinnitusklambreid.<\/li>\n<li>J\u00e4rgige soovitatud kontrolli-, remondi- ja asendusprotseduure.<\/li>\n<li>Pakkuda kopasilindri eluea pikendamiseks taastamisteenuseid ja varuosi.<\/li>\n<\/ul>\n<p><img decoding=\"async\" src=\"https:\/\/www.hydraulic-cylinders.net\/wp-content\/uploads\/2025\/01\/songte-chushion-collar.webp\"><\/p>\n<h2>Ohutuskaalutlused ja keskkonnategurid<\/h2>\n<p>\u00c4mbriballooni kasutamisel on oluline \u00f5nnetuste v\u00e4ltimiseks seada esikohale ohutusmeetmed. Ballooni n\u00f5uetekohase toimimise ja pikaealisuse tagamiseks tuleks arvestada ka keskkonnateguritega, nagu temperatuur ja niiskus.<\/p>\n<h2>Veaotsing ja levinud probleemid<\/h2>\n<p>Kui kopasilindriga peaks tekkima probleeme, aitavad j\u00e4rgmised t\u00f5rkeotsingu n\u00e4pun\u00e4ited ja lahendused probleeme t\u00f5husalt diagnoosida ja lahendada. V\u00f5imalike probleemide minimeerimiseks tuleks v\u00f5tta ettevaatusabin\u00f5usid.<\/p>\n<p><img decoding=\"async\" src=\"https:\/\/www.hydraulic-cylinders.net\/wp-content\/uploads\/2025\/01\/songte-bushings-with-all-kinds-of-excavator-models.webp\"><\/p>\n<h2>Ettev\u00f5tte \u00fclevaade<\/h2>\n<p>Oleme asendush\u00fcdrauliliste silindrite tootja ja meil on lai tootevalik. Oleme saanud \u00fcheks juhtivaks h\u00fcdrosilindrite tootjaks ja hulgim\u00fc\u00fcjaks nii sise- kui ka rahvusvahelisel turul. Meie peenelt varustatud tootmist\u00f6\u00f6kojas j\u00e4rgime suurep\u00e4rase kvaliteedi p\u00f5him\u00f5tteid ja tugineme t\u00f6\u00f6stusliku tootmise juhtimise strateegiatele. Oma tehniliste ekspertide meeskonna, tipptasemel tootmisseadmete ja professionaalsete testimiss\u00fcsteemide abil t\u00e4iustame pidevalt oma tootmisplatvormi ja tootekvaliteedi tootmisprotsessi. Meil \u200b\u200bon tugevad uuenduslikud v\u00f5imed ja meie eesm\u00e4rk on rahuldada oma klientide mitmekesiseid vajadusi suure efektiivsuse, suure t\u00e4psuse ja kvaliteetsete toodetega.<\/p>\n<p><img decoding=\"async\" src=\"https:\/\/hzpt.com\/wp-content\/uploads\/2024\/11\/songte-company-1.webp\"><\/p>\n<h2>Ettev\u00f5tte andmed<\/h2>\n<p>Meie ettev\u00f5te paistab turul silma j\u00e4rgmiste omaduste poolest:<\/p>\n<ul>\n<li>Professionaalsus: Meil \u200b\u200bon ekspertide meeskond, kes tagab k\u00f5rgeima professionaalsuse taseme k\u00f5igis meie tegevustes.<\/li>\n<li>Rahvusvahelised sertifikaadid: Meie tooted vastavad rahvusvahelistele kvaliteedi- ja ohutusstandarditele, tagades usaldusv\u00e4\u00e4rsuse ja klientide rahulolu.<\/li>\n<li>Kohandamise teenused: Pakume kohandamise teenuseid, et rahuldada klientide konkreetseid n\u00f5udeid.<\/li>\n<li>Tootmisseadmed: Meie tootmis\u00fcksus on varustatud t\u00e4iustatud masinatega, et tagada t\u00e4pne ja t\u00f5hus tootmine.<\/li>\n<li>M\u00fc\u00fcgij\u00e4rgne teenindus: Pakume igak\u00fclgset m\u00fc\u00fcgij\u00e4rgset teenindust, tagades klienditoe ja rahulolu.<\/li>\n<\/ul>\n<p><img decoding=\"async\" src=\"https:\/\/www.hydraulic-cylinders.net\/wp-content\/uploads\/2025\/01\/songte-company-3.webp\"><\/p>\n<p>Autor: lyl<\/p>\n<p><\/body><br \/>\n<\/html><\/p>","protected":false},"excerpt":{"rendered":"<p>Bucket Cylinder For Sumitomo Middle Excavator LS430FJ2 Bucket Cylinder For Sumitomo Middle Excavator LS430FJ2 Introduction The bucket cylinder is a specially designed hydraulic cylinder used to control the movement of the bucket in heavy machinery such as excavators, backhoe loaders, and front-end loaders. Its main function is to enable the lifting, lowering, and tilting of [&hellip;]<\/p>","protected":false},"featured_media":14788,"comment_status":"open","ping_status":"closed","template":"","meta":{"_et_pb_use_builder":"","_et_pb_old_content":"","_et_gb_content_width":""},"product_brand":[],"product_cat":[1494],"product_tag":[1495,1496],"class_list":{"0":"post-15178","1":"product","2":"type-product","3":"status-publish","4":"has-post-thumbnail","6":"product_cat-bucket-cylinders","7":"product_tag-bucket-cylinders","8":"product_tag-hydraulic-cylinders","10":"first","11":"instock","12":"shipping-taxable","13":"product-type-simple"},"amp_enabled":true,"_links":{"self":[{"href":"https:\/\/www.hydraulic-cylinders.net\/et\/wp-json\/wp\/v2\/product\/15178","targetHints":{"allow":["GET"]}}],"collection":[{"href":"https:\/\/www.hydraulic-cylinders.net\/et\/wp-json\/wp\/v2\/product"}],"about":[{"href":"https:\/\/www.hydraulic-cylinders.net\/et\/wp-json\/wp\/v2\/types\/product"}],"replies":[{"embeddable":true,"href":"https:\/\/www.hydraulic-cylinders.net\/et\/wp-json\/wp\/v2\/comments?post=15178"}],"wp:featuredmedia":[{"embeddable":true,"href":"https:\/\/www.hydraulic-cylinders.net\/et\/wp-json\/wp\/v2\/media\/14788"}],"wp:attachment":[{"href":"https:\/\/www.hydraulic-cylinders.net\/et\/wp-json\/wp\/v2\/media?parent=15178"}],"wp:term":[{"taxonomy":"product_brand","embeddable":true,"href":"https:\/\/www.hydraulic-cylinders.net\/et\/wp-json\/wp\/v2\/product_brand?post=15178"},{"taxonomy":"product_cat","embeddable":true,"href":"https:\/\/www.hydraulic-cylinders.net\/et\/wp-json\/wp\/v2\/product_cat?post=15178"},{"taxonomy":"product_tag","embeddable":true,"href":"https:\/\/www.hydraulic-cylinders.net\/et\/wp-json\/wp\/v2\/product_tag?post=15178"}],"curies":[{"name":"wp","href":"https:\/\/api.w.org\/{rel}","templated":true}]}}