{"id":15179,"date":"2025-01-19T14:12:17","date_gmt":"2025-01-19T14:12:17","guid":{"rendered":"https:\/\/www.hydraulic-cylinders.net\/product\/bucket-cylinder-for-sumitomo-middle-excavator-sh200-3g\/"},"modified":"2025-01-19T14:12:19","modified_gmt":"2025-01-19T14:12:19","slug":"bucket-cylinder-for-sumitomo-middle-excavator-sh200-3g","status":"publish","type":"product","link":"https:\/\/www.hydraulic-cylinders.net\/et\/toode\/bucket-cylinder-for-sumitomo-middle-excavator-sh200-3g\/","title":{"rendered":"Kopa silinder Sumitomo keskmise ekskavaatori SH200-3G jaoks"},"content":{"rendered":"<h1>Kopa silinder Sumitomo keskmise ekskavaatori SH200-3G jaoks<\/h1>\n<h2>Sissejuhatus<\/h2>\n<p>Sumitomo keskmise ekskavaatori SH200-3G kopa silinder on spetsiaalne h\u00fcdrauliline silinder, mida kasutatakse peamiselt kopa liikumise juhtimiseks rasketes masinates, n\u00e4iteks ekskavaatorites, laadur-ekskavaatorites ja esilaadurites. Selle peamine \u00fclesanne on v\u00f5imaldada kopa t\u00f5stmist, langetamist ja kallutamist, muutes erinevate materjalide k\u00e4sitsemise lihtsamaks. H\u00fcdraulikas\u00fcsteemis kasutab kopa silinder h\u00fcdraulika\u00f5li r\u00f5hu muutusi, et saavutada kopa t\u00e4pne juhtimine, v\u00f5imaldades operaatoritel raskeid koormaid t\u00f5husalt k\u00e4sitseda ning kohaneda keerukate t\u00f6\u00f6keskkondade ja mitmekesiste t\u00f6\u00f6n\u00f5uetega.<\/p>\n<p><img decoding=\"async\" src=\"https:\/\/www.hydraulic-cylinders.net\/wp-content\/uploads\/2025\/01\/songte-company-2.webp\" alt=\"\u00c4mbri silindri pilt\"><\/p>\n<h3>Omadused<\/h3>\n<ul>\n<li><strong>Suur tugevus ja vastupidavus:<\/strong> Tavaliselt valmistatud \u00fclitugevast terasest v\u00f5i alumiiniumist, see talub k\u00f5rget r\u00f5hku ja suuri koormusi, kohaneb karmide t\u00f6\u00f6keskkondadega ning arvestab konstruktsioonis kulumiskindluse ja korrosioonikindlusega, et pikendada kasutusiga.<\/li>\n<li><strong>T\u00f5hus h\u00fcdrauliline t\u00f6\u00f6:<\/strong> Kasutades h\u00fcdraulika\u00f5li r\u00f5hku sujuva paisumise ja kokkut\u00f5mbumise saavutamiseks, reageerib see kiiresti t\u00f6\u00f6k\u00e4skudele, pakub v\u00f5imsat t\u00f5uke- ja t\u00f5mbej\u00f5udu ning sobib raskete koormate ja keerukate t\u00f6\u00f6\u00fclesannete k\u00e4sitsemiseks.<\/li>\n<li><strong>Mitu t\u00fc\u00fcpi:<\/strong> Silinder v\u00f5ib olla \u00fchetoimeline (h\u00fcdraulikat kasutatakse ainult \u00fches suunas) v\u00f5i kahetoimeline (h\u00fcdraulikat kasutatakse kahes suunas) silinder vastavalt erinevatele t\u00f6\u00f6vajadustele. M\u00f5ned mudelid on teleskoopilised, mis v\u00f5imaldab suuremat pikendamist ilma v\u00e4lism\u00f5\u00f5tmeid suurendamata, sobides piiratud ruumiga rakenduste jaoks.<\/li>\n<li><strong>Tootmine:<\/strong> Meie ettev\u00f5te saab seda toodet toota ja meie tooted saavad neid h\u00fcdrosilindreid ideaalselt asendada.<\/li>\n<\/ul>\n<p><img decoding=\"async\" src=\"https:\/\/www.hydraulic-cylinders.net\/wp-content\/uploads\/2025\/01\/songte-cylinder-head-with-all-kinds-excavator-models.webp\" alt=\"Toote pilt\"><\/p>\n<h2>Rakendused<\/h2>\n<p>Sumitomo keskmise ekskavaatori SH200-3G kopasilindrit saab kasutada erinevates rakendustes, n\u00e4iteks:<\/p>\n<ul>\n<li><strong>Ehitustehnika:<\/strong> Ekskavaatorites on need olulised kaevamisel, laadimisel ja pinnase v\u00f5i prahi teisaldamisel. Ekskavaatorites aitab kopa silinder nii kaevamisel kui ka t\u00f5stmisel. <\/li>\n<li><strong>P\u00f5llumajandustehnika:<\/strong> Kasutatakse esilaadurites mulla, heina ja muude materjalide kopeerimiseks, t\u00f5stmiseks ja transportimiseks. <\/li>\n<li><strong>Ekskavaatorid:<\/strong> Kopa silinder saavutab kaevamistoimingu, v\u00f5imaldades kopal pinnasesse tungida. <\/li>\n<li><strong>Laadurid:<\/strong> Esilaadurites aitavad need lasti t\u00f5husalt t\u00f5sta ja kallutada. <\/li>\n<\/ul>\n<h2>Projekteerimiskaalutlused ja valikukriteeriumid<\/h2>\n<p>Sumitomo keskmise ekskavaatori SH200-3G kopasilindri projekteerimiskaalutlused h\u00f5lmavad j\u00e4rgmist:<\/p>\n<ul>\n<li><strong>Kandev\u00f5ime:<\/strong> Silindril peab olema piisav tugevus, et taluda koormusi, millega see rakenduse ajal kokku puutub.<\/li>\n<li><strong>Tihendus:<\/strong> H\u00fcdraulikavedeliku silindrist lekke v\u00e4ltimiseks kasutatakse mitmesuguseid tihendeid, n\u00e4iteks kolvitihendeid ja vardatihendeid.<\/li>\n<li><strong>Vastupidavus:<\/strong> Ballooni konstruktsioon peaks olema kulumis- ja korrosioonikindel, mida saab saavutada hoolika materjalivaliku, pinnat\u00f6\u00f6tluse ja muude tehnikate abil. <\/li>\n<li><strong>Ohutus:<\/strong> Balloon peab olema konstrueeritud ohutust silmas pidades, n\u00e4iteks \u00fclekoormuse v\u00e4ltimiseks m\u00f5eldud \u00fcler\u00f5huventiilide ja t\u00f6\u00f6tajate kaitsmiseks m\u00f5eldud kaitsekatetega. <\/li>\n<li><strong>Hooldus:<\/strong> Silinder peab olema konstrueeritud h\u00f5lpsaks hooldamiseks, millel on sellised omadused nagu kergesti ligip\u00e4\u00e4setavad komponendid ja standardsed liitmikud tihendite ja muude osade vahetamise h\u00f5lbustamiseks.<\/li>\n<\/ul>\n<p><img decoding=\"async\" src=\"https:\/\/www.hydraulic-cylinders.net\/wp-content\/uploads\/2025\/01\/songte-oil-pipes-and-spare-parts.webp\" alt=\"H\u00fcdraulilise silindri osade pilt\"><\/p>\n<h2>Tihendus ja m\u00e4\u00e4rimine<\/h2>\n<p>Sumitomo keskmise ekskavaatori SH200-3G kopasilindris kasutatakse mitmesuguseid tihendeid, n\u00e4iteks kolvitihendeid ja vardatihendeid, mis on valmistatud kulumiskindlatest materjalidest, n\u00e4iteks pol\u00fcuretaanist ja nitriilkummist, et v\u00e4ltida h\u00fcdraulikavedeliku lekkimist silindrist. Silindri korpus ja keermestatud otsapind on t\u00e4pselt t\u00f6\u00f6deldud, et parandada kulumiskindlust. Silindri sujuva t\u00f6\u00f6 tagamiseks on vaja regulaarselt lisada sobivat kogust h\u00fcdraulika\u00f5li m\u00e4\u00e4rimiseks.<\/p>\n<h2>Hooldus ja remont<\/h2>\n<p>Kopasilindri pikaealisuse tagamiseks on oluline regulaarne hooldus ja remont. J\u00e4rgnevalt on toodud m\u00f5ned levinumad hooldust\u00f6\u00f6d:<\/p>\n<ul>\n<li>Regulaarne kontroll <\/li>\n<li>\u00d5ige m\u00e4\u00e4rimine <\/li>\n<li>Tihendi vahetamine <\/li>\n<li>Kalibreerimiskontrollid <\/li>\n<\/ul>\n<p>Paigaldamise ajal on oluline silinder \u00f5igesti joondada ja kinnitamiseks kasutada sobivaid kinnitusklambreid. Kopasilindri eluea pikendamiseks soovitame kasutada meie soovitatud kontrolli-, remondi- ja vahetusprotseduure. Pakume ka varuosi ja taastamisteenuseid.<\/p>\n<p><img decoding=\"async\" src=\"https:\/\/www.hydraulic-cylinders.net\/wp-content\/uploads\/2025\/01\/songte-chushion-collar.webp\" alt=\"H\u00fcdraulilise silindri osade pilt\"><\/p>\n<h2>Ohutus- ja keskkonnakaalutlused<\/h2>\n<p>Sumitomo keskmise ekskavaatori SH200-3G kopasilindri kasutamisel on oluline j\u00e4rgida asjakohaseid ohutusmeetmeid. N\u00f5uetekohase paigaldamise, regulaarse kontrolli ja hoolduse tagamine aitab v\u00e4ltida v\u00f5imalikke t\u00f6\u00f6riske. H\u00fcdrauliliste vedelike ja muude ohtlike j\u00e4\u00e4tmete n\u00f5uetekohane k\u00f5rvaldamine on vajalik negatiivse keskkonnam\u00f5ju minimeerimiseks.<\/p>\n<h2> Veaotsing ja levinud probleemid<\/h2>\n<p>Sumitomo keskmise kaarega ekskavaatori SH200-3G kopasilindrite levinumad probleemid on \u00f5lileke, ebapiisav v\u00f5i eba\u00fchtlane j\u00f5ud ja ebanormaalne m\u00fcra. Neid probleeme saab sageli lahendada tihendite ja h\u00fcdraulikavedeliku taseme kontrollimise ning vigaste osade v\u00e4ljavahetamisega. Edasiste probleemide v\u00e4ltimiseks soovitame regulaarset hooldust ja \u00fclevaatust. <\/p>\n<p><img decoding=\"async\" src=\"https:\/\/www.hydraulic-cylinders.net\/wp-content\/uploads\/2025\/01\/songte-bushings-with-all-kinds-of-excavator-models.webp\" alt=\"H\u00fcdraulilise silindri osade pilt\"><\/p>\n<h2>Meie ettev\u00f5ttest<\/h2>\n<p>Oleme asendush\u00fcdrauliliste silindrite tootja. Meie ettev\u00f5te toodab laia tootevalikut ja on saanud \u00fcheks juhtivaks h\u00fcdrosilindrite tootjaks ja hulgim\u00fc\u00fcjaks nii sise- kui ka rahvusvahelistel turgudel. J\u00e4rgime suurep\u00e4rase kvaliteedi strateegiat, tuginedes peentootmist\u00f6\u00f6kodade industrialiseeritud tootmisjuhtimisele, t\u00f6\u00f6kodade pidevale t\u00e4iustamisele ja t\u00e4iuslikele tootmiskvaliteedi liinidele. Meil \u200b\u200bon tugevad loomingulised v\u00f5imed ning kasutame klientide mitmekesiste vajaduste rahuldamiseks suure t\u00f5hususega, suure t\u00e4psusega ja k\u00f5rge kvaliteediga p\u00f5him\u00f5tteid. <\/p>\n<h3>Professionaalsus<\/h3>\n<p>Meie professionaalide meeskond on keskendunud kvaliteetsete toodete ja teenuste pakkumisele oma klientidele ning p\u00fc\u00fcame s\u00e4ilitada oma positsiooni h\u00fcdrosilindrite juhtiva tootjana, t\u00e4iustades ja uuendades pidevalt oma tooteid.<\/p>\n<h3>Rahvusvaheline sertifitseerimine<\/h3>\n<p>Meie tooted on saanud rahvusvahelised sertifikaadid nagu ISO ja CE, mis tagavad meie toodete vastavuse rahvusvahelistele kvaliteedistandarditele ja eeskirjadele.<\/p>\n<h3>Kohandamise teenused<\/h3>\n<p>Pakume klientide erivajaduste rahuldamiseks kohandamisteenuseid, pakkudes ainulaadsete projektide n\u00f5uete t\u00e4itmiseks kohandatud lahendusi.<\/p>\n<h3>Tootmisseadmed<\/h3>\n<p>Oma toodete valmistamiseks kasutame t\u00e4iustatud tootmisseadmeid, mis tagavad k\u00f5rge t\u00e4psuse, kvaliteedi ja efektiivsuse. <\/p>\n<h3>M\u00fc\u00fcgij\u00e4rgne teenindus<\/h3>\n<p>Pakume t\u00f5husaid ja igak\u00fclgseid m\u00fc\u00fcgij\u00e4rgseid teenuseid, sh tehnilist tuge ja varuosi, et tagada meie klientidele meie toodete maksimaalne kasutamine.<\/p>\n<p><img decoding=\"async\" src=\"https:\/\/hzpt.com\/wp-content\/uploads\/2024\/11\/songte-company-1.webp\" alt=\"\u00c4mbri silindri pilt\"><\/p>\n<p>Autor: lyl<\/p>","protected":false},"excerpt":{"rendered":"<p>Bucket Cylinder For Sumitomo Middle Excavator SH200-3G Introduction The bucket cylinder for Sumitomo Middle Excavator SH200-3G is a specialized hydraulic cylinder that is mainly used to control the movement of the bucket in heavy machinery such as excavators, backhoe excavators, and front-end loaders. Its main function is to allow the bucket to be lifted, lowered, [&hellip;]<\/p>","protected":false},"featured_media":14787,"comment_status":"open","ping_status":"closed","template":"","meta":{"_et_pb_use_builder":"","_et_pb_old_content":"","_et_gb_content_width":""},"product_brand":[],"product_cat":[1494],"product_tag":[1495,1496],"class_list":{"0":"post-15179","1":"product","2":"type-product","3":"status-publish","4":"has-post-thumbnail","6":"product_cat-bucket-cylinders","7":"product_tag-bucket-cylinders","8":"product_tag-hydraulic-cylinders","10":"first","11":"instock","12":"shipping-taxable","13":"product-type-simple"},"amp_enabled":true,"_links":{"self":[{"href":"https:\/\/www.hydraulic-cylinders.net\/et\/wp-json\/wp\/v2\/product\/15179","targetHints":{"allow":["GET"]}}],"collection":[{"href":"https:\/\/www.hydraulic-cylinders.net\/et\/wp-json\/wp\/v2\/product"}],"about":[{"href":"https:\/\/www.hydraulic-cylinders.net\/et\/wp-json\/wp\/v2\/types\/product"}],"replies":[{"embeddable":true,"href":"https:\/\/www.hydraulic-cylinders.net\/et\/wp-json\/wp\/v2\/comments?post=15179"}],"wp:featuredmedia":[{"embeddable":true,"href":"https:\/\/www.hydraulic-cylinders.net\/et\/wp-json\/wp\/v2\/media\/14787"}],"wp:attachment":[{"href":"https:\/\/www.hydraulic-cylinders.net\/et\/wp-json\/wp\/v2\/media?parent=15179"}],"wp:term":[{"taxonomy":"product_brand","embeddable":true,"href":"https:\/\/www.hydraulic-cylinders.net\/et\/wp-json\/wp\/v2\/product_brand?post=15179"},{"taxonomy":"product_cat","embeddable":true,"href":"https:\/\/www.hydraulic-cylinders.net\/et\/wp-json\/wp\/v2\/product_cat?post=15179"},{"taxonomy":"product_tag","embeddable":true,"href":"https:\/\/www.hydraulic-cylinders.net\/et\/wp-json\/wp\/v2\/product_tag?post=15179"}],"curies":[{"name":"wp","href":"https:\/\/api.w.org\/{rel}","templated":true}]}}