{"id":15180,"date":"2025-01-19T14:12:21","date_gmt":"2025-01-19T14:12:21","guid":{"rendered":"https:\/\/www.hydraulic-cylinders.net\/product\/bucket-cylinder-for-sumitomo-middle-excavator-sh210lc-5\/"},"modified":"2025-01-19T14:12:23","modified_gmt":"2025-01-19T14:12:23","slug":"bucket-cylinder-for-sumitomo-middle-excavator-sh210lc-5","status":"publish","type":"product","link":"https:\/\/www.hydraulic-cylinders.net\/et\/toode\/bucket-cylinder-for-sumitomo-middle-excavator-sh210lc-5\/","title":{"rendered":"Kopa silinder Sumitomo keskmise ekskavaatori SH210LC-5 jaoks"},"content":{"rendered":"<h1>Kopa silinder Sumitomo keskmise ekskavaatori SH210LC-5 jaoks<\/h1>\n<h2>Sissejuhatus<\/h2>\n<p>Sumitomo keskmise ekskavaatori SH210LC-5 kopa silinder on h\u00fcdrauliline silinder, mis on spetsiaalselt loodud kopa liikumise juhtimiseks rasketes masinates, n\u00e4iteks ekskavaatorites, laadur-ekskavaatorites ja esilaadurites. Selle peamine \u00fclesanne on v\u00f5imaldada kopa liikumist \u00fcles, alla ja kallutamist, muutes mitmesuguste materjalik\u00e4itlust\u00f6\u00f6de tegemise lihtsamaks. H\u00fcdraulikas\u00fcsteemis juhib kopa silinder t\u00e4pselt kopa liikumist h\u00fcdraulika\u00f5li r\u00f5hu muutuste kaudu, v\u00f5imaldades operaatoritel t\u00f5husalt k\u00e4sitseda raskeid koormaid ning kohaneda keerukate t\u00f6\u00f6keskkondade ja mitmekesiste t\u00f6\u00f6vajadustega.<\/p>\n<p><img decoding=\"async\" src=\"https:\/\/www.hydraulic-cylinders.net\/wp-content\/uploads\/2025\/01\/songte-company-2.webp\" alt=\"Kopa silinder Sumitomo keskmise ekskavaatori SH210LC-5 jaoks\"\/><\/p>\n<h2>Omadused<\/h2>\n<ul>\n<li>Suur tugevus ja vastupidavus: tavaliselt valmistatud \u00fclitugevast terasest v\u00f5i alumiiniumist, talub k\u00f5rget r\u00f5hku ja suuri koormusi, sobib karmidesse t\u00f6\u00f6keskkondadesse, on konstrueeritud kulumiskindlust ja korrosioonikindlust silmas pidades, et pikendada kasutusiga.<\/li>\n<li>T\u00f5hus h\u00fcdrauliline t\u00f6\u00f6: h\u00fcdraulika\u00f5li r\u00f5hu kasutamine sujuva pikenemise ja kokkut\u00f5mbumise saavutamiseks, kiire reageerimine juhtimisk\u00e4sklustele, v\u00f5imas t\u00f5uke- ja t\u00f5mbej\u00f5ud, sobib raskete koormate ja keerukate t\u00f6\u00f6\u00fclesannete k\u00e4sitsemiseks.<\/li>\n<li>Erinevad t\u00fc\u00fcbid: vastavalt vajadustele saab valida \u00fchetoimelisi (h\u00fcdrauliliselt ainult \u00fches suunas) v\u00f5i kahetoimelisi (h\u00fcdrauliliselt m\u00f5lemas suunas) silindreid, et need vastaksid erinevatele t\u00f6\u00f6tingimustele. M\u00f5ned mudelid on teleskoopilised, v\u00f5imaldades suuremaid pikendusi ilma v\u00e4lism\u00f5\u00f5tmeid suurendamata, sobides ruumipiirangutega rakenduste jaoks.<\/li>\n<li>Vahetatav: Meie tooted suudavad neid h\u00fcdrosilindreid ideaalselt asendada.<\/li>\n<\/ul>\n<p><img decoding=\"async\" src=\"https:\/\/www.hydraulic-cylinders.net\/wp-content\/uploads\/2025\/01\/songte-cylinder-head-with-all-kinds-excavator-models.webp\" alt=\"Kopa silinder Sumitomo keskmise ekskavaatori SH210LC-5 jaoks\"\/><\/p>\n<h2>Rakendused<\/h2>\n<p>Kopp-silindreid kasutatakse laialdaselt erinevates valdkondades, sealhulgas:<\/p>\n<ul>\n<li>Ehitustehnika: ekskavaatoritel on oluline osa kaevamisel, laadimisel ja pinnase v\u00f5i prahi teisaldamisel. Ekskavaatoritel aitab kopa silinder nii kaevamisel kui ka t\u00f5stmisel. <\/li>\n<li>P\u00f5llumajandusmasinad: Kasutatakse esilaaduritel mulla, heina ja muude materjalide k\u00fchveldamiseks, t\u00f5stmiseks ja transportimiseks. <\/li>\n<li>Ekskavaatorid: Kopa silinder v\u00f5imaldab kaevamist, lastes kopal pinnasesse tungida.<\/li>\n<li>Laadurid: Esilaadurites aitavad need kaupu t\u00f5husalt t\u00f5sta ja t\u00fchjendada.<\/li>\n<\/ul>\n<h2>Projekteerimiskaalutlused ja valikukriteeriumid<\/h2>\n<p>Silindrite projekteerimisel ja valimisel tuleb arvestada mitmete teguritega:<\/p>\n<ul>\n<li>Kandev\u00f5ime: Silinder peab suutma taluda rakenduses n\u00f5utavat koormust ja r\u00f5hku.<\/li>\n<li>Tihendus: H\u00fcdrauliliste vedelike lekke ja saastumise v\u00e4ltimiseks kasutatakse mitmesuguseid tihendeid, n\u00e4iteks kolvitihendeid ja varrastihendeid.<\/li>\n<li>Vastupidavus: Silinder peab vastu pidama karmidele t\u00f6\u00f6tingimustele ning olema kulumis- ja korrosioonikindel, et pikendada selle kasutusiga.<\/li>\n<li>Ohutus: Ballooni n\u00f5uetekohane paigaldamine, kasutamine ja hooldus on ohutu t\u00f6\u00f6 tagamiseks h\u00e4davajalik.<\/li>\n<li>Hooldus: Regulaarne kontroll ja hooldus aitavad v\u00e4ltida probleeme ja pikendada silindri kasutusiga.<\/li>\n<\/ul>\n<p><img decoding=\"async\" src=\"https:\/\/www.hydraulic-cylinders.net\/wp-content\/uploads\/2025\/01\/songte-oil-pipes-and-spare-parts.webp\" alt=\"Kopa silinder Sumitomo keskmise ekskavaatori SH210LC-5 jaoks\"\/><\/p>\n<h2>Tihendus ja m\u00e4\u00e4rimine<\/h2>\n<p>Kopasilindrid vajavad mitmesuguseid tihendeid, n\u00e4iteks kolvitihendeid ja vardatihendeid, mis on valmistatud kulumiskindlatest materjalidest, n\u00e4iteks pol\u00fcuretaanist ja nitriilkummist. Silindri korpus ja keermestatud otsapind on peenelt t\u00f6\u00f6deldud, et suurendada kulumiskindlust. Sujuva t\u00f6\u00f6 tagamiseks on vajalik ka korralik m\u00e4\u00e4rimine h\u00fcdraulika\u00f5liga.<\/p>\n<h2>Hooldus ja remont<\/h2>\n<p>Kopasilindrite n\u00f5uetekohane hooldus ja remont on olulised kasutusea pikendamiseks ja probleemide v\u00e4ltimiseks. M\u00f5ned hooldust\u00f6\u00f6d h\u00f5lmavad j\u00e4rgmist:<\/p>\n<ul>\n<li>Regulaarne kontroll probleemide varajaseks avastamiseks ja parandamiseks.<\/li>\n<li>N\u00f5uetekohane m\u00e4\u00e4rimine sujuva t\u00f6\u00f6 tagamiseks.<\/li>\n<li>Vajadusel tihendite vahetamine lekete ja saastumise v\u00e4ltimiseks.<\/li>\n<\/ul>\n<p><img decoding=\"async\" src=\"https:\/\/www.hydraulic-cylinders.net\/wp-content\/uploads\/2025\/01\/songte-chushion-collar.webp\" alt=\"Kopa silinder Sumitomo keskmise ekskavaatori SH210LC-5 jaoks\"\/><\/p>\n<h2>Ohutus- ja keskkonnakaalutlused<\/h2>\n<p>Kopasilindrid tuleb ohutu t\u00f6\u00f6 tagamiseks paigaldada, kasutada ja hooldada \u00f5igesti. Kasutatud h\u00fcdraulikavedelike ja silindrite komponentide n\u00f5uetekohane utiliseerimine aitab kaitsta ka keskkonda.<\/p>\n<h2>Veaotsing ja levinud probleemid<\/h2>\n<p>M\u00f5ned kopasilindrite levinud probleemid on leke, silindri korpuse kahjustused ja eba\u00f5ige t\u00f6\u00f6tamine. Nende probleemide t\u00f5rkeotsingu n\u00e4pun\u00e4ited ja lahendused on j\u00e4rgmised:<\/p>\n<ul>\n<li>Kahjustatud tihendite kontrollimine ja vajadusel nende vahetamine.<\/li>\n<li>Silindri korpuse kahjustuste kontrollimine ja vajadusel vahetamine.<\/li>\n<li>N\u00f5uetekohase m\u00e4\u00e4rimise ja t\u00f6\u00f6 tagamine.<\/li>\n<\/ul>\n<p><img decoding=\"async\" src=\"https:\/\/www.hydraulic-cylinders.net\/wp-content\/uploads\/2025\/01\/songte-bushings-with-all-kinds-of-excavator-models.webp\" alt=\"Kopa silinder Sumitomo keskmise ekskavaatori SH210LC-5 jaoks\"\/><\/p>\n<h2>Meie ettev\u00f5ttest<\/h2>\n<p>Oleme asendush\u00fcdrauliliste silindrite tootja. Meie ettev\u00f5ttel on t\u00e4ielik tootevalik ja oleme saanud \u00fcheks juhtivaks h\u00fcdrosilindrite tootjaks ja hulgim\u00fc\u00fcjaks nii sise- kui ka rahvusvahelistel turgudel. J\u00e4rgime suurep\u00e4rase kvaliteedi p\u00f5him\u00f5tet ja tugineme peentootmist\u00f6\u00f6kodade industrialiseeritud tootmisjuhtimise strateegiale, et pidevalt t\u00e4iustada tootmisplatvormi ja parandada tootekvaliteeti tootmisliinil. Meil \u200b\u200bon tugev loominguline v\u00f5imekus ja rahuldame klientide mitmekesiseid vajadusi k\u00f5rge efektiivsuse, suure t\u00e4psuse ja k\u00f5rgete kvaliteedip\u00f5him\u00f5tetega.<\/p>\n<p><img decoding=\"async\" src=\"https:\/\/hzpt.com\/wp-content\/uploads\/2024\/11\/songte-company-1.webp\" alt=\"Kopa silinder Sumitomo keskmise ekskavaatori SH210LC-5 jaoks\"\/><\/p>\n<h2>Meie teenustest<\/h2>\n<p>Pakume klientide rahulolu tagamiseks professionaalseid teenuseid, rahvusvahelisi sertifikaate, kohandatud teenuseid, tootmisseadmeid ja m\u00fc\u00fcgij\u00e4rgset teenindust.<\/p>\n<ul>\n<li>Professionaalsus: Meil \u200b\u200bon professionaalide meeskond, kes suudab pakkuda klientidele kohandatud lahendusi.<\/li>\n<li>Rahvusvaheline sertifitseerimine: Meie tooted on l\u00e4binud mitmesuguseid rahvusvahelisi sertifikaate, n\u00e4iteks ISO9001 ja CE.<\/li>\n<li>Kohandatud teenused: Pakume kohandatud teenuseid, et rahuldada klientide mitmekesiseid vajadusi.<\/li>\n<li>Tootmisseadmed: Meil \u200b\u200bon t\u00e4iustatud tootmisseadmed, et tagada toote kvaliteet ja t\u00f5husus.<\/li>\n<li>M\u00fc\u00fcgij\u00e4rgne teenindus: Pakume m\u00fc\u00fcgij\u00e4rgset teenindust klientide rahulolu tagamiseks.<\/li>\n<\/ul>\n<h3>Autor: lyl.<\/h3>","protected":false},"excerpt":{"rendered":"<p>Bucket Cylinder For Sumitomo Middle Excavator SH210LC-5 Introduction The Bucket Cylinder for Sumitomo Middle Excavator SH210LC-5 is a hydraulic cylinder designed specifically to control the movement of the bucket in heavy machinery such as excavators, backhoe excavators, and front-end loaders. Its main function is to enable the bucket to move up, down, and tilt, making [&hellip;]<\/p>","protected":false},"featured_media":14785,"comment_status":"open","ping_status":"closed","template":"","meta":{"_et_pb_use_builder":"","_et_pb_old_content":"","_et_gb_content_width":""},"product_brand":[],"product_cat":[1494],"product_tag":[1495,1496],"class_list":{"0":"post-15180","1":"product","2":"type-product","3":"status-publish","4":"has-post-thumbnail","6":"product_cat-bucket-cylinders","7":"product_tag-bucket-cylinders","8":"product_tag-hydraulic-cylinders","10":"first","11":"instock","12":"shipping-taxable","13":"product-type-simple"},"amp_enabled":true,"_links":{"self":[{"href":"https:\/\/www.hydraulic-cylinders.net\/et\/wp-json\/wp\/v2\/product\/15180","targetHints":{"allow":["GET"]}}],"collection":[{"href":"https:\/\/www.hydraulic-cylinders.net\/et\/wp-json\/wp\/v2\/product"}],"about":[{"href":"https:\/\/www.hydraulic-cylinders.net\/et\/wp-json\/wp\/v2\/types\/product"}],"replies":[{"embeddable":true,"href":"https:\/\/www.hydraulic-cylinders.net\/et\/wp-json\/wp\/v2\/comments?post=15180"}],"wp:featuredmedia":[{"embeddable":true,"href":"https:\/\/www.hydraulic-cylinders.net\/et\/wp-json\/wp\/v2\/media\/14785"}],"wp:attachment":[{"href":"https:\/\/www.hydraulic-cylinders.net\/et\/wp-json\/wp\/v2\/media?parent=15180"}],"wp:term":[{"taxonomy":"product_brand","embeddable":true,"href":"https:\/\/www.hydraulic-cylinders.net\/et\/wp-json\/wp\/v2\/product_brand?post=15180"},{"taxonomy":"product_cat","embeddable":true,"href":"https:\/\/www.hydraulic-cylinders.net\/et\/wp-json\/wp\/v2\/product_cat?post=15180"},{"taxonomy":"product_tag","embeddable":true,"href":"https:\/\/www.hydraulic-cylinders.net\/et\/wp-json\/wp\/v2\/product_tag?post=15180"}],"curies":[{"name":"wp","href":"https:\/\/api.w.org\/{rel}","templated":true}]}}