{"id":15181,"date":"2025-01-19T14:12:25","date_gmt":"2025-01-19T14:12:25","guid":{"rendered":"https:\/\/www.hydraulic-cylinders.net\/product\/bucket-cylinder-for-sumitomo-middle-excavator-sh240-5\/"},"modified":"2025-01-19T14:12:27","modified_gmt":"2025-01-19T14:12:27","slug":"bucket-cylinder-for-sumitomo-middle-excavator-sh240-5","status":"publish","type":"product","link":"https:\/\/www.hydraulic-cylinders.net\/et\/toode\/bucket-cylinder-for-sumitomo-middle-excavator-sh240-5\/","title":{"rendered":"Kopa silinder Sumitomo keskmise ekskavaatori SH240-5 jaoks"},"content":{"rendered":"<h1>Kopa silinder Sumitomo keskmise ekskavaatori SH240-5 jaoks<\/h1>\n<h2>Sissejuhatus<\/h2>\n<p>Sumitomo keskmise ekskavaatori SH240-5 kopa silinder on spetsiaalne h\u00fcdrauliline silinder, mis on loodud kopa liikumise juhtimiseks rasketes masinates, n\u00e4iteks ekskavaatorites, ekskavaatorites ja esilaadurites. Selle peamine \u00fclesanne on v\u00f5imaldada kopa t\u00f5stmist, langetamist ja kallutamist, muutes mitmesuguste materjalik\u00e4itlust\u00f6\u00f6de tegemise lihtsamaks. H\u00fcdraulilises s\u00fcsteemis juhivad kopa silindrid kopa liikumist t\u00e4pselt, kasutades h\u00fcdraulika\u00f5li r\u00f5hu muutusi, v\u00f5imaldades operaatoritel t\u00f5husalt k\u00e4sitseda raskeid koormaid ning kohaneda keerukate t\u00f6\u00f6keskkondade ja mitmekesiste t\u00f6\u00f6n\u00f5uetega.<\/p>\n<p><img decoding=\"async\" src=\"https:\/\/www.hydraulic-cylinders.net\/wp-content\/uploads\/2025\/01\/songte-company-2.webp\" alt=\"\u00c4mbri silindri pilt\"><\/p>\n<h2>Omadused<\/h2>\n<ul>\n<li>\n<h3>Suur tugevus ja vastupidavus<\/h3>\n<p>Kopa silinder on tavaliselt valmistatud \u00fclitugevast terasest v\u00f5i alumiiniumist, mis talub k\u00f5rget r\u00f5hku ja suuri koormusi ning sobib karmideks t\u00f6\u00f6keskkondadeks. Projekteerimisel on arvestatud kulumiskindluse ja korrosioonikindlusega, mis pikendab selle kasutusiga.<\/p>\n<\/li>\n<li>\n<h3>T\u00f5hus h\u00fcdrauliline t\u00f6\u00f6<\/h3>\n<p>Kopa silinder kasutab sujuva pikendus- ja tagasit\u00f5mbamise saavutamiseks h\u00fcdraulilist \u00f5lir\u00f5hku, mis v\u00f5imaldab sellel kiiresti juhtimisk\u00e4sklustele reageerida, pakkudes v\u00f5imsaid t\u00f5uke- ja t\u00f5mbej\u00f5ude ning sobides raskete koormate ja keerukate \u00fclesannete k\u00e4sitsemiseks.<\/p>\n<\/li>\n<li>\n<h3>Erinevad t\u00fc\u00fcbid<\/h3>\n<p>Kopasilindri saab valida \u00fchetoimelisena (h\u00fcdraulika t\u00f6\u00f6tab ainult \u00fches suunas) v\u00f5i kahetoimelisena (h\u00fcdraulika t\u00f6\u00f6tab kahes suunas), et rahuldada erinevaid t\u00f6\u00f6vajadusi. M\u00f5ned mudelid on teleskoopilised, mis v\u00f5imaldab suuremat pikendamist ilma v\u00e4lism\u00f5\u00f5tmeid suurendamata, sobides piiratud ruumiga rakenduste jaoks.<\/p>\n<\/li>\n<li>\n<h3>Lihtne asendamine<\/h3>\n<p>Meie toode suudab neid h\u00fcdrosilindreid ideaalselt asendada.<\/p>\n<\/li>\n<\/ul>\n<p><img decoding=\"async\" src=\"https:\/\/www.hydraulic-cylinders.net\/wp-content\/uploads\/2025\/01\/songte-cylinder-head-with-all-kinds-excavator-models.webp\" alt=\"\u00c4mbri silindri asendamise pilt\"><\/p>\n<h2>Rakendused<\/h2>\n<p>Kopasilindrit kasutatakse laialdaselt erinevates ehitus- ja p\u00f5llumajandusmasinates. M\u00f5ned levinud rakendused on j\u00e4rgmised:<\/p>\n<ul>\n<li>\n<h3>Ehitustehnika<\/h3>\n<p>Ekskavaatorites on need olulised kaevamiseks, laadimiseks ja pinnase v\u00f5i prahi teisaldamiseks. Ekskavaator-laadurites aitavad kopasilindrid nii kaevamisel kui ka t\u00f5stmisel. <\/p>\n<\/li>\n<li>\n<h3>P\u00f5llumajandustehnika <\/h3>\n<p>Kasutatakse esilaadurites mulla, heina ja muude materjalide kopeerimiseks, t\u00f5stmiseks ja transportimiseks.<\/p>\n<\/li>\n<li>\n<h3>Ekskavaatorid<\/h3>\n<p>Kopasilindrid v\u00f5imaldavad kaevamistoiminguid, lastes kopal pinnasesse tungida. <\/p>\n<\/li>\n<li>\n<h3>Eesmised laadurid<\/h3>\n<p>Esilaadurites aitavad need kaupu t\u00f5husalt t\u00f5sta ja maha laadida. <\/p>\n<\/li>\n<\/ul>\n<h2>Projekteerimiskaalutlused ja valikukriteeriumid<\/h2>\n<ul>\n<li>\n<h3>Kandev\u00f5ime<\/h3>\n<p>Kopasilindritel peab olema suur kandev\u00f5ime, et need taluksid raskeid koormaid ja k\u00f5rgsurveh\u00fcdraulikat.<\/p>\n<\/li>\n<li>\n<h3>Tihendus<\/h3>\n<p>Kopasilindrid vajavad h\u00fcdraulikavedeliku lekete v\u00e4ltimiseks ning ohutu ja t\u00f5husa t\u00f6\u00f6 tagamiseks kvaliteetset tihendust.<\/p>\n<\/li>\n<li>\n<h3>Vastupidavus<\/h3>\n<p>Kopa silinder peab olema vastupidav ja kulumiskindel, et taluda karme t\u00f6\u00f6keskkondi ja pikendada selle kasutusiga.<\/p>\n<\/li>\n<li>\n<h3>Ohutus<\/h3>\n<p>Kopasilindrid peavad vastama rangetele ohutusstandarditele, et tagada ohutu t\u00f6\u00f6 ja v\u00e4ltida \u00f5nnetusi. <\/p>\n<\/li>\n<li>\n<h3>Hooldus<\/h3>\n<p>Kopasilindrid vajavad optimaalse j\u00f5udluse tagamiseks ja kasutusea pikendamiseks regulaarset hooldust. <\/p>\n<\/li>\n<\/ul>\n<p><img decoding=\"async\" src=\"https:\/\/www.hydraulic-cylinders.net\/wp-content\/uploads\/2025\/01\/songte-oil-pipes-and-spare-parts.webp\" alt=\"Kopasilindri varuosade pilt\"><\/p>\n<h2>Tihendus ja m\u00e4\u00e4rimine<\/h2>\n<p>Kopasilindris kasutatakse mitmesuguseid tihenduskomponente, n\u00e4iteks kolvitihendeid, vardatihendeid ja kulumisr\u00f5ngaid, mis on valmistatud kulumiskindlatest materjalidest, n\u00e4iteks pol\u00fcuretaanist ja nitriilkummist. Silindri korpus ja keermestatud otsapinnad l\u00e4bivad \u00f5rna t\u00f6\u00f6tluse, et suurendada nende kulumiskindlust. T\u00f5husa t\u00f6\u00f6 tagamiseks on vajalik regulaarne m\u00e4\u00e4rimine sobiva h\u00fcdraulika\u00f5liga.<\/p>\n<h2>Hooldus ja remont<\/h2>\n<p>Kopasilindri optimaalse j\u00f5udluse s\u00e4ilitamiseks on oluline regulaarne kontroll ja ennetav hooldus. Soovitatavate hooldust\u00f6\u00f6de hulka kuuluvad perioodiline kontroll, asjakohane m\u00e4\u00e4rimine, tihendite vahetamine ja kalibreerimine. N\u00f5uetekohane paigaldamine on \u00fclioluline ja soovitatav on kasutada sobivaid paigaldusklambreid. N\u00f5uetekohased kontrolli-, remondi- ja vahetusprotseduurid v\u00f5ivad pikendada kopasilindri kasutusiga.<\/p>\n<p><img decoding=\"async\" src=\"https:\/\/www.hydraulic-cylinders.net\/wp-content\/uploads\/2025\/01\/songte-chushion-collar.webp\" alt=\"Kopa silindri hoolduspilt\"><\/p>\n<h2>Ohutuskaalutlused ja keskkonnategurid <\/h2>\n<p>Kopasilindri kasutamisel on oluline j\u00e4rgida n\u00f5uetekohaseid ohutusprotokolle, et v\u00e4ltida \u00f5nnetusi ja vigastusi. Ohutusjuhiste j\u00e4rgimine ja \u00f5ige kasutamine aitavad v\u00e4hendada keskkonnakahju ja edendada j\u00e4tkusuutlikkust.<\/p>\n<h2>Veaotsing ja levinud probleemid<\/h2>\n<p>Kopasilindri t\u00f6\u00f6tamise ajal esineda v\u00f5ivate levinud probleemide hulka kuuluvad lekked, halb j\u00f5udlus ja silindri kahjustused. N\u00f5uetekohased t\u00f5rkeotsingu ja probleemide lahendamise tehnikad aitavad neid probleeme kiiresti ja t\u00f5husalt lahendada. Ennetavad meetmed, nagu regulaarne hooldus ja kontroll, aitavad v\u00e4hendada v\u00f5imalike probleemide t\u00f5en\u00e4osust.<\/p>\n<p><img decoding=\"async\" src=\"https:\/\/www.hydraulic-cylinders.net\/wp-content\/uploads\/2025\/01\/songte-bushings-with-all-kinds-of-excavator-models.webp\" alt=\"\u00c4mbrisilindri t\u00f5rkeotsingu pilt\"><\/p>\n<h2>Meie ettev\u00f5ttest<\/h2>\n<p>Oleme laia tootevalikuga asendush\u00fcdrauliliste silindrite tootja, olles \u00fcks juhtivaid h\u00fcdrosilindrite tootjaid ja hulgim\u00fc\u00fcjaid nii sise- kui ka rahvusvahelisel turul. J\u00e4rgime suurep\u00e4rase kvaliteedi poliitikat ja tugineme t\u00f6\u00f6stusliku tootmise juhtimise strateegiatele, mida toetavad peened tootmist\u00f6\u00f6kojad, tehnoloogiad, digitaalsed tipptasemel tootmisseadmed ja professionaalsed testimiss\u00fcsteemid. Meie ettev\u00f5ttel on v\u00f5ime luua, pakkuda t\u00f5husaid ja efektiivseid teenuseid ning rahuldada klientide mitmekesiseid n\u00f5udmisi. <\/p>\n<ul>\n<li>\n<h3>Ekspertiis<\/h3>\n<p>Meil on ulatuslikud teadmised ja kogemused h\u00fcdrauliliste silindrite valdkonnas, mis v\u00f5imaldab meil pakkuda kvaliteetseid tooteid.<\/p>\n<\/li>\n<li>\n<h3>Rahvusvaheline sertifitseerimine<\/h3>\n<p>K\u00f5ik meie tooted vastavad rahvusvahelistele standarditele ja on sertifitseeritud vastavalt ISO9001, CE jne.<\/p>\n<\/li>\n<li>\n<h3>Kohandamise teenused<\/h3>\n<p>Pakume kliendi erin\u00f5uetele vastavaid kohandamisteenuseid.<\/p>\n<\/li>\n<li>\n<h3>Tootmisseadmed<\/h3>\n<p>Meie t\u00f6\u00f6kojad on varustatud tipptasemel tootmisseadmetega, mis toetavad tootmist ja kvaliteedikontrolli.<\/p>\n<\/li>\n<li>\n<h3>M\u00fc\u00fcgij\u00e4rgne teenindus<\/h3>\n<p>Pakume klientide rahulolu tagamiseks \u00f5igeaegset ja t\u00f5husat m\u00fc\u00fcgij\u00e4rgset teenindust.<\/p>\n<\/li>\n<\/ul>\n<p><img decoding=\"async\" src=\"https:\/\/hzpt.com\/wp-content\/uploads\/2024\/11\/songte-company-1.webp\" alt=\"Ettev\u00f5tte kuvand\"><\/p>\n<p>Autor: lyl.<\/p>","protected":false},"excerpt":{"rendered":"<p>Bucket Cylinder For Sumitomo Middle Excavator SH240-5 Introduction The bucket cylinder for Sumitomo middle excavator SH240-5 is a specialized hydraulic cylinder designed to control the movement of the bucket in heavy machinery such as excavators, backhoes, and front-end loaders. Its primary function is to enable the bucket to lift, lower, and tilt, making it easier [&hellip;]<\/p>","protected":false},"featured_media":14784,"comment_status":"open","ping_status":"closed","template":"","meta":{"_et_pb_use_builder":"","_et_pb_old_content":"","_et_gb_content_width":""},"product_brand":[],"product_cat":[1494],"product_tag":[1495,1496],"class_list":{"0":"post-15181","1":"product","2":"type-product","3":"status-publish","4":"has-post-thumbnail","6":"product_cat-bucket-cylinders","7":"product_tag-bucket-cylinders","8":"product_tag-hydraulic-cylinders","10":"first","11":"instock","12":"shipping-taxable","13":"product-type-simple"},"amp_enabled":true,"_links":{"self":[{"href":"https:\/\/www.hydraulic-cylinders.net\/et\/wp-json\/wp\/v2\/product\/15181","targetHints":{"allow":["GET"]}}],"collection":[{"href":"https:\/\/www.hydraulic-cylinders.net\/et\/wp-json\/wp\/v2\/product"}],"about":[{"href":"https:\/\/www.hydraulic-cylinders.net\/et\/wp-json\/wp\/v2\/types\/product"}],"replies":[{"embeddable":true,"href":"https:\/\/www.hydraulic-cylinders.net\/et\/wp-json\/wp\/v2\/comments?post=15181"}],"wp:featuredmedia":[{"embeddable":true,"href":"https:\/\/www.hydraulic-cylinders.net\/et\/wp-json\/wp\/v2\/media\/14784"}],"wp:attachment":[{"href":"https:\/\/www.hydraulic-cylinders.net\/et\/wp-json\/wp\/v2\/media?parent=15181"}],"wp:term":[{"taxonomy":"product_brand","embeddable":true,"href":"https:\/\/www.hydraulic-cylinders.net\/et\/wp-json\/wp\/v2\/product_brand?post=15181"},{"taxonomy":"product_cat","embeddable":true,"href":"https:\/\/www.hydraulic-cylinders.net\/et\/wp-json\/wp\/v2\/product_cat?post=15181"},{"taxonomy":"product_tag","embeddable":true,"href":"https:\/\/www.hydraulic-cylinders.net\/et\/wp-json\/wp\/v2\/product_tag?post=15181"}],"curies":[{"name":"wp","href":"https:\/\/api.w.org\/{rel}","templated":true}]}}