{"id":15183,"date":"2025-01-19T14:12:32","date_gmt":"2025-01-19T14:12:32","guid":{"rendered":"https:\/\/www.hydraulic-cylinders.net\/product\/bucket-cylinder-for-sumitomo-large-excavator-sh300a1a2a3\/"},"modified":"2025-01-19T14:12:34","modified_gmt":"2025-01-19T14:12:34","slug":"bucket-cylinder-for-sumitomo-large-excavator-sh300a1a2a3","status":"publish","type":"product","link":"https:\/\/www.hydraulic-cylinders.net\/et\/toode\/bucket-cylinder-for-sumitomo-large-excavator-sh300a1a2a3\/","title":{"rendered":"Kopa silinder Sumitomo suurele ekskavaatorile SH300A1A2A3"},"content":{"rendered":"<h1>Kopa silinder Sumitomo suurele ekskavaatorile SH300A1A2A3<\/h1>\n<h2>Sissejuhatus<\/h2>\n<p>Kopa silinder, tuntud ka kui h\u00fcdrauliline silinder, on spetsiaalselt konstrueeritud silinder, mida kasutatakse kopa liikumise juhtimiseks rasketes masinates, n\u00e4iteks ekskavaatorites, laadurites ja esilaadurites. Selle peamine \u00fclesanne on v\u00f5imaldada kopa t\u00f5stmist, langetamist ja kallutamist, muutes mitmesuguste materjalik\u00e4itlust\u00f6\u00f6de tegemise lihtsamaks. H\u00fcdraulikas\u00fcsteemis juhib kopa silinder kopa t\u00e4pset liikumist h\u00fcdraulika\u00f5li r\u00f5hu muutuste abil, v\u00f5imaldades operaatoritel t\u00f5husalt k\u00e4sitseda raskeid koormaid ning kohaneda keerukate t\u00f6\u00f6keskkondade ja mitmekesiste t\u00f6\u00f6n\u00f5uetega.<\/p>\n<p><img decoding=\"async\" src=\"https:\/\/www.hydraulic-cylinders.net\/wp-content\/uploads\/2025\/01\/songte-company-2.webp\" alt=\"\u00c4mbri silindri pilt\"><\/p>\n<h2>Omadused<\/h2>\n<ul>\n<li>Suur tugevus ja vastupidavus: Tavaliselt valmistatud \u00fclitugevast terasest v\u00f5i alumiiniumist, see talub k\u00f5rget r\u00f5hku ja suuri koormusi, kohaneb karmide t\u00f6\u00f6keskkondadega ning on konstrueeritud kulumiskindlust ja korrosioonikindlust silmas pidades, et pikendada kasutusiga.<\/li>\n<li>T\u00f5hus h\u00fcdrauliline t\u00f6\u00f6: Kasutab h\u00fcdraulika\u00f5li r\u00f5hku sujuvate pikendus- ja tagasit\u00f5mbamisliigutuste saavutamiseks, reageerib kiiresti juhtimisk\u00e4sklustele, pakub v\u00f5imsat t\u00f5uke- ja t\u00f5mbej\u00f5udu ning sobib raskete koormate ja keerukate t\u00f6\u00f6\u00fclesannete k\u00e4sitsemiseks.<\/li>\n<li>Mitu t\u00fc\u00fcpi: Vajadusel saab erinevate t\u00f6\u00f6n\u00f5uete t\u00e4itmiseks valida \u00fchetoimelisi (h\u00fcdrauliliselt \u00fches suunas) v\u00f5i kahetoimelisi (h\u00fcdrauliliselt m\u00f5lemas suunas) silindreid. M\u00f5ned mudelid on teleskoopilised, mis v\u00f5imaldavad suuremat pikendust ilma v\u00e4lism\u00f5\u00f5tmeid suurendamata, mist\u00f5ttu sobivad need piiratud ruumiga rakenduste jaoks.<\/li>\n<li>Lihtne vahetada: meie toode on nende h\u00fcdrosilindrite ideaalne asendus. <\/li>\n<\/ul>\n<p><img decoding=\"async\" src=\"https:\/\/www.hydraulic-cylinders.net\/wp-content\/uploads\/2025\/01\/songte-cylinder-head-with-all-kinds-excavator-models.webp\" alt=\"Kopasilindri mudelid\"><\/p>\n<h2>Rakendused<\/h2>\n<p>Kopa silinder on raskete masinate oluline osa, mida kasutatakse erinevates rakendustes, n\u00e4iteks:<\/p>\n<ul>\n<li>Ehitusseadmed: Ekskavaatorites on need kriitilise t\u00e4htsusega kaevamisel, laadimisel ja pinnase v\u00f5i prahi teisaldamisel. Ekskavaatoritel aitab kopa silinder nii kaevamisel kui ka t\u00f5stmisel. <\/li>\n<li>P\u00f5llumajandusmasinad: Kasutatakse esilaadurites mulla, heina ja muude materjalide \u00fcleskorjamiseks, t\u00f5stmiseks ja transportimiseks. <\/li>\n<li>Ekskavaatorid: Kopa silinder v\u00f5imaldab kaevamist, lastes kopal pinnasesse tungida. <\/li>\n<li>Laadurid: Esilaadurites aitavad need kaupu t\u00f5husalt t\u00f5sta ja kallutada. <\/li>\n<\/ul>\n<p>Iga rakendust k\u00e4sitletakse allpool l\u00e4hemalt:<\/p>\n<h3>Ehitustehnika<\/h3>\n<p>Ekskavaatorites on kopa silinder oluline kaevamiseks, laadimiseks ja pinnase v\u00f5i prahi teisaldamiseks. Seda kasutatakse ka ekskavaatorites, kus silinder aitab nii kaevamisel kui ka t\u00f5stmisel. Kopa silindri v\u00f5ime juhtida kopa liikumist on nendes rakendustes kriitilise t\u00e4htsusega, v\u00f5imaldades operaatoril masinat t\u00f5husalt k\u00e4sitseda. <\/p>\n<p><img decoding=\"async\" src=\"https:\/\/hzpt.com\/wp-content\/uploads\/2024\/11\/songte-company-1.webp\" alt=\"Ehitusseadmete pilt\"><\/p>\n<h3>P\u00f5llumajandustehnika<\/h3>\n<p>Kopa silindreid kasutatakse esilaadurites mulla, heina ja muude materjalide \u00fcleskorjamiseks, t\u00f5stmiseks ja transportimiseks. Kopa silindri sujuv t\u00f6\u00f6 ja v\u00f5imas t\u00f5ukej\u00f5ud muudavad selle ideaalseks raskete koormate k\u00e4sitsemiseks. <\/p>\n<h3>Ekskavaatorid<\/h3>\n<p>Kopa silinder m\u00e4ngib ekskavaatorites olulist rolli, v\u00f5imaldades kopal pinnasesse tungida ja kaevamist. Operaator saab kopa liikumist t\u00e4pselt juhtida, mis lihtsustab t\u00f5husat kaevamist.<\/p>\n<h3>Laadurid<\/h3>\n<p>Esilaadurites aitavad kopasilindrid kaupu t\u00f5husalt t\u00f5sta ja kallutada. Silindri kontroll kopa liikumise \u00fcle v\u00f5imaldab kaupu t\u00e4pselt positsioneerida, v\u00f5imaldades operaatoritel ohutult ja t\u00f5husalt t\u00f6\u00f6tada.<\/p>\n<h2>Projekteerimiskaalutlused ja valikukriteeriumid<\/h2>\n<p>Kopasilindri disain on selle efektiivsuse ja pikaealisuse tagamisel \u00fclioluline. Arvesse tuleb v\u00f5tta j\u00e4rgmisi disainikaalutlusi:<\/p>\n<ul>\n<li>Kandev\u00f5ime<\/li>\n<li>Tihendusv\u00f5ime<\/li>\n<li>Vastupidavus<\/li>\n<li>Ohutus<\/li>\n<li>Hooldatavus<\/li>\n<\/ul>\n<p><img decoding=\"async\" src=\"https:\/\/www.hydraulic-cylinders.net\/wp-content\/uploads\/2025\/01\/songte-oil-pipes-and-spare-parts.webp\" alt=\"\u00d5litorud ja varuosad\"><\/p>\n<h3>Kandev\u00f5ime<\/h3>\n<p>Kopa silinder peab olema konstrueeritud taluma k\u00f5rget r\u00f5hku ja suuri koormusi. Selle vastupidavuse tagamiseks kasutatakse tavaliselt \u00fclitugevat terast v\u00f5i alumiiniumi ning selle konstruktsioonis tuleb arvestada kulumiskindluse ja korrosioonikindlusega, et pikendada selle kasutusiga.<\/p>\n<h3>Tihendusv\u00f5ime<\/h3>\n<p>Silindri tihendusv\u00f5ime on kriitilise t\u00e4htsusega h\u00fcdraulilise r\u00f5hu s\u00e4ilitamiseks ja \u00f5lilekke v\u00e4ltimiseks. Silindri t\u00f6\u00f6 efektiivsuse s\u00e4ilitamiseks tuleb kasutada kvaliteetseid tihenduskomponente, n\u00e4iteks kolvitihendeid ja varrastihendeid.<\/p>\n<h3>Vastupidavus<\/h3>\n<p>Ballooni vastupidavus on kriitilise t\u00e4htsusega karmide t\u00f6\u00f6keskkondadega kohanemisel ja selle pikaealisuse tagamisel. Ballooni konstruktsioonil tuleb arvestada kulumiskindluse, korrosioonikindluse ja muude teguritega, et pikendada selle kasutusiga.<\/p>\n<h3>Ohutus<\/h3>\n<p>Kopa silinder tuleb konstrueerida ohutust silmas pidades. See peab taluma k\u00f5rget r\u00f5hku, ilma et see kujutaks endast ohtu operaatoritele. Ohutu t\u00f6\u00f6 tagamiseks tuleb j\u00e4rgida n\u00f5uetekohaseid paigaldus- ja paigaldusprotseduure.<\/p>\n<h3>Hooldatavus<\/h3>\n<p>Kopa silinder peab olema konstrueeritud h\u00f5lpsaks hooldamiseks. Regulaarne hooldus, sealhulgas kontrollimine, m\u00e4\u00e4rimine ja tihendite vahetamine, on selle kasutusea pikendamiseks \u00fclioluline.<\/p>\n<p><img decoding=\"async\" src=\"https:\/\/www.hydraulic-cylinders.net\/wp-content\/uploads\/2025\/01\/songte-chushion-collar.webp\" alt=\"Padjakaelus\"><\/p>\n<h2>Tihendus ja m\u00e4\u00e4rimine<\/h2>\n<p>Kopasilindri n\u00f5uetekohase toimimise tagamiseks tuleb selle tihendust ja m\u00e4\u00e4rimist hooldada. Arvesse tuleb v\u00f5tta j\u00e4rgmisi samme:<\/p>\n<ul>\n<li>T\u00f5husa tihendamise tagamiseks tuleb kasutada mitmesuguseid tihenduskomponente, n\u00e4iteks kolvitihendeid ja varrastihendeid. <\/li>\n<li>Nende vastupidavuse tagamiseks tuleb kasutada kulumiskindlatest materjalidest, n\u00e4iteks pol\u00fcuretaanist ja nitriilkummist, valmistatud tihenduskomponente.<\/li>\n<li>Silindri korpust ja keermepinda tuleb kulumiskindluse parandamiseks hoolikalt t\u00f6\u00f6delda.<\/li>\n<li>Silindrit tuleb regulaarselt sobiva h\u00fcdraulika\u00f5liga m\u00e4\u00e4rida, et tagada selle sujuv t\u00f6\u00f6.<\/li>\n<\/ul>\n<h2>Hooldus ja remont<\/h2>\n<p>Kopasilindri pikaealisuse tagamiseks on vajalik regulaarne hooldus ja remont. Teha tuleb j\u00e4rgmised toimingud:<\/p>\n<ul>\n<li>Regulaarsed kontrollid kulumise v\u00f5i kahjustuste, n\u00e4iteks \u00f5lilekke v\u00f5i ebanormaalsete helide avastamiseks.<\/li>\n<li>Regulaarne m\u00e4\u00e4rimine sujuva t\u00f6\u00f6 tagamiseks.<\/li>\n<li>Vajadusel vahetage tihendeid, et s\u00e4ilitada n\u00f5uetekohane tihendus.<\/li>\n<li>Kalibreerimiskontrollid n\u00f5uetekohase t\u00f6\u00f6 tagamiseks.<\/li>\n<\/ul>\n<p><img decoding=\"async\" src=\"https:\/\/www.hydraulic-cylinders.net\/wp-content\/uploads\/2025\/01\/songte-bushings-with-all-kinds-of-excavator-models.webp\" alt=\"Puksid ekskavaatorimudelitega\"><\/p>\n<h2>Ohutuskaalutlused ja keskkonnategurid<\/h2>\n<p>Kopasilindri k\u00e4sitsemisel j\u00e4rgige ohutusn\u00f5udeid. H\u00fcdraulilised silindrid on k\u00f5rge r\u00f5hu all ja v\u00f5ivad olla ohtlikud, kui neid ei k\u00e4sitseta \u00f5igesti. \u00d5nnetuste v\u00e4ltimiseks tuleb need paigaldada ja kasutada vastavalt tootja juhistele ja suunistele.<\/p>\n<h2>Vea diagnoosimine ja t\u00f5rkeotsing<\/h2>\n<p>Kopasilindrite kasutamisel v\u00f5ivad tekkida j\u00e4rgmised levinud probleemid:<\/p>\n<ul>\n<li>\u00d5lileke<\/li>\n<li>Ebanormaalsed helid t\u00f6\u00f6tamise ajal<\/li>\n<li>Silindri halb t\u00f6\u00f6 v\u00f5i \u00fclesannete mittet\u00e4itmine<\/li>\n<\/ul>\n<p>Nende probleemide diagnoosimiseks ja t\u00f5rkeotsinguks:<\/p>\n<ul>\n<li>Juhiste saamiseks vaadake tootja kasutusjuhendit.<\/li>\n<li>Tehke regulaarseid kontrolle ja hooldust\u00f6id.<\/li>\n<li>Vajadusel vahetage vigased osad v\u00e4lja.<\/li>\n<\/ul>\n<h2>Ettev\u00f5tte tutvustus<\/h2>\n<p>Oleme h\u00fcdrosilindrite tootja ja pakume t\u00e4ielikku tootevalikut. Oleme \u00fcks juhtivaid h\u00fcdrosilindrite tootjaid ja hulgim\u00fc\u00fcjaid nii sise- kui ka v\u00e4listurul. J\u00e4rgime suurep\u00e4rase kvaliteedi p\u00f5him\u00f5tet ja tugineme peenes tootmist\u00f6\u00f6kojas industrialiseeritud tootmise juhtimisstrateegiatele. T\u00e4iustame pidevalt t\u00f6\u00f6koja tootmisplatvormi, parandame toodete tootmisteede kvaliteeti ning omame tugevat loomingulist v\u00f5imekust, rahuldades klientide mitmekesiseid vajadusi suure efektiivsuse, suure t\u00e4psuse ja k\u00f5rge p\u00f5him\u00f5ttelise kvaliteediga. <\/p>\n<p><img decoding=\"async\" src=\"https:\/\/www.hydraulic-cylinders.net\/wp-content\/uploads\/2025\/01\/songte-company-3.webp\" alt=\"Ettev\u00f5tte kuvand\"><\/p>\n<h3>Professionaalsus<\/h3>\n<p>Meil on professionaalide meeskond, kes on h\u00fcdrauliliste silindrite projekteerimises ja tootmises kogenud. Kasutame t\u00e4iustatud tehnoloogiat ja tootmisseadmeid, et tagada meie toodete k\u00f5rgeim kvaliteet.<\/p>\n<h3>Rahvusvaheline sertifitseerimine<\/h3>\n<p>Oleme omandanud rahvusvahelised sertifikaadid nagu ISO9001, CE ja SGS. Need sertifikaadid n\u00e4itavad meie p\u00fchendumust kvaliteedile ja klientide rahulolule.<\/p>\n<h3>Kohandamise teenused<\/h3>\n<p>Pakume klientide erivajaduste rahuldamiseks kohandamisteenuseid. Meie meeskond teeb klientidega tihedat koost\u00f6\u00f6d, et luua kohandatud lahendusi, mis vastavad nende ainulaadsetele n\u00f5uetele.<\/p>\n<h3>Tootmisseadmed<\/h3>\n<p>Meie h\u00fcdrauliliste silindrite kvaliteedi ja j\u00e4rjepidevuse tagamiseks kasutame t\u00e4iustatud tootmisseadmeid ja -tehnoloogiat. Meie seadmete hulka kuuluvad CNC-treipingid, CNC-t\u00f6\u00f6tluskeskused ja automatiseeritud h\u00fcdrauliliste silindrite tootmisliinid.<\/p>\n<h3>M\u00fc\u00fcgij\u00e4rgne teenindus<\/h3>\n<p>Meil on p\u00fchendunud m\u00fc\u00fcgij\u00e4rgse teeninduse meeskond, kes pakub meie klientidele tehnilist tuge ja abi. Meie meeskond on valmis vastama k\u00f5igile k\u00fcsimustele ja pakkuma lahendusi k\u00f5igile tekkida v\u00f5ivatele probleemidele.<\/p>\n<p>????: lyl.<\/p>","protected":false},"excerpt":{"rendered":"<p>Bucket Cylinder For Sumitomo Large Excavator SH300A1A2A3 Introduction The bucket cylinder, also known as a hydraulic cylinder, is a specially designed cylinder used to control the movement of the bucket in heavy machinery such as excavators, backhoes, and front-end loaders. Its main function is to enable the bucket to be lifted, lowered, and tilted, making [&hellip;]<\/p>","protected":false},"featured_media":14780,"comment_status":"open","ping_status":"closed","template":"","meta":{"_et_pb_use_builder":"","_et_pb_old_content":"","_et_gb_content_width":""},"product_brand":[],"product_cat":[1494],"product_tag":[1495,1496],"class_list":{"0":"post-15183","1":"product","2":"type-product","3":"status-publish","4":"has-post-thumbnail","6":"product_cat-bucket-cylinders","7":"product_tag-bucket-cylinders","8":"product_tag-hydraulic-cylinders","10":"first","11":"instock","12":"shipping-taxable","13":"product-type-simple"},"amp_enabled":true,"_links":{"self":[{"href":"https:\/\/www.hydraulic-cylinders.net\/et\/wp-json\/wp\/v2\/product\/15183","targetHints":{"allow":["GET"]}}],"collection":[{"href":"https:\/\/www.hydraulic-cylinders.net\/et\/wp-json\/wp\/v2\/product"}],"about":[{"href":"https:\/\/www.hydraulic-cylinders.net\/et\/wp-json\/wp\/v2\/types\/product"}],"replies":[{"embeddable":true,"href":"https:\/\/www.hydraulic-cylinders.net\/et\/wp-json\/wp\/v2\/comments?post=15183"}],"wp:featuredmedia":[{"embeddable":true,"href":"https:\/\/www.hydraulic-cylinders.net\/et\/wp-json\/wp\/v2\/media\/14780"}],"wp:attachment":[{"href":"https:\/\/www.hydraulic-cylinders.net\/et\/wp-json\/wp\/v2\/media?parent=15183"}],"wp:term":[{"taxonomy":"product_brand","embeddable":true,"href":"https:\/\/www.hydraulic-cylinders.net\/et\/wp-json\/wp\/v2\/product_brand?post=15183"},{"taxonomy":"product_cat","embeddable":true,"href":"https:\/\/www.hydraulic-cylinders.net\/et\/wp-json\/wp\/v2\/product_cat?post=15183"},{"taxonomy":"product_tag","embeddable":true,"href":"https:\/\/www.hydraulic-cylinders.net\/et\/wp-json\/wp\/v2\/product_tag?post=15183"}],"curies":[{"name":"wp","href":"https:\/\/api.w.org\/{rel}","templated":true}]}}