{"id":15185,"date":"2025-01-19T14:12:40","date_gmt":"2025-01-19T14:12:40","guid":{"rendered":"https:\/\/www.hydraulic-cylinders.net\/product\/bucket-cylinder-for-sumitomo-large-excavator-sh350-5\/"},"modified":"2025-01-19T14:12:42","modified_gmt":"2025-01-19T14:12:42","slug":"bucket-cylinder-for-sumitomo-large-excavator-sh350-5","status":"publish","type":"product","link":"https:\/\/www.hydraulic-cylinders.net\/et\/toode\/bucket-cylinder-for-sumitomo-large-excavator-sh350-5\/","title":{"rendered":"Kopa silinder Sumitomo suurele ekskavaatorile SH350-5"},"content":{"rendered":"<h2>Kopa silinder Sumitomo suurele ekskavaatorile SH350-5<\/h2>\n<p><img decoding=\"async\" src=\"https:\/\/www.hydraulic-cylinders.net\/wp-content\/uploads\/2025\/01\/songte-company-2.webp\" alt=\"\u00c4mbri silindri pilt\"><\/p>\n<h3>Definitsioon ja selgitus<\/h3>\n<p>Kopa silinder on spetsiaalselt konstrueeritud h\u00fcdrauliline silinder, mida kasutatakse kopa liikumise juhtimiseks rasketes masinates, n\u00e4iteks ekskavaatorites, laadur-ekskavaatorites ja esilaadurites. Selle peamine \u00fclesanne on v\u00f5imaldada kopa t\u00f5stmist, langetamist ja kallutamist, muutes mitmesuguste materjalik\u00e4itlust\u00f6\u00f6de tegemise lihtsamaks. H\u00fcdraulilises s\u00fcsteemis saavutab kopa silinder kopa t\u00e4pse juhtimise, kasutades \u00e4ra h\u00fcdraulika\u00f5li r\u00f5hu muutusi, v\u00f5imaldades operaatoritel t\u00f5husalt k\u00e4sitseda raskeid koormaid ning kohaneda keerukate t\u00f6\u00f6keskkondade ja mitmekesiste t\u00f6\u00f6n\u00f5uetega.<\/p>\n<h3>Kopasilindri omadused<\/h3>\n<ol>\n<li>Suur tugevus ja vastupidavus: Tavaliselt \u00fclitugevast terasest v\u00f5i alumiiniumist valmistatud kopasilindrid taluvad k\u00f5rget r\u00f5hku ja suuri koormusi, kohandudes karmide t\u00f6\u00f6keskkondadega. Nende disain arvestab kulumiskindluse ja korrosioonikindlusega, pikendades nende eluiga.<\/li>\n<li>T\u00f5hus h\u00fcdrauliline t\u00f6\u00f6: H\u00fcdraulilise \u00f5li r\u00f5hu abil saavutab kopa silinder sujuva pikendus- ja tagasit\u00f5mbamisliigutuse, v\u00f5imaldades kiiret reageerimist juhtimisk\u00e4sklustele ja pakkudes v\u00f5imsaid t\u00f5uke- ja t\u00f5mbej\u00f5ude, mis sobivad raskete koormate ja keerukate t\u00f6\u00f6de k\u00e4sitsemiseks.<\/li>\n<li>Mitmek\u00fclgsed t\u00fc\u00fcbid: Kopasilindrit saab valida kas \u00fchetoimelise (h\u00fcdraulilist r\u00f5hku kasutatakse ainult \u00fches suunas) v\u00f5i kahetoimelise (h\u00fcdraulilist r\u00f5hku kasutatakse m\u00f5lemas suunas) silindrina, olenevalt konkreetsetest t\u00f6\u00f6vajadustest. M\u00f5ned mudelid on teleskoopilised, mis v\u00f5imaldab suuremat pikendust ilma v\u00e4lism\u00f5\u00f5tmeid suurendamata, mist\u00f5ttu need sobivad piiratud ruumiga rakenduste jaoks.<\/li>\n<li>T\u00e4iuslik asendus: Meie toode saab need h\u00fcdraulilised silindrid ideaalselt asendada.<\/li>\n<\/ol>\n<p><img decoding=\"async\" src=\"https:\/\/www.hydraulic-cylinders.net\/wp-content\/uploads\/2025\/01\/songte-cylinder-head-with-all-kinds-excavator-models.webp\" alt=\"Kopa silindri vahetamine\"><\/p>\n<h3>Kopasilindri rakendused<\/h3>\n<p>Kopasilindrid on olulised mitmesugustes seadmetes ja masinates erinevate rakenduste jaoks:<\/p>\n<ul>\n<li>Ehitusmasinad: neid leidub ekskavaatorites ning need on olulised kaevamiseks, laadimiseks ja pinnase v\u00f5i prahi teisaldamiseks. Ekskavaatorlaadurites aitab kopa silinder nii kaevamisel kui ka t\u00f5stmisel.<\/li>\n<li>P\u00f5llumajandusmasinad: Neid kasutatakse esilaadurites, need aitavad mulda, heina ja muid materjale k\u00fchveldada, t\u00f5sta ja transportida.<\/li>\n<li>Ekskavaatorid: Kopa silinder v\u00f5imaldab kaevamistoiminguid, lastes kopal pinnasesse tungida.<\/li>\n<li>Laadurid: Esilaadurites aitavad need kaupu t\u00f5husalt t\u00f5sta ja kallutada.<\/li>\n<\/ul>\n<h3>Projekteerimiskaalutlused ja valikukriteeriumid<\/h3>\n<p>Kopasilindrite projekteerimisel tuleb arvestada mitmete tegurite ja valikukriteeriumidega:<\/p>\n<ul>\n<li>Kandev\u00f5ime: Silinder peaks suutma taluda maksimaalset koormust, millega see t\u00f6\u00f6tamise ajal kokku puutub.<\/li>\n<li>Tihendus: T\u00f5husa tihenduse tagamiseks kasutatakse mitmesuguseid tihenduskomponente, n\u00e4iteks kolvitihendeid ja varrastihendeid, mis on valmistatud kulumiskindlatest materjalidest, n\u00e4iteks pol\u00fcuretaanist v\u00f5i nitriilkummist.<\/li>\n<li>Vastupidavus: Silindri korpus ja keermestatud otsapinnad on kulumiskindluse parandamiseks peenelt t\u00f6\u00f6deldud.<\/li>\n<li>Ohutus: T\u00f6\u00f6tamise ajal \u00f5nnetuste v\u00e4ltimiseks tuleks rakendada ohutusmeetmeid.<\/li>\n<li>Hooldatavus: Silindri t\u00f5husaks hooldamiseks tuleks arvestada lihtsate hooldus- ja remondiprotseduuridega.<\/li>\n<\/ul>\n<p><img decoding=\"async\" src=\"https:\/\/www.hydraulic-cylinders.net\/wp-content\/uploads\/2025\/01\/songte-oil-pipes-and-spare-parts.webp\" alt=\"H\u00fcdrauliliste silindrite osad\"><\/p>\n<h3>Tihendus ja m\u00e4\u00e4rimine<\/h3>\n<p>Kopasilindrites kasutatakse mitmesuguseid tihenduskomponente, n\u00e4iteks kolvitihendeid ja vardatihendeid, mis on valmistatud kulumiskindlatest materjalidest, n\u00e4iteks pol\u00fcuretaanist ja nitriilkummist. Silindri korpus ja keermestatud otsapinnad on kulumiskindluse suurendamiseks peenelt t\u00f6\u00f6deldud. Sujuva t\u00f6\u00f6 tagamiseks on vajalik regulaarne m\u00e4\u00e4rimine sobiva h\u00fcdraulika\u00f5liga.<\/p>\n<h3>Regulaarne kontroll ja ennetavad hooldusmeetmed<\/h3>\n<ul>\n<li>Kontrollige silindrit regulaarselt kahjustuste, lekete v\u00f5i ebanormaalse kulumise tunnuste suhtes.<\/li>\n<li>Tagage n\u00f5uetekohane m\u00e4\u00e4rimine vastavalt tootja soovitustele.<\/li>\n<li>Optimaalse j\u00f5udluse s\u00e4ilitamiseks vahetage kulunud tihendeid perioodiliselt.<\/li>\n<li>Tehke kalibreerimiskontroll, et veenduda silindri t\u00f6\u00f6tamises etten\u00e4htud parameetrite piires.<\/li>\n<\/ul>\n<p><img decoding=\"async\" src=\"https:\/\/www.hydraulic-cylinders.net\/wp-content\/uploads\/2025\/01\/songte-chushion-collar.webp\" alt=\"H\u00fcdraulilise silindri hooldus\"><\/p>\n<h3>Ohutuskaalutlused ja keskkonnategurid<\/h3>\n<p>Kopasilindrite kasutamisel on oluline seada esikohale ohutusmeetmed, et v\u00e4ltida \u00f5nnetusi ja tagada operaatorite ning \u00fcmbritseva personali heaolu.<\/p>\n<h3>Veaotsing ja levinud probleemid<\/h3>\n<p>Kopasilindritega seotud levinud probleemide hulka kuuluvad lekked, reageerimisv\u00f5ime puudumine ja ebanormaalsed m\u00fcrad. Nende probleemide lahendamiseks toimige j\u00e4rgmiselt.<\/p>\n<ul>\n<li>Kontrollige n\u00e4htavaid lekkeid v\u00f5i kahjustatud tihendeid.<\/li>\n<li>Veenduge, et h\u00fcdraulikas\u00fcsteemis on piisavalt \u00f5li ja \u00f5ige r\u00f5hk.<\/li>\n<li>Kontrollige silindrit joondamise v\u00f5i mehaaniliste probleemide suhtes.<\/li>\n<\/ul>\n<p><img decoding=\"async\" src=\"https:\/\/www.hydraulic-cylinders.net\/wp-content\/uploads\/2025\/01\/songte-bushings-with-all-kinds-of-excavator-models.webp\" alt=\"H\u00fcdrauliliste silindrite puksid\"><\/p>\n<h3>Hooldusnipid<\/h3>\n<p>Kopasilindrite regulaarsete hooldust\u00f6\u00f6de hulka kuuluvad regulaarne \u00fclevaatus, n\u00f5uetekohane m\u00e4\u00e4rimine, tihendite vahetamine ja kalibreerimise kontrollimine. N\u00f5uetekohane paigaldamine, m\u00e4\u00e4rimine ja reguleerimine on \u00fcliolulised ning paigaldusprotsessi ajal tuleks anda joondamisjuhiseid. Silindri kinnitamiseks on soovitatav kasutada sobivaid kinnitusklambreid. J\u00e4rgida tuleks soovitatud \u00fclevaatus-, remondi- ja vahetusprotseduure ning rakendada tehnikaid kopasilindri eluea pikendamiseks.<\/p>\n<h3>Meie ettev\u00f5ttest<\/h3>\n<p><img decoding=\"async\" src=\"https:\/\/hzpt.com\/wp-content\/uploads\/2024\/11\/songte-company-1.webp\" alt=\"Ettev\u00f5tte kuvand\"><\/p>\n<p>Oleme asendush\u00fcdrauliliste silindrite tootja, pakkudes laia tootevalikut. Oleme saanud \u00fcheks juhtivaks h\u00fcdrosilindrite tootjaks ja hulgim\u00fc\u00fcjaks nii sise- kui ka rahvusvahelistel turgudel. Meie t\u00e4iustatud tootmist\u00f6\u00f6kojas j\u00e4rgime suurep\u00e4rase kvaliteedi p\u00f5him\u00f5tteid ja tugineme t\u00f6\u00f6stusliku tootmise juhtimise strateegiatele. Kasutades tehnoloogilist talenti, t\u00e4iustatud tootmisseadmeid ja professionaalseid testimiss\u00fcsteeme, t\u00e4iustame pidevalt oma tootmisplatvormi ja tootekvaliteedi tootmisliine. Meil \u200b\u200bon tugevad loomingulised v\u00f5imed ning seame esikohale efektiivsuse, t\u00e4psuse ja k\u00f5rge kvaliteedi, et rahuldada oma klientide mitmekesiseid vajadusi.<\/p>\n<p><img decoding=\"async\" src=\"https:\/\/www.hydraulic-cylinders.net\/wp-content\/uploads\/2025\/01\/songte-company-3.webp\" alt=\"Ettev\u00f5tte andmed\"><\/p>\n<p>Oleme uhked oma professionaalsuse, rahvusvaheliste sertifikaatide, eritellimusteenuste, tootmisseadmete ja m\u00fc\u00fcgij\u00e4rgse teeninduse \u00fcle.<\/p>","protected":false},"excerpt":{"rendered":"<p>Bucket Cylinder For Sumitomo Large Excavator SH350-5 Definition and Explanation A bucket cylinder is a specially designed hydraulic cylinder used to control the movement of the bucket in heavy machinery, such as excavators, backhoe loaders, and front-end loaders. Its main function is to enable the lifting, lowering, and tilting of the bucket, making it easier [&hellip;]<\/p>","protected":false},"featured_media":14776,"comment_status":"open","ping_status":"closed","template":"","meta":{"_et_pb_use_builder":"","_et_pb_old_content":"","_et_gb_content_width":""},"product_brand":[],"product_cat":[1494],"product_tag":[1495,1496],"class_list":{"0":"post-15185","1":"product","2":"type-product","3":"status-publish","4":"has-post-thumbnail","6":"product_cat-bucket-cylinders","7":"product_tag-bucket-cylinders","8":"product_tag-hydraulic-cylinders","10":"first","11":"instock","12":"shipping-taxable","13":"product-type-simple"},"amp_enabled":true,"_links":{"self":[{"href":"https:\/\/www.hydraulic-cylinders.net\/et\/wp-json\/wp\/v2\/product\/15185","targetHints":{"allow":["GET"]}}],"collection":[{"href":"https:\/\/www.hydraulic-cylinders.net\/et\/wp-json\/wp\/v2\/product"}],"about":[{"href":"https:\/\/www.hydraulic-cylinders.net\/et\/wp-json\/wp\/v2\/types\/product"}],"replies":[{"embeddable":true,"href":"https:\/\/www.hydraulic-cylinders.net\/et\/wp-json\/wp\/v2\/comments?post=15185"}],"wp:featuredmedia":[{"embeddable":true,"href":"https:\/\/www.hydraulic-cylinders.net\/et\/wp-json\/wp\/v2\/media\/14776"}],"wp:attachment":[{"href":"https:\/\/www.hydraulic-cylinders.net\/et\/wp-json\/wp\/v2\/media?parent=15185"}],"wp:term":[{"taxonomy":"product_brand","embeddable":true,"href":"https:\/\/www.hydraulic-cylinders.net\/et\/wp-json\/wp\/v2\/product_brand?post=15185"},{"taxonomy":"product_cat","embeddable":true,"href":"https:\/\/www.hydraulic-cylinders.net\/et\/wp-json\/wp\/v2\/product_cat?post=15185"},{"taxonomy":"product_tag","embeddable":true,"href":"https:\/\/www.hydraulic-cylinders.net\/et\/wp-json\/wp\/v2\/product_tag?post=15185"}],"curies":[{"name":"wp","href":"https:\/\/api.w.org\/{rel}","templated":true}]}}