{"id":15190,"date":"2025-01-19T14:13:07","date_gmt":"2025-01-19T14:13:07","guid":{"rendered":"https:\/\/www.hydraulic-cylinders.net\/product\/bucket-cylinder-for-sumitomo-large-excavator-sh350a3\/"},"modified":"2025-01-19T14:13:09","modified_gmt":"2025-01-19T14:13:09","slug":"bucket-cylinder-for-sumitomo-large-excavator-sh350a3","status":"publish","type":"product","link":"https:\/\/www.hydraulic-cylinders.net\/et\/toode\/bucket-cylinder-for-sumitomo-large-excavator-sh350a3\/","title":{"rendered":"Kopa silinder Sumitomo suurele ekskavaatorile SH350A3"},"content":{"rendered":"<h1>Kopa silinder Sumitomo suurele ekskavaatorile SH350A3<\/h1>\n<h2>Sissejuhatus<\/h2>\n<p>Sumitomo suure ekskavaatori SH350A3 kopa silinder on spetsiaalselt loodud h\u00fcdrauliline silinder, mida kasutatakse kopa liikumise juhtimiseks rasketes masinates, n\u00e4iteks ekskavaatorites, laadur-ekskavaatorites ja esilaadurites. Selle peamine \u00fclesanne on v\u00f5imaldada kopa t\u00f5stmist, langetamist ja kallutamist, muutes mitmesuguste materjalik\u00e4itlust\u00f6\u00f6de tegemise lihtsamaks. H\u00fcdraulikas\u00fcsteemis saavutab kopa silinder kopa t\u00e4pse juhtimise h\u00fcdraulika\u00f5li r\u00f5hu muutmise abil, v\u00f5imaldades operaatoritel t\u00f5husalt k\u00e4sitseda raskeid koormaid ning kohaneda keerukate t\u00f6\u00f6keskkondade ja mitmekesiste t\u00f6\u00f6n\u00f5uetega.<\/p>\n<p><img decoding=\"async\" src=\"https:\/\/www.hydraulic-cylinders.net\/wp-content\/uploads\/2025\/01\/songte-company-2.webp\"><\/p>\n<h2>Omadused<\/h2>\n<ul>\n<li>Suur tugevus ja vastupidavus: Tavaliselt valmistatud \u00fclitugevast terasest v\u00f5i alumiiniumist, mis talub k\u00f5rget r\u00f5hku ja suuri koormusi ning sobib karmidesse t\u00f6\u00f6keskkondadesse. Projekteerimisel on arvestatud kulumiskindluse ja korrosioonikindlusega, et pikendada kasutusiga.<\/li>\n<li>T\u00f5hus h\u00fcdrauliline t\u00f6\u00f6: Kasutab h\u00fcdraulika\u00f5li r\u00f5hku sujuvate pikendus- ja tagasit\u00f5mbamisliigutuste saavutamiseks, v\u00f5imaldades kiiret reageerimist juhtimisk\u00e4sklustele ning pakkudes v\u00f5imsaid t\u00f5uke- ja t\u00f5mbej\u00f5ude, mis sobivad raskete koormate ja keerukate t\u00f6\u00f6de k\u00e4sitsemiseks.<\/li>\n<li>Erinevad t\u00fc\u00fcbid: Valige vastavalt vajadusele \u00fchetoimeliste (h\u00fcdrauliline, ainult \u00fches suunas) v\u00f5i kahetoimeliste (h\u00fcdrauliline, m\u00f5lemas suunas) silindrite vahel. M\u00f5nel mudelil on teleskoopfunktsioonid, mis v\u00f5imaldavad suuremat pikendamist ilma v\u00e4lism\u00f5\u00f5tmeid suurendamata, sobides piiratud ruumiga rakenduste jaoks.<\/li>\n<li>T\u00e4iuslik asendus: Meie toode saab need h\u00fcdraulilised silindrid ideaalselt asendada.<\/li>\n<\/ul>\n<p><img decoding=\"async\" src=\"https:\/\/www.hydraulic-cylinders.net\/wp-content\/uploads\/2025\/01\/songte-cylinder-head-with-all-kinds-excavator-models.webp\"><\/p>\n<h2>Rakendused<\/h2>\n<h3>Ehitustehnika<\/h3>\n<p>Ekskavaatorites on need olulised kaevamisel, laadimisel ja pinnase v\u00f5i prahi teisaldamisel. Ekskavaator-laadurites aitab kopa silinder nii kaevamisel kui ka t\u00f5stmisel.<\/p>\n<h3>P\u00f5llumajandustehnika<\/h3>\n<p>Kasutatakse esilaadurites mulla, heina ja muude materjalide kopeerimiseks, t\u00f5stmiseks ja transportimiseks.<\/p>\n<h3>Ekskavaatorid<\/h3>\n<p>Kopa silinder v\u00f5imaldab kaevamist, lastes kopal pinnasesse tungida.<\/p>\n<h3>Laadurid<\/h3>\n<p>Frontaallaadurites aitavad need lasti t\u00f5husalt t\u00f5sta ja maha laadida.<\/p>\n<h2>Projekteerimiskaalutlused ja valikukriteeriumid<\/h2>\n<ul>\n<li>Kandev\u00f5ime: Arutage v\u00f5imet taluda suuri koormusi.<\/li>\n<li>Tihendus: Arutage erinevate tihenduskomponentide, n\u00e4iteks kulumiskindlatest materjalidest (nt pol\u00fcuretaan ja nitriilkummi) valmistatud kolvi- ja varrastihendite kasutamise olulisust. Mainige ka silindri korpuse ja keermestatud otste peenelt t\u00f6\u00f6deldud pindu kulumiskindluse parandamiseks. Regulaarne m\u00e4\u00e4rimine h\u00fcdraulika\u00f5liga on vajalik.<\/li>\n<\/ul>\n<p><img decoding=\"async\" src=\"https:\/\/www.hydraulic-cylinders.net\/wp-content\/uploads\/2025\/01\/songte-oil-pipes-and-spare-parts.webp\"><\/p>\n<h2>Hooldus ja ennetavad meetmed<\/h2>\n<ul>\n<li>Regulaarne kontroll: R\u00f5hutage ballooni kontrollimise olulisust kahjustuste v\u00f5i kulumise tunnuste suhtes.<\/li>\n<li>M\u00e4\u00e4rimine: R\u00f5hutage n\u00f5uetekohase m\u00e4\u00e4rimise vajadust sujuva t\u00f6\u00f6 tagamiseks.<\/li>\n<li>Tihendi vahetamine: Optimaalse j\u00f5udluse s\u00e4ilitamiseks on soovitatav tihendeid vajadusel vahetada.<\/li>\n<li>Kalibreerimise kontroll: Soovitatav on silindri kalibreerimist perioodiliselt kontrollida ja reguleerida.<\/li>\n<\/ul>\n<p><img decoding=\"async\" src=\"https:\/\/www.hydraulic-cylinders.net\/wp-content\/uploads\/2025\/01\/songte-chushion-collar.webp\"><\/p>\n<h2>Ohutuskaalutlused ja keskkonnategurid<\/h2>\n<p>T\u00f5stke esile ohutusmeetmete olulisust h\u00fcdrauliliste silindrite kasutamisel ja nende m\u00f5ju keskkonnale.<\/p>\n<h2>Veaotsing ja levinud probleemid<\/h2>\n<p>Esitage levinud probleeme, mis v\u00f5ivad esineda, ning pakkuge n\u00e4pun\u00e4iteid ja lahendusi t\u00f5husaks diagnoosimiseks ja lahendamiseks. Samuti soovitage ennetavaid meetmeid v\u00f5imalike probleemide minimeerimiseks.<\/p>\n<p><img decoding=\"async\" src=\"https:\/\/www.hydraulic-cylinders.net\/wp-content\/uploads\/2025\/01\/songte-bushings-with-all-kinds-of-excavator-models.webp\"><\/p>\n<h2>Meie ettev\u00f5ttest<\/h2>\n<p>Oleme asendush\u00fcdrauliliste silindrite tootja, pakkudes laia tootevalikut. Oleme saanud \u00fcheks juhtivaks h\u00fcdrosilindrite tootjaks ja hulgim\u00fc\u00fcjaks nii sise- kui ka rahvusvahelisel turul. Meie ettev\u00f5te j\u00e4rgib tootmisjuhtimise strateegiat, mis keskendub suurep\u00e4rasele kvaliteedile ja tugineb meie keeruka tootmist\u00f6\u00f6koja industrialiseeritud tootmisjuhtimisele. Kasutades tehnilisi oskusi, tipptasemel digitaalseid tootmisseadmeid ja professionaalseid testimiss\u00fcsteeme, t\u00e4iustame pidevalt oma tootmisplatvormi, t\u00e4iustame tootekvaliteedi tootmisprotsessi ja omame tugevaid loomisv\u00f5imekusi. P\u00fc\u00fcame rahuldada klientide vajadusi suure efektiivsuse, suure t\u00e4psuse ja k\u00f5rgete kvaliteedip\u00f5him\u00f5tetega.<\/p>\n<p><img decoding=\"async\" src=\"https:\/\/www.hydraulic-cylinders.net\/wp-content\/uploads\/2025\/01\/songte-company-3.webp\"><\/p>\n<p>Lisaks pakume:<\/p>\n<ul>\n<li>Professionaalsus<\/li>\n<li>Rahvusvahelised sertifikaadid<\/li>\n<li>Kohandamise teenused<\/li>\n<li>Tootmisseadmed<\/li>\n<li>M\u00fc\u00fcgij\u00e4rgne teenindus<\/li>\n<\/ul>\n<p><img decoding=\"async\" src=\"https:\/\/hzpt.com\/wp-content\/uploads\/2024\/11\/songte-company-1.webp\"><\/p>\n<p>Autor: lyl<\/p>","protected":false},"excerpt":{"rendered":"<p>Bucket Cylinder For Sumitomo Large Excavator SH350A3 Introduction The Bucket Cylinder for Sumitomo Large Excavator SH350A3 is a specially designed hydraulic cylinder used to control the movement of the bucket in heavy machinery such as excavators, backhoe loaders, and front loaders. Its main function is to enable the lifting, lowering, and tilting of the bucket, [&hellip;]<\/p>","protected":false},"featured_media":14762,"comment_status":"open","ping_status":"closed","template":"","meta":{"_et_pb_use_builder":"","_et_pb_old_content":"","_et_gb_content_width":""},"product_brand":[],"product_cat":[1494],"product_tag":[1495,1496],"class_list":{"0":"post-15190","1":"product","2":"type-product","3":"status-publish","4":"has-post-thumbnail","6":"product_cat-bucket-cylinders","7":"product_tag-bucket-cylinders","8":"product_tag-hydraulic-cylinders","10":"first","11":"instock","12":"shipping-taxable","13":"product-type-simple"},"amp_enabled":true,"_links":{"self":[{"href":"https:\/\/www.hydraulic-cylinders.net\/et\/wp-json\/wp\/v2\/product\/15190","targetHints":{"allow":["GET"]}}],"collection":[{"href":"https:\/\/www.hydraulic-cylinders.net\/et\/wp-json\/wp\/v2\/product"}],"about":[{"href":"https:\/\/www.hydraulic-cylinders.net\/et\/wp-json\/wp\/v2\/types\/product"}],"replies":[{"embeddable":true,"href":"https:\/\/www.hydraulic-cylinders.net\/et\/wp-json\/wp\/v2\/comments?post=15190"}],"wp:featuredmedia":[{"embeddable":true,"href":"https:\/\/www.hydraulic-cylinders.net\/et\/wp-json\/wp\/v2\/media\/14762"}],"wp:attachment":[{"href":"https:\/\/www.hydraulic-cylinders.net\/et\/wp-json\/wp\/v2\/media?parent=15190"}],"wp:term":[{"taxonomy":"product_brand","embeddable":true,"href":"https:\/\/www.hydraulic-cylinders.net\/et\/wp-json\/wp\/v2\/product_brand?post=15190"},{"taxonomy":"product_cat","embeddable":true,"href":"https:\/\/www.hydraulic-cylinders.net\/et\/wp-json\/wp\/v2\/product_cat?post=15190"},{"taxonomy":"product_tag","embeddable":true,"href":"https:\/\/www.hydraulic-cylinders.net\/et\/wp-json\/wp\/v2\/product_tag?post=15190"}],"curies":[{"name":"wp","href":"https:\/\/api.w.org\/{rel}","templated":true}]}}