{"id":15193,"date":"2025-01-19T14:13:19","date_gmt":"2025-01-19T14:13:19","guid":{"rendered":"https:\/\/www.hydraulic-cylinders.net\/product\/bucket-cylinder-for-sumitomo-large-excavator-sh480hd-5\/"},"modified":"2025-01-19T14:13:21","modified_gmt":"2025-01-19T14:13:21","slug":"bucket-cylinder-for-sumitomo-large-excavator-sh480hd-5","status":"publish","type":"product","link":"https:\/\/www.hydraulic-cylinders.net\/et\/toode\/bucket-cylinder-for-sumitomo-large-excavator-sh480hd-5\/","title":{"rendered":"Kopa silinder Sumitomo suurele ekskavaatorile SH480HD-5"},"content":{"rendered":"<h1>Kopa silinder Sumitomo suurele ekskavaatorile SH480HD-5<\/h1>\n<h2>Sissejuhatus<\/h2>\n<p>Kopa silinder on spetsiaalselt loodud h\u00fcdrauliline silinder, mida kasutatakse peamiselt koppade liikumise juhtimiseks rasketes masinates, n\u00e4iteks ekskavaatorites, laadurites ja esilaadurites. Selle peamine \u00fclesanne on v\u00f5imaldada kopa t\u00f5stmist, langetamist ja kallutamist, mist\u00f5ttu on see ideaalne mitmesuguste materjalik\u00e4itlust\u00f6\u00f6de jaoks. H\u00fcdraulilises s\u00fcsteemis juhivad kopa silindrid kopa t\u00e4pset liikumist, kasutades h\u00fcdraulika\u00f5li r\u00f5hu muutusi, v\u00f5imaldades operaatoritel t\u00f5husalt k\u00e4sitseda raskeid koormaid ning kohaneda keerukate t\u00f6\u00f6keskkondade ja mitmekesiste t\u00f6\u00f6n\u00f5uetega.<\/p>\n<p><img decoding=\"async\" src=\"https:\/\/www.hydraulic-cylinders.net\/wp-content\/uploads\/2025\/01\/songte-company-2.webp\" alt=\"Kopa silinder Sumitomo suurele ekskavaatorile SH480HD-5\"><\/p>\n<h2>Omadused<\/h2>\n<ul>\n<li>\n<h3>Suur tugevus ja vastupidavus<\/h3>\n<p>Kopasilindrid on tavaliselt valmistatud \u00fclitugevast terasest v\u00f5i alumiiniumist, mis taluvad k\u00f5rget r\u00f5hku ja suuri koormusi, kohanduvad karmide t\u00f6\u00f6keskkondadega ning on konstrueeritud vastupidavust ja korrosioonikindlust silmas pidades, pikendades nende kasutusiga.<\/p>\n<\/li>\n<li>\n<h3>T\u00f5husad h\u00fcdraulilised toimingud<\/h3>\n<p>Kopasilindrid kasutavad sujuvate pikendus- ja kokkut\u00f5mbumisliigutuste saavutamiseks h\u00fcdraulilist \u00f5lir\u00f5hku, reageerides kiiresti juhtimisk\u00e4sklustele, pakkudes v\u00f5imsaid t\u00f5uke- ja t\u00f5mbej\u00f5ude ning sobides raskete koormate ja keerukate t\u00f6\u00f6\u00fclesannete k\u00e4sitsemiseks.<\/p>\n<\/li>\n<li>\n<h3>Mitmekesised t\u00fc\u00fcbid<\/h3>\n<p>Kopasilindrid v\u00f5ivad olla \u00fche- v\u00f5i kahetoimelised (kasutades h\u00fcdraulilist r\u00f5hku \u00fches v\u00f5i m\u00f5lemas suunas), olenevalt t\u00f6\u00f6vajadustest. M\u00f5ned mudelid on teleskoopilised, v\u00f5imaldades suuremat pikendust ilma v\u00e4lism\u00f5\u00f5tmeid suurendamata, sobides piiratud ruumi rakenduste jaoks.<\/p>\n<\/li>\n<li>\n<h3>Vahetatav<\/h3>\n<p>Meie toode saab neid h\u00fcdrosilindreid ideaalselt asendada.<\/p>\n<\/li>\n<\/ul>\n<p><img decoding=\"async\" src=\"https:\/\/www.hydraulic-cylinders.net\/wp-content\/uploads\/2025\/01\/songte-cylinder-head-with-all-kinds-excavator-models.webp\" alt=\"Kopa silinder Sumitomo suurele ekskavaatorile SH480HD-5\"><\/p>\n<h2>Rakendused<\/h2>\n<p>Kopa silindreid kasutatakse laialdaselt erinevates t\u00f6\u00f6stusharudes, sealhulgas ehitustehnika, p\u00f5llumajandustehnika, ekskavaatorite ja laadurite puhul. Allpool on toodud m\u00f5ned k\u00f5ige levinumad rakendused:<\/p>\n<ul>\n<li>\n<h3>Ehitustehnika<\/h3>\n<p>Ekskavaatorites on need h\u00e4davajalikud pinnase v\u00f5i prahi kaevamiseks, laadimiseks ja teisaldamiseks. Ekskavaator-laadurites aitavad kopasilindrid nii kaevamisel kui ka t\u00f5stmisel. Esilaadurites aitavad need lasti t\u00f5husalt t\u00f5sta ja kallutada.<\/p>\n<\/li>\n<li>\n<h3>P\u00f5llumajandustehnika<\/h3>\n<p>Neid kasutatakse esilaadurites pinnase, heina ja muude materjalide k\u00fchveldamiseks, t\u00f5stmiseks ja transportimiseks.<\/p>\n<\/li>\n<li>\n<h3>Ekskavaatorid<\/h3>\n<p>Kopasilindrid v\u00f5imaldavad kaevamist, lastes ekskavaatori kopal pinnasesse tungida.<\/p>\n<\/li>\n<li>\n<h3>Laadurid<\/h3>\n<p>Esilaadurites aitavad need lasti t\u00f5husalt t\u00f5sta ja maha laadida.<\/p>\n<\/li>\n<\/ul>\n<h2>Projekteerimiskaalutlused ja valikukriteeriumid<\/h2>\n<p>Silindrite valimisel tuleb arvestada mitmete disainiaspektidega, sealhulgas:<\/p>\n<ul>\n<li>\n<h3>Kandev\u00f5ime<\/h3>\n<p>Silindri kandev\u00f5ime peab olema koormusega toimetulekuks piisav, tagades sujuva t\u00f6\u00f6.<\/p>\n<\/li>\n<li>\n<h3>Tihendus<\/h3>\n<p>Lekete v\u00e4ltimiseks ja silindri n\u00f5uetekohase toimimise tagamiseks tuleb kasutada mitmesuguseid tihenduskomponente, n\u00e4iteks kolvitihendeid ja varrastihendeid.<\/p>\n<\/li>\n<li>\n<h3>Vastupidavus<\/h3>\n<p>Silinder peab olema konstrueeritud nii, et see oleks vastupidav karmides keskkonnatingimustes ning korrosiooni- ja kulumiskindel.<\/p>\n<\/li>\n<li>\n<h3>Ohutus<\/h3>\n<p>Kopasilindrid peavad olema konstrueeritud ohutusfunktsioonidega, n\u00e4iteks r\u00f5huvabastusventiilidega, et v\u00e4ltida \u00fclekoormust ja tagada ohutu t\u00f6\u00f6.<\/p>\n<\/li>\n<li>\n<h3>Hooldatavus<\/h3>\n<p>Silinder peab olema konstrueeritud nii, et seda oleks lihtne hooldada, sealhulgas oleks lihtne lahti v\u00f5tta ja kokku panna, komponentidele oleks lihtne juurde p\u00e4\u00e4seda ning osi saaks kiiresti vahetada.<\/p>\n<\/li>\n<\/ul>\n<p><img decoding=\"async\" src=\"https:\/\/www.hydraulic-cylinders.net\/wp-content\/uploads\/2025\/01\/songte-oil-pipes-and-spare-parts.webp\" alt=\"Kopa silinder Sumitomo suurele ekskavaatorile SH480HD-5\"><\/p>\n<h2>Tihendus ja m\u00e4\u00e4rimine<\/h2>\n<p>Lekete v\u00e4ltimiseks ja silindri n\u00f5uetekohase toimimise tagamiseks tuleb kasutada mitmesuguseid tihenduskomponente, n\u00e4iteks kolvitihendeid ja vardatihendeid. Silindri korpus ja keermestatud otsapinnad on peenelt t\u00f6\u00f6deldud, et parandada kulumiskindlust. Lisage silindri m\u00e4\u00e4rimiseks regulaarselt sobivat h\u00fcdraulika\u00f5li.<\/p>\n<h2>Hooldus ja t\u00f5rkeotsing<\/h2>\n<p>Tavalised hooldust\u00f6\u00f6d on regulaarne kontroll, asjakohane m\u00e4\u00e4rimine, tihendite vahetamine ja kalibreerimise kontrollimine. \u00d5ige paigaldamine, m\u00e4\u00e4rimine ja reguleerimine on kopasilindri pika kasutusea tagamiseks h\u00e4davajalikud. Paigaldamise ajal tuleks tagada n\u00f5uetekohane joondamine ja silindri kinnitamiseks kasutada sobivaid paigaldusklambreid.<\/p>\n<p><img decoding=\"async\" src=\"https:\/\/www.hydraulic-cylinders.net\/wp-content\/uploads\/2025\/01\/songte-chushion-collar.webp\" alt=\"Kopa silinder Sumitomo suurele ekskavaatorile SH480HD-5\"><\/p>\n<h2>Ohutuskaalutlused ja keskkonnategurid<\/h2>\n<p>Kopasilindrite kasutamisel on ohutusmeetmed \u00fcliolulised. \u00dclekoormuse v\u00e4ltimiseks ja ohutu t\u00f6\u00f6 tagamiseks tuleks paigaldada ohutusseadised, n\u00e4iteks \u00fcler\u00f5huventiilid. \u00d5lilekke ja keskkonnakahjude v\u00e4ltimiseks tuleb v\u00f5tta asjakohaseid keskkonnakaitsemeetmeid.<\/p>\n<h2>Ettev\u00f5tte tutvustus<\/h2>\n<p>Oleme juhtiv h\u00fcdrauliliste silindrite tootja ja turustaja nii sise- kui ka rahvusvahelisel turul, spetsialiseerudes asendush\u00fcdrauliliste silindrite tootmisele. J\u00e4rgime suurep\u00e4rase kvaliteedi p\u00f5him\u00f5tteid, tuginedes keerukate tootmist\u00f6\u00f6kodade industrialiseeritud tootmisjuhtimise strateegiale. T\u00e4iustame pidevalt oma t\u00f6\u00f6koja tootmisplatvormi, kasutades tehnilisi oskusi, digitaalseid tipptasemel tootmisseadmeid ja professionaalseid testimiss\u00fcsteeme, t\u00e4iustades tootekvaliteedi tootmisliini ning omades tugevaid tootmisv\u00f5imalusi, et rahuldada klientide mitmekesiseid vajadusi suure efektiivsuse, suure t\u00e4psuse ja k\u00f5rge kvaliteediga.<\/p>\n<p><img decoding=\"async\" src=\"https:\/\/hzpt.com\/wp-content\/uploads\/2024\/11\/songte-company-1.webp\" alt=\"Kopa silinder Sumitomo suurele ekskavaatorile SH480HD-5\"><\/p>\n<h3>Professionaalsus<\/h3>\n<p>Meil on h\u00fcdrosilindrite ekspertide meeskond, kes aitab klientidel valida just nende vajadustele vastava silindri.<\/p>\n<h3>Rahvusvaheline sertifitseerimine<\/h3>\n<p>Meie tooted on l\u00e4binud ISO9001: 2008 ja CE sertifikaadi.<\/p>\n<h3>Kohandamise teenused<\/h3>\n<p>Pakume kohandatud teenuseid, et rahuldada erinevate klientide vajadusi ja pakkuda individuaalseid lahendusi.<\/p>\n<h3>Tootmisseadmed<\/h3>\n<p>Oleme varustatud t\u00e4iustatud seadmetega, nagu CNC-masinad, automaatsed keevitusmasinad ja galvaniseerimismasinad, mis vastavad meie klientide mitmekesistele n\u00f5uetele.<\/p>\n<h3>M\u00fc\u00fcgij\u00e4rgne teenindus<\/h3>\n<p>Pakume m\u00fc\u00fcgij\u00e4rgset teenindust, sh remonti ja hooldust, et tagada meie klientide seadmete t\u00f5rgeteta t\u00f6\u00f6.<\/p>\n<p>Autor: lyl<\/p>","protected":false},"excerpt":{"rendered":"<p>Bucket Cylinder For Sumitomo Large Excavator SH480HD-5 Introduction A bucket cylinder is a specially designed hydraulic cylinder used primarily to control the movement of buckets in heavy machinery such as excavators, backhoes, and front-end loaders. Its main function is to enable the bucket to lift, lower, and tilt, making it ideal for various material handling [&hellip;]<\/p>","protected":false},"featured_media":14788,"comment_status":"open","ping_status":"closed","template":"","meta":{"_et_pb_use_builder":"","_et_pb_old_content":"","_et_gb_content_width":""},"product_brand":[],"product_cat":[1494],"product_tag":[1495,1496],"class_list":{"0":"post-15193","1":"product","2":"type-product","3":"status-publish","4":"has-post-thumbnail","6":"product_cat-bucket-cylinders","7":"product_tag-bucket-cylinders","8":"product_tag-hydraulic-cylinders","10":"first","11":"instock","12":"shipping-taxable","13":"product-type-simple"},"amp_enabled":true,"_links":{"self":[{"href":"https:\/\/www.hydraulic-cylinders.net\/et\/wp-json\/wp\/v2\/product\/15193","targetHints":{"allow":["GET"]}}],"collection":[{"href":"https:\/\/www.hydraulic-cylinders.net\/et\/wp-json\/wp\/v2\/product"}],"about":[{"href":"https:\/\/www.hydraulic-cylinders.net\/et\/wp-json\/wp\/v2\/types\/product"}],"replies":[{"embeddable":true,"href":"https:\/\/www.hydraulic-cylinders.net\/et\/wp-json\/wp\/v2\/comments?post=15193"}],"wp:featuredmedia":[{"embeddable":true,"href":"https:\/\/www.hydraulic-cylinders.net\/et\/wp-json\/wp\/v2\/media\/14788"}],"wp:attachment":[{"href":"https:\/\/www.hydraulic-cylinders.net\/et\/wp-json\/wp\/v2\/media?parent=15193"}],"wp:term":[{"taxonomy":"product_brand","embeddable":true,"href":"https:\/\/www.hydraulic-cylinders.net\/et\/wp-json\/wp\/v2\/product_brand?post=15193"},{"taxonomy":"product_cat","embeddable":true,"href":"https:\/\/www.hydraulic-cylinders.net\/et\/wp-json\/wp\/v2\/product_cat?post=15193"},{"taxonomy":"product_tag","embeddable":true,"href":"https:\/\/www.hydraulic-cylinders.net\/et\/wp-json\/wp\/v2\/product_tag?post=15193"}],"curies":[{"name":"wp","href":"https:\/\/api.w.org\/{rel}","templated":true}]}}