{"id":15195,"date":"2025-01-19T14:13:27","date_gmt":"2025-01-19T14:13:27","guid":{"rendered":"https:\/\/www.hydraulic-cylinders.net\/product\/bucket-cylinder-for-jcb-small-excavator-js200sc\/"},"modified":"2025-01-19T14:13:29","modified_gmt":"2025-01-19T14:13:29","slug":"bucket-cylinder-for-jcb-small-excavator-js200sc","status":"publish","type":"product","link":"https:\/\/www.hydraulic-cylinders.net\/et\/toode\/bucket-cylinder-for-jcb-small-excavator-js200sc\/","title":{"rendered":"Kopa silinder JCB v\u00e4ikeekskavaatorile JS200SC"},"content":{"rendered":"<h1>Kopa silinder JCB v\u00e4ikeekskavaatorile JS200SC<\/h1>\n<h2>Sissejuhatus<\/h2>\n<p>JCB v\u00e4ikeekskavaatori JS200SC kopa silinder on spetsiaalselt loodud h\u00fcdrauliline silinder, mida kasutatakse kopa liikumise juhtimiseks rasketes masinates, n\u00e4iteks ekskavaatorites, laadur-ekskavaatorites ja esilaadurites. Selle peamine \u00fclesanne on v\u00f5imaldada kopa t\u00f5stmist, langetamist ja kallutamist, muutes mitmesuguste materjalik\u00e4itlust\u00f6\u00f6de tegemise lihtsamaks. H\u00fcdraulikas\u00fcsteemis juhib kopa silinder kopa t\u00e4pseid liikumisi, muutes h\u00fcdraulika\u00f5li r\u00f5hku, v\u00f5imaldades operaatoritel raskeid koormaid t\u00f5husalt k\u00e4sitseda ning kohaneda keerukate t\u00f6\u00f6keskkondade ja mitmekesiste t\u00f6\u00f6vajadustega.<\/p>\n<p><img decoding=\"async\" src=\"https:\/\/www.hydraulic-cylinders.net\/wp-content\/uploads\/2025\/01\/songte-company-2.webp\" alt=\"\u00c4mbri silinder\"><\/p>\n<h2>Omadused<\/h2>\n<ul>\n<li>Suur tugevus ja vastupidavus: Tavaliselt valmistatud \u00fclitugevast terasest v\u00f5i alumiiniumist, talub k\u00f5rget r\u00f5hku ja suuri koormusi, on kohandatav karmide t\u00f6\u00f6keskkondadega ning on konstrueeritud kulumiskindlust ja korrosioonikindlust silmas pidades, et pikendada kasutusiga.<\/li>\n<li>T\u00f5hus h\u00fcdrauliline t\u00f6\u00f6: Kasutab h\u00fcdraulika\u00f5li r\u00f5hku sujuva pikendus- ja tagasit\u00f5mbamise saavutamiseks, reageerib kiiresti juhtimisk\u00e4sklustele, pakub v\u00f5imsaid t\u00f5uke- ja t\u00f5mbej\u00f5ude, sobib raskete koormate ja keerukate t\u00f6\u00f6\u00fclesannete k\u00e4sitsemiseks.<\/li>\n<li>Erinevad t\u00fc\u00fcbid: vastavalt t\u00f6\u00f6vajadustele saab valida \u00fchetoimelisi (h\u00fcdraulilist r\u00f5hku ainult \u00fches suunas) v\u00f5i kahetoimelisi (h\u00fcdraulilist r\u00f5hku m\u00f5lemas suunas) silindreid. M\u00f5ned mudelid on teleskoopilised, v\u00f5imaldades suuremat pikendamist ilma v\u00e4lism\u00f5\u00f5tmeid suurendamata, sobides piiratud ruumiga rakenduste jaoks.<\/li>\n<li>Vahetatav: Meie toode on nende h\u00fcdrosilindrite ideaalne asendus.<\/li>\n<\/ul>\n<p><img decoding=\"async\" src=\"https:\/\/www.hydraulic-cylinders.net\/wp-content\/uploads\/2025\/01\/songte-cylinder-head-with-all-kinds-excavator-models.webp\" alt=\"\u00c4mbri silinder\"><\/p>\n<h2>Rakendused<\/h2>\n<p>JCB v\u00e4ikeekskavaatori JS200SC kopasilindrit kasutatakse laialdaselt erinevates t\u00f6\u00f6stusharudes, n\u00e4iteks:<\/p>\n<ul>\n<li>Ehitusseadmed: Ekskavaatorites on need h\u00e4davajalikud pinnase v\u00f5i prahi kaevamiseks, laadimiseks ja teisaldamiseks. Ekskavaatoritel aitavad kopasilindrid nii kaevamisel kui ka t\u00f5stmisel. <\/li>\n<li>P\u00f5llumajandusmasinad: Kasutatakse esilaaduritel mulla, heina ja muude materjalide korjamiseks, t\u00f5stmiseks ja transportimiseks. <\/li>\n<li>Ekskavaatorid: Kopasilindrid v\u00f5imaldavad kaevamistoiminguid, lastes kopal pinnasesse tungida. <\/li>\n<li>Laadurid: Esilaadurites aitavad need kaupu t\u00f5husalt t\u00f5sta ja maha laadida. <\/li>\n<\/ul>\n<p>JCB v\u00e4ikeekskavaatori JS200SC kopa silinder on \u00e4\u00e4rmiselt mitmek\u00fclgne, muutes selle oluliseks h\u00fcdrosilindriks erinevates t\u00f6\u00f6stusharudes ja rakendustes.<\/p>\n<h2>Projekteerimiskaalutlused ja valikukriteeriumid<\/h2>\n<p>JCB v\u00e4ikeekskavaatori JS200SC kopasilindri projekteerimisel tuleks arvestada j\u00e4rgmisega:<\/p>\n<ul>\n<li>Kandev\u00f5ime: Silinder peab suutma taluda konkreetse rakenduse jaoks vajalikku kandev\u00f5imet.<\/li>\n<li>Tihendus: H\u00fcdraulikavedeliku lekke v\u00e4ltimiseks kasutatakse mitmesuguseid tihendeid, n\u00e4iteks kolvitihendeid, vardatihendeid ja muid.<\/li>\n<li>Vastupidavus: Valmistatud \u00fclitugevatest materjalidest ja pinnat\u00f6\u00f6tlusega, et muuta need kulumis- ja korrosioonikindlaks.<\/li>\n<li>Ohutus: Projekteeritud ohutusfunktsioonidega, n\u00e4iteks r\u00f5hukaitseventiilidega, et v\u00e4ltida \u00fclekoormust ja ootamatuid \u00f5nnetusi.<\/li>\n<li>Hooldatavus: Projekteeritud hooldust silmas pidades, v\u00f5imaldades osadele h\u00f5lpsat juurdep\u00e4\u00e4su ja nende vahetamist.<\/li>\n<\/ul>\n<p><img decoding=\"async\" src=\"https:\/\/www.hydraulic-cylinders.net\/wp-content\/uploads\/2025\/01\/songte-oil-pipes-and-spare-parts.webp\" alt=\"\u00c4mbri silinder\"><\/p>\n<h2>Tihendus ja m\u00e4\u00e4rimine<\/h2>\n<p>JCB v\u00e4ikeekskavaatori JS200SC kopasilindris kasutatakse mitmesuguseid tihendeid, sh kolvi- ja vardatihendeid, mis on valmistatud kulumiskindlatest materjalidest, n\u00e4iteks pol\u00fcuretaanist ja nitriilkummist. Silindri korpus ja keermestatud otsapinnad on peenelt t\u00f6\u00f6deldud, et parandada kulumiskindlust. Silindri sujuva ja t\u00f5husa t\u00f6\u00f6 tagamiseks on vajalik regulaarne m\u00e4\u00e4rimine h\u00fcdraulika\u00f5liga.<\/p>\n<p><img decoding=\"async\" src=\"https:\/\/www.hydraulic-cylinders.net\/wp-content\/uploads\/2025\/01\/songte-chushion-collar.webp\" alt=\"\u00c4mbri silinder\"><\/p>\n<h2>Kontroll ja ennetav hooldus<\/h2>\n<p>JCB v\u00e4ikeekskavaatori JS200SC kopasilindri sujuva t\u00f6\u00f6 tagamiseks on regulaarne kontroll ja ennetav hooldus \u00fcliolulised. M\u00f5ned levinumad hooldust\u00f6\u00f6d on j\u00e4rgmised:<\/p>\n<ul>\n<li>Silindri regulaarne kontroll kulumis- ja kahjustuste tunnuste suhtes.<\/li>\n<li>Silindri regulaarne m\u00e4\u00e4rimine h\u00fcdraulika\u00f5liga.<\/li>\n<li>Tihendite vahetamine ja kalibreerimiskontrollid.<\/li>\n<\/ul>\n<p>Kopasilindri pikaealisuse tagamiseks on oluline \u00f5ige paigaldamine, m\u00e4\u00e4rimine ja reguleerimine. Silindri eluiga v\u00f5ib pikendada ka sobivate kinnitusklambrite kasutamine silindri kinnitamiseks ja soovitatud kontrolli-, remondi- ja vahetusprotseduuride j\u00e4rgimine.<\/p>\n<h2>Ohutuskaalutlused ja keskkonnategurid<\/h2>\n<p>JCB v\u00e4ikeekskavaatori JS200SC kopasilindri kasutamisel on oluline j\u00e4rgida ohutusn\u00f5udeid, n\u00e4iteks kanda sobivaid isikukaitsevahendeid ja j\u00e4rgida soovitatud ohutusjuhiseid. Lisaks tuleks paigaldamise ja kasutamise ajal arvesse v\u00f5tta keskkonnategureid, nagu temperatuur ja niiskus.<\/p>\n<p><img decoding=\"async\" src=\"https:\/\/www.hydraulic-cylinders.net\/wp-content\/uploads\/2025\/01\/songte-bushings-with-all-kinds-of-excavator-models.webp\" alt=\"\u00c4mbri silinder\"><\/p>\n<h2>Veaotsing ja levinud probleemid<\/h2>\n<p>JCB v\u00e4ikeekskavaatori JS200SC kopasilindri probleemide korral on oluline probleem diagnoosida ja v\u00f5tta asjakohased parandusmeetmed. M\u00f5ned levinud probleemid on j\u00e4rgmised:<\/p>\n<ul>\n<li>H\u00fcdraulikavedeliku leke kulunud tihendite v\u00f5i kahjustatud pindade t\u00f5ttu.<\/li>\n<li>Madala h\u00fcdraulilise r\u00f5hu v\u00f5i ummistunud \u00f5lifiltrite t\u00f5ttu v\u00e4henenud j\u00f5udlus.<\/li>\n<li>Liigne vibratsioon v\u00f5i m\u00fcra kulunud laagrite v\u00f5i lahtiste osade t\u00f5ttu.<\/li>\n<\/ul>\n<p>Regulaarne kontroll, n\u00f5uetekohane m\u00e4\u00e4rimine ja hooldus aitavad selliseid probleeme v\u00e4ltida, tagades JCB v\u00e4ikeekskavaatori JS200SC kopasilindri sujuva ja t\u00f5husa t\u00f6\u00f6.<\/p>\n<h2>Meie ettev\u00f5ttest<\/h2>\n<p>Oleme juhtiv h\u00fcdrauliliste silindrite tootja ja hulgim\u00fc\u00fcja, sh JCB v\u00e4ikeekskavaatori JS200SC kopasilindrite tootja ja hulgim\u00fc\u00fcja. Meie tootevalik on mitmekesine ning me oleme p\u00fchendunud tippkvaliteedile ja klientide rahulolule.<\/p>\n<p>Meie ettev\u00f5ttel on tipptasemel tootmist\u00f6\u00f6koda ning me kasutame tipptehnoloogiat ja professionaalseid testimiss\u00fcsteeme tootmise efektiivsuse ja tootekvaliteedi parandamiseks. Pakume klientide mitmekesiste vajaduste rahuldamiseks kohandatud teenuseid. Meie tooted on rahvusvaheliselt sertifitseeritud ja pakume klientide rahulolu tagamiseks igak\u00fclgset m\u00fc\u00fcgij\u00e4rgset teenindust.<\/p>\n<p><img decoding=\"async\" src=\"https:\/\/hzpt.com\/wp-content\/uploads\/2024\/11\/songte-company-1.webp\" alt=\"Ettev\u00f5tte kuvand\"><\/p>\n<p>T\u00e4name teid meie toodete valimise eest. Lisateabe saamiseks v\u00f5tke meiega \u00fchendust.<\/p>\n<p>Autor: lyl<\/p>","protected":false},"excerpt":{"rendered":"<p>Bucket Cylinder For JCB Small Excavator JS200SC Introduction The bucket cylinder for JCB small excavator JS200SC is a specially designed hydraulic cylinder used for controlling the movement of the bucket in heavy machinery such as excavators, backhoe excavators, and front-end loaders. Its main function is to enable the bucket to lift, lower, and tilt, making [&hellip;]<\/p>","protected":false},"featured_media":14785,"comment_status":"open","ping_status":"closed","template":"","meta":{"_et_pb_use_builder":"","_et_pb_old_content":"","_et_gb_content_width":""},"product_brand":[],"product_cat":[1494],"product_tag":[1495,1496],"class_list":{"0":"post-15195","1":"product","2":"type-product","3":"status-publish","4":"has-post-thumbnail","6":"product_cat-bucket-cylinders","7":"product_tag-bucket-cylinders","8":"product_tag-hydraulic-cylinders","10":"first","11":"instock","12":"shipping-taxable","13":"product-type-simple"},"amp_enabled":true,"_links":{"self":[{"href":"https:\/\/www.hydraulic-cylinders.net\/et\/wp-json\/wp\/v2\/product\/15195","targetHints":{"allow":["GET"]}}],"collection":[{"href":"https:\/\/www.hydraulic-cylinders.net\/et\/wp-json\/wp\/v2\/product"}],"about":[{"href":"https:\/\/www.hydraulic-cylinders.net\/et\/wp-json\/wp\/v2\/types\/product"}],"replies":[{"embeddable":true,"href":"https:\/\/www.hydraulic-cylinders.net\/et\/wp-json\/wp\/v2\/comments?post=15195"}],"wp:featuredmedia":[{"embeddable":true,"href":"https:\/\/www.hydraulic-cylinders.net\/et\/wp-json\/wp\/v2\/media\/14785"}],"wp:attachment":[{"href":"https:\/\/www.hydraulic-cylinders.net\/et\/wp-json\/wp\/v2\/media?parent=15195"}],"wp:term":[{"taxonomy":"product_brand","embeddable":true,"href":"https:\/\/www.hydraulic-cylinders.net\/et\/wp-json\/wp\/v2\/product_brand?post=15195"},{"taxonomy":"product_cat","embeddable":true,"href":"https:\/\/www.hydraulic-cylinders.net\/et\/wp-json\/wp\/v2\/product_cat?post=15195"},{"taxonomy":"product_tag","embeddable":true,"href":"https:\/\/www.hydraulic-cylinders.net\/et\/wp-json\/wp\/v2\/product_tag?post=15195"}],"curies":[{"name":"wp","href":"https:\/\/api.w.org\/{rel}","templated":true}]}}